{"id":9555,"date":"2025-01-13T12:46:15","date_gmt":"2025-01-13T20:46:15","guid":{"rendered":"https:\/\/moldearte.com\/?post_type=product&#038;p=9555"},"modified":"2026-01-12T13:23:58","modified_gmt":"2026-01-12T21:23:58","slug":"tratamiento-aga-para-el-aumento-de-gluteos","status":"publish","type":"product","link":"https:\/\/moldearte.com\/en\/tratamiento\/tratamiento-aga-para-el-aumento-de-gluteos\/","title":{"rendered":"AGA TREATMENT FOR BUTTOCK AUGMENTATION"},"content":{"rendered":"<h4>\u00bfQui\u00e9n es candidato ideal para el tratamiento? \ud83c\udf3c<\/h4>\n<p>Este tratamiento est\u00e1 indicado para personas que desean mejorar la forma, volumen y tonicidad de sus gl\u00fateos sin recurrir a cirug\u00eda. Es perfecto para quienes buscan realzar su figura de forma natural, de manera segura y con resultados visibles r\u00e1pidamente.<\/p>\n<h4>\u00bfEdad o tipo de piel ideal? \ud83c\udf1e<\/h4>\n<p>El aumento de gl\u00fateos con Peptona MCL es adecuado para adultos de cualquier edad que deseen darle m\u00e1s volumen y definici\u00f3n a sus gl\u00fateos. Funciona bien en todo tipo de piel, especialmente para quienes desean un aumento sutil y natural sin recurrir a procedimientos invasivos.<\/p>\n<h4>Principales beneficios del tratamiento \ud83d\udc8e\u2728<\/h4>\n<ol>\n<li><strong>Aumento natural de volumen<\/strong>: Mejora el contorno y volumen de los gl\u00fateos, logrando una figura m\u00e1s definida y proporcionada.<\/li>\n<li><strong>Tratamiento no invasivo<\/strong>: No requiere cirug\u00eda ni tiempos largos de recuperaci\u00f3n, lo que hace que sea un tratamiento c\u00f3modo y r\u00e1pido.<\/li>\n<li><strong>Resultados inmediatos<\/strong>: Los efectos del tratamiento son visibles de manera casi inmediata, proporcionando un contorno m\u00e1s redondeado y firme.<\/li>\n<li><strong>Firmeza y elasticidad<\/strong>: La Peptona MCL no solo aumenta el volumen, sino que tambi\u00e9n mejora la firmeza y tonicidad de la piel en la zona tratada.<\/li>\n<li><strong>Resultados duraderos<\/strong>: Los efectos son naturales y duraderos, brindando un realce de los gl\u00fateos que se mantiene por varios meses, dependiendo de cada persona.<\/li>\n<\/ol>","protected":false},"excerpt":{"rendered":"<p>\u00bfTe gustar\u00eda obtener unos gl\u00fateos m\u00e1s firmes, voluminosos y definidos sin cirug\u00eda? \u2728 El aumento de gl\u00fateos con Peptona MCL es la soluci\u00f3n perfecta para lograr un contorno m\u00e1s armonioso y esculpido, de manera natural y sin dolor. \u00a1Realza tu figura con este tratamiento no invasivo y siente la diferencia! \ud83d\udc96\ud83c\udf1f<\/p>\n<h4>\u00bfQu\u00e9 incluye el tratamiento? \ud83d\udc96<\/h4>\n<p>Una aplicaci\u00f3n de 4 Peptona MCL en gl\u00fateos.<br \/>\n<span style=\"color: #ff914d;\"><strong>*Cuenta con 60 d\u00edas para realizarse el tratamiento a partir de su compra<\/strong><\/span><\/p>","protected":false},"featured_media":332,"template":"","meta":[],"product_brand":[],"product_cat":[269,28],"product_tag":[],"giftcard-category":[],"class_list":{"0":"post-9555","1":"product","2":"type-product","3":"status-publish","4":"has-post-thumbnail","6":"product_cat-bikinazo","7":"product_cat-txcorporales","9":"first","10":"instock","11":"sale","12":"virtual","13":"purchasable","14":"product-type-simple"},"yoast_head":"<!-- This site is optimized with the Yoast SEO Premium plugin v27.2 (Yoast SEO v27.3) - https:\/\/yoast.com\/product\/yoast-seo-premium-wordpress\/ -->\n<title>TRATAMIENTO AGA PARA EL AUMENTO DE GL\u00daTEOS - MoldeArte | L\u00edderes en Medicina Est\u00e9tica en Tijuana y Rosarito<\/title>\n<meta name=\"robots\" content=\"index, follow, max-snippet:-1, max-image-preview:large, max-video-preview:-1\" \/>\n<link rel=\"canonical\" href=\"https:\/\/moldearte.com\/en\/tratamiento\/tratamiento-aga-para-el-aumento-de-gluteos\/\" \/>\n<meta property=\"og:locale\" content=\"en_US\" \/>\n<meta property=\"og:type\" content=\"article\" \/>\n<meta property=\"og:title\" content=\"TRATAMIENTO AGA PARA EL AUMENTO DE GL\u00daTEOS\" \/>\n<meta property=\"og:description\" content=\"\u00bfTe gustar\u00eda obtener unos gl\u00fateos m\u00e1s firmes, voluminosos y definidos sin cirug\u00eda? \u2728 El aumento de gl\u00fateos con Peptona MCL es la soluci\u00f3n perfecta para lograr un contorno m\u00e1s armonioso y esculpido, de manera natural y sin dolor. \u00a1Realza tu figura con este tratamiento no invasivo y siente la diferencia! \ud83d\udc96\ud83c\udf1f \u00bfQu\u00e9 incluye el tratamiento? \ud83d\udc96 Una aplicaci\u00f3n de 4 Peptona MCL en gl\u00fateos. *Cuenta con 60 d\u00edas para realizarse el tratamiento a partir de su compra\" \/>\n<meta property=\"og:url\" content=\"https:\/\/moldearte.com\/en\/tratamiento\/tratamiento-aga-para-el-aumento-de-gluteos\/\" \/>\n<meta property=\"og:site_name\" content=\"MoldeArte | L\u00edderes en Medicina Est\u00e9tica en Tijuana y Rosarito\" \/>\n<meta property=\"article:modified_time\" content=\"2026-01-12T21:23:58+00:00\" \/>\n<meta property=\"og:image\" content=\"https:\/\/moldearte.com\/wp-content\/uploads\/2023\/01\/aga-aumento-gluteos.png\" \/>\n\t<meta property=\"og:image:width\" content=\"1080\" \/>\n\t<meta property=\"og:image:height\" content=\"1080\" \/>\n\t<meta property=\"og:image:type\" content=\"image\/png\" \/>\n<meta name=\"twitter:card\" content=\"summary_large_image\" \/>\n<meta name=\"twitter:label1\" content=\"Price\" \/>\n\t<meta name=\"twitter:data1\" content=\"&#036;3,500.00\" \/>\n\t<meta name=\"twitter:label2\" content=\"Availability\" \/>\n\t<meta name=\"twitter:data2\" content=\"In stock\" \/>\n<script type=\"application\/ld+json\" class=\"yoast-schema-graph\">{\"@context\":\"https:\\\/\\\/schema.org\",\"@graph\":[{\"@type\":\"WebPage\",\"@id\":\"https:\\\/\\\/moldearte.com\\\/tratamiento\\\/tratamiento-aga-para-el-aumento-de-gluteos\\\/\",\"url\":\"https:\\\/\\\/moldearte.com\\\/tratamiento\\\/tratamiento-aga-para-el-aumento-de-gluteos\\\/\",\"name\":\"TRATAMIENTO AGA PARA EL AUMENTO DE GL\u00daTEOS - MoldeArte | L\u00edderes en Medicina Est\u00e9tica en Tijuana y Rosarito\",\"isPartOf\":{\"@id\":\"https:\\\/\\\/moldearte.com\\\/#website\"},\"primaryImageOfPage\":{\"@id\":\"https:\\\/\\\/moldearte.com\\\/tratamiento\\\/tratamiento-aga-para-el-aumento-de-gluteos\\\/#primaryimage\"},\"image\":{\"@id\":\"https:\\\/\\\/moldearte.com\\\/tratamiento\\\/tratamiento-aga-para-el-aumento-de-gluteos\\\/#primaryimage\"},\"thumbnailUrl\":\"https:\\\/\\\/moldearte.com\\\/wp-content\\\/uploads\\\/2023\\\/01\\\/aga-aumento-gluteos.png\",\"datePublished\":\"2025-01-13T20:46:15+00:00\",\"dateModified\":\"2026-01-12T21:23:58+00:00\",\"breadcrumb\":{\"@id\":\"https:\\\/\\\/moldearte.com\\\/tratamiento\\\/tratamiento-aga-para-el-aumento-de-gluteos\\\/#breadcrumb\"},\"inLanguage\":\"en-US\",\"potentialAction\":[{\"@type\":\"ReadAction\",\"target\":[\"https:\\\/\\\/moldearte.com\\\/tratamiento\\\/tratamiento-aga-para-el-aumento-de-gluteos\\\/\"]}]},{\"@type\":\"ImageObject\",\"inLanguage\":\"en-US\",\"@id\":\"https:\\\/\\\/moldearte.com\\\/tratamiento\\\/tratamiento-aga-para-el-aumento-de-gluteos\\\/#primaryimage\",\"url\":\"https:\\\/\\\/moldearte.com\\\/wp-content\\\/uploads\\\/2023\\\/01\\\/aga-aumento-gluteos.png\",\"contentUrl\":\"https:\\\/\\\/moldearte.com\\\/wp-content\\\/uploads\\\/2023\\\/01\\\/aga-aumento-gluteos.png\",\"width\":1080,\"height\":1080,\"caption\":\"\u00danete al reto Bodylicious \ud83c\udf51\"},{\"@type\":\"BreadcrumbList\",\"@id\":\"https:\\\/\\\/moldearte.com\\\/tratamiento\\\/tratamiento-aga-para-el-aumento-de-gluteos\\\/#breadcrumb\",\"itemListElement\":[{\"@type\":\"ListItem\",\"position\":1,\"name\":\"Portada\",\"item\":\"https:\\\/\\\/moldearte.com\\\/\"},{\"@type\":\"ListItem\",\"position\":2,\"name\":\"Tienda\",\"item\":\"https:\\\/\\\/moldearte.com\\\/en\\\/tienda\\\/\"},{\"@type\":\"ListItem\",\"position\":3,\"name\":\"TRATAMIENTO AGA PARA EL AUMENTO DE GL\u00daTEOS\"}]},{\"@type\":\"WebSite\",\"@id\":\"https:\\\/\\\/moldearte.com\\\/#website\",\"url\":\"https:\\\/\\\/moldearte.com\\\/\",\"name\":\"MoldeArte | L\u00edderes en Medicina Est\u00e9tica en Tijuana y Rosarito\",\"description\":\"Rejuvenecimiento Facial y corporal sin cirug\u00eda\",\"publisher\":{\"@id\":\"https:\\\/\\\/moldearte.com\\\/#organization\"},\"potentialAction\":[{\"@type\":\"SearchAction\",\"target\":{\"@type\":\"EntryPoint\",\"urlTemplate\":\"https:\\\/\\\/moldearte.com\\\/?s={search_term_string}\"},\"query-input\":{\"@type\":\"PropertyValueSpecification\",\"valueRequired\":true,\"valueName\":\"search_term_string\"}}],\"inLanguage\":\"en-US\"},{\"@type\":\"Organization\",\"@id\":\"https:\\\/\\\/moldearte.com\\\/#organization\",\"name\":\"MoldeArte | L\u00edderes en Medicina Est\u00e9tica en Tijuana y Rosarito\",\"url\":\"https:\\\/\\\/moldearte.com\\\/\",\"logo\":{\"@type\":\"ImageObject\",\"inLanguage\":\"en-US\",\"@id\":\"https:\\\/\\\/moldearte.com\\\/#\\\/schema\\\/logo\\\/image\\\/\",\"url\":\"https:\\\/\\\/moldearte.com\\\/wp-content\\\/uploads\\\/2023\\\/01\\\/cropped-cropped-rejuvenecimiento-facial-sin-cirugia-tijuana.png\",\"contentUrl\":\"https:\\\/\\\/moldearte.com\\\/wp-content\\\/uploads\\\/2023\\\/01\\\/cropped-cropped-rejuvenecimiento-facial-sin-cirugia-tijuana.png\",\"width\":3255,\"height\":1059,\"caption\":\"MoldeArte | L\u00edderes en Medicina Est\u00e9tica en Tijuana y Rosarito\"},\"image\":{\"@id\":\"https:\\\/\\\/moldearte.com\\\/#\\\/schema\\\/logo\\\/image\\\/\"}}]}<\/script>\n<meta property=\"product:price:amount\" content=\"3500.00\" \/>\n<meta property=\"product:price:currency\" content=\"MXN\" \/>\n<meta property=\"og:availability\" content=\"instock\" \/>\n<meta property=\"product:availability\" content=\"instock\" \/>\n<meta property=\"product:condition\" content=\"new\" \/>\n<!-- \/ Yoast SEO Premium plugin. -->","yoast_head_json":{"title":"TRATAMIENTO AGA PARA EL AUMENTO DE GL\u00daTEOS - MoldeArte | L\u00edderes en Medicina Est\u00e9tica en Tijuana y Rosarito","robots":{"index":"index","follow":"follow","max-snippet":"max-snippet:-1","max-image-preview":"max-image-preview:large","max-video-preview":"max-video-preview:-1"},"canonical":"https:\/\/moldearte.com\/en\/tratamiento\/tratamiento-aga-para-el-aumento-de-gluteos\/","og_locale":"en_US","og_type":"article","og_title":"TRATAMIENTO AGA PARA EL AUMENTO DE GL\u00daTEOS","og_description":"\u00bfTe gustar\u00eda obtener unos gl\u00fateos m\u00e1s firmes, voluminosos y definidos sin cirug\u00eda? \u2728 El aumento de gl\u00fateos con Peptona MCL es la soluci\u00f3n perfecta para lograr un contorno m\u00e1s armonioso y esculpido, de manera natural y sin dolor. \u00a1Realza tu figura con este tratamiento no invasivo y siente la diferencia! \ud83d\udc96\ud83c\udf1f \u00bfQu\u00e9 incluye el tratamiento? \ud83d\udc96 Una aplicaci\u00f3n de 4 Peptona MCL en gl\u00fateos. *Cuenta con 60 d\u00edas para realizarse el tratamiento a partir de su compra","og_url":"https:\/\/moldearte.com\/en\/tratamiento\/tratamiento-aga-para-el-aumento-de-gluteos\/","og_site_name":"MoldeArte | L\u00edderes en Medicina Est\u00e9tica en Tijuana y Rosarito","article_modified_time":"2026-01-12T21:23:58+00:00","og_image":[{"width":1080,"height":1080,"url":"https:\/\/moldearte.com\/wp-content\/uploads\/2023\/01\/aga-aumento-gluteos.png","type":"image\/png"}],"twitter_card":"summary_large_image","twitter_misc":{"Price":"&#36;3,500.00","Availability":"In stock"},"schema":{"@context":"https:\/\/schema.org","@graph":[{"@type":"WebPage","@id":"https:\/\/moldearte.com\/tratamiento\/tratamiento-aga-para-el-aumento-de-gluteos\/","url":"https:\/\/moldearte.com\/tratamiento\/tratamiento-aga-para-el-aumento-de-gluteos\/","name":"TRATAMIENTO AGA PARA EL AUMENTO DE GL\u00daTEOS - MoldeArte | L\u00edderes en Medicina Est\u00e9tica en Tijuana y Rosarito","isPartOf":{"@id":"https:\/\/moldearte.com\/#website"},"primaryImageOfPage":{"@id":"https:\/\/moldearte.com\/tratamiento\/tratamiento-aga-para-el-aumento-de-gluteos\/#primaryimage"},"image":{"@id":"https:\/\/moldearte.com\/tratamiento\/tratamiento-aga-para-el-aumento-de-gluteos\/#primaryimage"},"thumbnailUrl":"https:\/\/moldearte.com\/wp-content\/uploads\/2023\/01\/aga-aumento-gluteos.png","datePublished":"2025-01-13T20:46:15+00:00","dateModified":"2026-01-12T21:23:58+00:00","breadcrumb":{"@id":"https:\/\/moldearte.com\/tratamiento\/tratamiento-aga-para-el-aumento-de-gluteos\/#breadcrumb"},"inLanguage":"en-US","potentialAction":[{"@type":"ReadAction","target":["https:\/\/moldearte.com\/tratamiento\/tratamiento-aga-para-el-aumento-de-gluteos\/"]}]},{"@type":"ImageObject","inLanguage":"en-US","@id":"https:\/\/moldearte.com\/tratamiento\/tratamiento-aga-para-el-aumento-de-gluteos\/#primaryimage","url":"https:\/\/moldearte.com\/wp-content\/uploads\/2023\/01\/aga-aumento-gluteos.png","contentUrl":"https:\/\/moldearte.com\/wp-content\/uploads\/2023\/01\/aga-aumento-gluteos.png","width":1080,"height":1080,"caption":"\u00danete al reto Bodylicious \ud83c\udf51"},{"@type":"BreadcrumbList","@id":"https:\/\/moldearte.com\/tratamiento\/tratamiento-aga-para-el-aumento-de-gluteos\/#breadcrumb","itemListElement":[{"@type":"ListItem","position":1,"name":"Portada","item":"https:\/\/moldearte.com\/"},{"@type":"ListItem","position":2,"name":"Tienda","item":"https:\/\/moldearte.com\/en\/tienda\/"},{"@type":"ListItem","position":3,"name":"TRATAMIENTO AGA PARA EL AUMENTO DE GL\u00daTEOS"}]},{"@type":"WebSite","@id":"https:\/\/moldearte.com\/#website","url":"https:\/\/moldearte.com\/","name":"MoldeArte | L\u00edderes en Medicina Est\u00e9tica en Tijuana y Rosarito","description":"Rejuvenecimiento Facial y corporal sin cirug\u00eda","publisher":{"@id":"https:\/\/moldearte.com\/#organization"},"potentialAction":[{"@type":"SearchAction","target":{"@type":"EntryPoint","urlTemplate":"https:\/\/moldearte.com\/?s={search_term_string}"},"query-input":{"@type":"PropertyValueSpecification","valueRequired":true,"valueName":"search_term_string"}}],"inLanguage":"en-US"},{"@type":"Organization","@id":"https:\/\/moldearte.com\/#organization","name":"MoldeArte | L\u00edderes en Medicina Est\u00e9tica en Tijuana y Rosarito","url":"https:\/\/moldearte.com\/","logo":{"@type":"ImageObject","inLanguage":"en-US","@id":"https:\/\/moldearte.com\/#\/schema\/logo\/image\/","url":"https:\/\/moldearte.com\/wp-content\/uploads\/2023\/01\/cropped-cropped-rejuvenecimiento-facial-sin-cirugia-tijuana.png","contentUrl":"https:\/\/moldearte.com\/wp-content\/uploads\/2023\/01\/cropped-cropped-rejuvenecimiento-facial-sin-cirugia-tijuana.png","width":3255,"height":1059,"caption":"MoldeArte | L\u00edderes en Medicina Est\u00e9tica en Tijuana y Rosarito"},"image":{"@id":"https:\/\/moldearte.com\/#\/schema\/logo\/image\/"}}]},"product_price_amount":"3500.00","product_price_currency":"MXN","og_availability":"instock","product_availability":"instock","product_condition":"new"},"_links":{"self":[{"href":"https:\/\/moldearte.com\/en\/wp-json\/wp\/v2\/product\/9555","targetHints":{"allow":["GET"]}}],"collection":[{"href":"https:\/\/moldearte.com\/en\/wp-json\/wp\/v2\/product"}],"about":[{"href":"https:\/\/moldearte.com\/en\/wp-json\/wp\/v2\/types\/product"}],"wp:featuredmedia":[{"embeddable":true,"href":"https:\/\/moldearte.com\/en\/wp-json\/wp\/v2\/media\/332"}],"wp:attachment":[{"href":"https:\/\/moldearte.com\/en\/wp-json\/wp\/v2\/media?parent=9555"}],"wp:term":[{"taxonomy":"product_brand","embeddable":true,"href":"https:\/\/moldearte.com\/en\/wp-json\/wp\/v2\/product_brand?post=9555"},{"taxonomy":"product_cat","embeddable":true,"href":"https:\/\/moldearte.com\/en\/wp-json\/wp\/v2\/product_cat?post=9555"},{"taxonomy":"product_tag","embeddable":true,"href":"https:\/\/moldearte.com\/en\/wp-json\/wp\/v2\/product_tag?post=9555"},{"taxonomy":"giftcard-category","embeddable":true,"href":"https:\/\/moldearte.com\/en\/wp-json\/wp\/v2\/giftcard-category?post=9555"}],"curies":[{"name":"wp","href":"https:\/\/api.w.org\/{rel}","templated":true}]}}