{"id":9545,"date":"2025-01-13T12:17:55","date_gmt":"2025-01-13T20:17:55","guid":{"rendered":"https:\/\/moldearte.com\/?post_type=product&#038;p=9545"},"modified":"2026-03-23T16:59:15","modified_gmt":"2026-03-23T23:59:15","slug":"glowsculp-plla","status":"publish","type":"product","link":"https:\/\/moldearte.com\/en\/tratamiento\/glowsculp-plla\/","title":{"rendered":"GLOWSCULP PLLA\u00ae BIOSTIMULATOR"},"content":{"rendered":"<h3 data-start=\"254\" data-end=\"299\">\u00bfQui\u00e9n es candidato a este tratamiento?<\/h3>\n<p data-start=\"300\" data-end=\"410\">Personas que desean tratar flacidez, p\u00e9rdida de volumen o falta de firmeza, sin recurrir a cirug\u00edas invasivas.<\/p>\n<h3 data-start=\"412\" data-end=\"471\">Edad o tipo de piel ideal para realizarse el servicio<\/h3>\n<p data-start=\"472\" data-end=\"586\">Ideal a partir de los 30 a\u00f1os, en pieles que comienzan a mostrar signos de envejecimiento o p\u00e9rdida de estructura.<\/p>\n<h3 data-start=\"588\" data-end=\"638\">Los principales 5 beneficios del tratamiento<\/h3>\n<p data-start=\"639\" data-end=\"868\">\ud83d\udc96 Estimula la producci\u00f3n natural de col\u00e1geno<br data-start=\"684\" data-end=\"687\" \/>\ud83c\udf1f Recupera volumen facial de forma progresiva<br data-start=\"733\" data-end=\"736\" \/>\ud83d\udca7 Mejora la elasticidad y firmeza de la piel<br data-start=\"781\" data-end=\"784\" \/>\ud83c\udfaf Define el contorno del rostro<br data-start=\"816\" data-end=\"819\" \/>\ud83d\udd52 Resultados duraderos y apariencia rejuvenecida<\/p>\n<p data-start=\"870\" data-end=\"947\" data-is-last-node=\"\" data-is-only-node=\"\">\u00a1Perfecto para quienes buscan una mejora natural y armoniosa en su piel! \ud83d\udcab\ud83d\udc95<\/p>","protected":false},"excerpt":{"rendered":"<p>\u00a1Reactiva tu col\u00e1geno y redefine tu rostro con GlowSculp PLLA\u00ae! \u2728\ud83d\udc89\ud83d\udc86\u200d\u2640\ufe0f<\/p>\n<p>Este bioestimulador a base de \u00c1cido Poli-L-L\u00e1ctico ayuda a recuperar el volumen facial perdido, mejorar la firmeza y lograr un efecto lifting natural y progresivo.<\/p>\n<h4>\u00bfQu\u00e9 incluye el tratamiento? \ud83d\udc96<\/h4>\n<p>Una jeringuilla de Bioestimulador GlowSculp PLLA\u00ae en rostro. <strong>+ \ud83c\udf81 GRATIS APLICACI\u00d3N DE TOXINA BOTUL\u00cdNICA ELOTOX\u00ae EN ANTIFAZ<br \/>\n<span style=\"color: #0072bb;\">(El regalo se incluir\u00e1 al momento de a\u00f1adir este tratamiento al carrito)<\/span><\/strong><br \/>\n<span style=\"color: #c02c30;\"><strong>\ud83d\udcb8 Precio pagando en efectivo en sucursal: $8,300 MXN. (v\u00e1lido hasta el 22 de marzo al 4 de abril del 2026)<br \/>\n<\/strong><\/span><span class=\"fontstyle0\"><span style=\"color: #ff914d;\"><strong>*Cuenta con 60 d\u00edas para realizarse el tratamiento a partir de su compra<\/strong><\/span><\/span><\/p>","protected":false},"featured_media":9543,"template":"","meta":[],"product_brand":[],"product_cat":[240,262,23,26],"product_tag":[],"giftcard-category":[],"class_list":{"0":"post-9545","1":"product","2":"type-product","3":"status-publish","4":"has-post-thumbnail","6":"product_cat-anti-flacidez","7":"product_cat-promosmedicas","8":"product_cat-rejuvenecimientosincirugia","9":"product_cat-txmedicos","11":"first","12":"instock","13":"sale","14":"virtual","15":"purchasable","16":"product-type-simple"},"yoast_head":"<!-- This site is optimized with the Yoast SEO Premium plugin v27.2 (Yoast SEO v27.3) - https:\/\/yoast.com\/product\/yoast-seo-premium-wordpress\/ -->\n<title>BIOESTIMULADOR CON GLOWSCULP PLLA\u00ae - MoldeArte | L\u00edderes en Medicina Est\u00e9tica en Tijuana y Rosarito<\/title>\n<meta name=\"robots\" content=\"index, follow, max-snippet:-1, max-image-preview:large, max-video-preview:-1\" \/>\n<link rel=\"canonical\" href=\"https:\/\/moldearte.com\/en\/tratamiento\/glowsculp-plla\/\" \/>\n<meta property=\"og:locale\" content=\"en_US\" \/>\n<meta property=\"og:type\" content=\"article\" \/>\n<meta property=\"og:title\" content=\"BIOESTIMULADOR CON GLOWSCULP PLLA\u00ae\" \/>\n<meta property=\"og:description\" content=\"\u00a1Reactiva tu col\u00e1geno y redefine tu rostro con GlowSculp PLLA\u00ae! \u2728\ud83d\udc89\ud83d\udc86\u200d\u2640\ufe0f  Este bioestimulador a base de \u00c1cido Poli-L-L\u00e1ctico ayuda a recuperar el volumen facial perdido, mejorar la firmeza y lograr un efecto lifting natural y progresivo. \u00bfQu\u00e9 incluye el tratamiento? \ud83d\udc96 Una jeringuilla de Bioestimulador GlowSculp PLLA\u00ae en rostro. + \ud83c\udf81 GRATIS APLICACI\u00d3N DE TOXINA BOTUL\u00cdNICA ELOTOX\u00ae EN ANTIFAZ (El regalo se incluir\u00e1 al momento de a\u00f1adir este tratamiento al carrito) \ud83d\udcb8 Precio pagando en efectivo en sucursal: $8,300 MXN. (v\u00e1lido hasta el 22 de marzo al 4 de abril del 2026) *Cuenta con 60 d\u00edas para realizarse el tratamiento a partir de su compra\" \/>\n<meta property=\"og:url\" content=\"https:\/\/moldearte.com\/en\/tratamiento\/glowsculp-plla\/\" \/>\n<meta property=\"og:site_name\" content=\"MoldeArte | L\u00edderes en Medicina Est\u00e9tica en Tijuana y Rosarito\" \/>\n<meta property=\"article:modified_time\" content=\"2026-03-23T23:59:15+00:00\" \/>\n<meta property=\"og:image\" content=\"https:\/\/moldearte.com\/wp-content\/uploads\/2025\/01\/skinbooster.png\" \/>\n\t<meta property=\"og:image:width\" content=\"1080\" \/>\n\t<meta property=\"og:image:height\" content=\"1080\" \/>\n\t<meta property=\"og:image:type\" content=\"image\/png\" \/>\n<meta name=\"twitter:card\" content=\"summary_large_image\" \/>\n<meta name=\"twitter:label1\" content=\"Price\" \/>\n\t<meta name=\"twitter:data1\" content=\"&#036;8,500.00\" \/>\n\t<meta name=\"twitter:label2\" content=\"Availability\" \/>\n\t<meta name=\"twitter:data2\" content=\"In stock\" \/>\n<script type=\"application\/ld+json\" class=\"yoast-schema-graph\">{\"@context\":\"https:\\\/\\\/schema.org\",\"@graph\":[{\"@type\":\"WebPage\",\"@id\":\"https:\\\/\\\/moldearte.com\\\/tratamiento\\\/glowsculp-plla\\\/\",\"url\":\"https:\\\/\\\/moldearte.com\\\/tratamiento\\\/glowsculp-plla\\\/\",\"name\":\"BIOESTIMULADOR CON GLOWSCULP PLLA\u00ae - MoldeArte | L\u00edderes en Medicina Est\u00e9tica en Tijuana y Rosarito\",\"isPartOf\":{\"@id\":\"https:\\\/\\\/moldearte.com\\\/#website\"},\"primaryImageOfPage\":{\"@id\":\"https:\\\/\\\/moldearte.com\\\/tratamiento\\\/glowsculp-plla\\\/#primaryimage\"},\"image\":{\"@id\":\"https:\\\/\\\/moldearte.com\\\/tratamiento\\\/glowsculp-plla\\\/#primaryimage\"},\"thumbnailUrl\":\"https:\\\/\\\/moldearte.com\\\/wp-content\\\/uploads\\\/2025\\\/01\\\/skinbooster.png\",\"datePublished\":\"2025-01-13T20:17:55+00:00\",\"dateModified\":\"2026-03-23T23:59:15+00:00\",\"breadcrumb\":{\"@id\":\"https:\\\/\\\/moldearte.com\\\/tratamiento\\\/glowsculp-plla\\\/#breadcrumb\"},\"inLanguage\":\"en-US\",\"potentialAction\":[{\"@type\":\"ReadAction\",\"target\":[\"https:\\\/\\\/moldearte.com\\\/tratamiento\\\/glowsculp-plla\\\/\"]}]},{\"@type\":\"ImageObject\",\"inLanguage\":\"en-US\",\"@id\":\"https:\\\/\\\/moldearte.com\\\/tratamiento\\\/glowsculp-plla\\\/#primaryimage\",\"url\":\"https:\\\/\\\/moldearte.com\\\/wp-content\\\/uploads\\\/2025\\\/01\\\/skinbooster.png\",\"contentUrl\":\"https:\\\/\\\/moldearte.com\\\/wp-content\\\/uploads\\\/2025\\\/01\\\/skinbooster.png\",\"width\":1080,\"height\":1080},{\"@type\":\"BreadcrumbList\",\"@id\":\"https:\\\/\\\/moldearte.com\\\/tratamiento\\\/glowsculp-plla\\\/#breadcrumb\",\"itemListElement\":[{\"@type\":\"ListItem\",\"position\":1,\"name\":\"Portada\",\"item\":\"https:\\\/\\\/moldearte.com\\\/\"},{\"@type\":\"ListItem\",\"position\":2,\"name\":\"Tienda\",\"item\":\"https:\\\/\\\/moldearte.com\\\/en\\\/tienda\\\/\"},{\"@type\":\"ListItem\",\"position\":3,\"name\":\"BIOESTIMULADOR CON GLOWSCULP PLLA\u00ae\"}]},{\"@type\":\"WebSite\",\"@id\":\"https:\\\/\\\/moldearte.com\\\/#website\",\"url\":\"https:\\\/\\\/moldearte.com\\\/\",\"name\":\"MoldeArte | L\u00edderes en Medicina Est\u00e9tica en Tijuana y Rosarito\",\"description\":\"Rejuvenecimiento Facial y corporal sin cirug\u00eda\",\"publisher\":{\"@id\":\"https:\\\/\\\/moldearte.com\\\/#organization\"},\"potentialAction\":[{\"@type\":\"SearchAction\",\"target\":{\"@type\":\"EntryPoint\",\"urlTemplate\":\"https:\\\/\\\/moldearte.com\\\/?s={search_term_string}\"},\"query-input\":{\"@type\":\"PropertyValueSpecification\",\"valueRequired\":true,\"valueName\":\"search_term_string\"}}],\"inLanguage\":\"en-US\"},{\"@type\":\"Organization\",\"@id\":\"https:\\\/\\\/moldearte.com\\\/#organization\",\"name\":\"MoldeArte | L\u00edderes en Medicina Est\u00e9tica en Tijuana y Rosarito\",\"url\":\"https:\\\/\\\/moldearte.com\\\/\",\"logo\":{\"@type\":\"ImageObject\",\"inLanguage\":\"en-US\",\"@id\":\"https:\\\/\\\/moldearte.com\\\/#\\\/schema\\\/logo\\\/image\\\/\",\"url\":\"https:\\\/\\\/moldearte.com\\\/wp-content\\\/uploads\\\/2023\\\/01\\\/cropped-cropped-rejuvenecimiento-facial-sin-cirugia-tijuana.png\",\"contentUrl\":\"https:\\\/\\\/moldearte.com\\\/wp-content\\\/uploads\\\/2023\\\/01\\\/cropped-cropped-rejuvenecimiento-facial-sin-cirugia-tijuana.png\",\"width\":3255,\"height\":1059,\"caption\":\"MoldeArte | L\u00edderes en Medicina Est\u00e9tica en Tijuana y Rosarito\"},\"image\":{\"@id\":\"https:\\\/\\\/moldearte.com\\\/#\\\/schema\\\/logo\\\/image\\\/\"}}]}<\/script>\n<meta property=\"product:price:amount\" content=\"8500.00\" \/>\n<meta property=\"product:price:currency\" content=\"MXN\" \/>\n<meta property=\"og:availability\" content=\"instock\" \/>\n<meta property=\"product:availability\" content=\"instock\" \/>\n<meta property=\"product:condition\" content=\"new\" \/>\n<!-- \/ Yoast SEO Premium plugin. -->","yoast_head_json":{"title":"BIOESTIMULADOR CON GLOWSCULP PLLA\u00ae - MoldeArte | L\u00edderes en Medicina Est\u00e9tica en Tijuana y Rosarito","robots":{"index":"index","follow":"follow","max-snippet":"max-snippet:-1","max-image-preview":"max-image-preview:large","max-video-preview":"max-video-preview:-1"},"canonical":"https:\/\/moldearte.com\/en\/tratamiento\/glowsculp-plla\/","og_locale":"en_US","og_type":"article","og_title":"BIOESTIMULADOR CON GLOWSCULP PLLA\u00ae","og_description":"\u00a1Reactiva tu col\u00e1geno y redefine tu rostro con GlowSculp PLLA\u00ae! \u2728\ud83d\udc89\ud83d\udc86\u200d\u2640\ufe0f  Este bioestimulador a base de \u00c1cido Poli-L-L\u00e1ctico ayuda a recuperar el volumen facial perdido, mejorar la firmeza y lograr un efecto lifting natural y progresivo. \u00bfQu\u00e9 incluye el tratamiento? \ud83d\udc96 Una jeringuilla de Bioestimulador GlowSculp PLLA\u00ae en rostro. + \ud83c\udf81 GRATIS APLICACI\u00d3N DE TOXINA BOTUL\u00cdNICA ELOTOX\u00ae EN ANTIFAZ (El regalo se incluir\u00e1 al momento de a\u00f1adir este tratamiento al carrito) \ud83d\udcb8 Precio pagando en efectivo en sucursal: $8,300 MXN. (v\u00e1lido hasta el 22 de marzo al 4 de abril del 2026) *Cuenta con 60 d\u00edas para realizarse el tratamiento a partir de su compra","og_url":"https:\/\/moldearte.com\/en\/tratamiento\/glowsculp-plla\/","og_site_name":"MoldeArte | L\u00edderes en Medicina Est\u00e9tica en Tijuana y Rosarito","article_modified_time":"2026-03-23T23:59:15+00:00","og_image":[{"width":1080,"height":1080,"url":"https:\/\/moldearte.com\/wp-content\/uploads\/2025\/01\/skinbooster.png","type":"image\/png"}],"twitter_card":"summary_large_image","twitter_misc":{"Price":"&#36;8,500.00","Availability":"In stock"},"schema":{"@context":"https:\/\/schema.org","@graph":[{"@type":"WebPage","@id":"https:\/\/moldearte.com\/tratamiento\/glowsculp-plla\/","url":"https:\/\/moldearte.com\/tratamiento\/glowsculp-plla\/","name":"BIOESTIMULADOR CON GLOWSCULP PLLA\u00ae - MoldeArte | L\u00edderes en Medicina Est\u00e9tica en Tijuana y Rosarito","isPartOf":{"@id":"https:\/\/moldearte.com\/#website"},"primaryImageOfPage":{"@id":"https:\/\/moldearte.com\/tratamiento\/glowsculp-plla\/#primaryimage"},"image":{"@id":"https:\/\/moldearte.com\/tratamiento\/glowsculp-plla\/#primaryimage"},"thumbnailUrl":"https:\/\/moldearte.com\/wp-content\/uploads\/2025\/01\/skinbooster.png","datePublished":"2025-01-13T20:17:55+00:00","dateModified":"2026-03-23T23:59:15+00:00","breadcrumb":{"@id":"https:\/\/moldearte.com\/tratamiento\/glowsculp-plla\/#breadcrumb"},"inLanguage":"en-US","potentialAction":[{"@type":"ReadAction","target":["https:\/\/moldearte.com\/tratamiento\/glowsculp-plla\/"]}]},{"@type":"ImageObject","inLanguage":"en-US","@id":"https:\/\/moldearte.com\/tratamiento\/glowsculp-plla\/#primaryimage","url":"https:\/\/moldearte.com\/wp-content\/uploads\/2025\/01\/skinbooster.png","contentUrl":"https:\/\/moldearte.com\/wp-content\/uploads\/2025\/01\/skinbooster.png","width":1080,"height":1080},{"@type":"BreadcrumbList","@id":"https:\/\/moldearte.com\/tratamiento\/glowsculp-plla\/#breadcrumb","itemListElement":[{"@type":"ListItem","position":1,"name":"Portada","item":"https:\/\/moldearte.com\/"},{"@type":"ListItem","position":2,"name":"Tienda","item":"https:\/\/moldearte.com\/en\/tienda\/"},{"@type":"ListItem","position":3,"name":"BIOESTIMULADOR CON GLOWSCULP PLLA\u00ae"}]},{"@type":"WebSite","@id":"https:\/\/moldearte.com\/#website","url":"https:\/\/moldearte.com\/","name":"MoldeArte | L\u00edderes en Medicina Est\u00e9tica en Tijuana y Rosarito","description":"Rejuvenecimiento Facial y corporal sin cirug\u00eda","publisher":{"@id":"https:\/\/moldearte.com\/#organization"},"potentialAction":[{"@type":"SearchAction","target":{"@type":"EntryPoint","urlTemplate":"https:\/\/moldearte.com\/?s={search_term_string}"},"query-input":{"@type":"PropertyValueSpecification","valueRequired":true,"valueName":"search_term_string"}}],"inLanguage":"en-US"},{"@type":"Organization","@id":"https:\/\/moldearte.com\/#organization","name":"MoldeArte | L\u00edderes en Medicina Est\u00e9tica en Tijuana y Rosarito","url":"https:\/\/moldearte.com\/","logo":{"@type":"ImageObject","inLanguage":"en-US","@id":"https:\/\/moldearte.com\/#\/schema\/logo\/image\/","url":"https:\/\/moldearte.com\/wp-content\/uploads\/2023\/01\/cropped-cropped-rejuvenecimiento-facial-sin-cirugia-tijuana.png","contentUrl":"https:\/\/moldearte.com\/wp-content\/uploads\/2023\/01\/cropped-cropped-rejuvenecimiento-facial-sin-cirugia-tijuana.png","width":3255,"height":1059,"caption":"MoldeArte | L\u00edderes en Medicina Est\u00e9tica en Tijuana y Rosarito"},"image":{"@id":"https:\/\/moldearte.com\/#\/schema\/logo\/image\/"}}]},"product_price_amount":"8500.00","product_price_currency":"MXN","og_availability":"instock","product_availability":"instock","product_condition":"new"},"_links":{"self":[{"href":"https:\/\/moldearte.com\/en\/wp-json\/wp\/v2\/product\/9545","targetHints":{"allow":["GET"]}}],"collection":[{"href":"https:\/\/moldearte.com\/en\/wp-json\/wp\/v2\/product"}],"about":[{"href":"https:\/\/moldearte.com\/en\/wp-json\/wp\/v2\/types\/product"}],"wp:featuredmedia":[{"embeddable":true,"href":"https:\/\/moldearte.com\/en\/wp-json\/wp\/v2\/media\/9543"}],"wp:attachment":[{"href":"https:\/\/moldearte.com\/en\/wp-json\/wp\/v2\/media?parent=9545"}],"wp:term":[{"taxonomy":"product_brand","embeddable":true,"href":"https:\/\/moldearte.com\/en\/wp-json\/wp\/v2\/product_brand?post=9545"},{"taxonomy":"product_cat","embeddable":true,"href":"https:\/\/moldearte.com\/en\/wp-json\/wp\/v2\/product_cat?post=9545"},{"taxonomy":"product_tag","embeddable":true,"href":"https:\/\/moldearte.com\/en\/wp-json\/wp\/v2\/product_tag?post=9545"},{"taxonomy":"giftcard-category","embeddable":true,"href":"https:\/\/moldearte.com\/en\/wp-json\/wp\/v2\/giftcard-category?post=9545"}],"curies":[{"name":"wp","href":"https:\/\/api.w.org\/{rel}","templated":true}]}}