{"id":8344,"date":"2024-11-19T12:49:47","date_gmt":"2024-11-19T20:49:47","guid":{"rendered":"https:\/\/moldearte.com\/?post_type=product&#038;p=8344"},"modified":"2026-01-27T17:49:03","modified_gmt":"2026-01-28T01:49:03","slug":"celulas-madre","status":"publish","type":"product","link":"https:\/\/moldearte.com\/en\/tratamiento\/celulas-madre\/","title":{"rendered":"C\u00c9LULAS MADRE"},"content":{"rendered":"<h4>\u00bfQui\u00e9n es candidato a este tratamiento? \ud83c\udf3c\ud83c\udf31<\/h4>\n<p>C\u00e9lulas Madre es ideal para personas que desean reducir signos de envejecimiento, regenerar su piel o mejorar cicatrices y manchas. Perfecto para quienes buscan un efecto rejuvenecedor completo y duradero.<\/p>\n<h4>Edad o tipo de piel ideal \ud83d\udc96\ud83c\udf1e<\/h4>\n<p>Este tratamiento se recomienda para personas de 30 a\u00f1os en adelante, ya que es cuando la piel comienza a necesitar un extra de regeneraci\u00f3n. Funciona para todos los tipos de piel, especialmente aquellas que muestran signos de envejecimiento, da\u00f1o solar o cicatrices.<\/p>\n<h4>Principales beneficios de las C\u00e9lulas Madre \ud83c\udf1f\ud83c\udf3a<\/h4>\n<ol>\n<li><strong>Regenera la piel en profundidad<\/strong>: Promueve la renovaci\u00f3n celular y la reparaci\u00f3n de tejidos.<\/li>\n<li><strong>Estimula la producci\u00f3n de col\u00e1geno y elastina<\/strong>: Ayuda a recuperar firmeza y elasticidad en la piel.<\/li>\n<li><strong>Reduce l\u00edneas finas y arrugas<\/strong>: Mejora visiblemente los signos de envejecimiento, brindando una piel m\u00e1s joven.<\/li>\n<li><strong>Mejora el tono y la textura<\/strong>: Minimiza manchas y cicatrices, logrando una piel m\u00e1s uniforme y suave.<\/li>\n<li><strong>Aumenta la luminosidad<\/strong>: Proporciona un aspecto fresco y radiante que refleja salud y vitalidad.<\/li>\n<\/ol>\n<p>\u00a1Recupera el poder regenerativo de tu piel y luce una belleza revitalizada con las C\u00e9lulas Madre! \u2728\ud83d\udca7<\/p>","protected":false},"excerpt":{"rendered":"<p>Las C\u00e9lulas Madre son una opci\u00f3n revolucionaria para regenerar y rejuvenecer la piel en profundidad. Este tratamiento se basa en el uso de c\u00e9lulas madre bioactivas que ayudan a reparar tejidos, estimular la producci\u00f3n de col\u00e1geno y mejorar la textura y apariencia de la piel. Perfecto para quienes buscan una transformaci\u00f3n completa y natural en su rostro y cuerpo. \ud83c\udf3f\ud83c\udf38<\/p>\n<h3>\u00bfQu\u00e9 incluye el tratamiento? \ud83c\udf38\u2728<\/h3>\n<p><span class=\"s1\">Una sesi\u00f3n de <\/span>C\u00e9lulas Madre <span class=\"s1\">en rostro<\/span>.<br \/>\n<span class=\"fontstyle0\"><span style=\"color: #ff914d;\"><strong>*Cuenta con 60 d\u00edas para realizarse el tratamiento a partir de su compra<\/strong><\/span><\/span><\/p>","protected":false},"featured_media":6297,"template":"","meta":[],"product_brand":[],"product_cat":[238,23,26],"product_tag":[],"giftcard-category":[],"class_list":{"0":"post-8344","1":"product","2":"type-product","3":"status-publish","4":"has-post-thumbnail","6":"product_cat-hidratacion-y-nutricion","7":"product_cat-rejuvenecimientosincirugia","8":"product_cat-txmedicos","10":"first","11":"instock","12":"featured","13":"virtual","14":"purchasable","15":"product-type-simple"},"yoast_head":"<!-- This site is optimized with the Yoast SEO Premium plugin v27.2 (Yoast SEO v27.4) - https:\/\/yoast.com\/product\/yoast-seo-premium-wordpress\/ -->\n<title>C\u00c9LULAS MADRE - MoldeArte | L\u00edderes en Medicina Est\u00e9tica en Tijuana y Rosarito<\/title>\n<meta name=\"robots\" content=\"index, follow, max-snippet:-1, max-image-preview:large, max-video-preview:-1\" \/>\n<link rel=\"canonical\" href=\"https:\/\/moldearte.com\/en\/tratamiento\/celulas-madre\/\" \/>\n<meta property=\"og:locale\" content=\"en_US\" \/>\n<meta property=\"og:type\" content=\"article\" \/>\n<meta property=\"og:title\" content=\"C\u00c9LULAS MADRE\" \/>\n<meta property=\"og:description\" content=\"Las C\u00e9lulas Madre son una opci\u00f3n revolucionaria para regenerar y rejuvenecer la piel en profundidad. Este tratamiento se basa en el uso de c\u00e9lulas madre bioactivas que ayudan a reparar tejidos, estimular la producci\u00f3n de col\u00e1geno y mejorar la textura y apariencia de la piel. Perfecto para quienes buscan una transformaci\u00f3n completa y natural en su rostro y cuerpo. \ud83c\udf3f\ud83c\udf38 \u00bfQu\u00e9 incluye el tratamiento? \ud83c\udf38\u2728 Una sesi\u00f3n de C\u00e9lulas Madre en rostro. *Cuenta con 60 d\u00edas para realizarse el tratamiento a partir de su compra\" \/>\n<meta property=\"og:url\" content=\"https:\/\/moldearte.com\/en\/tratamiento\/celulas-madre\/\" \/>\n<meta property=\"og:site_name\" content=\"MoldeArte | L\u00edderes en Medicina Est\u00e9tica en Tijuana y Rosarito\" \/>\n<meta property=\"article:modified_time\" content=\"2026-01-28T01:49:03+00:00\" \/>\n<meta property=\"og:image\" content=\"https:\/\/moldearte.com\/wp-content\/uploads\/2024\/09\/manosuescote.png\" \/>\n\t<meta property=\"og:image:width\" content=\"1080\" \/>\n\t<meta property=\"og:image:height\" content=\"1080\" \/>\n\t<meta property=\"og:image:type\" content=\"image\/png\" \/>\n<meta name=\"twitter:card\" content=\"summary_large_image\" \/>\n<meta name=\"twitter:label1\" content=\"Price\" \/>\n\t<meta name=\"twitter:data1\" content=\"&#036;2,300.00\" \/>\n\t<meta name=\"twitter:label2\" content=\"Availability\" \/>\n\t<meta name=\"twitter:data2\" content=\"In stock\" \/>\n<script type=\"application\/ld+json\" class=\"yoast-schema-graph\">{\"@context\":\"https:\\\/\\\/schema.org\",\"@graph\":[{\"@type\":\"WebPage\",\"@id\":\"https:\\\/\\\/moldearte.com\\\/tratamiento\\\/celulas-madre\\\/\",\"url\":\"https:\\\/\\\/moldearte.com\\\/tratamiento\\\/celulas-madre\\\/\",\"name\":\"C\u00c9LULAS MADRE - MoldeArte | L\u00edderes en Medicina Est\u00e9tica en Tijuana y Rosarito\",\"isPartOf\":{\"@id\":\"https:\\\/\\\/moldearte.com\\\/#website\"},\"primaryImageOfPage\":{\"@id\":\"https:\\\/\\\/moldearte.com\\\/tratamiento\\\/celulas-madre\\\/#primaryimage\"},\"image\":{\"@id\":\"https:\\\/\\\/moldearte.com\\\/tratamiento\\\/celulas-madre\\\/#primaryimage\"},\"thumbnailUrl\":\"https:\\\/\\\/moldearte.com\\\/wp-content\\\/uploads\\\/2024\\\/09\\\/manosuescote.png\",\"datePublished\":\"2024-11-19T20:49:47+00:00\",\"dateModified\":\"2026-01-28T01:49:03+00:00\",\"breadcrumb\":{\"@id\":\"https:\\\/\\\/moldearte.com\\\/tratamiento\\\/celulas-madre\\\/#breadcrumb\"},\"inLanguage\":\"en-US\",\"potentialAction\":[{\"@type\":\"ReadAction\",\"target\":[\"https:\\\/\\\/moldearte.com\\\/tratamiento\\\/celulas-madre\\\/\"]}]},{\"@type\":\"ImageObject\",\"inLanguage\":\"en-US\",\"@id\":\"https:\\\/\\\/moldearte.com\\\/tratamiento\\\/celulas-madre\\\/#primaryimage\",\"url\":\"https:\\\/\\\/moldearte.com\\\/wp-content\\\/uploads\\\/2024\\\/09\\\/manosuescote.png\",\"contentUrl\":\"https:\\\/\\\/moldearte.com\\\/wp-content\\\/uploads\\\/2024\\\/09\\\/manosuescote.png\",\"width\":1080,\"height\":1080},{\"@type\":\"BreadcrumbList\",\"@id\":\"https:\\\/\\\/moldearte.com\\\/tratamiento\\\/celulas-madre\\\/#breadcrumb\",\"itemListElement\":[{\"@type\":\"ListItem\",\"position\":1,\"name\":\"Portada\",\"item\":\"https:\\\/\\\/moldearte.com\\\/\"},{\"@type\":\"ListItem\",\"position\":2,\"name\":\"Tienda\",\"item\":\"https:\\\/\\\/moldearte.com\\\/en\\\/tienda\\\/\"},{\"@type\":\"ListItem\",\"position\":3,\"name\":\"C\u00c9LULAS MADRE\"}]},{\"@type\":\"WebSite\",\"@id\":\"https:\\\/\\\/moldearte.com\\\/#website\",\"url\":\"https:\\\/\\\/moldearte.com\\\/\",\"name\":\"MoldeArte | L\u00edderes en Medicina Est\u00e9tica en Tijuana y Rosarito\",\"description\":\"Rejuvenecimiento Facial y corporal sin cirug\u00eda\",\"publisher\":{\"@id\":\"https:\\\/\\\/moldearte.com\\\/#organization\"},\"potentialAction\":[{\"@type\":\"SearchAction\",\"target\":{\"@type\":\"EntryPoint\",\"urlTemplate\":\"https:\\\/\\\/moldearte.com\\\/?s={search_term_string}\"},\"query-input\":{\"@type\":\"PropertyValueSpecification\",\"valueRequired\":true,\"valueName\":\"search_term_string\"}}],\"inLanguage\":\"en-US\"},{\"@type\":\"Organization\",\"@id\":\"https:\\\/\\\/moldearte.com\\\/#organization\",\"name\":\"MoldeArte | L\u00edderes en Medicina Est\u00e9tica en Tijuana y Rosarito\",\"url\":\"https:\\\/\\\/moldearte.com\\\/\",\"logo\":{\"@type\":\"ImageObject\",\"inLanguage\":\"en-US\",\"@id\":\"https:\\\/\\\/moldearte.com\\\/#\\\/schema\\\/logo\\\/image\\\/\",\"url\":\"https:\\\/\\\/moldearte.com\\\/wp-content\\\/uploads\\\/2023\\\/01\\\/cropped-cropped-rejuvenecimiento-facial-sin-cirugia-tijuana.png\",\"contentUrl\":\"https:\\\/\\\/moldearte.com\\\/wp-content\\\/uploads\\\/2023\\\/01\\\/cropped-cropped-rejuvenecimiento-facial-sin-cirugia-tijuana.png\",\"width\":3255,\"height\":1059,\"caption\":\"MoldeArte | L\u00edderes en Medicina Est\u00e9tica en Tijuana y Rosarito\"},\"image\":{\"@id\":\"https:\\\/\\\/moldearte.com\\\/#\\\/schema\\\/logo\\\/image\\\/\"}}]}<\/script>\n<meta property=\"product:price:amount\" content=\"2300.00\" \/>\n<meta property=\"product:price:currency\" content=\"MXN\" \/>\n<meta property=\"og:availability\" content=\"instock\" \/>\n<meta property=\"product:availability\" content=\"instock\" \/>\n<meta property=\"product:condition\" content=\"new\" \/>\n<!-- \/ Yoast SEO Premium plugin. -->","yoast_head_json":{"title":"C\u00c9LULAS MADRE - MoldeArte | L\u00edderes en Medicina Est\u00e9tica en Tijuana y Rosarito","robots":{"index":"index","follow":"follow","max-snippet":"max-snippet:-1","max-image-preview":"max-image-preview:large","max-video-preview":"max-video-preview:-1"},"canonical":"https:\/\/moldearte.com\/en\/tratamiento\/celulas-madre\/","og_locale":"en_US","og_type":"article","og_title":"C\u00c9LULAS MADRE","og_description":"Las C\u00e9lulas Madre son una opci\u00f3n revolucionaria para regenerar y rejuvenecer la piel en profundidad. Este tratamiento se basa en el uso de c\u00e9lulas madre bioactivas que ayudan a reparar tejidos, estimular la producci\u00f3n de col\u00e1geno y mejorar la textura y apariencia de la piel. Perfecto para quienes buscan una transformaci\u00f3n completa y natural en su rostro y cuerpo. \ud83c\udf3f\ud83c\udf38 \u00bfQu\u00e9 incluye el tratamiento? \ud83c\udf38\u2728 Una sesi\u00f3n de C\u00e9lulas Madre en rostro. *Cuenta con 60 d\u00edas para realizarse el tratamiento a partir de su compra","og_url":"https:\/\/moldearte.com\/en\/tratamiento\/celulas-madre\/","og_site_name":"MoldeArte | L\u00edderes en Medicina Est\u00e9tica en Tijuana y Rosarito","article_modified_time":"2026-01-28T01:49:03+00:00","og_image":[{"width":1080,"height":1080,"url":"https:\/\/moldearte.com\/wp-content\/uploads\/2024\/09\/manosuescote.png","type":"image\/png"}],"twitter_card":"summary_large_image","twitter_misc":{"Price":"&#36;2,300.00","Availability":"In stock"},"schema":{"@context":"https:\/\/schema.org","@graph":[{"@type":"WebPage","@id":"https:\/\/moldearte.com\/tratamiento\/celulas-madre\/","url":"https:\/\/moldearte.com\/tratamiento\/celulas-madre\/","name":"C\u00c9LULAS MADRE - MoldeArte | L\u00edderes en Medicina Est\u00e9tica en Tijuana y Rosarito","isPartOf":{"@id":"https:\/\/moldearte.com\/#website"},"primaryImageOfPage":{"@id":"https:\/\/moldearte.com\/tratamiento\/celulas-madre\/#primaryimage"},"image":{"@id":"https:\/\/moldearte.com\/tratamiento\/celulas-madre\/#primaryimage"},"thumbnailUrl":"https:\/\/moldearte.com\/wp-content\/uploads\/2024\/09\/manosuescote.png","datePublished":"2024-11-19T20:49:47+00:00","dateModified":"2026-01-28T01:49:03+00:00","breadcrumb":{"@id":"https:\/\/moldearte.com\/tratamiento\/celulas-madre\/#breadcrumb"},"inLanguage":"en-US","potentialAction":[{"@type":"ReadAction","target":["https:\/\/moldearte.com\/tratamiento\/celulas-madre\/"]}]},{"@type":"ImageObject","inLanguage":"en-US","@id":"https:\/\/moldearte.com\/tratamiento\/celulas-madre\/#primaryimage","url":"https:\/\/moldearte.com\/wp-content\/uploads\/2024\/09\/manosuescote.png","contentUrl":"https:\/\/moldearte.com\/wp-content\/uploads\/2024\/09\/manosuescote.png","width":1080,"height":1080},{"@type":"BreadcrumbList","@id":"https:\/\/moldearte.com\/tratamiento\/celulas-madre\/#breadcrumb","itemListElement":[{"@type":"ListItem","position":1,"name":"Portada","item":"https:\/\/moldearte.com\/"},{"@type":"ListItem","position":2,"name":"Tienda","item":"https:\/\/moldearte.com\/en\/tienda\/"},{"@type":"ListItem","position":3,"name":"C\u00c9LULAS MADRE"}]},{"@type":"WebSite","@id":"https:\/\/moldearte.com\/#website","url":"https:\/\/moldearte.com\/","name":"MoldeArte | L\u00edderes en Medicina Est\u00e9tica en Tijuana y Rosarito","description":"Rejuvenecimiento Facial y corporal sin cirug\u00eda","publisher":{"@id":"https:\/\/moldearte.com\/#organization"},"potentialAction":[{"@type":"SearchAction","target":{"@type":"EntryPoint","urlTemplate":"https:\/\/moldearte.com\/?s={search_term_string}"},"query-input":{"@type":"PropertyValueSpecification","valueRequired":true,"valueName":"search_term_string"}}],"inLanguage":"en-US"},{"@type":"Organization","@id":"https:\/\/moldearte.com\/#organization","name":"MoldeArte | L\u00edderes en Medicina Est\u00e9tica en Tijuana y Rosarito","url":"https:\/\/moldearte.com\/","logo":{"@type":"ImageObject","inLanguage":"en-US","@id":"https:\/\/moldearte.com\/#\/schema\/logo\/image\/","url":"https:\/\/moldearte.com\/wp-content\/uploads\/2023\/01\/cropped-cropped-rejuvenecimiento-facial-sin-cirugia-tijuana.png","contentUrl":"https:\/\/moldearte.com\/wp-content\/uploads\/2023\/01\/cropped-cropped-rejuvenecimiento-facial-sin-cirugia-tijuana.png","width":3255,"height":1059,"caption":"MoldeArte | L\u00edderes en Medicina Est\u00e9tica en Tijuana y Rosarito"},"image":{"@id":"https:\/\/moldearte.com\/#\/schema\/logo\/image\/"}}]},"product_price_amount":"2300.00","product_price_currency":"MXN","og_availability":"instock","product_availability":"instock","product_condition":"new"},"_links":{"self":[{"href":"https:\/\/moldearte.com\/en\/wp-json\/wp\/v2\/product\/8344","targetHints":{"allow":["GET"]}}],"collection":[{"href":"https:\/\/moldearte.com\/en\/wp-json\/wp\/v2\/product"}],"about":[{"href":"https:\/\/moldearte.com\/en\/wp-json\/wp\/v2\/types\/product"}],"wp:featuredmedia":[{"embeddable":true,"href":"https:\/\/moldearte.com\/en\/wp-json\/wp\/v2\/media\/6297"}],"wp:attachment":[{"href":"https:\/\/moldearte.com\/en\/wp-json\/wp\/v2\/media?parent=8344"}],"wp:term":[{"taxonomy":"product_brand","embeddable":true,"href":"https:\/\/moldearte.com\/en\/wp-json\/wp\/v2\/product_brand?post=8344"},{"taxonomy":"product_cat","embeddable":true,"href":"https:\/\/moldearte.com\/en\/wp-json\/wp\/v2\/product_cat?post=8344"},{"taxonomy":"product_tag","embeddable":true,"href":"https:\/\/moldearte.com\/en\/wp-json\/wp\/v2\/product_tag?post=8344"},{"taxonomy":"giftcard-category","embeddable":true,"href":"https:\/\/moldearte.com\/en\/wp-json\/wp\/v2\/giftcard-category?post=8344"}],"curies":[{"name":"wp","href":"https:\/\/api.w.org\/{rel}","templated":true}]}}