{"id":8166,"date":"2024-11-08T07:54:29","date_gmt":"2024-11-08T15:54:29","guid":{"rendered":"https:\/\/moldearte.com\/?post_type=product&#038;p=8166"},"modified":"2025-10-22T07:16:03","modified_gmt":"2025-10-22T14:16:03","slug":"hidromasaje","status":"publish","type":"product","link":"https:\/\/moldearte.com\/en\/tratamiento\/hidromasaje\/","title":{"rendered":"HIDROMASAJE"},"content":{"rendered":"<h4>\u00bfQui\u00e9n es candidato a este tratamiento? \ud83d\udc69\u200d\ud83e\uddb1\ud83e\uddd4<\/h4>\n<p>Ideal para quienes buscan relajaci\u00f3n, alivio de estr\u00e9s, o desean mejorar su circulaci\u00f3n. Es una excelente opci\u00f3n para aquellos que sienten tensi\u00f3n muscular o simplemente desean regalarse un momento de bienestar.<\/p>\n<h4>Principales beneficios del hidromasaje \ud83c\udf1f\ud83d\udc86\u200d\u2640\ufe0f<\/h4>\n<ol>\n<li><strong>Relajaci\u00f3n profunda<\/strong>: El agua a presi\u00f3n libera la tensi\u00f3n muscular, brindando una sensaci\u00f3n inmediata de alivio y bienestar.<\/li>\n<li><strong>Mejora la circulaci\u00f3n<\/strong>: Ayuda a estimular la circulaci\u00f3n sangu\u00ednea, lo que favorece la oxigenaci\u00f3n de la piel y los tejidos.<\/li>\n<li><strong>Elimina toxinas<\/strong>: La presi\u00f3n y la temperatura del agua facilitan la eliminaci\u00f3n de toxinas acumuladas.<\/li>\n<li><strong>Hidrata y suaviza la piel<\/strong>: Deja la piel tersa y renovada, gracias a los efectos hidratantes del agua en movimiento.<\/li>\n<li><strong>Reduce el estr\u00e9s y mejora el sue\u00f1o<\/strong>: Un momento de relajaci\u00f3n que calma la mente y ayuda a mejorar la calidad del sue\u00f1o.<\/li>\n<\/ol>\n<p>Sum\u00e9rgete en un hidromasaje y descubre un mundo de relajaci\u00f3n y bienestar. \u00a1Tu cuerpo lo merece! \ud83d\udca7\ud83d\udc96<br \/>\n<span style=\"color: #ff914d;\"><strong><span style=\"color: #ff0000;\">Tratamiento exclusivo en MoldeArte VIP en zona rio<\/span><\/strong><\/span><\/p>","protected":false},"excerpt":{"rendered":"<p>El hidromasaje es una terapia de relajaci\u00f3n profunda que combina agua a presi\u00f3n y burbujas para aliviar el estr\u00e9s y la tensi\u00f3n muscular. Con el poder de la hidroterapia, este tratamiento revitaliza, relaja y ayuda a mejorar el bienestar general. Disfruta de una experiencia de spa que brinda un momento de desconexi\u00f3n total y renovaci\u00f3n para el cuerpo y la mente. \ud83c\udf0a\u2728<\/p>\n<h4>\u00bfQu\u00e9 incluye el tratamiento? \ud83d\udc96<\/h4>\n<p>Una sesi\u00f3n de Hidromasaje con una duraci\u00f3n de 30 minutos con bebida y snack incluido.<br \/>\n<span class=\"fontstyle0\"><span style=\"color: #ff914d;\"><strong>*Cuenta con 60 d\u00edas para realizarse el tratamiento a partir de su compra en sucursal MoldeArte VIP en zona r\u00edo, se requiere llevar sandalias y trajes de ba\u00f1o.<\/strong><\/span><\/span><\/p>","protected":false},"featured_media":8169,"template":"","meta":[],"product_brand":[],"product_cat":[254,252,251,27],"product_tag":[],"giftcard-category":[],"class_list":{"0":"post-8166","1":"product","2":"type-product","3":"status-publish","4":"has-post-thumbnail","6":"product_cat-anti-estres","7":"product_cat-regenerantes","8":"product_cat-revitalizantes","9":"product_cat-txcosmetologicos","11":"first","12":"instock","13":"virtual","14":"purchasable","15":"product-type-simple"},"yoast_head":"<!-- This site is optimized with the Yoast SEO Premium plugin v27.2 (Yoast SEO v27.4) - https:\/\/yoast.com\/product\/yoast-seo-premium-wordpress\/ -->\n<title>HIDROMASAJE - MoldeArte | L\u00edderes en Medicina Est\u00e9tica en Tijuana y Rosarito<\/title>\n<meta name=\"robots\" content=\"index, follow, max-snippet:-1, max-image-preview:large, max-video-preview:-1\" \/>\n<link rel=\"canonical\" href=\"https:\/\/moldearte.com\/en\/tratamiento\/hidromasaje\/\" \/>\n<meta property=\"og:locale\" content=\"en_US\" \/>\n<meta property=\"og:type\" content=\"article\" \/>\n<meta property=\"og:title\" content=\"HIDROMASAJE\" \/>\n<meta property=\"og:description\" content=\"El hidromasaje es una terapia de relajaci\u00f3n profunda que combina agua a presi\u00f3n y burbujas para aliviar el estr\u00e9s y la tensi\u00f3n muscular. Con el poder de la hidroterapia, este tratamiento revitaliza, relaja y ayuda a mejorar el bienestar general. Disfruta de una experiencia de spa que brinda un momento de desconexi\u00f3n total y renovaci\u00f3n para el cuerpo y la mente. \ud83c\udf0a\u2728 \u00bfQu\u00e9 incluye el tratamiento? \ud83d\udc96 Una sesi\u00f3n de Hidromasaje con una duraci\u00f3n de 30 minutos con bebida y snack incluido. *Cuenta con 60 d\u00edas para realizarse el tratamiento a partir de su compra en sucursal MoldeArte VIP en zona r\u00edo, se requiere llevar sandalias y trajes de ba\u00f1o.\" \/>\n<meta property=\"og:url\" content=\"https:\/\/moldearte.com\/en\/tratamiento\/hidromasaje\/\" \/>\n<meta property=\"og:site_name\" content=\"MoldeArte | L\u00edderes en Medicina Est\u00e9tica en Tijuana y Rosarito\" \/>\n<meta property=\"article:modified_time\" content=\"2025-10-22T14:16:03+00:00\" \/>\n<meta property=\"og:image\" content=\"https:\/\/moldearte.com\/wp-content\/uploads\/2024\/11\/hidromasaje-vip.png\" \/>\n\t<meta property=\"og:image:width\" content=\"1080\" \/>\n\t<meta property=\"og:image:height\" content=\"1080\" \/>\n\t<meta property=\"og:image:type\" content=\"image\/png\" \/>\n<meta name=\"twitter:card\" content=\"summary_large_image\" \/>\n<meta name=\"twitter:label1\" content=\"Price\" \/>\n\t<meta name=\"twitter:data1\" content=\"&#036;1,000.00\" \/>\n\t<meta name=\"twitter:label2\" content=\"Availability\" \/>\n\t<meta name=\"twitter:data2\" content=\"In stock\" \/>\n<script type=\"application\/ld+json\" class=\"yoast-schema-graph\">{\"@context\":\"https:\\\/\\\/schema.org\",\"@graph\":[{\"@type\":\"WebPage\",\"@id\":\"https:\\\/\\\/moldearte.com\\\/tratamiento\\\/hidromasaje\\\/\",\"url\":\"https:\\\/\\\/moldearte.com\\\/tratamiento\\\/hidromasaje\\\/\",\"name\":\"HIDROMASAJE - MoldeArte | L\u00edderes en Medicina Est\u00e9tica en Tijuana y Rosarito\",\"isPartOf\":{\"@id\":\"https:\\\/\\\/moldearte.com\\\/#website\"},\"primaryImageOfPage\":{\"@id\":\"https:\\\/\\\/moldearte.com\\\/tratamiento\\\/hidromasaje\\\/#primaryimage\"},\"image\":{\"@id\":\"https:\\\/\\\/moldearte.com\\\/tratamiento\\\/hidromasaje\\\/#primaryimage\"},\"thumbnailUrl\":\"https:\\\/\\\/moldearte.com\\\/wp-content\\\/uploads\\\/2024\\\/11\\\/hidromasaje-vip.png\",\"datePublished\":\"2024-11-08T15:54:29+00:00\",\"dateModified\":\"2025-10-22T14:16:03+00:00\",\"breadcrumb\":{\"@id\":\"https:\\\/\\\/moldearte.com\\\/tratamiento\\\/hidromasaje\\\/#breadcrumb\"},\"inLanguage\":\"en-US\",\"potentialAction\":[{\"@type\":\"ReadAction\",\"target\":[\"https:\\\/\\\/moldearte.com\\\/tratamiento\\\/hidromasaje\\\/\"]}]},{\"@type\":\"ImageObject\",\"inLanguage\":\"en-US\",\"@id\":\"https:\\\/\\\/moldearte.com\\\/tratamiento\\\/hidromasaje\\\/#primaryimage\",\"url\":\"https:\\\/\\\/moldearte.com\\\/wp-content\\\/uploads\\\/2024\\\/11\\\/hidromasaje-vip.png\",\"contentUrl\":\"https:\\\/\\\/moldearte.com\\\/wp-content\\\/uploads\\\/2024\\\/11\\\/hidromasaje-vip.png\",\"width\":1080,\"height\":1080},{\"@type\":\"BreadcrumbList\",\"@id\":\"https:\\\/\\\/moldearte.com\\\/tratamiento\\\/hidromasaje\\\/#breadcrumb\",\"itemListElement\":[{\"@type\":\"ListItem\",\"position\":1,\"name\":\"Portada\",\"item\":\"https:\\\/\\\/moldearte.com\\\/\"},{\"@type\":\"ListItem\",\"position\":2,\"name\":\"Tienda\",\"item\":\"https:\\\/\\\/moldearte.com\\\/en\\\/tienda\\\/\"},{\"@type\":\"ListItem\",\"position\":3,\"name\":\"HIDROMASAJE\"}]},{\"@type\":\"WebSite\",\"@id\":\"https:\\\/\\\/moldearte.com\\\/#website\",\"url\":\"https:\\\/\\\/moldearte.com\\\/\",\"name\":\"MoldeArte | L\u00edderes en Medicina Est\u00e9tica en Tijuana y Rosarito\",\"description\":\"Rejuvenecimiento Facial y corporal sin cirug\u00eda\",\"publisher\":{\"@id\":\"https:\\\/\\\/moldearte.com\\\/#organization\"},\"potentialAction\":[{\"@type\":\"SearchAction\",\"target\":{\"@type\":\"EntryPoint\",\"urlTemplate\":\"https:\\\/\\\/moldearte.com\\\/?s={search_term_string}\"},\"query-input\":{\"@type\":\"PropertyValueSpecification\",\"valueRequired\":true,\"valueName\":\"search_term_string\"}}],\"inLanguage\":\"en-US\"},{\"@type\":\"Organization\",\"@id\":\"https:\\\/\\\/moldearte.com\\\/#organization\",\"name\":\"MoldeArte | L\u00edderes en Medicina Est\u00e9tica en Tijuana y Rosarito\",\"url\":\"https:\\\/\\\/moldearte.com\\\/\",\"logo\":{\"@type\":\"ImageObject\",\"inLanguage\":\"en-US\",\"@id\":\"https:\\\/\\\/moldearte.com\\\/#\\\/schema\\\/logo\\\/image\\\/\",\"url\":\"https:\\\/\\\/moldearte.com\\\/wp-content\\\/uploads\\\/2023\\\/01\\\/cropped-cropped-rejuvenecimiento-facial-sin-cirugia-tijuana.png\",\"contentUrl\":\"https:\\\/\\\/moldearte.com\\\/wp-content\\\/uploads\\\/2023\\\/01\\\/cropped-cropped-rejuvenecimiento-facial-sin-cirugia-tijuana.png\",\"width\":3255,\"height\":1059,\"caption\":\"MoldeArte | L\u00edderes en Medicina Est\u00e9tica en Tijuana y Rosarito\"},\"image\":{\"@id\":\"https:\\\/\\\/moldearte.com\\\/#\\\/schema\\\/logo\\\/image\\\/\"}}]}<\/script>\n<meta property=\"product:price:amount\" content=\"1000.00\" \/>\n<meta property=\"product:price:currency\" content=\"MXN\" \/>\n<meta property=\"og:availability\" content=\"instock\" \/>\n<meta property=\"product:availability\" content=\"instock\" \/>\n<meta property=\"product:condition\" content=\"new\" \/>\n<!-- \/ Yoast SEO Premium plugin. -->","yoast_head_json":{"title":"HIDROMASAJE - MoldeArte | L\u00edderes en Medicina Est\u00e9tica en Tijuana y Rosarito","robots":{"index":"index","follow":"follow","max-snippet":"max-snippet:-1","max-image-preview":"max-image-preview:large","max-video-preview":"max-video-preview:-1"},"canonical":"https:\/\/moldearte.com\/en\/tratamiento\/hidromasaje\/","og_locale":"en_US","og_type":"article","og_title":"HIDROMASAJE","og_description":"El hidromasaje es una terapia de relajaci\u00f3n profunda que combina agua a presi\u00f3n y burbujas para aliviar el estr\u00e9s y la tensi\u00f3n muscular. Con el poder de la hidroterapia, este tratamiento revitaliza, relaja y ayuda a mejorar el bienestar general. Disfruta de una experiencia de spa que brinda un momento de desconexi\u00f3n total y renovaci\u00f3n para el cuerpo y la mente. \ud83c\udf0a\u2728 \u00bfQu\u00e9 incluye el tratamiento? \ud83d\udc96 Una sesi\u00f3n de Hidromasaje con una duraci\u00f3n de 30 minutos con bebida y snack incluido. *Cuenta con 60 d\u00edas para realizarse el tratamiento a partir de su compra en sucursal MoldeArte VIP en zona r\u00edo, se requiere llevar sandalias y trajes de ba\u00f1o.","og_url":"https:\/\/moldearte.com\/en\/tratamiento\/hidromasaje\/","og_site_name":"MoldeArte | L\u00edderes en Medicina Est\u00e9tica en Tijuana y Rosarito","article_modified_time":"2025-10-22T14:16:03+00:00","og_image":[{"width":1080,"height":1080,"url":"https:\/\/moldearte.com\/wp-content\/uploads\/2024\/11\/hidromasaje-vip.png","type":"image\/png"}],"twitter_card":"summary_large_image","twitter_misc":{"Price":"&#36;1,000.00","Availability":"In stock"},"schema":{"@context":"https:\/\/schema.org","@graph":[{"@type":"WebPage","@id":"https:\/\/moldearte.com\/tratamiento\/hidromasaje\/","url":"https:\/\/moldearte.com\/tratamiento\/hidromasaje\/","name":"HIDROMASAJE - MoldeArte | L\u00edderes en Medicina Est\u00e9tica en Tijuana y Rosarito","isPartOf":{"@id":"https:\/\/moldearte.com\/#website"},"primaryImageOfPage":{"@id":"https:\/\/moldearte.com\/tratamiento\/hidromasaje\/#primaryimage"},"image":{"@id":"https:\/\/moldearte.com\/tratamiento\/hidromasaje\/#primaryimage"},"thumbnailUrl":"https:\/\/moldearte.com\/wp-content\/uploads\/2024\/11\/hidromasaje-vip.png","datePublished":"2024-11-08T15:54:29+00:00","dateModified":"2025-10-22T14:16:03+00:00","breadcrumb":{"@id":"https:\/\/moldearte.com\/tratamiento\/hidromasaje\/#breadcrumb"},"inLanguage":"en-US","potentialAction":[{"@type":"ReadAction","target":["https:\/\/moldearte.com\/tratamiento\/hidromasaje\/"]}]},{"@type":"ImageObject","inLanguage":"en-US","@id":"https:\/\/moldearte.com\/tratamiento\/hidromasaje\/#primaryimage","url":"https:\/\/moldearte.com\/wp-content\/uploads\/2024\/11\/hidromasaje-vip.png","contentUrl":"https:\/\/moldearte.com\/wp-content\/uploads\/2024\/11\/hidromasaje-vip.png","width":1080,"height":1080},{"@type":"BreadcrumbList","@id":"https:\/\/moldearte.com\/tratamiento\/hidromasaje\/#breadcrumb","itemListElement":[{"@type":"ListItem","position":1,"name":"Portada","item":"https:\/\/moldearte.com\/"},{"@type":"ListItem","position":2,"name":"Tienda","item":"https:\/\/moldearte.com\/en\/tienda\/"},{"@type":"ListItem","position":3,"name":"HIDROMASAJE"}]},{"@type":"WebSite","@id":"https:\/\/moldearte.com\/#website","url":"https:\/\/moldearte.com\/","name":"MoldeArte | L\u00edderes en Medicina Est\u00e9tica en Tijuana y Rosarito","description":"Rejuvenecimiento Facial y corporal sin cirug\u00eda","publisher":{"@id":"https:\/\/moldearte.com\/#organization"},"potentialAction":[{"@type":"SearchAction","target":{"@type":"EntryPoint","urlTemplate":"https:\/\/moldearte.com\/?s={search_term_string}"},"query-input":{"@type":"PropertyValueSpecification","valueRequired":true,"valueName":"search_term_string"}}],"inLanguage":"en-US"},{"@type":"Organization","@id":"https:\/\/moldearte.com\/#organization","name":"MoldeArte | L\u00edderes en Medicina Est\u00e9tica en Tijuana y Rosarito","url":"https:\/\/moldearte.com\/","logo":{"@type":"ImageObject","inLanguage":"en-US","@id":"https:\/\/moldearte.com\/#\/schema\/logo\/image\/","url":"https:\/\/moldearte.com\/wp-content\/uploads\/2023\/01\/cropped-cropped-rejuvenecimiento-facial-sin-cirugia-tijuana.png","contentUrl":"https:\/\/moldearte.com\/wp-content\/uploads\/2023\/01\/cropped-cropped-rejuvenecimiento-facial-sin-cirugia-tijuana.png","width":3255,"height":1059,"caption":"MoldeArte | L\u00edderes en Medicina Est\u00e9tica en Tijuana y Rosarito"},"image":{"@id":"https:\/\/moldearte.com\/#\/schema\/logo\/image\/"}}]},"product_price_amount":"1000.00","product_price_currency":"MXN","og_availability":"instock","product_availability":"instock","product_condition":"new"},"_links":{"self":[{"href":"https:\/\/moldearte.com\/en\/wp-json\/wp\/v2\/product\/8166","targetHints":{"allow":["GET"]}}],"collection":[{"href":"https:\/\/moldearte.com\/en\/wp-json\/wp\/v2\/product"}],"about":[{"href":"https:\/\/moldearte.com\/en\/wp-json\/wp\/v2\/types\/product"}],"wp:featuredmedia":[{"embeddable":true,"href":"https:\/\/moldearte.com\/en\/wp-json\/wp\/v2\/media\/8169"}],"wp:attachment":[{"href":"https:\/\/moldearte.com\/en\/wp-json\/wp\/v2\/media?parent=8166"}],"wp:term":[{"taxonomy":"product_brand","embeddable":true,"href":"https:\/\/moldearte.com\/en\/wp-json\/wp\/v2\/product_brand?post=8166"},{"taxonomy":"product_cat","embeddable":true,"href":"https:\/\/moldearte.com\/en\/wp-json\/wp\/v2\/product_cat?post=8166"},{"taxonomy":"product_tag","embeddable":true,"href":"https:\/\/moldearte.com\/en\/wp-json\/wp\/v2\/product_tag?post=8166"},{"taxonomy":"giftcard-category","embeddable":true,"href":"https:\/\/moldearte.com\/en\/wp-json\/wp\/v2\/giftcard-category?post=8166"}],"curies":[{"name":"wp","href":"https:\/\/api.w.org\/{rel}","templated":true}]}}