{"id":8134,"date":"2024-11-08T06:56:24","date_gmt":"2024-11-08T14:56:24","guid":{"rendered":"https:\/\/moldearte.com\/?post_type=product&#038;p=8134"},"modified":"2026-03-31T13:05:51","modified_gmt":"2026-03-31T20:05:51","slug":"consulta-de-medicina-estetica-virtual","status":"publish","type":"product","link":"https:\/\/moldearte.com\/en\/tratamiento\/consulta-de-medicina-estetica-virtual\/","title":{"rendered":"VIRTUAL AESTHETIC MEDICINE CONSULTATION"},"content":{"rendered":"<h4>Principales beneficios de la consulta virtual \ud83c\udf08\ud83d\udca1<\/h4>\n<ol>\n<li><strong>Acceso c\u00f3modo y seguro<\/strong>: Recibe orientaci\u00f3n sin necesidad de desplazarte ni comprometerte a una cita presencial.<\/li>\n<li><strong>Evaluaci\u00f3n personalizada<\/strong>: Obt\u00e9n una evaluaci\u00f3n detallada y recomendaciones dise\u00f1adas para tus necesidades espec\u00edficas.<\/li>\n<li><strong>Ahorro de tiempo<\/strong>: Programa tu consulta en un horario conveniente, sin necesidad de traslados.<\/li>\n<li><strong>Preparaci\u00f3n para tratamientos<\/strong>: Inicia con un plan personalizado antes de agendar tu tratamiento, asegurando mejores resultados.<\/li>\n<li><strong>Confianza y tranquilidad<\/strong>: Resuelve todas tus dudas y conoce los beneficios, procesos y opciones de tratamiento en un ambiente seguro y confiable.<\/li>\n<\/ol>\n<p>\u00a1Transforma tu experiencia de belleza en algo f\u00e1cil, accesible y hecho a la medida de tu piel! \ud83d\udda5\ud83d\udc96<\/p>","protected":false},"excerpt":{"rendered":"<p>Ideal para personas que buscan asesor\u00eda en medicina est\u00e9tica desde la comodidad de su hogar, quienes desean una evaluaci\u00f3n inicial antes de decidir un tratamiento, o quienes tienen preguntas sobre cuidado de la piel, rejuvenecimiento, o procedimientos faciales y corporales.<\/p>\n<h4>\u00bfQu\u00e9 incluye el tratamiento? \ud83d\udc96<\/h4>\n<p>Una consulta en Medicina Est\u00e9tica entre <span style=\"font-weight: 400;\">15 a 30 minutos por medio de videollamada.<\/span><br \/>\n<span class=\"fontstyle0\"><span style=\"color: #ff914d;\"><strong>*Cuenta con 60 d\u00edas para realizarse el tratamiento a partir de su compra<\/strong><\/span><\/span><\/p>","protected":false},"featured_media":8136,"template":"","meta":[],"product_brand":[],"product_cat":[237,262,26],"product_tag":[],"giftcard-category":[],"class_list":{"0":"post-8134","1":"product","2":"type-product","3":"status-publish","4":"has-post-thumbnail","6":"product_cat-consulta-medica","7":"product_cat-promosmedicas","8":"product_cat-txmedicos","10":"first","11":"instock","12":"virtual","13":"purchasable","14":"product-type-simple"},"yoast_head":"<!-- This site is optimized with the Yoast SEO Premium plugin v27.2 (Yoast SEO v27.3) - https:\/\/yoast.com\/product\/yoast-seo-premium-wordpress\/ -->\n<title>CONSULTA DE MEDICINA EST\u00c9TICA VIRTUAL - MoldeArte | L\u00edderes en Medicina Est\u00e9tica en Tijuana y Rosarito<\/title>\n<meta name=\"robots\" content=\"index, follow, max-snippet:-1, max-image-preview:large, max-video-preview:-1\" \/>\n<link rel=\"canonical\" href=\"https:\/\/moldearte.com\/en\/tratamiento\/consulta-de-medicina-estetica-virtual\/\" \/>\n<meta property=\"og:locale\" content=\"en_US\" \/>\n<meta property=\"og:type\" content=\"article\" \/>\n<meta property=\"og:title\" content=\"CONSULTA DE MEDICINA EST\u00c9TICA VIRTUAL\" \/>\n<meta property=\"og:description\" content=\"Ideal para personas que buscan asesor\u00eda en medicina est\u00e9tica desde la comodidad de su hogar, quienes desean una evaluaci\u00f3n inicial antes de decidir un tratamiento, o quienes tienen preguntas sobre cuidado de la piel, rejuvenecimiento, o procedimientos faciales y corporales. \u00bfQu\u00e9 incluye el tratamiento? \ud83d\udc96 Una consulta en Medicina Est\u00e9tica entre 15 a 30 minutos por medio de videollamada. *Cuenta con 60 d\u00edas para realizarse el tratamiento a partir de su compra\" \/>\n<meta property=\"og:url\" content=\"https:\/\/moldearte.com\/en\/tratamiento\/consulta-de-medicina-estetica-virtual\/\" \/>\n<meta property=\"og:site_name\" content=\"MoldeArte | L\u00edderes en Medicina Est\u00e9tica en Tijuana y Rosarito\" \/>\n<meta property=\"article:modified_time\" content=\"2026-03-31T20:05:51+00:00\" \/>\n<meta property=\"og:image\" content=\"https:\/\/moldearte.com\/wp-content\/uploads\/2024\/11\/videollamada.png\" \/>\n\t<meta property=\"og:image:width\" content=\"1080\" \/>\n\t<meta property=\"og:image:height\" content=\"1080\" \/>\n\t<meta property=\"og:image:type\" content=\"image\/png\" \/>\n<meta name=\"twitter:card\" content=\"summary_large_image\" \/>\n<meta name=\"twitter:label1\" content=\"Price\" \/>\n\t<meta name=\"twitter:data1\" content=\"&#036;700.00\" \/>\n\t<meta name=\"twitter:label2\" content=\"Availability\" \/>\n\t<meta name=\"twitter:data2\" content=\"In stock\" \/>\n<script type=\"application\/ld+json\" class=\"yoast-schema-graph\">{\"@context\":\"https:\\\/\\\/schema.org\",\"@graph\":[{\"@type\":\"WebPage\",\"@id\":\"https:\\\/\\\/moldearte.com\\\/tratamiento\\\/consulta-de-medicina-estetica-virtual\\\/\",\"url\":\"https:\\\/\\\/moldearte.com\\\/tratamiento\\\/consulta-de-medicina-estetica-virtual\\\/\",\"name\":\"CONSULTA DE MEDICINA EST\u00c9TICA VIRTUAL - MoldeArte | L\u00edderes en Medicina Est\u00e9tica en Tijuana y Rosarito\",\"isPartOf\":{\"@id\":\"https:\\\/\\\/moldearte.com\\\/#website\"},\"primaryImageOfPage\":{\"@id\":\"https:\\\/\\\/moldearte.com\\\/tratamiento\\\/consulta-de-medicina-estetica-virtual\\\/#primaryimage\"},\"image\":{\"@id\":\"https:\\\/\\\/moldearte.com\\\/tratamiento\\\/consulta-de-medicina-estetica-virtual\\\/#primaryimage\"},\"thumbnailUrl\":\"https:\\\/\\\/moldearte.com\\\/wp-content\\\/uploads\\\/2024\\\/11\\\/videollamada.png\",\"datePublished\":\"2024-11-08T14:56:24+00:00\",\"dateModified\":\"2026-03-31T20:05:51+00:00\",\"breadcrumb\":{\"@id\":\"https:\\\/\\\/moldearte.com\\\/tratamiento\\\/consulta-de-medicina-estetica-virtual\\\/#breadcrumb\"},\"inLanguage\":\"en-US\",\"potentialAction\":[{\"@type\":\"ReadAction\",\"target\":[\"https:\\\/\\\/moldearte.com\\\/tratamiento\\\/consulta-de-medicina-estetica-virtual\\\/\"]}]},{\"@type\":\"ImageObject\",\"inLanguage\":\"en-US\",\"@id\":\"https:\\\/\\\/moldearte.com\\\/tratamiento\\\/consulta-de-medicina-estetica-virtual\\\/#primaryimage\",\"url\":\"https:\\\/\\\/moldearte.com\\\/wp-content\\\/uploads\\\/2024\\\/11\\\/videollamada.png\",\"contentUrl\":\"https:\\\/\\\/moldearte.com\\\/wp-content\\\/uploads\\\/2024\\\/11\\\/videollamada.png\",\"width\":1080,\"height\":1080},{\"@type\":\"BreadcrumbList\",\"@id\":\"https:\\\/\\\/moldearte.com\\\/tratamiento\\\/consulta-de-medicina-estetica-virtual\\\/#breadcrumb\",\"itemListElement\":[{\"@type\":\"ListItem\",\"position\":1,\"name\":\"Portada\",\"item\":\"https:\\\/\\\/moldearte.com\\\/\"},{\"@type\":\"ListItem\",\"position\":2,\"name\":\"Tienda\",\"item\":\"https:\\\/\\\/moldearte.com\\\/en\\\/tienda\\\/\"},{\"@type\":\"ListItem\",\"position\":3,\"name\":\"CONSULTA DE MEDICINA EST\u00c9TICA VIRTUAL\"}]},{\"@type\":\"WebSite\",\"@id\":\"https:\\\/\\\/moldearte.com\\\/#website\",\"url\":\"https:\\\/\\\/moldearte.com\\\/\",\"name\":\"MoldeArte | L\u00edderes en Medicina Est\u00e9tica en Tijuana y Rosarito\",\"description\":\"Rejuvenecimiento Facial y corporal sin cirug\u00eda\",\"publisher\":{\"@id\":\"https:\\\/\\\/moldearte.com\\\/#organization\"},\"potentialAction\":[{\"@type\":\"SearchAction\",\"target\":{\"@type\":\"EntryPoint\",\"urlTemplate\":\"https:\\\/\\\/moldearte.com\\\/?s={search_term_string}\"},\"query-input\":{\"@type\":\"PropertyValueSpecification\",\"valueRequired\":true,\"valueName\":\"search_term_string\"}}],\"inLanguage\":\"en-US\"},{\"@type\":\"Organization\",\"@id\":\"https:\\\/\\\/moldearte.com\\\/#organization\",\"name\":\"MoldeArte | L\u00edderes en Medicina Est\u00e9tica en Tijuana y Rosarito\",\"url\":\"https:\\\/\\\/moldearte.com\\\/\",\"logo\":{\"@type\":\"ImageObject\",\"inLanguage\":\"en-US\",\"@id\":\"https:\\\/\\\/moldearte.com\\\/#\\\/schema\\\/logo\\\/image\\\/\",\"url\":\"https:\\\/\\\/moldearte.com\\\/wp-content\\\/uploads\\\/2023\\\/01\\\/cropped-cropped-rejuvenecimiento-facial-sin-cirugia-tijuana.png\",\"contentUrl\":\"https:\\\/\\\/moldearte.com\\\/wp-content\\\/uploads\\\/2023\\\/01\\\/cropped-cropped-rejuvenecimiento-facial-sin-cirugia-tijuana.png\",\"width\":3255,\"height\":1059,\"caption\":\"MoldeArte | L\u00edderes en Medicina Est\u00e9tica en Tijuana y Rosarito\"},\"image\":{\"@id\":\"https:\\\/\\\/moldearte.com\\\/#\\\/schema\\\/logo\\\/image\\\/\"}}]}<\/script>\n<meta property=\"product:price:amount\" content=\"700.00\" \/>\n<meta property=\"product:price:currency\" content=\"MXN\" \/>\n<meta property=\"og:availability\" content=\"instock\" \/>\n<meta property=\"product:availability\" content=\"instock\" \/>\n<meta property=\"product:condition\" content=\"new\" \/>\n<!-- \/ Yoast SEO Premium plugin. -->","yoast_head_json":{"title":"CONSULTA DE MEDICINA EST\u00c9TICA VIRTUAL - MoldeArte | L\u00edderes en Medicina Est\u00e9tica en Tijuana y Rosarito","robots":{"index":"index","follow":"follow","max-snippet":"max-snippet:-1","max-image-preview":"max-image-preview:large","max-video-preview":"max-video-preview:-1"},"canonical":"https:\/\/moldearte.com\/en\/tratamiento\/consulta-de-medicina-estetica-virtual\/","og_locale":"en_US","og_type":"article","og_title":"CONSULTA DE MEDICINA EST\u00c9TICA VIRTUAL","og_description":"Ideal para personas que buscan asesor\u00eda en medicina est\u00e9tica desde la comodidad de su hogar, quienes desean una evaluaci\u00f3n inicial antes de decidir un tratamiento, o quienes tienen preguntas sobre cuidado de la piel, rejuvenecimiento, o procedimientos faciales y corporales. \u00bfQu\u00e9 incluye el tratamiento? \ud83d\udc96 Una consulta en Medicina Est\u00e9tica entre 15 a 30 minutos por medio de videollamada. *Cuenta con 60 d\u00edas para realizarse el tratamiento a partir de su compra","og_url":"https:\/\/moldearte.com\/en\/tratamiento\/consulta-de-medicina-estetica-virtual\/","og_site_name":"MoldeArte | L\u00edderes en Medicina Est\u00e9tica en Tijuana y Rosarito","article_modified_time":"2026-03-31T20:05:51+00:00","og_image":[{"width":1080,"height":1080,"url":"https:\/\/moldearte.com\/wp-content\/uploads\/2024\/11\/videollamada.png","type":"image\/png"}],"twitter_card":"summary_large_image","twitter_misc":{"Price":"&#36;700.00","Availability":"In stock"},"schema":{"@context":"https:\/\/schema.org","@graph":[{"@type":"WebPage","@id":"https:\/\/moldearte.com\/tratamiento\/consulta-de-medicina-estetica-virtual\/","url":"https:\/\/moldearte.com\/tratamiento\/consulta-de-medicina-estetica-virtual\/","name":"CONSULTA DE MEDICINA EST\u00c9TICA VIRTUAL - MoldeArte | L\u00edderes en Medicina Est\u00e9tica en Tijuana y Rosarito","isPartOf":{"@id":"https:\/\/moldearte.com\/#website"},"primaryImageOfPage":{"@id":"https:\/\/moldearte.com\/tratamiento\/consulta-de-medicina-estetica-virtual\/#primaryimage"},"image":{"@id":"https:\/\/moldearte.com\/tratamiento\/consulta-de-medicina-estetica-virtual\/#primaryimage"},"thumbnailUrl":"https:\/\/moldearte.com\/wp-content\/uploads\/2024\/11\/videollamada.png","datePublished":"2024-11-08T14:56:24+00:00","dateModified":"2026-03-31T20:05:51+00:00","breadcrumb":{"@id":"https:\/\/moldearte.com\/tratamiento\/consulta-de-medicina-estetica-virtual\/#breadcrumb"},"inLanguage":"en-US","potentialAction":[{"@type":"ReadAction","target":["https:\/\/moldearte.com\/tratamiento\/consulta-de-medicina-estetica-virtual\/"]}]},{"@type":"ImageObject","inLanguage":"en-US","@id":"https:\/\/moldearte.com\/tratamiento\/consulta-de-medicina-estetica-virtual\/#primaryimage","url":"https:\/\/moldearte.com\/wp-content\/uploads\/2024\/11\/videollamada.png","contentUrl":"https:\/\/moldearte.com\/wp-content\/uploads\/2024\/11\/videollamada.png","width":1080,"height":1080},{"@type":"BreadcrumbList","@id":"https:\/\/moldearte.com\/tratamiento\/consulta-de-medicina-estetica-virtual\/#breadcrumb","itemListElement":[{"@type":"ListItem","position":1,"name":"Portada","item":"https:\/\/moldearte.com\/"},{"@type":"ListItem","position":2,"name":"Tienda","item":"https:\/\/moldearte.com\/en\/tienda\/"},{"@type":"ListItem","position":3,"name":"CONSULTA DE MEDICINA EST\u00c9TICA VIRTUAL"}]},{"@type":"WebSite","@id":"https:\/\/moldearte.com\/#website","url":"https:\/\/moldearte.com\/","name":"MoldeArte | L\u00edderes en Medicina Est\u00e9tica en Tijuana y Rosarito","description":"Rejuvenecimiento Facial y corporal sin cirug\u00eda","publisher":{"@id":"https:\/\/moldearte.com\/#organization"},"potentialAction":[{"@type":"SearchAction","target":{"@type":"EntryPoint","urlTemplate":"https:\/\/moldearte.com\/?s={search_term_string}"},"query-input":{"@type":"PropertyValueSpecification","valueRequired":true,"valueName":"search_term_string"}}],"inLanguage":"en-US"},{"@type":"Organization","@id":"https:\/\/moldearte.com\/#organization","name":"MoldeArte | L\u00edderes en Medicina Est\u00e9tica en Tijuana y Rosarito","url":"https:\/\/moldearte.com\/","logo":{"@type":"ImageObject","inLanguage":"en-US","@id":"https:\/\/moldearte.com\/#\/schema\/logo\/image\/","url":"https:\/\/moldearte.com\/wp-content\/uploads\/2023\/01\/cropped-cropped-rejuvenecimiento-facial-sin-cirugia-tijuana.png","contentUrl":"https:\/\/moldearte.com\/wp-content\/uploads\/2023\/01\/cropped-cropped-rejuvenecimiento-facial-sin-cirugia-tijuana.png","width":3255,"height":1059,"caption":"MoldeArte | L\u00edderes en Medicina Est\u00e9tica en Tijuana y Rosarito"},"image":{"@id":"https:\/\/moldearte.com\/#\/schema\/logo\/image\/"}}]},"product_price_amount":"700.00","product_price_currency":"MXN","og_availability":"instock","product_availability":"instock","product_condition":"new"},"_links":{"self":[{"href":"https:\/\/moldearte.com\/en\/wp-json\/wp\/v2\/product\/8134","targetHints":{"allow":["GET"]}}],"collection":[{"href":"https:\/\/moldearte.com\/en\/wp-json\/wp\/v2\/product"}],"about":[{"href":"https:\/\/moldearte.com\/en\/wp-json\/wp\/v2\/types\/product"}],"wp:featuredmedia":[{"embeddable":true,"href":"https:\/\/moldearte.com\/en\/wp-json\/wp\/v2\/media\/8136"}],"wp:attachment":[{"href":"https:\/\/moldearte.com\/en\/wp-json\/wp\/v2\/media?parent=8134"}],"wp:term":[{"taxonomy":"product_brand","embeddable":true,"href":"https:\/\/moldearte.com\/en\/wp-json\/wp\/v2\/product_brand?post=8134"},{"taxonomy":"product_cat","embeddable":true,"href":"https:\/\/moldearte.com\/en\/wp-json\/wp\/v2\/product_cat?post=8134"},{"taxonomy":"product_tag","embeddable":true,"href":"https:\/\/moldearte.com\/en\/wp-json\/wp\/v2\/product_tag?post=8134"},{"taxonomy":"giftcard-category","embeddable":true,"href":"https:\/\/moldearte.com\/en\/wp-json\/wp\/v2\/giftcard-category?post=8134"}],"curies":[{"name":"wp","href":"https:\/\/api.w.org\/{rel}","templated":true}]}}