{"id":8120,"date":"2024-11-08T06:44:52","date_gmt":"2024-11-08T14:44:52","guid":{"rendered":"https:\/\/moldearte.com\/?post_type=product&#038;p=8120"},"modified":"2026-04-01T09:51:04","modified_gmt":"2026-04-01T16:51:04","slug":"laser-diodo-exclusivo-zona-rio","status":"publish","type":"product","link":"https:\/\/moldearte.com\/en\/tratamiento\/laser-diodo-exclusivo-zona-rio\/","title":{"rendered":"DIODE LASER HAIR REMOVAL"},"content":{"rendered":"<h4>\u00bfQui\u00e9n es candidato a este tratamiento? \ud83d\udc81\u200d\u2642\ufe0f\ud83d\udc81\u200d\u2640\ufe0f<\/h4>\n<p>La depilaci\u00f3n l\u00e1ser diodo es ideal para personas de cualquier g\u00e9nero que desean reducir significativamente el crecimiento de vello en \u00e1reas como piernas, brazos, espalda, axilas, rostro y l\u00ednea del bikini.<\/p>\n<h4>Edad o tipo de piel ideal \ud83d\udc76\ud83c\udf08<\/h4>\n<p>Este tratamiento es seguro para personas a partir de los 18 a\u00f1os y es efectivo en una amplia variedad de tipos de piel, desde piel clara hasta piel morena. Adem\u00e1s, es especialmente eficaz en vello oscuro y resistente.<\/p>\n<h4>Principales beneficios del tratamiento \ud83c\udf1f\ud83d\udc96<\/h4>\n<ol>\n<li><strong>Resultados duraderos<\/strong>: Disminuye el crecimiento del vello de forma prolongada, evitando la necesidad de depilaciones frecuentes.<\/li>\n<li><strong>Menos dolor e irritaci\u00f3n<\/strong>: Es una opci\u00f3n m\u00e1s c\u00f3moda en comparaci\u00f3n con la depilaci\u00f3n con cera o cuchillas.<\/li>\n<li><strong>Piel suave y uniforme<\/strong>: Cada sesi\u00f3n contribuye a una piel m\u00e1s tersa, sin las irritaciones o vellos encarnados de otros m\u00e9todos.<\/li>\n<li><strong>R\u00e1pido y seguro<\/strong>: El tratamiento es eficiente y seguro, ideal para sesiones en \u00e1reas grandes y peque\u00f1as.<\/li>\n<li><strong>Ahorro a largo plazo<\/strong>: Con el tiempo, ver\u00e1s c\u00f3mo el l\u00e1ser diodo reduce la necesidad de otros m\u00e9todos de depilaci\u00f3n, haciendo que tu inversi\u00f3n sea duradera.<\/li>\n<\/ol>\n<p>\u00a1Disfruta de una piel libre de vello y preparada para cualquier ocasi\u00f3n! \ud83c\udf1e\u2728<br \/>\n<span style=\"color: #ff914d;\"><strong><span style=\"color: #ff0000;\">Tratamiento exclusivo en MoldeArte VIP en zona rio<\/span><\/strong><\/span><\/p>","protected":false},"excerpt":{"rendered":"<p>La depilaci\u00f3n con l\u00e1ser diodo es un tratamiento avanzado que utiliza un haz de luz concentrado para eliminar el vello de ra\u00edz, brindando resultados de larga duraci\u00f3n y dejando la piel incre\u00edblemente suave. Ideal para quienes buscan una soluci\u00f3n duradera y c\u00f3moda para deshacerse del vello en zonas espec\u00edficas del cuerpo, el l\u00e1ser diodo es la opci\u00f3n perfecta para una piel lisa y sin preocupaciones. \ud83c\udf37\u2728<\/p>\n<h4>\u00bfQu\u00e9 incluye el tratamiento? \ud83d\udc96<\/h4>\n<p><span style=\"color: #ff914d;\"><strong><span style=\"color: #ff0000;\">Tratamiento exclusivo en Zona R\u00edo y Cacho<br \/>\n<\/span><\/strong><\/span>Depilaci\u00f3n con L\u00e1ser Diodo en una zona<br \/>\n<span class=\"fontstyle0\"><span style=\"color: #ff914d;\"><strong>*Cuenta con 60 d\u00edas para realizarse el tratamiento a partir de su compra<\/strong><\/span><\/span><\/p>","protected":false},"featured_media":330,"template":"","meta":[],"product_brand":[],"product_cat":[257,261,27],"product_tag":[],"giftcard-category":[],"class_list":{"0":"post-8120","1":"product","2":"type-product","3":"status-publish","4":"has-post-thumbnail","6":"product_cat-depilacion","7":"product_cat-promoscosme","8":"product_cat-txcosmetologicos","10":"first","11":"instock","12":"sale","13":"shipping-taxable","14":"purchasable","15":"product-type-variable","16":"has-default-attributes"},"yoast_head":"<!-- This site is optimized with the Yoast SEO Premium plugin v27.2 (Yoast SEO v27.4) - https:\/\/yoast.com\/product\/yoast-seo-premium-wordpress\/ -->\n<title>DEPILACI\u00d3N CON L\u00c1SER DIODO - MoldeArte | L\u00edderes en Medicina Est\u00e9tica en Tijuana y Rosarito<\/title>\n<meta name=\"robots\" content=\"index, follow, max-snippet:-1, max-image-preview:large, max-video-preview:-1\" \/>\n<link rel=\"canonical\" href=\"https:\/\/moldearte.com\/en\/tratamiento\/laser-diodo-exclusivo-zona-rio\/\" \/>\n<meta property=\"og:locale\" content=\"en_US\" \/>\n<meta property=\"og:type\" content=\"article\" \/>\n<meta property=\"og:title\" content=\"DEPILACI\u00d3N CON L\u00c1SER DIODO\" \/>\n<meta property=\"og:description\" content=\"La depilaci\u00f3n con l\u00e1ser diodo es un tratamiento avanzado que utiliza un haz de luz concentrado para eliminar el vello de ra\u00edz, brindando resultados de larga duraci\u00f3n y dejando la piel incre\u00edblemente suave. Ideal para quienes buscan una soluci\u00f3n duradera y c\u00f3moda para deshacerse del vello en zonas espec\u00edficas del cuerpo, el l\u00e1ser diodo es la opci\u00f3n perfecta para una piel lisa y sin preocupaciones. \ud83c\udf37\u2728 \u00bfQu\u00e9 incluye el tratamiento? \ud83d\udc96 Tratamiento exclusivo en Zona R\u00edo y Cacho Depilaci\u00f3n con L\u00e1ser Diodo en una zona *Cuenta con 60 d\u00edas para realizarse el tratamiento a partir de su compra\" \/>\n<meta property=\"og:url\" content=\"https:\/\/moldearte.com\/en\/tratamiento\/laser-diodo-exclusivo-zona-rio\/\" \/>\n<meta property=\"og:site_name\" content=\"MoldeArte | L\u00edderes en Medicina Est\u00e9tica en Tijuana y Rosarito\" \/>\n<meta property=\"article:modified_time\" content=\"2026-04-01T16:51:04+00:00\" \/>\n<meta property=\"og:image\" content=\"https:\/\/moldearte.com\/wp-content\/uploads\/2023\/01\/carboxiterapia-tijuana.png\" \/>\n\t<meta property=\"og:image:width\" content=\"1080\" \/>\n\t<meta property=\"og:image:height\" content=\"1080\" \/>\n\t<meta property=\"og:image:type\" content=\"image\/png\" \/>\n<meta name=\"twitter:card\" content=\"summary_large_image\" \/>\n<meta name=\"twitter:label1\" content=\"Availability\" \/>\n\t<meta name=\"twitter:data1\" content=\"In stock\" \/>\n<script type=\"application\/ld+json\" class=\"yoast-schema-graph\">{\"@context\":\"https:\\\/\\\/schema.org\",\"@graph\":[{\"@type\":\"WebPage\",\"@id\":\"https:\\\/\\\/moldearte.com\\\/tratamiento\\\/laser-diodo-exclusivo-zona-rio\\\/\",\"url\":\"https:\\\/\\\/moldearte.com\\\/tratamiento\\\/laser-diodo-exclusivo-zona-rio\\\/\",\"name\":\"DEPILACI\u00d3N CON L\u00c1SER DIODO - MoldeArte | L\u00edderes en Medicina Est\u00e9tica en Tijuana y Rosarito\",\"isPartOf\":{\"@id\":\"https:\\\/\\\/moldearte.com\\\/#website\"},\"primaryImageOfPage\":{\"@id\":\"https:\\\/\\\/moldearte.com\\\/tratamiento\\\/laser-diodo-exclusivo-zona-rio\\\/#primaryimage\"},\"image\":{\"@id\":\"https:\\\/\\\/moldearte.com\\\/tratamiento\\\/laser-diodo-exclusivo-zona-rio\\\/#primaryimage\"},\"thumbnailUrl\":\"https:\\\/\\\/moldearte.com\\\/wp-content\\\/uploads\\\/2023\\\/01\\\/carboxiterapia-tijuana.png\",\"datePublished\":\"2024-11-08T14:44:52+00:00\",\"dateModified\":\"2026-04-01T16:51:04+00:00\",\"breadcrumb\":{\"@id\":\"https:\\\/\\\/moldearte.com\\\/tratamiento\\\/laser-diodo-exclusivo-zona-rio\\\/#breadcrumb\"},\"inLanguage\":\"en-US\",\"potentialAction\":[{\"@type\":\"ReadAction\",\"target\":[\"https:\\\/\\\/moldearte.com\\\/tratamiento\\\/laser-diodo-exclusivo-zona-rio\\\/\"]}]},{\"@type\":\"ImageObject\",\"inLanguage\":\"en-US\",\"@id\":\"https:\\\/\\\/moldearte.com\\\/tratamiento\\\/laser-diodo-exclusivo-zona-rio\\\/#primaryimage\",\"url\":\"https:\\\/\\\/moldearte.com\\\/wp-content\\\/uploads\\\/2023\\\/01\\\/carboxiterapia-tijuana.png\",\"contentUrl\":\"https:\\\/\\\/moldearte.com\\\/wp-content\\\/uploads\\\/2023\\\/01\\\/carboxiterapia-tijuana.png\",\"width\":1080,\"height\":1080},{\"@type\":\"BreadcrumbList\",\"@id\":\"https:\\\/\\\/moldearte.com\\\/tratamiento\\\/laser-diodo-exclusivo-zona-rio\\\/#breadcrumb\",\"itemListElement\":[{\"@type\":\"ListItem\",\"position\":1,\"name\":\"Portada\",\"item\":\"https:\\\/\\\/moldearte.com\\\/\"},{\"@type\":\"ListItem\",\"position\":2,\"name\":\"Tienda\",\"item\":\"https:\\\/\\\/moldearte.com\\\/en\\\/tienda\\\/\"},{\"@type\":\"ListItem\",\"position\":3,\"name\":\"DEPILACI\u00d3N CON L\u00c1SER DIODO\"}]},{\"@type\":\"WebSite\",\"@id\":\"https:\\\/\\\/moldearte.com\\\/#website\",\"url\":\"https:\\\/\\\/moldearte.com\\\/\",\"name\":\"MoldeArte | L\u00edderes en Medicina Est\u00e9tica en Tijuana y Rosarito\",\"description\":\"Rejuvenecimiento Facial y corporal sin cirug\u00eda\",\"publisher\":{\"@id\":\"https:\\\/\\\/moldearte.com\\\/#organization\"},\"potentialAction\":[{\"@type\":\"SearchAction\",\"target\":{\"@type\":\"EntryPoint\",\"urlTemplate\":\"https:\\\/\\\/moldearte.com\\\/?s={search_term_string}\"},\"query-input\":{\"@type\":\"PropertyValueSpecification\",\"valueRequired\":true,\"valueName\":\"search_term_string\"}}],\"inLanguage\":\"en-US\"},{\"@type\":\"Organization\",\"@id\":\"https:\\\/\\\/moldearte.com\\\/#organization\",\"name\":\"MoldeArte | L\u00edderes en Medicina Est\u00e9tica en Tijuana y Rosarito\",\"url\":\"https:\\\/\\\/moldearte.com\\\/\",\"logo\":{\"@type\":\"ImageObject\",\"inLanguage\":\"en-US\",\"@id\":\"https:\\\/\\\/moldearte.com\\\/#\\\/schema\\\/logo\\\/image\\\/\",\"url\":\"https:\\\/\\\/moldearte.com\\\/wp-content\\\/uploads\\\/2023\\\/01\\\/cropped-cropped-rejuvenecimiento-facial-sin-cirugia-tijuana.png\",\"contentUrl\":\"https:\\\/\\\/moldearte.com\\\/wp-content\\\/uploads\\\/2023\\\/01\\\/cropped-cropped-rejuvenecimiento-facial-sin-cirugia-tijuana.png\",\"width\":3255,\"height\":1059,\"caption\":\"MoldeArte | L\u00edderes en Medicina Est\u00e9tica en Tijuana y Rosarito\"},\"image\":{\"@id\":\"https:\\\/\\\/moldearte.com\\\/#\\\/schema\\\/logo\\\/image\\\/\"}}]}<\/script>\n<meta property=\"og:availability\" content=\"instock\" \/>\n<meta property=\"product:availability\" content=\"instock\" \/>\n<meta property=\"product:condition\" content=\"new\" \/>\n<!-- \/ Yoast SEO Premium plugin. -->","yoast_head_json":{"title":"DEPILACI\u00d3N CON L\u00c1SER DIODO - MoldeArte | L\u00edderes en Medicina Est\u00e9tica en Tijuana y Rosarito","robots":{"index":"index","follow":"follow","max-snippet":"max-snippet:-1","max-image-preview":"max-image-preview:large","max-video-preview":"max-video-preview:-1"},"canonical":"https:\/\/moldearte.com\/en\/tratamiento\/laser-diodo-exclusivo-zona-rio\/","og_locale":"en_US","og_type":"article","og_title":"DEPILACI\u00d3N CON L\u00c1SER DIODO","og_description":"La depilaci\u00f3n con l\u00e1ser diodo es un tratamiento avanzado que utiliza un haz de luz concentrado para eliminar el vello de ra\u00edz, brindando resultados de larga duraci\u00f3n y dejando la piel incre\u00edblemente suave. Ideal para quienes buscan una soluci\u00f3n duradera y c\u00f3moda para deshacerse del vello en zonas espec\u00edficas del cuerpo, el l\u00e1ser diodo es la opci\u00f3n perfecta para una piel lisa y sin preocupaciones. \ud83c\udf37\u2728 \u00bfQu\u00e9 incluye el tratamiento? \ud83d\udc96 Tratamiento exclusivo en Zona R\u00edo y Cacho Depilaci\u00f3n con L\u00e1ser Diodo en una zona *Cuenta con 60 d\u00edas para realizarse el tratamiento a partir de su compra","og_url":"https:\/\/moldearte.com\/en\/tratamiento\/laser-diodo-exclusivo-zona-rio\/","og_site_name":"MoldeArte | L\u00edderes en Medicina Est\u00e9tica en Tijuana y Rosarito","article_modified_time":"2026-04-01T16:51:04+00:00","og_image":[{"width":1080,"height":1080,"url":"https:\/\/moldearte.com\/wp-content\/uploads\/2023\/01\/carboxiterapia-tijuana.png","type":"image\/png"}],"twitter_card":"summary_large_image","twitter_misc":{"Availability":"In stock"},"schema":{"@context":"https:\/\/schema.org","@graph":[{"@type":"WebPage","@id":"https:\/\/moldearte.com\/tratamiento\/laser-diodo-exclusivo-zona-rio\/","url":"https:\/\/moldearte.com\/tratamiento\/laser-diodo-exclusivo-zona-rio\/","name":"DEPILACI\u00d3N CON L\u00c1SER DIODO - MoldeArte | L\u00edderes en Medicina Est\u00e9tica en Tijuana y Rosarito","isPartOf":{"@id":"https:\/\/moldearte.com\/#website"},"primaryImageOfPage":{"@id":"https:\/\/moldearte.com\/tratamiento\/laser-diodo-exclusivo-zona-rio\/#primaryimage"},"image":{"@id":"https:\/\/moldearte.com\/tratamiento\/laser-diodo-exclusivo-zona-rio\/#primaryimage"},"thumbnailUrl":"https:\/\/moldearte.com\/wp-content\/uploads\/2023\/01\/carboxiterapia-tijuana.png","datePublished":"2024-11-08T14:44:52+00:00","dateModified":"2026-04-01T16:51:04+00:00","breadcrumb":{"@id":"https:\/\/moldearte.com\/tratamiento\/laser-diodo-exclusivo-zona-rio\/#breadcrumb"},"inLanguage":"en-US","potentialAction":[{"@type":"ReadAction","target":["https:\/\/moldearte.com\/tratamiento\/laser-diodo-exclusivo-zona-rio\/"]}]},{"@type":"ImageObject","inLanguage":"en-US","@id":"https:\/\/moldearte.com\/tratamiento\/laser-diodo-exclusivo-zona-rio\/#primaryimage","url":"https:\/\/moldearte.com\/wp-content\/uploads\/2023\/01\/carboxiterapia-tijuana.png","contentUrl":"https:\/\/moldearte.com\/wp-content\/uploads\/2023\/01\/carboxiterapia-tijuana.png","width":1080,"height":1080},{"@type":"BreadcrumbList","@id":"https:\/\/moldearte.com\/tratamiento\/laser-diodo-exclusivo-zona-rio\/#breadcrumb","itemListElement":[{"@type":"ListItem","position":1,"name":"Portada","item":"https:\/\/moldearte.com\/"},{"@type":"ListItem","position":2,"name":"Tienda","item":"https:\/\/moldearte.com\/en\/tienda\/"},{"@type":"ListItem","position":3,"name":"DEPILACI\u00d3N CON L\u00c1SER DIODO"}]},{"@type":"WebSite","@id":"https:\/\/moldearte.com\/#website","url":"https:\/\/moldearte.com\/","name":"MoldeArte | L\u00edderes en Medicina Est\u00e9tica en Tijuana y Rosarito","description":"Rejuvenecimiento Facial y corporal sin cirug\u00eda","publisher":{"@id":"https:\/\/moldearte.com\/#organization"},"potentialAction":[{"@type":"SearchAction","target":{"@type":"EntryPoint","urlTemplate":"https:\/\/moldearte.com\/?s={search_term_string}"},"query-input":{"@type":"PropertyValueSpecification","valueRequired":true,"valueName":"search_term_string"}}],"inLanguage":"en-US"},{"@type":"Organization","@id":"https:\/\/moldearte.com\/#organization","name":"MoldeArte | L\u00edderes en Medicina Est\u00e9tica en Tijuana y Rosarito","url":"https:\/\/moldearte.com\/","logo":{"@type":"ImageObject","inLanguage":"en-US","@id":"https:\/\/moldearte.com\/#\/schema\/logo\/image\/","url":"https:\/\/moldearte.com\/wp-content\/uploads\/2023\/01\/cropped-cropped-rejuvenecimiento-facial-sin-cirugia-tijuana.png","contentUrl":"https:\/\/moldearte.com\/wp-content\/uploads\/2023\/01\/cropped-cropped-rejuvenecimiento-facial-sin-cirugia-tijuana.png","width":3255,"height":1059,"caption":"MoldeArte | L\u00edderes en Medicina Est\u00e9tica en Tijuana y Rosarito"},"image":{"@id":"https:\/\/moldearte.com\/#\/schema\/logo\/image\/"}}]},"og_availability":"instock","product_availability":"instock","product_condition":"new"},"_links":{"self":[{"href":"https:\/\/moldearte.com\/en\/wp-json\/wp\/v2\/product\/8120","targetHints":{"allow":["GET"]}}],"collection":[{"href":"https:\/\/moldearte.com\/en\/wp-json\/wp\/v2\/product"}],"about":[{"href":"https:\/\/moldearte.com\/en\/wp-json\/wp\/v2\/types\/product"}],"wp:featuredmedia":[{"embeddable":true,"href":"https:\/\/moldearte.com\/en\/wp-json\/wp\/v2\/media\/330"}],"wp:attachment":[{"href":"https:\/\/moldearte.com\/en\/wp-json\/wp\/v2\/media?parent=8120"}],"wp:term":[{"taxonomy":"product_brand","embeddable":true,"href":"https:\/\/moldearte.com\/en\/wp-json\/wp\/v2\/product_brand?post=8120"},{"taxonomy":"product_cat","embeddable":true,"href":"https:\/\/moldearte.com\/en\/wp-json\/wp\/v2\/product_cat?post=8120"},{"taxonomy":"product_tag","embeddable":true,"href":"https:\/\/moldearte.com\/en\/wp-json\/wp\/v2\/product_tag?post=8120"},{"taxonomy":"giftcard-category","embeddable":true,"href":"https:\/\/moldearte.com\/en\/wp-json\/wp\/v2\/giftcard-category?post=8120"}],"curies":[{"name":"wp","href":"https:\/\/api.w.org\/{rel}","templated":true}]}}