{"id":8106,"date":"2024-11-08T06:32:08","date_gmt":"2024-11-08T14:32:08","guid":{"rendered":"https:\/\/moldearte.com\/?post_type=product&#038;p=8106"},"modified":"2026-03-25T11:29:18","modified_gmt":"2026-03-25T18:29:18","slug":"depilacion-ipl","status":"publish","type":"product","link":"https:\/\/moldearte.com\/en\/tratamiento\/depilacion-ipl\/","title":{"rendered":"IPL HAIR REMOVAL"},"content":{"rendered":"<h4>\u00bfQui\u00e9n es candidato a este tratamiento? \ud83d\udc81\u200d\u2640\ufe0f<\/h4>\n<p>La depilaci\u00f3n IPL es ideal para personas que desean reducir el crecimiento de vello en \u00e1reas espec\u00edficas como piernas, brazos, rostro, axilas, y zona del bikini.<\/p>\n<h4>Edad o tipo de piel ideal \ud83c\udf08<\/h4>\n<p>Funciona en todo tipo de piel y en personas de cualquier edad, aunque es especialmente eficaz en personas con tono de piel claro a medio y vello m\u00e1s oscuro, debido a la mayor absorci\u00f3n de la luz.<\/p>\n<h4>Principales beneficios del tratamiento \ud83c\udf1f\ud83d\udc96<\/h4>\n<ol>\n<li><strong>Reducci\u00f3n prolongada del vello<\/strong>: Notar\u00e1s una disminuci\u00f3n considerable en el crecimiento del vello despu\u00e9s de varias sesiones.<\/li>\n<li><strong>Piel suave y tersa<\/strong>: Cada sesi\u00f3n deja la piel m\u00e1s suave, sin necesidad de cuchillas o ceras.<\/li>\n<li><strong>Menos irritaci\u00f3n y vellos encarnados<\/strong>: Ideal para evitar problemas comunes con otros m\u00e9todos de depilaci\u00f3n.<\/li>\n<li><strong>R\u00e1pido y sin dolor<\/strong>: La depilaci\u00f3n IPL es r\u00e1pida y menos dolorosa que otros m\u00e9todos de depilaci\u00f3n l\u00e1ser.<\/li>\n<li><strong>Mantenimiento sencillo<\/strong>: Una vez alcanzados los resultados deseados, solo necesitar\u00e1s sesiones de mantenimiento ocasionales.<\/li>\n<\/ol>\n<p>\u00a1Di adi\u00f3s al vello no deseado y disfruta de una piel siempre lista para cualquier ocasi\u00f3n! \ud83c\udf1e\u2728<\/p>","protected":false},"excerpt":{"rendered":"<p>La depilaci\u00f3n con Luz Pulsada Intensa (IPL) es una t\u00e9cnica innovadora que utiliza pulsos de luz para eliminar el vello no deseado de manera efectiva y duradera. Ideal para quienes buscan una piel tersa y libre de vello sin las molestias de otros m\u00e9todos tradicionales, esta opci\u00f3n es perfecta para lograr una piel radiante con resultados de larga duraci\u00f3n. \ud83c\udf39<\/p>\n<h4>\u00bfQu\u00e9 incluye el tratamiento? \ud83d\udc96<\/h4>\n<p>Depilaci\u00f3n IPL en una zona.<br \/>\n<span class=\"fontstyle0\"><span style=\"color: #ff914d;\"><strong>*Cuenta con 60 d\u00edas para realizarse el tratamiento a partir de su compra<\/strong><\/span><\/span><\/p>","protected":false},"featured_media":329,"template":"","meta":[],"product_brand":[],"product_cat":[257,261,27],"product_tag":[],"giftcard-category":[],"class_list":{"0":"post-8106","1":"product","2":"type-product","3":"status-publish","4":"has-post-thumbnail","6":"product_cat-depilacion","7":"product_cat-promoscosme","8":"product_cat-txcosmetologicos","10":"first","11":"instock","12":"sale","13":"shipping-taxable","14":"purchasable","15":"product-type-variable","16":"has-default-attributes"},"yoast_head":"<!-- This site is optimized with the Yoast SEO Premium plugin v27.2 (Yoast SEO v27.3) - https:\/\/yoast.com\/product\/yoast-seo-premium-wordpress\/ -->\n<title>DEPILACI\u00d3N IPL - MoldeArte | L\u00edderes en Medicina Est\u00e9tica en Tijuana y Rosarito<\/title>\n<meta name=\"robots\" content=\"index, follow, max-snippet:-1, max-image-preview:large, max-video-preview:-1\" \/>\n<link rel=\"canonical\" href=\"https:\/\/moldearte.com\/en\/tratamiento\/depilacion-ipl\/\" \/>\n<meta property=\"og:locale\" content=\"en_US\" \/>\n<meta property=\"og:type\" content=\"article\" \/>\n<meta property=\"og:title\" content=\"DEPILACI\u00d3N IPL\" \/>\n<meta property=\"og:description\" content=\"La depilaci\u00f3n con Luz Pulsada Intensa (IPL) es una t\u00e9cnica innovadora que utiliza pulsos de luz para eliminar el vello no deseado de manera efectiva y duradera. Ideal para quienes buscan una piel tersa y libre de vello sin las molestias de otros m\u00e9todos tradicionales, esta opci\u00f3n es perfecta para lograr una piel radiante con resultados de larga duraci\u00f3n. \ud83c\udf39 \u00bfQu\u00e9 incluye el tratamiento? \ud83d\udc96 Depilaci\u00f3n IPL en una zona. *Cuenta con 60 d\u00edas para realizarse el tratamiento a partir de su compra\" \/>\n<meta property=\"og:url\" content=\"https:\/\/moldearte.com\/en\/tratamiento\/depilacion-ipl\/\" \/>\n<meta property=\"og:site_name\" content=\"MoldeArte | L\u00edderes en Medicina Est\u00e9tica en Tijuana y Rosarito\" \/>\n<meta property=\"article:modified_time\" content=\"2026-03-25T18:29:18+00:00\" \/>\n<meta property=\"og:image\" content=\"https:\/\/moldearte.com\/wp-content\/uploads\/2023\/01\/depilacion-ipl-piernas-tijuana.png\" \/>\n\t<meta property=\"og:image:width\" content=\"1080\" \/>\n\t<meta property=\"og:image:height\" content=\"1080\" \/>\n\t<meta property=\"og:image:type\" content=\"image\/png\" \/>\n<meta name=\"twitter:card\" content=\"summary_large_image\" \/>\n<meta name=\"twitter:label1\" content=\"Availability\" \/>\n\t<meta name=\"twitter:data1\" content=\"In stock\" \/>\n<script type=\"application\/ld+json\" class=\"yoast-schema-graph\">{\"@context\":\"https:\\\/\\\/schema.org\",\"@graph\":[{\"@type\":\"WebPage\",\"@id\":\"https:\\\/\\\/moldearte.com\\\/en\\\/tratamiento\\\/depilacion-ipl\\\/\",\"url\":\"https:\\\/\\\/moldearte.com\\\/en\\\/tratamiento\\\/depilacion-ipl\\\/\",\"name\":\"DEPILACI\u00d3N IPL - MoldeArte | L\u00edderes en Medicina Est\u00e9tica en Tijuana y Rosarito\",\"isPartOf\":{\"@id\":\"https:\\\/\\\/moldearte.com\\\/#website\"},\"primaryImageOfPage\":{\"@id\":\"https:\\\/\\\/moldearte.com\\\/en\\\/tratamiento\\\/depilacion-ipl\\\/#primaryimage\"},\"image\":{\"@id\":\"https:\\\/\\\/moldearte.com\\\/en\\\/tratamiento\\\/depilacion-ipl\\\/#primaryimage\"},\"thumbnailUrl\":\"https:\\\/\\\/moldearte.com\\\/wp-content\\\/uploads\\\/2023\\\/01\\\/depilacion-ipl-piernas-tijuana.png\",\"datePublished\":\"2024-11-08T14:32:08+00:00\",\"dateModified\":\"2026-03-25T18:29:18+00:00\",\"breadcrumb\":{\"@id\":\"https:\\\/\\\/moldearte.com\\\/en\\\/tratamiento\\\/depilacion-ipl\\\/#breadcrumb\"},\"inLanguage\":\"en-US\",\"potentialAction\":[{\"@type\":\"ReadAction\",\"target\":[\"https:\\\/\\\/moldearte.com\\\/en\\\/tratamiento\\\/depilacion-ipl\\\/\"]}]},{\"@type\":\"ImageObject\",\"inLanguage\":\"en-US\",\"@id\":\"https:\\\/\\\/moldearte.com\\\/en\\\/tratamiento\\\/depilacion-ipl\\\/#primaryimage\",\"url\":\"https:\\\/\\\/moldearte.com\\\/wp-content\\\/uploads\\\/2023\\\/01\\\/depilacion-ipl-piernas-tijuana.png\",\"contentUrl\":\"https:\\\/\\\/moldearte.com\\\/wp-content\\\/uploads\\\/2023\\\/01\\\/depilacion-ipl-piernas-tijuana.png\",\"width\":1080,\"height\":1080},{\"@type\":\"BreadcrumbList\",\"@id\":\"https:\\\/\\\/moldearte.com\\\/en\\\/tratamiento\\\/depilacion-ipl\\\/#breadcrumb\",\"itemListElement\":[{\"@type\":\"ListItem\",\"position\":1,\"name\":\"Portada\",\"item\":\"https:\\\/\\\/moldearte.com\\\/\"},{\"@type\":\"ListItem\",\"position\":2,\"name\":\"Tienda\",\"item\":\"https:\\\/\\\/moldearte.com\\\/en\\\/tienda\\\/\"},{\"@type\":\"ListItem\",\"position\":3,\"name\":\"DEPILACI\u00d3N IPL\"}]},{\"@type\":\"WebSite\",\"@id\":\"https:\\\/\\\/moldearte.com\\\/#website\",\"url\":\"https:\\\/\\\/moldearte.com\\\/\",\"name\":\"MoldeArte | L\u00edderes en Medicina Est\u00e9tica en Tijuana y Rosarito\",\"description\":\"Rejuvenecimiento Facial y corporal sin cirug\u00eda\",\"publisher\":{\"@id\":\"https:\\\/\\\/moldearte.com\\\/#organization\"},\"potentialAction\":[{\"@type\":\"SearchAction\",\"target\":{\"@type\":\"EntryPoint\",\"urlTemplate\":\"https:\\\/\\\/moldearte.com\\\/?s={search_term_string}\"},\"query-input\":{\"@type\":\"PropertyValueSpecification\",\"valueRequired\":true,\"valueName\":\"search_term_string\"}}],\"inLanguage\":\"en-US\"},{\"@type\":\"Organization\",\"@id\":\"https:\\\/\\\/moldearte.com\\\/#organization\",\"name\":\"MoldeArte | L\u00edderes en Medicina Est\u00e9tica en Tijuana y Rosarito\",\"url\":\"https:\\\/\\\/moldearte.com\\\/\",\"logo\":{\"@type\":\"ImageObject\",\"inLanguage\":\"en-US\",\"@id\":\"https:\\\/\\\/moldearte.com\\\/#\\\/schema\\\/logo\\\/image\\\/\",\"url\":\"https:\\\/\\\/moldearte.com\\\/wp-content\\\/uploads\\\/2023\\\/01\\\/cropped-cropped-rejuvenecimiento-facial-sin-cirugia-tijuana.png\",\"contentUrl\":\"https:\\\/\\\/moldearte.com\\\/wp-content\\\/uploads\\\/2023\\\/01\\\/cropped-cropped-rejuvenecimiento-facial-sin-cirugia-tijuana.png\",\"width\":3255,\"height\":1059,\"caption\":\"MoldeArte | L\u00edderes en Medicina Est\u00e9tica en Tijuana y Rosarito\"},\"image\":{\"@id\":\"https:\\\/\\\/moldearte.com\\\/#\\\/schema\\\/logo\\\/image\\\/\"}}]}<\/script>\n<meta property=\"og:availability\" content=\"instock\" \/>\n<meta property=\"product:availability\" content=\"instock\" \/>\n<meta property=\"product:condition\" content=\"new\" \/>\n<!-- \/ Yoast SEO Premium plugin. -->","yoast_head_json":{"title":"DEPILACI\u00d3N IPL - MoldeArte | L\u00edderes en Medicina Est\u00e9tica en Tijuana y Rosarito","robots":{"index":"index","follow":"follow","max-snippet":"max-snippet:-1","max-image-preview":"max-image-preview:large","max-video-preview":"max-video-preview:-1"},"canonical":"https:\/\/moldearte.com\/en\/tratamiento\/depilacion-ipl\/","og_locale":"en_US","og_type":"article","og_title":"DEPILACI\u00d3N IPL","og_description":"La depilaci\u00f3n con Luz Pulsada Intensa (IPL) es una t\u00e9cnica innovadora que utiliza pulsos de luz para eliminar el vello no deseado de manera efectiva y duradera. Ideal para quienes buscan una piel tersa y libre de vello sin las molestias de otros m\u00e9todos tradicionales, esta opci\u00f3n es perfecta para lograr una piel radiante con resultados de larga duraci\u00f3n. \ud83c\udf39 \u00bfQu\u00e9 incluye el tratamiento? \ud83d\udc96 Depilaci\u00f3n IPL en una zona. *Cuenta con 60 d\u00edas para realizarse el tratamiento a partir de su compra","og_url":"https:\/\/moldearte.com\/en\/tratamiento\/depilacion-ipl\/","og_site_name":"MoldeArte | L\u00edderes en Medicina Est\u00e9tica en Tijuana y Rosarito","article_modified_time":"2026-03-25T18:29:18+00:00","og_image":[{"width":1080,"height":1080,"url":"https:\/\/moldearte.com\/wp-content\/uploads\/2023\/01\/depilacion-ipl-piernas-tijuana.png","type":"image\/png"}],"twitter_card":"summary_large_image","twitter_misc":{"Availability":"In stock"},"schema":{"@context":"https:\/\/schema.org","@graph":[{"@type":"WebPage","@id":"https:\/\/moldearte.com\/en\/tratamiento\/depilacion-ipl\/","url":"https:\/\/moldearte.com\/en\/tratamiento\/depilacion-ipl\/","name":"DEPILACI\u00d3N IPL - MoldeArte | L\u00edderes en Medicina Est\u00e9tica en Tijuana y Rosarito","isPartOf":{"@id":"https:\/\/moldearte.com\/#website"},"primaryImageOfPage":{"@id":"https:\/\/moldearte.com\/en\/tratamiento\/depilacion-ipl\/#primaryimage"},"image":{"@id":"https:\/\/moldearte.com\/en\/tratamiento\/depilacion-ipl\/#primaryimage"},"thumbnailUrl":"https:\/\/moldearte.com\/wp-content\/uploads\/2023\/01\/depilacion-ipl-piernas-tijuana.png","datePublished":"2024-11-08T14:32:08+00:00","dateModified":"2026-03-25T18:29:18+00:00","breadcrumb":{"@id":"https:\/\/moldearte.com\/en\/tratamiento\/depilacion-ipl\/#breadcrumb"},"inLanguage":"en-US","potentialAction":[{"@type":"ReadAction","target":["https:\/\/moldearte.com\/en\/tratamiento\/depilacion-ipl\/"]}]},{"@type":"ImageObject","inLanguage":"en-US","@id":"https:\/\/moldearte.com\/en\/tratamiento\/depilacion-ipl\/#primaryimage","url":"https:\/\/moldearte.com\/wp-content\/uploads\/2023\/01\/depilacion-ipl-piernas-tijuana.png","contentUrl":"https:\/\/moldearte.com\/wp-content\/uploads\/2023\/01\/depilacion-ipl-piernas-tijuana.png","width":1080,"height":1080},{"@type":"BreadcrumbList","@id":"https:\/\/moldearte.com\/en\/tratamiento\/depilacion-ipl\/#breadcrumb","itemListElement":[{"@type":"ListItem","position":1,"name":"Portada","item":"https:\/\/moldearte.com\/"},{"@type":"ListItem","position":2,"name":"Tienda","item":"https:\/\/moldearte.com\/en\/tienda\/"},{"@type":"ListItem","position":3,"name":"DEPILACI\u00d3N IPL"}]},{"@type":"WebSite","@id":"https:\/\/moldearte.com\/#website","url":"https:\/\/moldearte.com\/","name":"MoldeArte | L\u00edderes en Medicina Est\u00e9tica en Tijuana y Rosarito","description":"Rejuvenecimiento Facial y corporal sin cirug\u00eda","publisher":{"@id":"https:\/\/moldearte.com\/#organization"},"potentialAction":[{"@type":"SearchAction","target":{"@type":"EntryPoint","urlTemplate":"https:\/\/moldearte.com\/?s={search_term_string}"},"query-input":{"@type":"PropertyValueSpecification","valueRequired":true,"valueName":"search_term_string"}}],"inLanguage":"en-US"},{"@type":"Organization","@id":"https:\/\/moldearte.com\/#organization","name":"MoldeArte | L\u00edderes en Medicina Est\u00e9tica en Tijuana y Rosarito","url":"https:\/\/moldearte.com\/","logo":{"@type":"ImageObject","inLanguage":"en-US","@id":"https:\/\/moldearte.com\/#\/schema\/logo\/image\/","url":"https:\/\/moldearte.com\/wp-content\/uploads\/2023\/01\/cropped-cropped-rejuvenecimiento-facial-sin-cirugia-tijuana.png","contentUrl":"https:\/\/moldearte.com\/wp-content\/uploads\/2023\/01\/cropped-cropped-rejuvenecimiento-facial-sin-cirugia-tijuana.png","width":3255,"height":1059,"caption":"MoldeArte | L\u00edderes en Medicina Est\u00e9tica en Tijuana y Rosarito"},"image":{"@id":"https:\/\/moldearte.com\/#\/schema\/logo\/image\/"}}]},"og_availability":"instock","product_availability":"instock","product_condition":"new"},"_links":{"self":[{"href":"https:\/\/moldearte.com\/en\/wp-json\/wp\/v2\/product\/8106","targetHints":{"allow":["GET"]}}],"collection":[{"href":"https:\/\/moldearte.com\/en\/wp-json\/wp\/v2\/product"}],"about":[{"href":"https:\/\/moldearte.com\/en\/wp-json\/wp\/v2\/types\/product"}],"wp:featuredmedia":[{"embeddable":true,"href":"https:\/\/moldearte.com\/en\/wp-json\/wp\/v2\/media\/329"}],"wp:attachment":[{"href":"https:\/\/moldearte.com\/en\/wp-json\/wp\/v2\/media?parent=8106"}],"wp:term":[{"taxonomy":"product_brand","embeddable":true,"href":"https:\/\/moldearte.com\/en\/wp-json\/wp\/v2\/product_brand?post=8106"},{"taxonomy":"product_cat","embeddable":true,"href":"https:\/\/moldearte.com\/en\/wp-json\/wp\/v2\/product_cat?post=8106"},{"taxonomy":"product_tag","embeddable":true,"href":"https:\/\/moldearte.com\/en\/wp-json\/wp\/v2\/product_tag?post=8106"},{"taxonomy":"giftcard-category","embeddable":true,"href":"https:\/\/moldearte.com\/en\/wp-json\/wp\/v2\/giftcard-category?post=8106"}],"curies":[{"name":"wp","href":"https:\/\/api.w.org\/{rel}","templated":true}]}}