{"id":8075,"date":"2024-11-07T20:22:43","date_gmt":"2024-11-08T04:22:43","guid":{"rendered":"https:\/\/moldearte.com\/?post_type=product&#038;p=8075"},"modified":"2026-03-24T08:40:38","modified_gmt":"2026-03-24T15:40:38","slug":"facial-rejuvenecedor","status":"publish","type":"product","link":"https:\/\/moldearte.com\/en\/tratamiento\/facial-rejuvenecedor\/","title":{"rendered":"REJUVENATING FACIAL"},"content":{"rendered":"<p>Un Facial Rejuvenecedor incluye:<br \/>\n&#8211; Aromaterapia<br \/>\n- Surface cleaning to remove make-up residues and environmental contamination<br \/>\n&#8211; Segunda Limpieza Profunda con Gel o Espuma Limpiadora<br \/>\n&#8211; Exfoliaci\u00f3n y Tonificaci\u00f3n Cosmeceutica<br \/>\n&#8211; Producto Cosm\u00e9tico para abrir poros<br \/>\n&#8211; Extracci\u00f3n de puntos negros<br \/>\n&#8211; Aplicaci\u00f3n de Mascarilla efecto Lifting (Moldelina)<br \/>\n&#8211; Aplicaci\u00f3n de Gel Conductor Reafirmante<br \/>\n&#8211; Radiofrecuencia Reafirmante en rostro<br \/>\n&#8211; Foto Sesi\u00f3n Rejuvenecedora con IPL en rostro<br \/>\n&#8211; Tonificaci\u00f3n Cosmeceutica<br \/>\n&#8211; Aplicaci\u00f3n de Gel para el Contorno de Ojos<br \/>\n&#8211; Aplicaci\u00f3n de Crema de Tratamiento<br \/>\n&#8211; Aplicaci\u00f3n de Pantalla Solar<\/p>","protected":false},"excerpt":{"rendered":"<p>\u00bfBuscas un tratamiento que devuelva a tu rostro una apariencia fresca y radiante? \ud83d\udc86\u200d\u2640\ufe0f El Facial Rejuvenecedor es ideal para revitalizar la piel, disminuir los signos visibles de envejecimiento y mejorar la firmeza. Con una combinaci\u00f3n de t\u00e9cnicas avanzadas y productos de alta calidad, este tratamiento trabaja en profundidad para suavizar l\u00edneas finas, mejorar la elasticidad y dar un brillo saludable a tu rostro. \ud83c\udf38\ud83d\udc96<\/p>\n<h4>\u00bfQu\u00e9 incluye el tratamiento? \ud83d\udc96<\/h4>\n<p>Una sesi\u00f3n de Facial con extracci\u00f3n de puntos negros, radiofrecuencia reafirmante facial, foto sesi\u00f3n rejuvenecedora y mascarilla tensora.<br \/>\n<span style=\"color: #c02c30;\"><strong>\ud83d\udcb8 Precio pagando en efectivo en sucursal: $750 MXN. (v\u00e1lido hasta el 21 de marzo del 2026)<\/strong><\/span><br \/>\n<span class=\"fontstyle0\"><span style=\"color: #ff914d;\"><strong>*Cuenta con 60 d\u00edas para realizarse el tratamiento a partir de su compra<\/strong><\/span><\/span><\/p>","protected":false},"featured_media":1500,"template":"","meta":[],"product_brand":[],"product_cat":[235,251,27],"product_tag":[],"giftcard-category":[],"class_list":{"0":"post-8075","1":"product","2":"type-product","3":"status-publish","4":"has-post-thumbnail","6":"product_cat-faciales","7":"product_cat-revitalizantes","8":"product_cat-txcosmetologicos","10":"first","11":"instock","12":"virtual","13":"purchasable","14":"product-type-simple"},"yoast_head":"<!-- This site is optimized with the Yoast SEO Premium plugin v27.2 (Yoast SEO v27.3) - https:\/\/yoast.com\/product\/yoast-seo-premium-wordpress\/ -->\n<title>FACIAL REJUVENECEDOR - MoldeArte | L\u00edderes en Medicina Est\u00e9tica en Tijuana y Rosarito<\/title>\n<meta name=\"robots\" content=\"index, follow, max-snippet:-1, max-image-preview:large, max-video-preview:-1\" \/>\n<link rel=\"canonical\" href=\"https:\/\/moldearte.com\/en\/tratamiento\/facial-rejuvenecedor\/\" \/>\n<meta property=\"og:locale\" content=\"en_US\" \/>\n<meta property=\"og:type\" content=\"article\" \/>\n<meta property=\"og:title\" content=\"FACIAL REJUVENECEDOR\" \/>\n<meta property=\"og:description\" content=\"\u00bfBuscas un tratamiento que devuelva a tu rostro una apariencia fresca y radiante? \ud83d\udc86\u200d\u2640\ufe0f El Facial Rejuvenecedor es ideal para revitalizar la piel, disminuir los signos visibles de envejecimiento y mejorar la firmeza. Con una combinaci\u00f3n de t\u00e9cnicas avanzadas y productos de alta calidad, este tratamiento trabaja en profundidad para suavizar l\u00edneas finas, mejorar la elasticidad y dar un brillo saludable a tu rostro. \ud83c\udf38\ud83d\udc96 \u00bfQu\u00e9 incluye el tratamiento? \ud83d\udc96 Una sesi\u00f3n de Facial con extracci\u00f3n de puntos negros, radiofrecuencia reafirmante facial, foto sesi\u00f3n rejuvenecedora y mascarilla tensora. \ud83d\udcb8 Precio pagando en efectivo en sucursal: $750 MXN. (v\u00e1lido hasta el 21 de marzo del 2026) *Cuenta con 60 d\u00edas para realizarse el tratamiento a partir de su compra\" \/>\n<meta property=\"og:url\" content=\"https:\/\/moldearte.com\/en\/tratamiento\/facial-rejuvenecedor\/\" \/>\n<meta property=\"og:site_name\" content=\"MoldeArte | L\u00edderes en Medicina Est\u00e9tica en Tijuana y Rosarito\" \/>\n<meta property=\"article:modified_time\" content=\"2026-03-24T15:40:38+00:00\" \/>\n<meta property=\"og:image\" content=\"https:\/\/moldearte.com\/wp-content\/uploads\/2023\/04\/S17-FACIAL-ANTI-MANCHAS-C.png\" \/>\n\t<meta property=\"og:image:width\" content=\"1080\" \/>\n\t<meta property=\"og:image:height\" content=\"1080\" \/>\n\t<meta property=\"og:image:type\" content=\"image\/png\" \/>\n<meta name=\"twitter:card\" content=\"summary_large_image\" \/>\n<meta name=\"twitter:label1\" content=\"Price\" \/>\n\t<meta name=\"twitter:data1\" content=\"&#036;1,100.00\" \/>\n\t<meta name=\"twitter:label2\" content=\"Availability\" \/>\n\t<meta name=\"twitter:data2\" content=\"In stock\" \/>\n<script type=\"application\/ld+json\" class=\"yoast-schema-graph\">{\"@context\":\"https:\\\/\\\/schema.org\",\"@graph\":[{\"@type\":\"WebPage\",\"@id\":\"https:\\\/\\\/moldearte.com\\\/tratamiento\\\/facial-rejuvenecedor\\\/\",\"url\":\"https:\\\/\\\/moldearte.com\\\/tratamiento\\\/facial-rejuvenecedor\\\/\",\"name\":\"FACIAL REJUVENECEDOR - MoldeArte | L\u00edderes en Medicina Est\u00e9tica en Tijuana y Rosarito\",\"isPartOf\":{\"@id\":\"https:\\\/\\\/moldearte.com\\\/#website\"},\"primaryImageOfPage\":{\"@id\":\"https:\\\/\\\/moldearte.com\\\/tratamiento\\\/facial-rejuvenecedor\\\/#primaryimage\"},\"image\":{\"@id\":\"https:\\\/\\\/moldearte.com\\\/tratamiento\\\/facial-rejuvenecedor\\\/#primaryimage\"},\"thumbnailUrl\":\"https:\\\/\\\/moldearte.com\\\/wp-content\\\/uploads\\\/2023\\\/04\\\/S17-FACIAL-ANTI-MANCHAS-C.png\",\"datePublished\":\"2024-11-08T04:22:43+00:00\",\"dateModified\":\"2026-03-24T15:40:38+00:00\",\"breadcrumb\":{\"@id\":\"https:\\\/\\\/moldearte.com\\\/tratamiento\\\/facial-rejuvenecedor\\\/#breadcrumb\"},\"inLanguage\":\"en-US\",\"potentialAction\":[{\"@type\":\"ReadAction\",\"target\":[\"https:\\\/\\\/moldearte.com\\\/tratamiento\\\/facial-rejuvenecedor\\\/\"]}]},{\"@type\":\"ImageObject\",\"inLanguage\":\"en-US\",\"@id\":\"https:\\\/\\\/moldearte.com\\\/tratamiento\\\/facial-rejuvenecedor\\\/#primaryimage\",\"url\":\"https:\\\/\\\/moldearte.com\\\/wp-content\\\/uploads\\\/2023\\\/04\\\/S17-FACIAL-ANTI-MANCHAS-C.png\",\"contentUrl\":\"https:\\\/\\\/moldearte.com\\\/wp-content\\\/uploads\\\/2023\\\/04\\\/S17-FACIAL-ANTI-MANCHAS-C.png\",\"width\":1080,\"height\":1080},{\"@type\":\"BreadcrumbList\",\"@id\":\"https:\\\/\\\/moldearte.com\\\/tratamiento\\\/facial-rejuvenecedor\\\/#breadcrumb\",\"itemListElement\":[{\"@type\":\"ListItem\",\"position\":1,\"name\":\"Portada\",\"item\":\"https:\\\/\\\/moldearte.com\\\/\"},{\"@type\":\"ListItem\",\"position\":2,\"name\":\"Tienda\",\"item\":\"https:\\\/\\\/moldearte.com\\\/en\\\/tienda\\\/\"},{\"@type\":\"ListItem\",\"position\":3,\"name\":\"FACIAL REJUVENECEDOR\"}]},{\"@type\":\"WebSite\",\"@id\":\"https:\\\/\\\/moldearte.com\\\/#website\",\"url\":\"https:\\\/\\\/moldearte.com\\\/\",\"name\":\"MoldeArte | L\u00edderes en Medicina Est\u00e9tica en Tijuana y Rosarito\",\"description\":\"Rejuvenecimiento Facial y corporal sin cirug\u00eda\",\"publisher\":{\"@id\":\"https:\\\/\\\/moldearte.com\\\/#organization\"},\"potentialAction\":[{\"@type\":\"SearchAction\",\"target\":{\"@type\":\"EntryPoint\",\"urlTemplate\":\"https:\\\/\\\/moldearte.com\\\/?s={search_term_string}\"},\"query-input\":{\"@type\":\"PropertyValueSpecification\",\"valueRequired\":true,\"valueName\":\"search_term_string\"}}],\"inLanguage\":\"en-US\"},{\"@type\":\"Organization\",\"@id\":\"https:\\\/\\\/moldearte.com\\\/#organization\",\"name\":\"MoldeArte | L\u00edderes en Medicina Est\u00e9tica en Tijuana y Rosarito\",\"url\":\"https:\\\/\\\/moldearte.com\\\/\",\"logo\":{\"@type\":\"ImageObject\",\"inLanguage\":\"en-US\",\"@id\":\"https:\\\/\\\/moldearte.com\\\/#\\\/schema\\\/logo\\\/image\\\/\",\"url\":\"https:\\\/\\\/moldearte.com\\\/wp-content\\\/uploads\\\/2023\\\/01\\\/cropped-cropped-rejuvenecimiento-facial-sin-cirugia-tijuana.png\",\"contentUrl\":\"https:\\\/\\\/moldearte.com\\\/wp-content\\\/uploads\\\/2023\\\/01\\\/cropped-cropped-rejuvenecimiento-facial-sin-cirugia-tijuana.png\",\"width\":3255,\"height\":1059,\"caption\":\"MoldeArte | L\u00edderes en Medicina Est\u00e9tica en Tijuana y Rosarito\"},\"image\":{\"@id\":\"https:\\\/\\\/moldearte.com\\\/#\\\/schema\\\/logo\\\/image\\\/\"}}]}<\/script>\n<meta property=\"product:price:amount\" content=\"1100.00\" \/>\n<meta property=\"product:price:currency\" content=\"MXN\" \/>\n<meta property=\"og:availability\" content=\"instock\" \/>\n<meta property=\"product:availability\" content=\"instock\" \/>\n<meta property=\"product:condition\" content=\"new\" \/>\n<!-- \/ Yoast SEO Premium plugin. -->","yoast_head_json":{"title":"FACIAL REJUVENECEDOR - MoldeArte | L\u00edderes en Medicina Est\u00e9tica en Tijuana y Rosarito","robots":{"index":"index","follow":"follow","max-snippet":"max-snippet:-1","max-image-preview":"max-image-preview:large","max-video-preview":"max-video-preview:-1"},"canonical":"https:\/\/moldearte.com\/en\/tratamiento\/facial-rejuvenecedor\/","og_locale":"en_US","og_type":"article","og_title":"FACIAL REJUVENECEDOR","og_description":"\u00bfBuscas un tratamiento que devuelva a tu rostro una apariencia fresca y radiante? \ud83d\udc86\u200d\u2640\ufe0f El Facial Rejuvenecedor es ideal para revitalizar la piel, disminuir los signos visibles de envejecimiento y mejorar la firmeza. Con una combinaci\u00f3n de t\u00e9cnicas avanzadas y productos de alta calidad, este tratamiento trabaja en profundidad para suavizar l\u00edneas finas, mejorar la elasticidad y dar un brillo saludable a tu rostro. \ud83c\udf38\ud83d\udc96 \u00bfQu\u00e9 incluye el tratamiento? \ud83d\udc96 Una sesi\u00f3n de Facial con extracci\u00f3n de puntos negros, radiofrecuencia reafirmante facial, foto sesi\u00f3n rejuvenecedora y mascarilla tensora. \ud83d\udcb8 Precio pagando en efectivo en sucursal: $750 MXN. (v\u00e1lido hasta el 21 de marzo del 2026) *Cuenta con 60 d\u00edas para realizarse el tratamiento a partir de su compra","og_url":"https:\/\/moldearte.com\/en\/tratamiento\/facial-rejuvenecedor\/","og_site_name":"MoldeArte | L\u00edderes en Medicina Est\u00e9tica en Tijuana y Rosarito","article_modified_time":"2026-03-24T15:40:38+00:00","og_image":[{"width":1080,"height":1080,"url":"https:\/\/moldearte.com\/wp-content\/uploads\/2023\/04\/S17-FACIAL-ANTI-MANCHAS-C.png","type":"image\/png"}],"twitter_card":"summary_large_image","twitter_misc":{"Price":"&#36;1,100.00","Availability":"In stock"},"schema":{"@context":"https:\/\/schema.org","@graph":[{"@type":"WebPage","@id":"https:\/\/moldearte.com\/tratamiento\/facial-rejuvenecedor\/","url":"https:\/\/moldearte.com\/tratamiento\/facial-rejuvenecedor\/","name":"FACIAL REJUVENECEDOR - MoldeArte | L\u00edderes en Medicina Est\u00e9tica en Tijuana y Rosarito","isPartOf":{"@id":"https:\/\/moldearte.com\/#website"},"primaryImageOfPage":{"@id":"https:\/\/moldearte.com\/tratamiento\/facial-rejuvenecedor\/#primaryimage"},"image":{"@id":"https:\/\/moldearte.com\/tratamiento\/facial-rejuvenecedor\/#primaryimage"},"thumbnailUrl":"https:\/\/moldearte.com\/wp-content\/uploads\/2023\/04\/S17-FACIAL-ANTI-MANCHAS-C.png","datePublished":"2024-11-08T04:22:43+00:00","dateModified":"2026-03-24T15:40:38+00:00","breadcrumb":{"@id":"https:\/\/moldearte.com\/tratamiento\/facial-rejuvenecedor\/#breadcrumb"},"inLanguage":"en-US","potentialAction":[{"@type":"ReadAction","target":["https:\/\/moldearte.com\/tratamiento\/facial-rejuvenecedor\/"]}]},{"@type":"ImageObject","inLanguage":"en-US","@id":"https:\/\/moldearte.com\/tratamiento\/facial-rejuvenecedor\/#primaryimage","url":"https:\/\/moldearte.com\/wp-content\/uploads\/2023\/04\/S17-FACIAL-ANTI-MANCHAS-C.png","contentUrl":"https:\/\/moldearte.com\/wp-content\/uploads\/2023\/04\/S17-FACIAL-ANTI-MANCHAS-C.png","width":1080,"height":1080},{"@type":"BreadcrumbList","@id":"https:\/\/moldearte.com\/tratamiento\/facial-rejuvenecedor\/#breadcrumb","itemListElement":[{"@type":"ListItem","position":1,"name":"Portada","item":"https:\/\/moldearte.com\/"},{"@type":"ListItem","position":2,"name":"Tienda","item":"https:\/\/moldearte.com\/en\/tienda\/"},{"@type":"ListItem","position":3,"name":"FACIAL REJUVENECEDOR"}]},{"@type":"WebSite","@id":"https:\/\/moldearte.com\/#website","url":"https:\/\/moldearte.com\/","name":"MoldeArte | L\u00edderes en Medicina Est\u00e9tica en Tijuana y Rosarito","description":"Rejuvenecimiento Facial y corporal sin cirug\u00eda","publisher":{"@id":"https:\/\/moldearte.com\/#organization"},"potentialAction":[{"@type":"SearchAction","target":{"@type":"EntryPoint","urlTemplate":"https:\/\/moldearte.com\/?s={search_term_string}"},"query-input":{"@type":"PropertyValueSpecification","valueRequired":true,"valueName":"search_term_string"}}],"inLanguage":"en-US"},{"@type":"Organization","@id":"https:\/\/moldearte.com\/#organization","name":"MoldeArte | L\u00edderes en Medicina Est\u00e9tica en Tijuana y Rosarito","url":"https:\/\/moldearte.com\/","logo":{"@type":"ImageObject","inLanguage":"en-US","@id":"https:\/\/moldearte.com\/#\/schema\/logo\/image\/","url":"https:\/\/moldearte.com\/wp-content\/uploads\/2023\/01\/cropped-cropped-rejuvenecimiento-facial-sin-cirugia-tijuana.png","contentUrl":"https:\/\/moldearte.com\/wp-content\/uploads\/2023\/01\/cropped-cropped-rejuvenecimiento-facial-sin-cirugia-tijuana.png","width":3255,"height":1059,"caption":"MoldeArte | L\u00edderes en Medicina Est\u00e9tica en Tijuana y Rosarito"},"image":{"@id":"https:\/\/moldearte.com\/#\/schema\/logo\/image\/"}}]},"product_price_amount":"1100.00","product_price_currency":"MXN","og_availability":"instock","product_availability":"instock","product_condition":"new"},"_links":{"self":[{"href":"https:\/\/moldearte.com\/en\/wp-json\/wp\/v2\/product\/8075","targetHints":{"allow":["GET"]}}],"collection":[{"href":"https:\/\/moldearte.com\/en\/wp-json\/wp\/v2\/product"}],"about":[{"href":"https:\/\/moldearte.com\/en\/wp-json\/wp\/v2\/types\/product"}],"wp:featuredmedia":[{"embeddable":true,"href":"https:\/\/moldearte.com\/en\/wp-json\/wp\/v2\/media\/1500"}],"wp:attachment":[{"href":"https:\/\/moldearte.com\/en\/wp-json\/wp\/v2\/media?parent=8075"}],"wp:term":[{"taxonomy":"product_brand","embeddable":true,"href":"https:\/\/moldearte.com\/en\/wp-json\/wp\/v2\/product_brand?post=8075"},{"taxonomy":"product_cat","embeddable":true,"href":"https:\/\/moldearte.com\/en\/wp-json\/wp\/v2\/product_cat?post=8075"},{"taxonomy":"product_tag","embeddable":true,"href":"https:\/\/moldearte.com\/en\/wp-json\/wp\/v2\/product_tag?post=8075"},{"taxonomy":"giftcard-category","embeddable":true,"href":"https:\/\/moldearte.com\/en\/wp-json\/wp\/v2\/giftcard-category?post=8075"}],"curies":[{"name":"wp","href":"https:\/\/api.w.org\/{rel}","templated":true}]}}