{"id":6601,"date":"2024-10-03T16:55:58","date_gmt":"2024-10-03T23:55:58","guid":{"rendered":"https:\/\/moldearte.com\/?post_type=product&#038;p=6601"},"modified":"2025-01-13T11:48:26","modified_gmt":"2025-01-13T19:48:26","slug":"peptona-colageno","status":"publish","type":"product","link":"https:\/\/moldearte.com\/en\/tratamiento\/peptona-colageno\/","title":{"rendered":"PEPTONA DE COL\u00c1GENO\u00ae"},"content":{"rendered":"<h3>\u00bfQui\u00e9n es candidato ideal para el tratamiento? \ud83c\udf3a<\/h3>\n<p>Este tratamiento es ideal para quienes desean mejorar la firmeza y elasticidad de su piel, reducir signos de flacidez, o simplemente buscan un rejuvenecimiento general. Perfecto para personas que desean un cuidado avanzado y una piel visiblemente m\u00e1s joven y revitalizada.<\/p>\n<h3>\u00bfEdad o tipo de piel ideal? \ud83c\udf08<\/h3>\n<p>La Peptona de Col\u00e1geno es apta para personas de todas las edades, pero es especialmente efectiva en pieles maduras o aquellas que comienzan a mostrar signos de envejecimiento. Aporta beneficios en cualquier tipo de piel que busque mejorar su textura y recuperar firmeza. \ud83c\udf3f<\/p>\n<h3>Principales beneficios del tratamiento \ud83d\udc86\u200d\u2640\ufe0f\ud83c\udf39<\/h3>\n<ul>\n<li><strong>Reafirma y tonifica la piel<\/strong>: Mejora la estructura de la piel, logrando un aspecto firme y terso.<\/li>\n<li><strong>Hidrata profundamente<\/strong>: Aporta hidrataci\u00f3n prolongada, ayudando a que la piel luzca m\u00e1s suave y fresca.<\/li>\n<li><strong>Reduce la apariencia de arrugas y l\u00edneas finas<\/strong>: Ayuda a suavizar signos de la edad, d\u00e1ndole un aspecto rejuvenecido.<\/li>\n<li><strong>Revitaliza el tono de la piel<\/strong>: Ilumina y unifica el tono, dejando una apariencia radiante.<\/li>\n<li><strong>Estimula la regeneraci\u00f3n celular<\/strong>: Promueve la regeneraci\u00f3n natural, para una piel m\u00e1s saludable y revitalizada.<\/li>\n<\/ul>","protected":false},"excerpt":{"rendered":"<p>\u00bfBuscas un impulso de vitalidad y firmeza para tu piel? \ud83d\udc96 La Peptona de Col\u00e1geno es la soluci\u00f3n ideal para regenerar, reafirmar y devolverle a tu piel una apariencia joven y radiante. Esta innovadora f\u00f3rmula act\u00faa en las capas m\u00e1s profundas, nutriendo tu piel para que luzca revitalizada y con un brillo natural. \ud83c\udf1f<\/p>\n<h3>\u00bfQu\u00e9 incluye el tratamiento? \ud83c\udf38\u2728<\/h3>\n<p>Una aplicaci\u00f3n de Peptona de Col\u00e1geno\u00ae en rostro, escote o manos.<br \/>\n<span style=\"color: #ff914d;\"><strong>*Cuenta con 60 d\u00edas para realizarse el tratamiento a partir de su compra<\/strong><\/span><\/p>","protected":false},"featured_media":7984,"template":"","meta":[],"product_brand":[],"product_cat":[238,23,26],"product_tag":[],"giftcard-category":[],"class_list":{"0":"post-6601","1":"product","2":"type-product","3":"status-publish","4":"has-post-thumbnail","6":"product_cat-hidratacion-y-nutricion","7":"product_cat-rejuvenecimientosincirugia","8":"product_cat-txmedicos","10":"first","11":"instock","12":"virtual","13":"sold-individually","14":"purchasable","15":"product-type-simple"},"yoast_head":"<!-- This site is optimized with the Yoast SEO Premium plugin v27.2 (Yoast SEO v27.3) - https:\/\/yoast.com\/product\/yoast-seo-premium-wordpress\/ -->\n<title>PEPTONA DE COL\u00c1GENO\u00ae - MoldeArte | L\u00edderes en Medicina Est\u00e9tica en Tijuana y Rosarito<\/title>\n<meta name=\"robots\" content=\"index, follow, max-snippet:-1, max-image-preview:large, max-video-preview:-1\" \/>\n<link rel=\"canonical\" href=\"https:\/\/moldearte.com\/en\/tratamiento\/peptona-colageno\/\" \/>\n<meta property=\"og:locale\" content=\"en_US\" \/>\n<meta property=\"og:type\" content=\"article\" \/>\n<meta property=\"og:title\" content=\"PEPTONA DE COL\u00c1GENO\u00ae\" \/>\n<meta property=\"og:description\" content=\"\u00bfBuscas un impulso de vitalidad y firmeza para tu piel? \ud83d\udc96 La Peptona de Col\u00e1geno es la soluci\u00f3n ideal para regenerar, reafirmar y devolverle a tu piel una apariencia joven y radiante. Esta innovadora f\u00f3rmula act\u00faa en las capas m\u00e1s profundas, nutriendo tu piel para que luzca revitalizada y con un brillo natural. \ud83c\udf1f \u00bfQu\u00e9 incluye el tratamiento? \ud83c\udf38\u2728 Una aplicaci\u00f3n de Peptona de Col\u00e1geno\u00ae en rostro, escote o manos. *Cuenta con 60 d\u00edas para realizarse el tratamiento a partir de su compra\" \/>\n<meta property=\"og:url\" content=\"https:\/\/moldearte.com\/en\/tratamiento\/peptona-colageno\/\" \/>\n<meta property=\"og:site_name\" content=\"MoldeArte | L\u00edderes en Medicina Est\u00e9tica en Tijuana y Rosarito\" \/>\n<meta property=\"article:modified_time\" content=\"2025-01-13T19:48:26+00:00\" \/>\n<meta property=\"og:image\" content=\"https:\/\/moldearte.com\/wp-content\/uploads\/2024\/10\/EXOSOMAS.jpg\" \/>\n\t<meta property=\"og:image:width\" content=\"1080\" \/>\n\t<meta property=\"og:image:height\" content=\"1080\" \/>\n\t<meta property=\"og:image:type\" content=\"image\/jpeg\" \/>\n<meta name=\"twitter:card\" content=\"summary_large_image\" \/>\n<meta name=\"twitter:label1\" content=\"Price\" \/>\n\t<meta name=\"twitter:data1\" content=\"&#036;1,350.00\" \/>\n\t<meta name=\"twitter:label2\" content=\"Availability\" \/>\n\t<meta name=\"twitter:data2\" content=\"In stock\" \/>\n<script type=\"application\/ld+json\" class=\"yoast-schema-graph\">{\"@context\":\"https:\\\/\\\/schema.org\",\"@graph\":[{\"@type\":\"WebPage\",\"@id\":\"https:\\\/\\\/moldearte.com\\\/tratamiento\\\/peptona-colageno\\\/\",\"url\":\"https:\\\/\\\/moldearte.com\\\/tratamiento\\\/peptona-colageno\\\/\",\"name\":\"PEPTONA DE COL\u00c1GENO\u00ae - MoldeArte | L\u00edderes en Medicina Est\u00e9tica en Tijuana y Rosarito\",\"isPartOf\":{\"@id\":\"https:\\\/\\\/moldearte.com\\\/#website\"},\"primaryImageOfPage\":{\"@id\":\"https:\\\/\\\/moldearte.com\\\/tratamiento\\\/peptona-colageno\\\/#primaryimage\"},\"image\":{\"@id\":\"https:\\\/\\\/moldearte.com\\\/tratamiento\\\/peptona-colageno\\\/#primaryimage\"},\"thumbnailUrl\":\"https:\\\/\\\/moldearte.com\\\/wp-content\\\/uploads\\\/2024\\\/10\\\/EXOSOMAS.jpg\",\"datePublished\":\"2024-10-03T23:55:58+00:00\",\"dateModified\":\"2025-01-13T19:48:26+00:00\",\"breadcrumb\":{\"@id\":\"https:\\\/\\\/moldearte.com\\\/tratamiento\\\/peptona-colageno\\\/#breadcrumb\"},\"inLanguage\":\"en-US\",\"potentialAction\":[{\"@type\":\"ReadAction\",\"target\":[\"https:\\\/\\\/moldearte.com\\\/tratamiento\\\/peptona-colageno\\\/\"]}]},{\"@type\":\"ImageObject\",\"inLanguage\":\"en-US\",\"@id\":\"https:\\\/\\\/moldearte.com\\\/tratamiento\\\/peptona-colageno\\\/#primaryimage\",\"url\":\"https:\\\/\\\/moldearte.com\\\/wp-content\\\/uploads\\\/2024\\\/10\\\/EXOSOMAS.jpg\",\"contentUrl\":\"https:\\\/\\\/moldearte.com\\\/wp-content\\\/uploads\\\/2024\\\/10\\\/EXOSOMAS.jpg\",\"width\":1080,\"height\":1080},{\"@type\":\"BreadcrumbList\",\"@id\":\"https:\\\/\\\/moldearte.com\\\/tratamiento\\\/peptona-colageno\\\/#breadcrumb\",\"itemListElement\":[{\"@type\":\"ListItem\",\"position\":1,\"name\":\"Portada\",\"item\":\"https:\\\/\\\/moldearte.com\\\/\"},{\"@type\":\"ListItem\",\"position\":2,\"name\":\"Tienda\",\"item\":\"https:\\\/\\\/moldearte.com\\\/en\\\/tienda\\\/\"},{\"@type\":\"ListItem\",\"position\":3,\"name\":\"PEPTONA DE COL\u00c1GENO\u00ae\"}]},{\"@type\":\"WebSite\",\"@id\":\"https:\\\/\\\/moldearte.com\\\/#website\",\"url\":\"https:\\\/\\\/moldearte.com\\\/\",\"name\":\"MoldeArte | L\u00edderes en Medicina Est\u00e9tica en Tijuana y Rosarito\",\"description\":\"Rejuvenecimiento Facial y corporal sin cirug\u00eda\",\"publisher\":{\"@id\":\"https:\\\/\\\/moldearte.com\\\/#organization\"},\"potentialAction\":[{\"@type\":\"SearchAction\",\"target\":{\"@type\":\"EntryPoint\",\"urlTemplate\":\"https:\\\/\\\/moldearte.com\\\/?s={search_term_string}\"},\"query-input\":{\"@type\":\"PropertyValueSpecification\",\"valueRequired\":true,\"valueName\":\"search_term_string\"}}],\"inLanguage\":\"en-US\"},{\"@type\":\"Organization\",\"@id\":\"https:\\\/\\\/moldearte.com\\\/#organization\",\"name\":\"MoldeArte | L\u00edderes en Medicina Est\u00e9tica en Tijuana y Rosarito\",\"url\":\"https:\\\/\\\/moldearte.com\\\/\",\"logo\":{\"@type\":\"ImageObject\",\"inLanguage\":\"en-US\",\"@id\":\"https:\\\/\\\/moldearte.com\\\/#\\\/schema\\\/logo\\\/image\\\/\",\"url\":\"https:\\\/\\\/moldearte.com\\\/wp-content\\\/uploads\\\/2023\\\/01\\\/cropped-cropped-rejuvenecimiento-facial-sin-cirugia-tijuana.png\",\"contentUrl\":\"https:\\\/\\\/moldearte.com\\\/wp-content\\\/uploads\\\/2023\\\/01\\\/cropped-cropped-rejuvenecimiento-facial-sin-cirugia-tijuana.png\",\"width\":3255,\"height\":1059,\"caption\":\"MoldeArte | L\u00edderes en Medicina Est\u00e9tica en Tijuana y Rosarito\"},\"image\":{\"@id\":\"https:\\\/\\\/moldearte.com\\\/#\\\/schema\\\/logo\\\/image\\\/\"}}]}<\/script>\n<meta property=\"product:price:amount\" content=\"1350.00\" \/>\n<meta property=\"product:price:currency\" content=\"MXN\" \/>\n<meta property=\"og:availability\" content=\"instock\" \/>\n<meta property=\"product:availability\" content=\"instock\" \/>\n<meta property=\"product:condition\" content=\"new\" \/>\n<!-- \/ Yoast SEO Premium plugin. -->","yoast_head_json":{"title":"PEPTONA DE COL\u00c1GENO\u00ae - MoldeArte | L\u00edderes en Medicina Est\u00e9tica en Tijuana y Rosarito","robots":{"index":"index","follow":"follow","max-snippet":"max-snippet:-1","max-image-preview":"max-image-preview:large","max-video-preview":"max-video-preview:-1"},"canonical":"https:\/\/moldearte.com\/en\/tratamiento\/peptona-colageno\/","og_locale":"en_US","og_type":"article","og_title":"PEPTONA DE COL\u00c1GENO\u00ae","og_description":"\u00bfBuscas un impulso de vitalidad y firmeza para tu piel? \ud83d\udc96 La Peptona de Col\u00e1geno es la soluci\u00f3n ideal para regenerar, reafirmar y devolverle a tu piel una apariencia joven y radiante. Esta innovadora f\u00f3rmula act\u00faa en las capas m\u00e1s profundas, nutriendo tu piel para que luzca revitalizada y con un brillo natural. \ud83c\udf1f \u00bfQu\u00e9 incluye el tratamiento? \ud83c\udf38\u2728 Una aplicaci\u00f3n de Peptona de Col\u00e1geno\u00ae en rostro, escote o manos. *Cuenta con 60 d\u00edas para realizarse el tratamiento a partir de su compra","og_url":"https:\/\/moldearte.com\/en\/tratamiento\/peptona-colageno\/","og_site_name":"MoldeArte | L\u00edderes en Medicina Est\u00e9tica en Tijuana y Rosarito","article_modified_time":"2025-01-13T19:48:26+00:00","og_image":[{"width":1080,"height":1080,"url":"https:\/\/moldearte.com\/wp-content\/uploads\/2024\/10\/EXOSOMAS.jpg","type":"image\/jpeg"}],"twitter_card":"summary_large_image","twitter_misc":{"Price":"&#36;1,350.00","Availability":"In stock"},"schema":{"@context":"https:\/\/schema.org","@graph":[{"@type":"WebPage","@id":"https:\/\/moldearte.com\/tratamiento\/peptona-colageno\/","url":"https:\/\/moldearte.com\/tratamiento\/peptona-colageno\/","name":"PEPTONA DE COL\u00c1GENO\u00ae - MoldeArte | L\u00edderes en Medicina Est\u00e9tica en Tijuana y Rosarito","isPartOf":{"@id":"https:\/\/moldearte.com\/#website"},"primaryImageOfPage":{"@id":"https:\/\/moldearte.com\/tratamiento\/peptona-colageno\/#primaryimage"},"image":{"@id":"https:\/\/moldearte.com\/tratamiento\/peptona-colageno\/#primaryimage"},"thumbnailUrl":"https:\/\/moldearte.com\/wp-content\/uploads\/2024\/10\/EXOSOMAS.jpg","datePublished":"2024-10-03T23:55:58+00:00","dateModified":"2025-01-13T19:48:26+00:00","breadcrumb":{"@id":"https:\/\/moldearte.com\/tratamiento\/peptona-colageno\/#breadcrumb"},"inLanguage":"en-US","potentialAction":[{"@type":"ReadAction","target":["https:\/\/moldearte.com\/tratamiento\/peptona-colageno\/"]}]},{"@type":"ImageObject","inLanguage":"en-US","@id":"https:\/\/moldearte.com\/tratamiento\/peptona-colageno\/#primaryimage","url":"https:\/\/moldearte.com\/wp-content\/uploads\/2024\/10\/EXOSOMAS.jpg","contentUrl":"https:\/\/moldearte.com\/wp-content\/uploads\/2024\/10\/EXOSOMAS.jpg","width":1080,"height":1080},{"@type":"BreadcrumbList","@id":"https:\/\/moldearte.com\/tratamiento\/peptona-colageno\/#breadcrumb","itemListElement":[{"@type":"ListItem","position":1,"name":"Portada","item":"https:\/\/moldearte.com\/"},{"@type":"ListItem","position":2,"name":"Tienda","item":"https:\/\/moldearte.com\/en\/tienda\/"},{"@type":"ListItem","position":3,"name":"PEPTONA DE COL\u00c1GENO\u00ae"}]},{"@type":"WebSite","@id":"https:\/\/moldearte.com\/#website","url":"https:\/\/moldearte.com\/","name":"MoldeArte | L\u00edderes en Medicina Est\u00e9tica en Tijuana y Rosarito","description":"Rejuvenecimiento Facial y corporal sin cirug\u00eda","publisher":{"@id":"https:\/\/moldearte.com\/#organization"},"potentialAction":[{"@type":"SearchAction","target":{"@type":"EntryPoint","urlTemplate":"https:\/\/moldearte.com\/?s={search_term_string}"},"query-input":{"@type":"PropertyValueSpecification","valueRequired":true,"valueName":"search_term_string"}}],"inLanguage":"en-US"},{"@type":"Organization","@id":"https:\/\/moldearte.com\/#organization","name":"MoldeArte | L\u00edderes en Medicina Est\u00e9tica en Tijuana y Rosarito","url":"https:\/\/moldearte.com\/","logo":{"@type":"ImageObject","inLanguage":"en-US","@id":"https:\/\/moldearte.com\/#\/schema\/logo\/image\/","url":"https:\/\/moldearte.com\/wp-content\/uploads\/2023\/01\/cropped-cropped-rejuvenecimiento-facial-sin-cirugia-tijuana.png","contentUrl":"https:\/\/moldearte.com\/wp-content\/uploads\/2023\/01\/cropped-cropped-rejuvenecimiento-facial-sin-cirugia-tijuana.png","width":3255,"height":1059,"caption":"MoldeArte | L\u00edderes en Medicina Est\u00e9tica en Tijuana y Rosarito"},"image":{"@id":"https:\/\/moldearte.com\/#\/schema\/logo\/image\/"}}]},"product_price_amount":"1350.00","product_price_currency":"MXN","og_availability":"instock","product_availability":"instock","product_condition":"new"},"_links":{"self":[{"href":"https:\/\/moldearte.com\/en\/wp-json\/wp\/v2\/product\/6601","targetHints":{"allow":["GET"]}}],"collection":[{"href":"https:\/\/moldearte.com\/en\/wp-json\/wp\/v2\/product"}],"about":[{"href":"https:\/\/moldearte.com\/en\/wp-json\/wp\/v2\/types\/product"}],"wp:featuredmedia":[{"embeddable":true,"href":"https:\/\/moldearte.com\/en\/wp-json\/wp\/v2\/media\/7984"}],"wp:attachment":[{"href":"https:\/\/moldearte.com\/en\/wp-json\/wp\/v2\/media?parent=6601"}],"wp:term":[{"taxonomy":"product_brand","embeddable":true,"href":"https:\/\/moldearte.com\/en\/wp-json\/wp\/v2\/product_brand?post=6601"},{"taxonomy":"product_cat","embeddable":true,"href":"https:\/\/moldearte.com\/en\/wp-json\/wp\/v2\/product_cat?post=6601"},{"taxonomy":"product_tag","embeddable":true,"href":"https:\/\/moldearte.com\/en\/wp-json\/wp\/v2\/product_tag?post=6601"},{"taxonomy":"giftcard-category","embeddable":true,"href":"https:\/\/moldearte.com\/en\/wp-json\/wp\/v2\/giftcard-category?post=6601"}],"curies":[{"name":"wp","href":"https:\/\/api.w.org\/{rel}","templated":true}]}}