{"id":6312,"date":"2024-09-23T12:09:14","date_gmt":"2024-09-23T19:09:14","guid":{"rendered":"https:\/\/moldearte.com\/?post_type=product&#038;p=6312"},"modified":"2026-04-16T12:30:36","modified_gmt":"2026-04-16T19:30:36","slug":"microdermoabrasion","status":"publish","type":"product","link":"https:\/\/moldearte.com\/en\/tratamiento\/microdermoabrasion\/","title":{"rendered":"MICRODERMABRASION"},"content":{"rendered":"<h4>\u00bfQui\u00e9n es candidato a ese tratamiento?<\/h4>\n<p>Personas que desean mejorar la textura de la piel, atenuar manchas superficiales, poros visibles o darle un aspecto m\u00e1s fresco y uniforme al rostro.<\/p>\n<h4>Edad o tipo de piel ideal para realizarse el servicio<\/h4>\n<p>Recomendado a partir de los 20 a\u00f1os. Apto para todo tipo de piel, especialmente piel apagada, con textura irregular o poros obstruidos.<\/p>\n<h4>Los principales 5 beneficios del tratamiento<\/h4>\n<p>\u2728 Elimina c\u00e9lulas muertas y limpia la piel en profundidad<br \/>\n\u2728 Mejora la textura y suavidad del rostro<br \/>\n\u2728 Ayuda a unificar el tono de la piel<br \/>\n\u2728 Estimula la renovaci\u00f3n celular<br \/>\n\u2728 Aporta un aspecto m\u00e1s luminoso y saludable \ud83d\udc96<\/p>\n<p>\ud83c\udf38 Un tratamiento ideal para mantener la piel fresca, uniforme y con un brillo natural.<\/p>","protected":false},"excerpt":{"rendered":"<p>\u00bfSientes que tu piel necesita una renovaci\u00f3n completa? \ud83d\udc86\u200d\u2640\ufe0f La Microdermoabrasi\u00f3n Facial es el tratamiento perfecto para exfoliar en profundidad, mejorar la textura y luminosidad de tu piel, y reducir las imperfecciones superficiales. Este tratamiento elimina suavemente las c\u00e9lulas muertas, promoviendo la regeneraci\u00f3n de la piel para un rostro fresco y revitalizado. \ud83d\udc96<\/p>\n<h4>\u00bfQu\u00e9 incluye el tratamiento? \ud83d\udc96<\/h4>\n<p>Una sesi\u00f3n de Microdermoabrasi\u00f3n punta diamante en rostro.<br \/>\n<span class=\"fontstyle0\"><span style=\"color: #ff914d;\"><strong>*Cuenta con 60 d\u00edas para realizarse el tratamiento a partir de su compra<\/strong><\/span><\/span><\/p>","protected":false},"featured_media":4042,"template":"","meta":[],"product_brand":[],"product_cat":[250,235,261,27],"product_tag":[],"giftcard-category":[],"class_list":{"0":"post-6312","1":"product","2":"type-product","3":"status-publish","4":"has-post-thumbnail","6":"product_cat-anti-impurezas","7":"product_cat-faciales","8":"product_cat-promoscosme","9":"product_cat-txcosmetologicos","11":"first","12":"instock","13":"sale","14":"shipping-taxable","15":"purchasable","16":"product-type-variable","17":"has-default-attributes"},"yoast_head":"<!-- This site is optimized with the Yoast SEO Premium plugin v27.2 (Yoast SEO v27.4) - https:\/\/yoast.com\/product\/yoast-seo-premium-wordpress\/ -->\n<title>MICRODERMOABRASI\u00d3N - MoldeArte | L\u00edderes en Medicina Est\u00e9tica en Tijuana y Rosarito<\/title>\n<meta name=\"robots\" content=\"index, follow, max-snippet:-1, max-image-preview:large, max-video-preview:-1\" \/>\n<link rel=\"canonical\" href=\"https:\/\/moldearte.com\/en\/tratamiento\/microdermoabrasion\/\" \/>\n<meta property=\"og:locale\" content=\"en_US\" \/>\n<meta property=\"og:type\" content=\"article\" \/>\n<meta property=\"og:title\" content=\"MICRODERMOABRASI\u00d3N\" \/>\n<meta property=\"og:description\" content=\"\u00bfSientes que tu piel necesita una renovaci\u00f3n completa? \ud83d\udc86\u200d\u2640\ufe0f La Microdermoabrasi\u00f3n Facial es el tratamiento perfecto para exfoliar en profundidad, mejorar la textura y luminosidad de tu piel, y reducir las imperfecciones superficiales. Este tratamiento elimina suavemente las c\u00e9lulas muertas, promoviendo la regeneraci\u00f3n de la piel para un rostro fresco y revitalizado. \ud83d\udc96 \u00bfQu\u00e9 incluye el tratamiento? \ud83d\udc96 Una sesi\u00f3n de Microdermoabrasi\u00f3n punta diamante en rostro. *Cuenta con 60 d\u00edas para realizarse el tratamiento a partir de su compra\" \/>\n<meta property=\"og:url\" content=\"https:\/\/moldearte.com\/en\/tratamiento\/microdermoabrasion\/\" \/>\n<meta property=\"og:site_name\" content=\"MoldeArte | L\u00edderes en Medicina Est\u00e9tica en Tijuana y Rosarito\" \/>\n<meta property=\"article:modified_time\" content=\"2026-04-16T19:30:36+00:00\" \/>\n<meta property=\"og:image\" content=\"https:\/\/moldearte.com\/wp-content\/uploads\/2023\/01\/MICRO-APLICACION.jpg\" \/>\n\t<meta property=\"og:image:width\" content=\"1080\" \/>\n\t<meta property=\"og:image:height\" content=\"1080\" \/>\n\t<meta property=\"og:image:type\" content=\"image\/jpeg\" \/>\n<meta name=\"twitter:card\" content=\"summary_large_image\" \/>\n<meta name=\"twitter:label1\" content=\"Availability\" \/>\n\t<meta name=\"twitter:data1\" content=\"In stock\" \/>\n<script type=\"application\/ld+json\" class=\"yoast-schema-graph\">{\"@context\":\"https:\\\/\\\/schema.org\",\"@graph\":[{\"@type\":\"WebPage\",\"@id\":\"https:\\\/\\\/moldearte.com\\\/tratamiento\\\/microdermoabrasion\\\/\",\"url\":\"https:\\\/\\\/moldearte.com\\\/tratamiento\\\/microdermoabrasion\\\/\",\"name\":\"MICRODERMOABRASI\u00d3N - MoldeArte | L\u00edderes en Medicina Est\u00e9tica en Tijuana y Rosarito\",\"isPartOf\":{\"@id\":\"https:\\\/\\\/moldearte.com\\\/#website\"},\"primaryImageOfPage\":{\"@id\":\"https:\\\/\\\/moldearte.com\\\/tratamiento\\\/microdermoabrasion\\\/#primaryimage\"},\"image\":{\"@id\":\"https:\\\/\\\/moldearte.com\\\/tratamiento\\\/microdermoabrasion\\\/#primaryimage\"},\"thumbnailUrl\":\"https:\\\/\\\/moldearte.com\\\/wp-content\\\/uploads\\\/2023\\\/01\\\/MICRO-APLICACION.jpg\",\"datePublished\":\"2024-09-23T19:09:14+00:00\",\"dateModified\":\"2026-04-16T19:30:36+00:00\",\"breadcrumb\":{\"@id\":\"https:\\\/\\\/moldearte.com\\\/tratamiento\\\/microdermoabrasion\\\/#breadcrumb\"},\"inLanguage\":\"en-US\",\"potentialAction\":[{\"@type\":\"ReadAction\",\"target\":[\"https:\\\/\\\/moldearte.com\\\/tratamiento\\\/microdermoabrasion\\\/\"]}]},{\"@type\":\"ImageObject\",\"inLanguage\":\"en-US\",\"@id\":\"https:\\\/\\\/moldearte.com\\\/tratamiento\\\/microdermoabrasion\\\/#primaryimage\",\"url\":\"https:\\\/\\\/moldearte.com\\\/wp-content\\\/uploads\\\/2023\\\/01\\\/MICRO-APLICACION.jpg\",\"contentUrl\":\"https:\\\/\\\/moldearte.com\\\/wp-content\\\/uploads\\\/2023\\\/01\\\/MICRO-APLICACION.jpg\",\"width\":1080,\"height\":1080},{\"@type\":\"BreadcrumbList\",\"@id\":\"https:\\\/\\\/moldearte.com\\\/tratamiento\\\/microdermoabrasion\\\/#breadcrumb\",\"itemListElement\":[{\"@type\":\"ListItem\",\"position\":1,\"name\":\"Portada\",\"item\":\"https:\\\/\\\/moldearte.com\\\/\"},{\"@type\":\"ListItem\",\"position\":2,\"name\":\"Tienda\",\"item\":\"https:\\\/\\\/moldearte.com\\\/en\\\/tienda\\\/\"},{\"@type\":\"ListItem\",\"position\":3,\"name\":\"MICRODERMOABRASI\u00d3N\"}]},{\"@type\":\"WebSite\",\"@id\":\"https:\\\/\\\/moldearte.com\\\/#website\",\"url\":\"https:\\\/\\\/moldearte.com\\\/\",\"name\":\"MoldeArte | L\u00edderes en Medicina Est\u00e9tica en Tijuana y Rosarito\",\"description\":\"Rejuvenecimiento Facial y corporal sin cirug\u00eda\",\"publisher\":{\"@id\":\"https:\\\/\\\/moldearte.com\\\/#organization\"},\"potentialAction\":[{\"@type\":\"SearchAction\",\"target\":{\"@type\":\"EntryPoint\",\"urlTemplate\":\"https:\\\/\\\/moldearte.com\\\/?s={search_term_string}\"},\"query-input\":{\"@type\":\"PropertyValueSpecification\",\"valueRequired\":true,\"valueName\":\"search_term_string\"}}],\"inLanguage\":\"en-US\"},{\"@type\":\"Organization\",\"@id\":\"https:\\\/\\\/moldearte.com\\\/#organization\",\"name\":\"MoldeArte | L\u00edderes en Medicina Est\u00e9tica en Tijuana y Rosarito\",\"url\":\"https:\\\/\\\/moldearte.com\\\/\",\"logo\":{\"@type\":\"ImageObject\",\"inLanguage\":\"en-US\",\"@id\":\"https:\\\/\\\/moldearte.com\\\/#\\\/schema\\\/logo\\\/image\\\/\",\"url\":\"https:\\\/\\\/moldearte.com\\\/wp-content\\\/uploads\\\/2023\\\/01\\\/cropped-cropped-rejuvenecimiento-facial-sin-cirugia-tijuana.png\",\"contentUrl\":\"https:\\\/\\\/moldearte.com\\\/wp-content\\\/uploads\\\/2023\\\/01\\\/cropped-cropped-rejuvenecimiento-facial-sin-cirugia-tijuana.png\",\"width\":3255,\"height\":1059,\"caption\":\"MoldeArte | L\u00edderes en Medicina Est\u00e9tica en Tijuana y Rosarito\"},\"image\":{\"@id\":\"https:\\\/\\\/moldearte.com\\\/#\\\/schema\\\/logo\\\/image\\\/\"}}]}<\/script>\n<meta property=\"og:availability\" content=\"instock\" \/>\n<meta property=\"product:availability\" content=\"instock\" \/>\n<meta property=\"product:condition\" content=\"new\" \/>\n<!-- \/ Yoast SEO Premium plugin. -->","yoast_head_json":{"title":"MICRODERMOABRASI\u00d3N - MoldeArte | L\u00edderes en Medicina Est\u00e9tica en Tijuana y Rosarito","robots":{"index":"index","follow":"follow","max-snippet":"max-snippet:-1","max-image-preview":"max-image-preview:large","max-video-preview":"max-video-preview:-1"},"canonical":"https:\/\/moldearte.com\/en\/tratamiento\/microdermoabrasion\/","og_locale":"en_US","og_type":"article","og_title":"MICRODERMOABRASI\u00d3N","og_description":"\u00bfSientes que tu piel necesita una renovaci\u00f3n completa? \ud83d\udc86\u200d\u2640\ufe0f La Microdermoabrasi\u00f3n Facial es el tratamiento perfecto para exfoliar en profundidad, mejorar la textura y luminosidad de tu piel, y reducir las imperfecciones superficiales. Este tratamiento elimina suavemente las c\u00e9lulas muertas, promoviendo la regeneraci\u00f3n de la piel para un rostro fresco y revitalizado. \ud83d\udc96 \u00bfQu\u00e9 incluye el tratamiento? \ud83d\udc96 Una sesi\u00f3n de Microdermoabrasi\u00f3n punta diamante en rostro. *Cuenta con 60 d\u00edas para realizarse el tratamiento a partir de su compra","og_url":"https:\/\/moldearte.com\/en\/tratamiento\/microdermoabrasion\/","og_site_name":"MoldeArte | L\u00edderes en Medicina Est\u00e9tica en Tijuana y Rosarito","article_modified_time":"2026-04-16T19:30:36+00:00","og_image":[{"width":1080,"height":1080,"url":"https:\/\/moldearte.com\/wp-content\/uploads\/2023\/01\/MICRO-APLICACION.jpg","type":"image\/jpeg"}],"twitter_card":"summary_large_image","twitter_misc":{"Availability":"In stock"},"schema":{"@context":"https:\/\/schema.org","@graph":[{"@type":"WebPage","@id":"https:\/\/moldearte.com\/tratamiento\/microdermoabrasion\/","url":"https:\/\/moldearte.com\/tratamiento\/microdermoabrasion\/","name":"MICRODERMOABRASI\u00d3N - MoldeArte | L\u00edderes en Medicina Est\u00e9tica en Tijuana y Rosarito","isPartOf":{"@id":"https:\/\/moldearte.com\/#website"},"primaryImageOfPage":{"@id":"https:\/\/moldearte.com\/tratamiento\/microdermoabrasion\/#primaryimage"},"image":{"@id":"https:\/\/moldearte.com\/tratamiento\/microdermoabrasion\/#primaryimage"},"thumbnailUrl":"https:\/\/moldearte.com\/wp-content\/uploads\/2023\/01\/MICRO-APLICACION.jpg","datePublished":"2024-09-23T19:09:14+00:00","dateModified":"2026-04-16T19:30:36+00:00","breadcrumb":{"@id":"https:\/\/moldearte.com\/tratamiento\/microdermoabrasion\/#breadcrumb"},"inLanguage":"en-US","potentialAction":[{"@type":"ReadAction","target":["https:\/\/moldearte.com\/tratamiento\/microdermoabrasion\/"]}]},{"@type":"ImageObject","inLanguage":"en-US","@id":"https:\/\/moldearte.com\/tratamiento\/microdermoabrasion\/#primaryimage","url":"https:\/\/moldearte.com\/wp-content\/uploads\/2023\/01\/MICRO-APLICACION.jpg","contentUrl":"https:\/\/moldearte.com\/wp-content\/uploads\/2023\/01\/MICRO-APLICACION.jpg","width":1080,"height":1080},{"@type":"BreadcrumbList","@id":"https:\/\/moldearte.com\/tratamiento\/microdermoabrasion\/#breadcrumb","itemListElement":[{"@type":"ListItem","position":1,"name":"Portada","item":"https:\/\/moldearte.com\/"},{"@type":"ListItem","position":2,"name":"Tienda","item":"https:\/\/moldearte.com\/en\/tienda\/"},{"@type":"ListItem","position":3,"name":"MICRODERMOABRASI\u00d3N"}]},{"@type":"WebSite","@id":"https:\/\/moldearte.com\/#website","url":"https:\/\/moldearte.com\/","name":"MoldeArte | L\u00edderes en Medicina Est\u00e9tica en Tijuana y Rosarito","description":"Rejuvenecimiento Facial y corporal sin cirug\u00eda","publisher":{"@id":"https:\/\/moldearte.com\/#organization"},"potentialAction":[{"@type":"SearchAction","target":{"@type":"EntryPoint","urlTemplate":"https:\/\/moldearte.com\/?s={search_term_string}"},"query-input":{"@type":"PropertyValueSpecification","valueRequired":true,"valueName":"search_term_string"}}],"inLanguage":"en-US"},{"@type":"Organization","@id":"https:\/\/moldearte.com\/#organization","name":"MoldeArte | L\u00edderes en Medicina Est\u00e9tica en Tijuana y Rosarito","url":"https:\/\/moldearte.com\/","logo":{"@type":"ImageObject","inLanguage":"en-US","@id":"https:\/\/moldearte.com\/#\/schema\/logo\/image\/","url":"https:\/\/moldearte.com\/wp-content\/uploads\/2023\/01\/cropped-cropped-rejuvenecimiento-facial-sin-cirugia-tijuana.png","contentUrl":"https:\/\/moldearte.com\/wp-content\/uploads\/2023\/01\/cropped-cropped-rejuvenecimiento-facial-sin-cirugia-tijuana.png","width":3255,"height":1059,"caption":"MoldeArte | L\u00edderes en Medicina Est\u00e9tica en Tijuana y Rosarito"},"image":{"@id":"https:\/\/moldearte.com\/#\/schema\/logo\/image\/"}}]},"og_availability":"instock","product_availability":"instock","product_condition":"new"},"_links":{"self":[{"href":"https:\/\/moldearte.com\/en\/wp-json\/wp\/v2\/product\/6312","targetHints":{"allow":["GET"]}}],"collection":[{"href":"https:\/\/moldearte.com\/en\/wp-json\/wp\/v2\/product"}],"about":[{"href":"https:\/\/moldearte.com\/en\/wp-json\/wp\/v2\/types\/product"}],"wp:featuredmedia":[{"embeddable":true,"href":"https:\/\/moldearte.com\/en\/wp-json\/wp\/v2\/media\/4042"}],"wp:attachment":[{"href":"https:\/\/moldearte.com\/en\/wp-json\/wp\/v2\/media?parent=6312"}],"wp:term":[{"taxonomy":"product_brand","embeddable":true,"href":"https:\/\/moldearte.com\/en\/wp-json\/wp\/v2\/product_brand?post=6312"},{"taxonomy":"product_cat","embeddable":true,"href":"https:\/\/moldearte.com\/en\/wp-json\/wp\/v2\/product_cat?post=6312"},{"taxonomy":"product_tag","embeddable":true,"href":"https:\/\/moldearte.com\/en\/wp-json\/wp\/v2\/product_tag?post=6312"},{"taxonomy":"giftcard-category","embeddable":true,"href":"https:\/\/moldearte.com\/en\/wp-json\/wp\/v2\/giftcard-category?post=6312"}],"curies":[{"name":"wp","href":"https:\/\/api.w.org\/{rel}","templated":true}]}}