{"id":6070,"date":"2024-08-19T11:24:53","date_gmt":"2024-08-19T18:24:53","guid":{"rendered":"https:\/\/moldearte.com\/?post_type=product&#038;p=6070"},"modified":"2025-05-24T08:23:25","modified_gmt":"2025-05-24T15:23:25","slug":"toxina-botulinica","status":"publish","type":"product","link":"https:\/\/moldearte.com\/en\/tratamiento\/toxina-botulinica\/","title":{"rendered":"BOTOX\u00ae BOTULINUM TOXIN"},"content":{"rendered":"<h4>\u00bfQui\u00e9n es candidato ideal para el tratamiento? \ud83d\udcab<\/h4>\n<p>Este tratamiento es ideal para personas que desean suavizar las l\u00edneas de expresi\u00f3n, especialmente en \u00e1reas como la frente, el entrecejo y alrededor de los ojos. Es una excelente opci\u00f3n para quienes buscan un efecto rejuvenecedor sin pasar por cirug\u00eda.<\/p>\n<h4>\u00bfEdad o tipo de piel ideal? \ud83c\udf38<\/h4>\n<ul>\n<li>A partir de los 25 a\u00f1os cuando la perdida de Col\u00e1geno inicia<\/li>\n<li>Pieles con arrugas y l\u00edneas de expresi\u00f3n marcadas en en frente, el entrecejo y alrededor de los ojos<\/li>\n<li>Personas con gesticulaci\u00f3n media a alta en frente, el entrecejo y alrededor de los ojos<\/li>\n<\/ul>\n<p><strong>\u26a0\ufe0f Esta es una recomendaci\u00f3n general<\/strong>, el m\u00e9dico es quien determinar\u00e1 con exactitud la recomendaci\u00f3n sobre la marca, por factores individuales de cada paciente.<\/p>\n<h3>Principales beneficios del tratamiento \ud83d\udc8e<\/h3>\n<ol>\n<li><strong>Reduce arrugas y l\u00edneas de expresi\u00f3n<\/strong>: Suaviza de manera visible los signos de la edad para una apariencia juvenil.<\/li>\n<li><strong>Previene la formaci\u00f3n de nuevas arrugas<\/strong>: Al relajar los m\u00fasculos faciales, ayuda a retrasar la aparici\u00f3n de nuevas l\u00edneas.<\/li>\n<li><strong>Resultados naturales y frescos<\/strong>: La aplicaci\u00f3n precisa permite conservar la expresividad, logrando un efecto natural.<\/li>\n<li><strong>Procedimiento r\u00e1pido y sin dolor<\/strong>: Las sesiones son r\u00e1pidas y no requieren tiempo de recuperaci\u00f3n.<\/li>\n<li><strong>Prevenci\u00f3n y tratamiento de la migra\u00f1a cr\u00f3nica: <\/strong>En algunos pacientes, la Toxina Botul\u00ednica puede disminuir la frecuencia e intensidad de las migra\u00f1as al relajar los m\u00fasculos que intervienen en su g\u00e9nesis.<\/li>\n<li><strong>Manejo de la hiperhidrosis (sudoraci\u00f3n excesiva): <\/strong>Se utiliza para reducir la sudoraci\u00f3n en \u00e1reas como axilas, manos, pies y otras zonas afectadas.<\/li>\n<li><strong>Tratamiento del bruxismo: <\/strong>La aplicaci\u00f3n en los m\u00fasculos de la mand\u00edbula puede ayudar a disminuir el rechinar de dientes y el dolor asociado.<\/li>\n<\/ol>","protected":false},"excerpt":{"rendered":"<p>Este tratamiento es ideal para personas que desean suavizar las l\u00edneas de expresi\u00f3n, especialmente en \u00e1reas como la frente, el entrecejo y alrededor de los ojos. Es una excelente opci\u00f3n para quienes buscan un efecto rejuvenecedor sin pasar por cirug\u00eda.<\/p>\n<h3>\u00bfQu\u00e9 incluye el tratamiento? \ud83c\udf38\u2728<\/h3>\n<p>Una aplicacio\u0301n de Toxina Botuli\u0301nica Botox\u00ae en Frente, Entrecejo y Li\u0301neas alrededor de los ojos.<br \/>\n<span class=\"fontstyle0\"><span style=\"color: #ff914d;\"><strong>*Cuenta con 60 d\u00edas para realizarse el tratamiento a partir de su compra<\/strong><\/span><\/span><\/p>","protected":false},"featured_media":6299,"template":"","meta":[],"product_brand":[],"product_cat":[23,239,233,26],"product_tag":[],"giftcard-category":[],"class_list":{"0":"post-6070","1":"product","2":"type-product","3":"status-publish","4":"has-post-thumbnail","6":"product_cat-rejuvenecimientosincirugia","7":"product_cat-relaja-y-atenua-lineas-de-expresion","8":"product_cat-toxinas-botulinicas","9":"product_cat-txmedicos","11":"first","12":"outofstock","13":"featured","14":"virtual","15":"purchasable","16":"product-type-simple"},"yoast_head":"<!-- This site is optimized with the Yoast SEO Premium plugin v27.2 (Yoast SEO v27.4) - https:\/\/yoast.com\/product\/yoast-seo-premium-wordpress\/ -->\n<title>TOXINA BOTUL\u00cdNICA BOTOX\u00ae - MoldeArte | L\u00edderes en Medicina Est\u00e9tica en Tijuana y Rosarito<\/title>\n<meta name=\"robots\" content=\"index, follow, max-snippet:-1, max-image-preview:large, max-video-preview:-1\" \/>\n<link rel=\"canonical\" href=\"https:\/\/moldearte.com\/en\/tratamiento\/toxina-botulinica\/\" \/>\n<meta property=\"og:locale\" content=\"en_US\" \/>\n<meta property=\"og:type\" content=\"article\" \/>\n<meta property=\"og:title\" content=\"TOXINA BOTUL\u00cdNICA BOTOX\u00ae\" \/>\n<meta property=\"og:description\" content=\"Este tratamiento es ideal para personas que desean suavizar las l\u00edneas de expresi\u00f3n, especialmente en \u00e1reas como la frente, el entrecejo y alrededor de los ojos. Es una excelente opci\u00f3n para quienes buscan un efecto rejuvenecedor sin pasar por cirug\u00eda. \u00bfQu\u00e9 incluye el tratamiento? \ud83c\udf38\u2728 Una aplicacio\u0301n de Toxina Botuli\u0301nica Botox\u00ae en Frente, Entrecejo y Li\u0301neas alrededor de los ojos. *Cuenta con 60 d\u00edas para realizarse el tratamiento a partir de su compra\" \/>\n<meta property=\"og:url\" content=\"https:\/\/moldearte.com\/en\/tratamiento\/toxina-botulinica\/\" \/>\n<meta property=\"og:site_name\" content=\"MoldeArte | L\u00edderes en Medicina Est\u00e9tica en Tijuana y Rosarito\" \/>\n<meta property=\"article:modified_time\" content=\"2025-05-24T15:23:25+00:00\" \/>\n<meta property=\"og:image\" content=\"https:\/\/moldearte.com\/wp-content\/uploads\/2024\/09\/toxinaderma.png\" \/>\n\t<meta property=\"og:image:width\" content=\"1080\" \/>\n\t<meta property=\"og:image:height\" content=\"1080\" \/>\n\t<meta property=\"og:image:type\" content=\"image\/png\" \/>\n<meta name=\"twitter:card\" content=\"summary_large_image\" \/>\n<meta name=\"twitter:label1\" content=\"Price\" \/>\n\t<meta name=\"twitter:data1\" content=\"&#036;6,600.00\" \/>\n\t<meta name=\"twitter:label2\" content=\"Availability\" \/>\n\t<meta name=\"twitter:data2\" content=\"Out of stock\" \/>\n<script type=\"application\/ld+json\" class=\"yoast-schema-graph\">{\"@context\":\"https:\\\/\\\/schema.org\",\"@graph\":[{\"@type\":\"WebPage\",\"@id\":\"https:\\\/\\\/moldearte.com\\\/tratamiento\\\/toxina-botulinica\\\/\",\"url\":\"https:\\\/\\\/moldearte.com\\\/tratamiento\\\/toxina-botulinica\\\/\",\"name\":\"TOXINA BOTUL\u00cdNICA BOTOX\u00ae - MoldeArte | L\u00edderes en Medicina Est\u00e9tica en Tijuana y Rosarito\",\"isPartOf\":{\"@id\":\"https:\\\/\\\/moldearte.com\\\/#website\"},\"primaryImageOfPage\":{\"@id\":\"https:\\\/\\\/moldearte.com\\\/tratamiento\\\/toxina-botulinica\\\/#primaryimage\"},\"image\":{\"@id\":\"https:\\\/\\\/moldearte.com\\\/tratamiento\\\/toxina-botulinica\\\/#primaryimage\"},\"thumbnailUrl\":\"https:\\\/\\\/moldearte.com\\\/wp-content\\\/uploads\\\/2024\\\/09\\\/toxinaderma.png\",\"datePublished\":\"2024-08-19T18:24:53+00:00\",\"dateModified\":\"2025-05-24T15:23:25+00:00\",\"breadcrumb\":{\"@id\":\"https:\\\/\\\/moldearte.com\\\/tratamiento\\\/toxina-botulinica\\\/#breadcrumb\"},\"inLanguage\":\"en-US\",\"potentialAction\":[{\"@type\":\"ReadAction\",\"target\":[\"https:\\\/\\\/moldearte.com\\\/tratamiento\\\/toxina-botulinica\\\/\"]}]},{\"@type\":\"ImageObject\",\"inLanguage\":\"en-US\",\"@id\":\"https:\\\/\\\/moldearte.com\\\/tratamiento\\\/toxina-botulinica\\\/#primaryimage\",\"url\":\"https:\\\/\\\/moldearte.com\\\/wp-content\\\/uploads\\\/2024\\\/09\\\/toxinaderma.png\",\"contentUrl\":\"https:\\\/\\\/moldearte.com\\\/wp-content\\\/uploads\\\/2024\\\/09\\\/toxinaderma.png\",\"width\":1080,\"height\":1080},{\"@type\":\"BreadcrumbList\",\"@id\":\"https:\\\/\\\/moldearte.com\\\/tratamiento\\\/toxina-botulinica\\\/#breadcrumb\",\"itemListElement\":[{\"@type\":\"ListItem\",\"position\":1,\"name\":\"Portada\",\"item\":\"https:\\\/\\\/moldearte.com\\\/\"},{\"@type\":\"ListItem\",\"position\":2,\"name\":\"Tienda\",\"item\":\"https:\\\/\\\/moldearte.com\\\/en\\\/tienda\\\/\"},{\"@type\":\"ListItem\",\"position\":3,\"name\":\"TOXINA BOTUL\u00cdNICA BOTOX\u00ae\"}]},{\"@type\":\"WebSite\",\"@id\":\"https:\\\/\\\/moldearte.com\\\/#website\",\"url\":\"https:\\\/\\\/moldearte.com\\\/\",\"name\":\"MoldeArte | L\u00edderes en Medicina Est\u00e9tica en Tijuana y Rosarito\",\"description\":\"Rejuvenecimiento Facial y corporal sin cirug\u00eda\",\"publisher\":{\"@id\":\"https:\\\/\\\/moldearte.com\\\/#organization\"},\"potentialAction\":[{\"@type\":\"SearchAction\",\"target\":{\"@type\":\"EntryPoint\",\"urlTemplate\":\"https:\\\/\\\/moldearte.com\\\/?s={search_term_string}\"},\"query-input\":{\"@type\":\"PropertyValueSpecification\",\"valueRequired\":true,\"valueName\":\"search_term_string\"}}],\"inLanguage\":\"en-US\"},{\"@type\":\"Organization\",\"@id\":\"https:\\\/\\\/moldearte.com\\\/#organization\",\"name\":\"MoldeArte | L\u00edderes en Medicina Est\u00e9tica en Tijuana y Rosarito\",\"url\":\"https:\\\/\\\/moldearte.com\\\/\",\"logo\":{\"@type\":\"ImageObject\",\"inLanguage\":\"en-US\",\"@id\":\"https:\\\/\\\/moldearte.com\\\/#\\\/schema\\\/logo\\\/image\\\/\",\"url\":\"https:\\\/\\\/moldearte.com\\\/wp-content\\\/uploads\\\/2023\\\/01\\\/cropped-cropped-rejuvenecimiento-facial-sin-cirugia-tijuana.png\",\"contentUrl\":\"https:\\\/\\\/moldearte.com\\\/wp-content\\\/uploads\\\/2023\\\/01\\\/cropped-cropped-rejuvenecimiento-facial-sin-cirugia-tijuana.png\",\"width\":3255,\"height\":1059,\"caption\":\"MoldeArte | L\u00edderes en Medicina Est\u00e9tica en Tijuana y Rosarito\"},\"image\":{\"@id\":\"https:\\\/\\\/moldearte.com\\\/#\\\/schema\\\/logo\\\/image\\\/\"}}]}<\/script>\n<meta property=\"product:price:amount\" content=\"6600.00\" \/>\n<meta property=\"product:price:currency\" content=\"MXN\" \/>\n<meta property=\"og:availability\" content=\"out of stock\" \/>\n<meta property=\"product:availability\" content=\"out of stock\" \/>\n<meta property=\"product:condition\" content=\"new\" \/>\n<!-- \/ Yoast SEO Premium plugin. -->","yoast_head_json":{"title":"TOXINA BOTUL\u00cdNICA BOTOX\u00ae - MoldeArte | L\u00edderes en Medicina Est\u00e9tica en Tijuana y Rosarito","robots":{"index":"index","follow":"follow","max-snippet":"max-snippet:-1","max-image-preview":"max-image-preview:large","max-video-preview":"max-video-preview:-1"},"canonical":"https:\/\/moldearte.com\/en\/tratamiento\/toxina-botulinica\/","og_locale":"en_US","og_type":"article","og_title":"TOXINA BOTUL\u00cdNICA BOTOX\u00ae","og_description":"Este tratamiento es ideal para personas que desean suavizar las l\u00edneas de expresi\u00f3n, especialmente en \u00e1reas como la frente, el entrecejo y alrededor de los ojos. Es una excelente opci\u00f3n para quienes buscan un efecto rejuvenecedor sin pasar por cirug\u00eda. \u00bfQu\u00e9 incluye el tratamiento? \ud83c\udf38\u2728 Una aplicacio\u0301n de Toxina Botuli\u0301nica Botox\u00ae en Frente, Entrecejo y Li\u0301neas alrededor de los ojos. *Cuenta con 60 d\u00edas para realizarse el tratamiento a partir de su compra","og_url":"https:\/\/moldearte.com\/en\/tratamiento\/toxina-botulinica\/","og_site_name":"MoldeArte | L\u00edderes en Medicina Est\u00e9tica en Tijuana y Rosarito","article_modified_time":"2025-05-24T15:23:25+00:00","og_image":[{"width":1080,"height":1080,"url":"https:\/\/moldearte.com\/wp-content\/uploads\/2024\/09\/toxinaderma.png","type":"image\/png"}],"twitter_card":"summary_large_image","twitter_misc":{"Price":"&#36;6,600.00","Availability":"Out of stock"},"schema":{"@context":"https:\/\/schema.org","@graph":[{"@type":"WebPage","@id":"https:\/\/moldearte.com\/tratamiento\/toxina-botulinica\/","url":"https:\/\/moldearte.com\/tratamiento\/toxina-botulinica\/","name":"TOXINA BOTUL\u00cdNICA BOTOX\u00ae - MoldeArte | L\u00edderes en Medicina Est\u00e9tica en Tijuana y Rosarito","isPartOf":{"@id":"https:\/\/moldearte.com\/#website"},"primaryImageOfPage":{"@id":"https:\/\/moldearte.com\/tratamiento\/toxina-botulinica\/#primaryimage"},"image":{"@id":"https:\/\/moldearte.com\/tratamiento\/toxina-botulinica\/#primaryimage"},"thumbnailUrl":"https:\/\/moldearte.com\/wp-content\/uploads\/2024\/09\/toxinaderma.png","datePublished":"2024-08-19T18:24:53+00:00","dateModified":"2025-05-24T15:23:25+00:00","breadcrumb":{"@id":"https:\/\/moldearte.com\/tratamiento\/toxina-botulinica\/#breadcrumb"},"inLanguage":"en-US","potentialAction":[{"@type":"ReadAction","target":["https:\/\/moldearte.com\/tratamiento\/toxina-botulinica\/"]}]},{"@type":"ImageObject","inLanguage":"en-US","@id":"https:\/\/moldearte.com\/tratamiento\/toxina-botulinica\/#primaryimage","url":"https:\/\/moldearte.com\/wp-content\/uploads\/2024\/09\/toxinaderma.png","contentUrl":"https:\/\/moldearte.com\/wp-content\/uploads\/2024\/09\/toxinaderma.png","width":1080,"height":1080},{"@type":"BreadcrumbList","@id":"https:\/\/moldearte.com\/tratamiento\/toxina-botulinica\/#breadcrumb","itemListElement":[{"@type":"ListItem","position":1,"name":"Portada","item":"https:\/\/moldearte.com\/"},{"@type":"ListItem","position":2,"name":"Tienda","item":"https:\/\/moldearte.com\/en\/tienda\/"},{"@type":"ListItem","position":3,"name":"TOXINA BOTUL\u00cdNICA BOTOX\u00ae"}]},{"@type":"WebSite","@id":"https:\/\/moldearte.com\/#website","url":"https:\/\/moldearte.com\/","name":"MoldeArte | L\u00edderes en Medicina Est\u00e9tica en Tijuana y Rosarito","description":"Rejuvenecimiento Facial y corporal sin cirug\u00eda","publisher":{"@id":"https:\/\/moldearte.com\/#organization"},"potentialAction":[{"@type":"SearchAction","target":{"@type":"EntryPoint","urlTemplate":"https:\/\/moldearte.com\/?s={search_term_string}"},"query-input":{"@type":"PropertyValueSpecification","valueRequired":true,"valueName":"search_term_string"}}],"inLanguage":"en-US"},{"@type":"Organization","@id":"https:\/\/moldearte.com\/#organization","name":"MoldeArte | L\u00edderes en Medicina Est\u00e9tica en Tijuana y Rosarito","url":"https:\/\/moldearte.com\/","logo":{"@type":"ImageObject","inLanguage":"en-US","@id":"https:\/\/moldearte.com\/#\/schema\/logo\/image\/","url":"https:\/\/moldearte.com\/wp-content\/uploads\/2023\/01\/cropped-cropped-rejuvenecimiento-facial-sin-cirugia-tijuana.png","contentUrl":"https:\/\/moldearte.com\/wp-content\/uploads\/2023\/01\/cropped-cropped-rejuvenecimiento-facial-sin-cirugia-tijuana.png","width":3255,"height":1059,"caption":"MoldeArte | L\u00edderes en Medicina Est\u00e9tica en Tijuana y Rosarito"},"image":{"@id":"https:\/\/moldearte.com\/#\/schema\/logo\/image\/"}}]},"product_price_amount":"6600.00","product_price_currency":"MXN","og_availability":"out of stock","product_availability":"out of stock","product_condition":"new"},"_links":{"self":[{"href":"https:\/\/moldearte.com\/en\/wp-json\/wp\/v2\/product\/6070","targetHints":{"allow":["GET"]}}],"collection":[{"href":"https:\/\/moldearte.com\/en\/wp-json\/wp\/v2\/product"}],"about":[{"href":"https:\/\/moldearte.com\/en\/wp-json\/wp\/v2\/types\/product"}],"wp:featuredmedia":[{"embeddable":true,"href":"https:\/\/moldearte.com\/en\/wp-json\/wp\/v2\/media\/6299"}],"wp:attachment":[{"href":"https:\/\/moldearte.com\/en\/wp-json\/wp\/v2\/media?parent=6070"}],"wp:term":[{"taxonomy":"product_brand","embeddable":true,"href":"https:\/\/moldearte.com\/en\/wp-json\/wp\/v2\/product_brand?post=6070"},{"taxonomy":"product_cat","embeddable":true,"href":"https:\/\/moldearte.com\/en\/wp-json\/wp\/v2\/product_cat?post=6070"},{"taxonomy":"product_tag","embeddable":true,"href":"https:\/\/moldearte.com\/en\/wp-json\/wp\/v2\/product_tag?post=6070"},{"taxonomy":"giftcard-category","embeddable":true,"href":"https:\/\/moldearte.com\/en\/wp-json\/wp\/v2\/giftcard-category?post=6070"}],"curies":[{"name":"wp","href":"https:\/\/api.w.org\/{rel}","templated":true}]}}