{"id":5574,"date":"2024-05-31T13:18:23","date_gmt":"2024-05-31T20:18:23","guid":{"rendered":"https:\/\/moldearte.com\/?post_type=product&#038;p=5574"},"modified":"2026-02-23T12:27:14","modified_gmt":"2026-02-23T20:27:14","slug":"certificado-de-regalo-500","status":"publish","type":"product","link":"https:\/\/moldearte.com\/en\/tratamiento\/certificado-de-regalo-500\/","title":{"rendered":"CERTIFICADO DE REGALO $500 M.N."},"content":{"rendered":"<p>Purchase a Digital Gift Certificate with a value of $500 M.N. which is valid for redemption with list prices or current promotions, valid for 60 days from the date of purchase.<\/p>\n<p>&nbsp;<\/p>\n<p>&nbsp;<\/p>","protected":false},"excerpt":{"rendered":"<p>Purchase a Digital Gift Certificate with a value of $500 M.N. which is valid for redemption with list prices or current promotions, valid for 60 days from the date of purchase.<\/p>","protected":false},"featured_media":582,"template":"","meta":[],"product_brand":[],"product_cat":[158],"product_tag":[],"giftcard-category":[313],"class_list":{"0":"post-5574","1":"product","2":"type-product","3":"status-publish","4":"has-post-thumbnail","6":"product_cat-certificados-de-regalo","7":"giftcard-category-navidad","9":"first","10":"instock","11":"featured","12":"virtual","13":"purchasable","14":"product-type-gift-card"},"yoast_head":"<!-- This site is optimized with the Yoast SEO Premium plugin v27.2 (Yoast SEO v27.3) - https:\/\/yoast.com\/product\/yoast-seo-premium-wordpress\/ -->\n<title>CERTIFICADO DE REGALO $500 M.N. - MoldeArte | L\u00edderes en Medicina Est\u00e9tica en Tijuana y Rosarito<\/title>\n<meta name=\"robots\" content=\"index, follow, max-snippet:-1, max-image-preview:large, max-video-preview:-1\" \/>\n<link rel=\"canonical\" href=\"https:\/\/moldearte.com\/en\/tratamiento\/certificado-de-regalo-500\/\" \/>\n<meta property=\"og:locale\" content=\"en_US\" \/>\n<meta property=\"og:type\" content=\"article\" \/>\n<meta property=\"og:title\" content=\"CERTIFICADO DE REGALO $500 M.N.\" \/>\n<meta property=\"og:description\" content=\"Adquiere un Certificado de Regalo Digital con valor de $500 M.N. el cual es v\u00e1lido para canjear con precios de lista o promociones vigentes, cuenta con una vigencia de 60 d\u00edas tras su fecha de compra.\" \/>\n<meta property=\"og:url\" content=\"https:\/\/moldearte.com\/en\/tratamiento\/certificado-de-regalo-500\/\" \/>\n<meta property=\"og:site_name\" content=\"MoldeArte | L\u00edderes en Medicina Est\u00e9tica en Tijuana y Rosarito\" \/>\n<meta property=\"article:modified_time\" content=\"2026-02-23T20:27:14+00:00\" \/>\n<meta property=\"og:image\" content=\"https:\/\/moldearte.com\/wp-content\/uploads\/2023\/01\/certificado-regalo.jpg\" \/>\n\t<meta property=\"og:image:width\" content=\"1250\" \/>\n\t<meta property=\"og:image:height\" content=\"833\" \/>\n\t<meta property=\"og:image:type\" content=\"image\/jpeg\" \/>\n<meta name=\"twitter:card\" content=\"summary_large_image\" \/>\n<meta name=\"twitter:label1\" content=\"Price\" \/>\n\t<meta name=\"twitter:data1\" content=\"&#036;500.00\" \/>\n\t<meta name=\"twitter:label2\" content=\"Availability\" \/>\n\t<meta name=\"twitter:data2\" content=\"In stock\" \/>\n<script type=\"application\/ld+json\" class=\"yoast-schema-graph\">{\"@context\":\"https:\\\/\\\/schema.org\",\"@graph\":[{\"@type\":\"WebPage\",\"@id\":\"https:\\\/\\\/moldearte.com\\\/tratamiento\\\/certificado-de-regalo-500\\\/\",\"url\":\"https:\\\/\\\/moldearte.com\\\/tratamiento\\\/certificado-de-regalo-500\\\/\",\"name\":\"CERTIFICADO DE REGALO $500 M.N. - MoldeArte | L\u00edderes en Medicina Est\u00e9tica en Tijuana y Rosarito\",\"isPartOf\":{\"@id\":\"https:\\\/\\\/moldearte.com\\\/#website\"},\"primaryImageOfPage\":{\"@id\":\"https:\\\/\\\/moldearte.com\\\/tratamiento\\\/certificado-de-regalo-500\\\/#primaryimage\"},\"image\":{\"@id\":\"https:\\\/\\\/moldearte.com\\\/tratamiento\\\/certificado-de-regalo-500\\\/#primaryimage\"},\"thumbnailUrl\":\"https:\\\/\\\/moldearte.com\\\/wp-content\\\/uploads\\\/2023\\\/01\\\/certificado-regalo.jpg\",\"datePublished\":\"2024-05-31T20:18:23+00:00\",\"dateModified\":\"2026-02-23T20:27:14+00:00\",\"breadcrumb\":{\"@id\":\"https:\\\/\\\/moldearte.com\\\/tratamiento\\\/certificado-de-regalo-500\\\/#breadcrumb\"},\"inLanguage\":\"en-US\",\"potentialAction\":[{\"@type\":\"ReadAction\",\"target\":[\"https:\\\/\\\/moldearte.com\\\/tratamiento\\\/certificado-de-regalo-500\\\/\"]}]},{\"@type\":\"ImageObject\",\"inLanguage\":\"en-US\",\"@id\":\"https:\\\/\\\/moldearte.com\\\/tratamiento\\\/certificado-de-regalo-500\\\/#primaryimage\",\"url\":\"https:\\\/\\\/moldearte.com\\\/wp-content\\\/uploads\\\/2023\\\/01\\\/certificado-regalo.jpg\",\"contentUrl\":\"https:\\\/\\\/moldearte.com\\\/wp-content\\\/uploads\\\/2023\\\/01\\\/certificado-regalo.jpg\",\"width\":1250,\"height\":833,\"caption\":\"Certificado de Regalo\"},{\"@type\":\"BreadcrumbList\",\"@id\":\"https:\\\/\\\/moldearte.com\\\/tratamiento\\\/certificado-de-regalo-500\\\/#breadcrumb\",\"itemListElement\":[{\"@type\":\"ListItem\",\"position\":1,\"name\":\"Portada\",\"item\":\"https:\\\/\\\/moldearte.com\\\/\"},{\"@type\":\"ListItem\",\"position\":2,\"name\":\"Tienda\",\"item\":\"https:\\\/\\\/moldearte.com\\\/en\\\/tienda\\\/\"},{\"@type\":\"ListItem\",\"position\":3,\"name\":\"CERTIFICADO DE REGALO $500 M.N.\"}]},{\"@type\":\"WebSite\",\"@id\":\"https:\\\/\\\/moldearte.com\\\/#website\",\"url\":\"https:\\\/\\\/moldearte.com\\\/\",\"name\":\"MoldeArte | L\u00edderes en Medicina Est\u00e9tica en Tijuana y Rosarito\",\"description\":\"Rejuvenecimiento Facial y corporal sin cirug\u00eda\",\"publisher\":{\"@id\":\"https:\\\/\\\/moldearte.com\\\/#organization\"},\"potentialAction\":[{\"@type\":\"SearchAction\",\"target\":{\"@type\":\"EntryPoint\",\"urlTemplate\":\"https:\\\/\\\/moldearte.com\\\/?s={search_term_string}\"},\"query-input\":{\"@type\":\"PropertyValueSpecification\",\"valueRequired\":true,\"valueName\":\"search_term_string\"}}],\"inLanguage\":\"en-US\"},{\"@type\":\"Organization\",\"@id\":\"https:\\\/\\\/moldearte.com\\\/#organization\",\"name\":\"MoldeArte | L\u00edderes en Medicina Est\u00e9tica en Tijuana y Rosarito\",\"url\":\"https:\\\/\\\/moldearte.com\\\/\",\"logo\":{\"@type\":\"ImageObject\",\"inLanguage\":\"en-US\",\"@id\":\"https:\\\/\\\/moldearte.com\\\/#\\\/schema\\\/logo\\\/image\\\/\",\"url\":\"https:\\\/\\\/moldearte.com\\\/wp-content\\\/uploads\\\/2023\\\/01\\\/cropped-cropped-rejuvenecimiento-facial-sin-cirugia-tijuana.png\",\"contentUrl\":\"https:\\\/\\\/moldearte.com\\\/wp-content\\\/uploads\\\/2023\\\/01\\\/cropped-cropped-rejuvenecimiento-facial-sin-cirugia-tijuana.png\",\"width\":3255,\"height\":1059,\"caption\":\"MoldeArte | L\u00edderes en Medicina Est\u00e9tica en Tijuana y Rosarito\"},\"image\":{\"@id\":\"https:\\\/\\\/moldearte.com\\\/#\\\/schema\\\/logo\\\/image\\\/\"}}]}<\/script>\n<meta property=\"product:price:amount\" content=\"500.00\" \/>\n<meta property=\"product:price:currency\" content=\"MXN\" \/>\n<meta property=\"og:availability\" content=\"instock\" \/>\n<meta property=\"product:availability\" content=\"instock\" \/>\n<meta property=\"product:condition\" content=\"new\" \/>\n<!-- \/ Yoast SEO Premium plugin. -->","yoast_head_json":{"title":"CERTIFICADO DE REGALO $500 M.N. - MoldeArte | L\u00edderes en Medicina Est\u00e9tica en Tijuana y Rosarito","robots":{"index":"index","follow":"follow","max-snippet":"max-snippet:-1","max-image-preview":"max-image-preview:large","max-video-preview":"max-video-preview:-1"},"canonical":"https:\/\/moldearte.com\/en\/tratamiento\/certificado-de-regalo-500\/","og_locale":"en_US","og_type":"article","og_title":"CERTIFICADO DE REGALO $500 M.N.","og_description":"Adquiere un Certificado de Regalo Digital con valor de $500 M.N. el cual es v\u00e1lido para canjear con precios de lista o promociones vigentes, cuenta con una vigencia de 60 d\u00edas tras su fecha de compra.","og_url":"https:\/\/moldearte.com\/en\/tratamiento\/certificado-de-regalo-500\/","og_site_name":"MoldeArte | L\u00edderes en Medicina Est\u00e9tica en Tijuana y Rosarito","article_modified_time":"2026-02-23T20:27:14+00:00","og_image":[{"width":1250,"height":833,"url":"https:\/\/moldearte.com\/wp-content\/uploads\/2023\/01\/certificado-regalo.jpg","type":"image\/jpeg"}],"twitter_card":"summary_large_image","twitter_misc":{"Price":"&#36;500.00","Availability":"In stock"},"schema":{"@context":"https:\/\/schema.org","@graph":[{"@type":"WebPage","@id":"https:\/\/moldearte.com\/tratamiento\/certificado-de-regalo-500\/","url":"https:\/\/moldearte.com\/tratamiento\/certificado-de-regalo-500\/","name":"CERTIFICADO DE REGALO $500 M.N. - MoldeArte | L\u00edderes en Medicina Est\u00e9tica en Tijuana y Rosarito","isPartOf":{"@id":"https:\/\/moldearte.com\/#website"},"primaryImageOfPage":{"@id":"https:\/\/moldearte.com\/tratamiento\/certificado-de-regalo-500\/#primaryimage"},"image":{"@id":"https:\/\/moldearte.com\/tratamiento\/certificado-de-regalo-500\/#primaryimage"},"thumbnailUrl":"https:\/\/moldearte.com\/wp-content\/uploads\/2023\/01\/certificado-regalo.jpg","datePublished":"2024-05-31T20:18:23+00:00","dateModified":"2026-02-23T20:27:14+00:00","breadcrumb":{"@id":"https:\/\/moldearte.com\/tratamiento\/certificado-de-regalo-500\/#breadcrumb"},"inLanguage":"en-US","potentialAction":[{"@type":"ReadAction","target":["https:\/\/moldearte.com\/tratamiento\/certificado-de-regalo-500\/"]}]},{"@type":"ImageObject","inLanguage":"en-US","@id":"https:\/\/moldearte.com\/tratamiento\/certificado-de-regalo-500\/#primaryimage","url":"https:\/\/moldearte.com\/wp-content\/uploads\/2023\/01\/certificado-regalo.jpg","contentUrl":"https:\/\/moldearte.com\/wp-content\/uploads\/2023\/01\/certificado-regalo.jpg","width":1250,"height":833,"caption":"Certificado de Regalo"},{"@type":"BreadcrumbList","@id":"https:\/\/moldearte.com\/tratamiento\/certificado-de-regalo-500\/#breadcrumb","itemListElement":[{"@type":"ListItem","position":1,"name":"Portada","item":"https:\/\/moldearte.com\/"},{"@type":"ListItem","position":2,"name":"Tienda","item":"https:\/\/moldearte.com\/en\/tienda\/"},{"@type":"ListItem","position":3,"name":"CERTIFICADO DE REGALO $500 M.N."}]},{"@type":"WebSite","@id":"https:\/\/moldearte.com\/#website","url":"https:\/\/moldearte.com\/","name":"MoldeArte | L\u00edderes en Medicina Est\u00e9tica en Tijuana y Rosarito","description":"Rejuvenecimiento Facial y corporal sin cirug\u00eda","publisher":{"@id":"https:\/\/moldearte.com\/#organization"},"potentialAction":[{"@type":"SearchAction","target":{"@type":"EntryPoint","urlTemplate":"https:\/\/moldearte.com\/?s={search_term_string}"},"query-input":{"@type":"PropertyValueSpecification","valueRequired":true,"valueName":"search_term_string"}}],"inLanguage":"en-US"},{"@type":"Organization","@id":"https:\/\/moldearte.com\/#organization","name":"MoldeArte | L\u00edderes en Medicina Est\u00e9tica en Tijuana y Rosarito","url":"https:\/\/moldearte.com\/","logo":{"@type":"ImageObject","inLanguage":"en-US","@id":"https:\/\/moldearte.com\/#\/schema\/logo\/image\/","url":"https:\/\/moldearte.com\/wp-content\/uploads\/2023\/01\/cropped-cropped-rejuvenecimiento-facial-sin-cirugia-tijuana.png","contentUrl":"https:\/\/moldearte.com\/wp-content\/uploads\/2023\/01\/cropped-cropped-rejuvenecimiento-facial-sin-cirugia-tijuana.png","width":3255,"height":1059,"caption":"MoldeArte | L\u00edderes en Medicina Est\u00e9tica en Tijuana y Rosarito"},"image":{"@id":"https:\/\/moldearte.com\/#\/schema\/logo\/image\/"}}]},"product_price_amount":"500.00","product_price_currency":"MXN","og_availability":"instock","product_availability":"instock","product_condition":"new"},"_links":{"self":[{"href":"https:\/\/moldearte.com\/en\/wp-json\/wp\/v2\/product\/5574","targetHints":{"allow":["GET"]}}],"collection":[{"href":"https:\/\/moldearte.com\/en\/wp-json\/wp\/v2\/product"}],"about":[{"href":"https:\/\/moldearte.com\/en\/wp-json\/wp\/v2\/types\/product"}],"wp:featuredmedia":[{"embeddable":true,"href":"https:\/\/moldearte.com\/en\/wp-json\/wp\/v2\/media\/582"}],"wp:attachment":[{"href":"https:\/\/moldearte.com\/en\/wp-json\/wp\/v2\/media?parent=5574"}],"wp:term":[{"taxonomy":"product_brand","embeddable":true,"href":"https:\/\/moldearte.com\/en\/wp-json\/wp\/v2\/product_brand?post=5574"},{"taxonomy":"product_cat","embeddable":true,"href":"https:\/\/moldearte.com\/en\/wp-json\/wp\/v2\/product_cat?post=5574"},{"taxonomy":"product_tag","embeddable":true,"href":"https:\/\/moldearte.com\/en\/wp-json\/wp\/v2\/product_tag?post=5574"},{"taxonomy":"giftcard-category","embeddable":true,"href":"https:\/\/moldearte.com\/en\/wp-json\/wp\/v2\/giftcard-category?post=5574"}],"curies":[{"name":"wp","href":"https:\/\/api.w.org\/{rel}","templated":true}]}}