{"id":5359,"date":"2024-04-30T10:07:23","date_gmt":"2024-04-30T17:07:23","guid":{"rendered":"https:\/\/moldearte.com\/?post_type=product&#038;p=5359"},"modified":"2026-04-20T13:59:03","modified_gmt":"2026-04-20T20:59:03","slug":"radiesse","status":"publish","type":"product","link":"https:\/\/moldearte.com\/en\/tratamiento\/radiesse\/","title":{"rendered":"RADIESSE\u00ae CALCIUM BIOSTIMULATOR"},"content":{"rendered":"<div class=\"flex max-w-full flex-col flex-grow\">\n<div class=\"min-h-8 text-message flex w-full flex-col items-end gap-2 whitespace-normal break-words [.text-message+&amp;]:mt-5\" dir=\"auto\" data-message-author-role=\"assistant\" data-message-id=\"0d545394-f68f-4432-8e82-d3fdded88df1\" data-message-model-slug=\"gpt-4o\">\n<div class=\"flex w-full flex-col gap-1 empty:hidden first:pt-[3px]\">\n<div class=\"markdown prose w-full break-words dark:prose-invert light\">\n<h4>\u00bfQui\u00e9n es candidato ideal para el tratamiento? \ud83c\udf3c<\/h4>\n<p>Radiesse es perfecto para personas que desean redefinir el contorno de su rostro, restaurar volumen en \u00e1reas como mejillas y mand\u00edbula, o mejorar la firmeza y densidad de la piel en el rostro, cuello o manos. Es una excelente opci\u00f3n para quienes buscan combatir los signos de flacidez sin necesidad de pasar por quir\u00f3fano.<\/p>\n<h4>\u00bfEdad o tipo de piel ideal? \ud83c\udf1e<\/h4>\n<p>Este tratamiento es recomendable a partir de los 30 a\u00f1os, especialmente para personas que comienzan a notar p\u00e9rdida de volumen y elasticidad en su piel. Funciona bien en cualquier tipo de piel, siendo una gran alternativa para quienes buscan una apariencia m\u00e1s firme y rejuvenecida.<\/p>\n<h4>Principales beneficios del tratamiento \ud83d\udc96\ud83d\udc8e<\/h4>\n<ol>\n<li><strong>Aumenta la producci\u00f3n de col\u00e1geno<\/strong>: Ayuda a la piel a regenerarse naturalmente, logrando una apariencia firme y rejuvenecida.<\/li>\n<li><strong>Restaura el volumen<\/strong>: Redefine los contornos y recupera el volumen perdido en zonas espec\u00edficas del rostro.<\/li>\n<li><strong>Efecto lifting sin cirug\u00eda<\/strong>: Proporciona un levantamiento visible, mejorando la firmeza de la piel.<\/li>\n<li><strong>Resultados duraderos y naturales<\/strong>: Los efectos pueden durar hasta un a\u00f1o, brindando una apariencia fresca y armoniosa.<\/li>\n<li><strong>Versatilidad<\/strong>: Puede aplicarse en diferentes \u00e1reas, como rostro, cuello y manos, para una mejora integral.<\/li>\n<\/ol>\n<\/div>\n<\/div>\n<\/div>\n<\/div>\n<div class=\"mb-2 flex gap-3 empty:hidden -ml-2\">\n<div class=\"items-center justify-start rounded-xl p-1 flex\">\n<div class=\"flex items-center\">\n<p>&nbsp;<\/p>\n<div class=\"flex\"><\/div>\n<div class=\"flex items-center pb-0\"><\/div>\n<\/div>\n<\/div>\n<\/div>\n","protected":false},"excerpt":{"rendered":"<p>\u00bfBuscas un efecto lifting sin cirug\u00eda y con resultados duraderos? \ud83d\udc86\u200d\u2640\ufe0f Radiesse es un bioestimulador innovador que restaura el volumen, mejora la textura y firmeza de la piel y estimula la producci\u00f3n de col\u00e1geno para una apariencia joven y rejuvenecida. Ideal para quienes desean una soluci\u00f3n natural y efectiva para realzar su belleza. \ud83c\udf38\u2728<\/p>\n<h3>\u00bfQu\u00e9 incluye el tratamiento? \ud83c\udf38\u2728<\/h3>\n<p>Una aplicaci\u00f3n de Bioestimulador Radiesse\u00ae en una zona.<br \/>\n<span style=\"color: #ff914d;\"><strong>*Cuenta con 60 d\u00edas para realizarse el tratamiento a partir de su compra<\/strong><\/span><\/p>","protected":false},"featured_media":6305,"template":"","meta":[],"product_brand":[],"product_cat":[240,228,262,26],"product_tag":[],"giftcard-category":[],"class_list":{"0":"post-5359","1":"product","2":"type-product","3":"status-publish","4":"has-post-thumbnail","6":"product_cat-anti-flacidez","7":"product_cat-fotodano","8":"product_cat-promosmedicas","9":"product_cat-txmedicos","11":"first","12":"instock","13":"sale","14":"virtual","15":"purchasable","16":"product-type-simple"},"yoast_head":"<!-- This site is optimized with the Yoast SEO Premium plugin v27.2 (Yoast SEO v27.5) - https:\/\/yoast.com\/product\/yoast-seo-premium-wordpress\/ -->\n<title>BIOESTIMULADOR CON CALCIO RADIESSE\u00ae - MoldeArte | L\u00edderes en Medicina Est\u00e9tica en Tijuana y Rosarito<\/title>\n<meta name=\"robots\" content=\"index, follow, max-snippet:-1, max-image-preview:large, max-video-preview:-1\" \/>\n<link rel=\"canonical\" href=\"https:\/\/moldearte.com\/en\/tratamiento\/radiesse\/\" \/>\n<meta property=\"og:locale\" content=\"en_US\" \/>\n<meta property=\"og:type\" content=\"article\" \/>\n<meta property=\"og:title\" content=\"BIOESTIMULADOR CON CALCIO RADIESSE\u00ae\" \/>\n<meta property=\"og:description\" content=\"\u00bfBuscas un efecto lifting sin cirug\u00eda y con resultados duraderos? \ud83d\udc86\u200d\u2640\ufe0f Radiesse es un bioestimulador innovador que restaura el volumen, mejora la textura y firmeza de la piel y estimula la producci\u00f3n de col\u00e1geno para una apariencia joven y rejuvenecida. Ideal para quienes desean una soluci\u00f3n natural y efectiva para realzar su belleza. \ud83c\udf38\u2728 \u00bfQu\u00e9 incluye el tratamiento? \ud83c\udf38\u2728 Una aplicaci\u00f3n de Bioestimulador Radiesse\u00ae en una zona. *Cuenta con 60 d\u00edas para realizarse el tratamiento a partir de su compra\" \/>\n<meta property=\"og:url\" content=\"https:\/\/moldearte.com\/en\/tratamiento\/radiesse\/\" \/>\n<meta property=\"og:site_name\" content=\"MoldeArte | L\u00edderes en Medicina Est\u00e9tica en Tijuana y Rosarito\" \/>\n<meta property=\"article:modified_time\" content=\"2026-04-20T20:59:03+00:00\" \/>\n<meta property=\"og:image\" content=\"https:\/\/moldearte.com\/wp-content\/uploads\/2024\/09\/HILOS-ESPICULADOS-TIJUANA.png\" \/>\n\t<meta property=\"og:image:width\" content=\"1080\" \/>\n\t<meta property=\"og:image:height\" content=\"1080\" \/>\n\t<meta property=\"og:image:type\" content=\"image\/png\" \/>\n<meta name=\"twitter:card\" content=\"summary_large_image\" \/>\n<meta name=\"twitter:label1\" content=\"Price\" \/>\n\t<meta name=\"twitter:data1\" content=\"&#036;9,900.00\" \/>\n\t<meta name=\"twitter:label2\" content=\"Availability\" \/>\n\t<meta name=\"twitter:data2\" content=\"In stock\" \/>\n<script type=\"application\/ld+json\" class=\"yoast-schema-graph\">{\"@context\":\"https:\\\/\\\/schema.org\",\"@graph\":[{\"@type\":\"WebPage\",\"@id\":\"https:\\\/\\\/moldearte.com\\\/tratamiento\\\/radiesse\\\/\",\"url\":\"https:\\\/\\\/moldearte.com\\\/tratamiento\\\/radiesse\\\/\",\"name\":\"BIOESTIMULADOR CON CALCIO RADIESSE\u00ae - MoldeArte | L\u00edderes en Medicina Est\u00e9tica en Tijuana y Rosarito\",\"isPartOf\":{\"@id\":\"https:\\\/\\\/moldearte.com\\\/#website\"},\"primaryImageOfPage\":{\"@id\":\"https:\\\/\\\/moldearte.com\\\/tratamiento\\\/radiesse\\\/#primaryimage\"},\"image\":{\"@id\":\"https:\\\/\\\/moldearte.com\\\/tratamiento\\\/radiesse\\\/#primaryimage\"},\"thumbnailUrl\":\"https:\\\/\\\/moldearte.com\\\/wp-content\\\/uploads\\\/2024\\\/09\\\/HILOS-ESPICULADOS-TIJUANA.png\",\"datePublished\":\"2024-04-30T17:07:23+00:00\",\"dateModified\":\"2026-04-20T20:59:03+00:00\",\"breadcrumb\":{\"@id\":\"https:\\\/\\\/moldearte.com\\\/tratamiento\\\/radiesse\\\/#breadcrumb\"},\"inLanguage\":\"en-US\",\"potentialAction\":[{\"@type\":\"ReadAction\",\"target\":[\"https:\\\/\\\/moldearte.com\\\/tratamiento\\\/radiesse\\\/\"]}]},{\"@type\":\"ImageObject\",\"inLanguage\":\"en-US\",\"@id\":\"https:\\\/\\\/moldearte.com\\\/tratamiento\\\/radiesse\\\/#primaryimage\",\"url\":\"https:\\\/\\\/moldearte.com\\\/wp-content\\\/uploads\\\/2024\\\/09\\\/HILOS-ESPICULADOS-TIJUANA.png\",\"contentUrl\":\"https:\\\/\\\/moldearte.com\\\/wp-content\\\/uploads\\\/2024\\\/09\\\/HILOS-ESPICULADOS-TIJUANA.png\",\"width\":1080,\"height\":1080},{\"@type\":\"BreadcrumbList\",\"@id\":\"https:\\\/\\\/moldearte.com\\\/tratamiento\\\/radiesse\\\/#breadcrumb\",\"itemListElement\":[{\"@type\":\"ListItem\",\"position\":1,\"name\":\"Portada\",\"item\":\"https:\\\/\\\/moldearte.com\\\/\"},{\"@type\":\"ListItem\",\"position\":2,\"name\":\"Tienda\",\"item\":\"https:\\\/\\\/moldearte.com\\\/en\\\/tienda\\\/\"},{\"@type\":\"ListItem\",\"position\":3,\"name\":\"BIOESTIMULADOR CON CALCIO RADIESSE\u00ae\"}]},{\"@type\":\"WebSite\",\"@id\":\"https:\\\/\\\/moldearte.com\\\/#website\",\"url\":\"https:\\\/\\\/moldearte.com\\\/\",\"name\":\"MoldeArte | L\u00edderes en Medicina Est\u00e9tica en Tijuana y Rosarito\",\"description\":\"Rejuvenecimiento Facial y corporal sin cirug\u00eda\",\"publisher\":{\"@id\":\"https:\\\/\\\/moldearte.com\\\/#organization\"},\"potentialAction\":[{\"@type\":\"SearchAction\",\"target\":{\"@type\":\"EntryPoint\",\"urlTemplate\":\"https:\\\/\\\/moldearte.com\\\/?s={search_term_string}\"},\"query-input\":{\"@type\":\"PropertyValueSpecification\",\"valueRequired\":true,\"valueName\":\"search_term_string\"}}],\"inLanguage\":\"en-US\"},{\"@type\":\"Organization\",\"@id\":\"https:\\\/\\\/moldearte.com\\\/#organization\",\"name\":\"MoldeArte | L\u00edderes en Medicina Est\u00e9tica en Tijuana y Rosarito\",\"url\":\"https:\\\/\\\/moldearte.com\\\/\",\"logo\":{\"@type\":\"ImageObject\",\"inLanguage\":\"en-US\",\"@id\":\"https:\\\/\\\/moldearte.com\\\/#\\\/schema\\\/logo\\\/image\\\/\",\"url\":\"https:\\\/\\\/moldearte.com\\\/wp-content\\\/uploads\\\/2023\\\/01\\\/cropped-cropped-rejuvenecimiento-facial-sin-cirugia-tijuana.png\",\"contentUrl\":\"https:\\\/\\\/moldearte.com\\\/wp-content\\\/uploads\\\/2023\\\/01\\\/cropped-cropped-rejuvenecimiento-facial-sin-cirugia-tijuana.png\",\"width\":3255,\"height\":1059,\"caption\":\"MoldeArte | L\u00edderes en Medicina Est\u00e9tica en Tijuana y Rosarito\"},\"image\":{\"@id\":\"https:\\\/\\\/moldearte.com\\\/#\\\/schema\\\/logo\\\/image\\\/\"}}]}<\/script>\n<meta property=\"product:price:amount\" content=\"9900.00\" \/>\n<meta property=\"product:price:currency\" content=\"MXN\" \/>\n<meta property=\"og:availability\" content=\"instock\" \/>\n<meta property=\"product:availability\" content=\"instock\" \/>\n<meta property=\"product:condition\" content=\"new\" \/>\n<!-- \/ Yoast SEO Premium plugin. -->","yoast_head_json":{"title":"BIOESTIMULADOR CON CALCIO RADIESSE\u00ae - MoldeArte | L\u00edderes en Medicina Est\u00e9tica en Tijuana y Rosarito","robots":{"index":"index","follow":"follow","max-snippet":"max-snippet:-1","max-image-preview":"max-image-preview:large","max-video-preview":"max-video-preview:-1"},"canonical":"https:\/\/moldearte.com\/en\/tratamiento\/radiesse\/","og_locale":"en_US","og_type":"article","og_title":"BIOESTIMULADOR CON CALCIO RADIESSE\u00ae","og_description":"\u00bfBuscas un efecto lifting sin cirug\u00eda y con resultados duraderos? \ud83d\udc86\u200d\u2640\ufe0f Radiesse es un bioestimulador innovador que restaura el volumen, mejora la textura y firmeza de la piel y estimula la producci\u00f3n de col\u00e1geno para una apariencia joven y rejuvenecida. Ideal para quienes desean una soluci\u00f3n natural y efectiva para realzar su belleza. \ud83c\udf38\u2728 \u00bfQu\u00e9 incluye el tratamiento? \ud83c\udf38\u2728 Una aplicaci\u00f3n de Bioestimulador Radiesse\u00ae en una zona. *Cuenta con 60 d\u00edas para realizarse el tratamiento a partir de su compra","og_url":"https:\/\/moldearte.com\/en\/tratamiento\/radiesse\/","og_site_name":"MoldeArte | L\u00edderes en Medicina Est\u00e9tica en Tijuana y Rosarito","article_modified_time":"2026-04-20T20:59:03+00:00","og_image":[{"width":1080,"height":1080,"url":"https:\/\/moldearte.com\/wp-content\/uploads\/2024\/09\/HILOS-ESPICULADOS-TIJUANA.png","type":"image\/png"}],"twitter_card":"summary_large_image","twitter_misc":{"Price":"&#36;9,900.00","Availability":"In stock"},"schema":{"@context":"https:\/\/schema.org","@graph":[{"@type":"WebPage","@id":"https:\/\/moldearte.com\/tratamiento\/radiesse\/","url":"https:\/\/moldearte.com\/tratamiento\/radiesse\/","name":"BIOESTIMULADOR CON CALCIO RADIESSE\u00ae - MoldeArte | L\u00edderes en Medicina Est\u00e9tica en Tijuana y Rosarito","isPartOf":{"@id":"https:\/\/moldearte.com\/#website"},"primaryImageOfPage":{"@id":"https:\/\/moldearte.com\/tratamiento\/radiesse\/#primaryimage"},"image":{"@id":"https:\/\/moldearte.com\/tratamiento\/radiesse\/#primaryimage"},"thumbnailUrl":"https:\/\/moldearte.com\/wp-content\/uploads\/2024\/09\/HILOS-ESPICULADOS-TIJUANA.png","datePublished":"2024-04-30T17:07:23+00:00","dateModified":"2026-04-20T20:59:03+00:00","breadcrumb":{"@id":"https:\/\/moldearte.com\/tratamiento\/radiesse\/#breadcrumb"},"inLanguage":"en-US","potentialAction":[{"@type":"ReadAction","target":["https:\/\/moldearte.com\/tratamiento\/radiesse\/"]}]},{"@type":"ImageObject","inLanguage":"en-US","@id":"https:\/\/moldearte.com\/tratamiento\/radiesse\/#primaryimage","url":"https:\/\/moldearte.com\/wp-content\/uploads\/2024\/09\/HILOS-ESPICULADOS-TIJUANA.png","contentUrl":"https:\/\/moldearte.com\/wp-content\/uploads\/2024\/09\/HILOS-ESPICULADOS-TIJUANA.png","width":1080,"height":1080},{"@type":"BreadcrumbList","@id":"https:\/\/moldearte.com\/tratamiento\/radiesse\/#breadcrumb","itemListElement":[{"@type":"ListItem","position":1,"name":"Portada","item":"https:\/\/moldearte.com\/"},{"@type":"ListItem","position":2,"name":"Tienda","item":"https:\/\/moldearte.com\/en\/tienda\/"},{"@type":"ListItem","position":3,"name":"BIOESTIMULADOR CON CALCIO RADIESSE\u00ae"}]},{"@type":"WebSite","@id":"https:\/\/moldearte.com\/#website","url":"https:\/\/moldearte.com\/","name":"MoldeArte | L\u00edderes en Medicina Est\u00e9tica en Tijuana y Rosarito","description":"Rejuvenecimiento Facial y corporal sin cirug\u00eda","publisher":{"@id":"https:\/\/moldearte.com\/#organization"},"potentialAction":[{"@type":"SearchAction","target":{"@type":"EntryPoint","urlTemplate":"https:\/\/moldearte.com\/?s={search_term_string}"},"query-input":{"@type":"PropertyValueSpecification","valueRequired":true,"valueName":"search_term_string"}}],"inLanguage":"en-US"},{"@type":"Organization","@id":"https:\/\/moldearte.com\/#organization","name":"MoldeArte | L\u00edderes en Medicina Est\u00e9tica en Tijuana y Rosarito","url":"https:\/\/moldearte.com\/","logo":{"@type":"ImageObject","inLanguage":"en-US","@id":"https:\/\/moldearte.com\/#\/schema\/logo\/image\/","url":"https:\/\/moldearte.com\/wp-content\/uploads\/2023\/01\/cropped-cropped-rejuvenecimiento-facial-sin-cirugia-tijuana.png","contentUrl":"https:\/\/moldearte.com\/wp-content\/uploads\/2023\/01\/cropped-cropped-rejuvenecimiento-facial-sin-cirugia-tijuana.png","width":3255,"height":1059,"caption":"MoldeArte | L\u00edderes en Medicina Est\u00e9tica en Tijuana y Rosarito"},"image":{"@id":"https:\/\/moldearte.com\/#\/schema\/logo\/image\/"}}]},"product_price_amount":"9900.00","product_price_currency":"MXN","og_availability":"instock","product_availability":"instock","product_condition":"new"},"_links":{"self":[{"href":"https:\/\/moldearte.com\/en\/wp-json\/wp\/v2\/product\/5359","targetHints":{"allow":["GET"]}}],"collection":[{"href":"https:\/\/moldearte.com\/en\/wp-json\/wp\/v2\/product"}],"about":[{"href":"https:\/\/moldearte.com\/en\/wp-json\/wp\/v2\/types\/product"}],"wp:featuredmedia":[{"embeddable":true,"href":"https:\/\/moldearte.com\/en\/wp-json\/wp\/v2\/media\/6305"}],"wp:attachment":[{"href":"https:\/\/moldearte.com\/en\/wp-json\/wp\/v2\/media?parent=5359"}],"wp:term":[{"taxonomy":"product_brand","embeddable":true,"href":"https:\/\/moldearte.com\/en\/wp-json\/wp\/v2\/product_brand?post=5359"},{"taxonomy":"product_cat","embeddable":true,"href":"https:\/\/moldearte.com\/en\/wp-json\/wp\/v2\/product_cat?post=5359"},{"taxonomy":"product_tag","embeddable":true,"href":"https:\/\/moldearte.com\/en\/wp-json\/wp\/v2\/product_tag?post=5359"},{"taxonomy":"giftcard-category","embeddable":true,"href":"https:\/\/moldearte.com\/en\/wp-json\/wp\/v2\/giftcard-category?post=5359"}],"curies":[{"name":"wp","href":"https:\/\/api.w.org\/{rel}","templated":true}]}}