{"id":25466,"date":"2026-04-20T15:32:20","date_gmt":"2026-04-20T22:32:20","guid":{"rendered":"https:\/\/moldearte.com\/?post_type=product&#038;p=25466"},"modified":"2026-04-20T15:32:21","modified_gmt":"2026-04-20T22:32:21","slug":"rejuvenecimiento-moldearte","status":"publish","type":"product","link":"https:\/\/moldearte.com\/en\/tratamiento\/rejuvenecimiento-moldearte\/","title":{"rendered":"REJUVENECIMIENTO MOLDEARTE"},"content":{"rendered":"<h4>\u00bfQui\u00e9n es candidato a ese tratamiento?<\/h4>\n<p>Personas que desean rejuvenecer de forma completa, mejorar firmeza, volumen, ojeras, manchas y textura de la piel en rostro y zonas complementarias.<\/p>\n<h4>Edad o tipo de piel ideal para realizarse el servicio<\/h4>\n<p>Recomendado a partir de los 35\u201340 a\u00f1os. Ideal para piel con flacidez, p\u00e9rdida de volumen, ojeras, manchas o signos avanzados de envejecimiento.<\/p>\n<h4>Los principales 5 beneficios del tratamiento<\/h4>\n<p>\u2728 Suaviza l\u00edneas de expresi\u00f3n y mejora la armon\u00eda facial<br \/>\n\u2728 Estimula col\u00e1geno y aumenta firmeza y densidad<br \/>\n\u2728 Corrige volumen y mejora la apariencia de ojeras<br \/>\n\u2728 Unifica el tono y mejora la textura de la piel<br \/>\n\u2728 Logra un rejuvenecimiento integral, progresivo y natural \ud83d\udc96<\/p>\n<p>\ud83c\udf38 Un protocolo dise\u00f1ado para transformar tu piel desde todos los \u00e1ngulos y revelar una versi\u00f3n m\u00e1s firme, luminosa y rejuvenecida de ti.<\/p>","protected":false},"excerpt":{"rendered":"<p><strong>\u2728\ud83d\udc8e Redefine tu rostro, ilumina tu piel y logra un rejuvenecimiento total en una sola experiencia \ud83d\udc8e\u2728<\/strong><br \/>\nEl Rejuvenecimiento MoldeArte es un protocolo integral que combina armonizaci\u00f3n facial, bioestimulaci\u00f3n y regeneraci\u00f3n profunda. Incluye Toxina Botul\u00ednica Dysport\u00ae en frente, entrecejo y contorno de ojos, Sculptra\u00ae en rostro, Plasma Rico en Plaquetas en rostro, cuello, escote y manos, PLLA BOOST BODY\u00ae en una zona a elegir, \u00c1cido Hialur\u00f3nico Eyes Revive\u00ae en ojeras, 2 jeringuillas de \u00c1cido Hialur\u00f3nico en zonas a elegir y un Facial Intensivo Despigmentante con limpieza, microdermoabrasi\u00f3n, LED verde y mascarilla. \ud83d\udc86\u200d\u2640\ufe0f\ud83d\udc96<\/p>\n<h4>\u00bfQu\u00e9 incluye el tratamiento? \ud83d\udc96<\/h4>\n<p>Rejuvenecimiento MoldeArte incluye: aplicaci\u00f3n de Toxina Botul\u00ednica Dysport\u00ae en frente, entrecejo y l\u00edneas alrededor de los ojos + una jeringuilla de Bioestimulador Sculptra\u00ae en rostro + una sesi\u00f3n de Plasma Rico en Plaquetas en rostro, cuello, escote y manos + una aplicacion Bioestimulador PLLA BOOST BODY\u00ae en una zona a elegir + una jeringuilla de \u00c1cido Hialur\u00f3nico Eyes Revive\u00ae en ojeras + 2 jeringuillas de \u00c1cido Hialur\u00f3nico EQFill\u00ae en una zona a elegir cada una + un Facial Intensivo Despigmentante, con extracci\u00f3n de puntos negros, microdermoabrasi\u00f3n, foto sesi\u00f3n LED despigmentante verde y mascarilla despigmentante<br \/>\n<span class=\"fontstyle0\"><span style=\"color: #ff914d;\"><strong>*Cuenta con 60 d\u00edas para realizarse el tratamiento a partir de su compra<\/strong><\/span><\/span><\/p>","protected":false},"featured_media":8409,"template":"","meta":[],"product_brand":[],"product_cat":[262,26],"product_tag":[],"giftcard-category":[],"class_list":{"0":"post-25466","1":"product","2":"type-product","3":"status-publish","4":"has-post-thumbnail","6":"product_cat-promosmedicas","7":"product_cat-txmedicos","9":"first","10":"instock","11":"shipping-taxable","12":"product-type-simple"},"yoast_head":"<!-- This site is optimized with the Yoast SEO Premium plugin v27.2 (Yoast SEO v27.4) - https:\/\/yoast.com\/product\/yoast-seo-premium-wordpress\/ -->\n<title>REJUVENECIMIENTO MOLDEARTE - MoldeArte | L\u00edderes en Medicina Est\u00e9tica en Tijuana y Rosarito<\/title>\n<meta name=\"robots\" content=\"index, follow, max-snippet:-1, max-image-preview:large, max-video-preview:-1\" \/>\n<link rel=\"canonical\" href=\"https:\/\/moldearte.com\/en\/tratamiento\/rejuvenecimiento-moldearte\/\" \/>\n<meta property=\"og:locale\" content=\"en_US\" \/>\n<meta property=\"og:type\" content=\"article\" \/>\n<meta property=\"og:title\" content=\"REJUVENECIMIENTO MOLDEARTE\" \/>\n<meta property=\"og:description\" content=\"\u2728\ud83d\udc8e Redefine tu rostro, ilumina tu piel y logra un rejuvenecimiento total en una sola experiencia \ud83d\udc8e\u2728 El Rejuvenecimiento MoldeArte es un protocolo integral que combina armonizaci\u00f3n facial, bioestimulaci\u00f3n y regeneraci\u00f3n profunda. Incluye Toxina Botul\u00ednica Dysport\u00ae en frente, entrecejo y contorno de ojos, Sculptra\u00ae en rostro, Plasma Rico en Plaquetas en rostro, cuello, escote y manos, PLLA BOOST BODY\u00ae en una zona a elegir, \u00c1cido Hialur\u00f3nico Eyes Revive\u00ae en ojeras, 2 jeringuillas de \u00c1cido Hialur\u00f3nico en zonas a elegir y un Facial Intensivo Despigmentante con limpieza, microdermoabrasi\u00f3n, LED verde y mascarilla. \ud83d\udc86\u200d\u2640\ufe0f\ud83d\udc96 \u00bfQu\u00e9 incluye el tratamiento? \ud83d\udc96 Rejuvenecimiento MoldeArte incluye: aplicaci\u00f3n de Toxina Botul\u00ednica Dysport\u00ae en frente, entrecejo y l\u00edneas alrededor de los ojos + una jeringuilla de Bioestimulador Sculptra\u00ae en rostro + una sesi\u00f3n de Plasma Rico en Plaquetas en rostro, cuello, escote y manos + una aplicacion Bioestimulador PLLA BOOST BODY\u00ae en una zona a elegir + una jeringuilla de \u00c1cido Hialur\u00f3nico Eyes Revive\u00ae en ojeras + 2 jeringuillas de \u00c1cido Hialur\u00f3nico EQFill\u00ae en una zona a elegir cada una + un Facial Intensivo Despigmentante, con extracci\u00f3n de puntos negros, microdermoabrasi\u00f3n, foto sesi\u00f3n LED despigmentante verde y mascarilla despigmentante *Cuenta con 60 d\u00edas para realizarse el tratamiento a partir de su compra\" \/>\n<meta property=\"og:url\" content=\"https:\/\/moldearte.com\/en\/tratamiento\/rejuvenecimiento-moldearte\/\" \/>\n<meta property=\"og:site_name\" content=\"MoldeArte | L\u00edderes en Medicina Est\u00e9tica en Tijuana y Rosarito\" \/>\n<meta property=\"article:modified_time\" content=\"2026-04-20T22:32:21+00:00\" \/>\n<meta property=\"og:image\" content=\"https:\/\/moldearte.com\/wp-content\/uploads\/2024\/11\/BF-EXOSOMAS.png\" \/>\n\t<meta property=\"og:image:width\" content=\"1080\" \/>\n\t<meta property=\"og:image:height\" content=\"1080\" \/>\n\t<meta property=\"og:image:type\" content=\"image\/png\" \/>\n<meta name=\"twitter:card\" content=\"summary_large_image\" \/>\n<meta name=\"twitter:label1\" content=\"Price\" \/>\n\t<meta name=\"twitter:data1\" content=\"\" \/>\n\t<meta name=\"twitter:label2\" content=\"Availability\" \/>\n\t<meta name=\"twitter:data2\" content=\"In stock\" \/>\n<script type=\"application\/ld+json\" class=\"yoast-schema-graph\">{\"@context\":\"https:\\\/\\\/schema.org\",\"@graph\":[{\"@type\":\"WebPage\",\"@id\":\"https:\\\/\\\/moldearte.com\\\/tratamiento\\\/rejuvenecimiento-moldearte\\\/\",\"url\":\"https:\\\/\\\/moldearte.com\\\/tratamiento\\\/rejuvenecimiento-moldearte\\\/\",\"name\":\"REJUVENECIMIENTO MOLDEARTE - MoldeArte | L\u00edderes en Medicina Est\u00e9tica en Tijuana y Rosarito\",\"isPartOf\":{\"@id\":\"https:\\\/\\\/moldearte.com\\\/#website\"},\"primaryImageOfPage\":{\"@id\":\"https:\\\/\\\/moldearte.com\\\/tratamiento\\\/rejuvenecimiento-moldearte\\\/#primaryimage\"},\"image\":{\"@id\":\"https:\\\/\\\/moldearte.com\\\/tratamiento\\\/rejuvenecimiento-moldearte\\\/#primaryimage\"},\"thumbnailUrl\":\"https:\\\/\\\/moldearte.com\\\/wp-content\\\/uploads\\\/2024\\\/11\\\/BF-EXOSOMAS.png\",\"datePublished\":\"2026-04-20T22:32:20+00:00\",\"dateModified\":\"2026-04-20T22:32:21+00:00\",\"breadcrumb\":{\"@id\":\"https:\\\/\\\/moldearte.com\\\/tratamiento\\\/rejuvenecimiento-moldearte\\\/#breadcrumb\"},\"inLanguage\":\"en-US\",\"potentialAction\":[{\"@type\":\"ReadAction\",\"target\":[\"https:\\\/\\\/moldearte.com\\\/tratamiento\\\/rejuvenecimiento-moldearte\\\/\"]}]},{\"@type\":\"ImageObject\",\"inLanguage\":\"en-US\",\"@id\":\"https:\\\/\\\/moldearte.com\\\/tratamiento\\\/rejuvenecimiento-moldearte\\\/#primaryimage\",\"url\":\"https:\\\/\\\/moldearte.com\\\/wp-content\\\/uploads\\\/2024\\\/11\\\/BF-EXOSOMAS.png\",\"contentUrl\":\"https:\\\/\\\/moldearte.com\\\/wp-content\\\/uploads\\\/2024\\\/11\\\/BF-EXOSOMAS.png\",\"width\":1080,\"height\":1080},{\"@type\":\"BreadcrumbList\",\"@id\":\"https:\\\/\\\/moldearte.com\\\/tratamiento\\\/rejuvenecimiento-moldearte\\\/#breadcrumb\",\"itemListElement\":[{\"@type\":\"ListItem\",\"position\":1,\"name\":\"Portada\",\"item\":\"https:\\\/\\\/moldearte.com\\\/\"},{\"@type\":\"ListItem\",\"position\":2,\"name\":\"Tienda\",\"item\":\"https:\\\/\\\/moldearte.com\\\/en\\\/tienda\\\/\"},{\"@type\":\"ListItem\",\"position\":3,\"name\":\"REJUVENECIMIENTO MOLDEARTE\"}]},{\"@type\":\"WebSite\",\"@id\":\"https:\\\/\\\/moldearte.com\\\/#website\",\"url\":\"https:\\\/\\\/moldearte.com\\\/\",\"name\":\"MoldeArte | L\u00edderes en Medicina Est\u00e9tica en Tijuana y Rosarito\",\"description\":\"Rejuvenecimiento Facial y corporal sin cirug\u00eda\",\"publisher\":{\"@id\":\"https:\\\/\\\/moldearte.com\\\/#organization\"},\"potentialAction\":[{\"@type\":\"SearchAction\",\"target\":{\"@type\":\"EntryPoint\",\"urlTemplate\":\"https:\\\/\\\/moldearte.com\\\/?s={search_term_string}\"},\"query-input\":{\"@type\":\"PropertyValueSpecification\",\"valueRequired\":true,\"valueName\":\"search_term_string\"}}],\"inLanguage\":\"en-US\"},{\"@type\":\"Organization\",\"@id\":\"https:\\\/\\\/moldearte.com\\\/#organization\",\"name\":\"MoldeArte | L\u00edderes en Medicina Est\u00e9tica en Tijuana y Rosarito\",\"url\":\"https:\\\/\\\/moldearte.com\\\/\",\"logo\":{\"@type\":\"ImageObject\",\"inLanguage\":\"en-US\",\"@id\":\"https:\\\/\\\/moldearte.com\\\/#\\\/schema\\\/logo\\\/image\\\/\",\"url\":\"https:\\\/\\\/moldearte.com\\\/wp-content\\\/uploads\\\/2023\\\/01\\\/cropped-cropped-rejuvenecimiento-facial-sin-cirugia-tijuana.png\",\"contentUrl\":\"https:\\\/\\\/moldearte.com\\\/wp-content\\\/uploads\\\/2023\\\/01\\\/cropped-cropped-rejuvenecimiento-facial-sin-cirugia-tijuana.png\",\"width\":3255,\"height\":1059,\"caption\":\"MoldeArte | L\u00edderes en Medicina Est\u00e9tica en Tijuana y Rosarito\"},\"image\":{\"@id\":\"https:\\\/\\\/moldearte.com\\\/#\\\/schema\\\/logo\\\/image\\\/\"}}]}<\/script>\n<meta property=\"product:price:currency\" content=\"MXN\" \/>\n<meta property=\"og:availability\" content=\"instock\" \/>\n<meta property=\"product:availability\" content=\"instock\" \/>\n<meta property=\"product:condition\" content=\"new\" \/>\n<!-- \/ Yoast SEO Premium plugin. -->","yoast_head_json":{"title":"REJUVENECIMIENTO MOLDEARTE - MoldeArte | L\u00edderes en Medicina Est\u00e9tica en Tijuana y Rosarito","robots":{"index":"index","follow":"follow","max-snippet":"max-snippet:-1","max-image-preview":"max-image-preview:large","max-video-preview":"max-video-preview:-1"},"canonical":"https:\/\/moldearte.com\/en\/tratamiento\/rejuvenecimiento-moldearte\/","og_locale":"en_US","og_type":"article","og_title":"REJUVENECIMIENTO MOLDEARTE","og_description":"\u2728\ud83d\udc8e Redefine tu rostro, ilumina tu piel y logra un rejuvenecimiento total en una sola experiencia \ud83d\udc8e\u2728 El Rejuvenecimiento MoldeArte es un protocolo integral que combina armonizaci\u00f3n facial, bioestimulaci\u00f3n y regeneraci\u00f3n profunda. Incluye Toxina Botul\u00ednica Dysport\u00ae en frente, entrecejo y contorno de ojos, Sculptra\u00ae en rostro, Plasma Rico en Plaquetas en rostro, cuello, escote y manos, PLLA BOOST BODY\u00ae en una zona a elegir, \u00c1cido Hialur\u00f3nico Eyes Revive\u00ae en ojeras, 2 jeringuillas de \u00c1cido Hialur\u00f3nico en zonas a elegir y un Facial Intensivo Despigmentante con limpieza, microdermoabrasi\u00f3n, LED verde y mascarilla. \ud83d\udc86\u200d\u2640\ufe0f\ud83d\udc96 \u00bfQu\u00e9 incluye el tratamiento? \ud83d\udc96 Rejuvenecimiento MoldeArte incluye: aplicaci\u00f3n de Toxina Botul\u00ednica Dysport\u00ae en frente, entrecejo y l\u00edneas alrededor de los ojos + una jeringuilla de Bioestimulador Sculptra\u00ae en rostro + una sesi\u00f3n de Plasma Rico en Plaquetas en rostro, cuello, escote y manos + una aplicacion Bioestimulador PLLA BOOST BODY\u00ae en una zona a elegir + una jeringuilla de \u00c1cido Hialur\u00f3nico Eyes Revive\u00ae en ojeras + 2 jeringuillas de \u00c1cido Hialur\u00f3nico EQFill\u00ae en una zona a elegir cada una + un Facial Intensivo Despigmentante, con extracci\u00f3n de puntos negros, microdermoabrasi\u00f3n, foto sesi\u00f3n LED despigmentante verde y mascarilla despigmentante *Cuenta con 60 d\u00edas para realizarse el tratamiento a partir de su compra","og_url":"https:\/\/moldearte.com\/en\/tratamiento\/rejuvenecimiento-moldearte\/","og_site_name":"MoldeArte | L\u00edderes en Medicina Est\u00e9tica en Tijuana y Rosarito","article_modified_time":"2026-04-20T22:32:21+00:00","og_image":[{"width":1080,"height":1080,"url":"https:\/\/moldearte.com\/wp-content\/uploads\/2024\/11\/BF-EXOSOMAS.png","type":"image\/png"}],"twitter_card":"summary_large_image","twitter_misc":{"Price":"","Availability":"In stock"},"schema":{"@context":"https:\/\/schema.org","@graph":[{"@type":"WebPage","@id":"https:\/\/moldearte.com\/tratamiento\/rejuvenecimiento-moldearte\/","url":"https:\/\/moldearte.com\/tratamiento\/rejuvenecimiento-moldearte\/","name":"REJUVENECIMIENTO MOLDEARTE - MoldeArte | L\u00edderes en Medicina Est\u00e9tica en Tijuana y Rosarito","isPartOf":{"@id":"https:\/\/moldearte.com\/#website"},"primaryImageOfPage":{"@id":"https:\/\/moldearte.com\/tratamiento\/rejuvenecimiento-moldearte\/#primaryimage"},"image":{"@id":"https:\/\/moldearte.com\/tratamiento\/rejuvenecimiento-moldearte\/#primaryimage"},"thumbnailUrl":"https:\/\/moldearte.com\/wp-content\/uploads\/2024\/11\/BF-EXOSOMAS.png","datePublished":"2026-04-20T22:32:20+00:00","dateModified":"2026-04-20T22:32:21+00:00","breadcrumb":{"@id":"https:\/\/moldearte.com\/tratamiento\/rejuvenecimiento-moldearte\/#breadcrumb"},"inLanguage":"en-US","potentialAction":[{"@type":"ReadAction","target":["https:\/\/moldearte.com\/tratamiento\/rejuvenecimiento-moldearte\/"]}]},{"@type":"ImageObject","inLanguage":"en-US","@id":"https:\/\/moldearte.com\/tratamiento\/rejuvenecimiento-moldearte\/#primaryimage","url":"https:\/\/moldearte.com\/wp-content\/uploads\/2024\/11\/BF-EXOSOMAS.png","contentUrl":"https:\/\/moldearte.com\/wp-content\/uploads\/2024\/11\/BF-EXOSOMAS.png","width":1080,"height":1080},{"@type":"BreadcrumbList","@id":"https:\/\/moldearte.com\/tratamiento\/rejuvenecimiento-moldearte\/#breadcrumb","itemListElement":[{"@type":"ListItem","position":1,"name":"Portada","item":"https:\/\/moldearte.com\/"},{"@type":"ListItem","position":2,"name":"Tienda","item":"https:\/\/moldearte.com\/en\/tienda\/"},{"@type":"ListItem","position":3,"name":"REJUVENECIMIENTO MOLDEARTE"}]},{"@type":"WebSite","@id":"https:\/\/moldearte.com\/#website","url":"https:\/\/moldearte.com\/","name":"MoldeArte | L\u00edderes en Medicina Est\u00e9tica en Tijuana y Rosarito","description":"Rejuvenecimiento Facial y corporal sin cirug\u00eda","publisher":{"@id":"https:\/\/moldearte.com\/#organization"},"potentialAction":[{"@type":"SearchAction","target":{"@type":"EntryPoint","urlTemplate":"https:\/\/moldearte.com\/?s={search_term_string}"},"query-input":{"@type":"PropertyValueSpecification","valueRequired":true,"valueName":"search_term_string"}}],"inLanguage":"en-US"},{"@type":"Organization","@id":"https:\/\/moldearte.com\/#organization","name":"MoldeArte | L\u00edderes en Medicina Est\u00e9tica en Tijuana y Rosarito","url":"https:\/\/moldearte.com\/","logo":{"@type":"ImageObject","inLanguage":"en-US","@id":"https:\/\/moldearte.com\/#\/schema\/logo\/image\/","url":"https:\/\/moldearte.com\/wp-content\/uploads\/2023\/01\/cropped-cropped-rejuvenecimiento-facial-sin-cirugia-tijuana.png","contentUrl":"https:\/\/moldearte.com\/wp-content\/uploads\/2023\/01\/cropped-cropped-rejuvenecimiento-facial-sin-cirugia-tijuana.png","width":3255,"height":1059,"caption":"MoldeArte | L\u00edderes en Medicina Est\u00e9tica en Tijuana y Rosarito"},"image":{"@id":"https:\/\/moldearte.com\/#\/schema\/logo\/image\/"}}]},"product_price_currency":"MXN","og_availability":"instock","product_availability":"instock","product_condition":"new"},"_links":{"self":[{"href":"https:\/\/moldearte.com\/en\/wp-json\/wp\/v2\/product\/25466","targetHints":{"allow":["GET"]}}],"collection":[{"href":"https:\/\/moldearte.com\/en\/wp-json\/wp\/v2\/product"}],"about":[{"href":"https:\/\/moldearte.com\/en\/wp-json\/wp\/v2\/types\/product"}],"wp:featuredmedia":[{"embeddable":true,"href":"https:\/\/moldearte.com\/en\/wp-json\/wp\/v2\/media\/8409"}],"wp:attachment":[{"href":"https:\/\/moldearte.com\/en\/wp-json\/wp\/v2\/media?parent=25466"}],"wp:term":[{"taxonomy":"product_brand","embeddable":true,"href":"https:\/\/moldearte.com\/en\/wp-json\/wp\/v2\/product_brand?post=25466"},{"taxonomy":"product_cat","embeddable":true,"href":"https:\/\/moldearte.com\/en\/wp-json\/wp\/v2\/product_cat?post=25466"},{"taxonomy":"product_tag","embeddable":true,"href":"https:\/\/moldearte.com\/en\/wp-json\/wp\/v2\/product_tag?post=25466"},{"taxonomy":"giftcard-category","embeddable":true,"href":"https:\/\/moldearte.com\/en\/wp-json\/wp\/v2\/giftcard-category?post=25466"}],"curies":[{"name":"wp","href":"https:\/\/api.w.org\/{rel}","templated":true}]}}