{"id":25458,"date":"2026-04-20T15:20:10","date_gmt":"2026-04-20T22:20:10","guid":{"rendered":"https:\/\/moldearte.com\/?post_type=product&#038;p=25458"},"modified":"2026-04-20T15:20:11","modified_gmt":"2026-04-20T22:20:11","slug":"facial-personalizado-para-mama","status":"publish","type":"product","link":"https:\/\/moldearte.com\/en\/tratamiento\/facial-personalizado-para-mama\/","title":{"rendered":"FACIAL PERSONALIZADO PARA MAM\u00c1"},"content":{"rendered":"<h4>\u00bfQui\u00e9n es candidato a ese tratamiento?<\/h4>\n<p>Mam\u00e1s o cualquier persona que desee mejorar la apariencia de su piel con un tratamiento adaptado a sus necesidades espec\u00edficas.<\/p>\n<h4>Edad o tipo de piel ideal para realizarse el servicio<\/h4>\n<p>Apto para todas las edades. Ideal para todo tipo de piel, especialmente piel con manchas, flacidez, textura irregular o falta de luminosidad.<\/p>\n<h4>Los principales 5 beneficios del tratamiento<\/h4>\n<p>\u2728 Limpia profundamente y elimina impurezas<br \/>\n\u2728 Mejora la textura y calidad de la piel<br \/>\n\u2728 Ayuda a unificar el tono o reafirmar el rostro seg\u00fan necesidad<br \/>\n\u2728 Aporta luminosidad y efecto rejuvenecedor<br \/>\n\u2728 Ofrece resultados personalizados y visibles \ud83d\udc96<\/p>\n<p>\ud83c\udf37 Un tratamiento ideal para consentir a mam\u00e1 con un cuidado dise\u00f1ado especialmente para su piel.<\/p>","protected":false},"excerpt":{"rendered":"<p><strong>\ud83d\udc96\u2728 El regalo perfecto para mam\u00e1: una piel renovada seg\u00fan lo que realmente necesita \u2728\ud83d\udc96<\/strong><br \/>\nEl Facial Personalizado para Mam\u00e1 se adapta a cada tipo de piel para lograr resultados visibles. Incluye una sesi\u00f3n de Facial de Limpieza Profunda y la elecci\u00f3n de Microdermoabrasi\u00f3n o Radiofrecuencia Facial, adem\u00e1s de Foto Sesi\u00f3n Despigmentante o Foto Sesi\u00f3n LED para rejuvenecimiento profundo, creando un protocolo a la medida para limpiar, iluminar y reafirmar. \ud83c\udf38\ud83d\udc86\u200d\u2640\ufe0f<\/p>\n<h4>\u00bfQu\u00e9 incluye el tratamiento? \ud83d\udc96<\/h4>\n<p>Facial Personalizado para Mam\u00e1 que incluye: Una sesi\u00f3n de Facial de Limpieza Profunda + una sesi\u00f3n de Microdermoabrasi\u00f3n o Radiofrecuencia Facial, Foto Sesi\u00f3n Despigmentante, Foto sesi\u00f3n Led para el rejuvenecimiento profundo<br \/>\n<span class=\"fontstyle0\"><span style=\"color: #ff914d;\"><strong>*Cuenta con 60 d\u00edas para realizarse el tratamiento a partir de su compra<\/strong><\/span><\/span><\/p>","protected":false},"featured_media":8079,"template":"","meta":[],"product_brand":[],"product_cat":[261,27],"product_tag":[],"giftcard-category":[],"class_list":{"0":"post-25458","1":"product","2":"type-product","3":"status-publish","4":"has-post-thumbnail","6":"product_cat-promoscosme","7":"product_cat-txcosmetologicos","9":"first","10":"instock","11":"sale","12":"shipping-taxable","13":"purchasable","14":"product-type-variable"},"yoast_head":"<!-- This site is optimized with the Yoast SEO Premium plugin v27.2 (Yoast SEO v27.4) - https:\/\/yoast.com\/product\/yoast-seo-premium-wordpress\/ -->\n<title>FACIAL PERSONALIZADO PARA MAM\u00c1 - MoldeArte | L\u00edderes en Medicina Est\u00e9tica en Tijuana y Rosarito<\/title>\n<meta name=\"robots\" content=\"index, follow, max-snippet:-1, max-image-preview:large, max-video-preview:-1\" \/>\n<link rel=\"canonical\" href=\"https:\/\/moldearte.com\/en\/tratamiento\/facial-personalizado-para-mama\/\" \/>\n<meta property=\"og:locale\" content=\"en_US\" \/>\n<meta property=\"og:type\" content=\"article\" \/>\n<meta property=\"og:title\" content=\"FACIAL PERSONALIZADO PARA MAM\u00c1\" \/>\n<meta property=\"og:description\" content=\"\ud83d\udc96\u2728 El regalo perfecto para mam\u00e1: una piel renovada seg\u00fan lo que realmente necesita \u2728\ud83d\udc96 El Facial Personalizado para Mam\u00e1 se adapta a cada tipo de piel para lograr resultados visibles. Incluye una sesi\u00f3n de Facial de Limpieza Profunda y la elecci\u00f3n de Microdermoabrasi\u00f3n o Radiofrecuencia Facial, adem\u00e1s de Foto Sesi\u00f3n Despigmentante o Foto Sesi\u00f3n LED para rejuvenecimiento profundo, creando un protocolo a la medida para limpiar, iluminar y reafirmar. \ud83c\udf38\ud83d\udc86\u200d\u2640\ufe0f \u00bfQu\u00e9 incluye el tratamiento? \ud83d\udc96 Facial Personalizado para Mam\u00e1 que incluye: Una sesi\u00f3n de Facial de Limpieza Profunda + una sesi\u00f3n de Microdermoabrasi\u00f3n o Radiofrecuencia Facial, Foto Sesi\u00f3n Despigmentante, Foto sesi\u00f3n Led para el rejuvenecimiento profundo *Cuenta con 60 d\u00edas para realizarse el tratamiento a partir de su compra\" \/>\n<meta property=\"og:url\" content=\"https:\/\/moldearte.com\/en\/tratamiento\/facial-personalizado-para-mama\/\" \/>\n<meta property=\"og:site_name\" content=\"MoldeArte | L\u00edderes en Medicina Est\u00e9tica en Tijuana y Rosarito\" \/>\n<meta property=\"article:modified_time\" content=\"2026-04-20T22:20:11+00:00\" \/>\n<meta property=\"og:image\" content=\"https:\/\/moldearte.com\/wp-content\/uploads\/2024\/11\/Facial-efecto-Piel-de-Porcelana.png\" \/>\n\t<meta property=\"og:image:width\" content=\"1080\" \/>\n\t<meta property=\"og:image:height\" content=\"1080\" \/>\n\t<meta property=\"og:image:type\" content=\"image\/png\" \/>\n<meta name=\"twitter:card\" content=\"summary_large_image\" \/>\n<meta name=\"twitter:label1\" content=\"Availability\" \/>\n\t<meta name=\"twitter:data1\" content=\"In stock\" \/>\n<script type=\"application\/ld+json\" class=\"yoast-schema-graph\">{\"@context\":\"https:\\\/\\\/schema.org\",\"@graph\":[{\"@type\":\"WebPage\",\"@id\":\"https:\\\/\\\/moldearte.com\\\/tratamiento\\\/facial-personalizado-para-mama\\\/\",\"url\":\"https:\\\/\\\/moldearte.com\\\/tratamiento\\\/facial-personalizado-para-mama\\\/\",\"name\":\"FACIAL PERSONALIZADO PARA MAM\u00c1 - MoldeArte | L\u00edderes en Medicina Est\u00e9tica en Tijuana y Rosarito\",\"isPartOf\":{\"@id\":\"https:\\\/\\\/moldearte.com\\\/#website\"},\"primaryImageOfPage\":{\"@id\":\"https:\\\/\\\/moldearte.com\\\/tratamiento\\\/facial-personalizado-para-mama\\\/#primaryimage\"},\"image\":{\"@id\":\"https:\\\/\\\/moldearte.com\\\/tratamiento\\\/facial-personalizado-para-mama\\\/#primaryimage\"},\"thumbnailUrl\":\"https:\\\/\\\/moldearte.com\\\/wp-content\\\/uploads\\\/2024\\\/11\\\/Facial-efecto-Piel-de-Porcelana.png\",\"datePublished\":\"2026-04-20T22:20:10+00:00\",\"dateModified\":\"2026-04-20T22:20:11+00:00\",\"breadcrumb\":{\"@id\":\"https:\\\/\\\/moldearte.com\\\/tratamiento\\\/facial-personalizado-para-mama\\\/#breadcrumb\"},\"inLanguage\":\"en-US\",\"potentialAction\":[{\"@type\":\"ReadAction\",\"target\":[\"https:\\\/\\\/moldearte.com\\\/tratamiento\\\/facial-personalizado-para-mama\\\/\"]}]},{\"@type\":\"ImageObject\",\"inLanguage\":\"en-US\",\"@id\":\"https:\\\/\\\/moldearte.com\\\/tratamiento\\\/facial-personalizado-para-mama\\\/#primaryimage\",\"url\":\"https:\\\/\\\/moldearte.com\\\/wp-content\\\/uploads\\\/2024\\\/11\\\/Facial-efecto-Piel-de-Porcelana.png\",\"contentUrl\":\"https:\\\/\\\/moldearte.com\\\/wp-content\\\/uploads\\\/2024\\\/11\\\/Facial-efecto-Piel-de-Porcelana.png\",\"width\":1080,\"height\":1080},{\"@type\":\"BreadcrumbList\",\"@id\":\"https:\\\/\\\/moldearte.com\\\/tratamiento\\\/facial-personalizado-para-mama\\\/#breadcrumb\",\"itemListElement\":[{\"@type\":\"ListItem\",\"position\":1,\"name\":\"Portada\",\"item\":\"https:\\\/\\\/moldearte.com\\\/\"},{\"@type\":\"ListItem\",\"position\":2,\"name\":\"Tienda\",\"item\":\"https:\\\/\\\/moldearte.com\\\/en\\\/tienda\\\/\"},{\"@type\":\"ListItem\",\"position\":3,\"name\":\"FACIAL PERSONALIZADO PARA MAM\u00c1\"}]},{\"@type\":\"WebSite\",\"@id\":\"https:\\\/\\\/moldearte.com\\\/#website\",\"url\":\"https:\\\/\\\/moldearte.com\\\/\",\"name\":\"MoldeArte | L\u00edderes en Medicina Est\u00e9tica en Tijuana y Rosarito\",\"description\":\"Rejuvenecimiento Facial y corporal sin cirug\u00eda\",\"publisher\":{\"@id\":\"https:\\\/\\\/moldearte.com\\\/#organization\"},\"potentialAction\":[{\"@type\":\"SearchAction\",\"target\":{\"@type\":\"EntryPoint\",\"urlTemplate\":\"https:\\\/\\\/moldearte.com\\\/?s={search_term_string}\"},\"query-input\":{\"@type\":\"PropertyValueSpecification\",\"valueRequired\":true,\"valueName\":\"search_term_string\"}}],\"inLanguage\":\"en-US\"},{\"@type\":\"Organization\",\"@id\":\"https:\\\/\\\/moldearte.com\\\/#organization\",\"name\":\"MoldeArte | L\u00edderes en Medicina Est\u00e9tica en Tijuana y Rosarito\",\"url\":\"https:\\\/\\\/moldearte.com\\\/\",\"logo\":{\"@type\":\"ImageObject\",\"inLanguage\":\"en-US\",\"@id\":\"https:\\\/\\\/moldearte.com\\\/#\\\/schema\\\/logo\\\/image\\\/\",\"url\":\"https:\\\/\\\/moldearte.com\\\/wp-content\\\/uploads\\\/2023\\\/01\\\/cropped-cropped-rejuvenecimiento-facial-sin-cirugia-tijuana.png\",\"contentUrl\":\"https:\\\/\\\/moldearte.com\\\/wp-content\\\/uploads\\\/2023\\\/01\\\/cropped-cropped-rejuvenecimiento-facial-sin-cirugia-tijuana.png\",\"width\":3255,\"height\":1059,\"caption\":\"MoldeArte | L\u00edderes en Medicina Est\u00e9tica en Tijuana y Rosarito\"},\"image\":{\"@id\":\"https:\\\/\\\/moldearte.com\\\/#\\\/schema\\\/logo\\\/image\\\/\"}}]}<\/script>\n<meta property=\"og:availability\" content=\"instock\" \/>\n<meta property=\"product:availability\" content=\"instock\" \/>\n<meta property=\"product:condition\" content=\"new\" \/>\n<!-- \/ Yoast SEO Premium plugin. -->","yoast_head_json":{"title":"FACIAL PERSONALIZADO PARA MAM\u00c1 - MoldeArte | L\u00edderes en Medicina Est\u00e9tica en Tijuana y Rosarito","robots":{"index":"index","follow":"follow","max-snippet":"max-snippet:-1","max-image-preview":"max-image-preview:large","max-video-preview":"max-video-preview:-1"},"canonical":"https:\/\/moldearte.com\/en\/tratamiento\/facial-personalizado-para-mama\/","og_locale":"en_US","og_type":"article","og_title":"FACIAL PERSONALIZADO PARA MAM\u00c1","og_description":"\ud83d\udc96\u2728 El regalo perfecto para mam\u00e1: una piel renovada seg\u00fan lo que realmente necesita \u2728\ud83d\udc96 El Facial Personalizado para Mam\u00e1 se adapta a cada tipo de piel para lograr resultados visibles. Incluye una sesi\u00f3n de Facial de Limpieza Profunda y la elecci\u00f3n de Microdermoabrasi\u00f3n o Radiofrecuencia Facial, adem\u00e1s de Foto Sesi\u00f3n Despigmentante o Foto Sesi\u00f3n LED para rejuvenecimiento profundo, creando un protocolo a la medida para limpiar, iluminar y reafirmar. \ud83c\udf38\ud83d\udc86\u200d\u2640\ufe0f \u00bfQu\u00e9 incluye el tratamiento? \ud83d\udc96 Facial Personalizado para Mam\u00e1 que incluye: Una sesi\u00f3n de Facial de Limpieza Profunda + una sesi\u00f3n de Microdermoabrasi\u00f3n o Radiofrecuencia Facial, Foto Sesi\u00f3n Despigmentante, Foto sesi\u00f3n Led para el rejuvenecimiento profundo *Cuenta con 60 d\u00edas para realizarse el tratamiento a partir de su compra","og_url":"https:\/\/moldearte.com\/en\/tratamiento\/facial-personalizado-para-mama\/","og_site_name":"MoldeArte | L\u00edderes en Medicina Est\u00e9tica en Tijuana y Rosarito","article_modified_time":"2026-04-20T22:20:11+00:00","og_image":[{"width":1080,"height":1080,"url":"https:\/\/moldearte.com\/wp-content\/uploads\/2024\/11\/Facial-efecto-Piel-de-Porcelana.png","type":"image\/png"}],"twitter_card":"summary_large_image","twitter_misc":{"Availability":"In stock"},"schema":{"@context":"https:\/\/schema.org","@graph":[{"@type":"WebPage","@id":"https:\/\/moldearte.com\/tratamiento\/facial-personalizado-para-mama\/","url":"https:\/\/moldearte.com\/tratamiento\/facial-personalizado-para-mama\/","name":"FACIAL PERSONALIZADO PARA MAM\u00c1 - MoldeArte | L\u00edderes en Medicina Est\u00e9tica en Tijuana y Rosarito","isPartOf":{"@id":"https:\/\/moldearte.com\/#website"},"primaryImageOfPage":{"@id":"https:\/\/moldearte.com\/tratamiento\/facial-personalizado-para-mama\/#primaryimage"},"image":{"@id":"https:\/\/moldearte.com\/tratamiento\/facial-personalizado-para-mama\/#primaryimage"},"thumbnailUrl":"https:\/\/moldearte.com\/wp-content\/uploads\/2024\/11\/Facial-efecto-Piel-de-Porcelana.png","datePublished":"2026-04-20T22:20:10+00:00","dateModified":"2026-04-20T22:20:11+00:00","breadcrumb":{"@id":"https:\/\/moldearte.com\/tratamiento\/facial-personalizado-para-mama\/#breadcrumb"},"inLanguage":"en-US","potentialAction":[{"@type":"ReadAction","target":["https:\/\/moldearte.com\/tratamiento\/facial-personalizado-para-mama\/"]}]},{"@type":"ImageObject","inLanguage":"en-US","@id":"https:\/\/moldearte.com\/tratamiento\/facial-personalizado-para-mama\/#primaryimage","url":"https:\/\/moldearte.com\/wp-content\/uploads\/2024\/11\/Facial-efecto-Piel-de-Porcelana.png","contentUrl":"https:\/\/moldearte.com\/wp-content\/uploads\/2024\/11\/Facial-efecto-Piel-de-Porcelana.png","width":1080,"height":1080},{"@type":"BreadcrumbList","@id":"https:\/\/moldearte.com\/tratamiento\/facial-personalizado-para-mama\/#breadcrumb","itemListElement":[{"@type":"ListItem","position":1,"name":"Portada","item":"https:\/\/moldearte.com\/"},{"@type":"ListItem","position":2,"name":"Tienda","item":"https:\/\/moldearte.com\/en\/tienda\/"},{"@type":"ListItem","position":3,"name":"FACIAL PERSONALIZADO PARA MAM\u00c1"}]},{"@type":"WebSite","@id":"https:\/\/moldearte.com\/#website","url":"https:\/\/moldearte.com\/","name":"MoldeArte | L\u00edderes en Medicina Est\u00e9tica en Tijuana y Rosarito","description":"Rejuvenecimiento Facial y corporal sin cirug\u00eda","publisher":{"@id":"https:\/\/moldearte.com\/#organization"},"potentialAction":[{"@type":"SearchAction","target":{"@type":"EntryPoint","urlTemplate":"https:\/\/moldearte.com\/?s={search_term_string}"},"query-input":{"@type":"PropertyValueSpecification","valueRequired":true,"valueName":"search_term_string"}}],"inLanguage":"en-US"},{"@type":"Organization","@id":"https:\/\/moldearte.com\/#organization","name":"MoldeArte | L\u00edderes en Medicina Est\u00e9tica en Tijuana y Rosarito","url":"https:\/\/moldearte.com\/","logo":{"@type":"ImageObject","inLanguage":"en-US","@id":"https:\/\/moldearte.com\/#\/schema\/logo\/image\/","url":"https:\/\/moldearte.com\/wp-content\/uploads\/2023\/01\/cropped-cropped-rejuvenecimiento-facial-sin-cirugia-tijuana.png","contentUrl":"https:\/\/moldearte.com\/wp-content\/uploads\/2023\/01\/cropped-cropped-rejuvenecimiento-facial-sin-cirugia-tijuana.png","width":3255,"height":1059,"caption":"MoldeArte | L\u00edderes en Medicina Est\u00e9tica en Tijuana y Rosarito"},"image":{"@id":"https:\/\/moldearte.com\/#\/schema\/logo\/image\/"}}]},"og_availability":"instock","product_availability":"instock","product_condition":"new"},"_links":{"self":[{"href":"https:\/\/moldearte.com\/en\/wp-json\/wp\/v2\/product\/25458","targetHints":{"allow":["GET"]}}],"collection":[{"href":"https:\/\/moldearte.com\/en\/wp-json\/wp\/v2\/product"}],"about":[{"href":"https:\/\/moldearte.com\/en\/wp-json\/wp\/v2\/types\/product"}],"wp:featuredmedia":[{"embeddable":true,"href":"https:\/\/moldearte.com\/en\/wp-json\/wp\/v2\/media\/8079"}],"wp:attachment":[{"href":"https:\/\/moldearte.com\/en\/wp-json\/wp\/v2\/media?parent=25458"}],"wp:term":[{"taxonomy":"product_brand","embeddable":true,"href":"https:\/\/moldearte.com\/en\/wp-json\/wp\/v2\/product_brand?post=25458"},{"taxonomy":"product_cat","embeddable":true,"href":"https:\/\/moldearte.com\/en\/wp-json\/wp\/v2\/product_cat?post=25458"},{"taxonomy":"product_tag","embeddable":true,"href":"https:\/\/moldearte.com\/en\/wp-json\/wp\/v2\/product_tag?post=25458"},{"taxonomy":"giftcard-category","embeddable":true,"href":"https:\/\/moldearte.com\/en\/wp-json\/wp\/v2\/giftcard-category?post=25458"}],"curies":[{"name":"wp","href":"https:\/\/api.w.org\/{rel}","templated":true}]}}