{"id":25446,"date":"2026-04-20T14:53:02","date_gmt":"2026-04-20T21:53:02","guid":{"rendered":"https:\/\/moldearte.com\/?post_type=product&#038;p=25446"},"modified":"2026-04-20T14:55:09","modified_gmt":"2026-04-20T21:55:09","slug":"barbie-care","status":"publish","type":"product","link":"https:\/\/moldearte.com\/en\/tratamiento\/barbie-care\/","title":{"rendered":"\ud83c\udf80 BARBIE CARE \ud83c\udf80"},"content":{"rendered":"<h4>\u00bfQui\u00e9n es candidato a ese tratamiento?<\/h4>\n<p>Personas que desean suavizar l\u00edneas de expresi\u00f3n, realzar labios y mejorar la calidad de la piel con un resultado arm\u00f3nico y natural.<\/p>\n<h4>Edad o tipo de piel ideal para realizarse el servicio<\/h4>\n<p>Recomendado a partir de los 25\u201330 a\u00f1os. Apto para todo tipo de piel, especialmente piel con primeras l\u00edneas, p\u00e9rdida de luminosidad o deshidrataci\u00f3n.<\/p>\n<h4>Los principales 5 beneficios del tratamiento<\/h4>\n<p>\u2728 Suaviza l\u00edneas de expresi\u00f3n y previene su profundizaci\u00f3n<br \/>\n\u2728 Realza labios con volumen y definici\u00f3n natural<br \/>\n\u2728 Estimula la regeneraci\u00f3n y mejora la textura de la piel<br \/>\n\u2728 Aporta luminosidad y efecto glow en rostro y zonas complementarias<br \/>\n\u2728 Brinda un resultado integral, fresco y rejuvenecido \ud83d\udc96<\/p>\n<p>\ud83c\udf38 Un paquete ideal para sentirte segura, radiante y con una belleza armonizada de pies a cabeza.<\/p>","protected":false},"excerpt":{"rendered":"<p><strong>\ud83c\udf80\u2728 Logra un look luminoso, definido y ultra femenino en una sola experiencia \u2728\ud83c\udf80<\/strong><br \/>\nEl paquete Barbie Care combina armonizaci\u00f3n facial y regeneraci\u00f3n integral para un resultado fresco y radiante. Incluye Toxina Botul\u00ednica en frente, entrecejo y l\u00edneas alrededor de los ojos, Plasma Rico en Plaquetas en rostro, una jeringuilla de \u00c1cido Hialur\u00f3nico para aumento o perfilado de labios y \ud83c\udf81 <strong>GRATIS<\/strong> Plasma Rico en Plaquetas en cuello, escote y manos. \ud83d\udc89\ud83d\udc96<\/p>\n<h4>\u00bfQu\u00e9 incluye el tratamiento? \ud83d\udc96<\/h4>\n<p>Barbie Care incluye: una aplicaci\u00f3n de Toxina Botul\u00ednica en frente, entrecejo y l\u00edneas alrededor de los ojos + una sesi\u00f3n de Plasma Rico en Plaquetas en rostro + una jeringuilla de \u00c1cido Hialur\u00f3nico EQFill\u00ae para el aumento o perfilado en labios + \ud83c\udf81<strong> GRATIS UNA SESI\u00d3N DE PLASMA RICO EN PLAQUETAS EN CUELLO, ESCOTE Y MANOS<\/strong><br \/>\n<strong><span style=\"color: #0072bb;\">(El regalo se incluir\u00e1 al momento de a\u00f1adir este tratamiento al carrito)<\/span><\/strong><br \/>\n<span class=\"fontstyle0\"><span style=\"color: #ff914d;\"><strong>*Cuenta con 60 d\u00edas para realizarse el tratamiento a partir de su compra<\/strong><\/span><\/span><\/p>","protected":false},"featured_media":6854,"template":"","meta":[],"product_brand":[],"product_cat":[262,26],"product_tag":[],"giftcard-category":[],"class_list":{"0":"post-25446","1":"product","2":"type-product","3":"status-publish","4":"has-post-thumbnail","6":"product_cat-promosmedicas","7":"product_cat-txmedicos","9":"first","10":"instock","11":"sale","12":"shipping-taxable","13":"purchasable","14":"product-type-variable"},"yoast_head":"<!-- This site is optimized with the Yoast SEO Premium plugin v27.2 (Yoast SEO v27.4) - https:\/\/yoast.com\/product\/yoast-seo-premium-wordpress\/ -->\n<title>\ud83c\udf80 BARBIE CARE \ud83c\udf80 - MoldeArte | L\u00edderes en Medicina Est\u00e9tica en Tijuana y Rosarito<\/title>\n<meta name=\"robots\" content=\"index, follow, max-snippet:-1, max-image-preview:large, max-video-preview:-1\" \/>\n<link rel=\"canonical\" href=\"https:\/\/moldearte.com\/en\/tratamiento\/barbie-care\/\" \/>\n<meta property=\"og:locale\" content=\"en_US\" \/>\n<meta property=\"og:type\" content=\"article\" \/>\n<meta property=\"og:title\" content=\"\ud83c\udf80 BARBIE CARE \ud83c\udf80\" \/>\n<meta property=\"og:description\" content=\"\ud83c\udf80\u2728 Logra un look luminoso, definido y ultra femenino en una sola experiencia \u2728\ud83c\udf80 El paquete Barbie Care combina armonizaci\u00f3n facial y regeneraci\u00f3n integral para un resultado fresco y radiante. Incluye Toxina Botul\u00ednica en frente, entrecejo y l\u00edneas alrededor de los ojos, Plasma Rico en Plaquetas en rostro, una jeringuilla de \u00c1cido Hialur\u00f3nico para aumento o perfilado de labios y \ud83c\udf81 GRATIS Plasma Rico en Plaquetas en cuello, escote y manos. \ud83d\udc89\ud83d\udc96 \u00bfQu\u00e9 incluye el tratamiento? \ud83d\udc96 Barbie Care incluye: una aplicaci\u00f3n de Toxina Botul\u00ednica en frente, entrecejo y l\u00edneas alrededor de los ojos + una sesi\u00f3n de Plasma Rico en Plaquetas en rostro + una jeringuilla de \u00c1cido Hialur\u00f3nico EQFill\u00ae para el aumento o perfilado en labios + \ud83c\udf81 GRATIS UNA SESI\u00d3N DE PLASMA RICO EN PLAQUETAS EN CUELLO, ESCOTE Y MANOS (El regalo se incluir\u00e1 al momento de a\u00f1adir este tratamiento al carrito) *Cuenta con 60 d\u00edas para realizarse el tratamiento a partir de su compra\" \/>\n<meta property=\"og:url\" content=\"https:\/\/moldearte.com\/en\/tratamiento\/barbie-care\/\" \/>\n<meta property=\"og:site_name\" content=\"MoldeArte | L\u00edderes en Medicina Est\u00e9tica en Tijuana y Rosarito\" \/>\n<meta property=\"article:modified_time\" content=\"2026-04-20T21:55:09+00:00\" \/>\n<meta property=\"og:image\" content=\"https:\/\/moldearte.com\/wp-content\/uploads\/2024\/10\/rejuvenecimiento-express.png\" \/>\n\t<meta property=\"og:image:width\" content=\"1080\" \/>\n\t<meta property=\"og:image:height\" content=\"1080\" \/>\n\t<meta property=\"og:image:type\" content=\"image\/png\" \/>\n<meta name=\"twitter:card\" content=\"summary_large_image\" \/>\n<meta name=\"twitter:label1\" content=\"Availability\" \/>\n\t<meta name=\"twitter:data1\" content=\"In stock\" \/>\n<script type=\"application\/ld+json\" class=\"yoast-schema-graph\">{\"@context\":\"https:\\\/\\\/schema.org\",\"@graph\":[{\"@type\":\"WebPage\",\"@id\":\"https:\\\/\\\/moldearte.com\\\/tratamiento\\\/barbie-care\\\/\",\"url\":\"https:\\\/\\\/moldearte.com\\\/tratamiento\\\/barbie-care\\\/\",\"name\":\"\ud83c\udf80 BARBIE CARE \ud83c\udf80 - MoldeArte | L\u00edderes en Medicina Est\u00e9tica en Tijuana y Rosarito\",\"isPartOf\":{\"@id\":\"https:\\\/\\\/moldearte.com\\\/#website\"},\"primaryImageOfPage\":{\"@id\":\"https:\\\/\\\/moldearte.com\\\/tratamiento\\\/barbie-care\\\/#primaryimage\"},\"image\":{\"@id\":\"https:\\\/\\\/moldearte.com\\\/tratamiento\\\/barbie-care\\\/#primaryimage\"},\"thumbnailUrl\":\"https:\\\/\\\/moldearte.com\\\/wp-content\\\/uploads\\\/2024\\\/10\\\/rejuvenecimiento-express.png\",\"datePublished\":\"2026-04-20T21:53:02+00:00\",\"dateModified\":\"2026-04-20T21:55:09+00:00\",\"breadcrumb\":{\"@id\":\"https:\\\/\\\/moldearte.com\\\/tratamiento\\\/barbie-care\\\/#breadcrumb\"},\"inLanguage\":\"en-US\",\"potentialAction\":[{\"@type\":\"ReadAction\",\"target\":[\"https:\\\/\\\/moldearte.com\\\/tratamiento\\\/barbie-care\\\/\"]}]},{\"@type\":\"ImageObject\",\"inLanguage\":\"en-US\",\"@id\":\"https:\\\/\\\/moldearte.com\\\/tratamiento\\\/barbie-care\\\/#primaryimage\",\"url\":\"https:\\\/\\\/moldearte.com\\\/wp-content\\\/uploads\\\/2024\\\/10\\\/rejuvenecimiento-express.png\",\"contentUrl\":\"https:\\\/\\\/moldearte.com\\\/wp-content\\\/uploads\\\/2024\\\/10\\\/rejuvenecimiento-express.png\",\"width\":1080,\"height\":1080},{\"@type\":\"BreadcrumbList\",\"@id\":\"https:\\\/\\\/moldearte.com\\\/tratamiento\\\/barbie-care\\\/#breadcrumb\",\"itemListElement\":[{\"@type\":\"ListItem\",\"position\":1,\"name\":\"Portada\",\"item\":\"https:\\\/\\\/moldearte.com\\\/\"},{\"@type\":\"ListItem\",\"position\":2,\"name\":\"Tienda\",\"item\":\"https:\\\/\\\/moldearte.com\\\/en\\\/tienda\\\/\"},{\"@type\":\"ListItem\",\"position\":3,\"name\":\"\ud83c\udf80 BARBIE CARE \ud83c\udf80\"}]},{\"@type\":\"WebSite\",\"@id\":\"https:\\\/\\\/moldearte.com\\\/#website\",\"url\":\"https:\\\/\\\/moldearte.com\\\/\",\"name\":\"MoldeArte | L\u00edderes en Medicina Est\u00e9tica en Tijuana y Rosarito\",\"description\":\"Rejuvenecimiento Facial y corporal sin cirug\u00eda\",\"publisher\":{\"@id\":\"https:\\\/\\\/moldearte.com\\\/#organization\"},\"potentialAction\":[{\"@type\":\"SearchAction\",\"target\":{\"@type\":\"EntryPoint\",\"urlTemplate\":\"https:\\\/\\\/moldearte.com\\\/?s={search_term_string}\"},\"query-input\":{\"@type\":\"PropertyValueSpecification\",\"valueRequired\":true,\"valueName\":\"search_term_string\"}}],\"inLanguage\":\"en-US\"},{\"@type\":\"Organization\",\"@id\":\"https:\\\/\\\/moldearte.com\\\/#organization\",\"name\":\"MoldeArte | L\u00edderes en Medicina Est\u00e9tica en Tijuana y Rosarito\",\"url\":\"https:\\\/\\\/moldearte.com\\\/\",\"logo\":{\"@type\":\"ImageObject\",\"inLanguage\":\"en-US\",\"@id\":\"https:\\\/\\\/moldearte.com\\\/#\\\/schema\\\/logo\\\/image\\\/\",\"url\":\"https:\\\/\\\/moldearte.com\\\/wp-content\\\/uploads\\\/2023\\\/01\\\/cropped-cropped-rejuvenecimiento-facial-sin-cirugia-tijuana.png\",\"contentUrl\":\"https:\\\/\\\/moldearte.com\\\/wp-content\\\/uploads\\\/2023\\\/01\\\/cropped-cropped-rejuvenecimiento-facial-sin-cirugia-tijuana.png\",\"width\":3255,\"height\":1059,\"caption\":\"MoldeArte | L\u00edderes en Medicina Est\u00e9tica en Tijuana y Rosarito\"},\"image\":{\"@id\":\"https:\\\/\\\/moldearte.com\\\/#\\\/schema\\\/logo\\\/image\\\/\"}}]}<\/script>\n<meta property=\"og:availability\" content=\"instock\" \/>\n<meta property=\"product:availability\" content=\"instock\" \/>\n<meta property=\"product:condition\" content=\"new\" \/>\n<!-- \/ Yoast SEO Premium plugin. -->","yoast_head_json":{"title":"\ud83c\udf80 BARBIE CARE \ud83c\udf80 - MoldeArte | L\u00edderes en Medicina Est\u00e9tica en Tijuana y Rosarito","robots":{"index":"index","follow":"follow","max-snippet":"max-snippet:-1","max-image-preview":"max-image-preview:large","max-video-preview":"max-video-preview:-1"},"canonical":"https:\/\/moldearte.com\/en\/tratamiento\/barbie-care\/","og_locale":"en_US","og_type":"article","og_title":"\ud83c\udf80 BARBIE CARE \ud83c\udf80","og_description":"\ud83c\udf80\u2728 Logra un look luminoso, definido y ultra femenino en una sola experiencia \u2728\ud83c\udf80 El paquete Barbie Care combina armonizaci\u00f3n facial y regeneraci\u00f3n integral para un resultado fresco y radiante. Incluye Toxina Botul\u00ednica en frente, entrecejo y l\u00edneas alrededor de los ojos, Plasma Rico en Plaquetas en rostro, una jeringuilla de \u00c1cido Hialur\u00f3nico para aumento o perfilado de labios y \ud83c\udf81 GRATIS Plasma Rico en Plaquetas en cuello, escote y manos. \ud83d\udc89\ud83d\udc96 \u00bfQu\u00e9 incluye el tratamiento? \ud83d\udc96 Barbie Care incluye: una aplicaci\u00f3n de Toxina Botul\u00ednica en frente, entrecejo y l\u00edneas alrededor de los ojos + una sesi\u00f3n de Plasma Rico en Plaquetas en rostro + una jeringuilla de \u00c1cido Hialur\u00f3nico EQFill\u00ae para el aumento o perfilado en labios + \ud83c\udf81 GRATIS UNA SESI\u00d3N DE PLASMA RICO EN PLAQUETAS EN CUELLO, ESCOTE Y MANOS (El regalo se incluir\u00e1 al momento de a\u00f1adir este tratamiento al carrito) *Cuenta con 60 d\u00edas para realizarse el tratamiento a partir de su compra","og_url":"https:\/\/moldearte.com\/en\/tratamiento\/barbie-care\/","og_site_name":"MoldeArte | L\u00edderes en Medicina Est\u00e9tica en Tijuana y Rosarito","article_modified_time":"2026-04-20T21:55:09+00:00","og_image":[{"width":1080,"height":1080,"url":"https:\/\/moldearte.com\/wp-content\/uploads\/2024\/10\/rejuvenecimiento-express.png","type":"image\/png"}],"twitter_card":"summary_large_image","twitter_misc":{"Availability":"In stock"},"schema":{"@context":"https:\/\/schema.org","@graph":[{"@type":"WebPage","@id":"https:\/\/moldearte.com\/tratamiento\/barbie-care\/","url":"https:\/\/moldearte.com\/tratamiento\/barbie-care\/","name":"\ud83c\udf80 BARBIE CARE \ud83c\udf80 - MoldeArte | L\u00edderes en Medicina Est\u00e9tica en Tijuana y Rosarito","isPartOf":{"@id":"https:\/\/moldearte.com\/#website"},"primaryImageOfPage":{"@id":"https:\/\/moldearte.com\/tratamiento\/barbie-care\/#primaryimage"},"image":{"@id":"https:\/\/moldearte.com\/tratamiento\/barbie-care\/#primaryimage"},"thumbnailUrl":"https:\/\/moldearte.com\/wp-content\/uploads\/2024\/10\/rejuvenecimiento-express.png","datePublished":"2026-04-20T21:53:02+00:00","dateModified":"2026-04-20T21:55:09+00:00","breadcrumb":{"@id":"https:\/\/moldearte.com\/tratamiento\/barbie-care\/#breadcrumb"},"inLanguage":"en-US","potentialAction":[{"@type":"ReadAction","target":["https:\/\/moldearte.com\/tratamiento\/barbie-care\/"]}]},{"@type":"ImageObject","inLanguage":"en-US","@id":"https:\/\/moldearte.com\/tratamiento\/barbie-care\/#primaryimage","url":"https:\/\/moldearte.com\/wp-content\/uploads\/2024\/10\/rejuvenecimiento-express.png","contentUrl":"https:\/\/moldearte.com\/wp-content\/uploads\/2024\/10\/rejuvenecimiento-express.png","width":1080,"height":1080},{"@type":"BreadcrumbList","@id":"https:\/\/moldearte.com\/tratamiento\/barbie-care\/#breadcrumb","itemListElement":[{"@type":"ListItem","position":1,"name":"Portada","item":"https:\/\/moldearte.com\/"},{"@type":"ListItem","position":2,"name":"Tienda","item":"https:\/\/moldearte.com\/en\/tienda\/"},{"@type":"ListItem","position":3,"name":"\ud83c\udf80 BARBIE CARE \ud83c\udf80"}]},{"@type":"WebSite","@id":"https:\/\/moldearte.com\/#website","url":"https:\/\/moldearte.com\/","name":"MoldeArte | L\u00edderes en Medicina Est\u00e9tica en Tijuana y Rosarito","description":"Rejuvenecimiento Facial y corporal sin cirug\u00eda","publisher":{"@id":"https:\/\/moldearte.com\/#organization"},"potentialAction":[{"@type":"SearchAction","target":{"@type":"EntryPoint","urlTemplate":"https:\/\/moldearte.com\/?s={search_term_string}"},"query-input":{"@type":"PropertyValueSpecification","valueRequired":true,"valueName":"search_term_string"}}],"inLanguage":"en-US"},{"@type":"Organization","@id":"https:\/\/moldearte.com\/#organization","name":"MoldeArte | L\u00edderes en Medicina Est\u00e9tica en Tijuana y Rosarito","url":"https:\/\/moldearte.com\/","logo":{"@type":"ImageObject","inLanguage":"en-US","@id":"https:\/\/moldearte.com\/#\/schema\/logo\/image\/","url":"https:\/\/moldearte.com\/wp-content\/uploads\/2023\/01\/cropped-cropped-rejuvenecimiento-facial-sin-cirugia-tijuana.png","contentUrl":"https:\/\/moldearte.com\/wp-content\/uploads\/2023\/01\/cropped-cropped-rejuvenecimiento-facial-sin-cirugia-tijuana.png","width":3255,"height":1059,"caption":"MoldeArte | L\u00edderes en Medicina Est\u00e9tica en Tijuana y Rosarito"},"image":{"@id":"https:\/\/moldearte.com\/#\/schema\/logo\/image\/"}}]},"og_availability":"instock","product_availability":"instock","product_condition":"new"},"_links":{"self":[{"href":"https:\/\/moldearte.com\/en\/wp-json\/wp\/v2\/product\/25446","targetHints":{"allow":["GET"]}}],"collection":[{"href":"https:\/\/moldearte.com\/en\/wp-json\/wp\/v2\/product"}],"about":[{"href":"https:\/\/moldearte.com\/en\/wp-json\/wp\/v2\/types\/product"}],"wp:featuredmedia":[{"embeddable":true,"href":"https:\/\/moldearte.com\/en\/wp-json\/wp\/v2\/media\/6854"}],"wp:attachment":[{"href":"https:\/\/moldearte.com\/en\/wp-json\/wp\/v2\/media?parent=25446"}],"wp:term":[{"taxonomy":"product_brand","embeddable":true,"href":"https:\/\/moldearte.com\/en\/wp-json\/wp\/v2\/product_brand?post=25446"},{"taxonomy":"product_cat","embeddable":true,"href":"https:\/\/moldearte.com\/en\/wp-json\/wp\/v2\/product_cat?post=25446"},{"taxonomy":"product_tag","embeddable":true,"href":"https:\/\/moldearte.com\/en\/wp-json\/wp\/v2\/product_tag?post=25446"},{"taxonomy":"giftcard-category","embeddable":true,"href":"https:\/\/moldearte.com\/en\/wp-json\/wp\/v2\/giftcard-category?post=25446"}],"curies":[{"name":"wp","href":"https:\/\/api.w.org\/{rel}","templated":true}]}}