{"id":25443,"date":"2026-04-20T14:43:49","date_gmt":"2026-04-20T21:43:49","guid":{"rendered":"https:\/\/moldearte.com\/?post_type=product&#038;p=25443"},"modified":"2026-04-20T14:43:50","modified_gmt":"2026-04-20T21:43:50","slug":"mom-me","status":"publish","type":"product","link":"https:\/\/moldearte.com\/en\/tratamiento\/mom-me\/","title":{"rendered":"MOM &#038; ME"},"content":{"rendered":"<p>Un Facial Restaurador incluye:<br \/>\n&#8211; Aromaterapia<br \/>\n- Surface cleaning to remove make-up residues and environmental contamination<br \/>\n&#8211; Segunda Limpieza Profunda con Gel o Espuma Limpiadora<br \/>\n&#8211; Exfoliaci\u00f3n y Tonificaci\u00f3n Cosmeceutica<br \/>\n&#8211; Producto Cosm\u00e9tico para abrir poros<br \/>\n&#8211; Extracci\u00f3n de puntos negros<br \/>\n&#8211; Aplicaci\u00f3n de Mascarilla Tensora<br \/>\n&#8211; Aplicaci\u00f3n de Gel Conductor Reafirmante<br \/>\n&#8211; Radiofrecuencia Reafirmante en rostro<br \/>\n&#8211; Tonificaci\u00f3n Cosmeceutica<br \/>\n&#8211; Aplicaci\u00f3n de Gel para el Contorno de Ojos<br \/>\n&#8211; Aplicaci\u00f3n de Crema Reafirmante<br \/>\n&#8211; Aplicaci\u00f3n de Pantalla Solar<\/p>","protected":false},"excerpt":{"rendered":"<p><strong>\u2728\ud83d\udc96 Comparte un momento especial mientras tu piel se renueva y brilla \ud83d\udc96\u2728<\/strong><br \/>\nEl paquete Mom &amp; Me est\u00e1 dise\u00f1ado para disfrutar en compa\u00f1\u00eda mientras cuidan su piel. Incluye 2 sesiones de Facial Restaurador, que hidratan, revitalizan y mejoran la textura del rostro, y \ud83c\udf81 GRATIS una sesi\u00f3n de Microdermoabrasi\u00f3n en rostro, ideal para renovar la piel y potenciar los resultados. \ud83c\udf38\ud83d\udc86\u200d\u2640\ufe0f<\/p>\n<h4>\u00bfQu\u00e9 incluye el tratamiento? \ud83d\udc96<\/h4>\n<p>Mom &amp; Me incluye: 2 sesiones de Facial Restaurador + \ud83c\udf81 <strong>GRATIS DOS SESIONES DE MICRODERMOABRASI\u00d3N EN ROSTRO<\/strong><br \/>\n<strong><span style=\"color: #0072bb;\">(El regalo se incluir\u00e1 al momento de a\u00f1adir este tratamiento al carrito)<\/span><\/strong><br \/>\n<span class=\"fontstyle0\"><span style=\"color: #ff914d;\"><strong>*Cuenta con 60 d\u00edas para realizarse el tratamiento a partir de su compra<\/strong><\/span><\/span><\/p>","protected":false},"featured_media":6316,"template":"","meta":[],"product_brand":[],"product_cat":[261,27],"product_tag":[],"giftcard-category":[],"class_list":{"0":"post-25443","1":"product","2":"type-product","3":"status-publish","4":"has-post-thumbnail","6":"product_cat-promoscosme","7":"product_cat-txcosmetologicos","9":"first","10":"instock","11":"sale","12":"virtual","13":"purchasable","14":"product-type-simple"},"yoast_head":"<!-- This site is optimized with the Yoast SEO Premium plugin v27.2 (Yoast SEO v27.4) - https:\/\/yoast.com\/product\/yoast-seo-premium-wordpress\/ -->\n<title>MOM &amp; ME - MoldeArte | L\u00edderes en Medicina Est\u00e9tica en Tijuana y Rosarito<\/title>\n<meta name=\"robots\" content=\"index, follow, max-snippet:-1, max-image-preview:large, max-video-preview:-1\" \/>\n<link rel=\"canonical\" href=\"https:\/\/moldearte.com\/en\/tratamiento\/mom-me\/\" \/>\n<meta property=\"og:locale\" content=\"en_US\" \/>\n<meta property=\"og:type\" content=\"article\" \/>\n<meta property=\"og:title\" content=\"MOM &amp; ME\" \/>\n<meta property=\"og:description\" content=\"\u2728\ud83d\udc96 Comparte un momento especial mientras tu piel se renueva y brilla \ud83d\udc96\u2728 El paquete Mom &amp; Me est\u00e1 dise\u00f1ado para disfrutar en compa\u00f1\u00eda mientras cuidan su piel. Incluye 2 sesiones de Facial Restaurador, que hidratan, revitalizan y mejoran la textura del rostro, y \ud83c\udf81 GRATIS una sesi\u00f3n de Microdermoabrasi\u00f3n en rostro, ideal para renovar la piel y potenciar los resultados. \ud83c\udf38\ud83d\udc86\u200d\u2640\ufe0f \u00bfQu\u00e9 incluye el tratamiento? \ud83d\udc96 Mom &amp; Me incluye: 2 sesiones de Facial Restaurador + \ud83c\udf81 GRATIS DOS SESIONES DE MICRODERMOABRASI\u00d3N EN ROSTRO (El regalo se incluir\u00e1 al momento de a\u00f1adir este tratamiento al carrito) *Cuenta con 60 d\u00edas para realizarse el tratamiento a partir de su compra\" \/>\n<meta property=\"og:url\" content=\"https:\/\/moldearte.com\/en\/tratamiento\/mom-me\/\" \/>\n<meta property=\"og:site_name\" content=\"MoldeArte | L\u00edderes en Medicina Est\u00e9tica en Tijuana y Rosarito\" \/>\n<meta property=\"article:modified_time\" content=\"2026-04-20T21:43:50+00:00\" \/>\n<meta property=\"og:image\" content=\"https:\/\/moldearte.com\/wp-content\/uploads\/2024\/09\/radiofrecuenciafacial.png\" \/>\n\t<meta property=\"og:image:width\" content=\"1080\" \/>\n\t<meta property=\"og:image:height\" content=\"1080\" \/>\n\t<meta property=\"og:image:type\" content=\"image\/png\" \/>\n<meta name=\"twitter:card\" content=\"summary_large_image\" \/>\n<meta name=\"twitter:label1\" content=\"Price\" \/>\n\t<meta name=\"twitter:data1\" content=\"&#036;1,300.00\" \/>\n\t<meta name=\"twitter:label2\" content=\"Availability\" \/>\n\t<meta name=\"twitter:data2\" content=\"In stock\" \/>\n<script type=\"application\/ld+json\" class=\"yoast-schema-graph\">{\"@context\":\"https:\\\/\\\/schema.org\",\"@graph\":[{\"@type\":\"WebPage\",\"@id\":\"https:\\\/\\\/moldearte.com\\\/tratamiento\\\/mom-me\\\/\",\"url\":\"https:\\\/\\\/moldearte.com\\\/tratamiento\\\/mom-me\\\/\",\"name\":\"MOM & ME - MoldeArte | L\u00edderes en Medicina Est\u00e9tica en Tijuana y Rosarito\",\"isPartOf\":{\"@id\":\"https:\\\/\\\/moldearte.com\\\/#website\"},\"primaryImageOfPage\":{\"@id\":\"https:\\\/\\\/moldearte.com\\\/tratamiento\\\/mom-me\\\/#primaryimage\"},\"image\":{\"@id\":\"https:\\\/\\\/moldearte.com\\\/tratamiento\\\/mom-me\\\/#primaryimage\"},\"thumbnailUrl\":\"https:\\\/\\\/moldearte.com\\\/wp-content\\\/uploads\\\/2024\\\/09\\\/radiofrecuenciafacial.png\",\"datePublished\":\"2026-04-20T21:43:49+00:00\",\"dateModified\":\"2026-04-20T21:43:50+00:00\",\"breadcrumb\":{\"@id\":\"https:\\\/\\\/moldearte.com\\\/tratamiento\\\/mom-me\\\/#breadcrumb\"},\"inLanguage\":\"en-US\",\"potentialAction\":[{\"@type\":\"ReadAction\",\"target\":[\"https:\\\/\\\/moldearte.com\\\/tratamiento\\\/mom-me\\\/\"]}]},{\"@type\":\"ImageObject\",\"inLanguage\":\"en-US\",\"@id\":\"https:\\\/\\\/moldearte.com\\\/tratamiento\\\/mom-me\\\/#primaryimage\",\"url\":\"https:\\\/\\\/moldearte.com\\\/wp-content\\\/uploads\\\/2024\\\/09\\\/radiofrecuenciafacial.png\",\"contentUrl\":\"https:\\\/\\\/moldearte.com\\\/wp-content\\\/uploads\\\/2024\\\/09\\\/radiofrecuenciafacial.png\",\"width\":1080,\"height\":1080},{\"@type\":\"BreadcrumbList\",\"@id\":\"https:\\\/\\\/moldearte.com\\\/tratamiento\\\/mom-me\\\/#breadcrumb\",\"itemListElement\":[{\"@type\":\"ListItem\",\"position\":1,\"name\":\"Portada\",\"item\":\"https:\\\/\\\/moldearte.com\\\/\"},{\"@type\":\"ListItem\",\"position\":2,\"name\":\"Tienda\",\"item\":\"https:\\\/\\\/moldearte.com\\\/en\\\/tienda\\\/\"},{\"@type\":\"ListItem\",\"position\":3,\"name\":\"MOM &#038; ME\"}]},{\"@type\":\"WebSite\",\"@id\":\"https:\\\/\\\/moldearte.com\\\/#website\",\"url\":\"https:\\\/\\\/moldearte.com\\\/\",\"name\":\"MoldeArte | L\u00edderes en Medicina Est\u00e9tica en Tijuana y Rosarito\",\"description\":\"Rejuvenecimiento Facial y corporal sin cirug\u00eda\",\"publisher\":{\"@id\":\"https:\\\/\\\/moldearte.com\\\/#organization\"},\"potentialAction\":[{\"@type\":\"SearchAction\",\"target\":{\"@type\":\"EntryPoint\",\"urlTemplate\":\"https:\\\/\\\/moldearte.com\\\/?s={search_term_string}\"},\"query-input\":{\"@type\":\"PropertyValueSpecification\",\"valueRequired\":true,\"valueName\":\"search_term_string\"}}],\"inLanguage\":\"en-US\"},{\"@type\":\"Organization\",\"@id\":\"https:\\\/\\\/moldearte.com\\\/#organization\",\"name\":\"MoldeArte | L\u00edderes en Medicina Est\u00e9tica en Tijuana y Rosarito\",\"url\":\"https:\\\/\\\/moldearte.com\\\/\",\"logo\":{\"@type\":\"ImageObject\",\"inLanguage\":\"en-US\",\"@id\":\"https:\\\/\\\/moldearte.com\\\/#\\\/schema\\\/logo\\\/image\\\/\",\"url\":\"https:\\\/\\\/moldearte.com\\\/wp-content\\\/uploads\\\/2023\\\/01\\\/cropped-cropped-rejuvenecimiento-facial-sin-cirugia-tijuana.png\",\"contentUrl\":\"https:\\\/\\\/moldearte.com\\\/wp-content\\\/uploads\\\/2023\\\/01\\\/cropped-cropped-rejuvenecimiento-facial-sin-cirugia-tijuana.png\",\"width\":3255,\"height\":1059,\"caption\":\"MoldeArte | L\u00edderes en Medicina Est\u00e9tica en Tijuana y Rosarito\"},\"image\":{\"@id\":\"https:\\\/\\\/moldearte.com\\\/#\\\/schema\\\/logo\\\/image\\\/\"}}]}<\/script>\n<meta property=\"product:price:amount\" content=\"1300.00\" \/>\n<meta property=\"product:price:currency\" content=\"MXN\" \/>\n<meta property=\"og:availability\" content=\"instock\" \/>\n<meta property=\"product:availability\" content=\"instock\" \/>\n<meta property=\"product:condition\" content=\"new\" \/>\n<!-- \/ Yoast SEO Premium plugin. -->","yoast_head_json":{"title":"MOM & ME - MoldeArte | L\u00edderes en Medicina Est\u00e9tica en Tijuana y Rosarito","robots":{"index":"index","follow":"follow","max-snippet":"max-snippet:-1","max-image-preview":"max-image-preview:large","max-video-preview":"max-video-preview:-1"},"canonical":"https:\/\/moldearte.com\/en\/tratamiento\/mom-me\/","og_locale":"en_US","og_type":"article","og_title":"MOM & ME","og_description":"\u2728\ud83d\udc96 Comparte un momento especial mientras tu piel se renueva y brilla \ud83d\udc96\u2728 El paquete Mom &amp; Me est\u00e1 dise\u00f1ado para disfrutar en compa\u00f1\u00eda mientras cuidan su piel. Incluye 2 sesiones de Facial Restaurador, que hidratan, revitalizan y mejoran la textura del rostro, y \ud83c\udf81 GRATIS una sesi\u00f3n de Microdermoabrasi\u00f3n en rostro, ideal para renovar la piel y potenciar los resultados. \ud83c\udf38\ud83d\udc86\u200d\u2640\ufe0f \u00bfQu\u00e9 incluye el tratamiento? \ud83d\udc96 Mom &amp; Me incluye: 2 sesiones de Facial Restaurador + \ud83c\udf81 GRATIS DOS SESIONES DE MICRODERMOABRASI\u00d3N EN ROSTRO (El regalo se incluir\u00e1 al momento de a\u00f1adir este tratamiento al carrito) *Cuenta con 60 d\u00edas para realizarse el tratamiento a partir de su compra","og_url":"https:\/\/moldearte.com\/en\/tratamiento\/mom-me\/","og_site_name":"MoldeArte | L\u00edderes en Medicina Est\u00e9tica en Tijuana y Rosarito","article_modified_time":"2026-04-20T21:43:50+00:00","og_image":[{"width":1080,"height":1080,"url":"https:\/\/moldearte.com\/wp-content\/uploads\/2024\/09\/radiofrecuenciafacial.png","type":"image\/png"}],"twitter_card":"summary_large_image","twitter_misc":{"Price":"&#36;1,300.00","Availability":"In stock"},"schema":{"@context":"https:\/\/schema.org","@graph":[{"@type":"WebPage","@id":"https:\/\/moldearte.com\/tratamiento\/mom-me\/","url":"https:\/\/moldearte.com\/tratamiento\/mom-me\/","name":"MOM & ME - MoldeArte | L\u00edderes en Medicina Est\u00e9tica en Tijuana y Rosarito","isPartOf":{"@id":"https:\/\/moldearte.com\/#website"},"primaryImageOfPage":{"@id":"https:\/\/moldearte.com\/tratamiento\/mom-me\/#primaryimage"},"image":{"@id":"https:\/\/moldearte.com\/tratamiento\/mom-me\/#primaryimage"},"thumbnailUrl":"https:\/\/moldearte.com\/wp-content\/uploads\/2024\/09\/radiofrecuenciafacial.png","datePublished":"2026-04-20T21:43:49+00:00","dateModified":"2026-04-20T21:43:50+00:00","breadcrumb":{"@id":"https:\/\/moldearte.com\/tratamiento\/mom-me\/#breadcrumb"},"inLanguage":"en-US","potentialAction":[{"@type":"ReadAction","target":["https:\/\/moldearte.com\/tratamiento\/mom-me\/"]}]},{"@type":"ImageObject","inLanguage":"en-US","@id":"https:\/\/moldearte.com\/tratamiento\/mom-me\/#primaryimage","url":"https:\/\/moldearte.com\/wp-content\/uploads\/2024\/09\/radiofrecuenciafacial.png","contentUrl":"https:\/\/moldearte.com\/wp-content\/uploads\/2024\/09\/radiofrecuenciafacial.png","width":1080,"height":1080},{"@type":"BreadcrumbList","@id":"https:\/\/moldearte.com\/tratamiento\/mom-me\/#breadcrumb","itemListElement":[{"@type":"ListItem","position":1,"name":"Portada","item":"https:\/\/moldearte.com\/"},{"@type":"ListItem","position":2,"name":"Tienda","item":"https:\/\/moldearte.com\/en\/tienda\/"},{"@type":"ListItem","position":3,"name":"MOM &#038; ME"}]},{"@type":"WebSite","@id":"https:\/\/moldearte.com\/#website","url":"https:\/\/moldearte.com\/","name":"MoldeArte | L\u00edderes en Medicina Est\u00e9tica en Tijuana y Rosarito","description":"Rejuvenecimiento Facial y corporal sin cirug\u00eda","publisher":{"@id":"https:\/\/moldearte.com\/#organization"},"potentialAction":[{"@type":"SearchAction","target":{"@type":"EntryPoint","urlTemplate":"https:\/\/moldearte.com\/?s={search_term_string}"},"query-input":{"@type":"PropertyValueSpecification","valueRequired":true,"valueName":"search_term_string"}}],"inLanguage":"en-US"},{"@type":"Organization","@id":"https:\/\/moldearte.com\/#organization","name":"MoldeArte | L\u00edderes en Medicina Est\u00e9tica en Tijuana y Rosarito","url":"https:\/\/moldearte.com\/","logo":{"@type":"ImageObject","inLanguage":"en-US","@id":"https:\/\/moldearte.com\/#\/schema\/logo\/image\/","url":"https:\/\/moldearte.com\/wp-content\/uploads\/2023\/01\/cropped-cropped-rejuvenecimiento-facial-sin-cirugia-tijuana.png","contentUrl":"https:\/\/moldearte.com\/wp-content\/uploads\/2023\/01\/cropped-cropped-rejuvenecimiento-facial-sin-cirugia-tijuana.png","width":3255,"height":1059,"caption":"MoldeArte | L\u00edderes en Medicina Est\u00e9tica en Tijuana y Rosarito"},"image":{"@id":"https:\/\/moldearte.com\/#\/schema\/logo\/image\/"}}]},"product_price_amount":"1300.00","product_price_currency":"MXN","og_availability":"instock","product_availability":"instock","product_condition":"new"},"_links":{"self":[{"href":"https:\/\/moldearte.com\/en\/wp-json\/wp\/v2\/product\/25443","targetHints":{"allow":["GET"]}}],"collection":[{"href":"https:\/\/moldearte.com\/en\/wp-json\/wp\/v2\/product"}],"about":[{"href":"https:\/\/moldearte.com\/en\/wp-json\/wp\/v2\/types\/product"}],"wp:featuredmedia":[{"embeddable":true,"href":"https:\/\/moldearte.com\/en\/wp-json\/wp\/v2\/media\/6316"}],"wp:attachment":[{"href":"https:\/\/moldearte.com\/en\/wp-json\/wp\/v2\/media?parent=25443"}],"wp:term":[{"taxonomy":"product_brand","embeddable":true,"href":"https:\/\/moldearte.com\/en\/wp-json\/wp\/v2\/product_brand?post=25443"},{"taxonomy":"product_cat","embeddable":true,"href":"https:\/\/moldearte.com\/en\/wp-json\/wp\/v2\/product_cat?post=25443"},{"taxonomy":"product_tag","embeddable":true,"href":"https:\/\/moldearte.com\/en\/wp-json\/wp\/v2\/product_tag?post=25443"},{"taxonomy":"giftcard-category","embeddable":true,"href":"https:\/\/moldearte.com\/en\/wp-json\/wp\/v2\/giftcard-category?post=25443"}],"curies":[{"name":"wp","href":"https:\/\/api.w.org\/{rel}","templated":true}]}}