{"id":25054,"date":"2026-04-06T12:12:24","date_gmt":"2026-04-06T19:12:24","guid":{"rendered":"https:\/\/moldearte.com\/?post_type=product&#038;p=25054"},"modified":"2026-04-06T12:12:25","modified_gmt":"2026-04-06T19:12:25","slug":"facial-de-limpieza-profunda-al-2x1","status":"publish","type":"product","link":"https:\/\/moldearte.com\/en\/tratamiento\/facial-de-limpieza-profunda-al-2x1\/","title":{"rendered":"FACIAL DE LIMPIEZA PROFUNDA AL 2X1"},"content":{"rendered":"<p>Un Facial de Limpieza Profunda incluye:<br \/>\n&#8211; Aromaterapia<br \/>\n- Surface cleaning to remove make-up residues and environmental contamination<br \/>\n&#8211; Segunda Limpieza Profunda con Gel o Espuma Limpiadora<br \/>\n&#8211; Exfoliaci\u00f3n y Tonificaci\u00f3n Cosmeceutica<br \/>\n&#8211; Producto Cosm\u00e9tico para abrir poros<br \/>\n&#8211; Extracci\u00f3n de puntos negros<br \/>\n&#8211; Aplicaci\u00f3n de Mascarilla Regenerante con Arcilla y Fango<br \/>\n- Application of Treatment Cream and Sunscreen<\/p>","protected":false},"excerpt":{"rendered":"<p>\u00bfTu piel necesita una limpieza a fondo para lucir fresca y radiante? \ud83c\udf1f El Facial de Limpieza Profunda es el tratamiento ideal para eliminar impurezas, desobstruir poros y revitalizar tu cutis. Utilizando t\u00e9cnicas avanzadas y productos de alta calidad, este facial deja tu piel limpia, suave y luminosa, lista para enfrentar el d\u00eda con confianza. \ud83d\udc96<\/p>\n<h4>\u00bfQu\u00e9 incluye el tratamiento? \ud83d\udc96<\/h4>\n<p>Dos sesiones de Facial con extracci\u00f3n de puntos negros y mascarilla regenerante con arcilla y fango.<br \/>\nPromoci\u00f3n v\u00e1lida para una o dos personas (Deber\u00e1n acudir en la misma sucursal, fecha y horario si es en d\u00fao)<br \/>\n<span class=\"fontstyle0\"><span style=\"color: #ff914d;\"><strong>*Cuenta con 60 d\u00edas para realizarse el tratamiento a partir de su compra<\/strong><\/span><\/span><\/p>","protected":false},"featured_media":260,"template":"","meta":[],"product_brand":[],"product_cat":[261,27],"product_tag":[],"giftcard-category":[],"class_list":{"0":"post-25054","1":"product","2":"type-product","3":"status-publish","4":"has-post-thumbnail","6":"product_cat-promoscosme","7":"product_cat-txcosmetologicos","9":"first","10":"instock","11":"sale","12":"virtual","13":"purchasable","14":"product-type-simple"},"yoast_head":"<!-- This site is optimized with the Yoast SEO Premium plugin v27.2 (Yoast SEO v27.3) - https:\/\/yoast.com\/product\/yoast-seo-premium-wordpress\/ -->\n<title>FACIAL DE LIMPIEZA PROFUNDA AL 2X1 - MoldeArte | L\u00edderes en Medicina Est\u00e9tica en Tijuana y Rosarito<\/title>\n<meta name=\"robots\" content=\"index, follow, max-snippet:-1, max-image-preview:large, max-video-preview:-1\" \/>\n<link rel=\"canonical\" href=\"https:\/\/moldearte.com\/en\/tratamiento\/facial-de-limpieza-profunda-al-2x1\/\" \/>\n<meta property=\"og:locale\" content=\"en_US\" \/>\n<meta property=\"og:type\" content=\"article\" \/>\n<meta property=\"og:title\" content=\"FACIAL DE LIMPIEZA PROFUNDA AL 2X1\" \/>\n<meta property=\"og:description\" content=\"\u00bfTu piel necesita una limpieza a fondo para lucir fresca y radiante? \ud83c\udf1f El Facial de Limpieza Profunda es el tratamiento ideal para eliminar impurezas, desobstruir poros y revitalizar tu cutis. Utilizando t\u00e9cnicas avanzadas y productos de alta calidad, este facial deja tu piel limpia, suave y luminosa, lista para enfrentar el d\u00eda con confianza. \ud83d\udc96 \u00bfQu\u00e9 incluye el tratamiento? \ud83d\udc96 Dos sesiones de Facial con extracci\u00f3n de puntos negros y mascarilla regenerante con arcilla y fango. Promoci\u00f3n v\u00e1lida para una o dos personas (Deber\u00e1n acudir en la misma sucursal, fecha y horario si es en d\u00fao) *Cuenta con 60 d\u00edas para realizarse el tratamiento a partir de su compra\" \/>\n<meta property=\"og:url\" content=\"https:\/\/moldearte.com\/en\/tratamiento\/facial-de-limpieza-profunda-al-2x1\/\" \/>\n<meta property=\"og:site_name\" content=\"MoldeArte | L\u00edderes en Medicina Est\u00e9tica en Tijuana y Rosarito\" \/>\n<meta property=\"article:modified_time\" content=\"2026-04-06T19:12:25+00:00\" \/>\n<meta property=\"og:image\" content=\"https:\/\/moldearte.com\/wp-content\/uploads\/2023\/01\/facial-limpieza-profnda-tijuana.png\" \/>\n\t<meta property=\"og:image:width\" content=\"1080\" \/>\n\t<meta property=\"og:image:height\" content=\"1080\" \/>\n\t<meta property=\"og:image:type\" content=\"image\/png\" \/>\n<meta name=\"twitter:card\" content=\"summary_large_image\" \/>\n<meta name=\"twitter:label1\" content=\"Price\" \/>\n\t<meta name=\"twitter:data1\" content=\"&#036;800.00\" \/>\n\t<meta name=\"twitter:label2\" content=\"Availability\" \/>\n\t<meta name=\"twitter:data2\" content=\"In stock\" \/>\n<script type=\"application\/ld+json\" class=\"yoast-schema-graph\">{\"@context\":\"https:\\\/\\\/schema.org\",\"@graph\":[{\"@type\":\"WebPage\",\"@id\":\"https:\\\/\\\/moldearte.com\\\/tratamiento\\\/facial-de-limpieza-profunda-al-2x1\\\/\",\"url\":\"https:\\\/\\\/moldearte.com\\\/tratamiento\\\/facial-de-limpieza-profunda-al-2x1\\\/\",\"name\":\"FACIAL DE LIMPIEZA PROFUNDA AL 2X1 - MoldeArte | L\u00edderes en Medicina Est\u00e9tica en Tijuana y Rosarito\",\"isPartOf\":{\"@id\":\"https:\\\/\\\/moldearte.com\\\/#website\"},\"primaryImageOfPage\":{\"@id\":\"https:\\\/\\\/moldearte.com\\\/tratamiento\\\/facial-de-limpieza-profunda-al-2x1\\\/#primaryimage\"},\"image\":{\"@id\":\"https:\\\/\\\/moldearte.com\\\/tratamiento\\\/facial-de-limpieza-profunda-al-2x1\\\/#primaryimage\"},\"thumbnailUrl\":\"https:\\\/\\\/moldearte.com\\\/wp-content\\\/uploads\\\/2023\\\/01\\\/facial-limpieza-profnda-tijuana.png\",\"datePublished\":\"2026-04-06T19:12:24+00:00\",\"dateModified\":\"2026-04-06T19:12:25+00:00\",\"breadcrumb\":{\"@id\":\"https:\\\/\\\/moldearte.com\\\/tratamiento\\\/facial-de-limpieza-profunda-al-2x1\\\/#breadcrumb\"},\"inLanguage\":\"en-US\",\"potentialAction\":[{\"@type\":\"ReadAction\",\"target\":[\"https:\\\/\\\/moldearte.com\\\/tratamiento\\\/facial-de-limpieza-profunda-al-2x1\\\/\"]}]},{\"@type\":\"ImageObject\",\"inLanguage\":\"en-US\",\"@id\":\"https:\\\/\\\/moldearte.com\\\/tratamiento\\\/facial-de-limpieza-profunda-al-2x1\\\/#primaryimage\",\"url\":\"https:\\\/\\\/moldearte.com\\\/wp-content\\\/uploads\\\/2023\\\/01\\\/facial-limpieza-profnda-tijuana.png\",\"contentUrl\":\"https:\\\/\\\/moldearte.com\\\/wp-content\\\/uploads\\\/2023\\\/01\\\/facial-limpieza-profnda-tijuana.png\",\"width\":1080,\"height\":1080,\"caption\":\"Facial de Limpieza Profunda en Tijuana y Rosarito\"},{\"@type\":\"BreadcrumbList\",\"@id\":\"https:\\\/\\\/moldearte.com\\\/tratamiento\\\/facial-de-limpieza-profunda-al-2x1\\\/#breadcrumb\",\"itemListElement\":[{\"@type\":\"ListItem\",\"position\":1,\"name\":\"Portada\",\"item\":\"https:\\\/\\\/moldearte.com\\\/\"},{\"@type\":\"ListItem\",\"position\":2,\"name\":\"Tienda\",\"item\":\"https:\\\/\\\/moldearte.com\\\/en\\\/tienda\\\/\"},{\"@type\":\"ListItem\",\"position\":3,\"name\":\"FACIAL DE LIMPIEZA PROFUNDA AL 2X1\"}]},{\"@type\":\"WebSite\",\"@id\":\"https:\\\/\\\/moldearte.com\\\/#website\",\"url\":\"https:\\\/\\\/moldearte.com\\\/\",\"name\":\"MoldeArte | L\u00edderes en Medicina Est\u00e9tica en Tijuana y Rosarito\",\"description\":\"Rejuvenecimiento Facial y corporal sin cirug\u00eda\",\"publisher\":{\"@id\":\"https:\\\/\\\/moldearte.com\\\/#organization\"},\"potentialAction\":[{\"@type\":\"SearchAction\",\"target\":{\"@type\":\"EntryPoint\",\"urlTemplate\":\"https:\\\/\\\/moldearte.com\\\/?s={search_term_string}\"},\"query-input\":{\"@type\":\"PropertyValueSpecification\",\"valueRequired\":true,\"valueName\":\"search_term_string\"}}],\"inLanguage\":\"en-US\"},{\"@type\":\"Organization\",\"@id\":\"https:\\\/\\\/moldearte.com\\\/#organization\",\"name\":\"MoldeArte | L\u00edderes en Medicina Est\u00e9tica en Tijuana y Rosarito\",\"url\":\"https:\\\/\\\/moldearte.com\\\/\",\"logo\":{\"@type\":\"ImageObject\",\"inLanguage\":\"en-US\",\"@id\":\"https:\\\/\\\/moldearte.com\\\/#\\\/schema\\\/logo\\\/image\\\/\",\"url\":\"https:\\\/\\\/moldearte.com\\\/wp-content\\\/uploads\\\/2023\\\/01\\\/cropped-cropped-rejuvenecimiento-facial-sin-cirugia-tijuana.png\",\"contentUrl\":\"https:\\\/\\\/moldearte.com\\\/wp-content\\\/uploads\\\/2023\\\/01\\\/cropped-cropped-rejuvenecimiento-facial-sin-cirugia-tijuana.png\",\"width\":3255,\"height\":1059,\"caption\":\"MoldeArte | L\u00edderes en Medicina Est\u00e9tica en Tijuana y Rosarito\"},\"image\":{\"@id\":\"https:\\\/\\\/moldearte.com\\\/#\\\/schema\\\/logo\\\/image\\\/\"}}]}<\/script>\n<meta property=\"product:price:amount\" content=\"800.00\" \/>\n<meta property=\"product:price:currency\" content=\"MXN\" \/>\n<meta property=\"og:availability\" content=\"instock\" \/>\n<meta property=\"product:availability\" content=\"instock\" \/>\n<meta property=\"product:condition\" content=\"new\" \/>\n<!-- \/ Yoast SEO Premium plugin. -->","yoast_head_json":{"title":"FACIAL DE LIMPIEZA PROFUNDA AL 2X1 - MoldeArte | L\u00edderes en Medicina Est\u00e9tica en Tijuana y Rosarito","robots":{"index":"index","follow":"follow","max-snippet":"max-snippet:-1","max-image-preview":"max-image-preview:large","max-video-preview":"max-video-preview:-1"},"canonical":"https:\/\/moldearte.com\/en\/tratamiento\/facial-de-limpieza-profunda-al-2x1\/","og_locale":"en_US","og_type":"article","og_title":"FACIAL DE LIMPIEZA PROFUNDA AL 2X1","og_description":"\u00bfTu piel necesita una limpieza a fondo para lucir fresca y radiante? \ud83c\udf1f El Facial de Limpieza Profunda es el tratamiento ideal para eliminar impurezas, desobstruir poros y revitalizar tu cutis. Utilizando t\u00e9cnicas avanzadas y productos de alta calidad, este facial deja tu piel limpia, suave y luminosa, lista para enfrentar el d\u00eda con confianza. \ud83d\udc96 \u00bfQu\u00e9 incluye el tratamiento? \ud83d\udc96 Dos sesiones de Facial con extracci\u00f3n de puntos negros y mascarilla regenerante con arcilla y fango. Promoci\u00f3n v\u00e1lida para una o dos personas (Deber\u00e1n acudir en la misma sucursal, fecha y horario si es en d\u00fao) *Cuenta con 60 d\u00edas para realizarse el tratamiento a partir de su compra","og_url":"https:\/\/moldearte.com\/en\/tratamiento\/facial-de-limpieza-profunda-al-2x1\/","og_site_name":"MoldeArte | L\u00edderes en Medicina Est\u00e9tica en Tijuana y Rosarito","article_modified_time":"2026-04-06T19:12:25+00:00","og_image":[{"width":1080,"height":1080,"url":"https:\/\/moldearte.com\/wp-content\/uploads\/2023\/01\/facial-limpieza-profnda-tijuana.png","type":"image\/png"}],"twitter_card":"summary_large_image","twitter_misc":{"Price":"&#36;800.00","Availability":"In stock"},"schema":{"@context":"https:\/\/schema.org","@graph":[{"@type":"WebPage","@id":"https:\/\/moldearte.com\/tratamiento\/facial-de-limpieza-profunda-al-2x1\/","url":"https:\/\/moldearte.com\/tratamiento\/facial-de-limpieza-profunda-al-2x1\/","name":"FACIAL DE LIMPIEZA PROFUNDA AL 2X1 - MoldeArte | L\u00edderes en Medicina Est\u00e9tica en Tijuana y Rosarito","isPartOf":{"@id":"https:\/\/moldearte.com\/#website"},"primaryImageOfPage":{"@id":"https:\/\/moldearte.com\/tratamiento\/facial-de-limpieza-profunda-al-2x1\/#primaryimage"},"image":{"@id":"https:\/\/moldearte.com\/tratamiento\/facial-de-limpieza-profunda-al-2x1\/#primaryimage"},"thumbnailUrl":"https:\/\/moldearte.com\/wp-content\/uploads\/2023\/01\/facial-limpieza-profnda-tijuana.png","datePublished":"2026-04-06T19:12:24+00:00","dateModified":"2026-04-06T19:12:25+00:00","breadcrumb":{"@id":"https:\/\/moldearte.com\/tratamiento\/facial-de-limpieza-profunda-al-2x1\/#breadcrumb"},"inLanguage":"en-US","potentialAction":[{"@type":"ReadAction","target":["https:\/\/moldearte.com\/tratamiento\/facial-de-limpieza-profunda-al-2x1\/"]}]},{"@type":"ImageObject","inLanguage":"en-US","@id":"https:\/\/moldearte.com\/tratamiento\/facial-de-limpieza-profunda-al-2x1\/#primaryimage","url":"https:\/\/moldearte.com\/wp-content\/uploads\/2023\/01\/facial-limpieza-profnda-tijuana.png","contentUrl":"https:\/\/moldearte.com\/wp-content\/uploads\/2023\/01\/facial-limpieza-profnda-tijuana.png","width":1080,"height":1080,"caption":"Facial de Limpieza Profunda en Tijuana y Rosarito"},{"@type":"BreadcrumbList","@id":"https:\/\/moldearte.com\/tratamiento\/facial-de-limpieza-profunda-al-2x1\/#breadcrumb","itemListElement":[{"@type":"ListItem","position":1,"name":"Portada","item":"https:\/\/moldearte.com\/"},{"@type":"ListItem","position":2,"name":"Tienda","item":"https:\/\/moldearte.com\/en\/tienda\/"},{"@type":"ListItem","position":3,"name":"FACIAL DE LIMPIEZA PROFUNDA AL 2X1"}]},{"@type":"WebSite","@id":"https:\/\/moldearte.com\/#website","url":"https:\/\/moldearte.com\/","name":"MoldeArte | L\u00edderes en Medicina Est\u00e9tica en Tijuana y Rosarito","description":"Rejuvenecimiento Facial y corporal sin cirug\u00eda","publisher":{"@id":"https:\/\/moldearte.com\/#organization"},"potentialAction":[{"@type":"SearchAction","target":{"@type":"EntryPoint","urlTemplate":"https:\/\/moldearte.com\/?s={search_term_string}"},"query-input":{"@type":"PropertyValueSpecification","valueRequired":true,"valueName":"search_term_string"}}],"inLanguage":"en-US"},{"@type":"Organization","@id":"https:\/\/moldearte.com\/#organization","name":"MoldeArte | L\u00edderes en Medicina Est\u00e9tica en Tijuana y Rosarito","url":"https:\/\/moldearte.com\/","logo":{"@type":"ImageObject","inLanguage":"en-US","@id":"https:\/\/moldearte.com\/#\/schema\/logo\/image\/","url":"https:\/\/moldearte.com\/wp-content\/uploads\/2023\/01\/cropped-cropped-rejuvenecimiento-facial-sin-cirugia-tijuana.png","contentUrl":"https:\/\/moldearte.com\/wp-content\/uploads\/2023\/01\/cropped-cropped-rejuvenecimiento-facial-sin-cirugia-tijuana.png","width":3255,"height":1059,"caption":"MoldeArte | L\u00edderes en Medicina Est\u00e9tica en Tijuana y Rosarito"},"image":{"@id":"https:\/\/moldearte.com\/#\/schema\/logo\/image\/"}}]},"product_price_amount":"800.00","product_price_currency":"MXN","og_availability":"instock","product_availability":"instock","product_condition":"new"},"_links":{"self":[{"href":"https:\/\/moldearte.com\/en\/wp-json\/wp\/v2\/product\/25054","targetHints":{"allow":["GET"]}}],"collection":[{"href":"https:\/\/moldearte.com\/en\/wp-json\/wp\/v2\/product"}],"about":[{"href":"https:\/\/moldearte.com\/en\/wp-json\/wp\/v2\/types\/product"}],"wp:featuredmedia":[{"embeddable":true,"href":"https:\/\/moldearte.com\/en\/wp-json\/wp\/v2\/media\/260"}],"wp:attachment":[{"href":"https:\/\/moldearte.com\/en\/wp-json\/wp\/v2\/media?parent=25054"}],"wp:term":[{"taxonomy":"product_brand","embeddable":true,"href":"https:\/\/moldearte.com\/en\/wp-json\/wp\/v2\/product_brand?post=25054"},{"taxonomy":"product_cat","embeddable":true,"href":"https:\/\/moldearte.com\/en\/wp-json\/wp\/v2\/product_cat?post=25054"},{"taxonomy":"product_tag","embeddable":true,"href":"https:\/\/moldearte.com\/en\/wp-json\/wp\/v2\/product_tag?post=25054"},{"taxonomy":"giftcard-category","embeddable":true,"href":"https:\/\/moldearte.com\/en\/wp-json\/wp\/v2\/giftcard-category?post=25054"}],"curies":[{"name":"wp","href":"https:\/\/api.w.org\/{rel}","templated":true}]}}