{"id":24717,"date":"2026-03-24T08:37:52","date_gmt":"2026-03-24T15:37:52","guid":{"rendered":"https:\/\/moldearte.com\/?post_type=product&#038;p=24717"},"modified":"2026-04-20T13:33:15","modified_gmt":"2026-04-20T20:33:15","slug":"bioestimulador-caha-radiance","status":"publish","type":"product","link":"https:\/\/moldearte.com\/en\/tratamiento\/bioestimulador-caha-radiance\/","title":{"rendered":"BIOESTIMULADOR CAHA RADIANCE\u00ae"},"content":{"rendered":"<h4>\u00bfQui\u00e9n es candidato a ese tratamiento?<\/h4>\n<p>Personas que buscan mejorar la firmeza, textura y luminosidad de la piel, as\u00ed como prevenir o tratar signos de envejecimiento como flacidez y p\u00e9rdida de densidad.<\/p>\n<h4>Edad o tipo de piel ideal para realizarse el servicio<\/h4>\n<p>Recomendado a partir de los 30 a\u00f1os. Ideal para piel con p\u00e9rdida de firmeza, elasticidad o aspecto apagado.<\/p>\n<h4>Los principales 5 beneficios del tratamiento<\/h4>\n<p>\u2728 Estimula la producci\u00f3n natural de col\u00e1geno<br \/>\n\u2728 Mejora la firmeza y densidad de la piel<br \/>\n\u2728 Aporta luminosidad y efecto glow natural<br \/>\n\u2728 Refina la textura y calidad cut\u00e1nea<br \/>\n\u2728 Resultados progresivos y de larga duraci\u00f3n \ud83d\udc96<\/p>\n<p>\ud83c\udf3f Una opci\u00f3n ideal para reafirmar, iluminar y rejuvenecer la piel de forma natural y arm\u00f3nica.<\/p>","protected":false},"excerpt":{"rendered":"<p>\u2728\ud83d\udc8e Ilumina, reafirma y revitaliza tu piel con un efecto glow progresivo \ud83d\udc8e\u2728<br \/>\nEl\u00a0Bioestimulador CaHa Radiance\u00ae est\u00e1 formulado con hidroxiapatita de calcio, un activo que estimula la producci\u00f3n natural de col\u00e1geno mientras mejora la calidad, firmeza y luminosidad de la piel. Act\u00faa desde el interior para lograr un rostro m\u00e1s denso, firme y visiblemente rejuvenecido. \ud83d\udc89\ud83c\udf38<\/p>\n<h4>\u00bfQu\u00e9 incluye el tratamiento? \ud83d\udc96<\/h4>\n<p>Una jeringuilla de Bioestimulador CaHa Radiance\u00ae en rostro.<br \/>\n<span class=\"fontstyle0\"><span style=\"color: #ff914d;\"><strong>*Cuenta con 60 d\u00edas para realizarse el tratamiento a partir de su compra<\/strong><\/span><\/span><\/p>","protected":false},"featured_media":325,"template":"","meta":[],"product_brand":[],"product_cat":[240,262,23,26],"product_tag":[],"giftcard-category":[],"class_list":{"0":"post-24717","1":"product","2":"type-product","3":"status-publish","4":"has-post-thumbnail","6":"product_cat-anti-flacidez","7":"product_cat-promosmedicas","8":"product_cat-rejuvenecimientosincirugia","9":"product_cat-txmedicos","11":"first","12":"instock","13":"sale","14":"virtual","15":"purchasable","16":"product-type-simple"},"yoast_head":"<!-- This site is optimized with the Yoast SEO Premium plugin v27.2 (Yoast SEO v27.4) - https:\/\/yoast.com\/product\/yoast-seo-premium-wordpress\/ -->\n<title>BIOESTIMULADOR CAHA RADIANCE\u00ae - MoldeArte | L\u00edderes en Medicina Est\u00e9tica en Tijuana y Rosarito<\/title>\n<meta name=\"robots\" content=\"index, follow, max-snippet:-1, max-image-preview:large, max-video-preview:-1\" \/>\n<link rel=\"canonical\" href=\"https:\/\/moldearte.com\/en\/tratamiento\/bioestimulador-caha-radiance\/\" \/>\n<meta property=\"og:locale\" content=\"en_US\" \/>\n<meta property=\"og:type\" content=\"article\" \/>\n<meta property=\"og:title\" content=\"BIOESTIMULADOR CAHA RADIANCE\u00ae\" \/>\n<meta property=\"og:description\" content=\"\u2728\ud83d\udc8e Ilumina, reafirma y revitaliza tu piel con un efecto glow progresivo \ud83d\udc8e\u2728 El\u00a0Bioestimulador CaHa Radiance\u00ae est\u00e1 formulado con hidroxiapatita de calcio, un activo que estimula la producci\u00f3n natural de col\u00e1geno mientras mejora la calidad, firmeza y luminosidad de la piel. Act\u00faa desde el interior para lograr un rostro m\u00e1s denso, firme y visiblemente rejuvenecido. \ud83d\udc89\ud83c\udf38 \u00bfQu\u00e9 incluye el tratamiento? \ud83d\udc96 Una jeringuilla de Bioestimulador CaHa Radiance\u00ae en rostro. *Cuenta con 60 d\u00edas para realizarse el tratamiento a partir de su compra\" \/>\n<meta property=\"og:url\" content=\"https:\/\/moldearte.com\/en\/tratamiento\/bioestimulador-caha-radiance\/\" \/>\n<meta property=\"og:site_name\" content=\"MoldeArte | L\u00edderes en Medicina Est\u00e9tica en Tijuana y Rosarito\" \/>\n<meta property=\"article:modified_time\" content=\"2026-04-20T20:33:15+00:00\" \/>\n<meta property=\"og:image\" content=\"https:\/\/moldearte.com\/wp-content\/uploads\/2023\/01\/hilos-espiculados-tijuana.png\" \/>\n\t<meta property=\"og:image:width\" content=\"1080\" \/>\n\t<meta property=\"og:image:height\" content=\"1080\" \/>\n\t<meta property=\"og:image:type\" content=\"image\/png\" \/>\n<meta name=\"twitter:card\" content=\"summary_large_image\" \/>\n<meta name=\"twitter:label1\" content=\"Price\" \/>\n\t<meta name=\"twitter:data1\" content=\"&#036;6,300.00\" \/>\n\t<meta name=\"twitter:label2\" content=\"Availability\" \/>\n\t<meta name=\"twitter:data2\" content=\"In stock\" \/>\n<script type=\"application\/ld+json\" class=\"yoast-schema-graph\">{\"@context\":\"https:\\\/\\\/schema.org\",\"@graph\":[{\"@type\":\"WebPage\",\"@id\":\"https:\\\/\\\/moldearte.com\\\/tratamiento\\\/bioestimulador-caha-radiance\\\/\",\"url\":\"https:\\\/\\\/moldearte.com\\\/tratamiento\\\/bioestimulador-caha-radiance\\\/\",\"name\":\"BIOESTIMULADOR CAHA RADIANCE\u00ae - MoldeArte | L\u00edderes en Medicina Est\u00e9tica en Tijuana y Rosarito\",\"isPartOf\":{\"@id\":\"https:\\\/\\\/moldearte.com\\\/#website\"},\"primaryImageOfPage\":{\"@id\":\"https:\\\/\\\/moldearte.com\\\/tratamiento\\\/bioestimulador-caha-radiance\\\/#primaryimage\"},\"image\":{\"@id\":\"https:\\\/\\\/moldearte.com\\\/tratamiento\\\/bioestimulador-caha-radiance\\\/#primaryimage\"},\"thumbnailUrl\":\"https:\\\/\\\/moldearte.com\\\/wp-content\\\/uploads\\\/2023\\\/01\\\/hilos-espiculados-tijuana.png\",\"datePublished\":\"2026-03-24T15:37:52+00:00\",\"dateModified\":\"2026-04-20T20:33:15+00:00\",\"breadcrumb\":{\"@id\":\"https:\\\/\\\/moldearte.com\\\/tratamiento\\\/bioestimulador-caha-radiance\\\/#breadcrumb\"},\"inLanguage\":\"en-US\",\"potentialAction\":[{\"@type\":\"ReadAction\",\"target\":[\"https:\\\/\\\/moldearte.com\\\/tratamiento\\\/bioestimulador-caha-radiance\\\/\"]}]},{\"@type\":\"ImageObject\",\"inLanguage\":\"en-US\",\"@id\":\"https:\\\/\\\/moldearte.com\\\/tratamiento\\\/bioestimulador-caha-radiance\\\/#primaryimage\",\"url\":\"https:\\\/\\\/moldearte.com\\\/wp-content\\\/uploads\\\/2023\\\/01\\\/hilos-espiculados-tijuana.png\",\"contentUrl\":\"https:\\\/\\\/moldearte.com\\\/wp-content\\\/uploads\\\/2023\\\/01\\\/hilos-espiculados-tijuana.png\",\"width\":1080,\"height\":1080},{\"@type\":\"BreadcrumbList\",\"@id\":\"https:\\\/\\\/moldearte.com\\\/tratamiento\\\/bioestimulador-caha-radiance\\\/#breadcrumb\",\"itemListElement\":[{\"@type\":\"ListItem\",\"position\":1,\"name\":\"Portada\",\"item\":\"https:\\\/\\\/moldearte.com\\\/\"},{\"@type\":\"ListItem\",\"position\":2,\"name\":\"Tienda\",\"item\":\"https:\\\/\\\/moldearte.com\\\/en\\\/tienda\\\/\"},{\"@type\":\"ListItem\",\"position\":3,\"name\":\"BIOESTIMULADOR CAHA RADIANCE\u00ae\"}]},{\"@type\":\"WebSite\",\"@id\":\"https:\\\/\\\/moldearte.com\\\/#website\",\"url\":\"https:\\\/\\\/moldearte.com\\\/\",\"name\":\"MoldeArte | L\u00edderes en Medicina Est\u00e9tica en Tijuana y Rosarito\",\"description\":\"Rejuvenecimiento Facial y corporal sin cirug\u00eda\",\"publisher\":{\"@id\":\"https:\\\/\\\/moldearte.com\\\/#organization\"},\"potentialAction\":[{\"@type\":\"SearchAction\",\"target\":{\"@type\":\"EntryPoint\",\"urlTemplate\":\"https:\\\/\\\/moldearte.com\\\/?s={search_term_string}\"},\"query-input\":{\"@type\":\"PropertyValueSpecification\",\"valueRequired\":true,\"valueName\":\"search_term_string\"}}],\"inLanguage\":\"en-US\"},{\"@type\":\"Organization\",\"@id\":\"https:\\\/\\\/moldearte.com\\\/#organization\",\"name\":\"MoldeArte | L\u00edderes en Medicina Est\u00e9tica en Tijuana y Rosarito\",\"url\":\"https:\\\/\\\/moldearte.com\\\/\",\"logo\":{\"@type\":\"ImageObject\",\"inLanguage\":\"en-US\",\"@id\":\"https:\\\/\\\/moldearte.com\\\/#\\\/schema\\\/logo\\\/image\\\/\",\"url\":\"https:\\\/\\\/moldearte.com\\\/wp-content\\\/uploads\\\/2023\\\/01\\\/cropped-cropped-rejuvenecimiento-facial-sin-cirugia-tijuana.png\",\"contentUrl\":\"https:\\\/\\\/moldearte.com\\\/wp-content\\\/uploads\\\/2023\\\/01\\\/cropped-cropped-rejuvenecimiento-facial-sin-cirugia-tijuana.png\",\"width\":3255,\"height\":1059,\"caption\":\"MoldeArte | L\u00edderes en Medicina Est\u00e9tica en Tijuana y Rosarito\"},\"image\":{\"@id\":\"https:\\\/\\\/moldearte.com\\\/#\\\/schema\\\/logo\\\/image\\\/\"}}]}<\/script>\n<meta property=\"product:price:amount\" content=\"6300.00\" \/>\n<meta property=\"product:price:currency\" content=\"MXN\" \/>\n<meta property=\"og:availability\" content=\"instock\" \/>\n<meta property=\"product:availability\" content=\"instock\" \/>\n<meta property=\"product:condition\" content=\"new\" \/>\n<!-- \/ Yoast SEO Premium plugin. -->","yoast_head_json":{"title":"BIOESTIMULADOR CAHA RADIANCE\u00ae - MoldeArte | L\u00edderes en Medicina Est\u00e9tica en Tijuana y Rosarito","robots":{"index":"index","follow":"follow","max-snippet":"max-snippet:-1","max-image-preview":"max-image-preview:large","max-video-preview":"max-video-preview:-1"},"canonical":"https:\/\/moldearte.com\/en\/tratamiento\/bioestimulador-caha-radiance\/","og_locale":"en_US","og_type":"article","og_title":"BIOESTIMULADOR CAHA RADIANCE\u00ae","og_description":"\u2728\ud83d\udc8e Ilumina, reafirma y revitaliza tu piel con un efecto glow progresivo \ud83d\udc8e\u2728 El\u00a0Bioestimulador CaHa Radiance\u00ae est\u00e1 formulado con hidroxiapatita de calcio, un activo que estimula la producci\u00f3n natural de col\u00e1geno mientras mejora la calidad, firmeza y luminosidad de la piel. Act\u00faa desde el interior para lograr un rostro m\u00e1s denso, firme y visiblemente rejuvenecido. \ud83d\udc89\ud83c\udf38 \u00bfQu\u00e9 incluye el tratamiento? \ud83d\udc96 Una jeringuilla de Bioestimulador CaHa Radiance\u00ae en rostro. *Cuenta con 60 d\u00edas para realizarse el tratamiento a partir de su compra","og_url":"https:\/\/moldearte.com\/en\/tratamiento\/bioestimulador-caha-radiance\/","og_site_name":"MoldeArte | L\u00edderes en Medicina Est\u00e9tica en Tijuana y Rosarito","article_modified_time":"2026-04-20T20:33:15+00:00","og_image":[{"width":1080,"height":1080,"url":"https:\/\/moldearte.com\/wp-content\/uploads\/2023\/01\/hilos-espiculados-tijuana.png","type":"image\/png"}],"twitter_card":"summary_large_image","twitter_misc":{"Price":"&#36;6,300.00","Availability":"In stock"},"schema":{"@context":"https:\/\/schema.org","@graph":[{"@type":"WebPage","@id":"https:\/\/moldearte.com\/tratamiento\/bioestimulador-caha-radiance\/","url":"https:\/\/moldearte.com\/tratamiento\/bioestimulador-caha-radiance\/","name":"BIOESTIMULADOR CAHA RADIANCE\u00ae - MoldeArte | L\u00edderes en Medicina Est\u00e9tica en Tijuana y Rosarito","isPartOf":{"@id":"https:\/\/moldearte.com\/#website"},"primaryImageOfPage":{"@id":"https:\/\/moldearte.com\/tratamiento\/bioestimulador-caha-radiance\/#primaryimage"},"image":{"@id":"https:\/\/moldearte.com\/tratamiento\/bioestimulador-caha-radiance\/#primaryimage"},"thumbnailUrl":"https:\/\/moldearte.com\/wp-content\/uploads\/2023\/01\/hilos-espiculados-tijuana.png","datePublished":"2026-03-24T15:37:52+00:00","dateModified":"2026-04-20T20:33:15+00:00","breadcrumb":{"@id":"https:\/\/moldearte.com\/tratamiento\/bioestimulador-caha-radiance\/#breadcrumb"},"inLanguage":"en-US","potentialAction":[{"@type":"ReadAction","target":["https:\/\/moldearte.com\/tratamiento\/bioestimulador-caha-radiance\/"]}]},{"@type":"ImageObject","inLanguage":"en-US","@id":"https:\/\/moldearte.com\/tratamiento\/bioestimulador-caha-radiance\/#primaryimage","url":"https:\/\/moldearte.com\/wp-content\/uploads\/2023\/01\/hilos-espiculados-tijuana.png","contentUrl":"https:\/\/moldearte.com\/wp-content\/uploads\/2023\/01\/hilos-espiculados-tijuana.png","width":1080,"height":1080},{"@type":"BreadcrumbList","@id":"https:\/\/moldearte.com\/tratamiento\/bioestimulador-caha-radiance\/#breadcrumb","itemListElement":[{"@type":"ListItem","position":1,"name":"Portada","item":"https:\/\/moldearte.com\/"},{"@type":"ListItem","position":2,"name":"Tienda","item":"https:\/\/moldearte.com\/en\/tienda\/"},{"@type":"ListItem","position":3,"name":"BIOESTIMULADOR CAHA RADIANCE\u00ae"}]},{"@type":"WebSite","@id":"https:\/\/moldearte.com\/#website","url":"https:\/\/moldearte.com\/","name":"MoldeArte | L\u00edderes en Medicina Est\u00e9tica en Tijuana y Rosarito","description":"Rejuvenecimiento Facial y corporal sin cirug\u00eda","publisher":{"@id":"https:\/\/moldearte.com\/#organization"},"potentialAction":[{"@type":"SearchAction","target":{"@type":"EntryPoint","urlTemplate":"https:\/\/moldearte.com\/?s={search_term_string}"},"query-input":{"@type":"PropertyValueSpecification","valueRequired":true,"valueName":"search_term_string"}}],"inLanguage":"en-US"},{"@type":"Organization","@id":"https:\/\/moldearte.com\/#organization","name":"MoldeArte | L\u00edderes en Medicina Est\u00e9tica en Tijuana y Rosarito","url":"https:\/\/moldearte.com\/","logo":{"@type":"ImageObject","inLanguage":"en-US","@id":"https:\/\/moldearte.com\/#\/schema\/logo\/image\/","url":"https:\/\/moldearte.com\/wp-content\/uploads\/2023\/01\/cropped-cropped-rejuvenecimiento-facial-sin-cirugia-tijuana.png","contentUrl":"https:\/\/moldearte.com\/wp-content\/uploads\/2023\/01\/cropped-cropped-rejuvenecimiento-facial-sin-cirugia-tijuana.png","width":3255,"height":1059,"caption":"MoldeArte | L\u00edderes en Medicina Est\u00e9tica en Tijuana y Rosarito"},"image":{"@id":"https:\/\/moldearte.com\/#\/schema\/logo\/image\/"}}]},"product_price_amount":"6300.00","product_price_currency":"MXN","og_availability":"instock","product_availability":"instock","product_condition":"new"},"_links":{"self":[{"href":"https:\/\/moldearte.com\/en\/wp-json\/wp\/v2\/product\/24717","targetHints":{"allow":["GET"]}}],"collection":[{"href":"https:\/\/moldearte.com\/en\/wp-json\/wp\/v2\/product"}],"about":[{"href":"https:\/\/moldearte.com\/en\/wp-json\/wp\/v2\/types\/product"}],"wp:featuredmedia":[{"embeddable":true,"href":"https:\/\/moldearte.com\/en\/wp-json\/wp\/v2\/media\/325"}],"wp:attachment":[{"href":"https:\/\/moldearte.com\/en\/wp-json\/wp\/v2\/media?parent=24717"}],"wp:term":[{"taxonomy":"product_brand","embeddable":true,"href":"https:\/\/moldearte.com\/en\/wp-json\/wp\/v2\/product_brand?post=24717"},{"taxonomy":"product_cat","embeddable":true,"href":"https:\/\/moldearte.com\/en\/wp-json\/wp\/v2\/product_cat?post=24717"},{"taxonomy":"product_tag","embeddable":true,"href":"https:\/\/moldearte.com\/en\/wp-json\/wp\/v2\/product_tag?post=24717"},{"taxonomy":"giftcard-category","embeddable":true,"href":"https:\/\/moldearte.com\/en\/wp-json\/wp\/v2\/giftcard-category?post=24717"}],"curies":[{"name":"wp","href":"https:\/\/api.w.org\/{rel}","templated":true}]}}