{"id":24713,"date":"2026-03-24T08:27:37","date_gmt":"2026-03-24T15:27:37","guid":{"rendered":"https:\/\/moldearte.com\/?post_type=product&#038;p=24713"},"modified":"2026-04-20T13:37:38","modified_gmt":"2026-04-20T20:37:38","slug":"exosomas-capilares","status":"publish","type":"product","link":"https:\/\/moldearte.com\/en\/tratamiento\/exosomas-capilares\/","title":{"rendered":"EXOSOMAS CAPILARES"},"content":{"rendered":"<h4>\u00bfQui\u00e9n es candidato a ese tratamiento?<\/h4>\n<p>Personas con ca\u00edda capilar, adelgazamiento del cabello, baja densidad o debilitamiento del fol\u00edculo, as\u00ed como quienes buscan fortalecer barba o prevenir la p\u00e9rdida de cabello.<\/p>\n<h4>Edad o tipo de piel ideal para realizarse el servicio<\/h4>\n<p>Recomendado a partir de los 25 a\u00f1os. Ideal para todo tipo de cuero cabelludo, especialmente en casos de debilidad capilar, estr\u00e9s, cambios hormonales o envejecimiento.<\/p>\n<h4>Los principales 5 beneficios del tratamiento<\/h4>\n<p>\u2728 Estimula el crecimiento del cabello<br \/>\n\u2728 Fortalece los fol\u00edculos capilares<br \/>\n\u2728 Mejora la densidad y grosor del cabello<br \/>\n\u2728 Reduce la ca\u00edda y el debilitamiento<br \/>\n\u2728 Aporta vitalidad y apariencia saludable \ud83d\udc96<\/p>\n<p>\ud83c\udf38 Una excelente opci\u00f3n para recuperar un cabello m\u00e1s fuerte, abundante y lleno de vida.<\/p>","protected":false},"excerpt":{"rendered":"<p>\u2728\ud83d\udc87\u200d\u2640\ufe0f Activa el crecimiento de tu cabello y devu\u00e9lvele fuerza desde la ra\u00edz \ud83d\udc87\u200d\u2642\ufe0f\u2728<br \/>\nExosomas Capilares es un tratamiento avanzado que estimula los fol\u00edculos capilares mediante se\u00f1ales biol\u00f3gicas que favorecen la regeneraci\u00f3n, fortalecen el cuero cabelludo y mejoran la calidad del cabello. Ideal para impulsar crecimiento, densidad y vitalidad de forma progresiva. \ud83c\udf3f\ud83d\udc89<\/p>\n<h4>\u00bfQu\u00e9 incluye el tratamiento? \ud83d\udc96<\/h4>\n<p>Una aplicaci\u00f3n de Exosomas Capilares\u00ae ( 2.5 ML) enriquecidas con PDRN y factores de crecimiento del cuero cabelludo nutren profundamente el cuero cabelludo y el cabello, promoviendo fuerza, hidrataci\u00f3n y vitalidad.<br \/>\n<span class=\"fontstyle0\"><span style=\"color: #ff914d;\"><strong>*Cuenta con 60 d\u00edas para realizarse el tratamiento a partir de su compra<\/strong><\/span><\/span><\/p>","protected":false},"featured_media":8044,"template":"","meta":[],"product_brand":[],"product_cat":[246,262,26],"product_tag":[],"giftcard-category":[],"class_list":{"0":"post-24713","1":"product","2":"type-product","3":"status-publish","4":"has-post-thumbnail","6":"product_cat-crecimiento-folicular","7":"product_cat-promosmedicas","8":"product_cat-txmedicos","10":"first","11":"instock","12":"sale","13":"virtual","14":"purchasable","15":"product-type-simple"},"yoast_head":"<!-- This site is optimized with the Yoast SEO Premium plugin v27.2 (Yoast SEO v27.4) - https:\/\/yoast.com\/product\/yoast-seo-premium-wordpress\/ -->\n<title>EXOSOMAS CAPILARES - MoldeArte | L\u00edderes en Medicina Est\u00e9tica en Tijuana y Rosarito<\/title>\n<meta name=\"robots\" content=\"index, follow, max-snippet:-1, max-image-preview:large, max-video-preview:-1\" \/>\n<link rel=\"canonical\" href=\"https:\/\/moldearte.com\/en\/tratamiento\/exosomas-capilares\/\" \/>\n<meta property=\"og:locale\" content=\"en_US\" \/>\n<meta property=\"og:type\" content=\"article\" \/>\n<meta property=\"og:title\" content=\"EXOSOMAS CAPILARES\" \/>\n<meta property=\"og:description\" content=\"\u2728\ud83d\udc87\u200d\u2640\ufe0f Activa el crecimiento de tu cabello y devu\u00e9lvele fuerza desde la ra\u00edz \ud83d\udc87\u200d\u2642\ufe0f\u2728 Exosomas Capilares es un tratamiento avanzado que estimula los fol\u00edculos capilares mediante se\u00f1ales biol\u00f3gicas que favorecen la regeneraci\u00f3n, fortalecen el cuero cabelludo y mejoran la calidad del cabello. Ideal para impulsar crecimiento, densidad y vitalidad de forma progresiva. \ud83c\udf3f\ud83d\udc89 \u00bfQu\u00e9 incluye el tratamiento? \ud83d\udc96 Una aplicaci\u00f3n de Exosomas Capilares\u00ae ( 2.5 ML) enriquecidas con PDRN y factores de crecimiento del cuero cabelludo nutren profundamente el cuero cabelludo y el cabello, promoviendo fuerza, hidrataci\u00f3n y vitalidad. *Cuenta con 60 d\u00edas para realizarse el tratamiento a partir de su compra\" \/>\n<meta property=\"og:url\" content=\"https:\/\/moldearte.com\/en\/tratamiento\/exosomas-capilares\/\" \/>\n<meta property=\"og:site_name\" content=\"MoldeArte | L\u00edderes en Medicina Est\u00e9tica en Tijuana y Rosarito\" \/>\n<meta property=\"article:modified_time\" content=\"2026-04-20T20:37:38+00:00\" \/>\n<meta property=\"og:image\" content=\"https:\/\/moldearte.com\/wp-content\/uploads\/2024\/11\/capilar.png\" \/>\n\t<meta property=\"og:image:width\" content=\"1080\" \/>\n\t<meta property=\"og:image:height\" content=\"1080\" \/>\n\t<meta property=\"og:image:type\" content=\"image\/png\" \/>\n<meta name=\"twitter:card\" content=\"summary_large_image\" \/>\n<meta name=\"twitter:label1\" content=\"Price\" \/>\n\t<meta name=\"twitter:data1\" content=\"&#036;1,900.00\" \/>\n\t<meta name=\"twitter:label2\" content=\"Availability\" \/>\n\t<meta name=\"twitter:data2\" content=\"In stock\" \/>\n<script type=\"application\/ld+json\" class=\"yoast-schema-graph\">{\"@context\":\"https:\\\/\\\/schema.org\",\"@graph\":[{\"@type\":\"WebPage\",\"@id\":\"https:\\\/\\\/moldearte.com\\\/tratamiento\\\/exosomas-capilares\\\/\",\"url\":\"https:\\\/\\\/moldearte.com\\\/tratamiento\\\/exosomas-capilares\\\/\",\"name\":\"EXOSOMAS CAPILARES - MoldeArte | L\u00edderes en Medicina Est\u00e9tica en Tijuana y Rosarito\",\"isPartOf\":{\"@id\":\"https:\\\/\\\/moldearte.com\\\/#website\"},\"primaryImageOfPage\":{\"@id\":\"https:\\\/\\\/moldearte.com\\\/tratamiento\\\/exosomas-capilares\\\/#primaryimage\"},\"image\":{\"@id\":\"https:\\\/\\\/moldearte.com\\\/tratamiento\\\/exosomas-capilares\\\/#primaryimage\"},\"thumbnailUrl\":\"https:\\\/\\\/moldearte.com\\\/wp-content\\\/uploads\\\/2024\\\/11\\\/capilar.png\",\"datePublished\":\"2026-03-24T15:27:37+00:00\",\"dateModified\":\"2026-04-20T20:37:38+00:00\",\"breadcrumb\":{\"@id\":\"https:\\\/\\\/moldearte.com\\\/tratamiento\\\/exosomas-capilares\\\/#breadcrumb\"},\"inLanguage\":\"en-US\",\"potentialAction\":[{\"@type\":\"ReadAction\",\"target\":[\"https:\\\/\\\/moldearte.com\\\/tratamiento\\\/exosomas-capilares\\\/\"]}]},{\"@type\":\"ImageObject\",\"inLanguage\":\"en-US\",\"@id\":\"https:\\\/\\\/moldearte.com\\\/tratamiento\\\/exosomas-capilares\\\/#primaryimage\",\"url\":\"https:\\\/\\\/moldearte.com\\\/wp-content\\\/uploads\\\/2024\\\/11\\\/capilar.png\",\"contentUrl\":\"https:\\\/\\\/moldearte.com\\\/wp-content\\\/uploads\\\/2024\\\/11\\\/capilar.png\",\"width\":1080,\"height\":1080},{\"@type\":\"BreadcrumbList\",\"@id\":\"https:\\\/\\\/moldearte.com\\\/tratamiento\\\/exosomas-capilares\\\/#breadcrumb\",\"itemListElement\":[{\"@type\":\"ListItem\",\"position\":1,\"name\":\"Portada\",\"item\":\"https:\\\/\\\/moldearte.com\\\/\"},{\"@type\":\"ListItem\",\"position\":2,\"name\":\"Tienda\",\"item\":\"https:\\\/\\\/moldearte.com\\\/en\\\/tienda\\\/\"},{\"@type\":\"ListItem\",\"position\":3,\"name\":\"EXOSOMAS CAPILARES\"}]},{\"@type\":\"WebSite\",\"@id\":\"https:\\\/\\\/moldearte.com\\\/#website\",\"url\":\"https:\\\/\\\/moldearte.com\\\/\",\"name\":\"MoldeArte | L\u00edderes en Medicina Est\u00e9tica en Tijuana y Rosarito\",\"description\":\"Rejuvenecimiento Facial y corporal sin cirug\u00eda\",\"publisher\":{\"@id\":\"https:\\\/\\\/moldearte.com\\\/#organization\"},\"potentialAction\":[{\"@type\":\"SearchAction\",\"target\":{\"@type\":\"EntryPoint\",\"urlTemplate\":\"https:\\\/\\\/moldearte.com\\\/?s={search_term_string}\"},\"query-input\":{\"@type\":\"PropertyValueSpecification\",\"valueRequired\":true,\"valueName\":\"search_term_string\"}}],\"inLanguage\":\"en-US\"},{\"@type\":\"Organization\",\"@id\":\"https:\\\/\\\/moldearte.com\\\/#organization\",\"name\":\"MoldeArte | L\u00edderes en Medicina Est\u00e9tica en Tijuana y Rosarito\",\"url\":\"https:\\\/\\\/moldearte.com\\\/\",\"logo\":{\"@type\":\"ImageObject\",\"inLanguage\":\"en-US\",\"@id\":\"https:\\\/\\\/moldearte.com\\\/#\\\/schema\\\/logo\\\/image\\\/\",\"url\":\"https:\\\/\\\/moldearte.com\\\/wp-content\\\/uploads\\\/2023\\\/01\\\/cropped-cropped-rejuvenecimiento-facial-sin-cirugia-tijuana.png\",\"contentUrl\":\"https:\\\/\\\/moldearte.com\\\/wp-content\\\/uploads\\\/2023\\\/01\\\/cropped-cropped-rejuvenecimiento-facial-sin-cirugia-tijuana.png\",\"width\":3255,\"height\":1059,\"caption\":\"MoldeArte | L\u00edderes en Medicina Est\u00e9tica en Tijuana y Rosarito\"},\"image\":{\"@id\":\"https:\\\/\\\/moldearte.com\\\/#\\\/schema\\\/logo\\\/image\\\/\"}}]}<\/script>\n<meta property=\"product:price:amount\" content=\"1900.00\" \/>\n<meta property=\"product:price:currency\" content=\"MXN\" \/>\n<meta property=\"og:availability\" content=\"instock\" \/>\n<meta property=\"product:availability\" content=\"instock\" \/>\n<meta property=\"product:condition\" content=\"new\" \/>\n<!-- \/ Yoast SEO Premium plugin. -->","yoast_head_json":{"title":"EXOSOMAS CAPILARES - MoldeArte | L\u00edderes en Medicina Est\u00e9tica en Tijuana y Rosarito","robots":{"index":"index","follow":"follow","max-snippet":"max-snippet:-1","max-image-preview":"max-image-preview:large","max-video-preview":"max-video-preview:-1"},"canonical":"https:\/\/moldearte.com\/en\/tratamiento\/exosomas-capilares\/","og_locale":"en_US","og_type":"article","og_title":"EXOSOMAS CAPILARES","og_description":"\u2728\ud83d\udc87\u200d\u2640\ufe0f Activa el crecimiento de tu cabello y devu\u00e9lvele fuerza desde la ra\u00edz \ud83d\udc87\u200d\u2642\ufe0f\u2728 Exosomas Capilares es un tratamiento avanzado que estimula los fol\u00edculos capilares mediante se\u00f1ales biol\u00f3gicas que favorecen la regeneraci\u00f3n, fortalecen el cuero cabelludo y mejoran la calidad del cabello. Ideal para impulsar crecimiento, densidad y vitalidad de forma progresiva. \ud83c\udf3f\ud83d\udc89 \u00bfQu\u00e9 incluye el tratamiento? \ud83d\udc96 Una aplicaci\u00f3n de Exosomas Capilares\u00ae ( 2.5 ML) enriquecidas con PDRN y factores de crecimiento del cuero cabelludo nutren profundamente el cuero cabelludo y el cabello, promoviendo fuerza, hidrataci\u00f3n y vitalidad. *Cuenta con 60 d\u00edas para realizarse el tratamiento a partir de su compra","og_url":"https:\/\/moldearte.com\/en\/tratamiento\/exosomas-capilares\/","og_site_name":"MoldeArte | L\u00edderes en Medicina Est\u00e9tica en Tijuana y Rosarito","article_modified_time":"2026-04-20T20:37:38+00:00","og_image":[{"width":1080,"height":1080,"url":"https:\/\/moldearte.com\/wp-content\/uploads\/2024\/11\/capilar.png","type":"image\/png"}],"twitter_card":"summary_large_image","twitter_misc":{"Price":"&#36;1,900.00","Availability":"In stock"},"schema":{"@context":"https:\/\/schema.org","@graph":[{"@type":"WebPage","@id":"https:\/\/moldearte.com\/tratamiento\/exosomas-capilares\/","url":"https:\/\/moldearte.com\/tratamiento\/exosomas-capilares\/","name":"EXOSOMAS CAPILARES - MoldeArte | L\u00edderes en Medicina Est\u00e9tica en Tijuana y Rosarito","isPartOf":{"@id":"https:\/\/moldearte.com\/#website"},"primaryImageOfPage":{"@id":"https:\/\/moldearte.com\/tratamiento\/exosomas-capilares\/#primaryimage"},"image":{"@id":"https:\/\/moldearte.com\/tratamiento\/exosomas-capilares\/#primaryimage"},"thumbnailUrl":"https:\/\/moldearte.com\/wp-content\/uploads\/2024\/11\/capilar.png","datePublished":"2026-03-24T15:27:37+00:00","dateModified":"2026-04-20T20:37:38+00:00","breadcrumb":{"@id":"https:\/\/moldearte.com\/tratamiento\/exosomas-capilares\/#breadcrumb"},"inLanguage":"en-US","potentialAction":[{"@type":"ReadAction","target":["https:\/\/moldearte.com\/tratamiento\/exosomas-capilares\/"]}]},{"@type":"ImageObject","inLanguage":"en-US","@id":"https:\/\/moldearte.com\/tratamiento\/exosomas-capilares\/#primaryimage","url":"https:\/\/moldearte.com\/wp-content\/uploads\/2024\/11\/capilar.png","contentUrl":"https:\/\/moldearte.com\/wp-content\/uploads\/2024\/11\/capilar.png","width":1080,"height":1080},{"@type":"BreadcrumbList","@id":"https:\/\/moldearte.com\/tratamiento\/exosomas-capilares\/#breadcrumb","itemListElement":[{"@type":"ListItem","position":1,"name":"Portada","item":"https:\/\/moldearte.com\/"},{"@type":"ListItem","position":2,"name":"Tienda","item":"https:\/\/moldearte.com\/en\/tienda\/"},{"@type":"ListItem","position":3,"name":"EXOSOMAS CAPILARES"}]},{"@type":"WebSite","@id":"https:\/\/moldearte.com\/#website","url":"https:\/\/moldearte.com\/","name":"MoldeArte | L\u00edderes en Medicina Est\u00e9tica en Tijuana y Rosarito","description":"Rejuvenecimiento Facial y corporal sin cirug\u00eda","publisher":{"@id":"https:\/\/moldearte.com\/#organization"},"potentialAction":[{"@type":"SearchAction","target":{"@type":"EntryPoint","urlTemplate":"https:\/\/moldearte.com\/?s={search_term_string}"},"query-input":{"@type":"PropertyValueSpecification","valueRequired":true,"valueName":"search_term_string"}}],"inLanguage":"en-US"},{"@type":"Organization","@id":"https:\/\/moldearte.com\/#organization","name":"MoldeArte | L\u00edderes en Medicina Est\u00e9tica en Tijuana y Rosarito","url":"https:\/\/moldearte.com\/","logo":{"@type":"ImageObject","inLanguage":"en-US","@id":"https:\/\/moldearte.com\/#\/schema\/logo\/image\/","url":"https:\/\/moldearte.com\/wp-content\/uploads\/2023\/01\/cropped-cropped-rejuvenecimiento-facial-sin-cirugia-tijuana.png","contentUrl":"https:\/\/moldearte.com\/wp-content\/uploads\/2023\/01\/cropped-cropped-rejuvenecimiento-facial-sin-cirugia-tijuana.png","width":3255,"height":1059,"caption":"MoldeArte | L\u00edderes en Medicina Est\u00e9tica en Tijuana y Rosarito"},"image":{"@id":"https:\/\/moldearte.com\/#\/schema\/logo\/image\/"}}]},"product_price_amount":"1900.00","product_price_currency":"MXN","og_availability":"instock","product_availability":"instock","product_condition":"new"},"_links":{"self":[{"href":"https:\/\/moldearte.com\/en\/wp-json\/wp\/v2\/product\/24713","targetHints":{"allow":["GET"]}}],"collection":[{"href":"https:\/\/moldearte.com\/en\/wp-json\/wp\/v2\/product"}],"about":[{"href":"https:\/\/moldearte.com\/en\/wp-json\/wp\/v2\/types\/product"}],"wp:featuredmedia":[{"embeddable":true,"href":"https:\/\/moldearte.com\/en\/wp-json\/wp\/v2\/media\/8044"}],"wp:attachment":[{"href":"https:\/\/moldearte.com\/en\/wp-json\/wp\/v2\/media?parent=24713"}],"wp:term":[{"taxonomy":"product_brand","embeddable":true,"href":"https:\/\/moldearte.com\/en\/wp-json\/wp\/v2\/product_brand?post=24713"},{"taxonomy":"product_cat","embeddable":true,"href":"https:\/\/moldearte.com\/en\/wp-json\/wp\/v2\/product_cat?post=24713"},{"taxonomy":"product_tag","embeddable":true,"href":"https:\/\/moldearte.com\/en\/wp-json\/wp\/v2\/product_tag?post=24713"},{"taxonomy":"giftcard-category","embeddable":true,"href":"https:\/\/moldearte.com\/en\/wp-json\/wp\/v2\/giftcard-category?post=24713"}],"curies":[{"name":"wp","href":"https:\/\/api.w.org\/{rel}","templated":true}]}}