{"id":24710,"date":"2026-03-24T08:19:00","date_gmt":"2026-03-24T15:19:00","guid":{"rendered":"https:\/\/moldearte.com\/?post_type=product&#038;p=24710"},"modified":"2026-04-20T13:29:57","modified_gmt":"2026-04-20T20:29:57","slug":"xoxo-kit","status":"publish","type":"product","link":"https:\/\/moldearte.com\/en\/tratamiento\/xoxo-kit\/","title":{"rendered":"XOXO KIT"},"content":{"rendered":"<h4>\u00bfQui\u00e9n es candidato a ese tratamiento?<\/h4>\n<p>Personas que desean suavizar l\u00edneas de expresi\u00f3n de forma sutil, realzar labios y mejorar la calidad de la piel en una sola experiencia.<\/p>\n<h4>Edad o tipo de piel ideal para realizarse el servicio<\/h4>\n<p>Recomendado a partir de los 25 a\u00f1os. Apto para todo tipo de piel, especialmente piel con primeras l\u00edneas, poros obstruidos o falta de luminosidad.<\/p>\n<h4>Los principales 5 beneficios del tratamiento<\/h4>\n<p>\u2728 Suaviza l\u00edneas de expresi\u00f3n sin perder naturalidad<br \/>\n\u2728 Realza labios con volumen y definici\u00f3n arm\u00f3nica<br \/>\n\u2728 Limpia profundamente y mejora la textura de la piel<br \/>\n\u2728 Aporta un efecto fresco, luminoso y rejuvenecido<br \/>\n\u2728 Mejora la armon\u00eda facial de forma integral \ud83d\udc96<\/p>\n<p>\ud83c\udf38 Un kit ideal para lograr un look cuidado, natural y con ese toque irresistible de frescura.<\/p>","protected":false},"excerpt":{"rendered":"<p>\ud83d\udc8b\u2728 Define tu expresi\u00f3n, realza tus labios y luce una piel impecable en un solo paquete \u2728\ud83d\udc8b<br \/>\nEl XOXO KIT combina armonizaci\u00f3n facial y cuidado de la piel para un resultado fresco y natural. Incluye Aplicaci\u00f3n de Baby Botox\u00ae (25 U) en frente, entrecejo y l\u00edneas alrededor de los ojos, una jeringuilla de \u00c1cido Hialur\u00f3nico Restylane Kysse\u00ae para aumento o perfilado de labios y un Facial de Limpieza Profunda en rostro, logrando equilibrio, suavidad y luminosidad.<\/p>\n<h4>\u00bfQu\u00e9 incluye el tratamiento? \ud83d\udc96<\/h4>\n<p>El paquete XOXO KIT incluye: Aplicaci\u00f3n de Baby Botox\u00ae en frente, entrecejo y l\u00edneas alrededor de los ojos (25 U), una jeringuilla de \u00c1cido Hialur\u00f3nico Restylane Kysses\u00ae en labios para su aumento o perfilado y un Facial de Limpieza Profunda en rostro.<br \/>\n<span class=\"fontstyle0\"><span style=\"color: #ff914d;\"><strong>*Cuenta con 60 d\u00edas para realizarse el tratamiento a partir de su compra<\/strong><\/span><\/span><\/p>","protected":false},"featured_media":318,"template":"","meta":[],"product_brand":[],"product_cat":[262,23,26],"product_tag":[],"giftcard-category":[],"class_list":{"0":"post-24710","1":"product","2":"type-product","3":"status-publish","4":"has-post-thumbnail","6":"product_cat-promosmedicas","7":"product_cat-rejuvenecimientosincirugia","8":"product_cat-txmedicos","10":"first","11":"instock","12":"sale","13":"virtual","14":"purchasable","15":"product-type-simple"},"yoast_head":"<!-- This site is optimized with the Yoast SEO Premium plugin v27.2 (Yoast SEO v27.4) - https:\/\/yoast.com\/product\/yoast-seo-premium-wordpress\/ -->\n<title>XOXO KIT - MoldeArte | L\u00edderes en Medicina Est\u00e9tica en Tijuana y Rosarito<\/title>\n<meta name=\"robots\" content=\"index, follow, max-snippet:-1, max-image-preview:large, max-video-preview:-1\" \/>\n<link rel=\"canonical\" href=\"https:\/\/moldearte.com\/en\/tratamiento\/xoxo-kit\/\" \/>\n<meta property=\"og:locale\" content=\"en_US\" \/>\n<meta property=\"og:type\" content=\"article\" \/>\n<meta property=\"og:title\" content=\"XOXO KIT\" \/>\n<meta property=\"og:description\" content=\"\ud83d\udc8b\u2728 Define tu expresi\u00f3n, realza tus labios y luce una piel impecable en un solo paquete \u2728\ud83d\udc8b El XOXO KIT combina armonizaci\u00f3n facial y cuidado de la piel para un resultado fresco y natural. Incluye Aplicaci\u00f3n de Baby Botox\u00ae (25 U) en frente, entrecejo y l\u00edneas alrededor de los ojos, una jeringuilla de \u00c1cido Hialur\u00f3nico Restylane Kysse\u00ae para aumento o perfilado de labios y un Facial de Limpieza Profunda en rostro, logrando equilibrio, suavidad y luminosidad. \u00bfQu\u00e9 incluye el tratamiento? \ud83d\udc96 El paquete XOXO KIT incluye: Aplicaci\u00f3n de Baby Botox\u00ae en frente, entrecejo y l\u00edneas alrededor de los ojos (25 U), una jeringuilla de \u00c1cido Hialur\u00f3nico Restylane Kysses\u00ae en labios para su aumento o perfilado y un Facial de Limpieza Profunda en rostro. *Cuenta con 60 d\u00edas para realizarse el tratamiento a partir de su compra\" \/>\n<meta property=\"og:url\" content=\"https:\/\/moldearte.com\/en\/tratamiento\/xoxo-kit\/\" \/>\n<meta property=\"og:site_name\" content=\"MoldeArte | L\u00edderes en Medicina Est\u00e9tica en Tijuana y Rosarito\" \/>\n<meta property=\"article:modified_time\" content=\"2026-04-20T20:29:57+00:00\" \/>\n<meta property=\"og:image\" content=\"https:\/\/moldearte.com\/wp-content\/uploads\/2023\/01\/foxy-eyes-moldearte.png\" \/>\n\t<meta property=\"og:image:width\" content=\"1080\" \/>\n\t<meta property=\"og:image:height\" content=\"1080\" \/>\n\t<meta property=\"og:image:type\" content=\"image\/png\" \/>\n<meta name=\"twitter:card\" content=\"summary_large_image\" \/>\n<meta name=\"twitter:label1\" content=\"Price\" \/>\n\t<meta name=\"twitter:data1\" content=\"&#036;9,559.00\" \/>\n\t<meta name=\"twitter:label2\" content=\"Availability\" \/>\n\t<meta name=\"twitter:data2\" content=\"In stock\" \/>\n<script type=\"application\/ld+json\" class=\"yoast-schema-graph\">{\"@context\":\"https:\\\/\\\/schema.org\",\"@graph\":[{\"@type\":\"WebPage\",\"@id\":\"https:\\\/\\\/moldearte.com\\\/tratamiento\\\/xoxo-kit\\\/\",\"url\":\"https:\\\/\\\/moldearte.com\\\/tratamiento\\\/xoxo-kit\\\/\",\"name\":\"XOXO KIT - MoldeArte | L\u00edderes en Medicina Est\u00e9tica en Tijuana y Rosarito\",\"isPartOf\":{\"@id\":\"https:\\\/\\\/moldearte.com\\\/#website\"},\"primaryImageOfPage\":{\"@id\":\"https:\\\/\\\/moldearte.com\\\/tratamiento\\\/xoxo-kit\\\/#primaryimage\"},\"image\":{\"@id\":\"https:\\\/\\\/moldearte.com\\\/tratamiento\\\/xoxo-kit\\\/#primaryimage\"},\"thumbnailUrl\":\"https:\\\/\\\/moldearte.com\\\/wp-content\\\/uploads\\\/2023\\\/01\\\/foxy-eyes-moldearte.png\",\"datePublished\":\"2026-03-24T15:19:00+00:00\",\"dateModified\":\"2026-04-20T20:29:57+00:00\",\"breadcrumb\":{\"@id\":\"https:\\\/\\\/moldearte.com\\\/tratamiento\\\/xoxo-kit\\\/#breadcrumb\"},\"inLanguage\":\"en-US\",\"potentialAction\":[{\"@type\":\"ReadAction\",\"target\":[\"https:\\\/\\\/moldearte.com\\\/tratamiento\\\/xoxo-kit\\\/\"]}]},{\"@type\":\"ImageObject\",\"inLanguage\":\"en-US\",\"@id\":\"https:\\\/\\\/moldearte.com\\\/tratamiento\\\/xoxo-kit\\\/#primaryimage\",\"url\":\"https:\\\/\\\/moldearte.com\\\/wp-content\\\/uploads\\\/2023\\\/01\\\/foxy-eyes-moldearte.png\",\"contentUrl\":\"https:\\\/\\\/moldearte.com\\\/wp-content\\\/uploads\\\/2023\\\/01\\\/foxy-eyes-moldearte.png\",\"width\":1080,\"height\":1080,\"caption\":\"Tratamiento de Foxy Eyes en Tijuana\"},{\"@type\":\"BreadcrumbList\",\"@id\":\"https:\\\/\\\/moldearte.com\\\/tratamiento\\\/xoxo-kit\\\/#breadcrumb\",\"itemListElement\":[{\"@type\":\"ListItem\",\"position\":1,\"name\":\"Portada\",\"item\":\"https:\\\/\\\/moldearte.com\\\/\"},{\"@type\":\"ListItem\",\"position\":2,\"name\":\"Tienda\",\"item\":\"https:\\\/\\\/moldearte.com\\\/en\\\/tienda\\\/\"},{\"@type\":\"ListItem\",\"position\":3,\"name\":\"XOXO KIT\"}]},{\"@type\":\"WebSite\",\"@id\":\"https:\\\/\\\/moldearte.com\\\/#website\",\"url\":\"https:\\\/\\\/moldearte.com\\\/\",\"name\":\"MoldeArte | L\u00edderes en Medicina Est\u00e9tica en Tijuana y Rosarito\",\"description\":\"Rejuvenecimiento Facial y corporal sin cirug\u00eda\",\"publisher\":{\"@id\":\"https:\\\/\\\/moldearte.com\\\/#organization\"},\"potentialAction\":[{\"@type\":\"SearchAction\",\"target\":{\"@type\":\"EntryPoint\",\"urlTemplate\":\"https:\\\/\\\/moldearte.com\\\/?s={search_term_string}\"},\"query-input\":{\"@type\":\"PropertyValueSpecification\",\"valueRequired\":true,\"valueName\":\"search_term_string\"}}],\"inLanguage\":\"en-US\"},{\"@type\":\"Organization\",\"@id\":\"https:\\\/\\\/moldearte.com\\\/#organization\",\"name\":\"MoldeArte | L\u00edderes en Medicina Est\u00e9tica en Tijuana y Rosarito\",\"url\":\"https:\\\/\\\/moldearte.com\\\/\",\"logo\":{\"@type\":\"ImageObject\",\"inLanguage\":\"en-US\",\"@id\":\"https:\\\/\\\/moldearte.com\\\/#\\\/schema\\\/logo\\\/image\\\/\",\"url\":\"https:\\\/\\\/moldearte.com\\\/wp-content\\\/uploads\\\/2023\\\/01\\\/cropped-cropped-rejuvenecimiento-facial-sin-cirugia-tijuana.png\",\"contentUrl\":\"https:\\\/\\\/moldearte.com\\\/wp-content\\\/uploads\\\/2023\\\/01\\\/cropped-cropped-rejuvenecimiento-facial-sin-cirugia-tijuana.png\",\"width\":3255,\"height\":1059,\"caption\":\"MoldeArte | L\u00edderes en Medicina Est\u00e9tica en Tijuana y Rosarito\"},\"image\":{\"@id\":\"https:\\\/\\\/moldearte.com\\\/#\\\/schema\\\/logo\\\/image\\\/\"}}]}<\/script>\n<meta property=\"product:price:amount\" content=\"9559.00\" \/>\n<meta property=\"product:price:currency\" content=\"MXN\" \/>\n<meta property=\"og:availability\" content=\"instock\" \/>\n<meta property=\"product:availability\" content=\"instock\" \/>\n<meta property=\"product:condition\" content=\"new\" \/>\n<!-- \/ Yoast SEO Premium plugin. -->","yoast_head_json":{"title":"XOXO KIT - MoldeArte | L\u00edderes en Medicina Est\u00e9tica en Tijuana y Rosarito","robots":{"index":"index","follow":"follow","max-snippet":"max-snippet:-1","max-image-preview":"max-image-preview:large","max-video-preview":"max-video-preview:-1"},"canonical":"https:\/\/moldearte.com\/en\/tratamiento\/xoxo-kit\/","og_locale":"en_US","og_type":"article","og_title":"XOXO KIT","og_description":"\ud83d\udc8b\u2728 Define tu expresi\u00f3n, realza tus labios y luce una piel impecable en un solo paquete \u2728\ud83d\udc8b El XOXO KIT combina armonizaci\u00f3n facial y cuidado de la piel para un resultado fresco y natural. Incluye Aplicaci\u00f3n de Baby Botox\u00ae (25 U) en frente, entrecejo y l\u00edneas alrededor de los ojos, una jeringuilla de \u00c1cido Hialur\u00f3nico Restylane Kysse\u00ae para aumento o perfilado de labios y un Facial de Limpieza Profunda en rostro, logrando equilibrio, suavidad y luminosidad. \u00bfQu\u00e9 incluye el tratamiento? \ud83d\udc96 El paquete XOXO KIT incluye: Aplicaci\u00f3n de Baby Botox\u00ae en frente, entrecejo y l\u00edneas alrededor de los ojos (25 U), una jeringuilla de \u00c1cido Hialur\u00f3nico Restylane Kysses\u00ae en labios para su aumento o perfilado y un Facial de Limpieza Profunda en rostro. *Cuenta con 60 d\u00edas para realizarse el tratamiento a partir de su compra","og_url":"https:\/\/moldearte.com\/en\/tratamiento\/xoxo-kit\/","og_site_name":"MoldeArte | L\u00edderes en Medicina Est\u00e9tica en Tijuana y Rosarito","article_modified_time":"2026-04-20T20:29:57+00:00","og_image":[{"width":1080,"height":1080,"url":"https:\/\/moldearte.com\/wp-content\/uploads\/2023\/01\/foxy-eyes-moldearte.png","type":"image\/png"}],"twitter_card":"summary_large_image","twitter_misc":{"Price":"&#36;9,559.00","Availability":"In stock"},"schema":{"@context":"https:\/\/schema.org","@graph":[{"@type":"WebPage","@id":"https:\/\/moldearte.com\/tratamiento\/xoxo-kit\/","url":"https:\/\/moldearte.com\/tratamiento\/xoxo-kit\/","name":"XOXO KIT - MoldeArte | L\u00edderes en Medicina Est\u00e9tica en Tijuana y Rosarito","isPartOf":{"@id":"https:\/\/moldearte.com\/#website"},"primaryImageOfPage":{"@id":"https:\/\/moldearte.com\/tratamiento\/xoxo-kit\/#primaryimage"},"image":{"@id":"https:\/\/moldearte.com\/tratamiento\/xoxo-kit\/#primaryimage"},"thumbnailUrl":"https:\/\/moldearte.com\/wp-content\/uploads\/2023\/01\/foxy-eyes-moldearte.png","datePublished":"2026-03-24T15:19:00+00:00","dateModified":"2026-04-20T20:29:57+00:00","breadcrumb":{"@id":"https:\/\/moldearte.com\/tratamiento\/xoxo-kit\/#breadcrumb"},"inLanguage":"en-US","potentialAction":[{"@type":"ReadAction","target":["https:\/\/moldearte.com\/tratamiento\/xoxo-kit\/"]}]},{"@type":"ImageObject","inLanguage":"en-US","@id":"https:\/\/moldearte.com\/tratamiento\/xoxo-kit\/#primaryimage","url":"https:\/\/moldearte.com\/wp-content\/uploads\/2023\/01\/foxy-eyes-moldearte.png","contentUrl":"https:\/\/moldearte.com\/wp-content\/uploads\/2023\/01\/foxy-eyes-moldearte.png","width":1080,"height":1080,"caption":"Tratamiento de Foxy Eyes en Tijuana"},{"@type":"BreadcrumbList","@id":"https:\/\/moldearte.com\/tratamiento\/xoxo-kit\/#breadcrumb","itemListElement":[{"@type":"ListItem","position":1,"name":"Portada","item":"https:\/\/moldearte.com\/"},{"@type":"ListItem","position":2,"name":"Tienda","item":"https:\/\/moldearte.com\/en\/tienda\/"},{"@type":"ListItem","position":3,"name":"XOXO KIT"}]},{"@type":"WebSite","@id":"https:\/\/moldearte.com\/#website","url":"https:\/\/moldearte.com\/","name":"MoldeArte | L\u00edderes en Medicina Est\u00e9tica en Tijuana y Rosarito","description":"Rejuvenecimiento Facial y corporal sin cirug\u00eda","publisher":{"@id":"https:\/\/moldearte.com\/#organization"},"potentialAction":[{"@type":"SearchAction","target":{"@type":"EntryPoint","urlTemplate":"https:\/\/moldearte.com\/?s={search_term_string}"},"query-input":{"@type":"PropertyValueSpecification","valueRequired":true,"valueName":"search_term_string"}}],"inLanguage":"en-US"},{"@type":"Organization","@id":"https:\/\/moldearte.com\/#organization","name":"MoldeArte | L\u00edderes en Medicina Est\u00e9tica en Tijuana y Rosarito","url":"https:\/\/moldearte.com\/","logo":{"@type":"ImageObject","inLanguage":"en-US","@id":"https:\/\/moldearte.com\/#\/schema\/logo\/image\/","url":"https:\/\/moldearte.com\/wp-content\/uploads\/2023\/01\/cropped-cropped-rejuvenecimiento-facial-sin-cirugia-tijuana.png","contentUrl":"https:\/\/moldearte.com\/wp-content\/uploads\/2023\/01\/cropped-cropped-rejuvenecimiento-facial-sin-cirugia-tijuana.png","width":3255,"height":1059,"caption":"MoldeArte | L\u00edderes en Medicina Est\u00e9tica en Tijuana y Rosarito"},"image":{"@id":"https:\/\/moldearte.com\/#\/schema\/logo\/image\/"}}]},"product_price_amount":"9559.00","product_price_currency":"MXN","og_availability":"instock","product_availability":"instock","product_condition":"new"},"_links":{"self":[{"href":"https:\/\/moldearte.com\/en\/wp-json\/wp\/v2\/product\/24710","targetHints":{"allow":["GET"]}}],"collection":[{"href":"https:\/\/moldearte.com\/en\/wp-json\/wp\/v2\/product"}],"about":[{"href":"https:\/\/moldearte.com\/en\/wp-json\/wp\/v2\/types\/product"}],"wp:featuredmedia":[{"embeddable":true,"href":"https:\/\/moldearte.com\/en\/wp-json\/wp\/v2\/media\/318"}],"wp:attachment":[{"href":"https:\/\/moldearte.com\/en\/wp-json\/wp\/v2\/media?parent=24710"}],"wp:term":[{"taxonomy":"product_brand","embeddable":true,"href":"https:\/\/moldearte.com\/en\/wp-json\/wp\/v2\/product_brand?post=24710"},{"taxonomy":"product_cat","embeddable":true,"href":"https:\/\/moldearte.com\/en\/wp-json\/wp\/v2\/product_cat?post=24710"},{"taxonomy":"product_tag","embeddable":true,"href":"https:\/\/moldearte.com\/en\/wp-json\/wp\/v2\/product_tag?post=24710"},{"taxonomy":"giftcard-category","embeddable":true,"href":"https:\/\/moldearte.com\/en\/wp-json\/wp\/v2\/giftcard-category?post=24710"}],"curies":[{"name":"wp","href":"https:\/\/api.w.org\/{rel}","templated":true}]}}