{"id":24709,"date":"2026-03-24T08:14:59","date_gmt":"2026-03-24T15:14:59","guid":{"rendered":"https:\/\/moldearte.com\/?post_type=product&#038;p=24709"},"modified":"2026-04-06T11:22:09","modified_gmt":"2026-04-06T18:22:09","slug":"acido-hialuronico-eyes-revive","status":"publish","type":"product","link":"https:\/\/moldearte.com\/en\/tratamiento\/acido-hialuronico-eyes-revive\/","title":{"rendered":"\u00c1CIDO HIALUR\u00d3NICO EYES REVIVE\u00ae"},"content":{"rendered":"<h4>\u00bfQui\u00e9n es candidato a ese tratamiento?<\/h4>\n<p>Personas con ojeras, hundimiento en la zona de la mirada, l\u00edneas finas o apariencia de cansancio, que buscan una mejora visible y natural.<\/p>\n<h4>Edad o tipo de piel ideal para realizarse el servicio<\/h4>\n<p>Recomendado a partir de los 25 a\u00f1os. Ideal para todo tipo de piel, especialmente piel con deshidrataci\u00f3n, ojeras o signos tempranos de envejecimiento en el contorno de ojos.<\/p>\n<h4>Los principales 5 beneficios del tratamiento<\/h4>\n<p>\u2728 Hidrata profundamente el contorno de ojos<br \/>\n\u2728 Mejora la apariencia de ojeras y hundimiento<br \/>\n\u2728 Suaviza l\u00edneas finas y arrugas<br \/>\n\u2728 Aporta luminosidad y frescura a la mirada<br \/>\n\u2728 Logra un efecto descansado y rejuvenecido \ud83d\udc96<\/p>\n<p>\ud83c\udf3f Una opci\u00f3n ideal para revitalizar tu mirada y resaltar tu expresi\u00f3n natural.<\/p>","protected":false},"excerpt":{"rendered":"<p>\u2728\ud83d\udc41\ufe0f Ilumina tu mirada y dile adi\u00f3s al aspecto cansado \ud83d\udc41\ufe0f\u2728 \u00c1cido Hialur\u00f3nico\u00a0Eyes Revive\u00ae es un tratamiento con \u00e1cido hialur\u00f3nico dise\u00f1ado espec\u00edficamente para el \u00e1rea periocular. Ayuda a hidratar profundamente, mejorar la apariencia de ojeras y suavizar l\u00edneas finas, devolviendo frescura, luminosidad y una mirada m\u00e1s descansada. \ud83d\udca7\ud83c\udf38<\/p>\n<h4>\u00bfQu\u00e9 incluye el tratamiento? \ud83d\udc96<\/h4>\n<p>Una jeringuilla de \u00c1cido Hialur\u00f3nico Eyes Revive\u00ae en la zona alrededor de los ojos.<br \/>\n<span style=\"color: #c02c30;\"><strong>\ud83d\udcb8 Precio pagando en efectivo en sucursal: $5,400 MXN. (v\u00e1lido del 5 al 18 de abril del 2026)<\/strong><\/span><br \/>\n<span class=\"fontstyle0\"><span style=\"color: #ff914d;\"><strong>*Cuenta con 60 d\u00edas para realizarse el tratamiento a partir de su compra<\/strong><\/span><\/span><\/p>","protected":false},"featured_media":9544,"template":"","meta":[],"product_brand":[],"product_cat":[262,23,26],"product_tag":[],"giftcard-category":[],"class_list":{"0":"post-24709","1":"product","2":"type-product","3":"status-publish","4":"has-post-thumbnail","6":"product_cat-promosmedicas","7":"product_cat-rejuvenecimientosincirugia","8":"product_cat-txmedicos","10":"first","11":"instock","12":"sale","13":"virtual","14":"purchasable","15":"product-type-simple"},"yoast_head":"<!-- This site is optimized with the Yoast SEO Premium plugin v27.2 (Yoast SEO v27.4) - https:\/\/yoast.com\/product\/yoast-seo-premium-wordpress\/ -->\n<title>\u00c1CIDO HIALUR\u00d3NICO EYES REVIVE\u00ae - MoldeArte | L\u00edderes en Medicina Est\u00e9tica en Tijuana y Rosarito<\/title>\n<meta name=\"robots\" content=\"index, follow, max-snippet:-1, max-image-preview:large, max-video-preview:-1\" \/>\n<link rel=\"canonical\" href=\"https:\/\/moldearte.com\/en\/tratamiento\/acido-hialuronico-eyes-revive\/\" \/>\n<meta property=\"og:locale\" content=\"en_US\" \/>\n<meta property=\"og:type\" content=\"article\" \/>\n<meta property=\"og:title\" content=\"\u00c1CIDO HIALUR\u00d3NICO EYES REVIVE\u00ae\" \/>\n<meta property=\"og:description\" content=\"\u2728\ud83d\udc41\ufe0f Ilumina tu mirada y dile adi\u00f3s al aspecto cansado \ud83d\udc41\ufe0f\u2728 \u00c1cido Hialur\u00f3nico\u00a0Eyes Revive\u00ae es un tratamiento con \u00e1cido hialur\u00f3nico dise\u00f1ado espec\u00edficamente para el \u00e1rea periocular. Ayuda a hidratar profundamente, mejorar la apariencia de ojeras y suavizar l\u00edneas finas, devolviendo frescura, luminosidad y una mirada m\u00e1s descansada. \ud83d\udca7\ud83c\udf38 \u00bfQu\u00e9 incluye el tratamiento? \ud83d\udc96 Una jeringuilla de \u00c1cido Hialur\u00f3nico Eyes Revive\u00ae en la zona alrededor de los ojos. \ud83d\udcb8 Precio pagando en efectivo en sucursal: $5,400 MXN. (v\u00e1lido del 5 al 18 de abril del 2026) *Cuenta con 60 d\u00edas para realizarse el tratamiento a partir de su compra\" \/>\n<meta property=\"og:url\" content=\"https:\/\/moldearte.com\/en\/tratamiento\/acido-hialuronico-eyes-revive\/\" \/>\n<meta property=\"og:site_name\" content=\"MoldeArte | L\u00edderes en Medicina Est\u00e9tica en Tijuana y Rosarito\" \/>\n<meta property=\"article:modified_time\" content=\"2026-04-06T18:22:09+00:00\" \/>\n<meta property=\"og:image\" content=\"https:\/\/moldearte.com\/wp-content\/uploads\/2025\/01\/toxina.png\" \/>\n\t<meta property=\"og:image:width\" content=\"1080\" \/>\n\t<meta property=\"og:image:height\" content=\"1080\" \/>\n\t<meta property=\"og:image:type\" content=\"image\/png\" \/>\n<meta name=\"twitter:card\" content=\"summary_large_image\" \/>\n<meta name=\"twitter:label1\" content=\"Price\" \/>\n\t<meta name=\"twitter:data1\" content=\"&#036;6,150.00\" \/>\n\t<meta name=\"twitter:label2\" content=\"Availability\" \/>\n\t<meta name=\"twitter:data2\" content=\"In stock\" \/>\n<script type=\"application\/ld+json\" class=\"yoast-schema-graph\">{\"@context\":\"https:\\\/\\\/schema.org\",\"@graph\":[{\"@type\":\"WebPage\",\"@id\":\"https:\\\/\\\/moldearte.com\\\/tratamiento\\\/acido-hialuronico-eyes-revive\\\/\",\"url\":\"https:\\\/\\\/moldearte.com\\\/tratamiento\\\/acido-hialuronico-eyes-revive\\\/\",\"name\":\"\u00c1CIDO HIALUR\u00d3NICO EYES REVIVE\u00ae - MoldeArte | L\u00edderes en Medicina Est\u00e9tica en Tijuana y Rosarito\",\"isPartOf\":{\"@id\":\"https:\\\/\\\/moldearte.com\\\/#website\"},\"primaryImageOfPage\":{\"@id\":\"https:\\\/\\\/moldearte.com\\\/tratamiento\\\/acido-hialuronico-eyes-revive\\\/#primaryimage\"},\"image\":{\"@id\":\"https:\\\/\\\/moldearte.com\\\/tratamiento\\\/acido-hialuronico-eyes-revive\\\/#primaryimage\"},\"thumbnailUrl\":\"https:\\\/\\\/moldearte.com\\\/wp-content\\\/uploads\\\/2025\\\/01\\\/toxina.png\",\"datePublished\":\"2026-03-24T15:14:59+00:00\",\"dateModified\":\"2026-04-06T18:22:09+00:00\",\"breadcrumb\":{\"@id\":\"https:\\\/\\\/moldearte.com\\\/tratamiento\\\/acido-hialuronico-eyes-revive\\\/#breadcrumb\"},\"inLanguage\":\"en-US\",\"potentialAction\":[{\"@type\":\"ReadAction\",\"target\":[\"https:\\\/\\\/moldearte.com\\\/tratamiento\\\/acido-hialuronico-eyes-revive\\\/\"]}]},{\"@type\":\"ImageObject\",\"inLanguage\":\"en-US\",\"@id\":\"https:\\\/\\\/moldearte.com\\\/tratamiento\\\/acido-hialuronico-eyes-revive\\\/#primaryimage\",\"url\":\"https:\\\/\\\/moldearte.com\\\/wp-content\\\/uploads\\\/2025\\\/01\\\/toxina.png\",\"contentUrl\":\"https:\\\/\\\/moldearte.com\\\/wp-content\\\/uploads\\\/2025\\\/01\\\/toxina.png\",\"width\":1080,\"height\":1080},{\"@type\":\"BreadcrumbList\",\"@id\":\"https:\\\/\\\/moldearte.com\\\/tratamiento\\\/acido-hialuronico-eyes-revive\\\/#breadcrumb\",\"itemListElement\":[{\"@type\":\"ListItem\",\"position\":1,\"name\":\"Portada\",\"item\":\"https:\\\/\\\/moldearte.com\\\/\"},{\"@type\":\"ListItem\",\"position\":2,\"name\":\"Tienda\",\"item\":\"https:\\\/\\\/moldearte.com\\\/en\\\/tienda\\\/\"},{\"@type\":\"ListItem\",\"position\":3,\"name\":\"\u00c1CIDO HIALUR\u00d3NICO EYES REVIVE\u00ae\"}]},{\"@type\":\"WebSite\",\"@id\":\"https:\\\/\\\/moldearte.com\\\/#website\",\"url\":\"https:\\\/\\\/moldearte.com\\\/\",\"name\":\"MoldeArte | L\u00edderes en Medicina Est\u00e9tica en Tijuana y Rosarito\",\"description\":\"Rejuvenecimiento Facial y corporal sin cirug\u00eda\",\"publisher\":{\"@id\":\"https:\\\/\\\/moldearte.com\\\/#organization\"},\"potentialAction\":[{\"@type\":\"SearchAction\",\"target\":{\"@type\":\"EntryPoint\",\"urlTemplate\":\"https:\\\/\\\/moldearte.com\\\/?s={search_term_string}\"},\"query-input\":{\"@type\":\"PropertyValueSpecification\",\"valueRequired\":true,\"valueName\":\"search_term_string\"}}],\"inLanguage\":\"en-US\"},{\"@type\":\"Organization\",\"@id\":\"https:\\\/\\\/moldearte.com\\\/#organization\",\"name\":\"MoldeArte | L\u00edderes en Medicina Est\u00e9tica en Tijuana y Rosarito\",\"url\":\"https:\\\/\\\/moldearte.com\\\/\",\"logo\":{\"@type\":\"ImageObject\",\"inLanguage\":\"en-US\",\"@id\":\"https:\\\/\\\/moldearte.com\\\/#\\\/schema\\\/logo\\\/image\\\/\",\"url\":\"https:\\\/\\\/moldearte.com\\\/wp-content\\\/uploads\\\/2023\\\/01\\\/cropped-cropped-rejuvenecimiento-facial-sin-cirugia-tijuana.png\",\"contentUrl\":\"https:\\\/\\\/moldearte.com\\\/wp-content\\\/uploads\\\/2023\\\/01\\\/cropped-cropped-rejuvenecimiento-facial-sin-cirugia-tijuana.png\",\"width\":3255,\"height\":1059,\"caption\":\"MoldeArte | L\u00edderes en Medicina Est\u00e9tica en Tijuana y Rosarito\"},\"image\":{\"@id\":\"https:\\\/\\\/moldearte.com\\\/#\\\/schema\\\/logo\\\/image\\\/\"}}]}<\/script>\n<meta property=\"product:price:amount\" content=\"6150.00\" \/>\n<meta property=\"product:price:currency\" content=\"MXN\" \/>\n<meta property=\"og:availability\" content=\"instock\" \/>\n<meta property=\"product:availability\" content=\"instock\" \/>\n<meta property=\"product:condition\" content=\"new\" \/>\n<!-- \/ Yoast SEO Premium plugin. -->","yoast_head_json":{"title":"\u00c1CIDO HIALUR\u00d3NICO EYES REVIVE\u00ae - MoldeArte | L\u00edderes en Medicina Est\u00e9tica en Tijuana y Rosarito","robots":{"index":"index","follow":"follow","max-snippet":"max-snippet:-1","max-image-preview":"max-image-preview:large","max-video-preview":"max-video-preview:-1"},"canonical":"https:\/\/moldearte.com\/en\/tratamiento\/acido-hialuronico-eyes-revive\/","og_locale":"en_US","og_type":"article","og_title":"\u00c1CIDO HIALUR\u00d3NICO EYES REVIVE\u00ae","og_description":"\u2728\ud83d\udc41\ufe0f Ilumina tu mirada y dile adi\u00f3s al aspecto cansado \ud83d\udc41\ufe0f\u2728 \u00c1cido Hialur\u00f3nico\u00a0Eyes Revive\u00ae es un tratamiento con \u00e1cido hialur\u00f3nico dise\u00f1ado espec\u00edficamente para el \u00e1rea periocular. Ayuda a hidratar profundamente, mejorar la apariencia de ojeras y suavizar l\u00edneas finas, devolviendo frescura, luminosidad y una mirada m\u00e1s descansada. \ud83d\udca7\ud83c\udf38 \u00bfQu\u00e9 incluye el tratamiento? \ud83d\udc96 Una jeringuilla de \u00c1cido Hialur\u00f3nico Eyes Revive\u00ae en la zona alrededor de los ojos. \ud83d\udcb8 Precio pagando en efectivo en sucursal: $5,400 MXN. (v\u00e1lido del 5 al 18 de abril del 2026) *Cuenta con 60 d\u00edas para realizarse el tratamiento a partir de su compra","og_url":"https:\/\/moldearte.com\/en\/tratamiento\/acido-hialuronico-eyes-revive\/","og_site_name":"MoldeArte | L\u00edderes en Medicina Est\u00e9tica en Tijuana y Rosarito","article_modified_time":"2026-04-06T18:22:09+00:00","og_image":[{"width":1080,"height":1080,"url":"https:\/\/moldearte.com\/wp-content\/uploads\/2025\/01\/toxina.png","type":"image\/png"}],"twitter_card":"summary_large_image","twitter_misc":{"Price":"&#36;6,150.00","Availability":"In stock"},"schema":{"@context":"https:\/\/schema.org","@graph":[{"@type":"WebPage","@id":"https:\/\/moldearte.com\/tratamiento\/acido-hialuronico-eyes-revive\/","url":"https:\/\/moldearte.com\/tratamiento\/acido-hialuronico-eyes-revive\/","name":"\u00c1CIDO HIALUR\u00d3NICO EYES REVIVE\u00ae - MoldeArte | L\u00edderes en Medicina Est\u00e9tica en Tijuana y Rosarito","isPartOf":{"@id":"https:\/\/moldearte.com\/#website"},"primaryImageOfPage":{"@id":"https:\/\/moldearte.com\/tratamiento\/acido-hialuronico-eyes-revive\/#primaryimage"},"image":{"@id":"https:\/\/moldearte.com\/tratamiento\/acido-hialuronico-eyes-revive\/#primaryimage"},"thumbnailUrl":"https:\/\/moldearte.com\/wp-content\/uploads\/2025\/01\/toxina.png","datePublished":"2026-03-24T15:14:59+00:00","dateModified":"2026-04-06T18:22:09+00:00","breadcrumb":{"@id":"https:\/\/moldearte.com\/tratamiento\/acido-hialuronico-eyes-revive\/#breadcrumb"},"inLanguage":"en-US","potentialAction":[{"@type":"ReadAction","target":["https:\/\/moldearte.com\/tratamiento\/acido-hialuronico-eyes-revive\/"]}]},{"@type":"ImageObject","inLanguage":"en-US","@id":"https:\/\/moldearte.com\/tratamiento\/acido-hialuronico-eyes-revive\/#primaryimage","url":"https:\/\/moldearte.com\/wp-content\/uploads\/2025\/01\/toxina.png","contentUrl":"https:\/\/moldearte.com\/wp-content\/uploads\/2025\/01\/toxina.png","width":1080,"height":1080},{"@type":"BreadcrumbList","@id":"https:\/\/moldearte.com\/tratamiento\/acido-hialuronico-eyes-revive\/#breadcrumb","itemListElement":[{"@type":"ListItem","position":1,"name":"Portada","item":"https:\/\/moldearte.com\/"},{"@type":"ListItem","position":2,"name":"Tienda","item":"https:\/\/moldearte.com\/en\/tienda\/"},{"@type":"ListItem","position":3,"name":"\u00c1CIDO HIALUR\u00d3NICO EYES REVIVE\u00ae"}]},{"@type":"WebSite","@id":"https:\/\/moldearte.com\/#website","url":"https:\/\/moldearte.com\/","name":"MoldeArte | L\u00edderes en Medicina Est\u00e9tica en Tijuana y Rosarito","description":"Rejuvenecimiento Facial y corporal sin cirug\u00eda","publisher":{"@id":"https:\/\/moldearte.com\/#organization"},"potentialAction":[{"@type":"SearchAction","target":{"@type":"EntryPoint","urlTemplate":"https:\/\/moldearte.com\/?s={search_term_string}"},"query-input":{"@type":"PropertyValueSpecification","valueRequired":true,"valueName":"search_term_string"}}],"inLanguage":"en-US"},{"@type":"Organization","@id":"https:\/\/moldearte.com\/#organization","name":"MoldeArte | L\u00edderes en Medicina Est\u00e9tica en Tijuana y Rosarito","url":"https:\/\/moldearte.com\/","logo":{"@type":"ImageObject","inLanguage":"en-US","@id":"https:\/\/moldearte.com\/#\/schema\/logo\/image\/","url":"https:\/\/moldearte.com\/wp-content\/uploads\/2023\/01\/cropped-cropped-rejuvenecimiento-facial-sin-cirugia-tijuana.png","contentUrl":"https:\/\/moldearte.com\/wp-content\/uploads\/2023\/01\/cropped-cropped-rejuvenecimiento-facial-sin-cirugia-tijuana.png","width":3255,"height":1059,"caption":"MoldeArte | L\u00edderes en Medicina Est\u00e9tica en Tijuana y Rosarito"},"image":{"@id":"https:\/\/moldearte.com\/#\/schema\/logo\/image\/"}}]},"product_price_amount":"6150.00","product_price_currency":"MXN","og_availability":"instock","product_availability":"instock","product_condition":"new"},"_links":{"self":[{"href":"https:\/\/moldearte.com\/en\/wp-json\/wp\/v2\/product\/24709","targetHints":{"allow":["GET"]}}],"collection":[{"href":"https:\/\/moldearte.com\/en\/wp-json\/wp\/v2\/product"}],"about":[{"href":"https:\/\/moldearte.com\/en\/wp-json\/wp\/v2\/types\/product"}],"wp:featuredmedia":[{"embeddable":true,"href":"https:\/\/moldearte.com\/en\/wp-json\/wp\/v2\/media\/9544"}],"wp:attachment":[{"href":"https:\/\/moldearte.com\/en\/wp-json\/wp\/v2\/media?parent=24709"}],"wp:term":[{"taxonomy":"product_brand","embeddable":true,"href":"https:\/\/moldearte.com\/en\/wp-json\/wp\/v2\/product_brand?post=24709"},{"taxonomy":"product_cat","embeddable":true,"href":"https:\/\/moldearte.com\/en\/wp-json\/wp\/v2\/product_cat?post=24709"},{"taxonomy":"product_tag","embeddable":true,"href":"https:\/\/moldearte.com\/en\/wp-json\/wp\/v2\/product_tag?post=24709"},{"taxonomy":"giftcard-category","embeddable":true,"href":"https:\/\/moldearte.com\/en\/wp-json\/wp\/v2\/giftcard-category?post=24709"}],"curies":[{"name":"wp","href":"https:\/\/api.w.org\/{rel}","templated":true}]}}