{"id":24378,"date":"2026-03-09T13:21:35","date_gmt":"2026-03-09T20:21:35","guid":{"rendered":"https:\/\/moldearte.com\/?post_type=product&#038;p=24378"},"modified":"2026-04-06T12:09:06","modified_gmt":"2026-04-06T19:09:06","slug":"tratamiento-intensivo-despigmentante-facial","status":"publish","type":"product","link":"https:\/\/moldearte.com\/en\/tratamiento\/tratamiento-intensivo-despigmentante-facial\/","title":{"rendered":"TRATAMIENTO INTENSIVO DESPIGMENTANTE FACIAL"},"content":{"rendered":"<h4>\u00bfQui\u00e9n es candidato a ese tratamiento?<\/h4>\n<p>Personas que desean mejorar manchas, tono desigual, piel opaca o marcas superficiales, logrando una piel m\u00e1s clara y uniforme.<\/p>\n<h4>Edad o tipo de piel ideal para realizarse el servicio<\/h4>\n<p>Recomendado a partir de los 25 a\u00f1os. Ideal para piel con manchas solares, pigmentaci\u00f3n irregular o signos de da\u00f1o ambiental.<\/p>\n<h4>Los principales 5 beneficios del tratamiento<\/h4>\n<p>\u2728 Ayuda a mejorar la apariencia de manchas<br \/>\n\u2728 Unifica el tono de la piel<br \/>\n\u2728 Estimula la renovaci\u00f3n celular<br \/>\n\u2728 Mejora la textura y luminosidad del rostro<br \/>\n\u2728 Deja la piel m\u00e1s suave, clara y revitalizada \ud83d\udc96<\/p>\n<p>\ud83c\udf3f Un protocolo dise\u00f1ado para devolverle a tu piel su brillo natural y una apariencia m\u00e1s uniforme.<\/p>","protected":false},"excerpt":{"rendered":"<p><strong>\u2728\ud83c\udf38 Recupera la luminosidad de tu piel y luce un tono m\u00e1s uniforme y radiante \ud83c\udf38\u2728<\/strong><br \/>\nEl Tratamiento Intensivo Despigmentante Facial combina renovaci\u00f3n cut\u00e1nea y tecnolog\u00eda lum\u00ednica para mejorar visiblemente la apariencia de manchas y tono irregular. Incluye 3 sesiones de Microdermoabrasi\u00f3n con punta diamante, 3 Foto Sesiones LED rejuvenecedoras con luz roja y 3 aplicaciones de Mascarilla Despigmentante, trabajando en conjunto para revitalizar y aclarar la piel.<\/p>\n<h4>\u00bfQu\u00e9 incluye el tratamiento? \ud83d\udc96<\/h4>\n<p>El Tratamiento Intensivo Despigmentante Facial incluye: 3 sesiones de Microdermoabrasi\u00f3n con punta diamante + Foto sesi\u00f3n Led Despigmentante en rostro + Mascarilla Despigmentante.<br \/>\n<span style=\"color: #ff914d;\"><strong>*Cuenta con 60 d\u00edas para realizarse el tratamiento a partir de su compra<\/strong><\/span><\/p>","protected":false},"featured_media":2426,"template":"","meta":[],"product_brand":[],"product_cat":[261],"product_tag":[],"giftcard-category":[],"class_list":{"0":"post-24378","1":"product","2":"type-product","3":"status-publish","4":"has-post-thumbnail","6":"product_cat-promoscosme","8":"first","9":"instock","10":"sale","11":"virtual","12":"purchasable","13":"product-type-simple"},"yoast_head":"<!-- This site is optimized with the Yoast SEO Premium plugin v27.2 (Yoast SEO v27.3) - https:\/\/yoast.com\/product\/yoast-seo-premium-wordpress\/ -->\n<title>TRATAMIENTO INTENSIVO DESPIGMENTANTE FACIAL - MoldeArte | L\u00edderes en Medicina Est\u00e9tica en Tijuana y Rosarito<\/title>\n<meta name=\"robots\" content=\"index, follow, max-snippet:-1, max-image-preview:large, max-video-preview:-1\" \/>\n<link rel=\"canonical\" href=\"https:\/\/moldearte.com\/en\/tratamiento\/tratamiento-intensivo-despigmentante-facial\/\" \/>\n<meta property=\"og:locale\" content=\"en_US\" \/>\n<meta property=\"og:type\" content=\"article\" \/>\n<meta property=\"og:title\" content=\"TRATAMIENTO INTENSIVO DESPIGMENTANTE FACIAL\" \/>\n<meta property=\"og:description\" content=\"\u2728\ud83c\udf38 Recupera la luminosidad de tu piel y luce un tono m\u00e1s uniforme y radiante \ud83c\udf38\u2728 El Tratamiento Intensivo Despigmentante Facial combina renovaci\u00f3n cut\u00e1nea y tecnolog\u00eda lum\u00ednica para mejorar visiblemente la apariencia de manchas y tono irregular. Incluye 3 sesiones de Microdermoabrasi\u00f3n con punta diamante, 3 Foto Sesiones LED rejuvenecedoras con luz roja y 3 aplicaciones de Mascarilla Despigmentante, trabajando en conjunto para revitalizar y aclarar la piel. \u00bfQu\u00e9 incluye el tratamiento? \ud83d\udc96 El Tratamiento Intensivo Despigmentante Facial incluye: 3 sesiones de Microdermoabrasi\u00f3n con punta diamante + Foto sesi\u00f3n Led Despigmentante en rostro + Mascarilla Despigmentante. *Cuenta con 60 d\u00edas para realizarse el tratamiento a partir de su compra\" \/>\n<meta property=\"og:url\" content=\"https:\/\/moldearte.com\/en\/tratamiento\/tratamiento-intensivo-despigmentante-facial\/\" \/>\n<meta property=\"og:site_name\" content=\"MoldeArte | L\u00edderes en Medicina Est\u00e9tica en Tijuana y Rosarito\" \/>\n<meta property=\"article:modified_time\" content=\"2026-04-06T19:09:06+00:00\" \/>\n<meta property=\"og:image\" content=\"https:\/\/moldearte.com\/wp-content\/uploads\/2023\/04\/15.jpg\" \/>\n\t<meta property=\"og:image:width\" content=\"1080\" \/>\n\t<meta property=\"og:image:height\" content=\"1080\" \/>\n\t<meta property=\"og:image:type\" content=\"image\/jpeg\" \/>\n<meta name=\"twitter:card\" content=\"summary_large_image\" \/>\n<meta name=\"twitter:label1\" content=\"Price\" \/>\n\t<meta name=\"twitter:data1\" content=\"&#036;1,350.00\" \/>\n\t<meta name=\"twitter:label2\" content=\"Availability\" \/>\n\t<meta name=\"twitter:data2\" content=\"In stock\" \/>\n<script type=\"application\/ld+json\" class=\"yoast-schema-graph\">{\"@context\":\"https:\\\/\\\/schema.org\",\"@graph\":[{\"@type\":\"WebPage\",\"@id\":\"https:\\\/\\\/moldearte.com\\\/tratamiento\\\/tratamiento-intensivo-despigmentante-facial\\\/\",\"url\":\"https:\\\/\\\/moldearte.com\\\/tratamiento\\\/tratamiento-intensivo-despigmentante-facial\\\/\",\"name\":\"TRATAMIENTO INTENSIVO DESPIGMENTANTE FACIAL - MoldeArte | L\u00edderes en Medicina Est\u00e9tica en Tijuana y Rosarito\",\"isPartOf\":{\"@id\":\"https:\\\/\\\/moldearte.com\\\/#website\"},\"primaryImageOfPage\":{\"@id\":\"https:\\\/\\\/moldearte.com\\\/tratamiento\\\/tratamiento-intensivo-despigmentante-facial\\\/#primaryimage\"},\"image\":{\"@id\":\"https:\\\/\\\/moldearte.com\\\/tratamiento\\\/tratamiento-intensivo-despigmentante-facial\\\/#primaryimage\"},\"thumbnailUrl\":\"https:\\\/\\\/moldearte.com\\\/wp-content\\\/uploads\\\/2023\\\/04\\\/15.jpg\",\"datePublished\":\"2026-03-09T20:21:35+00:00\",\"dateModified\":\"2026-04-06T19:09:06+00:00\",\"breadcrumb\":{\"@id\":\"https:\\\/\\\/moldearte.com\\\/tratamiento\\\/tratamiento-intensivo-despigmentante-facial\\\/#breadcrumb\"},\"inLanguage\":\"en-US\",\"potentialAction\":[{\"@type\":\"ReadAction\",\"target\":[\"https:\\\/\\\/moldearte.com\\\/tratamiento\\\/tratamiento-intensivo-despigmentante-facial\\\/\"]}]},{\"@type\":\"ImageObject\",\"inLanguage\":\"en-US\",\"@id\":\"https:\\\/\\\/moldearte.com\\\/tratamiento\\\/tratamiento-intensivo-despigmentante-facial\\\/#primaryimage\",\"url\":\"https:\\\/\\\/moldearte.com\\\/wp-content\\\/uploads\\\/2023\\\/04\\\/15.jpg\",\"contentUrl\":\"https:\\\/\\\/moldearte.com\\\/wp-content\\\/uploads\\\/2023\\\/04\\\/15.jpg\",\"width\":1080,\"height\":1080},{\"@type\":\"BreadcrumbList\",\"@id\":\"https:\\\/\\\/moldearte.com\\\/tratamiento\\\/tratamiento-intensivo-despigmentante-facial\\\/#breadcrumb\",\"itemListElement\":[{\"@type\":\"ListItem\",\"position\":1,\"name\":\"Portada\",\"item\":\"https:\\\/\\\/moldearte.com\\\/\"},{\"@type\":\"ListItem\",\"position\":2,\"name\":\"Tienda\",\"item\":\"https:\\\/\\\/moldearte.com\\\/en\\\/tienda\\\/\"},{\"@type\":\"ListItem\",\"position\":3,\"name\":\"TRATAMIENTO INTENSIVO DESPIGMENTANTE FACIAL\"}]},{\"@type\":\"WebSite\",\"@id\":\"https:\\\/\\\/moldearte.com\\\/#website\",\"url\":\"https:\\\/\\\/moldearte.com\\\/\",\"name\":\"MoldeArte | L\u00edderes en Medicina Est\u00e9tica en Tijuana y Rosarito\",\"description\":\"Rejuvenecimiento Facial y corporal sin cirug\u00eda\",\"publisher\":{\"@id\":\"https:\\\/\\\/moldearte.com\\\/#organization\"},\"potentialAction\":[{\"@type\":\"SearchAction\",\"target\":{\"@type\":\"EntryPoint\",\"urlTemplate\":\"https:\\\/\\\/moldearte.com\\\/?s={search_term_string}\"},\"query-input\":{\"@type\":\"PropertyValueSpecification\",\"valueRequired\":true,\"valueName\":\"search_term_string\"}}],\"inLanguage\":\"en-US\"},{\"@type\":\"Organization\",\"@id\":\"https:\\\/\\\/moldearte.com\\\/#organization\",\"name\":\"MoldeArte | L\u00edderes en Medicina Est\u00e9tica en Tijuana y Rosarito\",\"url\":\"https:\\\/\\\/moldearte.com\\\/\",\"logo\":{\"@type\":\"ImageObject\",\"inLanguage\":\"en-US\",\"@id\":\"https:\\\/\\\/moldearte.com\\\/#\\\/schema\\\/logo\\\/image\\\/\",\"url\":\"https:\\\/\\\/moldearte.com\\\/wp-content\\\/uploads\\\/2023\\\/01\\\/cropped-cropped-rejuvenecimiento-facial-sin-cirugia-tijuana.png\",\"contentUrl\":\"https:\\\/\\\/moldearte.com\\\/wp-content\\\/uploads\\\/2023\\\/01\\\/cropped-cropped-rejuvenecimiento-facial-sin-cirugia-tijuana.png\",\"width\":3255,\"height\":1059,\"caption\":\"MoldeArte | L\u00edderes en Medicina Est\u00e9tica en Tijuana y Rosarito\"},\"image\":{\"@id\":\"https:\\\/\\\/moldearte.com\\\/#\\\/schema\\\/logo\\\/image\\\/\"}}]}<\/script>\n<meta property=\"product:price:amount\" content=\"1350.00\" \/>\n<meta property=\"product:price:currency\" content=\"MXN\" \/>\n<meta property=\"og:availability\" content=\"instock\" \/>\n<meta property=\"product:availability\" content=\"instock\" \/>\n<meta property=\"product:condition\" content=\"new\" \/>\n<!-- \/ Yoast SEO Premium plugin. -->","yoast_head_json":{"title":"TRATAMIENTO INTENSIVO DESPIGMENTANTE FACIAL - MoldeArte | L\u00edderes en Medicina Est\u00e9tica en Tijuana y Rosarito","robots":{"index":"index","follow":"follow","max-snippet":"max-snippet:-1","max-image-preview":"max-image-preview:large","max-video-preview":"max-video-preview:-1"},"canonical":"https:\/\/moldearte.com\/en\/tratamiento\/tratamiento-intensivo-despigmentante-facial\/","og_locale":"en_US","og_type":"article","og_title":"TRATAMIENTO INTENSIVO DESPIGMENTANTE FACIAL","og_description":"\u2728\ud83c\udf38 Recupera la luminosidad de tu piel y luce un tono m\u00e1s uniforme y radiante \ud83c\udf38\u2728 El Tratamiento Intensivo Despigmentante Facial combina renovaci\u00f3n cut\u00e1nea y tecnolog\u00eda lum\u00ednica para mejorar visiblemente la apariencia de manchas y tono irregular. Incluye 3 sesiones de Microdermoabrasi\u00f3n con punta diamante, 3 Foto Sesiones LED rejuvenecedoras con luz roja y 3 aplicaciones de Mascarilla Despigmentante, trabajando en conjunto para revitalizar y aclarar la piel. \u00bfQu\u00e9 incluye el tratamiento? \ud83d\udc96 El Tratamiento Intensivo Despigmentante Facial incluye: 3 sesiones de Microdermoabrasi\u00f3n con punta diamante + Foto sesi\u00f3n Led Despigmentante en rostro + Mascarilla Despigmentante. *Cuenta con 60 d\u00edas para realizarse el tratamiento a partir de su compra","og_url":"https:\/\/moldearte.com\/en\/tratamiento\/tratamiento-intensivo-despigmentante-facial\/","og_site_name":"MoldeArte | L\u00edderes en Medicina Est\u00e9tica en Tijuana y Rosarito","article_modified_time":"2026-04-06T19:09:06+00:00","og_image":[{"width":1080,"height":1080,"url":"https:\/\/moldearte.com\/wp-content\/uploads\/2023\/04\/15.jpg","type":"image\/jpeg"}],"twitter_card":"summary_large_image","twitter_misc":{"Price":"&#36;1,350.00","Availability":"In stock"},"schema":{"@context":"https:\/\/schema.org","@graph":[{"@type":"WebPage","@id":"https:\/\/moldearte.com\/tratamiento\/tratamiento-intensivo-despigmentante-facial\/","url":"https:\/\/moldearte.com\/tratamiento\/tratamiento-intensivo-despigmentante-facial\/","name":"TRATAMIENTO INTENSIVO DESPIGMENTANTE FACIAL - MoldeArte | L\u00edderes en Medicina Est\u00e9tica en Tijuana y Rosarito","isPartOf":{"@id":"https:\/\/moldearte.com\/#website"},"primaryImageOfPage":{"@id":"https:\/\/moldearte.com\/tratamiento\/tratamiento-intensivo-despigmentante-facial\/#primaryimage"},"image":{"@id":"https:\/\/moldearte.com\/tratamiento\/tratamiento-intensivo-despigmentante-facial\/#primaryimage"},"thumbnailUrl":"https:\/\/moldearte.com\/wp-content\/uploads\/2023\/04\/15.jpg","datePublished":"2026-03-09T20:21:35+00:00","dateModified":"2026-04-06T19:09:06+00:00","breadcrumb":{"@id":"https:\/\/moldearte.com\/tratamiento\/tratamiento-intensivo-despigmentante-facial\/#breadcrumb"},"inLanguage":"en-US","potentialAction":[{"@type":"ReadAction","target":["https:\/\/moldearte.com\/tratamiento\/tratamiento-intensivo-despigmentante-facial\/"]}]},{"@type":"ImageObject","inLanguage":"en-US","@id":"https:\/\/moldearte.com\/tratamiento\/tratamiento-intensivo-despigmentante-facial\/#primaryimage","url":"https:\/\/moldearte.com\/wp-content\/uploads\/2023\/04\/15.jpg","contentUrl":"https:\/\/moldearte.com\/wp-content\/uploads\/2023\/04\/15.jpg","width":1080,"height":1080},{"@type":"BreadcrumbList","@id":"https:\/\/moldearte.com\/tratamiento\/tratamiento-intensivo-despigmentante-facial\/#breadcrumb","itemListElement":[{"@type":"ListItem","position":1,"name":"Portada","item":"https:\/\/moldearte.com\/"},{"@type":"ListItem","position":2,"name":"Tienda","item":"https:\/\/moldearte.com\/en\/tienda\/"},{"@type":"ListItem","position":3,"name":"TRATAMIENTO INTENSIVO DESPIGMENTANTE FACIAL"}]},{"@type":"WebSite","@id":"https:\/\/moldearte.com\/#website","url":"https:\/\/moldearte.com\/","name":"MoldeArte | L\u00edderes en Medicina Est\u00e9tica en Tijuana y Rosarito","description":"Rejuvenecimiento Facial y corporal sin cirug\u00eda","publisher":{"@id":"https:\/\/moldearte.com\/#organization"},"potentialAction":[{"@type":"SearchAction","target":{"@type":"EntryPoint","urlTemplate":"https:\/\/moldearte.com\/?s={search_term_string}"},"query-input":{"@type":"PropertyValueSpecification","valueRequired":true,"valueName":"search_term_string"}}],"inLanguage":"en-US"},{"@type":"Organization","@id":"https:\/\/moldearte.com\/#organization","name":"MoldeArte | L\u00edderes en Medicina Est\u00e9tica en Tijuana y Rosarito","url":"https:\/\/moldearte.com\/","logo":{"@type":"ImageObject","inLanguage":"en-US","@id":"https:\/\/moldearte.com\/#\/schema\/logo\/image\/","url":"https:\/\/moldearte.com\/wp-content\/uploads\/2023\/01\/cropped-cropped-rejuvenecimiento-facial-sin-cirugia-tijuana.png","contentUrl":"https:\/\/moldearte.com\/wp-content\/uploads\/2023\/01\/cropped-cropped-rejuvenecimiento-facial-sin-cirugia-tijuana.png","width":3255,"height":1059,"caption":"MoldeArte | L\u00edderes en Medicina Est\u00e9tica en Tijuana y Rosarito"},"image":{"@id":"https:\/\/moldearte.com\/#\/schema\/logo\/image\/"}}]},"product_price_amount":"1350.00","product_price_currency":"MXN","og_availability":"instock","product_availability":"instock","product_condition":"new"},"_links":{"self":[{"href":"https:\/\/moldearte.com\/en\/wp-json\/wp\/v2\/product\/24378","targetHints":{"allow":["GET"]}}],"collection":[{"href":"https:\/\/moldearte.com\/en\/wp-json\/wp\/v2\/product"}],"about":[{"href":"https:\/\/moldearte.com\/en\/wp-json\/wp\/v2\/types\/product"}],"wp:featuredmedia":[{"embeddable":true,"href":"https:\/\/moldearte.com\/en\/wp-json\/wp\/v2\/media\/2426"}],"wp:attachment":[{"href":"https:\/\/moldearte.com\/en\/wp-json\/wp\/v2\/media?parent=24378"}],"wp:term":[{"taxonomy":"product_brand","embeddable":true,"href":"https:\/\/moldearte.com\/en\/wp-json\/wp\/v2\/product_brand?post=24378"},{"taxonomy":"product_cat","embeddable":true,"href":"https:\/\/moldearte.com\/en\/wp-json\/wp\/v2\/product_cat?post=24378"},{"taxonomy":"product_tag","embeddable":true,"href":"https:\/\/moldearte.com\/en\/wp-json\/wp\/v2\/product_tag?post=24378"},{"taxonomy":"giftcard-category","embeddable":true,"href":"https:\/\/moldearte.com\/en\/wp-json\/wp\/v2\/giftcard-category?post=24378"}],"curies":[{"name":"wp","href":"https:\/\/api.w.org\/{rel}","templated":true}]}}