{"id":24374,"date":"2026-03-09T12:57:26","date_gmt":"2026-03-09T19:57:26","guid":{"rendered":"https:\/\/moldearte.com\/?post_type=product&#038;p=24374"},"modified":"2026-03-09T12:57:27","modified_gmt":"2026-03-09T19:57:27","slug":"bio-regeneracion-con-celulas-madre","status":"publish","type":"product","link":"https:\/\/moldearte.com\/en\/tratamiento\/bio-regeneracion-con-celulas-madre\/","title":{"rendered":"BIO-REGENERACI\u00d3N CON C\u00c9LULAS MADRE"},"content":{"rendered":"<h4>\u00bfQui\u00e9n es candidato a ese tratamiento?<\/h4>\n<p>Personas que desean mejorar la textura, luminosidad y uniformidad del rostro, as\u00ed como tratar signos de envejecimiento o manchas.<\/p>\n<h4>Edad o tipo de piel ideal para realizarse el servicio<\/h4>\n<p>Recomendado a partir de los 30 a\u00f1os. Ideal para piel con manchas, tono desigual, textura irregular o signos de envejecimiento temprano.<\/p>\n<h4>Los principales 5 beneficios del tratamiento<\/h4>\n<p>\u2728 Estimula la regeneraci\u00f3n celular de la piel<br \/>\n\u2728 Mejora la luminosidad y uniformidad del rostro<br \/>\n\u2728 Ayuda a reducir la apariencia de manchas<br \/>\n\u2728 Refina la textura y suavidad de la piel<br \/>\n\u2728 Aporta una apariencia m\u00e1s fresca y rejuvenecida \ud83d\udc96<\/p>\n<p>\ud83c\udf38 Un protocolo dise\u00f1ado para revitalizar la piel, mejorar su calidad y devolverle su brillo natural.<\/p>","protected":false},"excerpt":{"rendered":"<p><strong>\u2728\ud83c\udf3f Renueva tu piel desde lo m\u00e1s profundo y revela un rostro m\u00e1s luminoso y uniforme \ud83c\udf3f\u2728<\/strong><br \/>\nEl paquete Bio-Regeneraci\u00f3n con C\u00e9lulas Madre combina terapias regenerativas y tecnolog\u00eda est\u00e9tica para mejorar la calidad de la piel. Incluye 3 sesiones de C\u00e9lulas Madre en rostro, 3 sesiones de Microdermoabrasi\u00f3n para renovar la superficie cut\u00e1nea y 3 Foto Sesiones con luz LED verde que ayudan a trabajar la despigmentaci\u00f3n y unificar el tono del rostro.<\/p>\n<h4>\u00bfQu\u00e9 incluye el tratamiento? \ud83d\udc96<\/h4>\n<p>El paquete bio-regeneraci\u00f3n con C\u00e9lulas Madre incluye: 3 sesiones de C\u00e9lulas Madre en rostro + Microdermoabrasi\u00f3n en rostro + Foto Sesiones con Luz Led verde para la despigmentaci\u00f3n profunda en rostro.<br \/>\n<span style=\"color: #ff914d;\"><strong>*Cuenta con 60 d\u00edas para realizarse el tratamiento a partir de su compra<\/strong><\/span><\/p>","protected":false},"featured_media":8076,"template":"","meta":[],"product_brand":[],"product_cat":[262],"product_tag":[],"giftcard-category":[],"class_list":{"0":"post-24374","1":"product","2":"type-product","3":"status-publish","4":"has-post-thumbnail","6":"product_cat-promosmedicas","8":"first","9":"instock","10":"sale","11":"virtual","12":"purchasable","13":"product-type-simple"},"yoast_head":"<!-- This site is optimized with the Yoast SEO Premium plugin v27.2 (Yoast SEO v27.3) - https:\/\/yoast.com\/product\/yoast-seo-premium-wordpress\/ -->\n<title>BIO-REGENERACI\u00d3N CON C\u00c9LULAS MADRE - MoldeArte | L\u00edderes en Medicina Est\u00e9tica en Tijuana y Rosarito<\/title>\n<meta name=\"robots\" content=\"index, follow, max-snippet:-1, max-image-preview:large, max-video-preview:-1\" \/>\n<link rel=\"canonical\" href=\"https:\/\/moldearte.com\/en\/tratamiento\/bio-regeneracion-con-celulas-madre\/\" \/>\n<meta property=\"og:locale\" content=\"en_US\" \/>\n<meta property=\"og:type\" content=\"article\" \/>\n<meta property=\"og:title\" content=\"BIO-REGENERACI\u00d3N CON C\u00c9LULAS MADRE\" \/>\n<meta property=\"og:description\" content=\"\u2728\ud83c\udf3f Renueva tu piel desde lo m\u00e1s profundo y revela un rostro m\u00e1s luminoso y uniforme \ud83c\udf3f\u2728 El paquete Bio-Regeneraci\u00f3n con C\u00e9lulas Madre combina terapias regenerativas y tecnolog\u00eda est\u00e9tica para mejorar la calidad de la piel. Incluye 3 sesiones de C\u00e9lulas Madre en rostro, 3 sesiones de Microdermoabrasi\u00f3n para renovar la superficie cut\u00e1nea y 3 Foto Sesiones con luz LED verde que ayudan a trabajar la despigmentaci\u00f3n y unificar el tono del rostro. \u00bfQu\u00e9 incluye el tratamiento? \ud83d\udc96 El paquete bio-regeneraci\u00f3n con C\u00e9lulas Madre incluye: 3 sesiones de C\u00e9lulas Madre en rostro + Microdermoabrasi\u00f3n en rostro + Foto Sesiones con Luz Led verde para la despigmentaci\u00f3n profunda en rostro. *Cuenta con 60 d\u00edas para realizarse el tratamiento a partir de su compra\" \/>\n<meta property=\"og:url\" content=\"https:\/\/moldearte.com\/en\/tratamiento\/bio-regeneracion-con-celulas-madre\/\" \/>\n<meta property=\"og:site_name\" content=\"MoldeArte | L\u00edderes en Medicina Est\u00e9tica en Tijuana y Rosarito\" \/>\n<meta property=\"article:modified_time\" content=\"2026-03-09T19:57:27+00:00\" \/>\n<meta property=\"og:image\" content=\"https:\/\/moldearte.com\/wp-content\/uploads\/2024\/11\/Facial-Rejuvenecedor.png\" \/>\n\t<meta property=\"og:image:width\" content=\"1080\" \/>\n\t<meta property=\"og:image:height\" content=\"1080\" \/>\n\t<meta property=\"og:image:type\" content=\"image\/png\" \/>\n<meta name=\"twitter:card\" content=\"summary_large_image\" \/>\n<meta name=\"twitter:label1\" content=\"Price\" \/>\n\t<meta name=\"twitter:data1\" content=\"&#036;6,900.00\" \/>\n\t<meta name=\"twitter:label2\" content=\"Availability\" \/>\n\t<meta name=\"twitter:data2\" content=\"In stock\" \/>\n<script type=\"application\/ld+json\" class=\"yoast-schema-graph\">{\"@context\":\"https:\\\/\\\/schema.org\",\"@graph\":[{\"@type\":\"WebPage\",\"@id\":\"https:\\\/\\\/moldearte.com\\\/tratamiento\\\/bio-regeneracion-con-celulas-madre\\\/\",\"url\":\"https:\\\/\\\/moldearte.com\\\/tratamiento\\\/bio-regeneracion-con-celulas-madre\\\/\",\"name\":\"BIO-REGENERACI\u00d3N CON C\u00c9LULAS MADRE - MoldeArte | L\u00edderes en Medicina Est\u00e9tica en Tijuana y Rosarito\",\"isPartOf\":{\"@id\":\"https:\\\/\\\/moldearte.com\\\/#website\"},\"primaryImageOfPage\":{\"@id\":\"https:\\\/\\\/moldearte.com\\\/tratamiento\\\/bio-regeneracion-con-celulas-madre\\\/#primaryimage\"},\"image\":{\"@id\":\"https:\\\/\\\/moldearte.com\\\/tratamiento\\\/bio-regeneracion-con-celulas-madre\\\/#primaryimage\"},\"thumbnailUrl\":\"https:\\\/\\\/moldearte.com\\\/wp-content\\\/uploads\\\/2024\\\/11\\\/Facial-Rejuvenecedor.png\",\"datePublished\":\"2026-03-09T19:57:26+00:00\",\"dateModified\":\"2026-03-09T19:57:27+00:00\",\"breadcrumb\":{\"@id\":\"https:\\\/\\\/moldearte.com\\\/tratamiento\\\/bio-regeneracion-con-celulas-madre\\\/#breadcrumb\"},\"inLanguage\":\"en-US\",\"potentialAction\":[{\"@type\":\"ReadAction\",\"target\":[\"https:\\\/\\\/moldearte.com\\\/tratamiento\\\/bio-regeneracion-con-celulas-madre\\\/\"]}]},{\"@type\":\"ImageObject\",\"inLanguage\":\"en-US\",\"@id\":\"https:\\\/\\\/moldearte.com\\\/tratamiento\\\/bio-regeneracion-con-celulas-madre\\\/#primaryimage\",\"url\":\"https:\\\/\\\/moldearte.com\\\/wp-content\\\/uploads\\\/2024\\\/11\\\/Facial-Rejuvenecedor.png\",\"contentUrl\":\"https:\\\/\\\/moldearte.com\\\/wp-content\\\/uploads\\\/2024\\\/11\\\/Facial-Rejuvenecedor.png\",\"width\":1080,\"height\":1080},{\"@type\":\"BreadcrumbList\",\"@id\":\"https:\\\/\\\/moldearte.com\\\/tratamiento\\\/bio-regeneracion-con-celulas-madre\\\/#breadcrumb\",\"itemListElement\":[{\"@type\":\"ListItem\",\"position\":1,\"name\":\"Portada\",\"item\":\"https:\\\/\\\/moldearte.com\\\/\"},{\"@type\":\"ListItem\",\"position\":2,\"name\":\"Tienda\",\"item\":\"https:\\\/\\\/moldearte.com\\\/en\\\/tienda\\\/\"},{\"@type\":\"ListItem\",\"position\":3,\"name\":\"BIO-REGENERACI\u00d3N CON C\u00c9LULAS MADRE\"}]},{\"@type\":\"WebSite\",\"@id\":\"https:\\\/\\\/moldearte.com\\\/#website\",\"url\":\"https:\\\/\\\/moldearte.com\\\/\",\"name\":\"MoldeArte | L\u00edderes en Medicina Est\u00e9tica en Tijuana y Rosarito\",\"description\":\"Rejuvenecimiento Facial y corporal sin cirug\u00eda\",\"publisher\":{\"@id\":\"https:\\\/\\\/moldearte.com\\\/#organization\"},\"potentialAction\":[{\"@type\":\"SearchAction\",\"target\":{\"@type\":\"EntryPoint\",\"urlTemplate\":\"https:\\\/\\\/moldearte.com\\\/?s={search_term_string}\"},\"query-input\":{\"@type\":\"PropertyValueSpecification\",\"valueRequired\":true,\"valueName\":\"search_term_string\"}}],\"inLanguage\":\"en-US\"},{\"@type\":\"Organization\",\"@id\":\"https:\\\/\\\/moldearte.com\\\/#organization\",\"name\":\"MoldeArte | L\u00edderes en Medicina Est\u00e9tica en Tijuana y Rosarito\",\"url\":\"https:\\\/\\\/moldearte.com\\\/\",\"logo\":{\"@type\":\"ImageObject\",\"inLanguage\":\"en-US\",\"@id\":\"https:\\\/\\\/moldearte.com\\\/#\\\/schema\\\/logo\\\/image\\\/\",\"url\":\"https:\\\/\\\/moldearte.com\\\/wp-content\\\/uploads\\\/2023\\\/01\\\/cropped-cropped-rejuvenecimiento-facial-sin-cirugia-tijuana.png\",\"contentUrl\":\"https:\\\/\\\/moldearte.com\\\/wp-content\\\/uploads\\\/2023\\\/01\\\/cropped-cropped-rejuvenecimiento-facial-sin-cirugia-tijuana.png\",\"width\":3255,\"height\":1059,\"caption\":\"MoldeArte | L\u00edderes en Medicina Est\u00e9tica en Tijuana y Rosarito\"},\"image\":{\"@id\":\"https:\\\/\\\/moldearte.com\\\/#\\\/schema\\\/logo\\\/image\\\/\"}}]}<\/script>\n<meta property=\"product:price:amount\" content=\"6900.00\" \/>\n<meta property=\"product:price:currency\" content=\"MXN\" \/>\n<meta property=\"og:availability\" content=\"instock\" \/>\n<meta property=\"product:availability\" content=\"instock\" \/>\n<meta property=\"product:condition\" content=\"new\" \/>\n<!-- \/ Yoast SEO Premium plugin. -->","yoast_head_json":{"title":"BIO-REGENERACI\u00d3N CON C\u00c9LULAS MADRE - MoldeArte | L\u00edderes en Medicina Est\u00e9tica en Tijuana y Rosarito","robots":{"index":"index","follow":"follow","max-snippet":"max-snippet:-1","max-image-preview":"max-image-preview:large","max-video-preview":"max-video-preview:-1"},"canonical":"https:\/\/moldearte.com\/en\/tratamiento\/bio-regeneracion-con-celulas-madre\/","og_locale":"en_US","og_type":"article","og_title":"BIO-REGENERACI\u00d3N CON C\u00c9LULAS MADRE","og_description":"\u2728\ud83c\udf3f Renueva tu piel desde lo m\u00e1s profundo y revela un rostro m\u00e1s luminoso y uniforme \ud83c\udf3f\u2728 El paquete Bio-Regeneraci\u00f3n con C\u00e9lulas Madre combina terapias regenerativas y tecnolog\u00eda est\u00e9tica para mejorar la calidad de la piel. Incluye 3 sesiones de C\u00e9lulas Madre en rostro, 3 sesiones de Microdermoabrasi\u00f3n para renovar la superficie cut\u00e1nea y 3 Foto Sesiones con luz LED verde que ayudan a trabajar la despigmentaci\u00f3n y unificar el tono del rostro. \u00bfQu\u00e9 incluye el tratamiento? \ud83d\udc96 El paquete bio-regeneraci\u00f3n con C\u00e9lulas Madre incluye: 3 sesiones de C\u00e9lulas Madre en rostro + Microdermoabrasi\u00f3n en rostro + Foto Sesiones con Luz Led verde para la despigmentaci\u00f3n profunda en rostro. *Cuenta con 60 d\u00edas para realizarse el tratamiento a partir de su compra","og_url":"https:\/\/moldearte.com\/en\/tratamiento\/bio-regeneracion-con-celulas-madre\/","og_site_name":"MoldeArte | L\u00edderes en Medicina Est\u00e9tica en Tijuana y Rosarito","article_modified_time":"2026-03-09T19:57:27+00:00","og_image":[{"width":1080,"height":1080,"url":"https:\/\/moldearte.com\/wp-content\/uploads\/2024\/11\/Facial-Rejuvenecedor.png","type":"image\/png"}],"twitter_card":"summary_large_image","twitter_misc":{"Price":"&#36;6,900.00","Availability":"In stock"},"schema":{"@context":"https:\/\/schema.org","@graph":[{"@type":"WebPage","@id":"https:\/\/moldearte.com\/tratamiento\/bio-regeneracion-con-celulas-madre\/","url":"https:\/\/moldearte.com\/tratamiento\/bio-regeneracion-con-celulas-madre\/","name":"BIO-REGENERACI\u00d3N CON C\u00c9LULAS MADRE - MoldeArte | L\u00edderes en Medicina Est\u00e9tica en Tijuana y Rosarito","isPartOf":{"@id":"https:\/\/moldearte.com\/#website"},"primaryImageOfPage":{"@id":"https:\/\/moldearte.com\/tratamiento\/bio-regeneracion-con-celulas-madre\/#primaryimage"},"image":{"@id":"https:\/\/moldearte.com\/tratamiento\/bio-regeneracion-con-celulas-madre\/#primaryimage"},"thumbnailUrl":"https:\/\/moldearte.com\/wp-content\/uploads\/2024\/11\/Facial-Rejuvenecedor.png","datePublished":"2026-03-09T19:57:26+00:00","dateModified":"2026-03-09T19:57:27+00:00","breadcrumb":{"@id":"https:\/\/moldearte.com\/tratamiento\/bio-regeneracion-con-celulas-madre\/#breadcrumb"},"inLanguage":"en-US","potentialAction":[{"@type":"ReadAction","target":["https:\/\/moldearte.com\/tratamiento\/bio-regeneracion-con-celulas-madre\/"]}]},{"@type":"ImageObject","inLanguage":"en-US","@id":"https:\/\/moldearte.com\/tratamiento\/bio-regeneracion-con-celulas-madre\/#primaryimage","url":"https:\/\/moldearte.com\/wp-content\/uploads\/2024\/11\/Facial-Rejuvenecedor.png","contentUrl":"https:\/\/moldearte.com\/wp-content\/uploads\/2024\/11\/Facial-Rejuvenecedor.png","width":1080,"height":1080},{"@type":"BreadcrumbList","@id":"https:\/\/moldearte.com\/tratamiento\/bio-regeneracion-con-celulas-madre\/#breadcrumb","itemListElement":[{"@type":"ListItem","position":1,"name":"Portada","item":"https:\/\/moldearte.com\/"},{"@type":"ListItem","position":2,"name":"Tienda","item":"https:\/\/moldearte.com\/en\/tienda\/"},{"@type":"ListItem","position":3,"name":"BIO-REGENERACI\u00d3N CON C\u00c9LULAS MADRE"}]},{"@type":"WebSite","@id":"https:\/\/moldearte.com\/#website","url":"https:\/\/moldearte.com\/","name":"MoldeArte | L\u00edderes en Medicina Est\u00e9tica en Tijuana y Rosarito","description":"Rejuvenecimiento Facial y corporal sin cirug\u00eda","publisher":{"@id":"https:\/\/moldearte.com\/#organization"},"potentialAction":[{"@type":"SearchAction","target":{"@type":"EntryPoint","urlTemplate":"https:\/\/moldearte.com\/?s={search_term_string}"},"query-input":{"@type":"PropertyValueSpecification","valueRequired":true,"valueName":"search_term_string"}}],"inLanguage":"en-US"},{"@type":"Organization","@id":"https:\/\/moldearte.com\/#organization","name":"MoldeArte | L\u00edderes en Medicina Est\u00e9tica en Tijuana y Rosarito","url":"https:\/\/moldearte.com\/","logo":{"@type":"ImageObject","inLanguage":"en-US","@id":"https:\/\/moldearte.com\/#\/schema\/logo\/image\/","url":"https:\/\/moldearte.com\/wp-content\/uploads\/2023\/01\/cropped-cropped-rejuvenecimiento-facial-sin-cirugia-tijuana.png","contentUrl":"https:\/\/moldearte.com\/wp-content\/uploads\/2023\/01\/cropped-cropped-rejuvenecimiento-facial-sin-cirugia-tijuana.png","width":3255,"height":1059,"caption":"MoldeArte | L\u00edderes en Medicina Est\u00e9tica en Tijuana y Rosarito"},"image":{"@id":"https:\/\/moldearte.com\/#\/schema\/logo\/image\/"}}]},"product_price_amount":"6900.00","product_price_currency":"MXN","og_availability":"instock","product_availability":"instock","product_condition":"new"},"_links":{"self":[{"href":"https:\/\/moldearte.com\/en\/wp-json\/wp\/v2\/product\/24374","targetHints":{"allow":["GET"]}}],"collection":[{"href":"https:\/\/moldearte.com\/en\/wp-json\/wp\/v2\/product"}],"about":[{"href":"https:\/\/moldearte.com\/en\/wp-json\/wp\/v2\/types\/product"}],"wp:featuredmedia":[{"embeddable":true,"href":"https:\/\/moldearte.com\/en\/wp-json\/wp\/v2\/media\/8076"}],"wp:attachment":[{"href":"https:\/\/moldearte.com\/en\/wp-json\/wp\/v2\/media?parent=24374"}],"wp:term":[{"taxonomy":"product_brand","embeddable":true,"href":"https:\/\/moldearte.com\/en\/wp-json\/wp\/v2\/product_brand?post=24374"},{"taxonomy":"product_cat","embeddable":true,"href":"https:\/\/moldearte.com\/en\/wp-json\/wp\/v2\/product_cat?post=24374"},{"taxonomy":"product_tag","embeddable":true,"href":"https:\/\/moldearte.com\/en\/wp-json\/wp\/v2\/product_tag?post=24374"},{"taxonomy":"giftcard-category","embeddable":true,"href":"https:\/\/moldearte.com\/en\/wp-json\/wp\/v2\/giftcard-category?post=24374"}],"curies":[{"name":"wp","href":"https:\/\/api.w.org\/{rel}","templated":true}]}}