{"id":23319,"date":"2026-01-26T13:14:23","date_gmt":"2026-01-26T21:14:23","guid":{"rendered":"https:\/\/moldearte.com\/?post_type=product&#038;p=23319"},"modified":"2026-03-23T16:49:18","modified_gmt":"2026-03-23T23:49:18","slug":"baby-botox","status":"publish","type":"product","link":"https:\/\/moldearte.com\/en\/tratamiento\/baby-botox\/","title":{"rendered":"BABY BOTOX"},"content":{"rendered":"<h4>\u00bfQui\u00e9n es candidato a ese tratamiento?<\/h4>\n<p>Personas que desean prevenir l\u00edneas de expresi\u00f3n, suavizar gestos marcados o mantener una apariencia descansada sin cambios dr\u00e1sticos en su expresi\u00f3n facial.<\/p>\n<h4>Edad o tipo de piel ideal para realizarse el servicio<\/h4>\n<p>Recomendado a partir de los 25 a\u00f1os. Ideal para todo tipo de piel, especialmente en pieles con primeras l\u00edneas din\u00e1micas en frente, entrecejo o contorno de ojos.<\/p>\n<h4>Los principales 5 beneficios del tratamiento<\/h4>\n<p>\u2728 Suaviza l\u00edneas de expresi\u00f3n de forma natural<br \/>\n\u2728 Previene la profundizaci\u00f3n de arrugas<br \/>\n\u2728 Mantiene la movilidad y expresividad del rostro<br \/>\n\u2728 Aporta un aspecto fresco y descansado<br \/>\n\u2728 Resultados sutiles, arm\u00f3nicos y progresivos \ud83d\udc96<\/p>\n<p>\ud83c\udf38 Una opci\u00f3n perfecta para cuidar tu piel hoy y prevenir ma\u00f1ana, sin perder tu esencia.<\/p>","protected":false},"excerpt":{"rendered":"<p><strong>\u2728\ud83d\udc89 Suaviza tu expresi\u00f3n sin perder naturalidad \ud83d\udc89\u2728<\/strong><br \/>\nEl Baby Botox es una t\u00e9cnica de aplicaci\u00f3n de toxina botul\u00ednica en dosis m\u00e1s peque\u00f1as y precisas, dise\u00f1ada para relajar sutilmente los m\u00fasculos faciales. Su objetivo es prevenir y atenuar l\u00edneas de expresi\u00f3n manteniendo un aspecto fresco, natural y sin rigidez.<\/p>\n<h4>\u00bfQu\u00e9 incluye el tratamiento? \ud83d\udc96<\/h4>\n<p>Aplicaci\u00f3n de Toxina Botul\u00ednica Botox\u00ae en Frente, Entrecejo y L\u00edneas alrededor de los ojos (25 U)<br \/>\n<span style=\"color: #ff914d;\"><strong>Cuenta con 60 d\u00edas para realizarse el tratamiento a partir de su compra<\/strong><\/span><\/p>","protected":false},"featured_media":1646,"template":"","meta":[],"product_brand":[],"product_cat":[262,239,233,26],"product_tag":[],"giftcard-category":[],"class_list":{"0":"post-23319","1":"product","2":"type-product","3":"status-publish","4":"has-post-thumbnail","6":"product_cat-promosmedicas","7":"product_cat-relaja-y-atenua-lineas-de-expresion","8":"product_cat-toxinas-botulinicas","9":"product_cat-txmedicos","11":"first","12":"instock","13":"sale","14":"virtual","15":"purchasable","16":"product-type-simple"},"yoast_head":"<!-- This site is optimized with the Yoast SEO Premium plugin v27.2 (Yoast SEO v27.3) - https:\/\/yoast.com\/product\/yoast-seo-premium-wordpress\/ -->\n<title>BABY BOTOX - MoldeArte | L\u00edderes en Medicina Est\u00e9tica en Tijuana y Rosarito<\/title>\n<meta name=\"robots\" content=\"index, follow, max-snippet:-1, max-image-preview:large, max-video-preview:-1\" \/>\n<link rel=\"canonical\" href=\"https:\/\/moldearte.com\/en\/tratamiento\/baby-botox\/\" \/>\n<meta property=\"og:locale\" content=\"en_US\" \/>\n<meta property=\"og:type\" content=\"article\" \/>\n<meta property=\"og:title\" content=\"BABY BOTOX\" \/>\n<meta property=\"og:description\" content=\"\u2728\ud83d\udc89 Suaviza tu expresi\u00f3n sin perder naturalidad \ud83d\udc89\u2728 El Baby Botox es una t\u00e9cnica de aplicaci\u00f3n de toxina botul\u00ednica en dosis m\u00e1s peque\u00f1as y precisas, dise\u00f1ada para relajar sutilmente los m\u00fasculos faciales. Su objetivo es prevenir y atenuar l\u00edneas de expresi\u00f3n manteniendo un aspecto fresco, natural y sin rigidez. \u00bfQu\u00e9 incluye el tratamiento? \ud83d\udc96 Aplicaci\u00f3n de Toxina Botul\u00ednica Botox\u00ae en Frente, Entrecejo y L\u00edneas alrededor de los ojos (25 U) Cuenta con 60 d\u00edas para realizarse el tratamiento a partir de su compra\" \/>\n<meta property=\"og:url\" content=\"https:\/\/moldearte.com\/en\/tratamiento\/baby-botox\/\" \/>\n<meta property=\"og:site_name\" content=\"MoldeArte | L\u00edderes en Medicina Est\u00e9tica en Tijuana y Rosarito\" \/>\n<meta property=\"article:modified_time\" content=\"2026-03-23T23:49:18+00:00\" \/>\n<meta property=\"og:image\" content=\"https:\/\/moldearte.com\/wp-content\/uploads\/2023\/05\/S18-Revitari-LABIOS-C.png\" \/>\n\t<meta property=\"og:image:width\" content=\"1080\" \/>\n\t<meta property=\"og:image:height\" content=\"1080\" \/>\n\t<meta property=\"og:image:type\" content=\"image\/png\" \/>\n<meta name=\"twitter:card\" content=\"summary_large_image\" \/>\n<meta name=\"twitter:label1\" content=\"Price\" \/>\n\t<meta name=\"twitter:data1\" content=\"&#036;3,000.00\" \/>\n\t<meta name=\"twitter:label2\" content=\"Availability\" \/>\n\t<meta name=\"twitter:data2\" content=\"In stock\" \/>\n<script type=\"application\/ld+json\" class=\"yoast-schema-graph\">{\"@context\":\"https:\\\/\\\/schema.org\",\"@graph\":[{\"@type\":\"WebPage\",\"@id\":\"https:\\\/\\\/moldearte.com\\\/tratamiento\\\/baby-botox\\\/\",\"url\":\"https:\\\/\\\/moldearte.com\\\/tratamiento\\\/baby-botox\\\/\",\"name\":\"BABY BOTOX - MoldeArte | L\u00edderes en Medicina Est\u00e9tica en Tijuana y Rosarito\",\"isPartOf\":{\"@id\":\"https:\\\/\\\/moldearte.com\\\/#website\"},\"primaryImageOfPage\":{\"@id\":\"https:\\\/\\\/moldearte.com\\\/tratamiento\\\/baby-botox\\\/#primaryimage\"},\"image\":{\"@id\":\"https:\\\/\\\/moldearte.com\\\/tratamiento\\\/baby-botox\\\/#primaryimage\"},\"thumbnailUrl\":\"https:\\\/\\\/moldearte.com\\\/wp-content\\\/uploads\\\/2023\\\/05\\\/S18-Revitari-LABIOS-C.png\",\"datePublished\":\"2026-01-26T21:14:23+00:00\",\"dateModified\":\"2026-03-23T23:49:18+00:00\",\"breadcrumb\":{\"@id\":\"https:\\\/\\\/moldearte.com\\\/tratamiento\\\/baby-botox\\\/#breadcrumb\"},\"inLanguage\":\"en-US\",\"potentialAction\":[{\"@type\":\"ReadAction\",\"target\":[\"https:\\\/\\\/moldearte.com\\\/tratamiento\\\/baby-botox\\\/\"]}]},{\"@type\":\"ImageObject\",\"inLanguage\":\"en-US\",\"@id\":\"https:\\\/\\\/moldearte.com\\\/tratamiento\\\/baby-botox\\\/#primaryimage\",\"url\":\"https:\\\/\\\/moldearte.com\\\/wp-content\\\/uploads\\\/2023\\\/05\\\/S18-Revitari-LABIOS-C.png\",\"contentUrl\":\"https:\\\/\\\/moldearte.com\\\/wp-content\\\/uploads\\\/2023\\\/05\\\/S18-Revitari-LABIOS-C.png\",\"width\":1080,\"height\":1080},{\"@type\":\"BreadcrumbList\",\"@id\":\"https:\\\/\\\/moldearte.com\\\/tratamiento\\\/baby-botox\\\/#breadcrumb\",\"itemListElement\":[{\"@type\":\"ListItem\",\"position\":1,\"name\":\"Portada\",\"item\":\"https:\\\/\\\/moldearte.com\\\/\"},{\"@type\":\"ListItem\",\"position\":2,\"name\":\"Tienda\",\"item\":\"https:\\\/\\\/moldearte.com\\\/en\\\/tienda\\\/\"},{\"@type\":\"ListItem\",\"position\":3,\"name\":\"BABY BOTOX\"}]},{\"@type\":\"WebSite\",\"@id\":\"https:\\\/\\\/moldearte.com\\\/#website\",\"url\":\"https:\\\/\\\/moldearte.com\\\/\",\"name\":\"MoldeArte | L\u00edderes en Medicina Est\u00e9tica en Tijuana y Rosarito\",\"description\":\"Rejuvenecimiento Facial y corporal sin cirug\u00eda\",\"publisher\":{\"@id\":\"https:\\\/\\\/moldearte.com\\\/#organization\"},\"potentialAction\":[{\"@type\":\"SearchAction\",\"target\":{\"@type\":\"EntryPoint\",\"urlTemplate\":\"https:\\\/\\\/moldearte.com\\\/?s={search_term_string}\"},\"query-input\":{\"@type\":\"PropertyValueSpecification\",\"valueRequired\":true,\"valueName\":\"search_term_string\"}}],\"inLanguage\":\"en-US\"},{\"@type\":\"Organization\",\"@id\":\"https:\\\/\\\/moldearte.com\\\/#organization\",\"name\":\"MoldeArte | L\u00edderes en Medicina Est\u00e9tica en Tijuana y Rosarito\",\"url\":\"https:\\\/\\\/moldearte.com\\\/\",\"logo\":{\"@type\":\"ImageObject\",\"inLanguage\":\"en-US\",\"@id\":\"https:\\\/\\\/moldearte.com\\\/#\\\/schema\\\/logo\\\/image\\\/\",\"url\":\"https:\\\/\\\/moldearte.com\\\/wp-content\\\/uploads\\\/2023\\\/01\\\/cropped-cropped-rejuvenecimiento-facial-sin-cirugia-tijuana.png\",\"contentUrl\":\"https:\\\/\\\/moldearte.com\\\/wp-content\\\/uploads\\\/2023\\\/01\\\/cropped-cropped-rejuvenecimiento-facial-sin-cirugia-tijuana.png\",\"width\":3255,\"height\":1059,\"caption\":\"MoldeArte | L\u00edderes en Medicina Est\u00e9tica en Tijuana y Rosarito\"},\"image\":{\"@id\":\"https:\\\/\\\/moldearte.com\\\/#\\\/schema\\\/logo\\\/image\\\/\"}}]}<\/script>\n<meta property=\"product:price:amount\" content=\"3000.00\" \/>\n<meta property=\"product:price:currency\" content=\"MXN\" \/>\n<meta property=\"og:availability\" content=\"instock\" \/>\n<meta property=\"product:availability\" content=\"instock\" \/>\n<meta property=\"product:condition\" content=\"new\" \/>\n<!-- \/ Yoast SEO Premium plugin. -->","yoast_head_json":{"title":"BABY BOTOX - MoldeArte | L\u00edderes en Medicina Est\u00e9tica en Tijuana y Rosarito","robots":{"index":"index","follow":"follow","max-snippet":"max-snippet:-1","max-image-preview":"max-image-preview:large","max-video-preview":"max-video-preview:-1"},"canonical":"https:\/\/moldearte.com\/en\/tratamiento\/baby-botox\/","og_locale":"en_US","og_type":"article","og_title":"BABY BOTOX","og_description":"\u2728\ud83d\udc89 Suaviza tu expresi\u00f3n sin perder naturalidad \ud83d\udc89\u2728 El Baby Botox es una t\u00e9cnica de aplicaci\u00f3n de toxina botul\u00ednica en dosis m\u00e1s peque\u00f1as y precisas, dise\u00f1ada para relajar sutilmente los m\u00fasculos faciales. Su objetivo es prevenir y atenuar l\u00edneas de expresi\u00f3n manteniendo un aspecto fresco, natural y sin rigidez. \u00bfQu\u00e9 incluye el tratamiento? \ud83d\udc96 Aplicaci\u00f3n de Toxina Botul\u00ednica Botox\u00ae en Frente, Entrecejo y L\u00edneas alrededor de los ojos (25 U) Cuenta con 60 d\u00edas para realizarse el tratamiento a partir de su compra","og_url":"https:\/\/moldearte.com\/en\/tratamiento\/baby-botox\/","og_site_name":"MoldeArte | L\u00edderes en Medicina Est\u00e9tica en Tijuana y Rosarito","article_modified_time":"2026-03-23T23:49:18+00:00","og_image":[{"width":1080,"height":1080,"url":"https:\/\/moldearte.com\/wp-content\/uploads\/2023\/05\/S18-Revitari-LABIOS-C.png","type":"image\/png"}],"twitter_card":"summary_large_image","twitter_misc":{"Price":"&#36;3,000.00","Availability":"In stock"},"schema":{"@context":"https:\/\/schema.org","@graph":[{"@type":"WebPage","@id":"https:\/\/moldearte.com\/tratamiento\/baby-botox\/","url":"https:\/\/moldearte.com\/tratamiento\/baby-botox\/","name":"BABY BOTOX - MoldeArte | L\u00edderes en Medicina Est\u00e9tica en Tijuana y Rosarito","isPartOf":{"@id":"https:\/\/moldearte.com\/#website"},"primaryImageOfPage":{"@id":"https:\/\/moldearte.com\/tratamiento\/baby-botox\/#primaryimage"},"image":{"@id":"https:\/\/moldearte.com\/tratamiento\/baby-botox\/#primaryimage"},"thumbnailUrl":"https:\/\/moldearte.com\/wp-content\/uploads\/2023\/05\/S18-Revitari-LABIOS-C.png","datePublished":"2026-01-26T21:14:23+00:00","dateModified":"2026-03-23T23:49:18+00:00","breadcrumb":{"@id":"https:\/\/moldearte.com\/tratamiento\/baby-botox\/#breadcrumb"},"inLanguage":"en-US","potentialAction":[{"@type":"ReadAction","target":["https:\/\/moldearte.com\/tratamiento\/baby-botox\/"]}]},{"@type":"ImageObject","inLanguage":"en-US","@id":"https:\/\/moldearte.com\/tratamiento\/baby-botox\/#primaryimage","url":"https:\/\/moldearte.com\/wp-content\/uploads\/2023\/05\/S18-Revitari-LABIOS-C.png","contentUrl":"https:\/\/moldearte.com\/wp-content\/uploads\/2023\/05\/S18-Revitari-LABIOS-C.png","width":1080,"height":1080},{"@type":"BreadcrumbList","@id":"https:\/\/moldearte.com\/tratamiento\/baby-botox\/#breadcrumb","itemListElement":[{"@type":"ListItem","position":1,"name":"Portada","item":"https:\/\/moldearte.com\/"},{"@type":"ListItem","position":2,"name":"Tienda","item":"https:\/\/moldearte.com\/en\/tienda\/"},{"@type":"ListItem","position":3,"name":"BABY BOTOX"}]},{"@type":"WebSite","@id":"https:\/\/moldearte.com\/#website","url":"https:\/\/moldearte.com\/","name":"MoldeArte | L\u00edderes en Medicina Est\u00e9tica en Tijuana y Rosarito","description":"Rejuvenecimiento Facial y corporal sin cirug\u00eda","publisher":{"@id":"https:\/\/moldearte.com\/#organization"},"potentialAction":[{"@type":"SearchAction","target":{"@type":"EntryPoint","urlTemplate":"https:\/\/moldearte.com\/?s={search_term_string}"},"query-input":{"@type":"PropertyValueSpecification","valueRequired":true,"valueName":"search_term_string"}}],"inLanguage":"en-US"},{"@type":"Organization","@id":"https:\/\/moldearte.com\/#organization","name":"MoldeArte | L\u00edderes en Medicina Est\u00e9tica en Tijuana y Rosarito","url":"https:\/\/moldearte.com\/","logo":{"@type":"ImageObject","inLanguage":"en-US","@id":"https:\/\/moldearte.com\/#\/schema\/logo\/image\/","url":"https:\/\/moldearte.com\/wp-content\/uploads\/2023\/01\/cropped-cropped-rejuvenecimiento-facial-sin-cirugia-tijuana.png","contentUrl":"https:\/\/moldearte.com\/wp-content\/uploads\/2023\/01\/cropped-cropped-rejuvenecimiento-facial-sin-cirugia-tijuana.png","width":3255,"height":1059,"caption":"MoldeArte | L\u00edderes en Medicina Est\u00e9tica en Tijuana y Rosarito"},"image":{"@id":"https:\/\/moldearte.com\/#\/schema\/logo\/image\/"}}]},"product_price_amount":"3000.00","product_price_currency":"MXN","og_availability":"instock","product_availability":"instock","product_condition":"new"},"_links":{"self":[{"href":"https:\/\/moldearte.com\/en\/wp-json\/wp\/v2\/product\/23319","targetHints":{"allow":["GET"]}}],"collection":[{"href":"https:\/\/moldearte.com\/en\/wp-json\/wp\/v2\/product"}],"about":[{"href":"https:\/\/moldearte.com\/en\/wp-json\/wp\/v2\/types\/product"}],"wp:featuredmedia":[{"embeddable":true,"href":"https:\/\/moldearte.com\/en\/wp-json\/wp\/v2\/media\/1646"}],"wp:attachment":[{"href":"https:\/\/moldearte.com\/en\/wp-json\/wp\/v2\/media?parent=23319"}],"wp:term":[{"taxonomy":"product_brand","embeddable":true,"href":"https:\/\/moldearte.com\/en\/wp-json\/wp\/v2\/product_brand?post=23319"},{"taxonomy":"product_cat","embeddable":true,"href":"https:\/\/moldearte.com\/en\/wp-json\/wp\/v2\/product_cat?post=23319"},{"taxonomy":"product_tag","embeddable":true,"href":"https:\/\/moldearte.com\/en\/wp-json\/wp\/v2\/product_tag?post=23319"},{"taxonomy":"giftcard-category","embeddable":true,"href":"https:\/\/moldearte.com\/en\/wp-json\/wp\/v2\/giftcard-category?post=23319"}],"curies":[{"name":"wp","href":"https:\/\/api.w.org\/{rel}","templated":true}]}}