{"id":22907,"date":"2026-01-12T13:54:51","date_gmt":"2026-01-12T21:54:51","guid":{"rendered":"https:\/\/moldearte.com\/?post_type=product&#038;p=22907"},"modified":"2026-02-09T11:40:51","modified_gmt":"2026-02-09T19:40:51","slug":"paquete-detox-corporal","status":"publish","type":"product","link":"https:\/\/moldearte.com\/en\/tratamiento\/paquete-detox-corporal\/","title":{"rendered":"PAQUETE D\u00c9TOX CORPORAL"},"content":{"rendered":"<h4>\u00bfQui\u00e9n es candidato a ese tratamiento?<\/h4>\n<p>Personas que buscan desintoxicar el cuerpo, mejorar la apariencia de la piel de la espalda, reducir estr\u00e9s o complementar un estilo de vida saludable.<\/p>\n<h4>Edad o tipo de piel ideal para realizarse el servicio<\/h4>\n<p>Apto para adultos de cualquier edad. Ideal para todo tipo de piel, especialmente piel con impurezas, poros obstruidos o tendencia acneica en espalda.<\/p>\n<h4>Los principales 5 beneficios del tratamiento<\/h4>\n<p>\u2728 Favorece la eliminaci\u00f3n de toxinas a trav\u00e9s del sudor<br \/>\n\u2728 Limpia y purifica la piel de la espalda<br \/>\n\u2728 Mejora la circulaci\u00f3n y oxigenaci\u00f3n de la piel<br \/>\n\u2728 Reduce tensi\u00f3n y sensaci\u00f3n de pesadez corporal<br \/>\n\u2728 Aporta bienestar, frescura y sensaci\u00f3n de ligereza \ud83d\udc86\u200d\u2640\ufe0f\ud83d\udc96<\/p>\n<p>\ud83c\udf38 Un ritual perfecto para sentirte m\u00e1s ligero, renovado y con la piel visiblemente m\u00e1s limpia.<\/p>","protected":false},"excerpt":{"rendered":"<p><strong>\ud83d\udd25\ud83c\udf3f Libera toxinas, relaja tu cuerpo y deja que tu piel respire \ud83c\udf3f\ud83d\udd25<\/strong><br \/>\nEl Paquete D\u00e9tox Corporal combina calor terap\u00e9utico y cuidado de la piel para una limpieza profunda desde el interior hacia el exterior. Incluye una sesi\u00f3n de sauna con bebida y snack, ideal para favorecer la eliminaci\u00f3n de toxinas, seguida de un facial en media espalda que limpia, purifica y revitaliza una de las zonas m\u00e1s olvidadas del cuerpo.<\/p>\n<h4>\u00bfQu\u00e9 incluye el tratamiento? \ud83d\udc96<\/h4>\n<p>Recupera tu abdomen \ud83e\udd29, el tratamiento incluye: Una jeringuilla de Bioestimulador PLLA BOOST BODY en abdomen y 10 sesiones de Carboxiterapia en abdomen.<br \/>\n<span style=\"color: #c02c30;\"><strong>\ud83d\udcb8 Precio pagando en efectivo en sucursal: $900 MXN. <\/strong><\/span><span class=\"fontstyle0\"><span style=\"color: #ff914d;\"><strong>*Cuenta con 60 d\u00edas para realizarse el tratamiento a partir de su compra<\/strong><\/span><\/span><\/p>","protected":false},"featured_media":8170,"template":"","meta":[],"product_brand":[],"product_cat":[254,227,27],"product_tag":[],"giftcard-category":[],"class_list":{"0":"post-22907","1":"product","2":"type-product","3":"status-publish","4":"has-post-thumbnail","6":"product_cat-anti-estres","7":"product_cat-moldearte-vip","8":"product_cat-txcosmetologicos","10":"first","11":"instock","12":"sale","13":"virtual","14":"purchasable","15":"product-type-simple"},"yoast_head":"<!-- This site is optimized with the Yoast SEO Premium plugin v27.2 (Yoast SEO v27.3) - https:\/\/yoast.com\/product\/yoast-seo-premium-wordpress\/ -->\n<title>PAQUETE D\u00c9TOX CORPORAL - MoldeArte | L\u00edderes en Medicina Est\u00e9tica en Tijuana y Rosarito<\/title>\n<meta name=\"robots\" content=\"index, follow, max-snippet:-1, max-image-preview:large, max-video-preview:-1\" \/>\n<link rel=\"canonical\" href=\"https:\/\/moldearte.com\/en\/tratamiento\/paquete-detox-corporal\/\" \/>\n<meta property=\"og:locale\" content=\"en_US\" \/>\n<meta property=\"og:type\" content=\"article\" \/>\n<meta property=\"og:title\" content=\"PAQUETE D\u00c9TOX CORPORAL\" \/>\n<meta property=\"og:description\" content=\"\ud83d\udd25\ud83c\udf3f Libera toxinas, relaja tu cuerpo y deja que tu piel respire \ud83c\udf3f\ud83d\udd25 El Paquete D\u00e9tox Corporal combina calor terap\u00e9utico y cuidado de la piel para una limpieza profunda desde el interior hacia el exterior. Incluye una sesi\u00f3n de sauna con bebida y snack, ideal para favorecer la eliminaci\u00f3n de toxinas, seguida de un facial en media espalda que limpia, purifica y revitaliza una de las zonas m\u00e1s olvidadas del cuerpo. \u00bfQu\u00e9 incluye el tratamiento? \ud83d\udc96 Recupera tu abdomen \ud83e\udd29, el tratamiento incluye: Una jeringuilla de Bioestimulador PLLA BOOST BODY en abdomen y 10 sesiones de Carboxiterapia en abdomen. \ud83d\udcb8 Precio pagando en efectivo en sucursal: $900 MXN. *Cuenta con 60 d\u00edas para realizarse el tratamiento a partir de su compra\" \/>\n<meta property=\"og:url\" content=\"https:\/\/moldearte.com\/en\/tratamiento\/paquete-detox-corporal\/\" \/>\n<meta property=\"og:site_name\" content=\"MoldeArte | L\u00edderes en Medicina Est\u00e9tica en Tijuana y Rosarito\" \/>\n<meta property=\"article:modified_time\" content=\"2026-02-09T19:40:51+00:00\" \/>\n<meta property=\"og:image\" content=\"https:\/\/moldearte.com\/wp-content\/uploads\/2024\/11\/sauna.png\" \/>\n\t<meta property=\"og:image:width\" content=\"1080\" \/>\n\t<meta property=\"og:image:height\" content=\"1080\" \/>\n\t<meta property=\"og:image:type\" content=\"image\/png\" \/>\n<meta name=\"twitter:card\" content=\"summary_large_image\" \/>\n<meta name=\"twitter:label1\" content=\"Price\" \/>\n\t<meta name=\"twitter:data1\" content=\"&#036;1,200.00\" \/>\n\t<meta name=\"twitter:label2\" content=\"Availability\" \/>\n\t<meta name=\"twitter:data2\" content=\"In stock\" \/>\n<script type=\"application\/ld+json\" class=\"yoast-schema-graph\">{\"@context\":\"https:\\\/\\\/schema.org\",\"@graph\":[{\"@type\":\"WebPage\",\"@id\":\"https:\\\/\\\/moldearte.com\\\/tratamiento\\\/paquete-detox-corporal\\\/\",\"url\":\"https:\\\/\\\/moldearte.com\\\/tratamiento\\\/paquete-detox-corporal\\\/\",\"name\":\"PAQUETE D\u00c9TOX CORPORAL - MoldeArte | L\u00edderes en Medicina Est\u00e9tica en Tijuana y Rosarito\",\"isPartOf\":{\"@id\":\"https:\\\/\\\/moldearte.com\\\/#website\"},\"primaryImageOfPage\":{\"@id\":\"https:\\\/\\\/moldearte.com\\\/tratamiento\\\/paquete-detox-corporal\\\/#primaryimage\"},\"image\":{\"@id\":\"https:\\\/\\\/moldearte.com\\\/tratamiento\\\/paquete-detox-corporal\\\/#primaryimage\"},\"thumbnailUrl\":\"https:\\\/\\\/moldearte.com\\\/wp-content\\\/uploads\\\/2024\\\/11\\\/sauna.png\",\"datePublished\":\"2026-01-12T21:54:51+00:00\",\"dateModified\":\"2026-02-09T19:40:51+00:00\",\"breadcrumb\":{\"@id\":\"https:\\\/\\\/moldearte.com\\\/tratamiento\\\/paquete-detox-corporal\\\/#breadcrumb\"},\"inLanguage\":\"en-US\",\"potentialAction\":[{\"@type\":\"ReadAction\",\"target\":[\"https:\\\/\\\/moldearte.com\\\/tratamiento\\\/paquete-detox-corporal\\\/\"]}]},{\"@type\":\"ImageObject\",\"inLanguage\":\"en-US\",\"@id\":\"https:\\\/\\\/moldearte.com\\\/tratamiento\\\/paquete-detox-corporal\\\/#primaryimage\",\"url\":\"https:\\\/\\\/moldearte.com\\\/wp-content\\\/uploads\\\/2024\\\/11\\\/sauna.png\",\"contentUrl\":\"https:\\\/\\\/moldearte.com\\\/wp-content\\\/uploads\\\/2024\\\/11\\\/sauna.png\",\"width\":1080,\"height\":1080},{\"@type\":\"BreadcrumbList\",\"@id\":\"https:\\\/\\\/moldearte.com\\\/tratamiento\\\/paquete-detox-corporal\\\/#breadcrumb\",\"itemListElement\":[{\"@type\":\"ListItem\",\"position\":1,\"name\":\"Portada\",\"item\":\"https:\\\/\\\/moldearte.com\\\/\"},{\"@type\":\"ListItem\",\"position\":2,\"name\":\"Tienda\",\"item\":\"https:\\\/\\\/moldearte.com\\\/en\\\/tienda\\\/\"},{\"@type\":\"ListItem\",\"position\":3,\"name\":\"PAQUETE D\u00c9TOX CORPORAL\"}]},{\"@type\":\"WebSite\",\"@id\":\"https:\\\/\\\/moldearte.com\\\/#website\",\"url\":\"https:\\\/\\\/moldearte.com\\\/\",\"name\":\"MoldeArte | L\u00edderes en Medicina Est\u00e9tica en Tijuana y Rosarito\",\"description\":\"Rejuvenecimiento Facial y corporal sin cirug\u00eda\",\"publisher\":{\"@id\":\"https:\\\/\\\/moldearte.com\\\/#organization\"},\"potentialAction\":[{\"@type\":\"SearchAction\",\"target\":{\"@type\":\"EntryPoint\",\"urlTemplate\":\"https:\\\/\\\/moldearte.com\\\/?s={search_term_string}\"},\"query-input\":{\"@type\":\"PropertyValueSpecification\",\"valueRequired\":true,\"valueName\":\"search_term_string\"}}],\"inLanguage\":\"en-US\"},{\"@type\":\"Organization\",\"@id\":\"https:\\\/\\\/moldearte.com\\\/#organization\",\"name\":\"MoldeArte | L\u00edderes en Medicina Est\u00e9tica en Tijuana y Rosarito\",\"url\":\"https:\\\/\\\/moldearte.com\\\/\",\"logo\":{\"@type\":\"ImageObject\",\"inLanguage\":\"en-US\",\"@id\":\"https:\\\/\\\/moldearte.com\\\/#\\\/schema\\\/logo\\\/image\\\/\",\"url\":\"https:\\\/\\\/moldearte.com\\\/wp-content\\\/uploads\\\/2023\\\/01\\\/cropped-cropped-rejuvenecimiento-facial-sin-cirugia-tijuana.png\",\"contentUrl\":\"https:\\\/\\\/moldearte.com\\\/wp-content\\\/uploads\\\/2023\\\/01\\\/cropped-cropped-rejuvenecimiento-facial-sin-cirugia-tijuana.png\",\"width\":3255,\"height\":1059,\"caption\":\"MoldeArte | L\u00edderes en Medicina Est\u00e9tica en Tijuana y Rosarito\"},\"image\":{\"@id\":\"https:\\\/\\\/moldearte.com\\\/#\\\/schema\\\/logo\\\/image\\\/\"}}]}<\/script>\n<meta property=\"product:price:amount\" content=\"1200.00\" \/>\n<meta property=\"product:price:currency\" content=\"MXN\" \/>\n<meta property=\"og:availability\" content=\"instock\" \/>\n<meta property=\"product:availability\" content=\"instock\" \/>\n<meta property=\"product:condition\" content=\"new\" \/>\n<!-- \/ Yoast SEO Premium plugin. -->","yoast_head_json":{"title":"PAQUETE D\u00c9TOX CORPORAL - MoldeArte | L\u00edderes en Medicina Est\u00e9tica en Tijuana y Rosarito","robots":{"index":"index","follow":"follow","max-snippet":"max-snippet:-1","max-image-preview":"max-image-preview:large","max-video-preview":"max-video-preview:-1"},"canonical":"https:\/\/moldearte.com\/en\/tratamiento\/paquete-detox-corporal\/","og_locale":"en_US","og_type":"article","og_title":"PAQUETE D\u00c9TOX CORPORAL","og_description":"\ud83d\udd25\ud83c\udf3f Libera toxinas, relaja tu cuerpo y deja que tu piel respire \ud83c\udf3f\ud83d\udd25 El Paquete D\u00e9tox Corporal combina calor terap\u00e9utico y cuidado de la piel para una limpieza profunda desde el interior hacia el exterior. Incluye una sesi\u00f3n de sauna con bebida y snack, ideal para favorecer la eliminaci\u00f3n de toxinas, seguida de un facial en media espalda que limpia, purifica y revitaliza una de las zonas m\u00e1s olvidadas del cuerpo. \u00bfQu\u00e9 incluye el tratamiento? \ud83d\udc96 Recupera tu abdomen \ud83e\udd29, el tratamiento incluye: Una jeringuilla de Bioestimulador PLLA BOOST BODY en abdomen y 10 sesiones de Carboxiterapia en abdomen. \ud83d\udcb8 Precio pagando en efectivo en sucursal: $900 MXN. *Cuenta con 60 d\u00edas para realizarse el tratamiento a partir de su compra","og_url":"https:\/\/moldearte.com\/en\/tratamiento\/paquete-detox-corporal\/","og_site_name":"MoldeArte | L\u00edderes en Medicina Est\u00e9tica en Tijuana y Rosarito","article_modified_time":"2026-02-09T19:40:51+00:00","og_image":[{"width":1080,"height":1080,"url":"https:\/\/moldearte.com\/wp-content\/uploads\/2024\/11\/sauna.png","type":"image\/png"}],"twitter_card":"summary_large_image","twitter_misc":{"Price":"&#36;1,200.00","Availability":"In stock"},"schema":{"@context":"https:\/\/schema.org","@graph":[{"@type":"WebPage","@id":"https:\/\/moldearte.com\/tratamiento\/paquete-detox-corporal\/","url":"https:\/\/moldearte.com\/tratamiento\/paquete-detox-corporal\/","name":"PAQUETE D\u00c9TOX CORPORAL - MoldeArte | L\u00edderes en Medicina Est\u00e9tica en Tijuana y Rosarito","isPartOf":{"@id":"https:\/\/moldearte.com\/#website"},"primaryImageOfPage":{"@id":"https:\/\/moldearte.com\/tratamiento\/paquete-detox-corporal\/#primaryimage"},"image":{"@id":"https:\/\/moldearte.com\/tratamiento\/paquete-detox-corporal\/#primaryimage"},"thumbnailUrl":"https:\/\/moldearte.com\/wp-content\/uploads\/2024\/11\/sauna.png","datePublished":"2026-01-12T21:54:51+00:00","dateModified":"2026-02-09T19:40:51+00:00","breadcrumb":{"@id":"https:\/\/moldearte.com\/tratamiento\/paquete-detox-corporal\/#breadcrumb"},"inLanguage":"en-US","potentialAction":[{"@type":"ReadAction","target":["https:\/\/moldearte.com\/tratamiento\/paquete-detox-corporal\/"]}]},{"@type":"ImageObject","inLanguage":"en-US","@id":"https:\/\/moldearte.com\/tratamiento\/paquete-detox-corporal\/#primaryimage","url":"https:\/\/moldearte.com\/wp-content\/uploads\/2024\/11\/sauna.png","contentUrl":"https:\/\/moldearte.com\/wp-content\/uploads\/2024\/11\/sauna.png","width":1080,"height":1080},{"@type":"BreadcrumbList","@id":"https:\/\/moldearte.com\/tratamiento\/paquete-detox-corporal\/#breadcrumb","itemListElement":[{"@type":"ListItem","position":1,"name":"Portada","item":"https:\/\/moldearte.com\/"},{"@type":"ListItem","position":2,"name":"Tienda","item":"https:\/\/moldearte.com\/en\/tienda\/"},{"@type":"ListItem","position":3,"name":"PAQUETE D\u00c9TOX CORPORAL"}]},{"@type":"WebSite","@id":"https:\/\/moldearte.com\/#website","url":"https:\/\/moldearte.com\/","name":"MoldeArte | L\u00edderes en Medicina Est\u00e9tica en Tijuana y Rosarito","description":"Rejuvenecimiento Facial y corporal sin cirug\u00eda","publisher":{"@id":"https:\/\/moldearte.com\/#organization"},"potentialAction":[{"@type":"SearchAction","target":{"@type":"EntryPoint","urlTemplate":"https:\/\/moldearte.com\/?s={search_term_string}"},"query-input":{"@type":"PropertyValueSpecification","valueRequired":true,"valueName":"search_term_string"}}],"inLanguage":"en-US"},{"@type":"Organization","@id":"https:\/\/moldearte.com\/#organization","name":"MoldeArte | L\u00edderes en Medicina Est\u00e9tica en Tijuana y Rosarito","url":"https:\/\/moldearte.com\/","logo":{"@type":"ImageObject","inLanguage":"en-US","@id":"https:\/\/moldearte.com\/#\/schema\/logo\/image\/","url":"https:\/\/moldearte.com\/wp-content\/uploads\/2023\/01\/cropped-cropped-rejuvenecimiento-facial-sin-cirugia-tijuana.png","contentUrl":"https:\/\/moldearte.com\/wp-content\/uploads\/2023\/01\/cropped-cropped-rejuvenecimiento-facial-sin-cirugia-tijuana.png","width":3255,"height":1059,"caption":"MoldeArte | L\u00edderes en Medicina Est\u00e9tica en Tijuana y Rosarito"},"image":{"@id":"https:\/\/moldearte.com\/#\/schema\/logo\/image\/"}}]},"product_price_amount":"1200.00","product_price_currency":"MXN","og_availability":"instock","product_availability":"instock","product_condition":"new"},"_links":{"self":[{"href":"https:\/\/moldearte.com\/en\/wp-json\/wp\/v2\/product\/22907","targetHints":{"allow":["GET"]}}],"collection":[{"href":"https:\/\/moldearte.com\/en\/wp-json\/wp\/v2\/product"}],"about":[{"href":"https:\/\/moldearte.com\/en\/wp-json\/wp\/v2\/types\/product"}],"wp:featuredmedia":[{"embeddable":true,"href":"https:\/\/moldearte.com\/en\/wp-json\/wp\/v2\/media\/8170"}],"wp:attachment":[{"href":"https:\/\/moldearte.com\/en\/wp-json\/wp\/v2\/media?parent=22907"}],"wp:term":[{"taxonomy":"product_brand","embeddable":true,"href":"https:\/\/moldearte.com\/en\/wp-json\/wp\/v2\/product_brand?post=22907"},{"taxonomy":"product_cat","embeddable":true,"href":"https:\/\/moldearte.com\/en\/wp-json\/wp\/v2\/product_cat?post=22907"},{"taxonomy":"product_tag","embeddable":true,"href":"https:\/\/moldearte.com\/en\/wp-json\/wp\/v2\/product_tag?post=22907"},{"taxonomy":"giftcard-category","embeddable":true,"href":"https:\/\/moldearte.com\/en\/wp-json\/wp\/v2\/giftcard-category?post=22907"}],"curies":[{"name":"wp","href":"https:\/\/api.w.org\/{rel}","templated":true}]}}