{"id":22905,"date":"2026-01-12T13:50:43","date_gmt":"2026-01-12T21:50:43","guid":{"rendered":"https:\/\/moldearte.com\/?post_type=product&#038;p=22905"},"modified":"2026-02-09T11:40:35","modified_gmt":"2026-02-09T19:40:35","slug":"relajante-express-2","status":"publish","type":"product","link":"https:\/\/moldearte.com\/en\/tratamiento\/relajante-express-2\/","title":{"rendered":"RELAJANTE EXPRESS"},"content":{"rendered":"<h4>\u00bfQui\u00e9n es candidato a ese tratamiento?<\/h4>\n<p>Ideal para personas con estr\u00e9s, tensi\u00f3n muscular, carga emocional o fatiga, que buscan un momento de relajaci\u00f3n profunda sin invertir demasiado tiempo.<\/p>\n<h4>Edad o tipo de piel ideal para realizarse el servicio<\/h4>\n<p>Apto para todas las edades. Recomendado para cualquier tipo de piel y especialmente para quienes presentan tensi\u00f3n en cuello y espalda por actividades diarias, trabajo o ritmo acelerado.<\/p>\n<h4>Los principales 5 beneficios del tratamiento<\/h4>\n<p>\u2728 Reduce el estr\u00e9s y la tensi\u00f3n acumulada<br \/>\n\u2728 Relaja m\u00fasculos de cuello y espalda<br \/>\n\u2728 Mejora la circulaci\u00f3n y sensaci\u00f3n de bienestar<br \/>\n\u2728 Favorece la desconexi\u00f3n mental y f\u00edsica<br \/>\n\u2728 Aporta una experiencia de descanso inmediato \ud83d\udc96<\/p>\n<p>\ud83c\udf3f Un momento perfecto para pausar, relajarte y recargar energ\u00eda en medio de la rutina.<\/p>","protected":false},"excerpt":{"rendered":"<p>\u2728\ud83d\udc86\u200d\u2640\ufe0f Descon\u00e9ctate del estr\u00e9s y reg\u00e1late un respiro inmediato \ud83d\udc86\u200d\u2640\ufe0f\u2728<br \/>\nEl paquete Relajante Express est\u00e1 dise\u00f1ado para liberar tensiones en poco tiempo y renovar tu bienestar. Incluye una sesi\u00f3n de hidromasaje con bebida y snack para relajar el cuerpo desde el primer momento, seguida de un masaje en cuello y espalda que ayuda a soltar contracturas y recuperar la sensaci\u00f3n de ligereza.<\/p>\n<h4>\u00bfQu\u00e9 incluye el tratamiento? \ud83d\udc96<\/h4>\n<p>Relajante Express incluye: Una sesi\u00f3n de Hidromasaje (con bebida y snack incluido) y una sesi\u00f3n de Masaje en cuello y espalda.<br \/>\n<span style=\"color: #c02c30;\"><strong>\ud83d\udcb8 Precio pagando en efectivo en sucursal: $900 MXN. <\/strong><\/span><span class=\"fontstyle0\"><span style=\"color: #ff914d;\"><strong>*Cuenta con 60 d\u00edas para realizarse el tratamiento a partir de su compra<\/strong><\/span><\/span><\/p>","protected":false},"featured_media":8169,"template":"","meta":[],"product_brand":[],"product_cat":[254,227,27],"product_tag":[],"giftcard-category":[],"class_list":{"0":"post-22905","1":"product","2":"type-product","3":"status-publish","4":"has-post-thumbnail","6":"product_cat-anti-estres","7":"product_cat-moldearte-vip","8":"product_cat-txcosmetologicos","10":"first","11":"instock","12":"sale","13":"virtual","14":"purchasable","15":"product-type-simple"},"yoast_head":"<!-- This site is optimized with the Yoast SEO Premium plugin v27.2 (Yoast SEO v27.3) - https:\/\/yoast.com\/product\/yoast-seo-premium-wordpress\/ -->\n<title>RELAJANTE EXPRESS - MoldeArte | L\u00edderes en Medicina Est\u00e9tica en Tijuana y Rosarito<\/title>\n<meta name=\"robots\" content=\"index, follow, max-snippet:-1, max-image-preview:large, max-video-preview:-1\" \/>\n<link rel=\"canonical\" href=\"https:\/\/moldearte.com\/en\/tratamiento\/relajante-express-2\/\" \/>\n<meta property=\"og:locale\" content=\"en_US\" \/>\n<meta property=\"og:type\" content=\"article\" \/>\n<meta property=\"og:title\" content=\"RELAJANTE EXPRESS\" \/>\n<meta property=\"og:description\" content=\"\u2728\ud83d\udc86\u200d\u2640\ufe0f Descon\u00e9ctate del estr\u00e9s y reg\u00e1late un respiro inmediato \ud83d\udc86\u200d\u2640\ufe0f\u2728 El paquete Relajante Express est\u00e1 dise\u00f1ado para liberar tensiones en poco tiempo y renovar tu bienestar. Incluye una sesi\u00f3n de hidromasaje con bebida y snack para relajar el cuerpo desde el primer momento, seguida de un masaje en cuello y espalda que ayuda a soltar contracturas y recuperar la sensaci\u00f3n de ligereza. \u00bfQu\u00e9 incluye el tratamiento? \ud83d\udc96 Relajante Express incluye: Una sesi\u00f3n de Hidromasaje (con bebida y snack incluido) y una sesi\u00f3n de Masaje en cuello y espalda. \ud83d\udcb8 Precio pagando en efectivo en sucursal: $900 MXN. *Cuenta con 60 d\u00edas para realizarse el tratamiento a partir de su compra\" \/>\n<meta property=\"og:url\" content=\"https:\/\/moldearte.com\/en\/tratamiento\/relajante-express-2\/\" \/>\n<meta property=\"og:site_name\" content=\"MoldeArte | L\u00edderes en Medicina Est\u00e9tica en Tijuana y Rosarito\" \/>\n<meta property=\"article:modified_time\" content=\"2026-02-09T19:40:35+00:00\" \/>\n<meta property=\"og:image\" content=\"https:\/\/moldearte.com\/wp-content\/uploads\/2024\/11\/hidromasaje-vip.png\" \/>\n\t<meta property=\"og:image:width\" content=\"1080\" \/>\n\t<meta property=\"og:image:height\" content=\"1080\" \/>\n\t<meta property=\"og:image:type\" content=\"image\/png\" \/>\n<meta name=\"twitter:card\" content=\"summary_large_image\" \/>\n<meta name=\"twitter:label1\" content=\"Price\" \/>\n\t<meta name=\"twitter:data1\" content=\"&#036;1,200.00\" \/>\n\t<meta name=\"twitter:label2\" content=\"Availability\" \/>\n\t<meta name=\"twitter:data2\" content=\"In stock\" \/>\n<script type=\"application\/ld+json\" class=\"yoast-schema-graph\">{\"@context\":\"https:\\\/\\\/schema.org\",\"@graph\":[{\"@type\":\"WebPage\",\"@id\":\"https:\\\/\\\/moldearte.com\\\/tratamiento\\\/relajante-express-2\\\/\",\"url\":\"https:\\\/\\\/moldearte.com\\\/tratamiento\\\/relajante-express-2\\\/\",\"name\":\"RELAJANTE EXPRESS - MoldeArte | L\u00edderes en Medicina Est\u00e9tica en Tijuana y Rosarito\",\"isPartOf\":{\"@id\":\"https:\\\/\\\/moldearte.com\\\/#website\"},\"primaryImageOfPage\":{\"@id\":\"https:\\\/\\\/moldearte.com\\\/tratamiento\\\/relajante-express-2\\\/#primaryimage\"},\"image\":{\"@id\":\"https:\\\/\\\/moldearte.com\\\/tratamiento\\\/relajante-express-2\\\/#primaryimage\"},\"thumbnailUrl\":\"https:\\\/\\\/moldearte.com\\\/wp-content\\\/uploads\\\/2024\\\/11\\\/hidromasaje-vip.png\",\"datePublished\":\"2026-01-12T21:50:43+00:00\",\"dateModified\":\"2026-02-09T19:40:35+00:00\",\"breadcrumb\":{\"@id\":\"https:\\\/\\\/moldearte.com\\\/tratamiento\\\/relajante-express-2\\\/#breadcrumb\"},\"inLanguage\":\"en-US\",\"potentialAction\":[{\"@type\":\"ReadAction\",\"target\":[\"https:\\\/\\\/moldearte.com\\\/tratamiento\\\/relajante-express-2\\\/\"]}]},{\"@type\":\"ImageObject\",\"inLanguage\":\"en-US\",\"@id\":\"https:\\\/\\\/moldearte.com\\\/tratamiento\\\/relajante-express-2\\\/#primaryimage\",\"url\":\"https:\\\/\\\/moldearte.com\\\/wp-content\\\/uploads\\\/2024\\\/11\\\/hidromasaje-vip.png\",\"contentUrl\":\"https:\\\/\\\/moldearte.com\\\/wp-content\\\/uploads\\\/2024\\\/11\\\/hidromasaje-vip.png\",\"width\":1080,\"height\":1080},{\"@type\":\"BreadcrumbList\",\"@id\":\"https:\\\/\\\/moldearte.com\\\/tratamiento\\\/relajante-express-2\\\/#breadcrumb\",\"itemListElement\":[{\"@type\":\"ListItem\",\"position\":1,\"name\":\"Portada\",\"item\":\"https:\\\/\\\/moldearte.com\\\/\"},{\"@type\":\"ListItem\",\"position\":2,\"name\":\"Tienda\",\"item\":\"https:\\\/\\\/moldearte.com\\\/en\\\/tienda\\\/\"},{\"@type\":\"ListItem\",\"position\":3,\"name\":\"RELAJANTE EXPRESS\"}]},{\"@type\":\"WebSite\",\"@id\":\"https:\\\/\\\/moldearte.com\\\/#website\",\"url\":\"https:\\\/\\\/moldearte.com\\\/\",\"name\":\"MoldeArte | L\u00edderes en Medicina Est\u00e9tica en Tijuana y Rosarito\",\"description\":\"Rejuvenecimiento Facial y corporal sin cirug\u00eda\",\"publisher\":{\"@id\":\"https:\\\/\\\/moldearte.com\\\/#organization\"},\"potentialAction\":[{\"@type\":\"SearchAction\",\"target\":{\"@type\":\"EntryPoint\",\"urlTemplate\":\"https:\\\/\\\/moldearte.com\\\/?s={search_term_string}\"},\"query-input\":{\"@type\":\"PropertyValueSpecification\",\"valueRequired\":true,\"valueName\":\"search_term_string\"}}],\"inLanguage\":\"en-US\"},{\"@type\":\"Organization\",\"@id\":\"https:\\\/\\\/moldearte.com\\\/#organization\",\"name\":\"MoldeArte | L\u00edderes en Medicina Est\u00e9tica en Tijuana y Rosarito\",\"url\":\"https:\\\/\\\/moldearte.com\\\/\",\"logo\":{\"@type\":\"ImageObject\",\"inLanguage\":\"en-US\",\"@id\":\"https:\\\/\\\/moldearte.com\\\/#\\\/schema\\\/logo\\\/image\\\/\",\"url\":\"https:\\\/\\\/moldearte.com\\\/wp-content\\\/uploads\\\/2023\\\/01\\\/cropped-cropped-rejuvenecimiento-facial-sin-cirugia-tijuana.png\",\"contentUrl\":\"https:\\\/\\\/moldearte.com\\\/wp-content\\\/uploads\\\/2023\\\/01\\\/cropped-cropped-rejuvenecimiento-facial-sin-cirugia-tijuana.png\",\"width\":3255,\"height\":1059,\"caption\":\"MoldeArte | L\u00edderes en Medicina Est\u00e9tica en Tijuana y Rosarito\"},\"image\":{\"@id\":\"https:\\\/\\\/moldearte.com\\\/#\\\/schema\\\/logo\\\/image\\\/\"}}]}<\/script>\n<meta property=\"product:price:amount\" content=\"1200.00\" \/>\n<meta property=\"product:price:currency\" content=\"MXN\" \/>\n<meta property=\"og:availability\" content=\"instock\" \/>\n<meta property=\"product:availability\" content=\"instock\" \/>\n<meta property=\"product:condition\" content=\"new\" \/>\n<!-- \/ Yoast SEO Premium plugin. -->","yoast_head_json":{"title":"RELAJANTE EXPRESS - MoldeArte | L\u00edderes en Medicina Est\u00e9tica en Tijuana y Rosarito","robots":{"index":"index","follow":"follow","max-snippet":"max-snippet:-1","max-image-preview":"max-image-preview:large","max-video-preview":"max-video-preview:-1"},"canonical":"https:\/\/moldearte.com\/en\/tratamiento\/relajante-express-2\/","og_locale":"en_US","og_type":"article","og_title":"RELAJANTE EXPRESS","og_description":"\u2728\ud83d\udc86\u200d\u2640\ufe0f Descon\u00e9ctate del estr\u00e9s y reg\u00e1late un respiro inmediato \ud83d\udc86\u200d\u2640\ufe0f\u2728 El paquete Relajante Express est\u00e1 dise\u00f1ado para liberar tensiones en poco tiempo y renovar tu bienestar. Incluye una sesi\u00f3n de hidromasaje con bebida y snack para relajar el cuerpo desde el primer momento, seguida de un masaje en cuello y espalda que ayuda a soltar contracturas y recuperar la sensaci\u00f3n de ligereza. \u00bfQu\u00e9 incluye el tratamiento? \ud83d\udc96 Relajante Express incluye: Una sesi\u00f3n de Hidromasaje (con bebida y snack incluido) y una sesi\u00f3n de Masaje en cuello y espalda. \ud83d\udcb8 Precio pagando en efectivo en sucursal: $900 MXN. *Cuenta con 60 d\u00edas para realizarse el tratamiento a partir de su compra","og_url":"https:\/\/moldearte.com\/en\/tratamiento\/relajante-express-2\/","og_site_name":"MoldeArte | L\u00edderes en Medicina Est\u00e9tica en Tijuana y Rosarito","article_modified_time":"2026-02-09T19:40:35+00:00","og_image":[{"width":1080,"height":1080,"url":"https:\/\/moldearte.com\/wp-content\/uploads\/2024\/11\/hidromasaje-vip.png","type":"image\/png"}],"twitter_card":"summary_large_image","twitter_misc":{"Price":"&#36;1,200.00","Availability":"In stock"},"schema":{"@context":"https:\/\/schema.org","@graph":[{"@type":"WebPage","@id":"https:\/\/moldearte.com\/tratamiento\/relajante-express-2\/","url":"https:\/\/moldearte.com\/tratamiento\/relajante-express-2\/","name":"RELAJANTE EXPRESS - MoldeArte | L\u00edderes en Medicina Est\u00e9tica en Tijuana y Rosarito","isPartOf":{"@id":"https:\/\/moldearte.com\/#website"},"primaryImageOfPage":{"@id":"https:\/\/moldearte.com\/tratamiento\/relajante-express-2\/#primaryimage"},"image":{"@id":"https:\/\/moldearte.com\/tratamiento\/relajante-express-2\/#primaryimage"},"thumbnailUrl":"https:\/\/moldearte.com\/wp-content\/uploads\/2024\/11\/hidromasaje-vip.png","datePublished":"2026-01-12T21:50:43+00:00","dateModified":"2026-02-09T19:40:35+00:00","breadcrumb":{"@id":"https:\/\/moldearte.com\/tratamiento\/relajante-express-2\/#breadcrumb"},"inLanguage":"en-US","potentialAction":[{"@type":"ReadAction","target":["https:\/\/moldearte.com\/tratamiento\/relajante-express-2\/"]}]},{"@type":"ImageObject","inLanguage":"en-US","@id":"https:\/\/moldearte.com\/tratamiento\/relajante-express-2\/#primaryimage","url":"https:\/\/moldearte.com\/wp-content\/uploads\/2024\/11\/hidromasaje-vip.png","contentUrl":"https:\/\/moldearte.com\/wp-content\/uploads\/2024\/11\/hidromasaje-vip.png","width":1080,"height":1080},{"@type":"BreadcrumbList","@id":"https:\/\/moldearte.com\/tratamiento\/relajante-express-2\/#breadcrumb","itemListElement":[{"@type":"ListItem","position":1,"name":"Portada","item":"https:\/\/moldearte.com\/"},{"@type":"ListItem","position":2,"name":"Tienda","item":"https:\/\/moldearte.com\/en\/tienda\/"},{"@type":"ListItem","position":3,"name":"RELAJANTE EXPRESS"}]},{"@type":"WebSite","@id":"https:\/\/moldearte.com\/#website","url":"https:\/\/moldearte.com\/","name":"MoldeArte | L\u00edderes en Medicina Est\u00e9tica en Tijuana y Rosarito","description":"Rejuvenecimiento Facial y corporal sin cirug\u00eda","publisher":{"@id":"https:\/\/moldearte.com\/#organization"},"potentialAction":[{"@type":"SearchAction","target":{"@type":"EntryPoint","urlTemplate":"https:\/\/moldearte.com\/?s={search_term_string}"},"query-input":{"@type":"PropertyValueSpecification","valueRequired":true,"valueName":"search_term_string"}}],"inLanguage":"en-US"},{"@type":"Organization","@id":"https:\/\/moldearte.com\/#organization","name":"MoldeArte | L\u00edderes en Medicina Est\u00e9tica en Tijuana y Rosarito","url":"https:\/\/moldearte.com\/","logo":{"@type":"ImageObject","inLanguage":"en-US","@id":"https:\/\/moldearte.com\/#\/schema\/logo\/image\/","url":"https:\/\/moldearte.com\/wp-content\/uploads\/2023\/01\/cropped-cropped-rejuvenecimiento-facial-sin-cirugia-tijuana.png","contentUrl":"https:\/\/moldearte.com\/wp-content\/uploads\/2023\/01\/cropped-cropped-rejuvenecimiento-facial-sin-cirugia-tijuana.png","width":3255,"height":1059,"caption":"MoldeArte | L\u00edderes en Medicina Est\u00e9tica en Tijuana y Rosarito"},"image":{"@id":"https:\/\/moldearte.com\/#\/schema\/logo\/image\/"}}]},"product_price_amount":"1200.00","product_price_currency":"MXN","og_availability":"instock","product_availability":"instock","product_condition":"new"},"_links":{"self":[{"href":"https:\/\/moldearte.com\/en\/wp-json\/wp\/v2\/product\/22905","targetHints":{"allow":["GET"]}}],"collection":[{"href":"https:\/\/moldearte.com\/en\/wp-json\/wp\/v2\/product"}],"about":[{"href":"https:\/\/moldearte.com\/en\/wp-json\/wp\/v2\/types\/product"}],"wp:featuredmedia":[{"embeddable":true,"href":"https:\/\/moldearte.com\/en\/wp-json\/wp\/v2\/media\/8169"}],"wp:attachment":[{"href":"https:\/\/moldearte.com\/en\/wp-json\/wp\/v2\/media?parent=22905"}],"wp:term":[{"taxonomy":"product_brand","embeddable":true,"href":"https:\/\/moldearte.com\/en\/wp-json\/wp\/v2\/product_brand?post=22905"},{"taxonomy":"product_cat","embeddable":true,"href":"https:\/\/moldearte.com\/en\/wp-json\/wp\/v2\/product_cat?post=22905"},{"taxonomy":"product_tag","embeddable":true,"href":"https:\/\/moldearte.com\/en\/wp-json\/wp\/v2\/product_tag?post=22905"},{"taxonomy":"giftcard-category","embeddable":true,"href":"https:\/\/moldearte.com\/en\/wp-json\/wp\/v2\/giftcard-category?post=22905"}],"curies":[{"name":"wp","href":"https:\/\/api.w.org\/{rel}","templated":true}]}}