{"id":21511,"date":"2025-12-15T18:16:05","date_gmt":"2025-12-16T02:16:05","guid":{"rendered":"https:\/\/moldearte.com\/?post_type=product&#038;p=21511"},"modified":"2026-03-24T08:40:08","modified_gmt":"2026-03-24T15:40:08","slug":"facial-anti-acne-para-piel-madura","status":"publish","type":"product","link":"https:\/\/moldearte.com\/en\/tratamiento\/facial-anti-acne-para-piel-madura\/","title":{"rendered":"FACIAL ANTI ACN\u00c9 PARA PIEL MADURA"},"content":{"rendered":"<p>La luz LED violeta ayuda a reducir la proliferaci\u00f3n bacteriana, calmar la inflamaci\u00f3n y acelerar la recuperaci\u00f3n de la piel, mientras la mascarilla regula el exceso de grasa.<br \/>\nEste tratamiento permite disminuir brotes, afinar poros y mejorar la textura, cuidando las necesidades propias de la piel madura.<\/p>\n<p><strong>\ud83c\udf38 Ideal para ti si deseas:<\/strong><\/p>\n<ul>\n<li>Controlar brotes y puntos negros en piel madura<\/li>\n<li>Regular el exceso de grasa sin resecar.<\/li>\n<li>Calmar la piel y prevenir marcas post-acn\u00e9.<\/li>\n<li>Mantener una piel limpia, equilibrada y saludable.<\/li>\n<\/ul>\n<p>\ud83d\udca7 Resultado:<\/p>\n<p>Una piel m\u00e1s limpia, equilibrada y uniforme, con menos brotes, poros m\u00e1s limpios y una apariencia saludable y cuidada.<\/p>","protected":false},"excerpt":{"rendered":"<p>El Facial Anti Acn\u00e9 para Piel Madura es un tratamiento especializado dise\u00f1ado para tratar brotes, puntos negros y exceso de grasa en pieles maduras, sin comprometer la hidrataci\u00f3n ni la firmeza. Incluye extracci\u00f3n de puntos negros, foto sesi\u00f3n LED con acci\u00f3n dual violeta y la aplicaci\u00f3n de una mascarilla espec\u00edfica para el control graso, logrando una limpieza profunda y un equilibrio cut\u00e1neo adecuado.<\/p>\n<h4>\u00bfQu\u00e9 incluye el tratamiento? \ud83d\udc96<\/h4>\n<p>Un Facial Anti Acn\u00e9 en piel madura con extracci\u00f3n de puntos negros, foto sesi\u00f3n LED con acci\u00f3n dual violeta y aplicaci\u00f3n de mascarilla para el control graso<br \/>\n<span class=\"fontstyle0\"><span style=\"color: #ff914d;\"><strong>*Cuenta con 60 d\u00edas para realizarse el tratamiento a partir de su compra<\/strong><\/span><\/span><\/p>","protected":false},"featured_media":6304,"template":"","meta":[],"product_brand":[],"product_cat":[235,261,252,27],"product_tag":[],"giftcard-category":[],"class_list":{"0":"post-21511","1":"product","2":"type-product","3":"status-publish","4":"has-post-thumbnail","6":"product_cat-faciales","7":"product_cat-promoscosme","8":"product_cat-regenerantes","9":"product_cat-txcosmetologicos","11":"first","12":"instock","13":"sale","14":"virtual","15":"purchasable","16":"product-type-simple"},"yoast_head":"<!-- This site is optimized with the Yoast SEO Premium plugin v27.2 (Yoast SEO v27.3) - https:\/\/yoast.com\/product\/yoast-seo-premium-wordpress\/ -->\n<title>FACIAL ANTI ACN\u00c9 PARA PIEL MADURA - MoldeArte | L\u00edderes en Medicina Est\u00e9tica en Tijuana y Rosarito<\/title>\n<meta name=\"robots\" content=\"index, follow, max-snippet:-1, max-image-preview:large, max-video-preview:-1\" \/>\n<link rel=\"canonical\" href=\"https:\/\/moldearte.com\/en\/tratamiento\/facial-anti-acne-para-piel-madura\/\" \/>\n<meta property=\"og:locale\" content=\"en_US\" \/>\n<meta property=\"og:type\" content=\"article\" \/>\n<meta property=\"og:title\" content=\"FACIAL ANTI ACN\u00c9 PARA PIEL MADURA\" \/>\n<meta property=\"og:description\" content=\"El Facial Anti Acn\u00e9 para Piel Madura es un tratamiento especializado dise\u00f1ado para tratar brotes, puntos negros y exceso de grasa en pieles maduras, sin comprometer la hidrataci\u00f3n ni la firmeza. Incluye extracci\u00f3n de puntos negros, foto sesi\u00f3n LED con acci\u00f3n dual violeta y la aplicaci\u00f3n de una mascarilla espec\u00edfica para el control graso, logrando una limpieza profunda y un equilibrio cut\u00e1neo adecuado. \u00bfQu\u00e9 incluye el tratamiento? \ud83d\udc96 Un Facial Anti Acn\u00e9 en piel madura con extracci\u00f3n de puntos negros, foto sesi\u00f3n LED con acci\u00f3n dual violeta y aplicaci\u00f3n de mascarilla para el control graso *Cuenta con 60 d\u00edas para realizarse el tratamiento a partir de su compra\" \/>\n<meta property=\"og:url\" content=\"https:\/\/moldearte.com\/en\/tratamiento\/facial-anti-acne-para-piel-madura\/\" \/>\n<meta property=\"og:site_name\" content=\"MoldeArte | L\u00edderes en Medicina Est\u00e9tica en Tijuana y Rosarito\" \/>\n<meta property=\"article:modified_time\" content=\"2026-03-24T15:40:08+00:00\" \/>\n<meta property=\"og:image\" content=\"https:\/\/moldearte.com\/wp-content\/uploads\/2024\/07\/hydroxyfill-tijuana.png\" \/>\n\t<meta property=\"og:image:width\" content=\"1080\" \/>\n\t<meta property=\"og:image:height\" content=\"1080\" \/>\n\t<meta property=\"og:image:type\" content=\"image\/png\" \/>\n<meta name=\"twitter:card\" content=\"summary_large_image\" \/>\n<meta name=\"twitter:label1\" content=\"Price\" \/>\n\t<meta name=\"twitter:data1\" content=\"&#036;499.00\" \/>\n\t<meta name=\"twitter:label2\" content=\"Availability\" \/>\n\t<meta name=\"twitter:data2\" content=\"In stock\" \/>\n<script type=\"application\/ld+json\" class=\"yoast-schema-graph\">{\"@context\":\"https:\\\/\\\/schema.org\",\"@graph\":[{\"@type\":\"WebPage\",\"@id\":\"https:\\\/\\\/moldearte.com\\\/tratamiento\\\/facial-anti-acne-para-piel-madura\\\/\",\"url\":\"https:\\\/\\\/moldearte.com\\\/tratamiento\\\/facial-anti-acne-para-piel-madura\\\/\",\"name\":\"FACIAL ANTI ACN\u00c9 PARA PIEL MADURA - MoldeArte | L\u00edderes en Medicina Est\u00e9tica en Tijuana y Rosarito\",\"isPartOf\":{\"@id\":\"https:\\\/\\\/moldearte.com\\\/#website\"},\"primaryImageOfPage\":{\"@id\":\"https:\\\/\\\/moldearte.com\\\/tratamiento\\\/facial-anti-acne-para-piel-madura\\\/#primaryimage\"},\"image\":{\"@id\":\"https:\\\/\\\/moldearte.com\\\/tratamiento\\\/facial-anti-acne-para-piel-madura\\\/#primaryimage\"},\"thumbnailUrl\":\"https:\\\/\\\/moldearte.com\\\/wp-content\\\/uploads\\\/2024\\\/07\\\/hydroxyfill-tijuana.png\",\"datePublished\":\"2025-12-16T02:16:05+00:00\",\"dateModified\":\"2026-03-24T15:40:08+00:00\",\"breadcrumb\":{\"@id\":\"https:\\\/\\\/moldearte.com\\\/tratamiento\\\/facial-anti-acne-para-piel-madura\\\/#breadcrumb\"},\"inLanguage\":\"en-US\",\"potentialAction\":[{\"@type\":\"ReadAction\",\"target\":[\"https:\\\/\\\/moldearte.com\\\/tratamiento\\\/facial-anti-acne-para-piel-madura\\\/\"]}]},{\"@type\":\"ImageObject\",\"inLanguage\":\"en-US\",\"@id\":\"https:\\\/\\\/moldearte.com\\\/tratamiento\\\/facial-anti-acne-para-piel-madura\\\/#primaryimage\",\"url\":\"https:\\\/\\\/moldearte.com\\\/wp-content\\\/uploads\\\/2024\\\/07\\\/hydroxyfill-tijuana.png\",\"contentUrl\":\"https:\\\/\\\/moldearte.com\\\/wp-content\\\/uploads\\\/2024\\\/07\\\/hydroxyfill-tijuana.png\",\"width\":1080,\"height\":1080},{\"@type\":\"BreadcrumbList\",\"@id\":\"https:\\\/\\\/moldearte.com\\\/tratamiento\\\/facial-anti-acne-para-piel-madura\\\/#breadcrumb\",\"itemListElement\":[{\"@type\":\"ListItem\",\"position\":1,\"name\":\"Portada\",\"item\":\"https:\\\/\\\/moldearte.com\\\/\"},{\"@type\":\"ListItem\",\"position\":2,\"name\":\"Tienda\",\"item\":\"https:\\\/\\\/moldearte.com\\\/en\\\/tienda\\\/\"},{\"@type\":\"ListItem\",\"position\":3,\"name\":\"FACIAL ANTI ACN\u00c9 PARA PIEL MADURA\"}]},{\"@type\":\"WebSite\",\"@id\":\"https:\\\/\\\/moldearte.com\\\/#website\",\"url\":\"https:\\\/\\\/moldearte.com\\\/\",\"name\":\"MoldeArte | L\u00edderes en Medicina Est\u00e9tica en Tijuana y Rosarito\",\"description\":\"Rejuvenecimiento Facial y corporal sin cirug\u00eda\",\"publisher\":{\"@id\":\"https:\\\/\\\/moldearte.com\\\/#organization\"},\"potentialAction\":[{\"@type\":\"SearchAction\",\"target\":{\"@type\":\"EntryPoint\",\"urlTemplate\":\"https:\\\/\\\/moldearte.com\\\/?s={search_term_string}\"},\"query-input\":{\"@type\":\"PropertyValueSpecification\",\"valueRequired\":true,\"valueName\":\"search_term_string\"}}],\"inLanguage\":\"en-US\"},{\"@type\":\"Organization\",\"@id\":\"https:\\\/\\\/moldearte.com\\\/#organization\",\"name\":\"MoldeArte | L\u00edderes en Medicina Est\u00e9tica en Tijuana y Rosarito\",\"url\":\"https:\\\/\\\/moldearte.com\\\/\",\"logo\":{\"@type\":\"ImageObject\",\"inLanguage\":\"en-US\",\"@id\":\"https:\\\/\\\/moldearte.com\\\/#\\\/schema\\\/logo\\\/image\\\/\",\"url\":\"https:\\\/\\\/moldearte.com\\\/wp-content\\\/uploads\\\/2023\\\/01\\\/cropped-cropped-rejuvenecimiento-facial-sin-cirugia-tijuana.png\",\"contentUrl\":\"https:\\\/\\\/moldearte.com\\\/wp-content\\\/uploads\\\/2023\\\/01\\\/cropped-cropped-rejuvenecimiento-facial-sin-cirugia-tijuana.png\",\"width\":3255,\"height\":1059,\"caption\":\"MoldeArte | L\u00edderes en Medicina Est\u00e9tica en Tijuana y Rosarito\"},\"image\":{\"@id\":\"https:\\\/\\\/moldearte.com\\\/#\\\/schema\\\/logo\\\/image\\\/\"}}]}<\/script>\n<meta property=\"product:price:amount\" content=\"499.00\" \/>\n<meta property=\"product:price:currency\" content=\"MXN\" \/>\n<meta property=\"og:availability\" content=\"instock\" \/>\n<meta property=\"product:availability\" content=\"instock\" \/>\n<meta property=\"product:condition\" content=\"new\" \/>\n<!-- \/ Yoast SEO Premium plugin. -->","yoast_head_json":{"title":"FACIAL ANTI ACN\u00c9 PARA PIEL MADURA - MoldeArte | L\u00edderes en Medicina Est\u00e9tica en Tijuana y Rosarito","robots":{"index":"index","follow":"follow","max-snippet":"max-snippet:-1","max-image-preview":"max-image-preview:large","max-video-preview":"max-video-preview:-1"},"canonical":"https:\/\/moldearte.com\/en\/tratamiento\/facial-anti-acne-para-piel-madura\/","og_locale":"en_US","og_type":"article","og_title":"FACIAL ANTI ACN\u00c9 PARA PIEL MADURA","og_description":"El Facial Anti Acn\u00e9 para Piel Madura es un tratamiento especializado dise\u00f1ado para tratar brotes, puntos negros y exceso de grasa en pieles maduras, sin comprometer la hidrataci\u00f3n ni la firmeza. Incluye extracci\u00f3n de puntos negros, foto sesi\u00f3n LED con acci\u00f3n dual violeta y la aplicaci\u00f3n de una mascarilla espec\u00edfica para el control graso, logrando una limpieza profunda y un equilibrio cut\u00e1neo adecuado. \u00bfQu\u00e9 incluye el tratamiento? \ud83d\udc96 Un Facial Anti Acn\u00e9 en piel madura con extracci\u00f3n de puntos negros, foto sesi\u00f3n LED con acci\u00f3n dual violeta y aplicaci\u00f3n de mascarilla para el control graso *Cuenta con 60 d\u00edas para realizarse el tratamiento a partir de su compra","og_url":"https:\/\/moldearte.com\/en\/tratamiento\/facial-anti-acne-para-piel-madura\/","og_site_name":"MoldeArte | L\u00edderes en Medicina Est\u00e9tica en Tijuana y Rosarito","article_modified_time":"2026-03-24T15:40:08+00:00","og_image":[{"width":1080,"height":1080,"url":"https:\/\/moldearte.com\/wp-content\/uploads\/2024\/07\/hydroxyfill-tijuana.png","type":"image\/png"}],"twitter_card":"summary_large_image","twitter_misc":{"Price":"&#36;499.00","Availability":"In stock"},"schema":{"@context":"https:\/\/schema.org","@graph":[{"@type":"WebPage","@id":"https:\/\/moldearte.com\/tratamiento\/facial-anti-acne-para-piel-madura\/","url":"https:\/\/moldearte.com\/tratamiento\/facial-anti-acne-para-piel-madura\/","name":"FACIAL ANTI ACN\u00c9 PARA PIEL MADURA - MoldeArte | L\u00edderes en Medicina Est\u00e9tica en Tijuana y Rosarito","isPartOf":{"@id":"https:\/\/moldearte.com\/#website"},"primaryImageOfPage":{"@id":"https:\/\/moldearte.com\/tratamiento\/facial-anti-acne-para-piel-madura\/#primaryimage"},"image":{"@id":"https:\/\/moldearte.com\/tratamiento\/facial-anti-acne-para-piel-madura\/#primaryimage"},"thumbnailUrl":"https:\/\/moldearte.com\/wp-content\/uploads\/2024\/07\/hydroxyfill-tijuana.png","datePublished":"2025-12-16T02:16:05+00:00","dateModified":"2026-03-24T15:40:08+00:00","breadcrumb":{"@id":"https:\/\/moldearte.com\/tratamiento\/facial-anti-acne-para-piel-madura\/#breadcrumb"},"inLanguage":"en-US","potentialAction":[{"@type":"ReadAction","target":["https:\/\/moldearte.com\/tratamiento\/facial-anti-acne-para-piel-madura\/"]}]},{"@type":"ImageObject","inLanguage":"en-US","@id":"https:\/\/moldearte.com\/tratamiento\/facial-anti-acne-para-piel-madura\/#primaryimage","url":"https:\/\/moldearte.com\/wp-content\/uploads\/2024\/07\/hydroxyfill-tijuana.png","contentUrl":"https:\/\/moldearte.com\/wp-content\/uploads\/2024\/07\/hydroxyfill-tijuana.png","width":1080,"height":1080},{"@type":"BreadcrumbList","@id":"https:\/\/moldearte.com\/tratamiento\/facial-anti-acne-para-piel-madura\/#breadcrumb","itemListElement":[{"@type":"ListItem","position":1,"name":"Portada","item":"https:\/\/moldearte.com\/"},{"@type":"ListItem","position":2,"name":"Tienda","item":"https:\/\/moldearte.com\/en\/tienda\/"},{"@type":"ListItem","position":3,"name":"FACIAL ANTI ACN\u00c9 PARA PIEL MADURA"}]},{"@type":"WebSite","@id":"https:\/\/moldearte.com\/#website","url":"https:\/\/moldearte.com\/","name":"MoldeArte | L\u00edderes en Medicina Est\u00e9tica en Tijuana y Rosarito","description":"Rejuvenecimiento Facial y corporal sin cirug\u00eda","publisher":{"@id":"https:\/\/moldearte.com\/#organization"},"potentialAction":[{"@type":"SearchAction","target":{"@type":"EntryPoint","urlTemplate":"https:\/\/moldearte.com\/?s={search_term_string}"},"query-input":{"@type":"PropertyValueSpecification","valueRequired":true,"valueName":"search_term_string"}}],"inLanguage":"en-US"},{"@type":"Organization","@id":"https:\/\/moldearte.com\/#organization","name":"MoldeArte | L\u00edderes en Medicina Est\u00e9tica en Tijuana y Rosarito","url":"https:\/\/moldearte.com\/","logo":{"@type":"ImageObject","inLanguage":"en-US","@id":"https:\/\/moldearte.com\/#\/schema\/logo\/image\/","url":"https:\/\/moldearte.com\/wp-content\/uploads\/2023\/01\/cropped-cropped-rejuvenecimiento-facial-sin-cirugia-tijuana.png","contentUrl":"https:\/\/moldearte.com\/wp-content\/uploads\/2023\/01\/cropped-cropped-rejuvenecimiento-facial-sin-cirugia-tijuana.png","width":3255,"height":1059,"caption":"MoldeArte | L\u00edderes en Medicina Est\u00e9tica en Tijuana y Rosarito"},"image":{"@id":"https:\/\/moldearte.com\/#\/schema\/logo\/image\/"}}]},"product_price_amount":"499.00","product_price_currency":"MXN","og_availability":"instock","product_availability":"instock","product_condition":"new"},"_links":{"self":[{"href":"https:\/\/moldearte.com\/en\/wp-json\/wp\/v2\/product\/21511","targetHints":{"allow":["GET"]}}],"collection":[{"href":"https:\/\/moldearte.com\/en\/wp-json\/wp\/v2\/product"}],"about":[{"href":"https:\/\/moldearte.com\/en\/wp-json\/wp\/v2\/types\/product"}],"wp:featuredmedia":[{"embeddable":true,"href":"https:\/\/moldearte.com\/en\/wp-json\/wp\/v2\/media\/6304"}],"wp:attachment":[{"href":"https:\/\/moldearte.com\/en\/wp-json\/wp\/v2\/media?parent=21511"}],"wp:term":[{"taxonomy":"product_brand","embeddable":true,"href":"https:\/\/moldearte.com\/en\/wp-json\/wp\/v2\/product_brand?post=21511"},{"taxonomy":"product_cat","embeddable":true,"href":"https:\/\/moldearte.com\/en\/wp-json\/wp\/v2\/product_cat?post=21511"},{"taxonomy":"product_tag","embeddable":true,"href":"https:\/\/moldearte.com\/en\/wp-json\/wp\/v2\/product_tag?post=21511"},{"taxonomy":"giftcard-category","embeddable":true,"href":"https:\/\/moldearte.com\/en\/wp-json\/wp\/v2\/giftcard-category?post=21511"}],"curies":[{"name":"wp","href":"https:\/\/api.w.org\/{rel}","templated":true}]}}