{"id":21005,"date":"2025-12-05T08:25:39","date_gmt":"2025-12-05T16:25:39","guid":{"rendered":"https:\/\/moldearte.com\/?post_type=product&#038;p=21005"},"modified":"2026-04-06T12:07:10","modified_gmt":"2026-04-06T19:07:10","slug":"facial-para-piel-sensible","status":"publish","type":"product","link":"https:\/\/moldearte.com\/en\/tratamiento\/facial-para-piel-sensible\/","title":{"rendered":"FACIAL PARA PIEL SENSIBLE"},"content":{"rendered":"<h4>\u00bfQui\u00e9n es candidato a este tratamiento?<\/h4>\n<p>Personas con piel sensible, reactiva, enrojecida o que se irrita con facilidad y buscan una limpieza profesional que tambi\u00e9n calme y fortalezca la piel.<\/p>\n<h4>Edad o tipo de piel ideal para realizarse el servicio<\/h4>\n<p>Apto para todas las edades y perfecto para pieles delicadas, irritadas, secas o con tendencia a inflamarse.<\/p>\n<h4>Los principales 5 beneficios del tratamiento<\/h4>\n<p>\u2705 Reduce enrojecimiento e inflamaci\u00f3n<br \/>\n\u2705 Limpia profundamente sin agredir la piel<br \/>\n\u2705 Hidrata y refuerza la barrera cut\u00e1nea<br \/>\n\u2705 Calma la sensibilidad y mejora el confort<br \/>\n\u2705 Deja la piel m\u00e1s suave, luminosa y equilibrada<\/p>\n<p>\ud83d\udc96 \u00a1Un facial pensado para quienes necesitan cuidado, suavidad y protecci\u00f3n en cada paso! \u2728<\/p>","protected":false},"excerpt":{"rendered":"<p><strong>\u2728\u00a1Cuida tu piel sensible con un tratamiento creado para mimarla sin irritarla!\ud83d\udc86\u200d\u2640\ufe0f\ud83c\udf38\u2728<\/strong><br \/>\nEl Facial para Piel Sensible ofrece una limpieza suave pero profunda con doble limpieza, apertura de poros con producto cosmetol\u00f3gico para facilitar la extracci\u00f3n delicada de puntos negros, una foto sesi\u00f3n LED amarilla calmante y drenante, alta frecuencia para desinflamar y purificar, y una mascarilla hidratante que aporta confort inmediato. \ud83d\udc9b\ud83d\udca7<\/p>\n<h4>\u00bfQu\u00e9 incluye el tratamiento? \ud83d\udc96<\/h4>\n<p>Una sesi\u00f3n de Facial para piel Sensible con foto sesi\u00f3n LED calmante y drenante amarilla, sesi\u00f3n con alta frecuencia y aplicaci\u00f3n de mascarilla hidratante<br \/>\n<span class=\"fontstyle0\"><span style=\"color: #ff914d;\"><strong>*Cuenta con 60 d\u00edas para realizarse el tratamiento a partir de su compra<\/strong><\/span><\/span><\/p>","protected":false},"featured_media":571,"template":"","meta":[],"product_brand":[],"product_cat":[235,251,27],"product_tag":[],"giftcard-category":[],"class_list":{"0":"post-21005","1":"product","2":"type-product","3":"status-publish","4":"has-post-thumbnail","6":"product_cat-faciales","7":"product_cat-revitalizantes","8":"product_cat-txcosmetologicos","10":"first","11":"instock","12":"virtual","13":"purchasable","14":"product-type-simple"},"yoast_head":"<!-- This site is optimized with the Yoast SEO Premium plugin v27.2 (Yoast SEO v27.3) - https:\/\/yoast.com\/product\/yoast-seo-premium-wordpress\/ -->\n<title>FACIAL PARA PIEL SENSIBLE - MoldeArte | L\u00edderes en Medicina Est\u00e9tica en Tijuana y Rosarito<\/title>\n<meta name=\"robots\" content=\"index, follow, max-snippet:-1, max-image-preview:large, max-video-preview:-1\" \/>\n<link rel=\"canonical\" href=\"https:\/\/moldearte.com\/en\/tratamiento\/facial-para-piel-sensible\/\" \/>\n<meta property=\"og:locale\" content=\"en_US\" \/>\n<meta property=\"og:type\" content=\"article\" \/>\n<meta property=\"og:title\" content=\"FACIAL PARA PIEL SENSIBLE\" \/>\n<meta property=\"og:description\" content=\"\u2728\u00a1Cuida tu piel sensible con un tratamiento creado para mimarla sin irritarla!\ud83d\udc86\u200d\u2640\ufe0f\ud83c\udf38\u2728 El Facial para Piel Sensible ofrece una limpieza suave pero profunda con doble limpieza, apertura de poros con producto cosmetol\u00f3gico para facilitar la extracci\u00f3n delicada de puntos negros, una foto sesi\u00f3n LED amarilla calmante y drenante, alta frecuencia para desinflamar y purificar, y una mascarilla hidratante que aporta confort inmediato. \ud83d\udc9b\ud83d\udca7 \u00bfQu\u00e9 incluye el tratamiento? \ud83d\udc96 Una sesi\u00f3n de Facial para piel Sensible con foto sesi\u00f3n LED calmante y drenante amarilla, sesi\u00f3n con alta frecuencia y aplicaci\u00f3n de mascarilla hidratante *Cuenta con 60 d\u00edas para realizarse el tratamiento a partir de su compra\" \/>\n<meta property=\"og:url\" content=\"https:\/\/moldearte.com\/en\/tratamiento\/facial-para-piel-sensible\/\" \/>\n<meta property=\"og:site_name\" content=\"MoldeArte | L\u00edderes en Medicina Est\u00e9tica en Tijuana y Rosarito\" \/>\n<meta property=\"article:modified_time\" content=\"2026-04-06T19:07:10+00:00\" \/>\n<meta property=\"og:image\" content=\"https:\/\/moldearte.com\/wp-content\/uploads\/2023\/01\/ANTI-AGING-TIJUANA.png\" \/>\n\t<meta property=\"og:image:width\" content=\"1080\" \/>\n\t<meta property=\"og:image:height\" content=\"1080\" \/>\n\t<meta property=\"og:image:type\" content=\"image\/png\" \/>\n<meta name=\"twitter:card\" content=\"summary_large_image\" \/>\n<meta name=\"twitter:label1\" content=\"Price\" \/>\n\t<meta name=\"twitter:data1\" content=\"&#036;1,100.00\" \/>\n\t<meta name=\"twitter:label2\" content=\"Availability\" \/>\n\t<meta name=\"twitter:data2\" content=\"In stock\" \/>\n<script type=\"application\/ld+json\" class=\"yoast-schema-graph\">{\"@context\":\"https:\\\/\\\/schema.org\",\"@graph\":[{\"@type\":\"WebPage\",\"@id\":\"https:\\\/\\\/moldearte.com\\\/tratamiento\\\/facial-para-piel-sensible\\\/\",\"url\":\"https:\\\/\\\/moldearte.com\\\/tratamiento\\\/facial-para-piel-sensible\\\/\",\"name\":\"FACIAL PARA PIEL SENSIBLE - MoldeArte | L\u00edderes en Medicina Est\u00e9tica en Tijuana y Rosarito\",\"isPartOf\":{\"@id\":\"https:\\\/\\\/moldearte.com\\\/#website\"},\"primaryImageOfPage\":{\"@id\":\"https:\\\/\\\/moldearte.com\\\/tratamiento\\\/facial-para-piel-sensible\\\/#primaryimage\"},\"image\":{\"@id\":\"https:\\\/\\\/moldearte.com\\\/tratamiento\\\/facial-para-piel-sensible\\\/#primaryimage\"},\"thumbnailUrl\":\"https:\\\/\\\/moldearte.com\\\/wp-content\\\/uploads\\\/2023\\\/01\\\/ANTI-AGING-TIJUANA.png\",\"datePublished\":\"2025-12-05T16:25:39+00:00\",\"dateModified\":\"2026-04-06T19:07:10+00:00\",\"breadcrumb\":{\"@id\":\"https:\\\/\\\/moldearte.com\\\/tratamiento\\\/facial-para-piel-sensible\\\/#breadcrumb\"},\"inLanguage\":\"en-US\",\"potentialAction\":[{\"@type\":\"ReadAction\",\"target\":[\"https:\\\/\\\/moldearte.com\\\/tratamiento\\\/facial-para-piel-sensible\\\/\"]}]},{\"@type\":\"ImageObject\",\"inLanguage\":\"en-US\",\"@id\":\"https:\\\/\\\/moldearte.com\\\/tratamiento\\\/facial-para-piel-sensible\\\/#primaryimage\",\"url\":\"https:\\\/\\\/moldearte.com\\\/wp-content\\\/uploads\\\/2023\\\/01\\\/ANTI-AGING-TIJUANA.png\",\"contentUrl\":\"https:\\\/\\\/moldearte.com\\\/wp-content\\\/uploads\\\/2023\\\/01\\\/ANTI-AGING-TIJUANA.png\",\"width\":1080,\"height\":1080},{\"@type\":\"BreadcrumbList\",\"@id\":\"https:\\\/\\\/moldearte.com\\\/tratamiento\\\/facial-para-piel-sensible\\\/#breadcrumb\",\"itemListElement\":[{\"@type\":\"ListItem\",\"position\":1,\"name\":\"Portada\",\"item\":\"https:\\\/\\\/moldearte.com\\\/\"},{\"@type\":\"ListItem\",\"position\":2,\"name\":\"Tienda\",\"item\":\"https:\\\/\\\/moldearte.com\\\/en\\\/tienda\\\/\"},{\"@type\":\"ListItem\",\"position\":3,\"name\":\"FACIAL PARA PIEL SENSIBLE\"}]},{\"@type\":\"WebSite\",\"@id\":\"https:\\\/\\\/moldearte.com\\\/#website\",\"url\":\"https:\\\/\\\/moldearte.com\\\/\",\"name\":\"MoldeArte | L\u00edderes en Medicina Est\u00e9tica en Tijuana y Rosarito\",\"description\":\"Rejuvenecimiento Facial y corporal sin cirug\u00eda\",\"publisher\":{\"@id\":\"https:\\\/\\\/moldearte.com\\\/#organization\"},\"potentialAction\":[{\"@type\":\"SearchAction\",\"target\":{\"@type\":\"EntryPoint\",\"urlTemplate\":\"https:\\\/\\\/moldearte.com\\\/?s={search_term_string}\"},\"query-input\":{\"@type\":\"PropertyValueSpecification\",\"valueRequired\":true,\"valueName\":\"search_term_string\"}}],\"inLanguage\":\"en-US\"},{\"@type\":\"Organization\",\"@id\":\"https:\\\/\\\/moldearte.com\\\/#organization\",\"name\":\"MoldeArte | L\u00edderes en Medicina Est\u00e9tica en Tijuana y Rosarito\",\"url\":\"https:\\\/\\\/moldearte.com\\\/\",\"logo\":{\"@type\":\"ImageObject\",\"inLanguage\":\"en-US\",\"@id\":\"https:\\\/\\\/moldearte.com\\\/#\\\/schema\\\/logo\\\/image\\\/\",\"url\":\"https:\\\/\\\/moldearte.com\\\/wp-content\\\/uploads\\\/2023\\\/01\\\/cropped-cropped-rejuvenecimiento-facial-sin-cirugia-tijuana.png\",\"contentUrl\":\"https:\\\/\\\/moldearte.com\\\/wp-content\\\/uploads\\\/2023\\\/01\\\/cropped-cropped-rejuvenecimiento-facial-sin-cirugia-tijuana.png\",\"width\":3255,\"height\":1059,\"caption\":\"MoldeArte | L\u00edderes en Medicina Est\u00e9tica en Tijuana y Rosarito\"},\"image\":{\"@id\":\"https:\\\/\\\/moldearte.com\\\/#\\\/schema\\\/logo\\\/image\\\/\"}}]}<\/script>\n<meta property=\"product:price:amount\" content=\"1100.00\" \/>\n<meta property=\"product:price:currency\" content=\"MXN\" \/>\n<meta property=\"og:availability\" content=\"instock\" \/>\n<meta property=\"product:availability\" content=\"instock\" \/>\n<meta property=\"product:condition\" content=\"new\" \/>\n<!-- \/ Yoast SEO Premium plugin. -->","yoast_head_json":{"title":"FACIAL PARA PIEL SENSIBLE - MoldeArte | L\u00edderes en Medicina Est\u00e9tica en Tijuana y Rosarito","robots":{"index":"index","follow":"follow","max-snippet":"max-snippet:-1","max-image-preview":"max-image-preview:large","max-video-preview":"max-video-preview:-1"},"canonical":"https:\/\/moldearte.com\/en\/tratamiento\/facial-para-piel-sensible\/","og_locale":"en_US","og_type":"article","og_title":"FACIAL PARA PIEL SENSIBLE","og_description":"\u2728\u00a1Cuida tu piel sensible con un tratamiento creado para mimarla sin irritarla!\ud83d\udc86\u200d\u2640\ufe0f\ud83c\udf38\u2728 El Facial para Piel Sensible ofrece una limpieza suave pero profunda con doble limpieza, apertura de poros con producto cosmetol\u00f3gico para facilitar la extracci\u00f3n delicada de puntos negros, una foto sesi\u00f3n LED amarilla calmante y drenante, alta frecuencia para desinflamar y purificar, y una mascarilla hidratante que aporta confort inmediato. \ud83d\udc9b\ud83d\udca7 \u00bfQu\u00e9 incluye el tratamiento? \ud83d\udc96 Una sesi\u00f3n de Facial para piel Sensible con foto sesi\u00f3n LED calmante y drenante amarilla, sesi\u00f3n con alta frecuencia y aplicaci\u00f3n de mascarilla hidratante *Cuenta con 60 d\u00edas para realizarse el tratamiento a partir de su compra","og_url":"https:\/\/moldearte.com\/en\/tratamiento\/facial-para-piel-sensible\/","og_site_name":"MoldeArte | L\u00edderes en Medicina Est\u00e9tica en Tijuana y Rosarito","article_modified_time":"2026-04-06T19:07:10+00:00","og_image":[{"width":1080,"height":1080,"url":"https:\/\/moldearte.com\/wp-content\/uploads\/2023\/01\/ANTI-AGING-TIJUANA.png","type":"image\/png"}],"twitter_card":"summary_large_image","twitter_misc":{"Price":"&#36;1,100.00","Availability":"In stock"},"schema":{"@context":"https:\/\/schema.org","@graph":[{"@type":"WebPage","@id":"https:\/\/moldearte.com\/tratamiento\/facial-para-piel-sensible\/","url":"https:\/\/moldearte.com\/tratamiento\/facial-para-piel-sensible\/","name":"FACIAL PARA PIEL SENSIBLE - MoldeArte | L\u00edderes en Medicina Est\u00e9tica en Tijuana y Rosarito","isPartOf":{"@id":"https:\/\/moldearte.com\/#website"},"primaryImageOfPage":{"@id":"https:\/\/moldearte.com\/tratamiento\/facial-para-piel-sensible\/#primaryimage"},"image":{"@id":"https:\/\/moldearte.com\/tratamiento\/facial-para-piel-sensible\/#primaryimage"},"thumbnailUrl":"https:\/\/moldearte.com\/wp-content\/uploads\/2023\/01\/ANTI-AGING-TIJUANA.png","datePublished":"2025-12-05T16:25:39+00:00","dateModified":"2026-04-06T19:07:10+00:00","breadcrumb":{"@id":"https:\/\/moldearte.com\/tratamiento\/facial-para-piel-sensible\/#breadcrumb"},"inLanguage":"en-US","potentialAction":[{"@type":"ReadAction","target":["https:\/\/moldearte.com\/tratamiento\/facial-para-piel-sensible\/"]}]},{"@type":"ImageObject","inLanguage":"en-US","@id":"https:\/\/moldearte.com\/tratamiento\/facial-para-piel-sensible\/#primaryimage","url":"https:\/\/moldearte.com\/wp-content\/uploads\/2023\/01\/ANTI-AGING-TIJUANA.png","contentUrl":"https:\/\/moldearte.com\/wp-content\/uploads\/2023\/01\/ANTI-AGING-TIJUANA.png","width":1080,"height":1080},{"@type":"BreadcrumbList","@id":"https:\/\/moldearte.com\/tratamiento\/facial-para-piel-sensible\/#breadcrumb","itemListElement":[{"@type":"ListItem","position":1,"name":"Portada","item":"https:\/\/moldearte.com\/"},{"@type":"ListItem","position":2,"name":"Tienda","item":"https:\/\/moldearte.com\/en\/tienda\/"},{"@type":"ListItem","position":3,"name":"FACIAL PARA PIEL SENSIBLE"}]},{"@type":"WebSite","@id":"https:\/\/moldearte.com\/#website","url":"https:\/\/moldearte.com\/","name":"MoldeArte | L\u00edderes en Medicina Est\u00e9tica en Tijuana y Rosarito","description":"Rejuvenecimiento Facial y corporal sin cirug\u00eda","publisher":{"@id":"https:\/\/moldearte.com\/#organization"},"potentialAction":[{"@type":"SearchAction","target":{"@type":"EntryPoint","urlTemplate":"https:\/\/moldearte.com\/?s={search_term_string}"},"query-input":{"@type":"PropertyValueSpecification","valueRequired":true,"valueName":"search_term_string"}}],"inLanguage":"en-US"},{"@type":"Organization","@id":"https:\/\/moldearte.com\/#organization","name":"MoldeArte | L\u00edderes en Medicina Est\u00e9tica en Tijuana y Rosarito","url":"https:\/\/moldearte.com\/","logo":{"@type":"ImageObject","inLanguage":"en-US","@id":"https:\/\/moldearte.com\/#\/schema\/logo\/image\/","url":"https:\/\/moldearte.com\/wp-content\/uploads\/2023\/01\/cropped-cropped-rejuvenecimiento-facial-sin-cirugia-tijuana.png","contentUrl":"https:\/\/moldearte.com\/wp-content\/uploads\/2023\/01\/cropped-cropped-rejuvenecimiento-facial-sin-cirugia-tijuana.png","width":3255,"height":1059,"caption":"MoldeArte | L\u00edderes en Medicina Est\u00e9tica en Tijuana y Rosarito"},"image":{"@id":"https:\/\/moldearte.com\/#\/schema\/logo\/image\/"}}]},"product_price_amount":"1100.00","product_price_currency":"MXN","og_availability":"instock","product_availability":"instock","product_condition":"new"},"_links":{"self":[{"href":"https:\/\/moldearte.com\/en\/wp-json\/wp\/v2\/product\/21005","targetHints":{"allow":["GET"]}}],"collection":[{"href":"https:\/\/moldearte.com\/en\/wp-json\/wp\/v2\/product"}],"about":[{"href":"https:\/\/moldearte.com\/en\/wp-json\/wp\/v2\/types\/product"}],"wp:featuredmedia":[{"embeddable":true,"href":"https:\/\/moldearte.com\/en\/wp-json\/wp\/v2\/media\/571"}],"wp:attachment":[{"href":"https:\/\/moldearte.com\/en\/wp-json\/wp\/v2\/media?parent=21005"}],"wp:term":[{"taxonomy":"product_brand","embeddable":true,"href":"https:\/\/moldearte.com\/en\/wp-json\/wp\/v2\/product_brand?post=21005"},{"taxonomy":"product_cat","embeddable":true,"href":"https:\/\/moldearte.com\/en\/wp-json\/wp\/v2\/product_cat?post=21005"},{"taxonomy":"product_tag","embeddable":true,"href":"https:\/\/moldearte.com\/en\/wp-json\/wp\/v2\/product_tag?post=21005"},{"taxonomy":"giftcard-category","embeddable":true,"href":"https:\/\/moldearte.com\/en\/wp-json\/wp\/v2\/giftcard-category?post=21005"}],"curies":[{"name":"wp","href":"https:\/\/api.w.org\/{rel}","templated":true}]}}