{"id":2066,"date":"2023-05-15T10:34:23","date_gmt":"2023-05-15T17:34:23","guid":{"rendered":"https:\/\/moldearte.com\/?post_type=product&#038;p=2066"},"modified":"2026-04-06T11:42:55","modified_gmt":"2026-04-06T18:42:55","slug":"reduce-tallas-y-moldea-tu-figura","status":"publish","type":"product","link":"https:\/\/moldearte.com\/en\/tratamiento\/reduce-tallas-y-moldea-tu-figura\/","title":{"rendered":"REDUCE SIZES AND SHAPE YOUR FIGURE"},"content":{"rendered":"<h4>\u00bfQui\u00e9n es candidato a ese tratamiento?<\/h4>\n<p>Personas que desean reducir tallas, moldear zonas espec\u00edficas del cuerpo y mejorar la apariencia de la piel sin procedimientos quir\u00fargicos.<\/p>\n<h4>Edad o tipo de piel ideal para realizarse el servicio<\/h4>\n<p>Recomendado a partir de los 25 a\u00f1os. Ideal para piel con grasa localizada, flacidez leve a moderada o retenci\u00f3n de l\u00edquidos.<\/p>\n<h4>Los principales 5 beneficios del tratamiento<\/h4>\n<p>\u2728 Ayuda a reducir volumen y grasa localizada<br \/>\n\u2728 Mejora la firmeza y elasticidad de la piel<br \/>\n\u2728 Favorece el drenaje de l\u00edquidos y toxinas<br \/>\n\u2728 Moldea y redefine el contorno corporal<br \/>\n\u2728 Aporta una apariencia m\u00e1s estilizada y uniforme \ud83d\udc96<\/p>\n<p>\ud83c\udf38 Un tratamiento integral para sentirte m\u00e1s ligera, firme y segura con tu figura.<\/p>","protected":false},"excerpt":{"rendered":"<p><strong>\u2728\ud83d\udd25 Transforma tu silueta y redefine tu cuerpo de forma progresiva y no invasiva \ud83d\udd25\u2728<\/strong><br \/>\nEl paquete Reduce Tallas y Moldea tu Figura combina tecnolog\u00edas corporales y masaje terap\u00e9utico para trabajar grasa localizada, flacidez y retenci\u00f3n de l\u00edquidos. Incluye 4 sesiones de Cavitaci\u00f3n o Lipol\u00e1ser, 4 sesiones de Radiofrecuencia Corporal y 4 sesiones de Masaje de Drenaje Linf\u00e1tico, aplicadas en dos zonas continuas, logrando un contorno m\u00e1s estilizado y firme.<\/p>\n<h4>\u00bfQu\u00e9 incluye el tratamiento? \ud83d\udc96<\/h4>\n<p>Reduce tallas y Moldea tu Figura incluye: 4 sesiones de Cavitaci\u00f3n o Lipol\u00e1ser, Radiofrecuencia Corporal y Masaje de Drenaje Linf\u00e1tico en dos zonas continuas.<br \/>\n<span style=\"color: #c02c30;\"><strong>\ud83d\udcb8 Precio pagando en efectivo en sucursal: $1,100 MXN. (v\u00e1lido del 5 al 18 de abril del 2026)<br \/>\n<\/strong><\/span><span style=\"color: #ff914d;\"><strong>*Cuenta con 60 d\u00edas para realizarse el tratamiento a partir de su compra<\/strong><\/span><\/p>","protected":false},"featured_media":322,"template":"","meta":[],"product_brand":[],"product_cat":[269,28],"product_tag":[],"giftcard-category":[],"class_list":{"0":"post-2066","1":"product","2":"type-product","3":"status-publish","4":"has-post-thumbnail","6":"product_cat-bikinazo","7":"product_cat-txcorporales","9":"first","10":"instock","11":"sale","12":"virtual","13":"purchasable","14":"product-type-simple"},"yoast_head":"<!-- This site is optimized with the Yoast SEO Premium plugin v27.2 (Yoast SEO v27.3) - https:\/\/yoast.com\/product\/yoast-seo-premium-wordpress\/ -->\n<title>REDUCE TALLAS Y MOLDEA TU FIGURA - MoldeArte | L\u00edderes en Medicina Est\u00e9tica en Tijuana y Rosarito<\/title>\n<meta name=\"robots\" content=\"index, follow, max-snippet:-1, max-image-preview:large, max-video-preview:-1\" \/>\n<link rel=\"canonical\" href=\"https:\/\/moldearte.com\/en\/tratamiento\/reduce-tallas-y-moldea-tu-figura\/\" \/>\n<meta property=\"og:locale\" content=\"en_US\" \/>\n<meta property=\"og:type\" content=\"article\" \/>\n<meta property=\"og:title\" content=\"REDUCE TALLAS Y MOLDEA TU FIGURA\" \/>\n<meta property=\"og:description\" content=\"\u2728\ud83d\udd25 Transforma tu silueta y redefine tu cuerpo de forma progresiva y no invasiva \ud83d\udd25\u2728 El paquete Reduce Tallas y Moldea tu Figura combina tecnolog\u00edas corporales y masaje terap\u00e9utico para trabajar grasa localizada, flacidez y retenci\u00f3n de l\u00edquidos. Incluye 4 sesiones de Cavitaci\u00f3n o Lipol\u00e1ser, 4 sesiones de Radiofrecuencia Corporal y 4 sesiones de Masaje de Drenaje Linf\u00e1tico, aplicadas en dos zonas continuas, logrando un contorno m\u00e1s estilizado y firme. \u00bfQu\u00e9 incluye el tratamiento? \ud83d\udc96 Reduce tallas y Moldea tu Figura incluye: 4 sesiones de Cavitaci\u00f3n o Lipol\u00e1ser, Radiofrecuencia Corporal y Masaje de Drenaje Linf\u00e1tico en dos zonas continuas. \ud83d\udcb8 Precio pagando en efectivo en sucursal: $1,100 MXN. (v\u00e1lido del 5 al 18 de abril del 2026) *Cuenta con 60 d\u00edas para realizarse el tratamiento a partir de su compra\" \/>\n<meta property=\"og:url\" content=\"https:\/\/moldearte.com\/en\/tratamiento\/reduce-tallas-y-moldea-tu-figura\/\" \/>\n<meta property=\"og:site_name\" content=\"MoldeArte | L\u00edderes en Medicina Est\u00e9tica en Tijuana y Rosarito\" \/>\n<meta property=\"article:modified_time\" content=\"2026-04-06T18:42:55+00:00\" \/>\n<meta property=\"og:image\" content=\"https:\/\/moldearte.com\/wp-content\/uploads\/2023\/01\/mesoterapia-reductiva-tijuana-1.png\" \/>\n\t<meta property=\"og:image:width\" content=\"1080\" \/>\n\t<meta property=\"og:image:height\" content=\"1080\" \/>\n\t<meta property=\"og:image:type\" content=\"image\/png\" \/>\n<meta name=\"twitter:card\" content=\"summary_large_image\" \/>\n<meta name=\"twitter:label1\" content=\"Price\" \/>\n\t<meta name=\"twitter:data1\" content=\"&#036;1,500.00\" \/>\n\t<meta name=\"twitter:label2\" content=\"Availability\" \/>\n\t<meta name=\"twitter:data2\" content=\"In stock\" \/>\n<script type=\"application\/ld+json\" class=\"yoast-schema-graph\">{\"@context\":\"https:\\\/\\\/schema.org\",\"@graph\":[{\"@type\":\"WebPage\",\"@id\":\"https:\\\/\\\/moldearte.com\\\/tratamiento\\\/reduce-tallas-y-moldea-tu-figura\\\/\",\"url\":\"https:\\\/\\\/moldearte.com\\\/tratamiento\\\/reduce-tallas-y-moldea-tu-figura\\\/\",\"name\":\"REDUCE TALLAS Y MOLDEA TU FIGURA - MoldeArte | L\u00edderes en Medicina Est\u00e9tica en Tijuana y Rosarito\",\"isPartOf\":{\"@id\":\"https:\\\/\\\/moldearte.com\\\/#website\"},\"primaryImageOfPage\":{\"@id\":\"https:\\\/\\\/moldearte.com\\\/tratamiento\\\/reduce-tallas-y-moldea-tu-figura\\\/#primaryimage\"},\"image\":{\"@id\":\"https:\\\/\\\/moldearte.com\\\/tratamiento\\\/reduce-tallas-y-moldea-tu-figura\\\/#primaryimage\"},\"thumbnailUrl\":\"https:\\\/\\\/moldearte.com\\\/wp-content\\\/uploads\\\/2023\\\/01\\\/mesoterapia-reductiva-tijuana-1.png\",\"datePublished\":\"2023-05-15T17:34:23+00:00\",\"dateModified\":\"2026-04-06T18:42:55+00:00\",\"breadcrumb\":{\"@id\":\"https:\\\/\\\/moldearte.com\\\/tratamiento\\\/reduce-tallas-y-moldea-tu-figura\\\/#breadcrumb\"},\"inLanguage\":\"en-US\",\"potentialAction\":[{\"@type\":\"ReadAction\",\"target\":[\"https:\\\/\\\/moldearte.com\\\/tratamiento\\\/reduce-tallas-y-moldea-tu-figura\\\/\"]}]},{\"@type\":\"ImageObject\",\"inLanguage\":\"en-US\",\"@id\":\"https:\\\/\\\/moldearte.com\\\/tratamiento\\\/reduce-tallas-y-moldea-tu-figura\\\/#primaryimage\",\"url\":\"https:\\\/\\\/moldearte.com\\\/wp-content\\\/uploads\\\/2023\\\/01\\\/mesoterapia-reductiva-tijuana-1.png\",\"contentUrl\":\"https:\\\/\\\/moldearte.com\\\/wp-content\\\/uploads\\\/2023\\\/01\\\/mesoterapia-reductiva-tijuana-1.png\",\"width\":1080,\"height\":1080,\"caption\":\"Tratamiento Intensivo Reductivo en Tijuana\"},{\"@type\":\"BreadcrumbList\",\"@id\":\"https:\\\/\\\/moldearte.com\\\/tratamiento\\\/reduce-tallas-y-moldea-tu-figura\\\/#breadcrumb\",\"itemListElement\":[{\"@type\":\"ListItem\",\"position\":1,\"name\":\"Portada\",\"item\":\"https:\\\/\\\/moldearte.com\\\/\"},{\"@type\":\"ListItem\",\"position\":2,\"name\":\"Tienda\",\"item\":\"https:\\\/\\\/moldearte.com\\\/en\\\/tienda\\\/\"},{\"@type\":\"ListItem\",\"position\":3,\"name\":\"REDUCE TALLAS Y MOLDEA TU FIGURA\"}]},{\"@type\":\"WebSite\",\"@id\":\"https:\\\/\\\/moldearte.com\\\/#website\",\"url\":\"https:\\\/\\\/moldearte.com\\\/\",\"name\":\"MoldeArte | L\u00edderes en Medicina Est\u00e9tica en Tijuana y Rosarito\",\"description\":\"Rejuvenecimiento Facial y corporal sin cirug\u00eda\",\"publisher\":{\"@id\":\"https:\\\/\\\/moldearte.com\\\/#organization\"},\"potentialAction\":[{\"@type\":\"SearchAction\",\"target\":{\"@type\":\"EntryPoint\",\"urlTemplate\":\"https:\\\/\\\/moldearte.com\\\/?s={search_term_string}\"},\"query-input\":{\"@type\":\"PropertyValueSpecification\",\"valueRequired\":true,\"valueName\":\"search_term_string\"}}],\"inLanguage\":\"en-US\"},{\"@type\":\"Organization\",\"@id\":\"https:\\\/\\\/moldearte.com\\\/#organization\",\"name\":\"MoldeArte | L\u00edderes en Medicina Est\u00e9tica en Tijuana y Rosarito\",\"url\":\"https:\\\/\\\/moldearte.com\\\/\",\"logo\":{\"@type\":\"ImageObject\",\"inLanguage\":\"en-US\",\"@id\":\"https:\\\/\\\/moldearte.com\\\/#\\\/schema\\\/logo\\\/image\\\/\",\"url\":\"https:\\\/\\\/moldearte.com\\\/wp-content\\\/uploads\\\/2023\\\/01\\\/cropped-cropped-rejuvenecimiento-facial-sin-cirugia-tijuana.png\",\"contentUrl\":\"https:\\\/\\\/moldearte.com\\\/wp-content\\\/uploads\\\/2023\\\/01\\\/cropped-cropped-rejuvenecimiento-facial-sin-cirugia-tijuana.png\",\"width\":3255,\"height\":1059,\"caption\":\"MoldeArte | L\u00edderes en Medicina Est\u00e9tica en Tijuana y Rosarito\"},\"image\":{\"@id\":\"https:\\\/\\\/moldearte.com\\\/#\\\/schema\\\/logo\\\/image\\\/\"}}]}<\/script>\n<meta property=\"product:price:amount\" content=\"1500.00\" \/>\n<meta property=\"product:price:currency\" content=\"MXN\" \/>\n<meta property=\"og:availability\" content=\"instock\" \/>\n<meta property=\"product:availability\" content=\"instock\" \/>\n<meta property=\"product:condition\" content=\"new\" \/>\n<!-- \/ Yoast SEO Premium plugin. -->","yoast_head_json":{"title":"REDUCE TALLAS Y MOLDEA TU FIGURA - MoldeArte | L\u00edderes en Medicina Est\u00e9tica en Tijuana y Rosarito","robots":{"index":"index","follow":"follow","max-snippet":"max-snippet:-1","max-image-preview":"max-image-preview:large","max-video-preview":"max-video-preview:-1"},"canonical":"https:\/\/moldearte.com\/en\/tratamiento\/reduce-tallas-y-moldea-tu-figura\/","og_locale":"en_US","og_type":"article","og_title":"REDUCE TALLAS Y MOLDEA TU FIGURA","og_description":"\u2728\ud83d\udd25 Transforma tu silueta y redefine tu cuerpo de forma progresiva y no invasiva \ud83d\udd25\u2728 El paquete Reduce Tallas y Moldea tu Figura combina tecnolog\u00edas corporales y masaje terap\u00e9utico para trabajar grasa localizada, flacidez y retenci\u00f3n de l\u00edquidos. Incluye 4 sesiones de Cavitaci\u00f3n o Lipol\u00e1ser, 4 sesiones de Radiofrecuencia Corporal y 4 sesiones de Masaje de Drenaje Linf\u00e1tico, aplicadas en dos zonas continuas, logrando un contorno m\u00e1s estilizado y firme. \u00bfQu\u00e9 incluye el tratamiento? \ud83d\udc96 Reduce tallas y Moldea tu Figura incluye: 4 sesiones de Cavitaci\u00f3n o Lipol\u00e1ser, Radiofrecuencia Corporal y Masaje de Drenaje Linf\u00e1tico en dos zonas continuas. \ud83d\udcb8 Precio pagando en efectivo en sucursal: $1,100 MXN. (v\u00e1lido del 5 al 18 de abril del 2026) *Cuenta con 60 d\u00edas para realizarse el tratamiento a partir de su compra","og_url":"https:\/\/moldearte.com\/en\/tratamiento\/reduce-tallas-y-moldea-tu-figura\/","og_site_name":"MoldeArte | L\u00edderes en Medicina Est\u00e9tica en Tijuana y Rosarito","article_modified_time":"2026-04-06T18:42:55+00:00","og_image":[{"width":1080,"height":1080,"url":"https:\/\/moldearte.com\/wp-content\/uploads\/2023\/01\/mesoterapia-reductiva-tijuana-1.png","type":"image\/png"}],"twitter_card":"summary_large_image","twitter_misc":{"Price":"&#36;1,500.00","Availability":"In stock"},"schema":{"@context":"https:\/\/schema.org","@graph":[{"@type":"WebPage","@id":"https:\/\/moldearte.com\/tratamiento\/reduce-tallas-y-moldea-tu-figura\/","url":"https:\/\/moldearte.com\/tratamiento\/reduce-tallas-y-moldea-tu-figura\/","name":"REDUCE TALLAS Y MOLDEA TU FIGURA - MoldeArte | L\u00edderes en Medicina Est\u00e9tica en Tijuana y Rosarito","isPartOf":{"@id":"https:\/\/moldearte.com\/#website"},"primaryImageOfPage":{"@id":"https:\/\/moldearte.com\/tratamiento\/reduce-tallas-y-moldea-tu-figura\/#primaryimage"},"image":{"@id":"https:\/\/moldearte.com\/tratamiento\/reduce-tallas-y-moldea-tu-figura\/#primaryimage"},"thumbnailUrl":"https:\/\/moldearte.com\/wp-content\/uploads\/2023\/01\/mesoterapia-reductiva-tijuana-1.png","datePublished":"2023-05-15T17:34:23+00:00","dateModified":"2026-04-06T18:42:55+00:00","breadcrumb":{"@id":"https:\/\/moldearte.com\/tratamiento\/reduce-tallas-y-moldea-tu-figura\/#breadcrumb"},"inLanguage":"en-US","potentialAction":[{"@type":"ReadAction","target":["https:\/\/moldearte.com\/tratamiento\/reduce-tallas-y-moldea-tu-figura\/"]}]},{"@type":"ImageObject","inLanguage":"en-US","@id":"https:\/\/moldearte.com\/tratamiento\/reduce-tallas-y-moldea-tu-figura\/#primaryimage","url":"https:\/\/moldearte.com\/wp-content\/uploads\/2023\/01\/mesoterapia-reductiva-tijuana-1.png","contentUrl":"https:\/\/moldearte.com\/wp-content\/uploads\/2023\/01\/mesoterapia-reductiva-tijuana-1.png","width":1080,"height":1080,"caption":"Tratamiento Intensivo Reductivo en Tijuana"},{"@type":"BreadcrumbList","@id":"https:\/\/moldearte.com\/tratamiento\/reduce-tallas-y-moldea-tu-figura\/#breadcrumb","itemListElement":[{"@type":"ListItem","position":1,"name":"Portada","item":"https:\/\/moldearte.com\/"},{"@type":"ListItem","position":2,"name":"Tienda","item":"https:\/\/moldearte.com\/en\/tienda\/"},{"@type":"ListItem","position":3,"name":"REDUCE TALLAS Y MOLDEA TU FIGURA"}]},{"@type":"WebSite","@id":"https:\/\/moldearte.com\/#website","url":"https:\/\/moldearte.com\/","name":"MoldeArte | L\u00edderes en Medicina Est\u00e9tica en Tijuana y Rosarito","description":"Rejuvenecimiento Facial y corporal sin cirug\u00eda","publisher":{"@id":"https:\/\/moldearte.com\/#organization"},"potentialAction":[{"@type":"SearchAction","target":{"@type":"EntryPoint","urlTemplate":"https:\/\/moldearte.com\/?s={search_term_string}"},"query-input":{"@type":"PropertyValueSpecification","valueRequired":true,"valueName":"search_term_string"}}],"inLanguage":"en-US"},{"@type":"Organization","@id":"https:\/\/moldearte.com\/#organization","name":"MoldeArte | L\u00edderes en Medicina Est\u00e9tica en Tijuana y Rosarito","url":"https:\/\/moldearte.com\/","logo":{"@type":"ImageObject","inLanguage":"en-US","@id":"https:\/\/moldearte.com\/#\/schema\/logo\/image\/","url":"https:\/\/moldearte.com\/wp-content\/uploads\/2023\/01\/cropped-cropped-rejuvenecimiento-facial-sin-cirugia-tijuana.png","contentUrl":"https:\/\/moldearte.com\/wp-content\/uploads\/2023\/01\/cropped-cropped-rejuvenecimiento-facial-sin-cirugia-tijuana.png","width":3255,"height":1059,"caption":"MoldeArte | L\u00edderes en Medicina Est\u00e9tica en Tijuana y Rosarito"},"image":{"@id":"https:\/\/moldearte.com\/#\/schema\/logo\/image\/"}}]},"product_price_amount":"1500.00","product_price_currency":"MXN","og_availability":"instock","product_availability":"instock","product_condition":"new"},"_links":{"self":[{"href":"https:\/\/moldearte.com\/en\/wp-json\/wp\/v2\/product\/2066","targetHints":{"allow":["GET"]}}],"collection":[{"href":"https:\/\/moldearte.com\/en\/wp-json\/wp\/v2\/product"}],"about":[{"href":"https:\/\/moldearte.com\/en\/wp-json\/wp\/v2\/types\/product"}],"wp:featuredmedia":[{"embeddable":true,"href":"https:\/\/moldearte.com\/en\/wp-json\/wp\/v2\/media\/322"}],"wp:attachment":[{"href":"https:\/\/moldearte.com\/en\/wp-json\/wp\/v2\/media?parent=2066"}],"wp:term":[{"taxonomy":"product_brand","embeddable":true,"href":"https:\/\/moldearte.com\/en\/wp-json\/wp\/v2\/product_brand?post=2066"},{"taxonomy":"product_cat","embeddable":true,"href":"https:\/\/moldearte.com\/en\/wp-json\/wp\/v2\/product_cat?post=2066"},{"taxonomy":"product_tag","embeddable":true,"href":"https:\/\/moldearte.com\/en\/wp-json\/wp\/v2\/product_tag?post=2066"},{"taxonomy":"giftcard-category","embeddable":true,"href":"https:\/\/moldearte.com\/en\/wp-json\/wp\/v2\/giftcard-category?post=2066"}],"curies":[{"name":"wp","href":"https:\/\/api.w.org\/{rel}","templated":true}]}}