{"id":20268,"date":"2025-11-24T13:23:52","date_gmt":"2025-11-24T21:23:52","guid":{"rendered":"https:\/\/moldearte.com\/?post_type=product&#038;p=20268"},"modified":"2025-11-24T13:54:44","modified_gmt":"2025-11-24T21:54:44","slug":"paquete-anti-estres","status":"publish","type":"product","link":"https:\/\/moldearte.com\/en\/tratamiento\/paquete-anti-estres\/","title":{"rendered":"PAQUETE ANTI ESTRES"},"content":{"rendered":"<p><strong>\u00bfQui\u00e9n es candidato a este tratamiento?<\/strong><\/p>\n<p>Personas que buscan relajarse, reducir el cansancio f\u00edsico o mental y consentir su piel con hidrataci\u00f3n y descanso en un mismo servicio.<\/p>\n<p><strong>Edad o tipo de piel ideal para realizarse el servicio<\/strong><\/p>\n<p>Ideal para todas las edades y todo tipo de piel, especialmente para quienes presentan resequedad, estr\u00e9s o tensi\u00f3n acumulada.<\/p>\n<p><strong>Los principales 5 beneficios del tratamiento<\/strong><\/p>\n<p>\u2705 Relaja cuerpo y mente de manera inmediata<br \/>\n\u2705 Alivia contracturas y libera tensi\u00f3n en cuello y espalda<br \/>\n\u2705 Aporta hidrataci\u00f3n profunda y frescura a la piel<br \/>\n\u2705 Mejora la circulaci\u00f3n y oxigenaci\u00f3n facial<br \/>\n\u2705 Brinda una sensaci\u00f3n de descanso y bienestar total<\/p>\n<p>\ud83d\udc96 \u00a1Reg\u00e1late un momento para ti con el paquete Anti Estr\u00e9s y recupera tu equilibrio interior! \ud83c\udf3f\u2728<\/p>","protected":false},"excerpt":{"rendered":"<p><strong>\ud83c\udf3f\u2728\u00a1Lib\u00e9rate del estr\u00e9s y renueva tu energ\u00eda en un solo momento de bienestar!\ud83d\udc86\u200d\u2640\ufe0f\ud83d\udca7<\/strong><br \/>\nEl paquete Anti Estr\u00e9s est\u00e1 dise\u00f1ado para desconectar cuerpo y mente mientras revitalizas tu piel. Incluye un Facial Hidratante, que devuelve suavidad y luminosidad al rostro, y un Masaje en cuello y espalda, ideal para aliviar tensi\u00f3n muscular y brindar una sensaci\u00f3n profunda de relajaci\u00f3n. \ud83c\udf38<\/p>\n<h4>\u00bfQu\u00e9 incluye el tratamiento? \ud83d\udc96<\/h4>\n<p>Un Facial Hidratante con Masaje en cuello y espalda<br \/>\n<span class=\"fontstyle0\"><span style=\"color: #ff914d;\"><strong>*Cuenta con 60 d\u00edas para realizarse el tratamiento a partir de su compra<\/strong><\/span><\/span><\/p>","protected":false},"featured_media":20280,"template":"","meta":[],"product_brand":[],"product_cat":[314],"product_tag":[],"giftcard-category":[],"class_list":{"0":"post-20268","1":"product","2":"type-product","3":"status-publish","4":"has-post-thumbnail","6":"product_cat-empresas","8":"first","9":"instock","10":"sale","11":"virtual","12":"purchasable","13":"product-type-simple"},"yoast_head":"<!-- This site is optimized with the Yoast SEO Premium plugin v27.2 (Yoast SEO v27.3) - https:\/\/yoast.com\/product\/yoast-seo-premium-wordpress\/ -->\n<title>PAQUETE ANTI ESTRES - MoldeArte | L\u00edderes en Medicina Est\u00e9tica en Tijuana y Rosarito<\/title>\n<meta name=\"robots\" content=\"index, follow, max-snippet:-1, max-image-preview:large, max-video-preview:-1\" \/>\n<link rel=\"canonical\" href=\"https:\/\/moldearte.com\/en\/tratamiento\/paquete-anti-estres\/\" \/>\n<meta property=\"og:locale\" content=\"en_US\" \/>\n<meta property=\"og:type\" content=\"article\" \/>\n<meta property=\"og:title\" content=\"PAQUETE ANTI ESTRES\" \/>\n<meta property=\"og:description\" content=\"\ud83c\udf3f\u2728\u00a1Lib\u00e9rate del estr\u00e9s y renueva tu energ\u00eda en un solo momento de bienestar!\ud83d\udc86\u200d\u2640\ufe0f\ud83d\udca7 El paquete Anti Estr\u00e9s est\u00e1 dise\u00f1ado para desconectar cuerpo y mente mientras revitalizas tu piel. Incluye un Facial Hidratante, que devuelve suavidad y luminosidad al rostro, y un Masaje en cuello y espalda, ideal para aliviar tensi\u00f3n muscular y brindar una sensaci\u00f3n profunda de relajaci\u00f3n. \ud83c\udf38 \u00bfQu\u00e9 incluye el tratamiento? \ud83d\udc96 Un Facial Hidratante con Masaje en cuello y espalda *Cuenta con 60 d\u00edas para realizarse el tratamiento a partir de su compra\" \/>\n<meta property=\"og:url\" content=\"https:\/\/moldearte.com\/en\/tratamiento\/paquete-anti-estres\/\" \/>\n<meta property=\"og:site_name\" content=\"MoldeArte | L\u00edderes en Medicina Est\u00e9tica en Tijuana y Rosarito\" \/>\n<meta property=\"article:modified_time\" content=\"2025-11-24T21:54:44+00:00\" \/>\n<meta property=\"og:image\" content=\"https:\/\/moldearte.com\/wp-content\/uploads\/2025\/11\/anti-estres.jpg\" \/>\n\t<meta property=\"og:image:width\" content=\"1080\" \/>\n\t<meta property=\"og:image:height\" content=\"1080\" \/>\n\t<meta property=\"og:image:type\" content=\"image\/jpeg\" \/>\n<meta name=\"twitter:card\" content=\"summary_large_image\" \/>\n<meta name=\"twitter:label1\" content=\"Price\" \/>\n\t<meta name=\"twitter:data1\" content=\"&#036;550.00\" \/>\n\t<meta name=\"twitter:label2\" content=\"Availability\" \/>\n\t<meta name=\"twitter:data2\" content=\"In stock\" \/>\n<script type=\"application\/ld+json\" class=\"yoast-schema-graph\">{\"@context\":\"https:\\\/\\\/schema.org\",\"@graph\":[{\"@type\":\"WebPage\",\"@id\":\"https:\\\/\\\/moldearte.com\\\/tratamiento\\\/paquete-anti-estres\\\/\",\"url\":\"https:\\\/\\\/moldearte.com\\\/tratamiento\\\/paquete-anti-estres\\\/\",\"name\":\"PAQUETE ANTI ESTRES - MoldeArte | L\u00edderes en Medicina Est\u00e9tica en Tijuana y Rosarito\",\"isPartOf\":{\"@id\":\"https:\\\/\\\/moldearte.com\\\/#website\"},\"primaryImageOfPage\":{\"@id\":\"https:\\\/\\\/moldearte.com\\\/tratamiento\\\/paquete-anti-estres\\\/#primaryimage\"},\"image\":{\"@id\":\"https:\\\/\\\/moldearte.com\\\/tratamiento\\\/paquete-anti-estres\\\/#primaryimage\"},\"thumbnailUrl\":\"https:\\\/\\\/moldearte.com\\\/wp-content\\\/uploads\\\/2025\\\/11\\\/anti-estres.jpg\",\"datePublished\":\"2025-11-24T21:23:52+00:00\",\"dateModified\":\"2025-11-24T21:54:44+00:00\",\"breadcrumb\":{\"@id\":\"https:\\\/\\\/moldearte.com\\\/tratamiento\\\/paquete-anti-estres\\\/#breadcrumb\"},\"inLanguage\":\"en-US\",\"potentialAction\":[{\"@type\":\"ReadAction\",\"target\":[\"https:\\\/\\\/moldearte.com\\\/tratamiento\\\/paquete-anti-estres\\\/\"]}]},{\"@type\":\"ImageObject\",\"inLanguage\":\"en-US\",\"@id\":\"https:\\\/\\\/moldearte.com\\\/tratamiento\\\/paquete-anti-estres\\\/#primaryimage\",\"url\":\"https:\\\/\\\/moldearte.com\\\/wp-content\\\/uploads\\\/2025\\\/11\\\/anti-estres.jpg\",\"contentUrl\":\"https:\\\/\\\/moldearte.com\\\/wp-content\\\/uploads\\\/2025\\\/11\\\/anti-estres.jpg\",\"width\":1080,\"height\":1080},{\"@type\":\"BreadcrumbList\",\"@id\":\"https:\\\/\\\/moldearte.com\\\/tratamiento\\\/paquete-anti-estres\\\/#breadcrumb\",\"itemListElement\":[{\"@type\":\"ListItem\",\"position\":1,\"name\":\"Portada\",\"item\":\"https:\\\/\\\/moldearte.com\\\/\"},{\"@type\":\"ListItem\",\"position\":2,\"name\":\"Tienda\",\"item\":\"https:\\\/\\\/moldearte.com\\\/en\\\/tienda\\\/\"},{\"@type\":\"ListItem\",\"position\":3,\"name\":\"PAQUETE ANTI ESTRES\"}]},{\"@type\":\"WebSite\",\"@id\":\"https:\\\/\\\/moldearte.com\\\/#website\",\"url\":\"https:\\\/\\\/moldearte.com\\\/\",\"name\":\"MoldeArte | L\u00edderes en Medicina Est\u00e9tica en Tijuana y Rosarito\",\"description\":\"Rejuvenecimiento Facial y corporal sin cirug\u00eda\",\"publisher\":{\"@id\":\"https:\\\/\\\/moldearte.com\\\/#organization\"},\"potentialAction\":[{\"@type\":\"SearchAction\",\"target\":{\"@type\":\"EntryPoint\",\"urlTemplate\":\"https:\\\/\\\/moldearte.com\\\/?s={search_term_string}\"},\"query-input\":{\"@type\":\"PropertyValueSpecification\",\"valueRequired\":true,\"valueName\":\"search_term_string\"}}],\"inLanguage\":\"en-US\"},{\"@type\":\"Organization\",\"@id\":\"https:\\\/\\\/moldearte.com\\\/#organization\",\"name\":\"MoldeArte | L\u00edderes en Medicina Est\u00e9tica en Tijuana y Rosarito\",\"url\":\"https:\\\/\\\/moldearte.com\\\/\",\"logo\":{\"@type\":\"ImageObject\",\"inLanguage\":\"en-US\",\"@id\":\"https:\\\/\\\/moldearte.com\\\/#\\\/schema\\\/logo\\\/image\\\/\",\"url\":\"https:\\\/\\\/moldearte.com\\\/wp-content\\\/uploads\\\/2023\\\/01\\\/cropped-cropped-rejuvenecimiento-facial-sin-cirugia-tijuana.png\",\"contentUrl\":\"https:\\\/\\\/moldearte.com\\\/wp-content\\\/uploads\\\/2023\\\/01\\\/cropped-cropped-rejuvenecimiento-facial-sin-cirugia-tijuana.png\",\"width\":3255,\"height\":1059,\"caption\":\"MoldeArte | L\u00edderes en Medicina Est\u00e9tica en Tijuana y Rosarito\"},\"image\":{\"@id\":\"https:\\\/\\\/moldearte.com\\\/#\\\/schema\\\/logo\\\/image\\\/\"}}]}<\/script>\n<meta property=\"product:price:amount\" content=\"550.00\" \/>\n<meta property=\"product:price:currency\" content=\"MXN\" \/>\n<meta property=\"og:availability\" content=\"instock\" \/>\n<meta property=\"product:availability\" content=\"instock\" \/>\n<meta property=\"product:condition\" content=\"new\" \/>\n<!-- \/ Yoast SEO Premium plugin. -->","yoast_head_json":{"title":"PAQUETE ANTI ESTRES - MoldeArte | L\u00edderes en Medicina Est\u00e9tica en Tijuana y Rosarito","robots":{"index":"index","follow":"follow","max-snippet":"max-snippet:-1","max-image-preview":"max-image-preview:large","max-video-preview":"max-video-preview:-1"},"canonical":"https:\/\/moldearte.com\/en\/tratamiento\/paquete-anti-estres\/","og_locale":"en_US","og_type":"article","og_title":"PAQUETE ANTI ESTRES","og_description":"\ud83c\udf3f\u2728\u00a1Lib\u00e9rate del estr\u00e9s y renueva tu energ\u00eda en un solo momento de bienestar!\ud83d\udc86\u200d\u2640\ufe0f\ud83d\udca7 El paquete Anti Estr\u00e9s est\u00e1 dise\u00f1ado para desconectar cuerpo y mente mientras revitalizas tu piel. Incluye un Facial Hidratante, que devuelve suavidad y luminosidad al rostro, y un Masaje en cuello y espalda, ideal para aliviar tensi\u00f3n muscular y brindar una sensaci\u00f3n profunda de relajaci\u00f3n. \ud83c\udf38 \u00bfQu\u00e9 incluye el tratamiento? \ud83d\udc96 Un Facial Hidratante con Masaje en cuello y espalda *Cuenta con 60 d\u00edas para realizarse el tratamiento a partir de su compra","og_url":"https:\/\/moldearte.com\/en\/tratamiento\/paquete-anti-estres\/","og_site_name":"MoldeArte | L\u00edderes en Medicina Est\u00e9tica en Tijuana y Rosarito","article_modified_time":"2025-11-24T21:54:44+00:00","og_image":[{"width":1080,"height":1080,"url":"https:\/\/moldearte.com\/wp-content\/uploads\/2025\/11\/anti-estres.jpg","type":"image\/jpeg"}],"twitter_card":"summary_large_image","twitter_misc":{"Price":"&#36;550.00","Availability":"In stock"},"schema":{"@context":"https:\/\/schema.org","@graph":[{"@type":"WebPage","@id":"https:\/\/moldearte.com\/tratamiento\/paquete-anti-estres\/","url":"https:\/\/moldearte.com\/tratamiento\/paquete-anti-estres\/","name":"PAQUETE ANTI ESTRES - MoldeArte | L\u00edderes en Medicina Est\u00e9tica en Tijuana y Rosarito","isPartOf":{"@id":"https:\/\/moldearte.com\/#website"},"primaryImageOfPage":{"@id":"https:\/\/moldearte.com\/tratamiento\/paquete-anti-estres\/#primaryimage"},"image":{"@id":"https:\/\/moldearte.com\/tratamiento\/paquete-anti-estres\/#primaryimage"},"thumbnailUrl":"https:\/\/moldearte.com\/wp-content\/uploads\/2025\/11\/anti-estres.jpg","datePublished":"2025-11-24T21:23:52+00:00","dateModified":"2025-11-24T21:54:44+00:00","breadcrumb":{"@id":"https:\/\/moldearte.com\/tratamiento\/paquete-anti-estres\/#breadcrumb"},"inLanguage":"en-US","potentialAction":[{"@type":"ReadAction","target":["https:\/\/moldearte.com\/tratamiento\/paquete-anti-estres\/"]}]},{"@type":"ImageObject","inLanguage":"en-US","@id":"https:\/\/moldearte.com\/tratamiento\/paquete-anti-estres\/#primaryimage","url":"https:\/\/moldearte.com\/wp-content\/uploads\/2025\/11\/anti-estres.jpg","contentUrl":"https:\/\/moldearte.com\/wp-content\/uploads\/2025\/11\/anti-estres.jpg","width":1080,"height":1080},{"@type":"BreadcrumbList","@id":"https:\/\/moldearte.com\/tratamiento\/paquete-anti-estres\/#breadcrumb","itemListElement":[{"@type":"ListItem","position":1,"name":"Portada","item":"https:\/\/moldearte.com\/"},{"@type":"ListItem","position":2,"name":"Tienda","item":"https:\/\/moldearte.com\/en\/tienda\/"},{"@type":"ListItem","position":3,"name":"PAQUETE ANTI ESTRES"}]},{"@type":"WebSite","@id":"https:\/\/moldearte.com\/#website","url":"https:\/\/moldearte.com\/","name":"MoldeArte | L\u00edderes en Medicina Est\u00e9tica en Tijuana y Rosarito","description":"Rejuvenecimiento Facial y corporal sin cirug\u00eda","publisher":{"@id":"https:\/\/moldearte.com\/#organization"},"potentialAction":[{"@type":"SearchAction","target":{"@type":"EntryPoint","urlTemplate":"https:\/\/moldearte.com\/?s={search_term_string}"},"query-input":{"@type":"PropertyValueSpecification","valueRequired":true,"valueName":"search_term_string"}}],"inLanguage":"en-US"},{"@type":"Organization","@id":"https:\/\/moldearte.com\/#organization","name":"MoldeArte | L\u00edderes en Medicina Est\u00e9tica en Tijuana y Rosarito","url":"https:\/\/moldearte.com\/","logo":{"@type":"ImageObject","inLanguage":"en-US","@id":"https:\/\/moldearte.com\/#\/schema\/logo\/image\/","url":"https:\/\/moldearte.com\/wp-content\/uploads\/2023\/01\/cropped-cropped-rejuvenecimiento-facial-sin-cirugia-tijuana.png","contentUrl":"https:\/\/moldearte.com\/wp-content\/uploads\/2023\/01\/cropped-cropped-rejuvenecimiento-facial-sin-cirugia-tijuana.png","width":3255,"height":1059,"caption":"MoldeArte | L\u00edderes en Medicina Est\u00e9tica en Tijuana y Rosarito"},"image":{"@id":"https:\/\/moldearte.com\/#\/schema\/logo\/image\/"}}]},"product_price_amount":"550.00","product_price_currency":"MXN","og_availability":"instock","product_availability":"instock","product_condition":"new"},"_links":{"self":[{"href":"https:\/\/moldearte.com\/en\/wp-json\/wp\/v2\/product\/20268","targetHints":{"allow":["GET"]}}],"collection":[{"href":"https:\/\/moldearte.com\/en\/wp-json\/wp\/v2\/product"}],"about":[{"href":"https:\/\/moldearte.com\/en\/wp-json\/wp\/v2\/types\/product"}],"wp:featuredmedia":[{"embeddable":true,"href":"https:\/\/moldearte.com\/en\/wp-json\/wp\/v2\/media\/20280"}],"wp:attachment":[{"href":"https:\/\/moldearte.com\/en\/wp-json\/wp\/v2\/media?parent=20268"}],"wp:term":[{"taxonomy":"product_brand","embeddable":true,"href":"https:\/\/moldearte.com\/en\/wp-json\/wp\/v2\/product_brand?post=20268"},{"taxonomy":"product_cat","embeddable":true,"href":"https:\/\/moldearte.com\/en\/wp-json\/wp\/v2\/product_cat?post=20268"},{"taxonomy":"product_tag","embeddable":true,"href":"https:\/\/moldearte.com\/en\/wp-json\/wp\/v2\/product_tag?post=20268"},{"taxonomy":"giftcard-category","embeddable":true,"href":"https:\/\/moldearte.com\/en\/wp-json\/wp\/v2\/giftcard-category?post=20268"}],"curies":[{"name":"wp","href":"https:\/\/api.w.org\/{rel}","templated":true}]}}