{"id":20006,"date":"2025-11-19T16:17:18","date_gmt":"2025-11-20T00:17:18","guid":{"rendered":"https:\/\/moldearte.com\/?post_type=product&#038;p=20006"},"modified":"2025-11-19T16:17:19","modified_gmt":"2025-11-20T00:17:19","slug":"plasma-rico-en-plaquetas-tlz","status":"publish","type":"product","link":"https:\/\/moldearte.com\/en\/tratamiento\/plasma-rico-en-plaquetas-tlz\/","title":{"rendered":"PLASMA RICO EN PLAQUETAS TLZ"},"content":{"rendered":"<h4>\u00bfQui\u00e9n es candidato ideal para el tratamiento? \ud83d\udc96<\/h4>\n<p>El PRP es ideal para personas que desean estimular la regeneraci\u00f3n de su piel, reducir arrugas finas o mejorar la textura y elasticidad. Es una excelente opci\u00f3n para quienes buscan una soluci\u00f3n natural para el envejecimiento de la piel o una recuperaci\u00f3n m\u00e1s r\u00e1pida despu\u00e9s de otros tratamientos est\u00e9ticos.<\/p>\n<h4>\u00bfEdad o tipo de piel ideal? \ud83c\udf38<\/h4>\n<p>Este tratamiento es adecuado para personas de casi cualquier edad y tipo de piel, especialmente a partir de los 25 a\u00f1os, cuando comienzan a notarse los primeros signos de envejecimiento o personas j\u00f3venes con secuelas de acn\u00e9. Funciona bien en pieles secas, mixtas o maduras que buscan un impulso regenerador.<\/p>\n<h4>Principales beneficios del tratamiento \ud83d\udc86\u200d\u2640\ufe0f\ud83d\udc96<\/h4>\n<ol>\n<li><strong>Estimula la producci\u00f3n de col\u00e1geno<\/strong>: Fortalece la estructura de la piel, haci\u00e9ndola m\u00e1s firme y el\u00e1stica.<\/li>\n<li><strong>Reduce l\u00edneas finas y arrugas<\/strong>: Suaviza los signos de la edad para una apariencia rejuvenecida.<\/li>\n<li><strong>Mejora la textura y el tono<\/strong>: Aporta una superficie de piel m\u00e1s uniforme y radiante.<\/li>\n<li><strong>Hidrata y revitaliza<\/strong>: Ayuda a la piel a retener la humedad, dej\u00e1ndola fresca y saludable.<\/li>\n<li><strong>Acelera la recuperaci\u00f3n<\/strong>: Ideal como complemento de otros tratamientos, ayuda a regenerar y sanar la piel m\u00e1s r\u00e1pidamente.<\/li>\n<\/ol>","protected":false},"excerpt":{"rendered":"<p>\u00bfTe gustar\u00eda revitalizar tu piel con un tratamiento que aprovecha el poder natural de tu propio cuerpo? \ud83d\udc89\u2728 El Plasma Rico en Plaquetas (PRP) es una t\u00e9cnica de rejuvenecimiento avanzada que utiliza factores de crecimiento presentes en tu sangre para mejorar la apariencia y salud de tu piel. \u00a1Dile adi\u00f3s a la piel cansada y dale la bienvenida a un rostro fresco y luminoso! \ud83c\udf1f<\/p>\n<h3>\u00bfQu\u00e9 incluye el tratamiento? \ud83c\udf38\u2728<\/h3>\n<p>Una sesi\u00f3n de Plasma Rico en Plaquetas en rostro, cuello, escote y manos.<br \/>\n<span class=\"fontstyle0\"><span style=\"color: #ff914d;\"><strong>*Cuenta con 60 d\u00edas para realizarse el tratamiento a partir de su compra<\/strong><\/span><\/span><\/p>","protected":false},"featured_media":4017,"template":"","meta":[],"product_brand":[],"product_cat":[288],"product_tag":[],"giftcard-category":[],"class_list":{"0":"post-20006","1":"product","2":"type-product","3":"status-publish","4":"has-post-thumbnail","6":"product_cat-ruleta","8":"first","9":"instock","10":"virtual","11":"purchasable","12":"product-type-simple"},"yoast_head":"<!-- This site is optimized with the Yoast SEO Premium plugin v27.2 (Yoast SEO v27.3) - https:\/\/yoast.com\/product\/yoast-seo-premium-wordpress\/ -->\n<title>PLASMA RICO EN PLAQUETAS TLZ - MoldeArte | L\u00edderes en Medicina Est\u00e9tica en Tijuana y Rosarito<\/title>\n<meta name=\"robots\" content=\"index, follow, max-snippet:-1, max-image-preview:large, max-video-preview:-1\" \/>\n<link rel=\"canonical\" href=\"https:\/\/moldearte.com\/en\/tratamiento\/plasma-rico-en-plaquetas-tlz\/\" \/>\n<meta property=\"og:locale\" content=\"en_US\" \/>\n<meta property=\"og:type\" content=\"article\" \/>\n<meta property=\"og:title\" content=\"PLASMA RICO EN PLAQUETAS TLZ\" \/>\n<meta property=\"og:description\" content=\"\u00bfTe gustar\u00eda revitalizar tu piel con un tratamiento que aprovecha el poder natural de tu propio cuerpo? \ud83d\udc89\u2728 El Plasma Rico en Plaquetas (PRP) es una t\u00e9cnica de rejuvenecimiento avanzada que utiliza factores de crecimiento presentes en tu sangre para mejorar la apariencia y salud de tu piel. \u00a1Dile adi\u00f3s a la piel cansada y dale la bienvenida a un rostro fresco y luminoso! \ud83c\udf1f \u00bfQu\u00e9 incluye el tratamiento? \ud83c\udf38\u2728 Una sesi\u00f3n de Plasma Rico en Plaquetas en rostro, cuello, escote y manos. *Cuenta con 60 d\u00edas para realizarse el tratamiento a partir de su compra\" \/>\n<meta property=\"og:url\" content=\"https:\/\/moldearte.com\/en\/tratamiento\/plasma-rico-en-plaquetas-tlz\/\" \/>\n<meta property=\"og:site_name\" content=\"MoldeArte | L\u00edderes en Medicina Est\u00e9tica en Tijuana y Rosarito\" \/>\n<meta property=\"article:modified_time\" content=\"2025-11-20T00:17:19+00:00\" \/>\n<meta property=\"og:image\" content=\"https:\/\/moldearte.com\/wp-content\/uploads\/2024\/01\/COMPLEJO-VITAMINICO.jpg\" \/>\n\t<meta property=\"og:image:width\" content=\"900\" \/>\n\t<meta property=\"og:image:height\" content=\"900\" \/>\n\t<meta property=\"og:image:type\" content=\"image\/jpeg\" \/>\n<meta name=\"twitter:card\" content=\"summary_large_image\" \/>\n<meta name=\"twitter:label1\" content=\"Price\" \/>\n\t<meta name=\"twitter:data1\" content=\"&#036;2,000.00\" \/>\n\t<meta name=\"twitter:label2\" content=\"Availability\" \/>\n\t<meta name=\"twitter:data2\" content=\"In stock\" \/>\n<script type=\"application\/ld+json\" class=\"yoast-schema-graph\">{\"@context\":\"https:\\\/\\\/schema.org\",\"@graph\":[{\"@type\":\"WebPage\",\"@id\":\"https:\\\/\\\/moldearte.com\\\/tratamiento\\\/plasma-rico-en-plaquetas-tlz\\\/\",\"url\":\"https:\\\/\\\/moldearte.com\\\/tratamiento\\\/plasma-rico-en-plaquetas-tlz\\\/\",\"name\":\"PLASMA RICO EN PLAQUETAS TLZ - MoldeArte | L\u00edderes en Medicina Est\u00e9tica en Tijuana y Rosarito\",\"isPartOf\":{\"@id\":\"https:\\\/\\\/moldearte.com\\\/#website\"},\"primaryImageOfPage\":{\"@id\":\"https:\\\/\\\/moldearte.com\\\/tratamiento\\\/plasma-rico-en-plaquetas-tlz\\\/#primaryimage\"},\"image\":{\"@id\":\"https:\\\/\\\/moldearte.com\\\/tratamiento\\\/plasma-rico-en-plaquetas-tlz\\\/#primaryimage\"},\"thumbnailUrl\":\"https:\\\/\\\/moldearte.com\\\/wp-content\\\/uploads\\\/2024\\\/01\\\/COMPLEJO-VITAMINICO.jpg\",\"datePublished\":\"2025-11-20T00:17:18+00:00\",\"dateModified\":\"2025-11-20T00:17:19+00:00\",\"breadcrumb\":{\"@id\":\"https:\\\/\\\/moldearte.com\\\/tratamiento\\\/plasma-rico-en-plaquetas-tlz\\\/#breadcrumb\"},\"inLanguage\":\"en-US\",\"potentialAction\":[{\"@type\":\"ReadAction\",\"target\":[\"https:\\\/\\\/moldearte.com\\\/tratamiento\\\/plasma-rico-en-plaquetas-tlz\\\/\"]}]},{\"@type\":\"ImageObject\",\"inLanguage\":\"en-US\",\"@id\":\"https:\\\/\\\/moldearte.com\\\/tratamiento\\\/plasma-rico-en-plaquetas-tlz\\\/#primaryimage\",\"url\":\"https:\\\/\\\/moldearte.com\\\/wp-content\\\/uploads\\\/2024\\\/01\\\/COMPLEJO-VITAMINICO.jpg\",\"contentUrl\":\"https:\\\/\\\/moldearte.com\\\/wp-content\\\/uploads\\\/2024\\\/01\\\/COMPLEJO-VITAMINICO.jpg\",\"width\":900,\"height\":900},{\"@type\":\"BreadcrumbList\",\"@id\":\"https:\\\/\\\/moldearte.com\\\/tratamiento\\\/plasma-rico-en-plaquetas-tlz\\\/#breadcrumb\",\"itemListElement\":[{\"@type\":\"ListItem\",\"position\":1,\"name\":\"Portada\",\"item\":\"https:\\\/\\\/moldearte.com\\\/\"},{\"@type\":\"ListItem\",\"position\":2,\"name\":\"Tienda\",\"item\":\"https:\\\/\\\/moldearte.com\\\/en\\\/tienda\\\/\"},{\"@type\":\"ListItem\",\"position\":3,\"name\":\"PLASMA RICO EN PLAQUETAS TLZ\"}]},{\"@type\":\"WebSite\",\"@id\":\"https:\\\/\\\/moldearte.com\\\/#website\",\"url\":\"https:\\\/\\\/moldearte.com\\\/\",\"name\":\"MoldeArte | L\u00edderes en Medicina Est\u00e9tica en Tijuana y Rosarito\",\"description\":\"Rejuvenecimiento Facial y corporal sin cirug\u00eda\",\"publisher\":{\"@id\":\"https:\\\/\\\/moldearte.com\\\/#organization\"},\"potentialAction\":[{\"@type\":\"SearchAction\",\"target\":{\"@type\":\"EntryPoint\",\"urlTemplate\":\"https:\\\/\\\/moldearte.com\\\/?s={search_term_string}\"},\"query-input\":{\"@type\":\"PropertyValueSpecification\",\"valueRequired\":true,\"valueName\":\"search_term_string\"}}],\"inLanguage\":\"en-US\"},{\"@type\":\"Organization\",\"@id\":\"https:\\\/\\\/moldearte.com\\\/#organization\",\"name\":\"MoldeArte | L\u00edderes en Medicina Est\u00e9tica en Tijuana y Rosarito\",\"url\":\"https:\\\/\\\/moldearte.com\\\/\",\"logo\":{\"@type\":\"ImageObject\",\"inLanguage\":\"en-US\",\"@id\":\"https:\\\/\\\/moldearte.com\\\/#\\\/schema\\\/logo\\\/image\\\/\",\"url\":\"https:\\\/\\\/moldearte.com\\\/wp-content\\\/uploads\\\/2023\\\/01\\\/cropped-cropped-rejuvenecimiento-facial-sin-cirugia-tijuana.png\",\"contentUrl\":\"https:\\\/\\\/moldearte.com\\\/wp-content\\\/uploads\\\/2023\\\/01\\\/cropped-cropped-rejuvenecimiento-facial-sin-cirugia-tijuana.png\",\"width\":3255,\"height\":1059,\"caption\":\"MoldeArte | L\u00edderes en Medicina Est\u00e9tica en Tijuana y Rosarito\"},\"image\":{\"@id\":\"https:\\\/\\\/moldearte.com\\\/#\\\/schema\\\/logo\\\/image\\\/\"}}]}<\/script>\n<meta property=\"product:price:amount\" content=\"2000.00\" \/>\n<meta property=\"product:price:currency\" content=\"MXN\" \/>\n<meta property=\"og:availability\" content=\"instock\" \/>\n<meta property=\"product:availability\" content=\"instock\" \/>\n<meta property=\"product:condition\" content=\"new\" \/>\n<!-- \/ Yoast SEO Premium plugin. -->","yoast_head_json":{"title":"PLASMA RICO EN PLAQUETAS TLZ - MoldeArte | L\u00edderes en Medicina Est\u00e9tica en Tijuana y Rosarito","robots":{"index":"index","follow":"follow","max-snippet":"max-snippet:-1","max-image-preview":"max-image-preview:large","max-video-preview":"max-video-preview:-1"},"canonical":"https:\/\/moldearte.com\/en\/tratamiento\/plasma-rico-en-plaquetas-tlz\/","og_locale":"en_US","og_type":"article","og_title":"PLASMA RICO EN PLAQUETAS TLZ","og_description":"\u00bfTe gustar\u00eda revitalizar tu piel con un tratamiento que aprovecha el poder natural de tu propio cuerpo? \ud83d\udc89\u2728 El Plasma Rico en Plaquetas (PRP) es una t\u00e9cnica de rejuvenecimiento avanzada que utiliza factores de crecimiento presentes en tu sangre para mejorar la apariencia y salud de tu piel. \u00a1Dile adi\u00f3s a la piel cansada y dale la bienvenida a un rostro fresco y luminoso! \ud83c\udf1f \u00bfQu\u00e9 incluye el tratamiento? \ud83c\udf38\u2728 Una sesi\u00f3n de Plasma Rico en Plaquetas en rostro, cuello, escote y manos. *Cuenta con 60 d\u00edas para realizarse el tratamiento a partir de su compra","og_url":"https:\/\/moldearte.com\/en\/tratamiento\/plasma-rico-en-plaquetas-tlz\/","og_site_name":"MoldeArte | L\u00edderes en Medicina Est\u00e9tica en Tijuana y Rosarito","article_modified_time":"2025-11-20T00:17:19+00:00","og_image":[{"width":900,"height":900,"url":"https:\/\/moldearte.com\/wp-content\/uploads\/2024\/01\/COMPLEJO-VITAMINICO.jpg","type":"image\/jpeg"}],"twitter_card":"summary_large_image","twitter_misc":{"Price":"&#36;2,000.00","Availability":"In stock"},"schema":{"@context":"https:\/\/schema.org","@graph":[{"@type":"WebPage","@id":"https:\/\/moldearte.com\/tratamiento\/plasma-rico-en-plaquetas-tlz\/","url":"https:\/\/moldearte.com\/tratamiento\/plasma-rico-en-plaquetas-tlz\/","name":"PLASMA RICO EN PLAQUETAS TLZ - MoldeArte | L\u00edderes en Medicina Est\u00e9tica en Tijuana y Rosarito","isPartOf":{"@id":"https:\/\/moldearte.com\/#website"},"primaryImageOfPage":{"@id":"https:\/\/moldearte.com\/tratamiento\/plasma-rico-en-plaquetas-tlz\/#primaryimage"},"image":{"@id":"https:\/\/moldearte.com\/tratamiento\/plasma-rico-en-plaquetas-tlz\/#primaryimage"},"thumbnailUrl":"https:\/\/moldearte.com\/wp-content\/uploads\/2024\/01\/COMPLEJO-VITAMINICO.jpg","datePublished":"2025-11-20T00:17:18+00:00","dateModified":"2025-11-20T00:17:19+00:00","breadcrumb":{"@id":"https:\/\/moldearte.com\/tratamiento\/plasma-rico-en-plaquetas-tlz\/#breadcrumb"},"inLanguage":"en-US","potentialAction":[{"@type":"ReadAction","target":["https:\/\/moldearte.com\/tratamiento\/plasma-rico-en-plaquetas-tlz\/"]}]},{"@type":"ImageObject","inLanguage":"en-US","@id":"https:\/\/moldearte.com\/tratamiento\/plasma-rico-en-plaquetas-tlz\/#primaryimage","url":"https:\/\/moldearte.com\/wp-content\/uploads\/2024\/01\/COMPLEJO-VITAMINICO.jpg","contentUrl":"https:\/\/moldearte.com\/wp-content\/uploads\/2024\/01\/COMPLEJO-VITAMINICO.jpg","width":900,"height":900},{"@type":"BreadcrumbList","@id":"https:\/\/moldearte.com\/tratamiento\/plasma-rico-en-plaquetas-tlz\/#breadcrumb","itemListElement":[{"@type":"ListItem","position":1,"name":"Portada","item":"https:\/\/moldearte.com\/"},{"@type":"ListItem","position":2,"name":"Tienda","item":"https:\/\/moldearte.com\/en\/tienda\/"},{"@type":"ListItem","position":3,"name":"PLASMA RICO EN PLAQUETAS TLZ"}]},{"@type":"WebSite","@id":"https:\/\/moldearte.com\/#website","url":"https:\/\/moldearte.com\/","name":"MoldeArte | L\u00edderes en Medicina Est\u00e9tica en Tijuana y Rosarito","description":"Rejuvenecimiento Facial y corporal sin cirug\u00eda","publisher":{"@id":"https:\/\/moldearte.com\/#organization"},"potentialAction":[{"@type":"SearchAction","target":{"@type":"EntryPoint","urlTemplate":"https:\/\/moldearte.com\/?s={search_term_string}"},"query-input":{"@type":"PropertyValueSpecification","valueRequired":true,"valueName":"search_term_string"}}],"inLanguage":"en-US"},{"@type":"Organization","@id":"https:\/\/moldearte.com\/#organization","name":"MoldeArte | L\u00edderes en Medicina Est\u00e9tica en Tijuana y Rosarito","url":"https:\/\/moldearte.com\/","logo":{"@type":"ImageObject","inLanguage":"en-US","@id":"https:\/\/moldearte.com\/#\/schema\/logo\/image\/","url":"https:\/\/moldearte.com\/wp-content\/uploads\/2023\/01\/cropped-cropped-rejuvenecimiento-facial-sin-cirugia-tijuana.png","contentUrl":"https:\/\/moldearte.com\/wp-content\/uploads\/2023\/01\/cropped-cropped-rejuvenecimiento-facial-sin-cirugia-tijuana.png","width":3255,"height":1059,"caption":"MoldeArte | L\u00edderes en Medicina Est\u00e9tica en Tijuana y Rosarito"},"image":{"@id":"https:\/\/moldearte.com\/#\/schema\/logo\/image\/"}}]},"product_price_amount":"2000.00","product_price_currency":"MXN","og_availability":"instock","product_availability":"instock","product_condition":"new"},"_links":{"self":[{"href":"https:\/\/moldearte.com\/en\/wp-json\/wp\/v2\/product\/20006","targetHints":{"allow":["GET"]}}],"collection":[{"href":"https:\/\/moldearte.com\/en\/wp-json\/wp\/v2\/product"}],"about":[{"href":"https:\/\/moldearte.com\/en\/wp-json\/wp\/v2\/types\/product"}],"wp:featuredmedia":[{"embeddable":true,"href":"https:\/\/moldearte.com\/en\/wp-json\/wp\/v2\/media\/4017"}],"wp:attachment":[{"href":"https:\/\/moldearte.com\/en\/wp-json\/wp\/v2\/media?parent=20006"}],"wp:term":[{"taxonomy":"product_brand","embeddable":true,"href":"https:\/\/moldearte.com\/en\/wp-json\/wp\/v2\/product_brand?post=20006"},{"taxonomy":"product_cat","embeddable":true,"href":"https:\/\/moldearte.com\/en\/wp-json\/wp\/v2\/product_cat?post=20006"},{"taxonomy":"product_tag","embeddable":true,"href":"https:\/\/moldearte.com\/en\/wp-json\/wp\/v2\/product_tag?post=20006"},{"taxonomy":"giftcard-category","embeddable":true,"href":"https:\/\/moldearte.com\/en\/wp-json\/wp\/v2\/giftcard-category?post=20006"}],"curies":[{"name":"wp","href":"https:\/\/api.w.org\/{rel}","templated":true}]}}