{"id":19458,"date":"2025-11-03T17:24:23","date_gmt":"2025-11-04T01:24:23","guid":{"rendered":"https:\/\/moldearte.com\/?post_type=product&#038;p=19458"},"modified":"2025-11-24T13:54:31","modified_gmt":"2025-11-24T21:54:31","slug":"cuidado-basico-de-la-piel","status":"publish","type":"product","link":"https:\/\/moldearte.com\/en\/tratamiento\/cuidado-basico-de-la-piel\/","title":{"rendered":"CUIDADO B\u00c1SICO DE LA PIEL"},"content":{"rendered":"<p><strong>\u00bfQui\u00e9n es candidato a este tratamiento?<\/strong><\/p>\n<p>Personas que sienten su piel apagada, congestionada o con impurezas, y buscan una limpieza profunda que tambi\u00e9n brinde una sensaci\u00f3n de descanso y bienestar.<\/p>\n<p><strong>Edad o tipo de piel ideal para realizarse el servicio<\/strong><\/p>\n<p>Apto para todo tipo de piel a partir de los 16 a\u00f1os, especialmente para pieles mixtas, grasas o con textura irregular.<\/p>\n<p><strong>Los principales 5 beneficios del tratamiento<\/strong><\/p>\n<p>\u2705 Elimina impurezas, puntos negros y c\u00e9lulas muertas<br \/>\n\u2705 Deja la piel m\u00e1s suave, luminosa y uniforme<br \/>\n\u2705 Reduce la apariencia de poros abiertos<br \/>\n\u2705 Estimula la renovaci\u00f3n celular<br \/>\n\u2705 Aporta una sensaci\u00f3n de descanso y bienestar inmediato<\/p>\n<p>\ud83d\udc96 \u00a1Perfecto para quienes desean una piel m\u00e1s limpia y un rostro visiblemente renovado! \u2728<\/p>","protected":false},"excerpt":{"rendered":"<p><strong>\u2728\u00a1Dale un respiro a tu piel y elimina el estr\u00e9s acumulado en un solo tratamiento!\ud83d\udc86\u200d\u2640\ufe0f\u2728<\/strong><br \/>\nEl paquete Anti Estr\u00e9s incluye un Facial de Limpieza Profunda con Microdermoabrasi\u00f3n punta diamante, ideal para renovar, purificar y revitalizar tu rostro mientras disfrutas una experiencia relajante y transformadora. Tu piel quedar\u00e1 fresca, suave y llena de vida. \ud83c\udf38\ud83d\udc8e<\/p>\n<h3>\u00bfQu\u00e9 incluye el tratamiento? \ud83c\udf38\u2728<\/h3>\n<p>Un Facial de Limpieza Profunda con Microdermoabrasi\u00f3n con punta diamante en rostro.<br \/>\n<span class=\"fontstyle0\"><span style=\"color: #ff914d;\"><strong>*Cuenta con 60 d\u00edas para realizarse el tratamiento a partir de su compra<\/strong><\/span><\/span><\/p>","protected":false},"featured_media":20289,"template":"","meta":[],"product_brand":[],"product_cat":[314],"product_tag":[],"giftcard-category":[],"class_list":{"0":"post-19458","1":"product","2":"type-product","3":"status-publish","4":"has-post-thumbnail","6":"product_cat-empresas","8":"first","9":"instock","10":"sale","11":"virtual","12":"purchasable","13":"product-type-simple"},"yoast_head":"<!-- This site is optimized with the Yoast SEO Premium plugin v27.2 (Yoast SEO v27.3) - https:\/\/yoast.com\/product\/yoast-seo-premium-wordpress\/ -->\n<title>CUIDADO B\u00c1SICO DE LA PIEL - MoldeArte | L\u00edderes en Medicina Est\u00e9tica en Tijuana y Rosarito<\/title>\n<meta name=\"robots\" content=\"index, follow, max-snippet:-1, max-image-preview:large, max-video-preview:-1\" \/>\n<link rel=\"canonical\" href=\"https:\/\/moldearte.com\/en\/tratamiento\/cuidado-basico-de-la-piel\/\" \/>\n<meta property=\"og:locale\" content=\"en_US\" \/>\n<meta property=\"og:type\" content=\"article\" \/>\n<meta property=\"og:title\" content=\"CUIDADO B\u00c1SICO DE LA PIEL\" \/>\n<meta property=\"og:description\" content=\"\u2728\u00a1Dale un respiro a tu piel y elimina el estr\u00e9s acumulado en un solo tratamiento!\ud83d\udc86\u200d\u2640\ufe0f\u2728 El paquete Anti Estr\u00e9s incluye un Facial de Limpieza Profunda con Microdermoabrasi\u00f3n punta diamante, ideal para renovar, purificar y revitalizar tu rostro mientras disfrutas una experiencia relajante y transformadora. Tu piel quedar\u00e1 fresca, suave y llena de vida. \ud83c\udf38\ud83d\udc8e \u00bfQu\u00e9 incluye el tratamiento? \ud83c\udf38\u2728 Un Facial de Limpieza Profunda con Microdermoabrasi\u00f3n con punta diamante en rostro. *Cuenta con 60 d\u00edas para realizarse el tratamiento a partir de su compra\" \/>\n<meta property=\"og:url\" content=\"https:\/\/moldearte.com\/en\/tratamiento\/cuidado-basico-de-la-piel\/\" \/>\n<meta property=\"og:site_name\" content=\"MoldeArte | L\u00edderes en Medicina Est\u00e9tica en Tijuana y Rosarito\" \/>\n<meta property=\"article:modified_time\" content=\"2025-11-24T21:54:31+00:00\" \/>\n<meta property=\"og:image\" content=\"https:\/\/moldearte.com\/wp-content\/uploads\/2025\/11\/cuidado-basico.jpg\" \/>\n\t<meta property=\"og:image:width\" content=\"1080\" \/>\n\t<meta property=\"og:image:height\" content=\"1080\" \/>\n\t<meta property=\"og:image:type\" content=\"image\/jpeg\" \/>\n<meta name=\"twitter:card\" content=\"summary_large_image\" \/>\n<meta name=\"twitter:label1\" content=\"Price\" \/>\n\t<meta name=\"twitter:data1\" content=\"&#036;700.00\" \/>\n\t<meta name=\"twitter:label2\" content=\"Availability\" \/>\n\t<meta name=\"twitter:data2\" content=\"In stock\" \/>\n<script type=\"application\/ld+json\" class=\"yoast-schema-graph\">{\"@context\":\"https:\\\/\\\/schema.org\",\"@graph\":[{\"@type\":\"WebPage\",\"@id\":\"https:\\\/\\\/moldearte.com\\\/tratamiento\\\/cuidado-basico-de-la-piel\\\/\",\"url\":\"https:\\\/\\\/moldearte.com\\\/tratamiento\\\/cuidado-basico-de-la-piel\\\/\",\"name\":\"CUIDADO B\u00c1SICO DE LA PIEL - MoldeArte | L\u00edderes en Medicina Est\u00e9tica en Tijuana y Rosarito\",\"isPartOf\":{\"@id\":\"https:\\\/\\\/moldearte.com\\\/#website\"},\"primaryImageOfPage\":{\"@id\":\"https:\\\/\\\/moldearte.com\\\/tratamiento\\\/cuidado-basico-de-la-piel\\\/#primaryimage\"},\"image\":{\"@id\":\"https:\\\/\\\/moldearte.com\\\/tratamiento\\\/cuidado-basico-de-la-piel\\\/#primaryimage\"},\"thumbnailUrl\":\"https:\\\/\\\/moldearte.com\\\/wp-content\\\/uploads\\\/2025\\\/11\\\/cuidado-basico.jpg\",\"datePublished\":\"2025-11-04T01:24:23+00:00\",\"dateModified\":\"2025-11-24T21:54:31+00:00\",\"breadcrumb\":{\"@id\":\"https:\\\/\\\/moldearte.com\\\/tratamiento\\\/cuidado-basico-de-la-piel\\\/#breadcrumb\"},\"inLanguage\":\"en-US\",\"potentialAction\":[{\"@type\":\"ReadAction\",\"target\":[\"https:\\\/\\\/moldearte.com\\\/tratamiento\\\/cuidado-basico-de-la-piel\\\/\"]}]},{\"@type\":\"ImageObject\",\"inLanguage\":\"en-US\",\"@id\":\"https:\\\/\\\/moldearte.com\\\/tratamiento\\\/cuidado-basico-de-la-piel\\\/#primaryimage\",\"url\":\"https:\\\/\\\/moldearte.com\\\/wp-content\\\/uploads\\\/2025\\\/11\\\/cuidado-basico.jpg\",\"contentUrl\":\"https:\\\/\\\/moldearte.com\\\/wp-content\\\/uploads\\\/2025\\\/11\\\/cuidado-basico.jpg\",\"width\":1080,\"height\":1080},{\"@type\":\"BreadcrumbList\",\"@id\":\"https:\\\/\\\/moldearte.com\\\/tratamiento\\\/cuidado-basico-de-la-piel\\\/#breadcrumb\",\"itemListElement\":[{\"@type\":\"ListItem\",\"position\":1,\"name\":\"Portada\",\"item\":\"https:\\\/\\\/moldearte.com\\\/\"},{\"@type\":\"ListItem\",\"position\":2,\"name\":\"Tienda\",\"item\":\"https:\\\/\\\/moldearte.com\\\/en\\\/tienda\\\/\"},{\"@type\":\"ListItem\",\"position\":3,\"name\":\"CUIDADO B\u00c1SICO DE LA PIEL\"}]},{\"@type\":\"WebSite\",\"@id\":\"https:\\\/\\\/moldearte.com\\\/#website\",\"url\":\"https:\\\/\\\/moldearte.com\\\/\",\"name\":\"MoldeArte | L\u00edderes en Medicina Est\u00e9tica en Tijuana y Rosarito\",\"description\":\"Rejuvenecimiento Facial y corporal sin cirug\u00eda\",\"publisher\":{\"@id\":\"https:\\\/\\\/moldearte.com\\\/#organization\"},\"potentialAction\":[{\"@type\":\"SearchAction\",\"target\":{\"@type\":\"EntryPoint\",\"urlTemplate\":\"https:\\\/\\\/moldearte.com\\\/?s={search_term_string}\"},\"query-input\":{\"@type\":\"PropertyValueSpecification\",\"valueRequired\":true,\"valueName\":\"search_term_string\"}}],\"inLanguage\":\"en-US\"},{\"@type\":\"Organization\",\"@id\":\"https:\\\/\\\/moldearte.com\\\/#organization\",\"name\":\"MoldeArte | L\u00edderes en Medicina Est\u00e9tica en Tijuana y Rosarito\",\"url\":\"https:\\\/\\\/moldearte.com\\\/\",\"logo\":{\"@type\":\"ImageObject\",\"inLanguage\":\"en-US\",\"@id\":\"https:\\\/\\\/moldearte.com\\\/#\\\/schema\\\/logo\\\/image\\\/\",\"url\":\"https:\\\/\\\/moldearte.com\\\/wp-content\\\/uploads\\\/2023\\\/01\\\/cropped-cropped-rejuvenecimiento-facial-sin-cirugia-tijuana.png\",\"contentUrl\":\"https:\\\/\\\/moldearte.com\\\/wp-content\\\/uploads\\\/2023\\\/01\\\/cropped-cropped-rejuvenecimiento-facial-sin-cirugia-tijuana.png\",\"width\":3255,\"height\":1059,\"caption\":\"MoldeArte | L\u00edderes en Medicina Est\u00e9tica en Tijuana y Rosarito\"},\"image\":{\"@id\":\"https:\\\/\\\/moldearte.com\\\/#\\\/schema\\\/logo\\\/image\\\/\"}}]}<\/script>\n<meta property=\"product:price:amount\" content=\"700.00\" \/>\n<meta property=\"product:price:currency\" content=\"MXN\" \/>\n<meta property=\"og:availability\" content=\"instock\" \/>\n<meta property=\"product:availability\" content=\"instock\" \/>\n<meta property=\"product:condition\" content=\"new\" \/>\n<!-- \/ Yoast SEO Premium plugin. -->","yoast_head_json":{"title":"CUIDADO B\u00c1SICO DE LA PIEL - MoldeArte | L\u00edderes en Medicina Est\u00e9tica en Tijuana y Rosarito","robots":{"index":"index","follow":"follow","max-snippet":"max-snippet:-1","max-image-preview":"max-image-preview:large","max-video-preview":"max-video-preview:-1"},"canonical":"https:\/\/moldearte.com\/en\/tratamiento\/cuidado-basico-de-la-piel\/","og_locale":"en_US","og_type":"article","og_title":"CUIDADO B\u00c1SICO DE LA PIEL","og_description":"\u2728\u00a1Dale un respiro a tu piel y elimina el estr\u00e9s acumulado en un solo tratamiento!\ud83d\udc86\u200d\u2640\ufe0f\u2728 El paquete Anti Estr\u00e9s incluye un Facial de Limpieza Profunda con Microdermoabrasi\u00f3n punta diamante, ideal para renovar, purificar y revitalizar tu rostro mientras disfrutas una experiencia relajante y transformadora. Tu piel quedar\u00e1 fresca, suave y llena de vida. \ud83c\udf38\ud83d\udc8e \u00bfQu\u00e9 incluye el tratamiento? \ud83c\udf38\u2728 Un Facial de Limpieza Profunda con Microdermoabrasi\u00f3n con punta diamante en rostro. *Cuenta con 60 d\u00edas para realizarse el tratamiento a partir de su compra","og_url":"https:\/\/moldearte.com\/en\/tratamiento\/cuidado-basico-de-la-piel\/","og_site_name":"MoldeArte | L\u00edderes en Medicina Est\u00e9tica en Tijuana y Rosarito","article_modified_time":"2025-11-24T21:54:31+00:00","og_image":[{"width":1080,"height":1080,"url":"https:\/\/moldearte.com\/wp-content\/uploads\/2025\/11\/cuidado-basico.jpg","type":"image\/jpeg"}],"twitter_card":"summary_large_image","twitter_misc":{"Price":"&#36;700.00","Availability":"In stock"},"schema":{"@context":"https:\/\/schema.org","@graph":[{"@type":"WebPage","@id":"https:\/\/moldearte.com\/tratamiento\/cuidado-basico-de-la-piel\/","url":"https:\/\/moldearte.com\/tratamiento\/cuidado-basico-de-la-piel\/","name":"CUIDADO B\u00c1SICO DE LA PIEL - MoldeArte | L\u00edderes en Medicina Est\u00e9tica en Tijuana y Rosarito","isPartOf":{"@id":"https:\/\/moldearte.com\/#website"},"primaryImageOfPage":{"@id":"https:\/\/moldearte.com\/tratamiento\/cuidado-basico-de-la-piel\/#primaryimage"},"image":{"@id":"https:\/\/moldearte.com\/tratamiento\/cuidado-basico-de-la-piel\/#primaryimage"},"thumbnailUrl":"https:\/\/moldearte.com\/wp-content\/uploads\/2025\/11\/cuidado-basico.jpg","datePublished":"2025-11-04T01:24:23+00:00","dateModified":"2025-11-24T21:54:31+00:00","breadcrumb":{"@id":"https:\/\/moldearte.com\/tratamiento\/cuidado-basico-de-la-piel\/#breadcrumb"},"inLanguage":"en-US","potentialAction":[{"@type":"ReadAction","target":["https:\/\/moldearte.com\/tratamiento\/cuidado-basico-de-la-piel\/"]}]},{"@type":"ImageObject","inLanguage":"en-US","@id":"https:\/\/moldearte.com\/tratamiento\/cuidado-basico-de-la-piel\/#primaryimage","url":"https:\/\/moldearte.com\/wp-content\/uploads\/2025\/11\/cuidado-basico.jpg","contentUrl":"https:\/\/moldearte.com\/wp-content\/uploads\/2025\/11\/cuidado-basico.jpg","width":1080,"height":1080},{"@type":"BreadcrumbList","@id":"https:\/\/moldearte.com\/tratamiento\/cuidado-basico-de-la-piel\/#breadcrumb","itemListElement":[{"@type":"ListItem","position":1,"name":"Portada","item":"https:\/\/moldearte.com\/"},{"@type":"ListItem","position":2,"name":"Tienda","item":"https:\/\/moldearte.com\/en\/tienda\/"},{"@type":"ListItem","position":3,"name":"CUIDADO B\u00c1SICO DE LA PIEL"}]},{"@type":"WebSite","@id":"https:\/\/moldearte.com\/#website","url":"https:\/\/moldearte.com\/","name":"MoldeArte | L\u00edderes en Medicina Est\u00e9tica en Tijuana y Rosarito","description":"Rejuvenecimiento Facial y corporal sin cirug\u00eda","publisher":{"@id":"https:\/\/moldearte.com\/#organization"},"potentialAction":[{"@type":"SearchAction","target":{"@type":"EntryPoint","urlTemplate":"https:\/\/moldearte.com\/?s={search_term_string}"},"query-input":{"@type":"PropertyValueSpecification","valueRequired":true,"valueName":"search_term_string"}}],"inLanguage":"en-US"},{"@type":"Organization","@id":"https:\/\/moldearte.com\/#organization","name":"MoldeArte | L\u00edderes en Medicina Est\u00e9tica en Tijuana y Rosarito","url":"https:\/\/moldearte.com\/","logo":{"@type":"ImageObject","inLanguage":"en-US","@id":"https:\/\/moldearte.com\/#\/schema\/logo\/image\/","url":"https:\/\/moldearte.com\/wp-content\/uploads\/2023\/01\/cropped-cropped-rejuvenecimiento-facial-sin-cirugia-tijuana.png","contentUrl":"https:\/\/moldearte.com\/wp-content\/uploads\/2023\/01\/cropped-cropped-rejuvenecimiento-facial-sin-cirugia-tijuana.png","width":3255,"height":1059,"caption":"MoldeArte | L\u00edderes en Medicina Est\u00e9tica en Tijuana y Rosarito"},"image":{"@id":"https:\/\/moldearte.com\/#\/schema\/logo\/image\/"}}]},"product_price_amount":"700.00","product_price_currency":"MXN","og_availability":"instock","product_availability":"instock","product_condition":"new"},"_links":{"self":[{"href":"https:\/\/moldearte.com\/en\/wp-json\/wp\/v2\/product\/19458","targetHints":{"allow":["GET"]}}],"collection":[{"href":"https:\/\/moldearte.com\/en\/wp-json\/wp\/v2\/product"}],"about":[{"href":"https:\/\/moldearte.com\/en\/wp-json\/wp\/v2\/types\/product"}],"wp:featuredmedia":[{"embeddable":true,"href":"https:\/\/moldearte.com\/en\/wp-json\/wp\/v2\/media\/20289"}],"wp:attachment":[{"href":"https:\/\/moldearte.com\/en\/wp-json\/wp\/v2\/media?parent=19458"}],"wp:term":[{"taxonomy":"product_brand","embeddable":true,"href":"https:\/\/moldearte.com\/en\/wp-json\/wp\/v2\/product_brand?post=19458"},{"taxonomy":"product_cat","embeddable":true,"href":"https:\/\/moldearte.com\/en\/wp-json\/wp\/v2\/product_cat?post=19458"},{"taxonomy":"product_tag","embeddable":true,"href":"https:\/\/moldearte.com\/en\/wp-json\/wp\/v2\/product_tag?post=19458"},{"taxonomy":"giftcard-category","embeddable":true,"href":"https:\/\/moldearte.com\/en\/wp-json\/wp\/v2\/giftcard-category?post=19458"}],"curies":[{"name":"wp","href":"https:\/\/api.w.org\/{rel}","templated":true}]}}