{"id":18102,"date":"2025-10-13T12:17:20","date_gmt":"2025-10-13T19:17:20","guid":{"rendered":"https:\/\/moldearte.com\/?post_type=product&#038;p=18102"},"modified":"2026-03-09T12:04:43","modified_gmt":"2026-03-09T19:04:43","slug":"exosomas","status":"publish","type":"product","link":"https:\/\/moldearte.com\/en\/tratamiento\/exosomas\/","title":{"rendered":"EXOSOMAS"},"content":{"rendered":"<h4>\u00bfQui\u00e9n es candidato a este tratamiento? \ud83c\udf3c\ud83c\udf31<\/h4>\n<p>Los exosomas son perfectos para personas que buscan mejorar la calidad y apariencia de su piel, especialmente si desean rejuvenecer el rostro, corregir el da\u00f1o causado por el sol o mejorar la textura y luminosidad. Ya sea para pieles j\u00f3venes que quieren prevenir los signos de la edad o para pieles maduras que buscan un impulso regenerador, los exosomas son una excelente opci\u00f3n para ti.<\/p>\n<h4>Edad o tipo de piel ideal \ud83d\udc96\ud83c\udf1e<\/h4>\n<p>El tratamiento con exosomas es adecuado para personas de todas las edades y tipos de piel. Tanto quienes buscan prevenir el envejecimiento temprano como quienes desean reparar y revitalizar su piel madura encontrar\u00e1n en los exosomas un gran aliado. \ud83d\udca7<\/p>\n<h4>Principales beneficios \ud83c\udf1f\ud83c\udf3a<\/h4>\n<ol>\n<li><strong>Estimula la regeneraci\u00f3n celular<\/strong>: Los exosomas promueven una renovaci\u00f3n celular profunda, logrando una piel m\u00e1s saludable y fresca.<\/li>\n<li><strong>Reduce arrugas y l\u00edneas de expresi\u00f3n<\/strong>: Mejora la elasticidad y suaviza las arrugas, dando una apariencia m\u00e1s juvenil.<\/li>\n<li><strong>Hidrataci\u00f3n intensiva<\/strong>: Ayuda a retener la humedad en la piel, manteni\u00e9ndola hidratada y radiante.<\/li>\n<li><strong>Mejora la textura y el tono<\/strong>: Unifica el tono y da una textura suave, aportando un aspecto luminoso y revitalizado.<\/li>\n<li><strong>Recuperaci\u00f3n r\u00e1pida<\/strong>: Este tratamiento minimiza el tiempo de recuperaci\u00f3n, lo que permite volver r\u00e1pidamente a tus actividades diarias.<\/li>\n<\/ol>","protected":false},"excerpt":{"rendered":"<p>\u00bfTe imaginas un tratamiento que potencie la regeneraci\u00f3n natural de tu piel, dejando un aspecto radiante, terso y rejuvenecido? \ud83d\udcab Los Exosomas son la \u00faltima innovaci\u00f3n en el cuidado de la piel, dise\u00f1ados para revitalizar y transformar desde adentro hacia afuera, \u00a1con resultados que te sorprender\u00e1n! \ud83c\udf3f<\/p>\n<h3>\u00bfQu\u00e9 incluye el tratamiento? \ud83c\udf38\u2728<\/h3>\n<p>Una aplicaci\u00f3n de Exosomas\u00ae en rostro, perfectas para mejorar la calidad y apariencia de la piel.<br \/>\n<span class=\"fontstyle0\"><span style=\"color: #ff914d;\"><strong>*Cuenta con 60 d\u00edas para realizarse el tratamiento a partir de su compra<\/strong><\/span><\/span><\/p>","protected":false},"featured_media":8064,"template":"","meta":[],"product_brand":[],"product_cat":[238,26],"product_tag":[],"giftcard-category":[],"class_list":{"0":"post-18102","1":"product","2":"type-product","3":"status-publish","4":"has-post-thumbnail","6":"product_cat-hidratacion-y-nutricion","7":"product_cat-txmedicos","9":"first","10":"instock","11":"virtual","12":"purchasable","13":"product-type-simple"},"yoast_head":"<!-- This site is optimized with the Yoast SEO Premium plugin v27.2 (Yoast SEO v27.3) - https:\/\/yoast.com\/product\/yoast-seo-premium-wordpress\/ -->\n<title>EXOSOMAS - MoldeArte | L\u00edderes en Medicina Est\u00e9tica en Tijuana y Rosarito<\/title>\n<meta name=\"robots\" content=\"index, follow, max-snippet:-1, max-image-preview:large, max-video-preview:-1\" \/>\n<link rel=\"canonical\" href=\"https:\/\/moldearte.com\/en\/tratamiento\/exosomas\/\" \/>\n<meta property=\"og:locale\" content=\"en_US\" \/>\n<meta property=\"og:type\" content=\"article\" \/>\n<meta property=\"og:title\" content=\"EXOSOMAS\" \/>\n<meta property=\"og:description\" content=\"\u00bfTe imaginas un tratamiento que potencie la regeneraci\u00f3n natural de tu piel, dejando un aspecto radiante, terso y rejuvenecido? \ud83d\udcab Los Exosomas son la \u00faltima innovaci\u00f3n en el cuidado de la piel, dise\u00f1ados para revitalizar y transformar desde adentro hacia afuera, \u00a1con resultados que te sorprender\u00e1n! \ud83c\udf3f \u00bfQu\u00e9 incluye el tratamiento? \ud83c\udf38\u2728 Una aplicaci\u00f3n de Exosomas\u00ae en rostro, perfectas para mejorar la calidad y apariencia de la piel. *Cuenta con 60 d\u00edas para realizarse el tratamiento a partir de su compra\" \/>\n<meta property=\"og:url\" content=\"https:\/\/moldearte.com\/en\/tratamiento\/exosomas\/\" \/>\n<meta property=\"og:site_name\" content=\"MoldeArte | L\u00edderes en Medicina Est\u00e9tica en Tijuana y Rosarito\" \/>\n<meta property=\"article:modified_time\" content=\"2026-03-09T19:04:43+00:00\" \/>\n<meta property=\"og:image\" content=\"https:\/\/moldearte.com\/wp-content\/uploads\/2024\/11\/fotodespigmentante.png\" \/>\n\t<meta property=\"og:image:width\" content=\"1080\" \/>\n\t<meta property=\"og:image:height\" content=\"1080\" \/>\n\t<meta property=\"og:image:type\" content=\"image\/png\" \/>\n<meta name=\"twitter:card\" content=\"summary_large_image\" \/>\n<meta name=\"twitter:label1\" content=\"Price\" \/>\n\t<meta name=\"twitter:data1\" content=\"&#036;4,000.00\" \/>\n\t<meta name=\"twitter:label2\" content=\"Availability\" \/>\n\t<meta name=\"twitter:data2\" content=\"In stock\" \/>\n<script type=\"application\/ld+json\" class=\"yoast-schema-graph\">{\"@context\":\"https:\\\/\\\/schema.org\",\"@graph\":[{\"@type\":\"WebPage\",\"@id\":\"https:\\\/\\\/moldearte.com\\\/tratamiento\\\/exosomas\\\/\",\"url\":\"https:\\\/\\\/moldearte.com\\\/tratamiento\\\/exosomas\\\/\",\"name\":\"EXOSOMAS - MoldeArte | L\u00edderes en Medicina Est\u00e9tica en Tijuana y Rosarito\",\"isPartOf\":{\"@id\":\"https:\\\/\\\/moldearte.com\\\/#website\"},\"primaryImageOfPage\":{\"@id\":\"https:\\\/\\\/moldearte.com\\\/tratamiento\\\/exosomas\\\/#primaryimage\"},\"image\":{\"@id\":\"https:\\\/\\\/moldearte.com\\\/tratamiento\\\/exosomas\\\/#primaryimage\"},\"thumbnailUrl\":\"https:\\\/\\\/moldearte.com\\\/wp-content\\\/uploads\\\/2024\\\/11\\\/fotodespigmentante.png\",\"datePublished\":\"2025-10-13T19:17:20+00:00\",\"dateModified\":\"2026-03-09T19:04:43+00:00\",\"breadcrumb\":{\"@id\":\"https:\\\/\\\/moldearte.com\\\/tratamiento\\\/exosomas\\\/#breadcrumb\"},\"inLanguage\":\"en-US\",\"potentialAction\":[{\"@type\":\"ReadAction\",\"target\":[\"https:\\\/\\\/moldearte.com\\\/tratamiento\\\/exosomas\\\/\"]}]},{\"@type\":\"ImageObject\",\"inLanguage\":\"en-US\",\"@id\":\"https:\\\/\\\/moldearte.com\\\/tratamiento\\\/exosomas\\\/#primaryimage\",\"url\":\"https:\\\/\\\/moldearte.com\\\/wp-content\\\/uploads\\\/2024\\\/11\\\/fotodespigmentante.png\",\"contentUrl\":\"https:\\\/\\\/moldearte.com\\\/wp-content\\\/uploads\\\/2024\\\/11\\\/fotodespigmentante.png\",\"width\":1080,\"height\":1080},{\"@type\":\"BreadcrumbList\",\"@id\":\"https:\\\/\\\/moldearte.com\\\/tratamiento\\\/exosomas\\\/#breadcrumb\",\"itemListElement\":[{\"@type\":\"ListItem\",\"position\":1,\"name\":\"Portada\",\"item\":\"https:\\\/\\\/moldearte.com\\\/\"},{\"@type\":\"ListItem\",\"position\":2,\"name\":\"Tienda\",\"item\":\"https:\\\/\\\/moldearte.com\\\/en\\\/tienda\\\/\"},{\"@type\":\"ListItem\",\"position\":3,\"name\":\"EXOSOMAS\"}]},{\"@type\":\"WebSite\",\"@id\":\"https:\\\/\\\/moldearte.com\\\/#website\",\"url\":\"https:\\\/\\\/moldearte.com\\\/\",\"name\":\"MoldeArte | L\u00edderes en Medicina Est\u00e9tica en Tijuana y Rosarito\",\"description\":\"Rejuvenecimiento Facial y corporal sin cirug\u00eda\",\"publisher\":{\"@id\":\"https:\\\/\\\/moldearte.com\\\/#organization\"},\"potentialAction\":[{\"@type\":\"SearchAction\",\"target\":{\"@type\":\"EntryPoint\",\"urlTemplate\":\"https:\\\/\\\/moldearte.com\\\/?s={search_term_string}\"},\"query-input\":{\"@type\":\"PropertyValueSpecification\",\"valueRequired\":true,\"valueName\":\"search_term_string\"}}],\"inLanguage\":\"en-US\"},{\"@type\":\"Organization\",\"@id\":\"https:\\\/\\\/moldearte.com\\\/#organization\",\"name\":\"MoldeArte | L\u00edderes en Medicina Est\u00e9tica en Tijuana y Rosarito\",\"url\":\"https:\\\/\\\/moldearte.com\\\/\",\"logo\":{\"@type\":\"ImageObject\",\"inLanguage\":\"en-US\",\"@id\":\"https:\\\/\\\/moldearte.com\\\/#\\\/schema\\\/logo\\\/image\\\/\",\"url\":\"https:\\\/\\\/moldearte.com\\\/wp-content\\\/uploads\\\/2023\\\/01\\\/cropped-cropped-rejuvenecimiento-facial-sin-cirugia-tijuana.png\",\"contentUrl\":\"https:\\\/\\\/moldearte.com\\\/wp-content\\\/uploads\\\/2023\\\/01\\\/cropped-cropped-rejuvenecimiento-facial-sin-cirugia-tijuana.png\",\"width\":3255,\"height\":1059,\"caption\":\"MoldeArte | L\u00edderes en Medicina Est\u00e9tica en Tijuana y Rosarito\"},\"image\":{\"@id\":\"https:\\\/\\\/moldearte.com\\\/#\\\/schema\\\/logo\\\/image\\\/\"}}]}<\/script>\n<meta property=\"product:price:amount\" content=\"4000.00\" \/>\n<meta property=\"product:price:currency\" content=\"MXN\" \/>\n<meta property=\"og:availability\" content=\"instock\" \/>\n<meta property=\"product:availability\" content=\"instock\" \/>\n<meta property=\"product:condition\" content=\"new\" \/>\n<!-- \/ Yoast SEO Premium plugin. -->","yoast_head_json":{"title":"EXOSOMAS - MoldeArte | L\u00edderes en Medicina Est\u00e9tica en Tijuana y Rosarito","robots":{"index":"index","follow":"follow","max-snippet":"max-snippet:-1","max-image-preview":"max-image-preview:large","max-video-preview":"max-video-preview:-1"},"canonical":"https:\/\/moldearte.com\/en\/tratamiento\/exosomas\/","og_locale":"en_US","og_type":"article","og_title":"EXOSOMAS","og_description":"\u00bfTe imaginas un tratamiento que potencie la regeneraci\u00f3n natural de tu piel, dejando un aspecto radiante, terso y rejuvenecido? \ud83d\udcab Los Exosomas son la \u00faltima innovaci\u00f3n en el cuidado de la piel, dise\u00f1ados para revitalizar y transformar desde adentro hacia afuera, \u00a1con resultados que te sorprender\u00e1n! \ud83c\udf3f \u00bfQu\u00e9 incluye el tratamiento? \ud83c\udf38\u2728 Una aplicaci\u00f3n de Exosomas\u00ae en rostro, perfectas para mejorar la calidad y apariencia de la piel. *Cuenta con 60 d\u00edas para realizarse el tratamiento a partir de su compra","og_url":"https:\/\/moldearte.com\/en\/tratamiento\/exosomas\/","og_site_name":"MoldeArte | L\u00edderes en Medicina Est\u00e9tica en Tijuana y Rosarito","article_modified_time":"2026-03-09T19:04:43+00:00","og_image":[{"width":1080,"height":1080,"url":"https:\/\/moldearte.com\/wp-content\/uploads\/2024\/11\/fotodespigmentante.png","type":"image\/png"}],"twitter_card":"summary_large_image","twitter_misc":{"Price":"&#36;4,000.00","Availability":"In stock"},"schema":{"@context":"https:\/\/schema.org","@graph":[{"@type":"WebPage","@id":"https:\/\/moldearte.com\/tratamiento\/exosomas\/","url":"https:\/\/moldearte.com\/tratamiento\/exosomas\/","name":"EXOSOMAS - MoldeArte | L\u00edderes en Medicina Est\u00e9tica en Tijuana y Rosarito","isPartOf":{"@id":"https:\/\/moldearte.com\/#website"},"primaryImageOfPage":{"@id":"https:\/\/moldearte.com\/tratamiento\/exosomas\/#primaryimage"},"image":{"@id":"https:\/\/moldearte.com\/tratamiento\/exosomas\/#primaryimage"},"thumbnailUrl":"https:\/\/moldearte.com\/wp-content\/uploads\/2024\/11\/fotodespigmentante.png","datePublished":"2025-10-13T19:17:20+00:00","dateModified":"2026-03-09T19:04:43+00:00","breadcrumb":{"@id":"https:\/\/moldearte.com\/tratamiento\/exosomas\/#breadcrumb"},"inLanguage":"en-US","potentialAction":[{"@type":"ReadAction","target":["https:\/\/moldearte.com\/tratamiento\/exosomas\/"]}]},{"@type":"ImageObject","inLanguage":"en-US","@id":"https:\/\/moldearte.com\/tratamiento\/exosomas\/#primaryimage","url":"https:\/\/moldearte.com\/wp-content\/uploads\/2024\/11\/fotodespigmentante.png","contentUrl":"https:\/\/moldearte.com\/wp-content\/uploads\/2024\/11\/fotodespigmentante.png","width":1080,"height":1080},{"@type":"BreadcrumbList","@id":"https:\/\/moldearte.com\/tratamiento\/exosomas\/#breadcrumb","itemListElement":[{"@type":"ListItem","position":1,"name":"Portada","item":"https:\/\/moldearte.com\/"},{"@type":"ListItem","position":2,"name":"Tienda","item":"https:\/\/moldearte.com\/en\/tienda\/"},{"@type":"ListItem","position":3,"name":"EXOSOMAS"}]},{"@type":"WebSite","@id":"https:\/\/moldearte.com\/#website","url":"https:\/\/moldearte.com\/","name":"MoldeArte | L\u00edderes en Medicina Est\u00e9tica en Tijuana y Rosarito","description":"Rejuvenecimiento Facial y corporal sin cirug\u00eda","publisher":{"@id":"https:\/\/moldearte.com\/#organization"},"potentialAction":[{"@type":"SearchAction","target":{"@type":"EntryPoint","urlTemplate":"https:\/\/moldearte.com\/?s={search_term_string}"},"query-input":{"@type":"PropertyValueSpecification","valueRequired":true,"valueName":"search_term_string"}}],"inLanguage":"en-US"},{"@type":"Organization","@id":"https:\/\/moldearte.com\/#organization","name":"MoldeArte | L\u00edderes en Medicina Est\u00e9tica en Tijuana y Rosarito","url":"https:\/\/moldearte.com\/","logo":{"@type":"ImageObject","inLanguage":"en-US","@id":"https:\/\/moldearte.com\/#\/schema\/logo\/image\/","url":"https:\/\/moldearte.com\/wp-content\/uploads\/2023\/01\/cropped-cropped-rejuvenecimiento-facial-sin-cirugia-tijuana.png","contentUrl":"https:\/\/moldearte.com\/wp-content\/uploads\/2023\/01\/cropped-cropped-rejuvenecimiento-facial-sin-cirugia-tijuana.png","width":3255,"height":1059,"caption":"MoldeArte | L\u00edderes en Medicina Est\u00e9tica en Tijuana y Rosarito"},"image":{"@id":"https:\/\/moldearte.com\/#\/schema\/logo\/image\/"}}]},"product_price_amount":"4000.00","product_price_currency":"MXN","og_availability":"instock","product_availability":"instock","product_condition":"new"},"_links":{"self":[{"href":"https:\/\/moldearte.com\/en\/wp-json\/wp\/v2\/product\/18102","targetHints":{"allow":["GET"]}}],"collection":[{"href":"https:\/\/moldearte.com\/en\/wp-json\/wp\/v2\/product"}],"about":[{"href":"https:\/\/moldearte.com\/en\/wp-json\/wp\/v2\/types\/product"}],"wp:featuredmedia":[{"embeddable":true,"href":"https:\/\/moldearte.com\/en\/wp-json\/wp\/v2\/media\/8064"}],"wp:attachment":[{"href":"https:\/\/moldearte.com\/en\/wp-json\/wp\/v2\/media?parent=18102"}],"wp:term":[{"taxonomy":"product_brand","embeddable":true,"href":"https:\/\/moldearte.com\/en\/wp-json\/wp\/v2\/product_brand?post=18102"},{"taxonomy":"product_cat","embeddable":true,"href":"https:\/\/moldearte.com\/en\/wp-json\/wp\/v2\/product_cat?post=18102"},{"taxonomy":"product_tag","embeddable":true,"href":"https:\/\/moldearte.com\/en\/wp-json\/wp\/v2\/product_tag?post=18102"},{"taxonomy":"giftcard-category","embeddable":true,"href":"https:\/\/moldearte.com\/en\/wp-json\/wp\/v2\/giftcard-category?post=18102"}],"curies":[{"name":"wp","href":"https:\/\/api.w.org\/{rel}","templated":true}]}}