{"id":15603,"date":"2025-08-25T11:28:04","date_gmt":"2025-08-25T18:28:04","guid":{"rendered":"https:\/\/moldearte.com\/?post_type=product&#038;p=15603"},"modified":"2026-04-06T11:25:37","modified_gmt":"2026-04-06T18:25:37","slug":"levair-salmon-reafirmante-pdrn-pn","status":"publish","type":"product","link":"https:\/\/moldearte.com\/en\/tratamiento\/levair-salmon-reafirmante-pdrn-pn\/","title":{"rendered":"LEVAIR SALMON\u00ae REAFIRMANTE (PDRN + PN)"},"content":{"rendered":"<h4>\u00bfQui\u00e9n es candidato a este tratamiento?<\/h4>\n<p>Personas que buscan mejorar la calidad global de su piel, con signos de cansancio, deshidrataci\u00f3n, manchas, p\u00e9rdida de firmeza o primeras arrugas.<\/p>\n<h4>Edad o tipo de piel ideal para realizarse el servicio:<\/h4>\n<p>Ideal a partir de los 25 a\u00f1os, en todo tipo de piel, especialmente aquellas con foto da\u00f1o, piel apagada, flacidez o textura irregular.<\/p>\n<h4>Los principales 5 beneficios del tratamiento:<\/h4>\n<p>\u2705 Hidrata en profundidad y regenera la piel<br \/>\n\u2705 Mejora la firmeza y elasticidad<br \/>\n\u2705 Reduce l\u00edneas finas y signos de envejecimiento<br \/>\n\u2705 Aporta luminosidad y unifica el tono<br \/>\n\u2705 Disminuye el tama\u00f1o de los poros<\/p>\n<p><strong>\ud83c\udf1f \u00a1Con Levair PDRN + PN\u00ae tu piel se transforma en un lienzo firme, radiante y saludable!<\/strong><\/p>","protected":false},"excerpt":{"rendered":"<p><strong>\u2728 \u00a1Repara, hidrata y devuelve el Glow natural a tu piel con biotecnolog\u00eda de \u00faltima generaci\u00f3n!<\/strong><\/p>\n<p>Levair Salmon Therapy\u00ae con PDRN + PN es un skinbooster que contiene 50 mg de Polinucle\u00f3tidos y Polidesoxirribonucle\u00f3tidos de g\u00f3nadas de salm\u00f3n m\u00e1s \u00c1cido Hialur\u00f3nico de alto y bajo peso molecular \ud83d\udca7\ud83d\udc1f. Su funci\u00f3n es reparar e hidratar profundamente, fortalecer la matriz extracelular, reducir el estr\u00e9s oxidativo, prevenir el envejecimiento y aportar firmeza, luminosidad y poros m\u00e1s refinados.<\/p>\n<h4>\u00bfQu\u00e9 incluye el tratamiento? \ud83d\udc96<\/h4>\n<p>Una aplicaci\u00f3n de LeVair Salmon Reafirmante con <strong>PDRN + PN\u00ae<\/strong> en rostro.<br \/>\n<span style=\"color: #c02c30;\"><strong>\ud83d\udcb8 Precio pagando en efectivo en sucursal: $5,500 MXN. (v\u00e1lido del 5 al 18 de abril del 2026)<\/strong><\/span><br \/>\n<span class=\"fontstyle0\"><span style=\"color: #ff914d;\"><strong>*Cuenta con 60 d\u00edas para realizarse el tratamiento a partir de su compra<\/strong><\/span><\/span><\/p>","protected":false},"featured_media":6304,"template":"","meta":[],"product_brand":[],"product_cat":[240,228,242,262,26],"product_tag":[],"giftcard-category":[],"class_list":{"0":"post-15603","1":"product","2":"type-product","3":"status-publish","4":"has-post-thumbnail","6":"product_cat-anti-flacidez","7":"product_cat-fotodano","8":"product_cat-lifting-sin-cirugia","9":"product_cat-promosmedicas","10":"product_cat-txmedicos","12":"first","13":"instock","14":"sale","15":"virtual","16":"purchasable","17":"product-type-simple"},"yoast_head":"<!-- This site is optimized with the Yoast SEO Premium plugin v27.2 (Yoast SEO v27.4) - https:\/\/yoast.com\/product\/yoast-seo-premium-wordpress\/ -->\n<title>LEVAIR SALMON\u00ae REAFIRMANTE (PDRN + PN) - MoldeArte | L\u00edderes en Medicina Est\u00e9tica en Tijuana y Rosarito<\/title>\n<meta name=\"robots\" content=\"index, follow, max-snippet:-1, max-image-preview:large, max-video-preview:-1\" \/>\n<link rel=\"canonical\" href=\"https:\/\/moldearte.com\/en\/tratamiento\/levair-salmon-reafirmante-pdrn-pn\/\" \/>\n<meta property=\"og:locale\" content=\"en_US\" \/>\n<meta property=\"og:type\" content=\"article\" \/>\n<meta property=\"og:title\" content=\"LEVAIR SALMON\u00ae REAFIRMANTE (PDRN + PN)\" \/>\n<meta property=\"og:description\" content=\"\u2728 \u00a1Repara, hidrata y devuelve el Glow natural a tu piel con biotecnolog\u00eda de \u00faltima generaci\u00f3n!  Levair Salmon Therapy\u00ae con PDRN + PN es un skinbooster que contiene 50 mg de Polinucle\u00f3tidos y Polidesoxirribonucle\u00f3tidos de g\u00f3nadas de salm\u00f3n m\u00e1s \u00c1cido Hialur\u00f3nico de alto y bajo peso molecular \ud83d\udca7\ud83d\udc1f. Su funci\u00f3n es reparar e hidratar profundamente, fortalecer la matriz extracelular, reducir el estr\u00e9s oxidativo, prevenir el envejecimiento y aportar firmeza, luminosidad y poros m\u00e1s refinados. \u00bfQu\u00e9 incluye el tratamiento? \ud83d\udc96 Una aplicaci\u00f3n de LeVair Salmon Reafirmante con PDRN + PN\u00ae en rostro. \ud83d\udcb8 Precio pagando en efectivo en sucursal: $5,500 MXN. (v\u00e1lido del 5 al 18 de abril del 2026) *Cuenta con 60 d\u00edas para realizarse el tratamiento a partir de su compra\" \/>\n<meta property=\"og:url\" content=\"https:\/\/moldearte.com\/en\/tratamiento\/levair-salmon-reafirmante-pdrn-pn\/\" \/>\n<meta property=\"og:site_name\" content=\"MoldeArte | L\u00edderes en Medicina Est\u00e9tica en Tijuana y Rosarito\" \/>\n<meta property=\"article:modified_time\" content=\"2026-04-06T18:25:37+00:00\" \/>\n<meta property=\"og:image\" content=\"https:\/\/moldearte.com\/wp-content\/uploads\/2024\/07\/hydroxyfill-tijuana.png\" \/>\n\t<meta property=\"og:image:width\" content=\"1080\" \/>\n\t<meta property=\"og:image:height\" content=\"1080\" \/>\n\t<meta property=\"og:image:type\" content=\"image\/png\" \/>\n<meta name=\"twitter:card\" content=\"summary_large_image\" \/>\n<meta name=\"twitter:label1\" content=\"Price\" \/>\n\t<meta name=\"twitter:data1\" content=\"&#036;6,050.00\" \/>\n\t<meta name=\"twitter:label2\" content=\"Availability\" \/>\n\t<meta name=\"twitter:data2\" content=\"In stock\" \/>\n<script type=\"application\/ld+json\" class=\"yoast-schema-graph\">{\"@context\":\"https:\\\/\\\/schema.org\",\"@graph\":[{\"@type\":\"WebPage\",\"@id\":\"https:\\\/\\\/moldearte.com\\\/tratamiento\\\/levair-salmon-reafirmante-pdrn-pn\\\/\",\"url\":\"https:\\\/\\\/moldearte.com\\\/tratamiento\\\/levair-salmon-reafirmante-pdrn-pn\\\/\",\"name\":\"LEVAIR SALMON\u00ae REAFIRMANTE (PDRN + PN) - MoldeArte | L\u00edderes en Medicina Est\u00e9tica en Tijuana y Rosarito\",\"isPartOf\":{\"@id\":\"https:\\\/\\\/moldearte.com\\\/#website\"},\"primaryImageOfPage\":{\"@id\":\"https:\\\/\\\/moldearte.com\\\/tratamiento\\\/levair-salmon-reafirmante-pdrn-pn\\\/#primaryimage\"},\"image\":{\"@id\":\"https:\\\/\\\/moldearte.com\\\/tratamiento\\\/levair-salmon-reafirmante-pdrn-pn\\\/#primaryimage\"},\"thumbnailUrl\":\"https:\\\/\\\/moldearte.com\\\/wp-content\\\/uploads\\\/2024\\\/07\\\/hydroxyfill-tijuana.png\",\"datePublished\":\"2025-08-25T18:28:04+00:00\",\"dateModified\":\"2026-04-06T18:25:37+00:00\",\"breadcrumb\":{\"@id\":\"https:\\\/\\\/moldearte.com\\\/tratamiento\\\/levair-salmon-reafirmante-pdrn-pn\\\/#breadcrumb\"},\"inLanguage\":\"en-US\",\"potentialAction\":[{\"@type\":\"ReadAction\",\"target\":[\"https:\\\/\\\/moldearte.com\\\/tratamiento\\\/levair-salmon-reafirmante-pdrn-pn\\\/\"]}]},{\"@type\":\"ImageObject\",\"inLanguage\":\"en-US\",\"@id\":\"https:\\\/\\\/moldearte.com\\\/tratamiento\\\/levair-salmon-reafirmante-pdrn-pn\\\/#primaryimage\",\"url\":\"https:\\\/\\\/moldearte.com\\\/wp-content\\\/uploads\\\/2024\\\/07\\\/hydroxyfill-tijuana.png\",\"contentUrl\":\"https:\\\/\\\/moldearte.com\\\/wp-content\\\/uploads\\\/2024\\\/07\\\/hydroxyfill-tijuana.png\",\"width\":1080,\"height\":1080},{\"@type\":\"BreadcrumbList\",\"@id\":\"https:\\\/\\\/moldearte.com\\\/tratamiento\\\/levair-salmon-reafirmante-pdrn-pn\\\/#breadcrumb\",\"itemListElement\":[{\"@type\":\"ListItem\",\"position\":1,\"name\":\"Portada\",\"item\":\"https:\\\/\\\/moldearte.com\\\/\"},{\"@type\":\"ListItem\",\"position\":2,\"name\":\"Tienda\",\"item\":\"https:\\\/\\\/moldearte.com\\\/en\\\/tienda\\\/\"},{\"@type\":\"ListItem\",\"position\":3,\"name\":\"LEVAIR SALMON\u00ae REAFIRMANTE (PDRN + PN)\"}]},{\"@type\":\"WebSite\",\"@id\":\"https:\\\/\\\/moldearte.com\\\/#website\",\"url\":\"https:\\\/\\\/moldearte.com\\\/\",\"name\":\"MoldeArte | L\u00edderes en Medicina Est\u00e9tica en Tijuana y Rosarito\",\"description\":\"Rejuvenecimiento Facial y corporal sin cirug\u00eda\",\"publisher\":{\"@id\":\"https:\\\/\\\/moldearte.com\\\/#organization\"},\"potentialAction\":[{\"@type\":\"SearchAction\",\"target\":{\"@type\":\"EntryPoint\",\"urlTemplate\":\"https:\\\/\\\/moldearte.com\\\/?s={search_term_string}\"},\"query-input\":{\"@type\":\"PropertyValueSpecification\",\"valueRequired\":true,\"valueName\":\"search_term_string\"}}],\"inLanguage\":\"en-US\"},{\"@type\":\"Organization\",\"@id\":\"https:\\\/\\\/moldearte.com\\\/#organization\",\"name\":\"MoldeArte | L\u00edderes en Medicina Est\u00e9tica en Tijuana y Rosarito\",\"url\":\"https:\\\/\\\/moldearte.com\\\/\",\"logo\":{\"@type\":\"ImageObject\",\"inLanguage\":\"en-US\",\"@id\":\"https:\\\/\\\/moldearte.com\\\/#\\\/schema\\\/logo\\\/image\\\/\",\"url\":\"https:\\\/\\\/moldearte.com\\\/wp-content\\\/uploads\\\/2023\\\/01\\\/cropped-cropped-rejuvenecimiento-facial-sin-cirugia-tijuana.png\",\"contentUrl\":\"https:\\\/\\\/moldearte.com\\\/wp-content\\\/uploads\\\/2023\\\/01\\\/cropped-cropped-rejuvenecimiento-facial-sin-cirugia-tijuana.png\",\"width\":3255,\"height\":1059,\"caption\":\"MoldeArte | L\u00edderes en Medicina Est\u00e9tica en Tijuana y Rosarito\"},\"image\":{\"@id\":\"https:\\\/\\\/moldearte.com\\\/#\\\/schema\\\/logo\\\/image\\\/\"}}]}<\/script>\n<meta property=\"product:price:amount\" content=\"6050.00\" \/>\n<meta property=\"product:price:currency\" content=\"MXN\" \/>\n<meta property=\"og:availability\" content=\"instock\" \/>\n<meta property=\"product:availability\" content=\"instock\" \/>\n<meta property=\"product:condition\" content=\"new\" \/>\n<!-- \/ Yoast SEO Premium plugin. -->","yoast_head_json":{"title":"LEVAIR SALMON\u00ae REAFIRMANTE (PDRN + PN) - MoldeArte | L\u00edderes en Medicina Est\u00e9tica en Tijuana y Rosarito","robots":{"index":"index","follow":"follow","max-snippet":"max-snippet:-1","max-image-preview":"max-image-preview:large","max-video-preview":"max-video-preview:-1"},"canonical":"https:\/\/moldearte.com\/en\/tratamiento\/levair-salmon-reafirmante-pdrn-pn\/","og_locale":"en_US","og_type":"article","og_title":"LEVAIR SALMON\u00ae REAFIRMANTE (PDRN + PN)","og_description":"\u2728 \u00a1Repara, hidrata y devuelve el Glow natural a tu piel con biotecnolog\u00eda de \u00faltima generaci\u00f3n!  Levair Salmon Therapy\u00ae con PDRN + PN es un skinbooster que contiene 50 mg de Polinucle\u00f3tidos y Polidesoxirribonucle\u00f3tidos de g\u00f3nadas de salm\u00f3n m\u00e1s \u00c1cido Hialur\u00f3nico de alto y bajo peso molecular \ud83d\udca7\ud83d\udc1f. Su funci\u00f3n es reparar e hidratar profundamente, fortalecer la matriz extracelular, reducir el estr\u00e9s oxidativo, prevenir el envejecimiento y aportar firmeza, luminosidad y poros m\u00e1s refinados. \u00bfQu\u00e9 incluye el tratamiento? \ud83d\udc96 Una aplicaci\u00f3n de LeVair Salmon Reafirmante con PDRN + PN\u00ae en rostro. \ud83d\udcb8 Precio pagando en efectivo en sucursal: $5,500 MXN. (v\u00e1lido del 5 al 18 de abril del 2026) *Cuenta con 60 d\u00edas para realizarse el tratamiento a partir de su compra","og_url":"https:\/\/moldearte.com\/en\/tratamiento\/levair-salmon-reafirmante-pdrn-pn\/","og_site_name":"MoldeArte | L\u00edderes en Medicina Est\u00e9tica en Tijuana y Rosarito","article_modified_time":"2026-04-06T18:25:37+00:00","og_image":[{"width":1080,"height":1080,"url":"https:\/\/moldearte.com\/wp-content\/uploads\/2024\/07\/hydroxyfill-tijuana.png","type":"image\/png"}],"twitter_card":"summary_large_image","twitter_misc":{"Price":"&#36;6,050.00","Availability":"In stock"},"schema":{"@context":"https:\/\/schema.org","@graph":[{"@type":"WebPage","@id":"https:\/\/moldearte.com\/tratamiento\/levair-salmon-reafirmante-pdrn-pn\/","url":"https:\/\/moldearte.com\/tratamiento\/levair-salmon-reafirmante-pdrn-pn\/","name":"LEVAIR SALMON\u00ae REAFIRMANTE (PDRN + PN) - MoldeArte | L\u00edderes en Medicina Est\u00e9tica en Tijuana y Rosarito","isPartOf":{"@id":"https:\/\/moldearte.com\/#website"},"primaryImageOfPage":{"@id":"https:\/\/moldearte.com\/tratamiento\/levair-salmon-reafirmante-pdrn-pn\/#primaryimage"},"image":{"@id":"https:\/\/moldearte.com\/tratamiento\/levair-salmon-reafirmante-pdrn-pn\/#primaryimage"},"thumbnailUrl":"https:\/\/moldearte.com\/wp-content\/uploads\/2024\/07\/hydroxyfill-tijuana.png","datePublished":"2025-08-25T18:28:04+00:00","dateModified":"2026-04-06T18:25:37+00:00","breadcrumb":{"@id":"https:\/\/moldearte.com\/tratamiento\/levair-salmon-reafirmante-pdrn-pn\/#breadcrumb"},"inLanguage":"en-US","potentialAction":[{"@type":"ReadAction","target":["https:\/\/moldearte.com\/tratamiento\/levair-salmon-reafirmante-pdrn-pn\/"]}]},{"@type":"ImageObject","inLanguage":"en-US","@id":"https:\/\/moldearte.com\/tratamiento\/levair-salmon-reafirmante-pdrn-pn\/#primaryimage","url":"https:\/\/moldearte.com\/wp-content\/uploads\/2024\/07\/hydroxyfill-tijuana.png","contentUrl":"https:\/\/moldearte.com\/wp-content\/uploads\/2024\/07\/hydroxyfill-tijuana.png","width":1080,"height":1080},{"@type":"BreadcrumbList","@id":"https:\/\/moldearte.com\/tratamiento\/levair-salmon-reafirmante-pdrn-pn\/#breadcrumb","itemListElement":[{"@type":"ListItem","position":1,"name":"Portada","item":"https:\/\/moldearte.com\/"},{"@type":"ListItem","position":2,"name":"Tienda","item":"https:\/\/moldearte.com\/en\/tienda\/"},{"@type":"ListItem","position":3,"name":"LEVAIR SALMON\u00ae REAFIRMANTE (PDRN + PN)"}]},{"@type":"WebSite","@id":"https:\/\/moldearte.com\/#website","url":"https:\/\/moldearte.com\/","name":"MoldeArte | L\u00edderes en Medicina Est\u00e9tica en Tijuana y Rosarito","description":"Rejuvenecimiento Facial y corporal sin cirug\u00eda","publisher":{"@id":"https:\/\/moldearte.com\/#organization"},"potentialAction":[{"@type":"SearchAction","target":{"@type":"EntryPoint","urlTemplate":"https:\/\/moldearte.com\/?s={search_term_string}"},"query-input":{"@type":"PropertyValueSpecification","valueRequired":true,"valueName":"search_term_string"}}],"inLanguage":"en-US"},{"@type":"Organization","@id":"https:\/\/moldearte.com\/#organization","name":"MoldeArte | L\u00edderes en Medicina Est\u00e9tica en Tijuana y Rosarito","url":"https:\/\/moldearte.com\/","logo":{"@type":"ImageObject","inLanguage":"en-US","@id":"https:\/\/moldearte.com\/#\/schema\/logo\/image\/","url":"https:\/\/moldearte.com\/wp-content\/uploads\/2023\/01\/cropped-cropped-rejuvenecimiento-facial-sin-cirugia-tijuana.png","contentUrl":"https:\/\/moldearte.com\/wp-content\/uploads\/2023\/01\/cropped-cropped-rejuvenecimiento-facial-sin-cirugia-tijuana.png","width":3255,"height":1059,"caption":"MoldeArte | L\u00edderes en Medicina Est\u00e9tica en Tijuana y Rosarito"},"image":{"@id":"https:\/\/moldearte.com\/#\/schema\/logo\/image\/"}}]},"product_price_amount":"6050.00","product_price_currency":"MXN","og_availability":"instock","product_availability":"instock","product_condition":"new"},"_links":{"self":[{"href":"https:\/\/moldearte.com\/en\/wp-json\/wp\/v2\/product\/15603","targetHints":{"allow":["GET"]}}],"collection":[{"href":"https:\/\/moldearte.com\/en\/wp-json\/wp\/v2\/product"}],"about":[{"href":"https:\/\/moldearte.com\/en\/wp-json\/wp\/v2\/types\/product"}],"wp:featuredmedia":[{"embeddable":true,"href":"https:\/\/moldearte.com\/en\/wp-json\/wp\/v2\/media\/6304"}],"wp:attachment":[{"href":"https:\/\/moldearte.com\/en\/wp-json\/wp\/v2\/media?parent=15603"}],"wp:term":[{"taxonomy":"product_brand","embeddable":true,"href":"https:\/\/moldearte.com\/en\/wp-json\/wp\/v2\/product_brand?post=15603"},{"taxonomy":"product_cat","embeddable":true,"href":"https:\/\/moldearte.com\/en\/wp-json\/wp\/v2\/product_cat?post=15603"},{"taxonomy":"product_tag","embeddable":true,"href":"https:\/\/moldearte.com\/en\/wp-json\/wp\/v2\/product_tag?post=15603"},{"taxonomy":"giftcard-category","embeddable":true,"href":"https:\/\/moldearte.com\/en\/wp-json\/wp\/v2\/giftcard-category?post=15603"}],"curies":[{"name":"wp","href":"https:\/\/api.w.org\/{rel}","templated":true}]}}