{"id":13668,"date":"2025-07-03T15:46:16","date_gmt":"2025-07-03T22:46:16","guid":{"rendered":"https:\/\/moldearte.com\/?post_type=product&#038;p=13668"},"modified":"2025-11-27T16:24:10","modified_gmt":"2025-11-28T00:24:10","slug":"membresia-chica-moldearte","status":"publish","type":"product","link":"https:\/\/moldearte.com\/en\/tratamiento\/membresia-chica-moldearte\/","title":{"rendered":"Chica MoldeArte"},"content":{"rendered":"<h4>\u00bfQui\u00e9n es candidato ideal para el tratamiento? \ud83d\udcab<\/h4>\n<ul>\n<li>Personas que desean prevenir o minimizar l\u00edneas de expresi\u00f3n en rostro, entrecejo, frente o contorno de ojos.<\/li>\n<li>Personas con primeras arrugas o piel opaca que desean revitalizar su apariencia.<\/li>\n<li>Ideal para quienes buscan verse naturales, frescos y con una piel saludable.<\/li>\n<\/ul>\n<h4>\u00bfEdad o tipo de piel ideal? \ud83c\udf38<\/h4>\n<p>Ideal para pieles a partir de los 25 a\u00f1os, especialmente aquellas con l\u00edneas de expresi\u00f3n, perfecto para quienes buscan un enfoque preventivo o correctivo suave y natural.<\/p>\n<h3>Principales beneficios del tratamiento \ud83d\udc8e<\/h3>\n<p>\u2728 Reducci\u00f3n y prevenci\u00f3n de l\u00edneas de expresi\u00f3n<br \/>\n\u2728 Hidrataci\u00f3n profunda y volumen en zonas clave con \u00e1cido hialur\u00f3nico<br \/>\n\u2728 Estimulaci\u00f3n natural de col\u00e1geno con plasma<br \/>\n\u2728 Piel visiblemente m\u00e1s fresca, luminosa y saludable<br \/>\n\u2728 Incluye limpieza profunda y microdermoabrasi\u00f3n para potenciar resultados<\/p>\n<h6><span style=\"color: #0072bb;\"><a style=\"color: #0072bb;\" href=\"https:\/\/moldearte.com\/en\/politicas-de-membresias\/\" target=\"_blank\" rel=\"noopener\">\ud83d\udcdd Consulta las Pol\u00edticas de Membres\u00edas haciendo clic en este enlace<\/a><\/span><\/h6>","protected":false},"excerpt":{"rendered":"<p><strong>Luce un rostro fresco, joven y radiante sin exageraciones.<\/strong><\/p>\n<p>La membres\u00eda <strong>Chica MoldeArte<\/strong> te ofrece un plan semestral completo para prevenir, suavizar y mantener una piel sin l\u00edneas marcadas, con una combinaci\u00f3n perfecta de medicina est\u00e9tica y cuidado facial.<\/p>\n<h3>\u00bfQu\u00e9 incluye mi Membres\u00eda Chica MoldeArte? \ud83c\udf38\u2728<\/h3>\n<p>\ud83d\udc89 Una aplicaci\u00f3n de<strong> Toxina Botul\u00ednica Elotox\u00ae<\/strong>\u00a0en Frente, Entrecejo y L\u00edneas alrededor de los ojos.<br \/>\n\ud83d\udc8b Una aplicaci\u00f3n de\u00a0<strong>\u00c1cido Hialur\u00f3nico EQFill\u00ae<\/strong>\u00a0en una zona a elegir entre: P\u00f3mulos, Surcos Nasogenianos, Ment\u00f3n, L\u00edneas de Marioneta, C\u00f3digo de Barras, aumento o perfilado en Labios.<br \/>\n\ud83d\udca7 3 sesiones de\u00a0<strong>Platelet Rich Plasma<\/strong> en rostro<br \/>\n\ud83d\ude0d\ud83c\udf81 <strong>GRATIS con tu membres\u00eda:<\/strong> 3 sesiones de <strong>Facial de Limpieza Profunda con Microdermoabrasi\u00f3n<\/strong> punta diamante<br \/>\n<span class=\"fontstyle0\"><span style=\"color: #ff914d;\"><strong>*Cuenta con 121 d\u00edas para realizarse el tratamiento a partir de su compra<\/strong><\/span><\/span><\/p>","protected":false},"featured_media":13661,"template":"","meta":[],"product_brand":[],"product_cat":[286],"product_tag":[],"giftcard-category":[],"class_list":{"0":"post-13668","1":"product","2":"type-product","3":"status-publish","4":"has-post-thumbnail","6":"product_cat-membresias","8":"first","9":"instock","10":"sale","11":"virtual","12":"purchasable","13":"product-type-simple"},"yoast_head":"<!-- This site is optimized with the Yoast SEO Premium plugin v27.2 (Yoast SEO v27.3) - https:\/\/yoast.com\/product\/yoast-seo-premium-wordpress\/ -->\n<title>Chica MoldeArte - MoldeArte | L\u00edderes en Medicina Est\u00e9tica en Tijuana y Rosarito<\/title>\n<meta name=\"robots\" content=\"index, follow, max-snippet:-1, max-image-preview:large, max-video-preview:-1\" \/>\n<link rel=\"canonical\" href=\"https:\/\/moldearte.com\/en\/tratamiento\/membresia-chica-moldearte\/\" \/>\n<meta property=\"og:locale\" content=\"en_US\" \/>\n<meta property=\"og:type\" content=\"article\" \/>\n<meta property=\"og:title\" content=\"Chica MoldeArte\" \/>\n<meta property=\"og:description\" content=\"Luce un rostro fresco, joven y radiante sin exageraciones.  La membres\u00eda Chica MoldeArte te ofrece un plan semestral completo para prevenir, suavizar y mantener una piel sin l\u00edneas marcadas, con una combinaci\u00f3n perfecta de medicina est\u00e9tica y cuidado facial. \u00bfQu\u00e9 incluye mi Membres\u00eda Chica MoldeArte? \ud83c\udf38\u2728 \ud83d\udc89 Una aplicaci\u00f3n de Toxina Botul\u00ednica Elotox\u00ae\u00a0en Frente, Entrecejo y L\u00edneas alrededor de los ojos. \ud83d\udc8b Una aplicaci\u00f3n de\u00a0\u00c1cido Hialur\u00f3nico EQFill\u00ae\u00a0en una zona a elegir entre: P\u00f3mulos, Surcos Nasogenianos, Ment\u00f3n, L\u00edneas de Marioneta, C\u00f3digo de Barras, aumento o perfilado en Labios. \ud83d\udca7 3 sesiones de\u00a0Plasma Rico en Plaquetas en rostro \ud83d\ude0d\ud83c\udf81 GRATIS con tu membres\u00eda: 3 sesiones de Facial de Limpieza Profunda con Microdermoabrasi\u00f3n punta diamante *Cuenta con 121 d\u00edas para realizarse el tratamiento a partir de su compra\" \/>\n<meta property=\"og:url\" content=\"https:\/\/moldearte.com\/en\/tratamiento\/membresia-chica-moldearte\/\" \/>\n<meta property=\"og:site_name\" content=\"MoldeArte | L\u00edderes en Medicina Est\u00e9tica en Tijuana y Rosarito\" \/>\n<meta property=\"article:modified_time\" content=\"2025-11-28T00:24:10+00:00\" \/>\n<meta property=\"og:image\" content=\"https:\/\/moldearte.com\/wp-content\/uploads\/2025\/07\/chica-moldearte-2.png\" \/>\n\t<meta property=\"og:image:width\" content=\"600\" \/>\n\t<meta property=\"og:image:height\" content=\"600\" \/>\n\t<meta property=\"og:image:type\" content=\"image\/png\" \/>\n<meta name=\"twitter:card\" content=\"summary_large_image\" \/>\n<meta name=\"twitter:label1\" content=\"Price\" \/>\n\t<meta name=\"twitter:data1\" content=\"&#036;6,800.00\" \/>\n\t<meta name=\"twitter:label2\" content=\"Availability\" \/>\n\t<meta name=\"twitter:data2\" content=\"In stock\" \/>\n<script type=\"application\/ld+json\" class=\"yoast-schema-graph\">{\"@context\":\"https:\\\/\\\/schema.org\",\"@graph\":[{\"@type\":\"WebPage\",\"@id\":\"https:\\\/\\\/moldearte.com\\\/tratamiento\\\/membresia-chica-moldearte\\\/\",\"url\":\"https:\\\/\\\/moldearte.com\\\/tratamiento\\\/membresia-chica-moldearte\\\/\",\"name\":\"Chica MoldeArte - MoldeArte | L\u00edderes en Medicina Est\u00e9tica en Tijuana y Rosarito\",\"isPartOf\":{\"@id\":\"https:\\\/\\\/moldearte.com\\\/#website\"},\"primaryImageOfPage\":{\"@id\":\"https:\\\/\\\/moldearte.com\\\/tratamiento\\\/membresia-chica-moldearte\\\/#primaryimage\"},\"image\":{\"@id\":\"https:\\\/\\\/moldearte.com\\\/tratamiento\\\/membresia-chica-moldearte\\\/#primaryimage\"},\"thumbnailUrl\":\"https:\\\/\\\/moldearte.com\\\/wp-content\\\/uploads\\\/2025\\\/07\\\/chica-moldearte-2.png\",\"datePublished\":\"2025-07-03T22:46:16+00:00\",\"dateModified\":\"2025-11-28T00:24:10+00:00\",\"breadcrumb\":{\"@id\":\"https:\\\/\\\/moldearte.com\\\/tratamiento\\\/membresia-chica-moldearte\\\/#breadcrumb\"},\"inLanguage\":\"en-US\",\"potentialAction\":[{\"@type\":\"ReadAction\",\"target\":[\"https:\\\/\\\/moldearte.com\\\/tratamiento\\\/membresia-chica-moldearte\\\/\"]}]},{\"@type\":\"ImageObject\",\"inLanguage\":\"en-US\",\"@id\":\"https:\\\/\\\/moldearte.com\\\/tratamiento\\\/membresia-chica-moldearte\\\/#primaryimage\",\"url\":\"https:\\\/\\\/moldearte.com\\\/wp-content\\\/uploads\\\/2025\\\/07\\\/chica-moldearte-2.png\",\"contentUrl\":\"https:\\\/\\\/moldearte.com\\\/wp-content\\\/uploads\\\/2025\\\/07\\\/chica-moldearte-2.png\",\"width\":600,\"height\":600},{\"@type\":\"BreadcrumbList\",\"@id\":\"https:\\\/\\\/moldearte.com\\\/tratamiento\\\/membresia-chica-moldearte\\\/#breadcrumb\",\"itemListElement\":[{\"@type\":\"ListItem\",\"position\":1,\"name\":\"Portada\",\"item\":\"https:\\\/\\\/moldearte.com\\\/\"},{\"@type\":\"ListItem\",\"position\":2,\"name\":\"Tienda\",\"item\":\"https:\\\/\\\/moldearte.com\\\/en\\\/tienda\\\/\"},{\"@type\":\"ListItem\",\"position\":3,\"name\":\"Chica MoldeArte\"}]},{\"@type\":\"WebSite\",\"@id\":\"https:\\\/\\\/moldearte.com\\\/#website\",\"url\":\"https:\\\/\\\/moldearte.com\\\/\",\"name\":\"MoldeArte | L\u00edderes en Medicina Est\u00e9tica en Tijuana y Rosarito\",\"description\":\"Rejuvenecimiento Facial y corporal sin cirug\u00eda\",\"publisher\":{\"@id\":\"https:\\\/\\\/moldearte.com\\\/#organization\"},\"potentialAction\":[{\"@type\":\"SearchAction\",\"target\":{\"@type\":\"EntryPoint\",\"urlTemplate\":\"https:\\\/\\\/moldearte.com\\\/?s={search_term_string}\"},\"query-input\":{\"@type\":\"PropertyValueSpecification\",\"valueRequired\":true,\"valueName\":\"search_term_string\"}}],\"inLanguage\":\"en-US\"},{\"@type\":\"Organization\",\"@id\":\"https:\\\/\\\/moldearte.com\\\/#organization\",\"name\":\"MoldeArte | L\u00edderes en Medicina Est\u00e9tica en Tijuana y Rosarito\",\"url\":\"https:\\\/\\\/moldearte.com\\\/\",\"logo\":{\"@type\":\"ImageObject\",\"inLanguage\":\"en-US\",\"@id\":\"https:\\\/\\\/moldearte.com\\\/#\\\/schema\\\/logo\\\/image\\\/\",\"url\":\"https:\\\/\\\/moldearte.com\\\/wp-content\\\/uploads\\\/2023\\\/01\\\/cropped-cropped-rejuvenecimiento-facial-sin-cirugia-tijuana.png\",\"contentUrl\":\"https:\\\/\\\/moldearte.com\\\/wp-content\\\/uploads\\\/2023\\\/01\\\/cropped-cropped-rejuvenecimiento-facial-sin-cirugia-tijuana.png\",\"width\":3255,\"height\":1059,\"caption\":\"MoldeArte | L\u00edderes en Medicina Est\u00e9tica en Tijuana y Rosarito\"},\"image\":{\"@id\":\"https:\\\/\\\/moldearte.com\\\/#\\\/schema\\\/logo\\\/image\\\/\"}}]}<\/script>\n<meta property=\"product:price:amount\" content=\"6800.00\" \/>\n<meta property=\"product:price:currency\" content=\"MXN\" \/>\n<meta property=\"og:availability\" content=\"instock\" \/>\n<meta property=\"product:availability\" content=\"instock\" \/>\n<meta property=\"product:condition\" content=\"new\" \/>\n<!-- \/ Yoast SEO Premium plugin. -->","yoast_head_json":{"title":"Chica MoldeArte - MoldeArte | L\u00edderes en Medicina Est\u00e9tica en Tijuana y Rosarito","robots":{"index":"index","follow":"follow","max-snippet":"max-snippet:-1","max-image-preview":"max-image-preview:large","max-video-preview":"max-video-preview:-1"},"canonical":"https:\/\/moldearte.com\/en\/tratamiento\/membresia-chica-moldearte\/","og_locale":"en_US","og_type":"article","og_title":"Chica MoldeArte","og_description":"Luce un rostro fresco, joven y radiante sin exageraciones.  La membres\u00eda Chica MoldeArte te ofrece un plan semestral completo para prevenir, suavizar y mantener una piel sin l\u00edneas marcadas, con una combinaci\u00f3n perfecta de medicina est\u00e9tica y cuidado facial. \u00bfQu\u00e9 incluye mi Membres\u00eda Chica MoldeArte? \ud83c\udf38\u2728 \ud83d\udc89 Una aplicaci\u00f3n de Toxina Botul\u00ednica Elotox\u00ae\u00a0en Frente, Entrecejo y L\u00edneas alrededor de los ojos. \ud83d\udc8b Una aplicaci\u00f3n de\u00a0\u00c1cido Hialur\u00f3nico EQFill\u00ae\u00a0en una zona a elegir entre: P\u00f3mulos, Surcos Nasogenianos, Ment\u00f3n, L\u00edneas de Marioneta, C\u00f3digo de Barras, aumento o perfilado en Labios. \ud83d\udca7 3 sesiones de\u00a0Plasma Rico en Plaquetas en rostro \ud83d\ude0d\ud83c\udf81 GRATIS con tu membres\u00eda: 3 sesiones de Facial de Limpieza Profunda con Microdermoabrasi\u00f3n punta diamante *Cuenta con 121 d\u00edas para realizarse el tratamiento a partir de su compra","og_url":"https:\/\/moldearte.com\/en\/tratamiento\/membresia-chica-moldearte\/","og_site_name":"MoldeArte | L\u00edderes en Medicina Est\u00e9tica en Tijuana y Rosarito","article_modified_time":"2025-11-28T00:24:10+00:00","og_image":[{"width":600,"height":600,"url":"https:\/\/moldearte.com\/wp-content\/uploads\/2025\/07\/chica-moldearte-2.png","type":"image\/png"}],"twitter_card":"summary_large_image","twitter_misc":{"Price":"&#36;6,800.00","Availability":"In stock"},"schema":{"@context":"https:\/\/schema.org","@graph":[{"@type":"WebPage","@id":"https:\/\/moldearte.com\/tratamiento\/membresia-chica-moldearte\/","url":"https:\/\/moldearte.com\/tratamiento\/membresia-chica-moldearte\/","name":"Chica MoldeArte - MoldeArte | L\u00edderes en Medicina Est\u00e9tica en Tijuana y Rosarito","isPartOf":{"@id":"https:\/\/moldearte.com\/#website"},"primaryImageOfPage":{"@id":"https:\/\/moldearte.com\/tratamiento\/membresia-chica-moldearte\/#primaryimage"},"image":{"@id":"https:\/\/moldearte.com\/tratamiento\/membresia-chica-moldearte\/#primaryimage"},"thumbnailUrl":"https:\/\/moldearte.com\/wp-content\/uploads\/2025\/07\/chica-moldearte-2.png","datePublished":"2025-07-03T22:46:16+00:00","dateModified":"2025-11-28T00:24:10+00:00","breadcrumb":{"@id":"https:\/\/moldearte.com\/tratamiento\/membresia-chica-moldearte\/#breadcrumb"},"inLanguage":"en-US","potentialAction":[{"@type":"ReadAction","target":["https:\/\/moldearte.com\/tratamiento\/membresia-chica-moldearte\/"]}]},{"@type":"ImageObject","inLanguage":"en-US","@id":"https:\/\/moldearte.com\/tratamiento\/membresia-chica-moldearte\/#primaryimage","url":"https:\/\/moldearte.com\/wp-content\/uploads\/2025\/07\/chica-moldearte-2.png","contentUrl":"https:\/\/moldearte.com\/wp-content\/uploads\/2025\/07\/chica-moldearte-2.png","width":600,"height":600},{"@type":"BreadcrumbList","@id":"https:\/\/moldearte.com\/tratamiento\/membresia-chica-moldearte\/#breadcrumb","itemListElement":[{"@type":"ListItem","position":1,"name":"Portada","item":"https:\/\/moldearte.com\/"},{"@type":"ListItem","position":2,"name":"Tienda","item":"https:\/\/moldearte.com\/en\/tienda\/"},{"@type":"ListItem","position":3,"name":"Chica MoldeArte"}]},{"@type":"WebSite","@id":"https:\/\/moldearte.com\/#website","url":"https:\/\/moldearte.com\/","name":"MoldeArte | L\u00edderes en Medicina Est\u00e9tica en Tijuana y Rosarito","description":"Rejuvenecimiento Facial y corporal sin cirug\u00eda","publisher":{"@id":"https:\/\/moldearte.com\/#organization"},"potentialAction":[{"@type":"SearchAction","target":{"@type":"EntryPoint","urlTemplate":"https:\/\/moldearte.com\/?s={search_term_string}"},"query-input":{"@type":"PropertyValueSpecification","valueRequired":true,"valueName":"search_term_string"}}],"inLanguage":"en-US"},{"@type":"Organization","@id":"https:\/\/moldearte.com\/#organization","name":"MoldeArte | L\u00edderes en Medicina Est\u00e9tica en Tijuana y Rosarito","url":"https:\/\/moldearte.com\/","logo":{"@type":"ImageObject","inLanguage":"en-US","@id":"https:\/\/moldearte.com\/#\/schema\/logo\/image\/","url":"https:\/\/moldearte.com\/wp-content\/uploads\/2023\/01\/cropped-cropped-rejuvenecimiento-facial-sin-cirugia-tijuana.png","contentUrl":"https:\/\/moldearte.com\/wp-content\/uploads\/2023\/01\/cropped-cropped-rejuvenecimiento-facial-sin-cirugia-tijuana.png","width":3255,"height":1059,"caption":"MoldeArte | L\u00edderes en Medicina Est\u00e9tica en Tijuana y Rosarito"},"image":{"@id":"https:\/\/moldearte.com\/#\/schema\/logo\/image\/"}}]},"product_price_amount":"6800.00","product_price_currency":"MXN","og_availability":"instock","product_availability":"instock","product_condition":"new"},"_links":{"self":[{"href":"https:\/\/moldearte.com\/en\/wp-json\/wp\/v2\/product\/13668","targetHints":{"allow":["GET"]}}],"collection":[{"href":"https:\/\/moldearte.com\/en\/wp-json\/wp\/v2\/product"}],"about":[{"href":"https:\/\/moldearte.com\/en\/wp-json\/wp\/v2\/types\/product"}],"wp:featuredmedia":[{"embeddable":true,"href":"https:\/\/moldearte.com\/en\/wp-json\/wp\/v2\/media\/13661"}],"wp:attachment":[{"href":"https:\/\/moldearte.com\/en\/wp-json\/wp\/v2\/media?parent=13668"}],"wp:term":[{"taxonomy":"product_brand","embeddable":true,"href":"https:\/\/moldearte.com\/en\/wp-json\/wp\/v2\/product_brand?post=13668"},{"taxonomy":"product_cat","embeddable":true,"href":"https:\/\/moldearte.com\/en\/wp-json\/wp\/v2\/product_cat?post=13668"},{"taxonomy":"product_tag","embeddable":true,"href":"https:\/\/moldearte.com\/en\/wp-json\/wp\/v2\/product_tag?post=13668"},{"taxonomy":"giftcard-category","embeddable":true,"href":"https:\/\/moldearte.com\/en\/wp-json\/wp\/v2\/giftcard-category?post=13668"}],"curies":[{"name":"wp","href":"https:\/\/api.w.org\/{rel}","templated":true}]}}