{"id":13659,"date":"2025-07-03T14:44:06","date_gmt":"2025-07-03T21:44:06","guid":{"rendered":"https:\/\/moldearte.com\/?post_type=product&#038;p=13659"},"modified":"2025-07-03T16:09:27","modified_gmt":"2025-07-03T23:09:27","slug":"membresia-silueta-moldearte","status":"publish","type":"product","link":"https:\/\/moldearte.com\/en\/tratamiento\/membresia-silueta-moldearte\/","title":{"rendered":"Silueta MoldeArte"},"content":{"rendered":"<h4>\u00bfQui\u00e9n es candidato ideal para el tratamiento? \ud83d\udcab<\/h4>\n<p>Personas que desean:<br \/>\n\u2714\ufe0f Reducir grasa localizada en abdomen, cintura, brazos, muslos o espalda.<br \/>\n\u2714\ufe0f Mejorar la apariencia de la piel y moldear su figura.<br \/>\n\u2714\ufe0f Evitar procedimientos quir\u00fargicos invasivos o costosos.<br \/>\n\u2714\ufe0f Ver resultados visibles de forma segura y sin complicaciones.<\/p>\n<h4>\u00bfEdad o tipo de piel ideal? \ud83c\udf38<\/h4>\n<p>Edad recomendada: 18 a 55 a\u00f1os, ideal para quienes tienen zonas rebeldes que no responden a dieta o ejercicio.<\/p>\n<h3>Principales beneficios del tratamiento \ud83d\udc8e<\/h3>\n<p>\u2728 Reducci\u00f3n visible de medidas en zonas espec\u00edficas<br \/>\n\u2728 Moldeo corporal natural sin bistur\u00ed<br \/>\n\u2728 Mejora de la calidad y firmeza de la piel<br \/>\n\u2728 Consulta nutrimental que complementa y potencia los resultados<br \/>\n\u2728 Sin dolor, sin incapacidad y sin complicaciones<\/p>\n<h6><span style=\"color: #0072bb;\"><a style=\"color: #0072bb;\" href=\"https:\/\/moldearte.com\/en\/politicas-de-membresias\/\" target=\"_blank\" rel=\"noopener\">\ud83d\udcdd Consulta las Pol\u00edticas de Membres\u00edas haciendo clic en este enlace<\/a><\/span><\/h6>\n<h6><\/h6>","protected":false},"excerpt":{"rendered":"<p><strong>Transforma tu silueta sin cirug\u00edas, sin dietas extremas y con resultados reales.<\/strong><\/p>\n<p>La membres\u00eda <strong data-start=\"1029\" data-end=\"1058\">Silueta MoldeArte mensual<\/strong> est\u00e1 dise\u00f1ada para ayudarte a reducir medidas, eliminar grasa localizada y moldear zonas espec\u00edficas con tecnolog\u00eda est\u00e9tica avanzada, de manera <strong data-start=\"1204\" data-end=\"1251\">r\u00e1pida, segura y sin tiempo de recuperaci\u00f3n<\/strong>.<\/p>\n<h3>\u00bfQu\u00e9 incluye mi Membres\u00eda Silueta MoldeArte? \ud83c\udf38\u2728<\/h3>\n<p>\ud83d\udc89 Una aplicaci\u00f3n de <strong>Mesoterapia Reductiva<\/strong><br \/>\n\ud83c\udf1f Una aplicaci\u00f3n de <strong data-start=\"367\" data-end=\"411\">Reductive Enzymatic Kit<\/strong> en una zona<br data-start=\"421\" data-end=\"424\" \/>\ud83d\ude0d\ud83c\udf81 <strong data-start=\"429\" data-end=\"457\">GRATIS con tu membres\u00eda:<\/strong> Una <b>Consulta nutrimental <\/b>en sucursal Zona R\u00edo<br \/>\n<span class=\"fontstyle0\"><span style=\"color: #ff914d;\"><strong>*Cuenta con 20 d\u00edas para realizarse el tratamiento a partir de su compra<\/strong><\/span><\/span><\/p>","protected":false},"featured_media":13664,"template":"","meta":[],"product_brand":[],"product_cat":[286],"product_tag":[],"giftcard-category":[],"class_list":{"0":"post-13659","1":"product","2":"type-product","3":"status-publish","4":"has-post-thumbnail","6":"product_cat-membresias","8":"first","9":"instock","10":"sale","11":"virtual","12":"purchasable","13":"product-type-simple"},"yoast_head":"<!-- This site is optimized with the Yoast SEO Premium plugin v27.2 (Yoast SEO v27.3) - https:\/\/yoast.com\/product\/yoast-seo-premium-wordpress\/ -->\n<title>Silueta MoldeArte - MoldeArte | L\u00edderes en Medicina Est\u00e9tica en Tijuana y Rosarito<\/title>\n<meta name=\"robots\" content=\"index, follow, max-snippet:-1, max-image-preview:large, max-video-preview:-1\" \/>\n<link rel=\"canonical\" href=\"https:\/\/moldearte.com\/en\/tratamiento\/membresia-silueta-moldearte\/\" \/>\n<meta property=\"og:locale\" content=\"en_US\" \/>\n<meta property=\"og:type\" content=\"article\" \/>\n<meta property=\"og:title\" content=\"Silueta MoldeArte\" \/>\n<meta property=\"og:description\" content=\"Transforma tu silueta sin cirug\u00edas, sin dietas extremas y con resultados reales.  La membres\u00eda Silueta MoldeArte mensual est\u00e1 dise\u00f1ada para ayudarte a reducir medidas, eliminar grasa localizada y moldear zonas espec\u00edficas con tecnolog\u00eda est\u00e9tica avanzada, de manera r\u00e1pida, segura y sin tiempo de recuperaci\u00f3n. \u00bfQu\u00e9 incluye mi Membres\u00eda Silueta MoldeArte? \ud83c\udf38\u2728 \ud83d\udc89 Una aplicaci\u00f3n de Mesoterapia Reductiva \ud83c\udf1f Una aplicaci\u00f3n de Kit Enzim\u00e1tico Reductivo en una zona\ud83d\ude0d\ud83c\udf81 GRATIS con tu membres\u00eda: Una Consulta nutrimental en sucursal Zona R\u00edo *Cuenta con 20 d\u00edas para realizarse el tratamiento a partir de su compra\" \/>\n<meta property=\"og:url\" content=\"https:\/\/moldearte.com\/en\/tratamiento\/membresia-silueta-moldearte\/\" \/>\n<meta property=\"og:site_name\" content=\"MoldeArte | L\u00edderes en Medicina Est\u00e9tica en Tijuana y Rosarito\" \/>\n<meta property=\"article:modified_time\" content=\"2025-07-03T23:09:27+00:00\" \/>\n<meta property=\"og:image\" content=\"https:\/\/moldearte.com\/wp-content\/uploads\/2025\/07\/silueta-moldearte.png\" \/>\n\t<meta property=\"og:image:width\" content=\"600\" \/>\n\t<meta property=\"og:image:height\" content=\"600\" \/>\n\t<meta property=\"og:image:type\" content=\"image\/png\" \/>\n<meta name=\"twitter:card\" content=\"summary_large_image\" \/>\n<meta name=\"twitter:label1\" content=\"Price\" \/>\n\t<meta name=\"twitter:data1\" content=\"&#036;4,750.00\" \/>\n\t<meta name=\"twitter:label2\" content=\"Availability\" \/>\n\t<meta name=\"twitter:data2\" content=\"In stock\" \/>\n<script type=\"application\/ld+json\" class=\"yoast-schema-graph\">{\"@context\":\"https:\\\/\\\/schema.org\",\"@graph\":[{\"@type\":\"WebPage\",\"@id\":\"https:\\\/\\\/moldearte.com\\\/en\\\/tratamiento\\\/membresia-silueta-moldearte\\\/\",\"url\":\"https:\\\/\\\/moldearte.com\\\/en\\\/tratamiento\\\/membresia-silueta-moldearte\\\/\",\"name\":\"Silueta MoldeArte - MoldeArte | L\u00edderes en Medicina Est\u00e9tica en Tijuana y Rosarito\",\"isPartOf\":{\"@id\":\"https:\\\/\\\/moldearte.com\\\/#website\"},\"primaryImageOfPage\":{\"@id\":\"https:\\\/\\\/moldearte.com\\\/en\\\/tratamiento\\\/membresia-silueta-moldearte\\\/#primaryimage\"},\"image\":{\"@id\":\"https:\\\/\\\/moldearte.com\\\/en\\\/tratamiento\\\/membresia-silueta-moldearte\\\/#primaryimage\"},\"thumbnailUrl\":\"https:\\\/\\\/moldearte.com\\\/wp-content\\\/uploads\\\/2025\\\/07\\\/silueta-moldearte.png\",\"datePublished\":\"2025-07-03T21:44:06+00:00\",\"dateModified\":\"2025-07-03T23:09:27+00:00\",\"breadcrumb\":{\"@id\":\"https:\\\/\\\/moldearte.com\\\/en\\\/tratamiento\\\/membresia-silueta-moldearte\\\/#breadcrumb\"},\"inLanguage\":\"en-US\",\"potentialAction\":[{\"@type\":\"ReadAction\",\"target\":[\"https:\\\/\\\/moldearte.com\\\/en\\\/tratamiento\\\/membresia-silueta-moldearte\\\/\"]}]},{\"@type\":\"ImageObject\",\"inLanguage\":\"en-US\",\"@id\":\"https:\\\/\\\/moldearte.com\\\/en\\\/tratamiento\\\/membresia-silueta-moldearte\\\/#primaryimage\",\"url\":\"https:\\\/\\\/moldearte.com\\\/wp-content\\\/uploads\\\/2025\\\/07\\\/silueta-moldearte.png\",\"contentUrl\":\"https:\\\/\\\/moldearte.com\\\/wp-content\\\/uploads\\\/2025\\\/07\\\/silueta-moldearte.png\",\"width\":600,\"height\":600},{\"@type\":\"BreadcrumbList\",\"@id\":\"https:\\\/\\\/moldearte.com\\\/en\\\/tratamiento\\\/membresia-silueta-moldearte\\\/#breadcrumb\",\"itemListElement\":[{\"@type\":\"ListItem\",\"position\":1,\"name\":\"Portada\",\"item\":\"https:\\\/\\\/moldearte.com\\\/\"},{\"@type\":\"ListItem\",\"position\":2,\"name\":\"Tienda\",\"item\":\"https:\\\/\\\/moldearte.com\\\/en\\\/tienda\\\/\"},{\"@type\":\"ListItem\",\"position\":3,\"name\":\"Silueta MoldeArte\"}]},{\"@type\":\"WebSite\",\"@id\":\"https:\\\/\\\/moldearte.com\\\/#website\",\"url\":\"https:\\\/\\\/moldearte.com\\\/\",\"name\":\"MoldeArte | L\u00edderes en Medicina Est\u00e9tica en Tijuana y Rosarito\",\"description\":\"Rejuvenecimiento Facial y corporal sin cirug\u00eda\",\"publisher\":{\"@id\":\"https:\\\/\\\/moldearte.com\\\/#organization\"},\"potentialAction\":[{\"@type\":\"SearchAction\",\"target\":{\"@type\":\"EntryPoint\",\"urlTemplate\":\"https:\\\/\\\/moldearte.com\\\/?s={search_term_string}\"},\"query-input\":{\"@type\":\"PropertyValueSpecification\",\"valueRequired\":true,\"valueName\":\"search_term_string\"}}],\"inLanguage\":\"en-US\"},{\"@type\":\"Organization\",\"@id\":\"https:\\\/\\\/moldearte.com\\\/#organization\",\"name\":\"MoldeArte | L\u00edderes en Medicina Est\u00e9tica en Tijuana y Rosarito\",\"url\":\"https:\\\/\\\/moldearte.com\\\/\",\"logo\":{\"@type\":\"ImageObject\",\"inLanguage\":\"en-US\",\"@id\":\"https:\\\/\\\/moldearte.com\\\/#\\\/schema\\\/logo\\\/image\\\/\",\"url\":\"https:\\\/\\\/moldearte.com\\\/wp-content\\\/uploads\\\/2023\\\/01\\\/cropped-cropped-rejuvenecimiento-facial-sin-cirugia-tijuana.png\",\"contentUrl\":\"https:\\\/\\\/moldearte.com\\\/wp-content\\\/uploads\\\/2023\\\/01\\\/cropped-cropped-rejuvenecimiento-facial-sin-cirugia-tijuana.png\",\"width\":3255,\"height\":1059,\"caption\":\"MoldeArte | L\u00edderes en Medicina Est\u00e9tica en Tijuana y Rosarito\"},\"image\":{\"@id\":\"https:\\\/\\\/moldearte.com\\\/#\\\/schema\\\/logo\\\/image\\\/\"}}]}<\/script>\n<meta property=\"product:price:amount\" content=\"4750.00\" \/>\n<meta property=\"product:price:currency\" content=\"MXN\" \/>\n<meta property=\"og:availability\" content=\"instock\" \/>\n<meta property=\"product:availability\" content=\"instock\" \/>\n<meta property=\"product:condition\" content=\"new\" \/>\n<!-- \/ Yoast SEO Premium plugin. -->","yoast_head_json":{"title":"Silueta MoldeArte - MoldeArte | L\u00edderes en Medicina Est\u00e9tica en Tijuana y Rosarito","robots":{"index":"index","follow":"follow","max-snippet":"max-snippet:-1","max-image-preview":"max-image-preview:large","max-video-preview":"max-video-preview:-1"},"canonical":"https:\/\/moldearte.com\/en\/tratamiento\/membresia-silueta-moldearte\/","og_locale":"en_US","og_type":"article","og_title":"Silueta MoldeArte","og_description":"Transforma tu silueta sin cirug\u00edas, sin dietas extremas y con resultados reales.  La membres\u00eda Silueta MoldeArte mensual est\u00e1 dise\u00f1ada para ayudarte a reducir medidas, eliminar grasa localizada y moldear zonas espec\u00edficas con tecnolog\u00eda est\u00e9tica avanzada, de manera r\u00e1pida, segura y sin tiempo de recuperaci\u00f3n. \u00bfQu\u00e9 incluye mi Membres\u00eda Silueta MoldeArte? \ud83c\udf38\u2728 \ud83d\udc89 Una aplicaci\u00f3n de Mesoterapia Reductiva \ud83c\udf1f Una aplicaci\u00f3n de Kit Enzim\u00e1tico Reductivo en una zona\ud83d\ude0d\ud83c\udf81 GRATIS con tu membres\u00eda: Una Consulta nutrimental en sucursal Zona R\u00edo *Cuenta con 20 d\u00edas para realizarse el tratamiento a partir de su compra","og_url":"https:\/\/moldearte.com\/en\/tratamiento\/membresia-silueta-moldearte\/","og_site_name":"MoldeArte | L\u00edderes en Medicina Est\u00e9tica en Tijuana y Rosarito","article_modified_time":"2025-07-03T23:09:27+00:00","og_image":[{"width":600,"height":600,"url":"https:\/\/moldearte.com\/wp-content\/uploads\/2025\/07\/silueta-moldearte.png","type":"image\/png"}],"twitter_card":"summary_large_image","twitter_misc":{"Price":"&#36;4,750.00","Availability":"In stock"},"schema":{"@context":"https:\/\/schema.org","@graph":[{"@type":"WebPage","@id":"https:\/\/moldearte.com\/en\/tratamiento\/membresia-silueta-moldearte\/","url":"https:\/\/moldearte.com\/en\/tratamiento\/membresia-silueta-moldearte\/","name":"Silueta MoldeArte - MoldeArte | L\u00edderes en Medicina Est\u00e9tica en Tijuana y Rosarito","isPartOf":{"@id":"https:\/\/moldearte.com\/#website"},"primaryImageOfPage":{"@id":"https:\/\/moldearte.com\/en\/tratamiento\/membresia-silueta-moldearte\/#primaryimage"},"image":{"@id":"https:\/\/moldearte.com\/en\/tratamiento\/membresia-silueta-moldearte\/#primaryimage"},"thumbnailUrl":"https:\/\/moldearte.com\/wp-content\/uploads\/2025\/07\/silueta-moldearte.png","datePublished":"2025-07-03T21:44:06+00:00","dateModified":"2025-07-03T23:09:27+00:00","breadcrumb":{"@id":"https:\/\/moldearte.com\/en\/tratamiento\/membresia-silueta-moldearte\/#breadcrumb"},"inLanguage":"en-US","potentialAction":[{"@type":"ReadAction","target":["https:\/\/moldearte.com\/en\/tratamiento\/membresia-silueta-moldearte\/"]}]},{"@type":"ImageObject","inLanguage":"en-US","@id":"https:\/\/moldearte.com\/en\/tratamiento\/membresia-silueta-moldearte\/#primaryimage","url":"https:\/\/moldearte.com\/wp-content\/uploads\/2025\/07\/silueta-moldearte.png","contentUrl":"https:\/\/moldearte.com\/wp-content\/uploads\/2025\/07\/silueta-moldearte.png","width":600,"height":600},{"@type":"BreadcrumbList","@id":"https:\/\/moldearte.com\/en\/tratamiento\/membresia-silueta-moldearte\/#breadcrumb","itemListElement":[{"@type":"ListItem","position":1,"name":"Portada","item":"https:\/\/moldearte.com\/"},{"@type":"ListItem","position":2,"name":"Tienda","item":"https:\/\/moldearte.com\/en\/tienda\/"},{"@type":"ListItem","position":3,"name":"Silueta MoldeArte"}]},{"@type":"WebSite","@id":"https:\/\/moldearte.com\/#website","url":"https:\/\/moldearte.com\/","name":"MoldeArte | L\u00edderes en Medicina Est\u00e9tica en Tijuana y Rosarito","description":"Rejuvenecimiento Facial y corporal sin cirug\u00eda","publisher":{"@id":"https:\/\/moldearte.com\/#organization"},"potentialAction":[{"@type":"SearchAction","target":{"@type":"EntryPoint","urlTemplate":"https:\/\/moldearte.com\/?s={search_term_string}"},"query-input":{"@type":"PropertyValueSpecification","valueRequired":true,"valueName":"search_term_string"}}],"inLanguage":"en-US"},{"@type":"Organization","@id":"https:\/\/moldearte.com\/#organization","name":"MoldeArte | L\u00edderes en Medicina Est\u00e9tica en Tijuana y Rosarito","url":"https:\/\/moldearte.com\/","logo":{"@type":"ImageObject","inLanguage":"en-US","@id":"https:\/\/moldearte.com\/#\/schema\/logo\/image\/","url":"https:\/\/moldearte.com\/wp-content\/uploads\/2023\/01\/cropped-cropped-rejuvenecimiento-facial-sin-cirugia-tijuana.png","contentUrl":"https:\/\/moldearte.com\/wp-content\/uploads\/2023\/01\/cropped-cropped-rejuvenecimiento-facial-sin-cirugia-tijuana.png","width":3255,"height":1059,"caption":"MoldeArte | L\u00edderes en Medicina Est\u00e9tica en Tijuana y Rosarito"},"image":{"@id":"https:\/\/moldearte.com\/#\/schema\/logo\/image\/"}}]},"product_price_amount":"4750.00","product_price_currency":"MXN","og_availability":"instock","product_availability":"instock","product_condition":"new"},"_links":{"self":[{"href":"https:\/\/moldearte.com\/en\/wp-json\/wp\/v2\/product\/13659","targetHints":{"allow":["GET"]}}],"collection":[{"href":"https:\/\/moldearte.com\/en\/wp-json\/wp\/v2\/product"}],"about":[{"href":"https:\/\/moldearte.com\/en\/wp-json\/wp\/v2\/types\/product"}],"wp:featuredmedia":[{"embeddable":true,"href":"https:\/\/moldearte.com\/en\/wp-json\/wp\/v2\/media\/13664"}],"wp:attachment":[{"href":"https:\/\/moldearte.com\/en\/wp-json\/wp\/v2\/media?parent=13659"}],"wp:term":[{"taxonomy":"product_brand","embeddable":true,"href":"https:\/\/moldearte.com\/en\/wp-json\/wp\/v2\/product_brand?post=13659"},{"taxonomy":"product_cat","embeddable":true,"href":"https:\/\/moldearte.com\/en\/wp-json\/wp\/v2\/product_cat?post=13659"},{"taxonomy":"product_tag","embeddable":true,"href":"https:\/\/moldearte.com\/en\/wp-json\/wp\/v2\/product_tag?post=13659"},{"taxonomy":"giftcard-category","embeddable":true,"href":"https:\/\/moldearte.com\/en\/wp-json\/wp\/v2\/giftcard-category?post=13659"}],"curies":[{"name":"wp","href":"https:\/\/api.w.org\/{rel}","templated":true}]}}