{"id":13602,"date":"2025-07-01T06:58:58","date_gmt":"2025-07-01T13:58:58","guid":{"rendered":"https:\/\/moldearte.com\/?post_type=product&#038;p=13602"},"modified":"2026-04-06T11:46:35","modified_gmt":"2026-04-06T18:46:35","slug":"sueroterapia-nad","status":"publish","type":"product","link":"https:\/\/moldearte.com\/en\/tratamiento\/sueroterapia-nad\/","title":{"rendered":"SUEROTERAPIA CON NAD+\u00ae"},"content":{"rendered":"<h4>\u00bfQui\u00e9n es candidato a este tratamiento?<\/h4>\n<p>Personas con fatiga mental o f\u00edsica, falta de concentraci\u00f3n, altos niveles de estr\u00e9s, jet lag, o en procesos de envejecimiento celular. Tambi\u00e9n es ideal como parte de protocolos antienvejecimiento o desintoxicaci\u00f3n.<\/p>\n<h4>Edad o tipo de piel ideal para realizarse el servicio<\/h4>\n<p>A partir de los 30 a\u00f1os. Apto para todo tipo de piel, enfocado en personas con desgaste f\u00edsico o mental, o que desean potenciar su claridad mental y longevidad celular.<\/p>\n<h4>Los principales 5 beneficios del tratamiento<\/h4>\n<p>\ud83e\udde0 Mejora la memoria y la concentraci\u00f3n<br \/>\n\u26a1 Aumenta la energ\u00eda celular<br \/>\n\ud83c\udf3f Favorece la desintoxicaci\u00f3n del organismo<br \/>\n\ud83e\uddec Promueve la regeneraci\u00f3n y reparaci\u00f3n celular<br \/>\n\ud83d\udcaa Apoya procesos de envejecimiento saludable<\/p>\n<p>NeuroVital NAD+\u00ae es tu aliado para una mente m\u00e1s activa y un cuerpo revitalizado desde adentro. \ud83d\udcab\ud83d\udc9a<\/p>","protected":false},"excerpt":{"rendered":"<p><strong>\u00a1Energ\u00eda mental, claridad y vitalidad en una sola sesi\u00f3n! \u26a1\ud83e\udde0 La IV Therapy NeuroVital NAD+\u00ae es el impulso que tu cerebro y cuerpo necesitan para rendir al m\u00e1ximo.<\/strong><\/p>\n<p>Esta terapia intravenosa aporta NAD+ (Nicotinamida Adenina Dinucle\u00f3tido), una coenzima esencial que participa en procesos celulares clave como la producci\u00f3n de energ\u00eda, la regeneraci\u00f3n neuronal y la reparaci\u00f3n celular. Ideal para quienes buscan mejorar su rendimiento cognitivo, combatir el cansancio y optimizar su bienestar integral. \ud83d\udc89\u2728<\/p>\n<h3>\u00bfQu\u00e9 incluye el tratamiento? \ud83c\udf38\u2728<\/h3>\n<p>Una sesi\u00f3n de IV Therapy NeuroVital NAD+\u00ae + <strong>\ud83c\udf81 GRATIS FACIAL DE LIMPIEZA PROFUNDA<\/strong><br \/>\n<strong><span style=\"color: #0072bb;\">(El regalo se incluir\u00e1 al momento de a\u00f1adir este tratamiento al carrito)<\/span><\/strong><br \/>\n<span style=\"color: #c02c30;\"><strong>\ud83d\udcb8 Precio pagando en efectivo en sucursal: $4,800 MXN. (v\u00e1lido del 5 al 18 de abril del 2026)<\/strong><\/span><br \/>\n<span class=\"fontstyle0\"><span style=\"color: #ff914d;\"><strong>*Cuenta con 60 d\u00edas para realizarse el tratamiento a partir de su compra<\/strong><\/span><\/span><\/p>","protected":false},"featured_media":19790,"template":"","meta":[],"product_brand":[],"product_cat":[287],"product_tag":[],"giftcard-category":[],"class_list":{"0":"post-13602","1":"product","2":"type-product","3":"status-publish","4":"has-post-thumbnail","6":"product_cat-ivtherapy","8":"first","9":"instock","10":"sale","11":"virtual","12":"purchasable","13":"product-type-simple"},"yoast_head":"<!-- This site is optimized with the Yoast SEO Premium plugin v27.2 (Yoast SEO v27.3) - https:\/\/yoast.com\/product\/yoast-seo-premium-wordpress\/ -->\n<title>SUEROTERAPIA CON NAD+\u00ae - MoldeArte | L\u00edderes en Medicina Est\u00e9tica en Tijuana y Rosarito<\/title>\n<meta name=\"robots\" content=\"index, follow, max-snippet:-1, max-image-preview:large, max-video-preview:-1\" \/>\n<link rel=\"canonical\" href=\"https:\/\/moldearte.com\/en\/tratamiento\/sueroterapia-nad\/\" \/>\n<meta property=\"og:locale\" content=\"en_US\" \/>\n<meta property=\"og:type\" content=\"article\" \/>\n<meta property=\"og:title\" content=\"SUEROTERAPIA CON NAD+\u00ae\" \/>\n<meta property=\"og:description\" content=\"\u00a1Energ\u00eda mental, claridad y vitalidad en una sola sesi\u00f3n! \u26a1\ud83e\udde0 La IV Therapy NeuroVital NAD+\u00ae es el impulso que tu cerebro y cuerpo necesitan para rendir al m\u00e1ximo.  Esta terapia intravenosa aporta NAD+ (Nicotinamida Adenina Dinucle\u00f3tido), una coenzima esencial que participa en procesos celulares clave como la producci\u00f3n de energ\u00eda, la regeneraci\u00f3n neuronal y la reparaci\u00f3n celular. Ideal para quienes buscan mejorar su rendimiento cognitivo, combatir el cansancio y optimizar su bienestar integral. \ud83d\udc89\u2728 \u00bfQu\u00e9 incluye el tratamiento? \ud83c\udf38\u2728 Una sesi\u00f3n de IV Therapy NeuroVital NAD+\u00ae + \ud83c\udf81 GRATIS FACIAL DE LIMPIEZA PROFUNDA (El regalo se incluir\u00e1 al momento de a\u00f1adir este tratamiento al carrito) \ud83d\udcb8 Precio pagando en efectivo en sucursal: $4,800 MXN. (v\u00e1lido del 5 al 18 de abril del 2026) *Cuenta con 60 d\u00edas para realizarse el tratamiento a partir de su compra\" \/>\n<meta property=\"og:url\" content=\"https:\/\/moldearte.com\/en\/tratamiento\/sueroterapia-nad\/\" \/>\n<meta property=\"og:site_name\" content=\"MoldeArte | L\u00edderes en Medicina Est\u00e9tica en Tijuana y Rosarito\" \/>\n<meta property=\"article:modified_time\" content=\"2026-04-06T18:46:35+00:00\" \/>\n<meta property=\"og:image\" content=\"https:\/\/moldearte.com\/wp-content\/uploads\/2025\/07\/NeuroVital-NAD\u00ae.png\" \/>\n\t<meta property=\"og:image:width\" content=\"1080\" \/>\n\t<meta property=\"og:image:height\" content=\"1080\" \/>\n\t<meta property=\"og:image:type\" content=\"image\/png\" \/>\n<meta name=\"twitter:card\" content=\"summary_large_image\" \/>\n<meta name=\"twitter:label1\" content=\"Price\" \/>\n\t<meta name=\"twitter:data1\" content=\"&#036;5,200.00\" \/>\n\t<meta name=\"twitter:label2\" content=\"Availability\" \/>\n\t<meta name=\"twitter:data2\" content=\"In stock\" \/>\n<script type=\"application\/ld+json\" class=\"yoast-schema-graph\">{\"@context\":\"https:\\\/\\\/schema.org\",\"@graph\":[{\"@type\":\"WebPage\",\"@id\":\"https:\\\/\\\/moldearte.com\\\/tratamiento\\\/sueroterapia-nad\\\/\",\"url\":\"https:\\\/\\\/moldearte.com\\\/tratamiento\\\/sueroterapia-nad\\\/\",\"name\":\"SUEROTERAPIA CON NAD+\u00ae - MoldeArte | L\u00edderes en Medicina Est\u00e9tica en Tijuana y Rosarito\",\"isPartOf\":{\"@id\":\"https:\\\/\\\/moldearte.com\\\/#website\"},\"primaryImageOfPage\":{\"@id\":\"https:\\\/\\\/moldearte.com\\\/tratamiento\\\/sueroterapia-nad\\\/#primaryimage\"},\"image\":{\"@id\":\"https:\\\/\\\/moldearte.com\\\/tratamiento\\\/sueroterapia-nad\\\/#primaryimage\"},\"thumbnailUrl\":\"https:\\\/\\\/moldearte.com\\\/wp-content\\\/uploads\\\/2025\\\/07\\\/NeuroVital-NAD\u00ae.png\",\"datePublished\":\"2025-07-01T13:58:58+00:00\",\"dateModified\":\"2026-04-06T18:46:35+00:00\",\"breadcrumb\":{\"@id\":\"https:\\\/\\\/moldearte.com\\\/tratamiento\\\/sueroterapia-nad\\\/#breadcrumb\"},\"inLanguage\":\"en-US\",\"potentialAction\":[{\"@type\":\"ReadAction\",\"target\":[\"https:\\\/\\\/moldearte.com\\\/tratamiento\\\/sueroterapia-nad\\\/\"]}]},{\"@type\":\"ImageObject\",\"inLanguage\":\"en-US\",\"@id\":\"https:\\\/\\\/moldearte.com\\\/tratamiento\\\/sueroterapia-nad\\\/#primaryimage\",\"url\":\"https:\\\/\\\/moldearte.com\\\/wp-content\\\/uploads\\\/2025\\\/07\\\/NeuroVital-NAD\u00ae.png\",\"contentUrl\":\"https:\\\/\\\/moldearte.com\\\/wp-content\\\/uploads\\\/2025\\\/07\\\/NeuroVital-NAD\u00ae.png\",\"width\":1080,\"height\":1080},{\"@type\":\"BreadcrumbList\",\"@id\":\"https:\\\/\\\/moldearte.com\\\/tratamiento\\\/sueroterapia-nad\\\/#breadcrumb\",\"itemListElement\":[{\"@type\":\"ListItem\",\"position\":1,\"name\":\"Portada\",\"item\":\"https:\\\/\\\/moldearte.com\\\/\"},{\"@type\":\"ListItem\",\"position\":2,\"name\":\"Tienda\",\"item\":\"https:\\\/\\\/moldearte.com\\\/en\\\/tienda\\\/\"},{\"@type\":\"ListItem\",\"position\":3,\"name\":\"SUEROTERAPIA CON NAD+\u00ae\"}]},{\"@type\":\"WebSite\",\"@id\":\"https:\\\/\\\/moldearte.com\\\/#website\",\"url\":\"https:\\\/\\\/moldearte.com\\\/\",\"name\":\"MoldeArte | L\u00edderes en Medicina Est\u00e9tica en Tijuana y Rosarito\",\"description\":\"Rejuvenecimiento Facial y corporal sin cirug\u00eda\",\"publisher\":{\"@id\":\"https:\\\/\\\/moldearte.com\\\/#organization\"},\"potentialAction\":[{\"@type\":\"SearchAction\",\"target\":{\"@type\":\"EntryPoint\",\"urlTemplate\":\"https:\\\/\\\/moldearte.com\\\/?s={search_term_string}\"},\"query-input\":{\"@type\":\"PropertyValueSpecification\",\"valueRequired\":true,\"valueName\":\"search_term_string\"}}],\"inLanguage\":\"en-US\"},{\"@type\":\"Organization\",\"@id\":\"https:\\\/\\\/moldearte.com\\\/#organization\",\"name\":\"MoldeArte | L\u00edderes en Medicina Est\u00e9tica en Tijuana y Rosarito\",\"url\":\"https:\\\/\\\/moldearte.com\\\/\",\"logo\":{\"@type\":\"ImageObject\",\"inLanguage\":\"en-US\",\"@id\":\"https:\\\/\\\/moldearte.com\\\/#\\\/schema\\\/logo\\\/image\\\/\",\"url\":\"https:\\\/\\\/moldearte.com\\\/wp-content\\\/uploads\\\/2023\\\/01\\\/cropped-cropped-rejuvenecimiento-facial-sin-cirugia-tijuana.png\",\"contentUrl\":\"https:\\\/\\\/moldearte.com\\\/wp-content\\\/uploads\\\/2023\\\/01\\\/cropped-cropped-rejuvenecimiento-facial-sin-cirugia-tijuana.png\",\"width\":3255,\"height\":1059,\"caption\":\"MoldeArte | L\u00edderes en Medicina Est\u00e9tica en Tijuana y Rosarito\"},\"image\":{\"@id\":\"https:\\\/\\\/moldearte.com\\\/#\\\/schema\\\/logo\\\/image\\\/\"}}]}<\/script>\n<meta property=\"product:price:amount\" content=\"5200.00\" \/>\n<meta property=\"product:price:currency\" content=\"MXN\" \/>\n<meta property=\"og:availability\" content=\"instock\" \/>\n<meta property=\"product:availability\" content=\"instock\" \/>\n<meta property=\"product:condition\" content=\"new\" \/>\n<!-- \/ Yoast SEO Premium plugin. -->","yoast_head_json":{"title":"SUEROTERAPIA CON NAD+\u00ae - MoldeArte | L\u00edderes en Medicina Est\u00e9tica en Tijuana y Rosarito","robots":{"index":"index","follow":"follow","max-snippet":"max-snippet:-1","max-image-preview":"max-image-preview:large","max-video-preview":"max-video-preview:-1"},"canonical":"https:\/\/moldearte.com\/en\/tratamiento\/sueroterapia-nad\/","og_locale":"en_US","og_type":"article","og_title":"SUEROTERAPIA CON NAD+\u00ae","og_description":"\u00a1Energ\u00eda mental, claridad y vitalidad en una sola sesi\u00f3n! \u26a1\ud83e\udde0 La IV Therapy NeuroVital NAD+\u00ae es el impulso que tu cerebro y cuerpo necesitan para rendir al m\u00e1ximo.  Esta terapia intravenosa aporta NAD+ (Nicotinamida Adenina Dinucle\u00f3tido), una coenzima esencial que participa en procesos celulares clave como la producci\u00f3n de energ\u00eda, la regeneraci\u00f3n neuronal y la reparaci\u00f3n celular. Ideal para quienes buscan mejorar su rendimiento cognitivo, combatir el cansancio y optimizar su bienestar integral. \ud83d\udc89\u2728 \u00bfQu\u00e9 incluye el tratamiento? \ud83c\udf38\u2728 Una sesi\u00f3n de IV Therapy NeuroVital NAD+\u00ae + \ud83c\udf81 GRATIS FACIAL DE LIMPIEZA PROFUNDA (El regalo se incluir\u00e1 al momento de a\u00f1adir este tratamiento al carrito) \ud83d\udcb8 Precio pagando en efectivo en sucursal: $4,800 MXN. (v\u00e1lido del 5 al 18 de abril del 2026) *Cuenta con 60 d\u00edas para realizarse el tratamiento a partir de su compra","og_url":"https:\/\/moldearte.com\/en\/tratamiento\/sueroterapia-nad\/","og_site_name":"MoldeArte | L\u00edderes en Medicina Est\u00e9tica en Tijuana y Rosarito","article_modified_time":"2026-04-06T18:46:35+00:00","og_image":[{"width":1080,"height":1080,"url":"https:\/\/moldearte.com\/wp-content\/uploads\/2025\/07\/NeuroVital-NAD\u00ae.png","type":"image\/png"}],"twitter_card":"summary_large_image","twitter_misc":{"Price":"&#36;5,200.00","Availability":"In stock"},"schema":{"@context":"https:\/\/schema.org","@graph":[{"@type":"WebPage","@id":"https:\/\/moldearte.com\/tratamiento\/sueroterapia-nad\/","url":"https:\/\/moldearte.com\/tratamiento\/sueroterapia-nad\/","name":"SUEROTERAPIA CON NAD+\u00ae - MoldeArte | L\u00edderes en Medicina Est\u00e9tica en Tijuana y Rosarito","isPartOf":{"@id":"https:\/\/moldearte.com\/#website"},"primaryImageOfPage":{"@id":"https:\/\/moldearte.com\/tratamiento\/sueroterapia-nad\/#primaryimage"},"image":{"@id":"https:\/\/moldearte.com\/tratamiento\/sueroterapia-nad\/#primaryimage"},"thumbnailUrl":"https:\/\/moldearte.com\/wp-content\/uploads\/2025\/07\/NeuroVital-NAD\u00ae.png","datePublished":"2025-07-01T13:58:58+00:00","dateModified":"2026-04-06T18:46:35+00:00","breadcrumb":{"@id":"https:\/\/moldearte.com\/tratamiento\/sueroterapia-nad\/#breadcrumb"},"inLanguage":"en-US","potentialAction":[{"@type":"ReadAction","target":["https:\/\/moldearte.com\/tratamiento\/sueroterapia-nad\/"]}]},{"@type":"ImageObject","inLanguage":"en-US","@id":"https:\/\/moldearte.com\/tratamiento\/sueroterapia-nad\/#primaryimage","url":"https:\/\/moldearte.com\/wp-content\/uploads\/2025\/07\/NeuroVital-NAD\u00ae.png","contentUrl":"https:\/\/moldearte.com\/wp-content\/uploads\/2025\/07\/NeuroVital-NAD\u00ae.png","width":1080,"height":1080},{"@type":"BreadcrumbList","@id":"https:\/\/moldearte.com\/tratamiento\/sueroterapia-nad\/#breadcrumb","itemListElement":[{"@type":"ListItem","position":1,"name":"Portada","item":"https:\/\/moldearte.com\/"},{"@type":"ListItem","position":2,"name":"Tienda","item":"https:\/\/moldearte.com\/en\/tienda\/"},{"@type":"ListItem","position":3,"name":"SUEROTERAPIA CON NAD+\u00ae"}]},{"@type":"WebSite","@id":"https:\/\/moldearte.com\/#website","url":"https:\/\/moldearte.com\/","name":"MoldeArte | L\u00edderes en Medicina Est\u00e9tica en Tijuana y Rosarito","description":"Rejuvenecimiento Facial y corporal sin cirug\u00eda","publisher":{"@id":"https:\/\/moldearte.com\/#organization"},"potentialAction":[{"@type":"SearchAction","target":{"@type":"EntryPoint","urlTemplate":"https:\/\/moldearte.com\/?s={search_term_string}"},"query-input":{"@type":"PropertyValueSpecification","valueRequired":true,"valueName":"search_term_string"}}],"inLanguage":"en-US"},{"@type":"Organization","@id":"https:\/\/moldearte.com\/#organization","name":"MoldeArte | L\u00edderes en Medicina Est\u00e9tica en Tijuana y Rosarito","url":"https:\/\/moldearte.com\/","logo":{"@type":"ImageObject","inLanguage":"en-US","@id":"https:\/\/moldearte.com\/#\/schema\/logo\/image\/","url":"https:\/\/moldearte.com\/wp-content\/uploads\/2023\/01\/cropped-cropped-rejuvenecimiento-facial-sin-cirugia-tijuana.png","contentUrl":"https:\/\/moldearte.com\/wp-content\/uploads\/2023\/01\/cropped-cropped-rejuvenecimiento-facial-sin-cirugia-tijuana.png","width":3255,"height":1059,"caption":"MoldeArte | L\u00edderes en Medicina Est\u00e9tica en Tijuana y Rosarito"},"image":{"@id":"https:\/\/moldearte.com\/#\/schema\/logo\/image\/"}}]},"product_price_amount":"5200.00","product_price_currency":"MXN","og_availability":"instock","product_availability":"instock","product_condition":"new"},"_links":{"self":[{"href":"https:\/\/moldearte.com\/en\/wp-json\/wp\/v2\/product\/13602","targetHints":{"allow":["GET"]}}],"collection":[{"href":"https:\/\/moldearte.com\/en\/wp-json\/wp\/v2\/product"}],"about":[{"href":"https:\/\/moldearte.com\/en\/wp-json\/wp\/v2\/types\/product"}],"wp:featuredmedia":[{"embeddable":true,"href":"https:\/\/moldearte.com\/en\/wp-json\/wp\/v2\/media\/19790"}],"wp:attachment":[{"href":"https:\/\/moldearte.com\/en\/wp-json\/wp\/v2\/media?parent=13602"}],"wp:term":[{"taxonomy":"product_brand","embeddable":true,"href":"https:\/\/moldearte.com\/en\/wp-json\/wp\/v2\/product_brand?post=13602"},{"taxonomy":"product_cat","embeddable":true,"href":"https:\/\/moldearte.com\/en\/wp-json\/wp\/v2\/product_cat?post=13602"},{"taxonomy":"product_tag","embeddable":true,"href":"https:\/\/moldearte.com\/en\/wp-json\/wp\/v2\/product_tag?post=13602"},{"taxonomy":"giftcard-category","embeddable":true,"href":"https:\/\/moldearte.com\/en\/wp-json\/wp\/v2\/giftcard-category?post=13602"}],"curies":[{"name":"wp","href":"https:\/\/api.w.org\/{rel}","templated":true}]}}