{"id":13600,"date":"2025-07-01T06:53:54","date_gmt":"2025-07-01T13:53:54","guid":{"rendered":"https:\/\/moldearte.com\/?post_type=product&#038;p=13600"},"modified":"2026-04-06T11:48:03","modified_gmt":"2026-04-06T18:48:03","slug":"sueroterapia-fortalecer-inmunologico-o-controles-metabolicos","status":"publish","type":"product","link":"https:\/\/moldearte.com\/en\/tratamiento\/sueroterapia-fortalecer-inmunologico-o-controles-metabolicos\/","title":{"rendered":"SUEROTERAPIA PARA FORTALECER EL SISTEMA INMUNOL\u00d3GICO"},"content":{"rendered":"<h4>\u00bfQui\u00e9n es candidato a este tratamiento?<\/h4>\n<p>Personas con defensas bajas, convalecientes, bajo estr\u00e9s cr\u00f3nico o en b\u00fasqueda de mejorar su respuesta inmune y metab\u00f3lica.<\/p>\n<h4>Edad o tipo de piel ideal para realizarse el servicio<\/h4>\n<p>A partir de los 25 a\u00f1os. Apto para todo tipo de piel y personas con estilo de vida activo o condiciones de salud que requieran fortalecimiento inmunol\u00f3gico.<\/p>\n<h4>Los principales 5 beneficios del tratamiento<\/h4>\n<p>\ud83d\udee1\ufe0f Refuerza el sistema inmunol\u00f3gico<br \/>\n\u2696\ufe0f Mejora el control metab\u00f3lico<br \/>\n\ud83d\udca5 Incrementa la energ\u00eda y vitalidad<br \/>\n\ud83c\udf3f Acelera procesos de recuperaci\u00f3n<br \/>\n\ud83e\uddd8 Reduce el impacto del estr\u00e9s en el cuerpo<\/p>\n<p>InmunoCell\u00ae es una dosis de bienestar que tu cuerpo te agradecer\u00e1. \ud83d\udc9a<\/p>","protected":false},"excerpt":{"rendered":"<p><strong>\u00a1Refuerza tus defensas desde adentro! \ud83d\udcaa\u2728 InmunoCell\u00ae es la terapia perfecta para fortalecer tu sistema inmunol\u00f3gico y mantener el equilibrio metab\u00f3lico.<\/strong><\/p>\n<p>La IV Therapy InmunoCell\u00ae con Carzilasa est\u00e1 dise\u00f1ada para brindar un impulso integral al sistema inmune y apoyar el control metab\u00f3lico. Es ideal para prevenir enfermedades, mejorar la recuperaci\u00f3n y revitalizar el organismo de forma profunda. Esta infusi\u00f3n promueve una respuesta celular eficiente, aportando bienestar desde la primera sesi\u00f3n. \ud83e\uddec\ud83d\udc89<\/p>\n<h3>\u00bfQu\u00e9 incluye el tratamiento? \ud83c\udf38\u2728<\/h3>\n<p>Una sesi\u00f3n de IV Therapy InmunoCell\u00ae + <strong>\ud83c\udf81 GRATIS FACIAL DE LIMPIEZA PROFUNDA<\/strong><br \/>\n<strong><span style=\"color: #0072bb;\">(El regalo se incluir\u00e1 al momento de a\u00f1adir este tratamiento al carrito)<\/span><\/strong><br \/>\n<span class=\"fontstyle0\"><span style=\"color: #ff914d;\"><strong>*Cuenta con 60 d\u00edas para realizarse el tratamiento a partir de su compra<\/strong><\/span><\/span><\/p>","protected":false},"featured_media":19785,"template":"","meta":[],"product_brand":[],"product_cat":[287],"product_tag":[],"giftcard-category":[],"class_list":{"0":"post-13600","1":"product","2":"type-product","3":"status-publish","4":"has-post-thumbnail","6":"product_cat-ivtherapy","8":"first","9":"instock","10":"sale","11":"shipping-taxable","12":"purchasable","13":"product-type-variable","14":"has-default-attributes"},"yoast_head":"<!-- This site is optimized with the Yoast SEO Premium plugin v27.2 (Yoast SEO v27.3) - https:\/\/yoast.com\/product\/yoast-seo-premium-wordpress\/ -->\n<title>SUEROTERAPIA PARA FORTALECER EL SISTEMA INMUNOL\u00d3GICO - MoldeArte | L\u00edderes en Medicina Est\u00e9tica en Tijuana y Rosarito<\/title>\n<meta name=\"robots\" content=\"index, follow, max-snippet:-1, max-image-preview:large, max-video-preview:-1\" \/>\n<link rel=\"canonical\" href=\"https:\/\/moldearte.com\/en\/tratamiento\/sueroterapia-fortalecer-inmunologico-o-controles-metabolicos\/\" \/>\n<meta property=\"og:locale\" content=\"en_US\" \/>\n<meta property=\"og:type\" content=\"article\" \/>\n<meta property=\"og:title\" content=\"SUEROTERAPIA PARA FORTALECER EL SISTEMA INMUNOL\u00d3GICO\" \/>\n<meta property=\"og:description\" content=\"\u00a1Refuerza tus defensas desde adentro! \ud83d\udcaa\u2728 InmunoCell\u00ae es la terapia perfecta para fortalecer tu sistema inmunol\u00f3gico y mantener el equilibrio metab\u00f3lico.  La IV Therapy InmunoCell\u00ae con Carzilasa est\u00e1 dise\u00f1ada para brindar un impulso integral al sistema inmune y apoyar el control metab\u00f3lico. Es ideal para prevenir enfermedades, mejorar la recuperaci\u00f3n y revitalizar el organismo de forma profunda. Esta infusi\u00f3n promueve una respuesta celular eficiente, aportando bienestar desde la primera sesi\u00f3n. \ud83e\uddec\ud83d\udc89 \u00bfQu\u00e9 incluye el tratamiento? \ud83c\udf38\u2728 Una sesi\u00f3n de IV Therapy InmunoCell\u00ae + \ud83c\udf81 GRATIS FACIAL DE LIMPIEZA PROFUNDA (El regalo se incluir\u00e1 al momento de a\u00f1adir este tratamiento al carrito) *Cuenta con 60 d\u00edas para realizarse el tratamiento a partir de su compra\" \/>\n<meta property=\"og:url\" content=\"https:\/\/moldearte.com\/en\/tratamiento\/sueroterapia-fortalecer-inmunologico-o-controles-metabolicos\/\" \/>\n<meta property=\"og:site_name\" content=\"MoldeArte | L\u00edderes en Medicina Est\u00e9tica en Tijuana y Rosarito\" \/>\n<meta property=\"article:modified_time\" content=\"2026-04-06T18:48:03+00:00\" \/>\n<meta property=\"og:image\" content=\"https:\/\/moldearte.com\/wp-content\/uploads\/2025\/07\/InmunoCell\u00ae.png\" \/>\n\t<meta property=\"og:image:width\" content=\"1080\" \/>\n\t<meta property=\"og:image:height\" content=\"1080\" \/>\n\t<meta property=\"og:image:type\" content=\"image\/png\" \/>\n<meta name=\"twitter:card\" content=\"summary_large_image\" \/>\n<meta name=\"twitter:label1\" content=\"Availability\" \/>\n\t<meta name=\"twitter:data1\" content=\"In stock\" \/>\n<script type=\"application\/ld+json\" class=\"yoast-schema-graph\">{\"@context\":\"https:\\\/\\\/schema.org\",\"@graph\":[{\"@type\":\"WebPage\",\"@id\":\"https:\\\/\\\/moldearte.com\\\/tratamiento\\\/sueroterapia-fortalecer-inmunologico-o-controles-metabolicos\\\/\",\"url\":\"https:\\\/\\\/moldearte.com\\\/tratamiento\\\/sueroterapia-fortalecer-inmunologico-o-controles-metabolicos\\\/\",\"name\":\"SUEROTERAPIA PARA FORTALECER EL SISTEMA INMUNOL\u00d3GICO - MoldeArte | L\u00edderes en Medicina Est\u00e9tica en Tijuana y Rosarito\",\"isPartOf\":{\"@id\":\"https:\\\/\\\/moldearte.com\\\/#website\"},\"primaryImageOfPage\":{\"@id\":\"https:\\\/\\\/moldearte.com\\\/tratamiento\\\/sueroterapia-fortalecer-inmunologico-o-controles-metabolicos\\\/#primaryimage\"},\"image\":{\"@id\":\"https:\\\/\\\/moldearte.com\\\/tratamiento\\\/sueroterapia-fortalecer-inmunologico-o-controles-metabolicos\\\/#primaryimage\"},\"thumbnailUrl\":\"https:\\\/\\\/moldearte.com\\\/wp-content\\\/uploads\\\/2025\\\/07\\\/InmunoCell\u00ae.png\",\"datePublished\":\"2025-07-01T13:53:54+00:00\",\"dateModified\":\"2026-04-06T18:48:03+00:00\",\"breadcrumb\":{\"@id\":\"https:\\\/\\\/moldearte.com\\\/tratamiento\\\/sueroterapia-fortalecer-inmunologico-o-controles-metabolicos\\\/#breadcrumb\"},\"inLanguage\":\"en-US\",\"potentialAction\":[{\"@type\":\"ReadAction\",\"target\":[\"https:\\\/\\\/moldearte.com\\\/tratamiento\\\/sueroterapia-fortalecer-inmunologico-o-controles-metabolicos\\\/\"]}]},{\"@type\":\"ImageObject\",\"inLanguage\":\"en-US\",\"@id\":\"https:\\\/\\\/moldearte.com\\\/tratamiento\\\/sueroterapia-fortalecer-inmunologico-o-controles-metabolicos\\\/#primaryimage\",\"url\":\"https:\\\/\\\/moldearte.com\\\/wp-content\\\/uploads\\\/2025\\\/07\\\/InmunoCell\u00ae.png\",\"contentUrl\":\"https:\\\/\\\/moldearte.com\\\/wp-content\\\/uploads\\\/2025\\\/07\\\/InmunoCell\u00ae.png\",\"width\":1080,\"height\":1080},{\"@type\":\"BreadcrumbList\",\"@id\":\"https:\\\/\\\/moldearte.com\\\/tratamiento\\\/sueroterapia-fortalecer-inmunologico-o-controles-metabolicos\\\/#breadcrumb\",\"itemListElement\":[{\"@type\":\"ListItem\",\"position\":1,\"name\":\"Portada\",\"item\":\"https:\\\/\\\/moldearte.com\\\/\"},{\"@type\":\"ListItem\",\"position\":2,\"name\":\"Tienda\",\"item\":\"https:\\\/\\\/moldearte.com\\\/en\\\/tienda\\\/\"},{\"@type\":\"ListItem\",\"position\":3,\"name\":\"SUEROTERAPIA PARA FORTALECER EL SISTEMA INMUNOL\u00d3GICO\"}]},{\"@type\":\"WebSite\",\"@id\":\"https:\\\/\\\/moldearte.com\\\/#website\",\"url\":\"https:\\\/\\\/moldearte.com\\\/\",\"name\":\"MoldeArte | L\u00edderes en Medicina Est\u00e9tica en Tijuana y Rosarito\",\"description\":\"Rejuvenecimiento Facial y corporal sin cirug\u00eda\",\"publisher\":{\"@id\":\"https:\\\/\\\/moldearte.com\\\/#organization\"},\"potentialAction\":[{\"@type\":\"SearchAction\",\"target\":{\"@type\":\"EntryPoint\",\"urlTemplate\":\"https:\\\/\\\/moldearte.com\\\/?s={search_term_string}\"},\"query-input\":{\"@type\":\"PropertyValueSpecification\",\"valueRequired\":true,\"valueName\":\"search_term_string\"}}],\"inLanguage\":\"en-US\"},{\"@type\":\"Organization\",\"@id\":\"https:\\\/\\\/moldearte.com\\\/#organization\",\"name\":\"MoldeArte | L\u00edderes en Medicina Est\u00e9tica en Tijuana y Rosarito\",\"url\":\"https:\\\/\\\/moldearte.com\\\/\",\"logo\":{\"@type\":\"ImageObject\",\"inLanguage\":\"en-US\",\"@id\":\"https:\\\/\\\/moldearte.com\\\/#\\\/schema\\\/logo\\\/image\\\/\",\"url\":\"https:\\\/\\\/moldearte.com\\\/wp-content\\\/uploads\\\/2023\\\/01\\\/cropped-cropped-rejuvenecimiento-facial-sin-cirugia-tijuana.png\",\"contentUrl\":\"https:\\\/\\\/moldearte.com\\\/wp-content\\\/uploads\\\/2023\\\/01\\\/cropped-cropped-rejuvenecimiento-facial-sin-cirugia-tijuana.png\",\"width\":3255,\"height\":1059,\"caption\":\"MoldeArte | L\u00edderes en Medicina Est\u00e9tica en Tijuana y Rosarito\"},\"image\":{\"@id\":\"https:\\\/\\\/moldearte.com\\\/#\\\/schema\\\/logo\\\/image\\\/\"}}]}<\/script>\n<meta property=\"og:availability\" content=\"instock\" \/>\n<meta property=\"product:availability\" content=\"instock\" \/>\n<meta property=\"product:condition\" content=\"new\" \/>\n<!-- \/ Yoast SEO Premium plugin. -->","yoast_head_json":{"title":"SUEROTERAPIA PARA FORTALECER EL SISTEMA INMUNOL\u00d3GICO - MoldeArte | L\u00edderes en Medicina Est\u00e9tica en Tijuana y Rosarito","robots":{"index":"index","follow":"follow","max-snippet":"max-snippet:-1","max-image-preview":"max-image-preview:large","max-video-preview":"max-video-preview:-1"},"canonical":"https:\/\/moldearte.com\/en\/tratamiento\/sueroterapia-fortalecer-inmunologico-o-controles-metabolicos\/","og_locale":"en_US","og_type":"article","og_title":"SUEROTERAPIA PARA FORTALECER EL SISTEMA INMUNOL\u00d3GICO","og_description":"\u00a1Refuerza tus defensas desde adentro! \ud83d\udcaa\u2728 InmunoCell\u00ae es la terapia perfecta para fortalecer tu sistema inmunol\u00f3gico y mantener el equilibrio metab\u00f3lico.  La IV Therapy InmunoCell\u00ae con Carzilasa est\u00e1 dise\u00f1ada para brindar un impulso integral al sistema inmune y apoyar el control metab\u00f3lico. Es ideal para prevenir enfermedades, mejorar la recuperaci\u00f3n y revitalizar el organismo de forma profunda. Esta infusi\u00f3n promueve una respuesta celular eficiente, aportando bienestar desde la primera sesi\u00f3n. \ud83e\uddec\ud83d\udc89 \u00bfQu\u00e9 incluye el tratamiento? \ud83c\udf38\u2728 Una sesi\u00f3n de IV Therapy InmunoCell\u00ae + \ud83c\udf81 GRATIS FACIAL DE LIMPIEZA PROFUNDA (El regalo se incluir\u00e1 al momento de a\u00f1adir este tratamiento al carrito) *Cuenta con 60 d\u00edas para realizarse el tratamiento a partir de su compra","og_url":"https:\/\/moldearte.com\/en\/tratamiento\/sueroterapia-fortalecer-inmunologico-o-controles-metabolicos\/","og_site_name":"MoldeArte | L\u00edderes en Medicina Est\u00e9tica en Tijuana y Rosarito","article_modified_time":"2026-04-06T18:48:03+00:00","og_image":[{"width":1080,"height":1080,"url":"https:\/\/moldearte.com\/wp-content\/uploads\/2025\/07\/InmunoCell\u00ae.png","type":"image\/png"}],"twitter_card":"summary_large_image","twitter_misc":{"Availability":"In stock"},"schema":{"@context":"https:\/\/schema.org","@graph":[{"@type":"WebPage","@id":"https:\/\/moldearte.com\/tratamiento\/sueroterapia-fortalecer-inmunologico-o-controles-metabolicos\/","url":"https:\/\/moldearte.com\/tratamiento\/sueroterapia-fortalecer-inmunologico-o-controles-metabolicos\/","name":"SUEROTERAPIA PARA FORTALECER EL SISTEMA INMUNOL\u00d3GICO - MoldeArte | L\u00edderes en Medicina Est\u00e9tica en Tijuana y Rosarito","isPartOf":{"@id":"https:\/\/moldearte.com\/#website"},"primaryImageOfPage":{"@id":"https:\/\/moldearte.com\/tratamiento\/sueroterapia-fortalecer-inmunologico-o-controles-metabolicos\/#primaryimage"},"image":{"@id":"https:\/\/moldearte.com\/tratamiento\/sueroterapia-fortalecer-inmunologico-o-controles-metabolicos\/#primaryimage"},"thumbnailUrl":"https:\/\/moldearte.com\/wp-content\/uploads\/2025\/07\/InmunoCell\u00ae.png","datePublished":"2025-07-01T13:53:54+00:00","dateModified":"2026-04-06T18:48:03+00:00","breadcrumb":{"@id":"https:\/\/moldearte.com\/tratamiento\/sueroterapia-fortalecer-inmunologico-o-controles-metabolicos\/#breadcrumb"},"inLanguage":"en-US","potentialAction":[{"@type":"ReadAction","target":["https:\/\/moldearte.com\/tratamiento\/sueroterapia-fortalecer-inmunologico-o-controles-metabolicos\/"]}]},{"@type":"ImageObject","inLanguage":"en-US","@id":"https:\/\/moldearte.com\/tratamiento\/sueroterapia-fortalecer-inmunologico-o-controles-metabolicos\/#primaryimage","url":"https:\/\/moldearte.com\/wp-content\/uploads\/2025\/07\/InmunoCell\u00ae.png","contentUrl":"https:\/\/moldearte.com\/wp-content\/uploads\/2025\/07\/InmunoCell\u00ae.png","width":1080,"height":1080},{"@type":"BreadcrumbList","@id":"https:\/\/moldearte.com\/tratamiento\/sueroterapia-fortalecer-inmunologico-o-controles-metabolicos\/#breadcrumb","itemListElement":[{"@type":"ListItem","position":1,"name":"Portada","item":"https:\/\/moldearte.com\/"},{"@type":"ListItem","position":2,"name":"Tienda","item":"https:\/\/moldearte.com\/en\/tienda\/"},{"@type":"ListItem","position":3,"name":"SUEROTERAPIA PARA FORTALECER EL SISTEMA INMUNOL\u00d3GICO"}]},{"@type":"WebSite","@id":"https:\/\/moldearte.com\/#website","url":"https:\/\/moldearte.com\/","name":"MoldeArte | L\u00edderes en Medicina Est\u00e9tica en Tijuana y Rosarito","description":"Rejuvenecimiento Facial y corporal sin cirug\u00eda","publisher":{"@id":"https:\/\/moldearte.com\/#organization"},"potentialAction":[{"@type":"SearchAction","target":{"@type":"EntryPoint","urlTemplate":"https:\/\/moldearte.com\/?s={search_term_string}"},"query-input":{"@type":"PropertyValueSpecification","valueRequired":true,"valueName":"search_term_string"}}],"inLanguage":"en-US"},{"@type":"Organization","@id":"https:\/\/moldearte.com\/#organization","name":"MoldeArte | L\u00edderes en Medicina Est\u00e9tica en Tijuana y Rosarito","url":"https:\/\/moldearte.com\/","logo":{"@type":"ImageObject","inLanguage":"en-US","@id":"https:\/\/moldearte.com\/#\/schema\/logo\/image\/","url":"https:\/\/moldearte.com\/wp-content\/uploads\/2023\/01\/cropped-cropped-rejuvenecimiento-facial-sin-cirugia-tijuana.png","contentUrl":"https:\/\/moldearte.com\/wp-content\/uploads\/2023\/01\/cropped-cropped-rejuvenecimiento-facial-sin-cirugia-tijuana.png","width":3255,"height":1059,"caption":"MoldeArte | L\u00edderes en Medicina Est\u00e9tica en Tijuana y Rosarito"},"image":{"@id":"https:\/\/moldearte.com\/#\/schema\/logo\/image\/"}}]},"og_availability":"instock","product_availability":"instock","product_condition":"new"},"_links":{"self":[{"href":"https:\/\/moldearte.com\/en\/wp-json\/wp\/v2\/product\/13600","targetHints":{"allow":["GET"]}}],"collection":[{"href":"https:\/\/moldearte.com\/en\/wp-json\/wp\/v2\/product"}],"about":[{"href":"https:\/\/moldearte.com\/en\/wp-json\/wp\/v2\/types\/product"}],"wp:featuredmedia":[{"embeddable":true,"href":"https:\/\/moldearte.com\/en\/wp-json\/wp\/v2\/media\/19785"}],"wp:attachment":[{"href":"https:\/\/moldearte.com\/en\/wp-json\/wp\/v2\/media?parent=13600"}],"wp:term":[{"taxonomy":"product_brand","embeddable":true,"href":"https:\/\/moldearte.com\/en\/wp-json\/wp\/v2\/product_brand?post=13600"},{"taxonomy":"product_cat","embeddable":true,"href":"https:\/\/moldearte.com\/en\/wp-json\/wp\/v2\/product_cat?post=13600"},{"taxonomy":"product_tag","embeddable":true,"href":"https:\/\/moldearte.com\/en\/wp-json\/wp\/v2\/product_tag?post=13600"},{"taxonomy":"giftcard-category","embeddable":true,"href":"https:\/\/moldearte.com\/en\/wp-json\/wp\/v2\/giftcard-category?post=13600"}],"curies":[{"name":"wp","href":"https:\/\/api.w.org\/{rel}","templated":true}]}}