{"id":13588,"date":"2025-07-01T06:27:58","date_gmt":"2025-07-01T13:27:58","guid":{"rendered":"https:\/\/moldearte.com\/?post_type=product&#038;p=13588"},"modified":"2026-04-06T11:49:56","modified_gmt":"2026-04-06T18:49:56","slug":"sueroterapia-antienvejecimiento","status":"publish","type":"product","link":"https:\/\/moldearte.com\/en\/tratamiento\/sueroterapia-antienvejecimiento\/","title":{"rendered":"SUEROTERAPIA ANTIENVEJECIMIENTO"},"content":{"rendered":"<h4>\u00bfQui\u00e9n es candidato a este tratamiento?<\/h4>\n<p data-start=\"476\" data-end=\"650\">Personas que buscan mejorar su salud desde adentro, combatir los signos del envejecimiento, fortalecer su sistema inmunol\u00f3gico y recuperar energ\u00eda de forma r\u00e1pida y efectiva.<\/p>\n<h4>Edad o tipo de piel ideal para realizarse el servicio<\/h4>\n<p>Ideal a partir de los 25 a\u00f1os en adelante. Beneficioso para cualquier tipo de piel, especialmente si hay signos de fatiga, envejecimiento prematuro o estr\u00e9s oxidativo.<\/p>\n<h4>Los principales 5 beneficios del tratamiento<\/h4>\n<p>\ud83c\udf3f Neutraliza radicales libres y retrasa el envejecimiento<br \/>\n\u26a1 Aumenta la energ\u00eda y concentraci\u00f3n<br \/>\n\ud83d\udca7 Mejora la hidrataci\u00f3n celular y la elasticidad de la piel<br \/>\n\ud83d\udee1\ufe0f Refuerza el sistema inmune<br \/>\n\u2728 Estimula la producci\u00f3n natural de col\u00e1geno y glutati\u00f3n<\/p>\n<p>\u00a1Dale a tu cuerpo el brillo y vitalidad que se merece con VitalGlow IV\u00ae! \ud83d\udc96<\/p>","protected":false},"excerpt":{"rendered":"<p><strong>\u00a1Tu piel no es la \u00fanica que necesita cuidados, tambi\u00e9n tu interior! \ud83d\udca7\u2728 Revitaliza tu cuerpo desde dentro con VitalGlow IV\u00ae Antienvejecimiento.<\/strong><\/p>\n<p>La <strong>IV Therapy VitalGlow IV\u00ae<\/strong> est\u00e1 formulada con una poderosa combinaci\u00f3n de <strong data-start=\"228\" data-end=\"295\">Vitamina C, Proca\u00edna, Magnesio, Selenio, Complejo B y Glutati\u00f3n<\/strong>, dise\u00f1ada para combatir el envejecimiento celular, mejorar tu energ\u00eda y darle a tu piel ese brillo saludable que tanto amas \u2728\ud83d\udc89<\/p>\n<h3>\u00bfQu\u00e9 incluye el tratamiento? \ud83c\udf38\u2728<\/h3>\n<p>Una sesi\u00f3n de IV Therapy VitalGlow IV\u00ae + <strong>\ud83c\udf81 GRATIS FACIAL DE LIMPIEZA PROFUNDA<\/strong><br \/>\n<strong><span style=\"color: #0072bb;\">(El regalo se incluir\u00e1 al momento de a\u00f1adir este tratamiento al carrito)<\/span><\/strong><br \/>\n<span class=\"fontstyle0\"><span style=\"color: #ff914d;\"><strong>*Cuenta con 60 d\u00edas para realizarse el tratamiento a partir de su compra<\/strong><\/span><\/span><\/p>","protected":false},"featured_media":19791,"template":"","meta":[],"product_brand":[],"product_cat":[287],"product_tag":[],"giftcard-category":[],"class_list":{"0":"post-13588","1":"product","2":"type-product","3":"status-publish","4":"has-post-thumbnail","6":"product_cat-ivtherapy","8":"first","9":"instock","10":"sale","11":"shipping-taxable","12":"purchasable","13":"product-type-variable"},"yoast_head":"<!-- This site is optimized with the Yoast SEO Premium plugin v27.2 (Yoast SEO v27.3) - https:\/\/yoast.com\/product\/yoast-seo-premium-wordpress\/ -->\n<title>SUEROTERAPIA ANTIENVEJECIMIENTO - MoldeArte | L\u00edderes en Medicina Est\u00e9tica en Tijuana y Rosarito<\/title>\n<meta name=\"robots\" content=\"index, follow, max-snippet:-1, max-image-preview:large, max-video-preview:-1\" \/>\n<link rel=\"canonical\" href=\"https:\/\/moldearte.com\/en\/tratamiento\/sueroterapia-antienvejecimiento\/\" \/>\n<meta property=\"og:locale\" content=\"en_US\" \/>\n<meta property=\"og:type\" content=\"article\" \/>\n<meta property=\"og:title\" content=\"SUEROTERAPIA ANTIENVEJECIMIENTO\" \/>\n<meta property=\"og:description\" content=\"\u00a1Tu piel no es la \u00fanica que necesita cuidados, tambi\u00e9n tu interior! \ud83d\udca7\u2728 Revitaliza tu cuerpo desde dentro con VitalGlow IV\u00ae Antienvejecimiento.  La IV Therapy VitalGlow IV\u00ae est\u00e1 formulada con una poderosa combinaci\u00f3n de Vitamina C, Proca\u00edna, Magnesio, Selenio, Complejo B y Glutati\u00f3n, dise\u00f1ada para combatir el envejecimiento celular, mejorar tu energ\u00eda y darle a tu piel ese brillo saludable que tanto amas \u2728\ud83d\udc89 \u00bfQu\u00e9 incluye el tratamiento? \ud83c\udf38\u2728 Una sesi\u00f3n de IV Therapy VitalGlow IV\u00ae + \ud83c\udf81 GRATIS FACIAL DE LIMPIEZA PROFUNDA (El regalo se incluir\u00e1 al momento de a\u00f1adir este tratamiento al carrito) *Cuenta con 60 d\u00edas para realizarse el tratamiento a partir de su compra\" \/>\n<meta property=\"og:url\" content=\"https:\/\/moldearte.com\/en\/tratamiento\/sueroterapia-antienvejecimiento\/\" \/>\n<meta property=\"og:site_name\" content=\"MoldeArte | L\u00edderes en Medicina Est\u00e9tica en Tijuana y Rosarito\" \/>\n<meta property=\"article:modified_time\" content=\"2026-04-06T18:49:56+00:00\" \/>\n<meta property=\"og:image\" content=\"https:\/\/moldearte.com\/wp-content\/uploads\/2025\/07\/VitalGlow-IV\u00ae.png\" \/>\n\t<meta property=\"og:image:width\" content=\"1080\" \/>\n\t<meta property=\"og:image:height\" content=\"1080\" \/>\n\t<meta property=\"og:image:type\" content=\"image\/png\" \/>\n<meta name=\"twitter:card\" content=\"summary_large_image\" \/>\n<meta name=\"twitter:label1\" content=\"Availability\" \/>\n\t<meta name=\"twitter:data1\" content=\"In stock\" \/>\n<script type=\"application\/ld+json\" class=\"yoast-schema-graph\">{\"@context\":\"https:\\\/\\\/schema.org\",\"@graph\":[{\"@type\":\"WebPage\",\"@id\":\"https:\\\/\\\/moldearte.com\\\/tratamiento\\\/sueroterapia-antienvejecimiento\\\/\",\"url\":\"https:\\\/\\\/moldearte.com\\\/tratamiento\\\/sueroterapia-antienvejecimiento\\\/\",\"name\":\"SUEROTERAPIA ANTIENVEJECIMIENTO - MoldeArte | L\u00edderes en Medicina Est\u00e9tica en Tijuana y Rosarito\",\"isPartOf\":{\"@id\":\"https:\\\/\\\/moldearte.com\\\/#website\"},\"primaryImageOfPage\":{\"@id\":\"https:\\\/\\\/moldearte.com\\\/tratamiento\\\/sueroterapia-antienvejecimiento\\\/#primaryimage\"},\"image\":{\"@id\":\"https:\\\/\\\/moldearte.com\\\/tratamiento\\\/sueroterapia-antienvejecimiento\\\/#primaryimage\"},\"thumbnailUrl\":\"https:\\\/\\\/moldearte.com\\\/wp-content\\\/uploads\\\/2025\\\/07\\\/VitalGlow-IV\u00ae.png\",\"datePublished\":\"2025-07-01T13:27:58+00:00\",\"dateModified\":\"2026-04-06T18:49:56+00:00\",\"breadcrumb\":{\"@id\":\"https:\\\/\\\/moldearte.com\\\/tratamiento\\\/sueroterapia-antienvejecimiento\\\/#breadcrumb\"},\"inLanguage\":\"en-US\",\"potentialAction\":[{\"@type\":\"ReadAction\",\"target\":[\"https:\\\/\\\/moldearte.com\\\/tratamiento\\\/sueroterapia-antienvejecimiento\\\/\"]}]},{\"@type\":\"ImageObject\",\"inLanguage\":\"en-US\",\"@id\":\"https:\\\/\\\/moldearte.com\\\/tratamiento\\\/sueroterapia-antienvejecimiento\\\/#primaryimage\",\"url\":\"https:\\\/\\\/moldearte.com\\\/wp-content\\\/uploads\\\/2025\\\/07\\\/VitalGlow-IV\u00ae.png\",\"contentUrl\":\"https:\\\/\\\/moldearte.com\\\/wp-content\\\/uploads\\\/2025\\\/07\\\/VitalGlow-IV\u00ae.png\",\"width\":1080,\"height\":1080},{\"@type\":\"BreadcrumbList\",\"@id\":\"https:\\\/\\\/moldearte.com\\\/tratamiento\\\/sueroterapia-antienvejecimiento\\\/#breadcrumb\",\"itemListElement\":[{\"@type\":\"ListItem\",\"position\":1,\"name\":\"Portada\",\"item\":\"https:\\\/\\\/moldearte.com\\\/\"},{\"@type\":\"ListItem\",\"position\":2,\"name\":\"Tienda\",\"item\":\"https:\\\/\\\/moldearte.com\\\/en\\\/tienda\\\/\"},{\"@type\":\"ListItem\",\"position\":3,\"name\":\"SUEROTERAPIA ANTIENVEJECIMIENTO\"}]},{\"@type\":\"WebSite\",\"@id\":\"https:\\\/\\\/moldearte.com\\\/#website\",\"url\":\"https:\\\/\\\/moldearte.com\\\/\",\"name\":\"MoldeArte | L\u00edderes en Medicina Est\u00e9tica en Tijuana y Rosarito\",\"description\":\"Rejuvenecimiento Facial y corporal sin cirug\u00eda\",\"publisher\":{\"@id\":\"https:\\\/\\\/moldearte.com\\\/#organization\"},\"potentialAction\":[{\"@type\":\"SearchAction\",\"target\":{\"@type\":\"EntryPoint\",\"urlTemplate\":\"https:\\\/\\\/moldearte.com\\\/?s={search_term_string}\"},\"query-input\":{\"@type\":\"PropertyValueSpecification\",\"valueRequired\":true,\"valueName\":\"search_term_string\"}}],\"inLanguage\":\"en-US\"},{\"@type\":\"Organization\",\"@id\":\"https:\\\/\\\/moldearte.com\\\/#organization\",\"name\":\"MoldeArte | L\u00edderes en Medicina Est\u00e9tica en Tijuana y Rosarito\",\"url\":\"https:\\\/\\\/moldearte.com\\\/\",\"logo\":{\"@type\":\"ImageObject\",\"inLanguage\":\"en-US\",\"@id\":\"https:\\\/\\\/moldearte.com\\\/#\\\/schema\\\/logo\\\/image\\\/\",\"url\":\"https:\\\/\\\/moldearte.com\\\/wp-content\\\/uploads\\\/2023\\\/01\\\/cropped-cropped-rejuvenecimiento-facial-sin-cirugia-tijuana.png\",\"contentUrl\":\"https:\\\/\\\/moldearte.com\\\/wp-content\\\/uploads\\\/2023\\\/01\\\/cropped-cropped-rejuvenecimiento-facial-sin-cirugia-tijuana.png\",\"width\":3255,\"height\":1059,\"caption\":\"MoldeArte | L\u00edderes en Medicina Est\u00e9tica en Tijuana y Rosarito\"},\"image\":{\"@id\":\"https:\\\/\\\/moldearte.com\\\/#\\\/schema\\\/logo\\\/image\\\/\"}}]}<\/script>\n<meta property=\"og:availability\" content=\"instock\" \/>\n<meta property=\"product:availability\" content=\"instock\" \/>\n<meta property=\"product:condition\" content=\"new\" \/>\n<!-- \/ Yoast SEO Premium plugin. -->","yoast_head_json":{"title":"SUEROTERAPIA ANTIENVEJECIMIENTO - MoldeArte | L\u00edderes en Medicina Est\u00e9tica en Tijuana y Rosarito","robots":{"index":"index","follow":"follow","max-snippet":"max-snippet:-1","max-image-preview":"max-image-preview:large","max-video-preview":"max-video-preview:-1"},"canonical":"https:\/\/moldearte.com\/en\/tratamiento\/sueroterapia-antienvejecimiento\/","og_locale":"en_US","og_type":"article","og_title":"SUEROTERAPIA ANTIENVEJECIMIENTO","og_description":"\u00a1Tu piel no es la \u00fanica que necesita cuidados, tambi\u00e9n tu interior! \ud83d\udca7\u2728 Revitaliza tu cuerpo desde dentro con VitalGlow IV\u00ae Antienvejecimiento.  La IV Therapy VitalGlow IV\u00ae est\u00e1 formulada con una poderosa combinaci\u00f3n de Vitamina C, Proca\u00edna, Magnesio, Selenio, Complejo B y Glutati\u00f3n, dise\u00f1ada para combatir el envejecimiento celular, mejorar tu energ\u00eda y darle a tu piel ese brillo saludable que tanto amas \u2728\ud83d\udc89 \u00bfQu\u00e9 incluye el tratamiento? \ud83c\udf38\u2728 Una sesi\u00f3n de IV Therapy VitalGlow IV\u00ae + \ud83c\udf81 GRATIS FACIAL DE LIMPIEZA PROFUNDA (El regalo se incluir\u00e1 al momento de a\u00f1adir este tratamiento al carrito) *Cuenta con 60 d\u00edas para realizarse el tratamiento a partir de su compra","og_url":"https:\/\/moldearte.com\/en\/tratamiento\/sueroterapia-antienvejecimiento\/","og_site_name":"MoldeArte | L\u00edderes en Medicina Est\u00e9tica en Tijuana y Rosarito","article_modified_time":"2026-04-06T18:49:56+00:00","og_image":[{"width":1080,"height":1080,"url":"https:\/\/moldearte.com\/wp-content\/uploads\/2025\/07\/VitalGlow-IV\u00ae.png","type":"image\/png"}],"twitter_card":"summary_large_image","twitter_misc":{"Availability":"In stock"},"schema":{"@context":"https:\/\/schema.org","@graph":[{"@type":"WebPage","@id":"https:\/\/moldearte.com\/tratamiento\/sueroterapia-antienvejecimiento\/","url":"https:\/\/moldearte.com\/tratamiento\/sueroterapia-antienvejecimiento\/","name":"SUEROTERAPIA ANTIENVEJECIMIENTO - MoldeArte | L\u00edderes en Medicina Est\u00e9tica en Tijuana y Rosarito","isPartOf":{"@id":"https:\/\/moldearte.com\/#website"},"primaryImageOfPage":{"@id":"https:\/\/moldearte.com\/tratamiento\/sueroterapia-antienvejecimiento\/#primaryimage"},"image":{"@id":"https:\/\/moldearte.com\/tratamiento\/sueroterapia-antienvejecimiento\/#primaryimage"},"thumbnailUrl":"https:\/\/moldearte.com\/wp-content\/uploads\/2025\/07\/VitalGlow-IV\u00ae.png","datePublished":"2025-07-01T13:27:58+00:00","dateModified":"2026-04-06T18:49:56+00:00","breadcrumb":{"@id":"https:\/\/moldearte.com\/tratamiento\/sueroterapia-antienvejecimiento\/#breadcrumb"},"inLanguage":"en-US","potentialAction":[{"@type":"ReadAction","target":["https:\/\/moldearte.com\/tratamiento\/sueroterapia-antienvejecimiento\/"]}]},{"@type":"ImageObject","inLanguage":"en-US","@id":"https:\/\/moldearte.com\/tratamiento\/sueroterapia-antienvejecimiento\/#primaryimage","url":"https:\/\/moldearte.com\/wp-content\/uploads\/2025\/07\/VitalGlow-IV\u00ae.png","contentUrl":"https:\/\/moldearte.com\/wp-content\/uploads\/2025\/07\/VitalGlow-IV\u00ae.png","width":1080,"height":1080},{"@type":"BreadcrumbList","@id":"https:\/\/moldearte.com\/tratamiento\/sueroterapia-antienvejecimiento\/#breadcrumb","itemListElement":[{"@type":"ListItem","position":1,"name":"Portada","item":"https:\/\/moldearte.com\/"},{"@type":"ListItem","position":2,"name":"Tienda","item":"https:\/\/moldearte.com\/en\/tienda\/"},{"@type":"ListItem","position":3,"name":"SUEROTERAPIA ANTIENVEJECIMIENTO"}]},{"@type":"WebSite","@id":"https:\/\/moldearte.com\/#website","url":"https:\/\/moldearte.com\/","name":"MoldeArte | L\u00edderes en Medicina Est\u00e9tica en Tijuana y Rosarito","description":"Rejuvenecimiento Facial y corporal sin cirug\u00eda","publisher":{"@id":"https:\/\/moldearte.com\/#organization"},"potentialAction":[{"@type":"SearchAction","target":{"@type":"EntryPoint","urlTemplate":"https:\/\/moldearte.com\/?s={search_term_string}"},"query-input":{"@type":"PropertyValueSpecification","valueRequired":true,"valueName":"search_term_string"}}],"inLanguage":"en-US"},{"@type":"Organization","@id":"https:\/\/moldearte.com\/#organization","name":"MoldeArte | L\u00edderes en Medicina Est\u00e9tica en Tijuana y Rosarito","url":"https:\/\/moldearte.com\/","logo":{"@type":"ImageObject","inLanguage":"en-US","@id":"https:\/\/moldearte.com\/#\/schema\/logo\/image\/","url":"https:\/\/moldearte.com\/wp-content\/uploads\/2023\/01\/cropped-cropped-rejuvenecimiento-facial-sin-cirugia-tijuana.png","contentUrl":"https:\/\/moldearte.com\/wp-content\/uploads\/2023\/01\/cropped-cropped-rejuvenecimiento-facial-sin-cirugia-tijuana.png","width":3255,"height":1059,"caption":"MoldeArte | L\u00edderes en Medicina Est\u00e9tica en Tijuana y Rosarito"},"image":{"@id":"https:\/\/moldearte.com\/#\/schema\/logo\/image\/"}}]},"og_availability":"instock","product_availability":"instock","product_condition":"new"},"_links":{"self":[{"href":"https:\/\/moldearte.com\/en\/wp-json\/wp\/v2\/product\/13588","targetHints":{"allow":["GET"]}}],"collection":[{"href":"https:\/\/moldearte.com\/en\/wp-json\/wp\/v2\/product"}],"about":[{"href":"https:\/\/moldearte.com\/en\/wp-json\/wp\/v2\/types\/product"}],"wp:featuredmedia":[{"embeddable":true,"href":"https:\/\/moldearte.com\/en\/wp-json\/wp\/v2\/media\/19791"}],"wp:attachment":[{"href":"https:\/\/moldearte.com\/en\/wp-json\/wp\/v2\/media?parent=13588"}],"wp:term":[{"taxonomy":"product_brand","embeddable":true,"href":"https:\/\/moldearte.com\/en\/wp-json\/wp\/v2\/product_brand?post=13588"},{"taxonomy":"product_cat","embeddable":true,"href":"https:\/\/moldearte.com\/en\/wp-json\/wp\/v2\/product_cat?post=13588"},{"taxonomy":"product_tag","embeddable":true,"href":"https:\/\/moldearte.com\/en\/wp-json\/wp\/v2\/product_tag?post=13588"},{"taxonomy":"giftcard-category","embeddable":true,"href":"https:\/\/moldearte.com\/en\/wp-json\/wp\/v2\/giftcard-category?post=13588"}],"curies":[{"name":"wp","href":"https:\/\/api.w.org\/{rel}","templated":true}]}}