{"id":13084,"date":"2025-06-06T17:02:02","date_gmt":"2025-06-07T00:02:02","guid":{"rendered":"https:\/\/moldearte.com\/?post_type=product&#038;p=13084"},"modified":"2026-03-24T08:10:48","modified_gmt":"2026-03-24T15:10:48","slug":"membresia-glow","status":"publish","type":"product","link":"https:\/\/moldearte.com\/en\/tratamiento\/membresia-glow\/","title":{"rendered":"GLOW"},"content":{"rendered":"<h4>\u00bfQui\u00e9n es candidato ideal para el tratamiento? \ud83d\udcab<\/h4>\n<p>Personas que desean mejorar y mantener la luminosidad, firmeza y salud general de la piel de manera constante, sin procedimientos invasivos.<\/p>\n<h4>\u00bfEdad o tipo de piel ideal? \ud83c\udf38<\/h4>\n<p>Ideal para pieles a partir de los 25 a\u00f1os, especialmente aquellas con signos de fatiga, manchas, textura irregular o que buscan un mantenimiento anti-edad mensual.<\/p>\n<h3>Principales beneficios del tratamiento \ud83d\udc8e<\/h3>\n<p>\ud83c\udf3f Estimula el col\u00e1geno y regenera la piel<br \/>\n\ud83c\udf1e Ilumina el rostro y reduce manchas<br \/>\n\ud83d\udca6 Mejora textura y elasticidad<br \/>\n\ud83e\uddd6\u200d\u2640\ufe0f Limpia a profundidad y renueva la piel<br \/>\n\ud83d\udc96 Mantiene una apariencia joven y fresca todo el mes<\/p>\n<p>\u00a1Convi\u00e9rtelo en tu ritual de belleza y luce una piel espectacular todo el a\u00f1o! \ud83d\udcab<\/p>\n<h6><span style=\"color: #0072bb;\"><a style=\"color: #0072bb;\" href=\"https:\/\/moldearte.com\/en\/politicas-de-membresias\/\" target=\"_blank\" rel=\"noopener\">\ud83d\udcdd Consulta las Pol\u00edticas de Membres\u00edas haciendo clic en este enlace<\/a><\/span><\/h6>","protected":false},"excerpt":{"rendered":"<p><strong>Tu piel joven y radiante no se mantiene sola\u2026 pero s\u00ed puede mantenerse f\u00e1cil.<\/strong><\/p>\n<p><strong>Membres\u00eda Glow<\/strong>\u00a0es tu puerta de entrada al mundo del cuidado facial m\u00e9dico con un enfoque 100% preventivo, accesible y con resultados visibles.<\/p>\n<p>Dise\u00f1ada para pieles j\u00f3venes o primerizas, esta membres\u00eda te da lo esencial para mantener tu piel saludable y luminosa <strong>sin exagerar, pero sin dejar pasar el tiempo<\/strong>.<\/p>\n<h3>\u00bfQu\u00e9 incluye mi Membres\u00eda Glow? \ud83c\udf38\u2728<\/h3>\n<p>\ud83d\udc89 Una sesi\u00f3n de <strong>Platelet Rich Plasma<\/strong> en rostro<br \/>\n\ud83d\udca7 Una aplicaci\u00f3n de <strong>Peptona de Col\u00e1geno<\/strong> en rostro<br \/>\n\ud83c\udf1f Una sesi\u00f3n de <strong>Mesoterapia Despigmentante<\/strong> en rostro<br \/>\n\ud83d\ude0d\ud83c\udf81 <strong>GRATIS con tu membres\u00eda:<\/strong> Una sesi\u00f3n de <strong>Facial de Limpieza Profunda con Microdermoabrasi\u00f3n<\/strong> punta diamante<br \/>\n<span class=\"fontstyle0\"><span style=\"color: #ff914d;\"><strong>*Cuenta con 20 d\u00edas para realizarse el tratamiento a partir de su compra<\/strong><\/span><\/span><\/p>","protected":false},"featured_media":13663,"template":"","meta":[],"product_brand":[],"product_cat":[286],"product_tag":[],"giftcard-category":[],"class_list":{"0":"post-13084","1":"product","2":"type-product","3":"status-publish","4":"has-post-thumbnail","6":"product_cat-membresias","8":"first","9":"instock","10":"sale","11":"virtual","12":"purchasable","13":"product-type-simple"},"yoast_head":"<!-- This site is optimized with the Yoast SEO Premium plugin v27.2 (Yoast SEO v27.3) - https:\/\/yoast.com\/product\/yoast-seo-premium-wordpress\/ -->\n<title>GLOW - MoldeArte | L\u00edderes en Medicina Est\u00e9tica en Tijuana y Rosarito<\/title>\n<meta name=\"robots\" content=\"index, follow, max-snippet:-1, max-image-preview:large, max-video-preview:-1\" \/>\n<link rel=\"canonical\" href=\"https:\/\/moldearte.com\/en\/tratamiento\/membresia-glow\/\" \/>\n<meta property=\"og:locale\" content=\"en_US\" \/>\n<meta property=\"og:type\" content=\"article\" \/>\n<meta property=\"og:title\" content=\"GLOW\" \/>\n<meta property=\"og:description\" content=\"Tu piel joven y radiante no se mantiene sola\u2026 pero s\u00ed puede mantenerse f\u00e1cil.  Membres\u00eda Glow\u00a0es tu puerta de entrada al mundo del cuidado facial m\u00e9dico con un enfoque 100% preventivo, accesible y con resultados visibles.  Dise\u00f1ada para pieles j\u00f3venes o primerizas, esta membres\u00eda te da lo esencial para mantener tu piel saludable y luminosa sin exagerar, pero sin dejar pasar el tiempo. \u00bfQu\u00e9 incluye mi Membres\u00eda Glow? \ud83c\udf38\u2728 \ud83d\udc89 Una sesi\u00f3n de Plasma Rico en Plaquetas en rostro \ud83d\udca7 Una aplicaci\u00f3n de Peptona de Col\u00e1geno en rostro \ud83c\udf1f Una sesi\u00f3n de Mesoterapia Despigmentante en rostro \ud83d\ude0d\ud83c\udf81 GRATIS con tu membres\u00eda: Una sesi\u00f3n de Facial de Limpieza Profunda con Microdermoabrasi\u00f3n punta diamante *Cuenta con 20 d\u00edas para realizarse el tratamiento a partir de su compra\" \/>\n<meta property=\"og:url\" content=\"https:\/\/moldearte.com\/en\/tratamiento\/membresia-glow\/\" \/>\n<meta property=\"og:site_name\" content=\"MoldeArte | L\u00edderes en Medicina Est\u00e9tica en Tijuana y Rosarito\" \/>\n<meta property=\"article:modified_time\" content=\"2026-03-24T15:10:48+00:00\" \/>\n<meta property=\"og:image\" content=\"https:\/\/moldearte.com\/wp-content\/uploads\/2025\/07\/glow.png\" \/>\n\t<meta property=\"og:image:width\" content=\"600\" \/>\n\t<meta property=\"og:image:height\" content=\"600\" \/>\n\t<meta property=\"og:image:type\" content=\"image\/png\" \/>\n<meta name=\"twitter:card\" content=\"summary_large_image\" \/>\n<meta name=\"twitter:label1\" content=\"Price\" \/>\n\t<meta name=\"twitter:data1\" content=\"&#036;2,650.00\" \/>\n\t<meta name=\"twitter:label2\" content=\"Availability\" \/>\n\t<meta name=\"twitter:data2\" content=\"In stock\" \/>\n<script type=\"application\/ld+json\" class=\"yoast-schema-graph\">{\"@context\":\"https:\\\/\\\/schema.org\",\"@graph\":[{\"@type\":\"WebPage\",\"@id\":\"https:\\\/\\\/moldearte.com\\\/tratamiento\\\/membresia-glow\\\/\",\"url\":\"https:\\\/\\\/moldearte.com\\\/tratamiento\\\/membresia-glow\\\/\",\"name\":\"GLOW - MoldeArte | L\u00edderes en Medicina Est\u00e9tica en Tijuana y Rosarito\",\"isPartOf\":{\"@id\":\"https:\\\/\\\/moldearte.com\\\/#website\"},\"primaryImageOfPage\":{\"@id\":\"https:\\\/\\\/moldearte.com\\\/tratamiento\\\/membresia-glow\\\/#primaryimage\"},\"image\":{\"@id\":\"https:\\\/\\\/moldearte.com\\\/tratamiento\\\/membresia-glow\\\/#primaryimage\"},\"thumbnailUrl\":\"https:\\\/\\\/moldearte.com\\\/wp-content\\\/uploads\\\/2025\\\/07\\\/glow.png\",\"datePublished\":\"2025-06-07T00:02:02+00:00\",\"dateModified\":\"2026-03-24T15:10:48+00:00\",\"breadcrumb\":{\"@id\":\"https:\\\/\\\/moldearte.com\\\/tratamiento\\\/membresia-glow\\\/#breadcrumb\"},\"inLanguage\":\"en-US\",\"potentialAction\":[{\"@type\":\"ReadAction\",\"target\":[\"https:\\\/\\\/moldearte.com\\\/tratamiento\\\/membresia-glow\\\/\"]}]},{\"@type\":\"ImageObject\",\"inLanguage\":\"en-US\",\"@id\":\"https:\\\/\\\/moldearte.com\\\/tratamiento\\\/membresia-glow\\\/#primaryimage\",\"url\":\"https:\\\/\\\/moldearte.com\\\/wp-content\\\/uploads\\\/2025\\\/07\\\/glow.png\",\"contentUrl\":\"https:\\\/\\\/moldearte.com\\\/wp-content\\\/uploads\\\/2025\\\/07\\\/glow.png\",\"width\":600,\"height\":600},{\"@type\":\"BreadcrumbList\",\"@id\":\"https:\\\/\\\/moldearte.com\\\/tratamiento\\\/membresia-glow\\\/#breadcrumb\",\"itemListElement\":[{\"@type\":\"ListItem\",\"position\":1,\"name\":\"Portada\",\"item\":\"https:\\\/\\\/moldearte.com\\\/\"},{\"@type\":\"ListItem\",\"position\":2,\"name\":\"Tienda\",\"item\":\"https:\\\/\\\/moldearte.com\\\/en\\\/tienda\\\/\"},{\"@type\":\"ListItem\",\"position\":3,\"name\":\"GLOW\"}]},{\"@type\":\"WebSite\",\"@id\":\"https:\\\/\\\/moldearte.com\\\/#website\",\"url\":\"https:\\\/\\\/moldearte.com\\\/\",\"name\":\"MoldeArte | L\u00edderes en Medicina Est\u00e9tica en Tijuana y Rosarito\",\"description\":\"Rejuvenecimiento Facial y corporal sin cirug\u00eda\",\"publisher\":{\"@id\":\"https:\\\/\\\/moldearte.com\\\/#organization\"},\"potentialAction\":[{\"@type\":\"SearchAction\",\"target\":{\"@type\":\"EntryPoint\",\"urlTemplate\":\"https:\\\/\\\/moldearte.com\\\/?s={search_term_string}\"},\"query-input\":{\"@type\":\"PropertyValueSpecification\",\"valueRequired\":true,\"valueName\":\"search_term_string\"}}],\"inLanguage\":\"en-US\"},{\"@type\":\"Organization\",\"@id\":\"https:\\\/\\\/moldearte.com\\\/#organization\",\"name\":\"MoldeArte | L\u00edderes en Medicina Est\u00e9tica en Tijuana y Rosarito\",\"url\":\"https:\\\/\\\/moldearte.com\\\/\",\"logo\":{\"@type\":\"ImageObject\",\"inLanguage\":\"en-US\",\"@id\":\"https:\\\/\\\/moldearte.com\\\/#\\\/schema\\\/logo\\\/image\\\/\",\"url\":\"https:\\\/\\\/moldearte.com\\\/wp-content\\\/uploads\\\/2023\\\/01\\\/cropped-cropped-rejuvenecimiento-facial-sin-cirugia-tijuana.png\",\"contentUrl\":\"https:\\\/\\\/moldearte.com\\\/wp-content\\\/uploads\\\/2023\\\/01\\\/cropped-cropped-rejuvenecimiento-facial-sin-cirugia-tijuana.png\",\"width\":3255,\"height\":1059,\"caption\":\"MoldeArte | L\u00edderes en Medicina Est\u00e9tica en Tijuana y Rosarito\"},\"image\":{\"@id\":\"https:\\\/\\\/moldearte.com\\\/#\\\/schema\\\/logo\\\/image\\\/\"}}]}<\/script>\n<meta property=\"product:price:amount\" content=\"2650.00\" \/>\n<meta property=\"product:price:currency\" content=\"MXN\" \/>\n<meta property=\"og:availability\" content=\"instock\" \/>\n<meta property=\"product:availability\" content=\"instock\" \/>\n<meta property=\"product:condition\" content=\"new\" \/>\n<!-- \/ Yoast SEO Premium plugin. -->","yoast_head_json":{"title":"GLOW - MoldeArte | L\u00edderes en Medicina Est\u00e9tica en Tijuana y Rosarito","robots":{"index":"index","follow":"follow","max-snippet":"max-snippet:-1","max-image-preview":"max-image-preview:large","max-video-preview":"max-video-preview:-1"},"canonical":"https:\/\/moldearte.com\/en\/tratamiento\/membresia-glow\/","og_locale":"en_US","og_type":"article","og_title":"GLOW","og_description":"Tu piel joven y radiante no se mantiene sola\u2026 pero s\u00ed puede mantenerse f\u00e1cil.  Membres\u00eda Glow\u00a0es tu puerta de entrada al mundo del cuidado facial m\u00e9dico con un enfoque 100% preventivo, accesible y con resultados visibles.  Dise\u00f1ada para pieles j\u00f3venes o primerizas, esta membres\u00eda te da lo esencial para mantener tu piel saludable y luminosa sin exagerar, pero sin dejar pasar el tiempo. \u00bfQu\u00e9 incluye mi Membres\u00eda Glow? \ud83c\udf38\u2728 \ud83d\udc89 Una sesi\u00f3n de Plasma Rico en Plaquetas en rostro \ud83d\udca7 Una aplicaci\u00f3n de Peptona de Col\u00e1geno en rostro \ud83c\udf1f Una sesi\u00f3n de Mesoterapia Despigmentante en rostro \ud83d\ude0d\ud83c\udf81 GRATIS con tu membres\u00eda: Una sesi\u00f3n de Facial de Limpieza Profunda con Microdermoabrasi\u00f3n punta diamante *Cuenta con 20 d\u00edas para realizarse el tratamiento a partir de su compra","og_url":"https:\/\/moldearte.com\/en\/tratamiento\/membresia-glow\/","og_site_name":"MoldeArte | L\u00edderes en Medicina Est\u00e9tica en Tijuana y Rosarito","article_modified_time":"2026-03-24T15:10:48+00:00","og_image":[{"width":600,"height":600,"url":"https:\/\/moldearte.com\/wp-content\/uploads\/2025\/07\/glow.png","type":"image\/png"}],"twitter_card":"summary_large_image","twitter_misc":{"Price":"&#36;2,650.00","Availability":"In stock"},"schema":{"@context":"https:\/\/schema.org","@graph":[{"@type":"WebPage","@id":"https:\/\/moldearte.com\/tratamiento\/membresia-glow\/","url":"https:\/\/moldearte.com\/tratamiento\/membresia-glow\/","name":"GLOW - MoldeArte | L\u00edderes en Medicina Est\u00e9tica en Tijuana y Rosarito","isPartOf":{"@id":"https:\/\/moldearte.com\/#website"},"primaryImageOfPage":{"@id":"https:\/\/moldearte.com\/tratamiento\/membresia-glow\/#primaryimage"},"image":{"@id":"https:\/\/moldearte.com\/tratamiento\/membresia-glow\/#primaryimage"},"thumbnailUrl":"https:\/\/moldearte.com\/wp-content\/uploads\/2025\/07\/glow.png","datePublished":"2025-06-07T00:02:02+00:00","dateModified":"2026-03-24T15:10:48+00:00","breadcrumb":{"@id":"https:\/\/moldearte.com\/tratamiento\/membresia-glow\/#breadcrumb"},"inLanguage":"en-US","potentialAction":[{"@type":"ReadAction","target":["https:\/\/moldearte.com\/tratamiento\/membresia-glow\/"]}]},{"@type":"ImageObject","inLanguage":"en-US","@id":"https:\/\/moldearte.com\/tratamiento\/membresia-glow\/#primaryimage","url":"https:\/\/moldearte.com\/wp-content\/uploads\/2025\/07\/glow.png","contentUrl":"https:\/\/moldearte.com\/wp-content\/uploads\/2025\/07\/glow.png","width":600,"height":600},{"@type":"BreadcrumbList","@id":"https:\/\/moldearte.com\/tratamiento\/membresia-glow\/#breadcrumb","itemListElement":[{"@type":"ListItem","position":1,"name":"Portada","item":"https:\/\/moldearte.com\/"},{"@type":"ListItem","position":2,"name":"Tienda","item":"https:\/\/moldearte.com\/en\/tienda\/"},{"@type":"ListItem","position":3,"name":"GLOW"}]},{"@type":"WebSite","@id":"https:\/\/moldearte.com\/#website","url":"https:\/\/moldearte.com\/","name":"MoldeArte | L\u00edderes en Medicina Est\u00e9tica en Tijuana y Rosarito","description":"Rejuvenecimiento Facial y corporal sin cirug\u00eda","publisher":{"@id":"https:\/\/moldearte.com\/#organization"},"potentialAction":[{"@type":"SearchAction","target":{"@type":"EntryPoint","urlTemplate":"https:\/\/moldearte.com\/?s={search_term_string}"},"query-input":{"@type":"PropertyValueSpecification","valueRequired":true,"valueName":"search_term_string"}}],"inLanguage":"en-US"},{"@type":"Organization","@id":"https:\/\/moldearte.com\/#organization","name":"MoldeArte | L\u00edderes en Medicina Est\u00e9tica en Tijuana y Rosarito","url":"https:\/\/moldearte.com\/","logo":{"@type":"ImageObject","inLanguage":"en-US","@id":"https:\/\/moldearte.com\/#\/schema\/logo\/image\/","url":"https:\/\/moldearte.com\/wp-content\/uploads\/2023\/01\/cropped-cropped-rejuvenecimiento-facial-sin-cirugia-tijuana.png","contentUrl":"https:\/\/moldearte.com\/wp-content\/uploads\/2023\/01\/cropped-cropped-rejuvenecimiento-facial-sin-cirugia-tijuana.png","width":3255,"height":1059,"caption":"MoldeArte | L\u00edderes en Medicina Est\u00e9tica en Tijuana y Rosarito"},"image":{"@id":"https:\/\/moldearte.com\/#\/schema\/logo\/image\/"}}]},"product_price_amount":"2650.00","product_price_currency":"MXN","og_availability":"instock","product_availability":"instock","product_condition":"new"},"_links":{"self":[{"href":"https:\/\/moldearte.com\/en\/wp-json\/wp\/v2\/product\/13084","targetHints":{"allow":["GET"]}}],"collection":[{"href":"https:\/\/moldearte.com\/en\/wp-json\/wp\/v2\/product"}],"about":[{"href":"https:\/\/moldearte.com\/en\/wp-json\/wp\/v2\/types\/product"}],"wp:featuredmedia":[{"embeddable":true,"href":"https:\/\/moldearte.com\/en\/wp-json\/wp\/v2\/media\/13663"}],"wp:attachment":[{"href":"https:\/\/moldearte.com\/en\/wp-json\/wp\/v2\/media?parent=13084"}],"wp:term":[{"taxonomy":"product_brand","embeddable":true,"href":"https:\/\/moldearte.com\/en\/wp-json\/wp\/v2\/product_brand?post=13084"},{"taxonomy":"product_cat","embeddable":true,"href":"https:\/\/moldearte.com\/en\/wp-json\/wp\/v2\/product_cat?post=13084"},{"taxonomy":"product_tag","embeddable":true,"href":"https:\/\/moldearte.com\/en\/wp-json\/wp\/v2\/product_tag?post=13084"},{"taxonomy":"giftcard-category","embeddable":true,"href":"https:\/\/moldearte.com\/en\/wp-json\/wp\/v2\/giftcard-category?post=13084"}],"curies":[{"name":"wp","href":"https:\/\/api.w.org\/{rel}","templated":true}]}}