{"id":13023,"date":"2025-06-03T06:59:02","date_gmt":"2025-06-03T13:59:02","guid":{"rendered":"https:\/\/moldearte.com\/?post_type=product&#038;p=13023"},"modified":"2026-04-06T11:29:38","modified_gmt":"2026-04-06T18:29:38","slug":"richvolution","status":"publish","type":"product","link":"https:\/\/moldearte.com\/en\/tratamiento\/richvolution\/","title":{"rendered":"BIOESTIMULADOR RICHVOLUTION\u00ae"},"content":{"rendered":"<h4>\u00bfQui\u00e9n es candidato a este tratamiento?<\/h4>\n<p>Ideal para personas que desean mejorar la firmeza, densidad y volumen facial sin recurrir a rellenos permanentes. Perfecto si buscas resultados naturales y duraderos en zonas como p\u00f3mulos, mand\u00edbula, sienes y mejillas.<\/p>\n<h4>Edad o tipo de piel ideal para realizarse el servicio<\/h4>\n<p>Recomendado a partir de los 25 a\u00f1os en adelante, especialmente en pieles con signos de envejecimiento moderado o avanzado, p\u00e9rdida de volumen o flacidez visible.<\/p>\n<h4>Los principales 5 beneficios del tratamiento<\/h4>\n<p>\ud83d\udd04 Estimula la producci\u00f3n natural de col\u00e1geno<br \/>\n\ud83d\udcab Mejora la firmeza y elasticidad de la piel<br \/>\n\ud83d\udc89 Recupera el volumen facial de forma gradual<br \/>\n\u23f3 Resultados duraderos y progresivos<br \/>\n\ud83c\udf3f Apariencia m\u00e1s joven, natural y revitalizada<\/p>\n<p>\u00a1Redefine tu belleza desde adentro con el poder regenerador de RICHvolution\u00ae! \ud83d\udc96\u2728<\/p>","protected":false},"excerpt":{"rendered":"<p>\u00a1Desp\u00eddete de la flacidez y dale la bienvenida a una piel m\u00e1s firme y rejuvenecida! \ud83d\udc89\ud83d\udc8e\u2728<\/p>\n<p>RICHvolution\u00ae es un bioestimulador facial de \u00faltima generaci\u00f3n formulado con <strong>\u00c1cido poli-L-l\u00e1ctico (PLLA)<\/strong> que estimula el col\u00e1geno producci\u00f3n, mejora de la piel elasticidad y restauraci\u00f3n de volumen, <strong>\u00c1cido Hialur\u00f3nico (HA)<\/strong> que hidrata profundamente la piel, mejora la textura y promueve una saludable apariencia y <strong>Complejo de Amino\u00e1cidos y Antioxidantes<\/strong> que proporciona nutrientes esenciales a la piel mientras neutraliza radicales libres para mejorar reparaci\u00f3n y protecci\u00f3n de la piel.<\/p>\n<h4>\u00bfQu\u00e9 incluye el tratamiento? \ud83d\udc96<\/h4>\n<p>Una aplicaci\u00f3n de RICHvolution\u00ae en rostro.<br \/>\n<span style=\"color: #c02c30;\"><strong>\ud83d\udcb8 Precio pagando en efectivo en sucursal: $7,500 MXN. (v\u00e1lido del 5 al 18 de abril del 2026)<br \/>\n<\/strong><\/span><span class=\"fontstyle0\"><span style=\"color: #ff914d;\"><strong>*Cuenta con 60 d\u00edas para realizarse el tratamiento a partir de su compra<\/strong><\/span><\/span><\/p>","protected":false},"featured_media":1496,"template":"","meta":[],"product_brand":[],"product_cat":[240,262,26],"product_tag":[],"giftcard-category":[],"class_list":{"0":"post-13023","1":"product","2":"type-product","3":"status-publish","4":"has-post-thumbnail","6":"product_cat-anti-flacidez","7":"product_cat-promosmedicas","8":"product_cat-txmedicos","10":"first","11":"instock","12":"sale","13":"virtual","14":"purchasable","15":"product-type-simple"},"yoast_head":"<!-- This site is optimized with the Yoast SEO Premium plugin v27.2 (Yoast SEO v27.3) - https:\/\/yoast.com\/product\/yoast-seo-premium-wordpress\/ -->\n<title>BIOESTIMULADOR RICHVOLUTION\u00ae - MoldeArte | L\u00edderes en Medicina Est\u00e9tica en Tijuana y Rosarito<\/title>\n<meta name=\"robots\" content=\"index, follow, max-snippet:-1, max-image-preview:large, max-video-preview:-1\" \/>\n<link rel=\"canonical\" href=\"https:\/\/moldearte.com\/en\/tratamiento\/richvolution\/\" \/>\n<meta property=\"og:locale\" content=\"en_US\" \/>\n<meta property=\"og:type\" content=\"article\" \/>\n<meta property=\"og:title\" content=\"BIOESTIMULADOR RICHVOLUTION\u00ae\" \/>\n<meta property=\"og:description\" content=\"\u00a1Desp\u00eddete de la flacidez y dale la bienvenida a una piel m\u00e1s firme y rejuvenecida! \ud83d\udc89\ud83d\udc8e\u2728  RICHvolution\u00ae es un bioestimulador facial de \u00faltima generaci\u00f3n formulado con \u00c1cido poli-L-l\u00e1ctico (PLLA) que estimula el col\u00e1geno producci\u00f3n, mejora de la piel elasticidad y restauraci\u00f3n de volumen, \u00c1cido Hialur\u00f3nico (HA) que hidrata profundamente la piel, mejora la textura y promueve una saludable apariencia y Complejo de Amino\u00e1cidos y Antioxidantes que proporciona nutrientes esenciales a la piel mientras neutraliza radicales libres para mejorar reparaci\u00f3n y protecci\u00f3n de la piel. \u00bfQu\u00e9 incluye el tratamiento? \ud83d\udc96 Una aplicaci\u00f3n de RICHvolution\u00ae en rostro. \ud83d\udcb8 Precio pagando en efectivo en sucursal: $7,500 MXN. (v\u00e1lido del 5 al 18 de abril del 2026) *Cuenta con 60 d\u00edas para realizarse el tratamiento a partir de su compra\" \/>\n<meta property=\"og:url\" content=\"https:\/\/moldearte.com\/en\/tratamiento\/richvolution\/\" \/>\n<meta property=\"og:site_name\" content=\"MoldeArte | L\u00edderes en Medicina Est\u00e9tica en Tijuana y Rosarito\" \/>\n<meta property=\"article:modified_time\" content=\"2026-04-06T18:29:38+00:00\" \/>\n<meta property=\"og:image\" content=\"https:\/\/moldearte.com\/wp-content\/uploads\/2023\/04\/S17-HIDRAFIRM-C.png\" \/>\n\t<meta property=\"og:image:width\" content=\"1080\" \/>\n\t<meta property=\"og:image:height\" content=\"1080\" \/>\n\t<meta property=\"og:image:type\" content=\"image\/png\" \/>\n<meta name=\"twitter:card\" content=\"summary_large_image\" \/>\n<meta name=\"twitter:label1\" content=\"Price\" \/>\n\t<meta name=\"twitter:data1\" content=\"&#036;8,250.00\" \/>\n\t<meta name=\"twitter:label2\" content=\"Availability\" \/>\n\t<meta name=\"twitter:data2\" content=\"In stock\" \/>\n<script type=\"application\/ld+json\" class=\"yoast-schema-graph\">{\"@context\":\"https:\\\/\\\/schema.org\",\"@graph\":[{\"@type\":\"WebPage\",\"@id\":\"https:\\\/\\\/moldearte.com\\\/tratamiento\\\/richvolution\\\/\",\"url\":\"https:\\\/\\\/moldearte.com\\\/tratamiento\\\/richvolution\\\/\",\"name\":\"BIOESTIMULADOR RICHVOLUTION\u00ae - MoldeArte | L\u00edderes en Medicina Est\u00e9tica en Tijuana y Rosarito\",\"isPartOf\":{\"@id\":\"https:\\\/\\\/moldearte.com\\\/#website\"},\"primaryImageOfPage\":{\"@id\":\"https:\\\/\\\/moldearte.com\\\/tratamiento\\\/richvolution\\\/#primaryimage\"},\"image\":{\"@id\":\"https:\\\/\\\/moldearte.com\\\/tratamiento\\\/richvolution\\\/#primaryimage\"},\"thumbnailUrl\":\"https:\\\/\\\/moldearte.com\\\/wp-content\\\/uploads\\\/2023\\\/04\\\/S17-HIDRAFIRM-C.png\",\"datePublished\":\"2025-06-03T13:59:02+00:00\",\"dateModified\":\"2026-04-06T18:29:38+00:00\",\"breadcrumb\":{\"@id\":\"https:\\\/\\\/moldearte.com\\\/tratamiento\\\/richvolution\\\/#breadcrumb\"},\"inLanguage\":\"en-US\",\"potentialAction\":[{\"@type\":\"ReadAction\",\"target\":[\"https:\\\/\\\/moldearte.com\\\/tratamiento\\\/richvolution\\\/\"]}]},{\"@type\":\"ImageObject\",\"inLanguage\":\"en-US\",\"@id\":\"https:\\\/\\\/moldearte.com\\\/tratamiento\\\/richvolution\\\/#primaryimage\",\"url\":\"https:\\\/\\\/moldearte.com\\\/wp-content\\\/uploads\\\/2023\\\/04\\\/S17-HIDRAFIRM-C.png\",\"contentUrl\":\"https:\\\/\\\/moldearte.com\\\/wp-content\\\/uploads\\\/2023\\\/04\\\/S17-HIDRAFIRM-C.png\",\"width\":1080,\"height\":1080},{\"@type\":\"BreadcrumbList\",\"@id\":\"https:\\\/\\\/moldearte.com\\\/tratamiento\\\/richvolution\\\/#breadcrumb\",\"itemListElement\":[{\"@type\":\"ListItem\",\"position\":1,\"name\":\"Portada\",\"item\":\"https:\\\/\\\/moldearte.com\\\/\"},{\"@type\":\"ListItem\",\"position\":2,\"name\":\"Tienda\",\"item\":\"https:\\\/\\\/moldearte.com\\\/en\\\/tienda\\\/\"},{\"@type\":\"ListItem\",\"position\":3,\"name\":\"BIOESTIMULADOR RICHVOLUTION\u00ae\"}]},{\"@type\":\"WebSite\",\"@id\":\"https:\\\/\\\/moldearte.com\\\/#website\",\"url\":\"https:\\\/\\\/moldearte.com\\\/\",\"name\":\"MoldeArte | L\u00edderes en Medicina Est\u00e9tica en Tijuana y Rosarito\",\"description\":\"Rejuvenecimiento Facial y corporal sin cirug\u00eda\",\"publisher\":{\"@id\":\"https:\\\/\\\/moldearte.com\\\/#organization\"},\"potentialAction\":[{\"@type\":\"SearchAction\",\"target\":{\"@type\":\"EntryPoint\",\"urlTemplate\":\"https:\\\/\\\/moldearte.com\\\/?s={search_term_string}\"},\"query-input\":{\"@type\":\"PropertyValueSpecification\",\"valueRequired\":true,\"valueName\":\"search_term_string\"}}],\"inLanguage\":\"en-US\"},{\"@type\":\"Organization\",\"@id\":\"https:\\\/\\\/moldearte.com\\\/#organization\",\"name\":\"MoldeArte | L\u00edderes en Medicina Est\u00e9tica en Tijuana y Rosarito\",\"url\":\"https:\\\/\\\/moldearte.com\\\/\",\"logo\":{\"@type\":\"ImageObject\",\"inLanguage\":\"en-US\",\"@id\":\"https:\\\/\\\/moldearte.com\\\/#\\\/schema\\\/logo\\\/image\\\/\",\"url\":\"https:\\\/\\\/moldearte.com\\\/wp-content\\\/uploads\\\/2023\\\/01\\\/cropped-cropped-rejuvenecimiento-facial-sin-cirugia-tijuana.png\",\"contentUrl\":\"https:\\\/\\\/moldearte.com\\\/wp-content\\\/uploads\\\/2023\\\/01\\\/cropped-cropped-rejuvenecimiento-facial-sin-cirugia-tijuana.png\",\"width\":3255,\"height\":1059,\"caption\":\"MoldeArte | L\u00edderes en Medicina Est\u00e9tica en Tijuana y Rosarito\"},\"image\":{\"@id\":\"https:\\\/\\\/moldearte.com\\\/#\\\/schema\\\/logo\\\/image\\\/\"}}]}<\/script>\n<meta property=\"product:price:amount\" content=\"8250.00\" \/>\n<meta property=\"product:price:currency\" content=\"MXN\" \/>\n<meta property=\"og:availability\" content=\"instock\" \/>\n<meta property=\"product:availability\" content=\"instock\" \/>\n<meta property=\"product:condition\" content=\"new\" \/>\n<!-- \/ Yoast SEO Premium plugin. -->","yoast_head_json":{"title":"BIOESTIMULADOR RICHVOLUTION\u00ae - MoldeArte | L\u00edderes en Medicina Est\u00e9tica en Tijuana y Rosarito","robots":{"index":"index","follow":"follow","max-snippet":"max-snippet:-1","max-image-preview":"max-image-preview:large","max-video-preview":"max-video-preview:-1"},"canonical":"https:\/\/moldearte.com\/en\/tratamiento\/richvolution\/","og_locale":"en_US","og_type":"article","og_title":"BIOESTIMULADOR RICHVOLUTION\u00ae","og_description":"\u00a1Desp\u00eddete de la flacidez y dale la bienvenida a una piel m\u00e1s firme y rejuvenecida! \ud83d\udc89\ud83d\udc8e\u2728  RICHvolution\u00ae es un bioestimulador facial de \u00faltima generaci\u00f3n formulado con \u00c1cido poli-L-l\u00e1ctico (PLLA) que estimula el col\u00e1geno producci\u00f3n, mejora de la piel elasticidad y restauraci\u00f3n de volumen, \u00c1cido Hialur\u00f3nico (HA) que hidrata profundamente la piel, mejora la textura y promueve una saludable apariencia y Complejo de Amino\u00e1cidos y Antioxidantes que proporciona nutrientes esenciales a la piel mientras neutraliza radicales libres para mejorar reparaci\u00f3n y protecci\u00f3n de la piel. \u00bfQu\u00e9 incluye el tratamiento? \ud83d\udc96 Una aplicaci\u00f3n de RICHvolution\u00ae en rostro. \ud83d\udcb8 Precio pagando en efectivo en sucursal: $7,500 MXN. (v\u00e1lido del 5 al 18 de abril del 2026) *Cuenta con 60 d\u00edas para realizarse el tratamiento a partir de su compra","og_url":"https:\/\/moldearte.com\/en\/tratamiento\/richvolution\/","og_site_name":"MoldeArte | L\u00edderes en Medicina Est\u00e9tica en Tijuana y Rosarito","article_modified_time":"2026-04-06T18:29:38+00:00","og_image":[{"width":1080,"height":1080,"url":"https:\/\/moldearte.com\/wp-content\/uploads\/2023\/04\/S17-HIDRAFIRM-C.png","type":"image\/png"}],"twitter_card":"summary_large_image","twitter_misc":{"Price":"&#36;8,250.00","Availability":"In stock"},"schema":{"@context":"https:\/\/schema.org","@graph":[{"@type":"WebPage","@id":"https:\/\/moldearte.com\/tratamiento\/richvolution\/","url":"https:\/\/moldearte.com\/tratamiento\/richvolution\/","name":"BIOESTIMULADOR RICHVOLUTION\u00ae - MoldeArte | L\u00edderes en Medicina Est\u00e9tica en Tijuana y Rosarito","isPartOf":{"@id":"https:\/\/moldearte.com\/#website"},"primaryImageOfPage":{"@id":"https:\/\/moldearte.com\/tratamiento\/richvolution\/#primaryimage"},"image":{"@id":"https:\/\/moldearte.com\/tratamiento\/richvolution\/#primaryimage"},"thumbnailUrl":"https:\/\/moldearte.com\/wp-content\/uploads\/2023\/04\/S17-HIDRAFIRM-C.png","datePublished":"2025-06-03T13:59:02+00:00","dateModified":"2026-04-06T18:29:38+00:00","breadcrumb":{"@id":"https:\/\/moldearte.com\/tratamiento\/richvolution\/#breadcrumb"},"inLanguage":"en-US","potentialAction":[{"@type":"ReadAction","target":["https:\/\/moldearte.com\/tratamiento\/richvolution\/"]}]},{"@type":"ImageObject","inLanguage":"en-US","@id":"https:\/\/moldearte.com\/tratamiento\/richvolution\/#primaryimage","url":"https:\/\/moldearte.com\/wp-content\/uploads\/2023\/04\/S17-HIDRAFIRM-C.png","contentUrl":"https:\/\/moldearte.com\/wp-content\/uploads\/2023\/04\/S17-HIDRAFIRM-C.png","width":1080,"height":1080},{"@type":"BreadcrumbList","@id":"https:\/\/moldearte.com\/tratamiento\/richvolution\/#breadcrumb","itemListElement":[{"@type":"ListItem","position":1,"name":"Portada","item":"https:\/\/moldearte.com\/"},{"@type":"ListItem","position":2,"name":"Tienda","item":"https:\/\/moldearte.com\/en\/tienda\/"},{"@type":"ListItem","position":3,"name":"BIOESTIMULADOR RICHVOLUTION\u00ae"}]},{"@type":"WebSite","@id":"https:\/\/moldearte.com\/#website","url":"https:\/\/moldearte.com\/","name":"MoldeArte | L\u00edderes en Medicina Est\u00e9tica en Tijuana y Rosarito","description":"Rejuvenecimiento Facial y corporal sin cirug\u00eda","publisher":{"@id":"https:\/\/moldearte.com\/#organization"},"potentialAction":[{"@type":"SearchAction","target":{"@type":"EntryPoint","urlTemplate":"https:\/\/moldearte.com\/?s={search_term_string}"},"query-input":{"@type":"PropertyValueSpecification","valueRequired":true,"valueName":"search_term_string"}}],"inLanguage":"en-US"},{"@type":"Organization","@id":"https:\/\/moldearte.com\/#organization","name":"MoldeArte | L\u00edderes en Medicina Est\u00e9tica en Tijuana y Rosarito","url":"https:\/\/moldearte.com\/","logo":{"@type":"ImageObject","inLanguage":"en-US","@id":"https:\/\/moldearte.com\/#\/schema\/logo\/image\/","url":"https:\/\/moldearte.com\/wp-content\/uploads\/2023\/01\/cropped-cropped-rejuvenecimiento-facial-sin-cirugia-tijuana.png","contentUrl":"https:\/\/moldearte.com\/wp-content\/uploads\/2023\/01\/cropped-cropped-rejuvenecimiento-facial-sin-cirugia-tijuana.png","width":3255,"height":1059,"caption":"MoldeArte | L\u00edderes en Medicina Est\u00e9tica en Tijuana y Rosarito"},"image":{"@id":"https:\/\/moldearte.com\/#\/schema\/logo\/image\/"}}]},"product_price_amount":"8250.00","product_price_currency":"MXN","og_availability":"instock","product_availability":"instock","product_condition":"new"},"_links":{"self":[{"href":"https:\/\/moldearte.com\/en\/wp-json\/wp\/v2\/product\/13023","targetHints":{"allow":["GET"]}}],"collection":[{"href":"https:\/\/moldearte.com\/en\/wp-json\/wp\/v2\/product"}],"about":[{"href":"https:\/\/moldearte.com\/en\/wp-json\/wp\/v2\/types\/product"}],"wp:featuredmedia":[{"embeddable":true,"href":"https:\/\/moldearte.com\/en\/wp-json\/wp\/v2\/media\/1496"}],"wp:attachment":[{"href":"https:\/\/moldearte.com\/en\/wp-json\/wp\/v2\/media?parent=13023"}],"wp:term":[{"taxonomy":"product_brand","embeddable":true,"href":"https:\/\/moldearte.com\/en\/wp-json\/wp\/v2\/product_brand?post=13023"},{"taxonomy":"product_cat","embeddable":true,"href":"https:\/\/moldearte.com\/en\/wp-json\/wp\/v2\/product_cat?post=13023"},{"taxonomy":"product_tag","embeddable":true,"href":"https:\/\/moldearte.com\/en\/wp-json\/wp\/v2\/product_tag?post=13023"},{"taxonomy":"giftcard-category","embeddable":true,"href":"https:\/\/moldearte.com\/en\/wp-json\/wp\/v2\/giftcard-category?post=13023"}],"curies":[{"name":"wp","href":"https:\/\/api.w.org\/{rel}","templated":true}]}}