{"id":13018,"date":"2025-06-03T06:49:56","date_gmt":"2025-06-03T13:49:56","guid":{"rendered":"https:\/\/moldearte.com\/?post_type=product&#038;p=13018"},"modified":"2026-04-06T11:30:02","modified_gmt":"2026-04-06T18:30:02","slug":"levair-salmon-despigmentante","status":"publish","type":"product","link":"https:\/\/moldearte.com\/en\/tratamiento\/levair-salmon-despigmentante\/","title":{"rendered":"LEVAIR SALMON DESPIGMENTANTE\u00ae"},"content":{"rendered":"<h4>\u00bfQui\u00e9n es candidato a este tratamiento?<\/h4>\n<p>Es ideal para personas que presentan signos de envejecimiento como piel opaca, manchas, deshidrataci\u00f3n o p\u00e9rdida de elasticidad y desean una soluci\u00f3n regeneradora no invasiva.<\/p>\n<h4>Edad o tipo de piel ideal para realizarse el servicio<\/h4>\n<p>A partir de los 25 a\u00f1os, en pieles que han comenzado a mostrar signos de envejecimiento, pieles con foto da\u00f1o o pieles que desean recuperar vitalidad y uniformidad.<\/p>\n<h4>Los principales 5 beneficios del tratamiento<\/h4>\n<p>\ud83c\udf1f Mejora visiblemente la textura y luminosidad de la piel<br \/>\n\ud83d\udca7 Hidrata profundamente desde el interior<br \/>\n\ud83e\uddec Regenera tejidos gracias al ADN de salm\u00f3n<br \/>\n\ud83d\udc96 Unifica el tono y reduce la apariencia de manchas<br \/>\n\u23f3 Estimula la producci\u00f3n de col\u00e1geno y elastina<\/p>\n<p>\u00a1Dale a tu piel un boost de juventud y frescura con esta innovadora f\u00f3rmula biotecnol\u00f3gica! \ud83d\udc89\u2728<\/p>","protected":false},"excerpt":{"rendered":"<p>\u00a1Regenera, ilumina y revitaliza tu piel con el poder del ADN de salm\u00f3n! \ud83e\uddec\u2728\ud83d\udc96<\/p>\n<p>LeVair Salmon Therapy\u00ae con ADN de Salm\u00f3n es un tratamiento inyectable que combina potentes activos bioestimuladores con el ADN de salm\u00f3n, conocido por sus propiedades regenerativas. Ideal para quienes buscan una piel m\u00e1s firme, uniforme y con un brillo natural, desde la primera sesi\u00f3n.<\/p>\n<h4>\u00bfQu\u00e9 incluye el tratamiento? \ud83d\udc96<\/h4>\n<p>Una aplicaci\u00f3n de LeVair Salmon Despigmentante\u00ae en rostro.<br \/>\n<span style=\"color: #c02c30;\"><strong>\ud83d\udcb8 Precio pagando en efectivo en sucursal: $5,500 MXN. (v\u00e1lido del 5 al 18 de abril del 2026)<\/strong><\/span><br \/>\n<span class=\"fontstyle0\"><span style=\"color: #ff914d;\"><strong>*Cuenta con 60 d\u00edas para realizarse el tratamiento a partir de su compra<\/strong><\/span><\/span><\/p>","protected":false},"featured_media":216,"template":"","meta":[],"product_brand":[],"product_cat":[240,262,26],"product_tag":[],"giftcard-category":[],"class_list":{"0":"post-13018","1":"product","2":"type-product","3":"status-publish","4":"has-post-thumbnail","6":"product_cat-anti-flacidez","7":"product_cat-promosmedicas","8":"product_cat-txmedicos","10":"first","11":"instock","12":"sale","13":"virtual","14":"purchasable","15":"product-type-simple"},"yoast_head":"<!-- This site is optimized with the Yoast SEO Premium plugin v27.2 (Yoast SEO v27.3) - https:\/\/yoast.com\/product\/yoast-seo-premium-wordpress\/ -->\n<title>LEVAIR SALMON DESPIGMENTANTE\u00ae - MoldeArte | L\u00edderes en Medicina Est\u00e9tica en Tijuana y Rosarito<\/title>\n<meta name=\"robots\" content=\"index, follow, max-snippet:-1, max-image-preview:large, max-video-preview:-1\" \/>\n<link rel=\"canonical\" href=\"https:\/\/moldearte.com\/en\/tratamiento\/levair-salmon-despigmentante\/\" \/>\n<meta property=\"og:locale\" content=\"en_US\" \/>\n<meta property=\"og:type\" content=\"article\" \/>\n<meta property=\"og:title\" content=\"LEVAIR SALMON DESPIGMENTANTE\u00ae\" \/>\n<meta property=\"og:description\" content=\"\u00a1Regenera, ilumina y revitaliza tu piel con el poder del ADN de salm\u00f3n! \ud83e\uddec\u2728\ud83d\udc96  LeVair Salmon Therapy\u00ae con ADN de Salm\u00f3n es un tratamiento inyectable que combina potentes activos bioestimuladores con el ADN de salm\u00f3n, conocido por sus propiedades regenerativas. Ideal para quienes buscan una piel m\u00e1s firme, uniforme y con un brillo natural, desde la primera sesi\u00f3n. \u00bfQu\u00e9 incluye el tratamiento? \ud83d\udc96 Una aplicaci\u00f3n de LeVair Salmon Despigmentante\u00ae en rostro. \ud83d\udcb8 Precio pagando en efectivo en sucursal: $5,500 MXN. (v\u00e1lido del 5 al 18 de abril del 2026) *Cuenta con 60 d\u00edas para realizarse el tratamiento a partir de su compra\" \/>\n<meta property=\"og:url\" content=\"https:\/\/moldearte.com\/en\/tratamiento\/levair-salmon-despigmentante\/\" \/>\n<meta property=\"og:site_name\" content=\"MoldeArte | L\u00edderes en Medicina Est\u00e9tica en Tijuana y Rosarito\" \/>\n<meta property=\"article:modified_time\" content=\"2026-04-06T18:30:02+00:00\" \/>\n<meta property=\"og:image\" content=\"https:\/\/moldearte.com\/wp-content\/uploads\/2023\/01\/prp-tijuana.png\" \/>\n\t<meta property=\"og:image:width\" content=\"1080\" \/>\n\t<meta property=\"og:image:height\" content=\"1080\" \/>\n\t<meta property=\"og:image:type\" content=\"image\/png\" \/>\n<meta name=\"twitter:card\" content=\"summary_large_image\" \/>\n<meta name=\"twitter:label1\" content=\"Price\" \/>\n\t<meta name=\"twitter:data1\" content=\"&#036;6,050.00\" \/>\n\t<meta name=\"twitter:label2\" content=\"Availability\" \/>\n\t<meta name=\"twitter:data2\" content=\"In stock\" \/>\n<script type=\"application\/ld+json\" class=\"yoast-schema-graph\">{\"@context\":\"https:\\\/\\\/schema.org\",\"@graph\":[{\"@type\":\"WebPage\",\"@id\":\"https:\\\/\\\/moldearte.com\\\/tratamiento\\\/levair-salmon-despigmentante\\\/\",\"url\":\"https:\\\/\\\/moldearte.com\\\/tratamiento\\\/levair-salmon-despigmentante\\\/\",\"name\":\"LEVAIR SALMON DESPIGMENTANTE\u00ae - MoldeArte | L\u00edderes en Medicina Est\u00e9tica en Tijuana y Rosarito\",\"isPartOf\":{\"@id\":\"https:\\\/\\\/moldearte.com\\\/#website\"},\"primaryImageOfPage\":{\"@id\":\"https:\\\/\\\/moldearte.com\\\/tratamiento\\\/levair-salmon-despigmentante\\\/#primaryimage\"},\"image\":{\"@id\":\"https:\\\/\\\/moldearte.com\\\/tratamiento\\\/levair-salmon-despigmentante\\\/#primaryimage\"},\"thumbnailUrl\":\"https:\\\/\\\/moldearte.com\\\/wp-content\\\/uploads\\\/2023\\\/01\\\/prp-tijuana.png\",\"datePublished\":\"2025-06-03T13:49:56+00:00\",\"dateModified\":\"2026-04-06T18:30:02+00:00\",\"breadcrumb\":{\"@id\":\"https:\\\/\\\/moldearte.com\\\/tratamiento\\\/levair-salmon-despigmentante\\\/#breadcrumb\"},\"inLanguage\":\"en-US\",\"potentialAction\":[{\"@type\":\"ReadAction\",\"target\":[\"https:\\\/\\\/moldearte.com\\\/tratamiento\\\/levair-salmon-despigmentante\\\/\"]}]},{\"@type\":\"ImageObject\",\"inLanguage\":\"en-US\",\"@id\":\"https:\\\/\\\/moldearte.com\\\/tratamiento\\\/levair-salmon-despigmentante\\\/#primaryimage\",\"url\":\"https:\\\/\\\/moldearte.com\\\/wp-content\\\/uploads\\\/2023\\\/01\\\/prp-tijuana.png\",\"contentUrl\":\"https:\\\/\\\/moldearte.com\\\/wp-content\\\/uploads\\\/2023\\\/01\\\/prp-tijuana.png\",\"width\":1080,\"height\":1080,\"caption\":\"Plasma Rico en Plaquetas San Ysidro\"},{\"@type\":\"BreadcrumbList\",\"@id\":\"https:\\\/\\\/moldearte.com\\\/tratamiento\\\/levair-salmon-despigmentante\\\/#breadcrumb\",\"itemListElement\":[{\"@type\":\"ListItem\",\"position\":1,\"name\":\"Portada\",\"item\":\"https:\\\/\\\/moldearte.com\\\/\"},{\"@type\":\"ListItem\",\"position\":2,\"name\":\"Tienda\",\"item\":\"https:\\\/\\\/moldearte.com\\\/en\\\/tienda\\\/\"},{\"@type\":\"ListItem\",\"position\":3,\"name\":\"LEVAIR SALMON DESPIGMENTANTE\u00ae\"}]},{\"@type\":\"WebSite\",\"@id\":\"https:\\\/\\\/moldearte.com\\\/#website\",\"url\":\"https:\\\/\\\/moldearte.com\\\/\",\"name\":\"MoldeArte | L\u00edderes en Medicina Est\u00e9tica en Tijuana y Rosarito\",\"description\":\"Rejuvenecimiento Facial y corporal sin cirug\u00eda\",\"publisher\":{\"@id\":\"https:\\\/\\\/moldearte.com\\\/#organization\"},\"potentialAction\":[{\"@type\":\"SearchAction\",\"target\":{\"@type\":\"EntryPoint\",\"urlTemplate\":\"https:\\\/\\\/moldearte.com\\\/?s={search_term_string}\"},\"query-input\":{\"@type\":\"PropertyValueSpecification\",\"valueRequired\":true,\"valueName\":\"search_term_string\"}}],\"inLanguage\":\"en-US\"},{\"@type\":\"Organization\",\"@id\":\"https:\\\/\\\/moldearte.com\\\/#organization\",\"name\":\"MoldeArte | L\u00edderes en Medicina Est\u00e9tica en Tijuana y Rosarito\",\"url\":\"https:\\\/\\\/moldearte.com\\\/\",\"logo\":{\"@type\":\"ImageObject\",\"inLanguage\":\"en-US\",\"@id\":\"https:\\\/\\\/moldearte.com\\\/#\\\/schema\\\/logo\\\/image\\\/\",\"url\":\"https:\\\/\\\/moldearte.com\\\/wp-content\\\/uploads\\\/2023\\\/01\\\/cropped-cropped-rejuvenecimiento-facial-sin-cirugia-tijuana.png\",\"contentUrl\":\"https:\\\/\\\/moldearte.com\\\/wp-content\\\/uploads\\\/2023\\\/01\\\/cropped-cropped-rejuvenecimiento-facial-sin-cirugia-tijuana.png\",\"width\":3255,\"height\":1059,\"caption\":\"MoldeArte | L\u00edderes en Medicina Est\u00e9tica en Tijuana y Rosarito\"},\"image\":{\"@id\":\"https:\\\/\\\/moldearte.com\\\/#\\\/schema\\\/logo\\\/image\\\/\"}}]}<\/script>\n<meta property=\"product:price:amount\" content=\"6050.00\" \/>\n<meta property=\"product:price:currency\" content=\"MXN\" \/>\n<meta property=\"og:availability\" content=\"instock\" \/>\n<meta property=\"product:availability\" content=\"instock\" \/>\n<meta property=\"product:condition\" content=\"new\" \/>\n<!-- \/ Yoast SEO Premium plugin. -->","yoast_head_json":{"title":"LEVAIR SALMON DESPIGMENTANTE\u00ae - MoldeArte | L\u00edderes en Medicina Est\u00e9tica en Tijuana y Rosarito","robots":{"index":"index","follow":"follow","max-snippet":"max-snippet:-1","max-image-preview":"max-image-preview:large","max-video-preview":"max-video-preview:-1"},"canonical":"https:\/\/moldearte.com\/en\/tratamiento\/levair-salmon-despigmentante\/","og_locale":"en_US","og_type":"article","og_title":"LEVAIR SALMON DESPIGMENTANTE\u00ae","og_description":"\u00a1Regenera, ilumina y revitaliza tu piel con el poder del ADN de salm\u00f3n! \ud83e\uddec\u2728\ud83d\udc96  LeVair Salmon Therapy\u00ae con ADN de Salm\u00f3n es un tratamiento inyectable que combina potentes activos bioestimuladores con el ADN de salm\u00f3n, conocido por sus propiedades regenerativas. Ideal para quienes buscan una piel m\u00e1s firme, uniforme y con un brillo natural, desde la primera sesi\u00f3n. \u00bfQu\u00e9 incluye el tratamiento? \ud83d\udc96 Una aplicaci\u00f3n de LeVair Salmon Despigmentante\u00ae en rostro. \ud83d\udcb8 Precio pagando en efectivo en sucursal: $5,500 MXN. (v\u00e1lido del 5 al 18 de abril del 2026) *Cuenta con 60 d\u00edas para realizarse el tratamiento a partir de su compra","og_url":"https:\/\/moldearte.com\/en\/tratamiento\/levair-salmon-despigmentante\/","og_site_name":"MoldeArte | L\u00edderes en Medicina Est\u00e9tica en Tijuana y Rosarito","article_modified_time":"2026-04-06T18:30:02+00:00","og_image":[{"width":1080,"height":1080,"url":"https:\/\/moldearte.com\/wp-content\/uploads\/2023\/01\/prp-tijuana.png","type":"image\/png"}],"twitter_card":"summary_large_image","twitter_misc":{"Price":"&#36;6,050.00","Availability":"In stock"},"schema":{"@context":"https:\/\/schema.org","@graph":[{"@type":"WebPage","@id":"https:\/\/moldearte.com\/tratamiento\/levair-salmon-despigmentante\/","url":"https:\/\/moldearte.com\/tratamiento\/levair-salmon-despigmentante\/","name":"LEVAIR SALMON DESPIGMENTANTE\u00ae - MoldeArte | L\u00edderes en Medicina Est\u00e9tica en Tijuana y Rosarito","isPartOf":{"@id":"https:\/\/moldearte.com\/#website"},"primaryImageOfPage":{"@id":"https:\/\/moldearte.com\/tratamiento\/levair-salmon-despigmentante\/#primaryimage"},"image":{"@id":"https:\/\/moldearte.com\/tratamiento\/levair-salmon-despigmentante\/#primaryimage"},"thumbnailUrl":"https:\/\/moldearte.com\/wp-content\/uploads\/2023\/01\/prp-tijuana.png","datePublished":"2025-06-03T13:49:56+00:00","dateModified":"2026-04-06T18:30:02+00:00","breadcrumb":{"@id":"https:\/\/moldearte.com\/tratamiento\/levair-salmon-despigmentante\/#breadcrumb"},"inLanguage":"en-US","potentialAction":[{"@type":"ReadAction","target":["https:\/\/moldearte.com\/tratamiento\/levair-salmon-despigmentante\/"]}]},{"@type":"ImageObject","inLanguage":"en-US","@id":"https:\/\/moldearte.com\/tratamiento\/levair-salmon-despigmentante\/#primaryimage","url":"https:\/\/moldearte.com\/wp-content\/uploads\/2023\/01\/prp-tijuana.png","contentUrl":"https:\/\/moldearte.com\/wp-content\/uploads\/2023\/01\/prp-tijuana.png","width":1080,"height":1080,"caption":"Plasma Rico en Plaquetas San Ysidro"},{"@type":"BreadcrumbList","@id":"https:\/\/moldearte.com\/tratamiento\/levair-salmon-despigmentante\/#breadcrumb","itemListElement":[{"@type":"ListItem","position":1,"name":"Portada","item":"https:\/\/moldearte.com\/"},{"@type":"ListItem","position":2,"name":"Tienda","item":"https:\/\/moldearte.com\/en\/tienda\/"},{"@type":"ListItem","position":3,"name":"LEVAIR SALMON DESPIGMENTANTE\u00ae"}]},{"@type":"WebSite","@id":"https:\/\/moldearte.com\/#website","url":"https:\/\/moldearte.com\/","name":"MoldeArte | L\u00edderes en Medicina Est\u00e9tica en Tijuana y Rosarito","description":"Rejuvenecimiento Facial y corporal sin cirug\u00eda","publisher":{"@id":"https:\/\/moldearte.com\/#organization"},"potentialAction":[{"@type":"SearchAction","target":{"@type":"EntryPoint","urlTemplate":"https:\/\/moldearte.com\/?s={search_term_string}"},"query-input":{"@type":"PropertyValueSpecification","valueRequired":true,"valueName":"search_term_string"}}],"inLanguage":"en-US"},{"@type":"Organization","@id":"https:\/\/moldearte.com\/#organization","name":"MoldeArte | L\u00edderes en Medicina Est\u00e9tica en Tijuana y Rosarito","url":"https:\/\/moldearte.com\/","logo":{"@type":"ImageObject","inLanguage":"en-US","@id":"https:\/\/moldearte.com\/#\/schema\/logo\/image\/","url":"https:\/\/moldearte.com\/wp-content\/uploads\/2023\/01\/cropped-cropped-rejuvenecimiento-facial-sin-cirugia-tijuana.png","contentUrl":"https:\/\/moldearte.com\/wp-content\/uploads\/2023\/01\/cropped-cropped-rejuvenecimiento-facial-sin-cirugia-tijuana.png","width":3255,"height":1059,"caption":"MoldeArte | L\u00edderes en Medicina Est\u00e9tica en Tijuana y Rosarito"},"image":{"@id":"https:\/\/moldearte.com\/#\/schema\/logo\/image\/"}}]},"product_price_amount":"6050.00","product_price_currency":"MXN","og_availability":"instock","product_availability":"instock","product_condition":"new"},"_links":{"self":[{"href":"https:\/\/moldearte.com\/en\/wp-json\/wp\/v2\/product\/13018","targetHints":{"allow":["GET"]}}],"collection":[{"href":"https:\/\/moldearte.com\/en\/wp-json\/wp\/v2\/product"}],"about":[{"href":"https:\/\/moldearte.com\/en\/wp-json\/wp\/v2\/types\/product"}],"wp:featuredmedia":[{"embeddable":true,"href":"https:\/\/moldearte.com\/en\/wp-json\/wp\/v2\/media\/216"}],"wp:attachment":[{"href":"https:\/\/moldearte.com\/en\/wp-json\/wp\/v2\/media?parent=13018"}],"wp:term":[{"taxonomy":"product_brand","embeddable":true,"href":"https:\/\/moldearte.com\/en\/wp-json\/wp\/v2\/product_brand?post=13018"},{"taxonomy":"product_cat","embeddable":true,"href":"https:\/\/moldearte.com\/en\/wp-json\/wp\/v2\/product_cat?post=13018"},{"taxonomy":"product_tag","embeddable":true,"href":"https:\/\/moldearte.com\/en\/wp-json\/wp\/v2\/product_tag?post=13018"},{"taxonomy":"giftcard-category","embeddable":true,"href":"https:\/\/moldearte.com\/en\/wp-json\/wp\/v2\/giftcard-category?post=13018"}],"curies":[{"name":"wp","href":"https:\/\/api.w.org\/{rel}","templated":true}]}}