{"id":12981,"date":"2025-06-03T06:07:37","date_gmt":"2025-06-03T13:07:37","guid":{"rendered":"https:\/\/moldearte.com\/?post_type=product&#038;p=12981"},"modified":"2025-10-06T16:13:28","modified_gmt":"2025-10-06T23:13:28","slug":"facial-limpieza-profunda-media-espalda","status":"publish","type":"product","link":"https:\/\/moldearte.com\/en\/tratamiento\/facial-limpieza-profunda-media-espalda\/","title":{"rendered":"LIMPIEZA PROFUNDA EN MEDIA ESPALDA"},"content":{"rendered":"<h4 data-start=\"360\" data-end=\"402\">\u00bfQui\u00e9n es candidato a ese tratamiento?<\/h4>\n<p data-start=\"403\" data-end=\"582\">Es perfecto para personas que presentan piel grasa, poros congestionados o acn\u00e9 en la espalda, y para aquellos que simplemente desean una piel m\u00e1s limpia y saludable en esta zona.<\/p>\n<h4 data-start=\"584\" data-end=\"641\">Edad o tipo de piel ideal para realizarse el servicio<\/h4>\n<p data-start=\"642\" data-end=\"815\">Recomendado para adultos de cualquier edad. Funciona en todo tipo de piel, especialmente en pieles con tendencia a la grasa o a la formaci\u00f3n de imperfecciones en la espalda.<\/p>\n<h4 data-start=\"817\" data-end=\"861\">Principales 5 beneficios del tratamiento<\/h4>\n<ol data-start=\"862\" data-end=\"1354\">\n<li data-start=\"862\" data-end=\"965\">\n<p data-start=\"865\" data-end=\"965\"><strong data-start=\"865\" data-end=\"893\">Eliminaci\u00f3n de impurezas<\/strong>: Limpia profundamente la piel, eliminando restos de suciedad y grasa.<\/p>\n<\/li>\n<li data-start=\"966\" data-end=\"1057\">\n<p data-start=\"969\" data-end=\"1057\"><strong data-start=\"969\" data-end=\"993\">Exfoliaci\u00f3n efectiva<\/strong>: Remueve c\u00e9lulas muertas para promover la renovaci\u00f3n celular.<\/p>\n<\/li>\n<li data-start=\"1058\" data-end=\"1158\">\n<p data-start=\"1061\" data-end=\"1158\"><strong data-start=\"1061\" data-end=\"1084\">Prevenci\u00f3n del acn\u00e9<\/strong>: Desobstruye los poros, reduciendo la aparici\u00f3n de brotes y espinillas.<\/p>\n<\/li>\n<li data-start=\"1159\" data-end=\"1249\">\n<p data-start=\"1162\" data-end=\"1249\"><strong data-start=\"1162\" data-end=\"1186\">Mejora de la textura<\/strong>: Deja la piel m\u00e1s suave, uniforme y con un aspecto renovado.<\/p>\n<\/li>\n<li data-start=\"1250\" data-end=\"1354\">\n<p data-start=\"1253\" data-end=\"1354\"><strong data-start=\"1253\" data-end=\"1290\">Sensaci\u00f3n de frescura y vitalidad<\/strong>: Revitaliza la piel, aport\u00e1ndole un brillo natural y saludable.<\/p>\n<\/li>\n<\/ol>\n<p data-start=\"1356\" data-end=\"1451\" data-is-last-node=\"\" data-is-only-node=\"\">\u00a1Disfruta de una espalda limpia y radiante y si\u00e9ntete incre\u00edble en cada prenda que luzcas! \ud83c\udf1f\ud83d\udc96<\/p>","protected":false},"excerpt":{"rendered":"<p data-start=\"0\" data-end=\"75\"><strong data-start=\"0\" data-end=\"75\">\u00a1Redescubre la frescura de tu espalda y luce una piel impecable! \u2728\ud83d\udc86\u200d\u2640\ufe0f<\/strong><\/p>\n<p data-start=\"77\" data-end=\"358\">La limpieza profunda en espalda es un tratamiento dise\u00f1ado para eliminar impurezas, c\u00e9lulas muertas y exceso de grasa, dejando la piel de la espalda limpia, suave y revitalizada. Ideal para quienes desean mejorar la apariencia de esta \u00e1rea y prevenir brotes de acn\u00e9 o irritaciones.<\/p>\n<h4>\u00bfQu\u00e9 incluye el tratamiento? \ud83d\udc96<\/h4>\n<p>Limpieza Profunda en media espalda con doble limpieza para eliminar residuos y contaminaci\u00f3n ambiental, uso de producto cosmetol\u00f3gico para abrir los poros y facilitar la extracci\u00f3n de puntos negros y aplicaci\u00f3n de mascarilla regenerante con arcilla y fango.<br \/>\n<span class=\"fontstyle0\"><span style=\"color: #ff914d;\"><strong>*Cuenta con 60 d\u00edas para realizarse el tratamiento a partir de su compra<\/strong><\/span><\/span><\/p>","protected":false},"featured_media":8053,"template":"","meta":[],"product_brand":[],"product_cat":[235,27],"product_tag":[],"giftcard-category":[],"class_list":{"0":"post-12981","1":"product","2":"type-product","3":"status-publish","4":"has-post-thumbnail","6":"product_cat-faciales","7":"product_cat-txcosmetologicos","9":"first","10":"instock","11":"virtual","12":"purchasable","13":"product-type-simple"},"yoast_head":"<!-- This site is optimized with the Yoast SEO Premium plugin v27.2 (Yoast SEO v27.3) - https:\/\/yoast.com\/product\/yoast-seo-premium-wordpress\/ -->\n<title>LIMPIEZA PROFUNDA EN MEDIA ESPALDA - MoldeArte | L\u00edderes en Medicina Est\u00e9tica en Tijuana y Rosarito<\/title>\n<meta name=\"robots\" content=\"index, follow, max-snippet:-1, max-image-preview:large, max-video-preview:-1\" \/>\n<link rel=\"canonical\" href=\"https:\/\/moldearte.com\/en\/tratamiento\/facial-limpieza-profunda-media-espalda\/\" \/>\n<meta property=\"og:locale\" content=\"en_US\" \/>\n<meta property=\"og:type\" content=\"article\" \/>\n<meta property=\"og:title\" content=\"LIMPIEZA PROFUNDA EN MEDIA ESPALDA\" \/>\n<meta property=\"og:description\" content=\"\u00a1Redescubre la frescura de tu espalda y luce una piel impecable! \u2728\ud83d\udc86\u200d\u2640\ufe0f La limpieza profunda en espalda es un tratamiento dise\u00f1ado para eliminar impurezas, c\u00e9lulas muertas y exceso de grasa, dejando la piel de la espalda limpia, suave y revitalizada. Ideal para quienes desean mejorar la apariencia de esta \u00e1rea y prevenir brotes de acn\u00e9 o irritaciones.  \u00bfQu\u00e9 incluye el tratamiento? \ud83d\udc96 Limpieza Profunda en media espalda con doble limpieza para eliminar residuos y contaminaci\u00f3n ambiental, uso de producto cosmetol\u00f3gico para abrir los poros y facilitar la extracci\u00f3n de puntos negros y aplicaci\u00f3n de mascarilla regenerante con arcilla y fango. *Cuenta con 60 d\u00edas para realizarse el tratamiento a partir de su compra\" \/>\n<meta property=\"og:url\" content=\"https:\/\/moldearte.com\/en\/tratamiento\/facial-limpieza-profunda-media-espalda\/\" \/>\n<meta property=\"og:site_name\" content=\"MoldeArte | L\u00edderes en Medicina Est\u00e9tica en Tijuana y Rosarito\" \/>\n<meta property=\"article:modified_time\" content=\"2025-10-06T23:13:28+00:00\" \/>\n<meta property=\"og:image\" content=\"https:\/\/moldearte.com\/wp-content\/uploads\/2024\/11\/radio-corporal.png\" \/>\n\t<meta property=\"og:image:width\" content=\"1080\" \/>\n\t<meta property=\"og:image:height\" content=\"1080\" \/>\n\t<meta property=\"og:image:type\" content=\"image\/png\" \/>\n<meta name=\"twitter:card\" content=\"summary_large_image\" \/>\n<meta name=\"twitter:label1\" content=\"Price\" \/>\n\t<meta name=\"twitter:data1\" content=\"&#036;1,600.00\" \/>\n\t<meta name=\"twitter:label2\" content=\"Availability\" \/>\n\t<meta name=\"twitter:data2\" content=\"In stock\" \/>\n<script type=\"application\/ld+json\" class=\"yoast-schema-graph\">{\"@context\":\"https:\\\/\\\/schema.org\",\"@graph\":[{\"@type\":\"WebPage\",\"@id\":\"https:\\\/\\\/moldearte.com\\\/tratamiento\\\/facial-limpieza-profunda-media-espalda\\\/\",\"url\":\"https:\\\/\\\/moldearte.com\\\/tratamiento\\\/facial-limpieza-profunda-media-espalda\\\/\",\"name\":\"LIMPIEZA PROFUNDA EN MEDIA ESPALDA - MoldeArte | L\u00edderes en Medicina Est\u00e9tica en Tijuana y Rosarito\",\"isPartOf\":{\"@id\":\"https:\\\/\\\/moldearte.com\\\/#website\"},\"primaryImageOfPage\":{\"@id\":\"https:\\\/\\\/moldearte.com\\\/tratamiento\\\/facial-limpieza-profunda-media-espalda\\\/#primaryimage\"},\"image\":{\"@id\":\"https:\\\/\\\/moldearte.com\\\/tratamiento\\\/facial-limpieza-profunda-media-espalda\\\/#primaryimage\"},\"thumbnailUrl\":\"https:\\\/\\\/moldearte.com\\\/wp-content\\\/uploads\\\/2024\\\/11\\\/radio-corporal.png\",\"datePublished\":\"2025-06-03T13:07:37+00:00\",\"dateModified\":\"2025-10-06T23:13:28+00:00\",\"breadcrumb\":{\"@id\":\"https:\\\/\\\/moldearte.com\\\/tratamiento\\\/facial-limpieza-profunda-media-espalda\\\/#breadcrumb\"},\"inLanguage\":\"en-US\",\"potentialAction\":[{\"@type\":\"ReadAction\",\"target\":[\"https:\\\/\\\/moldearte.com\\\/tratamiento\\\/facial-limpieza-profunda-media-espalda\\\/\"]}]},{\"@type\":\"ImageObject\",\"inLanguage\":\"en-US\",\"@id\":\"https:\\\/\\\/moldearte.com\\\/tratamiento\\\/facial-limpieza-profunda-media-espalda\\\/#primaryimage\",\"url\":\"https:\\\/\\\/moldearte.com\\\/wp-content\\\/uploads\\\/2024\\\/11\\\/radio-corporal.png\",\"contentUrl\":\"https:\\\/\\\/moldearte.com\\\/wp-content\\\/uploads\\\/2024\\\/11\\\/radio-corporal.png\",\"width\":1080,\"height\":1080},{\"@type\":\"BreadcrumbList\",\"@id\":\"https:\\\/\\\/moldearte.com\\\/tratamiento\\\/facial-limpieza-profunda-media-espalda\\\/#breadcrumb\",\"itemListElement\":[{\"@type\":\"ListItem\",\"position\":1,\"name\":\"Portada\",\"item\":\"https:\\\/\\\/moldearte.com\\\/\"},{\"@type\":\"ListItem\",\"position\":2,\"name\":\"Tienda\",\"item\":\"https:\\\/\\\/moldearte.com\\\/en\\\/tienda\\\/\"},{\"@type\":\"ListItem\",\"position\":3,\"name\":\"LIMPIEZA PROFUNDA EN MEDIA ESPALDA\"}]},{\"@type\":\"WebSite\",\"@id\":\"https:\\\/\\\/moldearte.com\\\/#website\",\"url\":\"https:\\\/\\\/moldearte.com\\\/\",\"name\":\"MoldeArte | L\u00edderes en Medicina Est\u00e9tica en Tijuana y Rosarito\",\"description\":\"Rejuvenecimiento Facial y corporal sin cirug\u00eda\",\"publisher\":{\"@id\":\"https:\\\/\\\/moldearte.com\\\/#organization\"},\"potentialAction\":[{\"@type\":\"SearchAction\",\"target\":{\"@type\":\"EntryPoint\",\"urlTemplate\":\"https:\\\/\\\/moldearte.com\\\/?s={search_term_string}\"},\"query-input\":{\"@type\":\"PropertyValueSpecification\",\"valueRequired\":true,\"valueName\":\"search_term_string\"}}],\"inLanguage\":\"en-US\"},{\"@type\":\"Organization\",\"@id\":\"https:\\\/\\\/moldearte.com\\\/#organization\",\"name\":\"MoldeArte | L\u00edderes en Medicina Est\u00e9tica en Tijuana y Rosarito\",\"url\":\"https:\\\/\\\/moldearte.com\\\/\",\"logo\":{\"@type\":\"ImageObject\",\"inLanguage\":\"en-US\",\"@id\":\"https:\\\/\\\/moldearte.com\\\/#\\\/schema\\\/logo\\\/image\\\/\",\"url\":\"https:\\\/\\\/moldearte.com\\\/wp-content\\\/uploads\\\/2023\\\/01\\\/cropped-cropped-rejuvenecimiento-facial-sin-cirugia-tijuana.png\",\"contentUrl\":\"https:\\\/\\\/moldearte.com\\\/wp-content\\\/uploads\\\/2023\\\/01\\\/cropped-cropped-rejuvenecimiento-facial-sin-cirugia-tijuana.png\",\"width\":3255,\"height\":1059,\"caption\":\"MoldeArte | L\u00edderes en Medicina Est\u00e9tica en Tijuana y Rosarito\"},\"image\":{\"@id\":\"https:\\\/\\\/moldearte.com\\\/#\\\/schema\\\/logo\\\/image\\\/\"}}]}<\/script>\n<meta property=\"product:price:amount\" content=\"1600.00\" \/>\n<meta property=\"product:price:currency\" content=\"MXN\" \/>\n<meta property=\"og:availability\" content=\"instock\" \/>\n<meta property=\"product:availability\" content=\"instock\" \/>\n<meta property=\"product:condition\" content=\"new\" \/>\n<!-- \/ Yoast SEO Premium plugin. -->","yoast_head_json":{"title":"LIMPIEZA PROFUNDA EN MEDIA ESPALDA - MoldeArte | L\u00edderes en Medicina Est\u00e9tica en Tijuana y Rosarito","robots":{"index":"index","follow":"follow","max-snippet":"max-snippet:-1","max-image-preview":"max-image-preview:large","max-video-preview":"max-video-preview:-1"},"canonical":"https:\/\/moldearte.com\/en\/tratamiento\/facial-limpieza-profunda-media-espalda\/","og_locale":"en_US","og_type":"article","og_title":"LIMPIEZA PROFUNDA EN MEDIA ESPALDA","og_description":"\u00a1Redescubre la frescura de tu espalda y luce una piel impecable! \u2728\ud83d\udc86\u200d\u2640\ufe0f La limpieza profunda en espalda es un tratamiento dise\u00f1ado para eliminar impurezas, c\u00e9lulas muertas y exceso de grasa, dejando la piel de la espalda limpia, suave y revitalizada. Ideal para quienes desean mejorar la apariencia de esta \u00e1rea y prevenir brotes de acn\u00e9 o irritaciones.  \u00bfQu\u00e9 incluye el tratamiento? \ud83d\udc96 Limpieza Profunda en media espalda con doble limpieza para eliminar residuos y contaminaci\u00f3n ambiental, uso de producto cosmetol\u00f3gico para abrir los poros y facilitar la extracci\u00f3n de puntos negros y aplicaci\u00f3n de mascarilla regenerante con arcilla y fango. *Cuenta con 60 d\u00edas para realizarse el tratamiento a partir de su compra","og_url":"https:\/\/moldearte.com\/en\/tratamiento\/facial-limpieza-profunda-media-espalda\/","og_site_name":"MoldeArte | L\u00edderes en Medicina Est\u00e9tica en Tijuana y Rosarito","article_modified_time":"2025-10-06T23:13:28+00:00","og_image":[{"width":1080,"height":1080,"url":"https:\/\/moldearte.com\/wp-content\/uploads\/2024\/11\/radio-corporal.png","type":"image\/png"}],"twitter_card":"summary_large_image","twitter_misc":{"Price":"&#36;1,600.00","Availability":"In stock"},"schema":{"@context":"https:\/\/schema.org","@graph":[{"@type":"WebPage","@id":"https:\/\/moldearte.com\/tratamiento\/facial-limpieza-profunda-media-espalda\/","url":"https:\/\/moldearte.com\/tratamiento\/facial-limpieza-profunda-media-espalda\/","name":"LIMPIEZA PROFUNDA EN MEDIA ESPALDA - MoldeArte | L\u00edderes en Medicina Est\u00e9tica en Tijuana y Rosarito","isPartOf":{"@id":"https:\/\/moldearte.com\/#website"},"primaryImageOfPage":{"@id":"https:\/\/moldearte.com\/tratamiento\/facial-limpieza-profunda-media-espalda\/#primaryimage"},"image":{"@id":"https:\/\/moldearte.com\/tratamiento\/facial-limpieza-profunda-media-espalda\/#primaryimage"},"thumbnailUrl":"https:\/\/moldearte.com\/wp-content\/uploads\/2024\/11\/radio-corporal.png","datePublished":"2025-06-03T13:07:37+00:00","dateModified":"2025-10-06T23:13:28+00:00","breadcrumb":{"@id":"https:\/\/moldearte.com\/tratamiento\/facial-limpieza-profunda-media-espalda\/#breadcrumb"},"inLanguage":"en-US","potentialAction":[{"@type":"ReadAction","target":["https:\/\/moldearte.com\/tratamiento\/facial-limpieza-profunda-media-espalda\/"]}]},{"@type":"ImageObject","inLanguage":"en-US","@id":"https:\/\/moldearte.com\/tratamiento\/facial-limpieza-profunda-media-espalda\/#primaryimage","url":"https:\/\/moldearte.com\/wp-content\/uploads\/2024\/11\/radio-corporal.png","contentUrl":"https:\/\/moldearte.com\/wp-content\/uploads\/2024\/11\/radio-corporal.png","width":1080,"height":1080},{"@type":"BreadcrumbList","@id":"https:\/\/moldearte.com\/tratamiento\/facial-limpieza-profunda-media-espalda\/#breadcrumb","itemListElement":[{"@type":"ListItem","position":1,"name":"Portada","item":"https:\/\/moldearte.com\/"},{"@type":"ListItem","position":2,"name":"Tienda","item":"https:\/\/moldearte.com\/en\/tienda\/"},{"@type":"ListItem","position":3,"name":"LIMPIEZA PROFUNDA EN MEDIA ESPALDA"}]},{"@type":"WebSite","@id":"https:\/\/moldearte.com\/#website","url":"https:\/\/moldearte.com\/","name":"MoldeArte | L\u00edderes en Medicina Est\u00e9tica en Tijuana y Rosarito","description":"Rejuvenecimiento Facial y corporal sin cirug\u00eda","publisher":{"@id":"https:\/\/moldearte.com\/#organization"},"potentialAction":[{"@type":"SearchAction","target":{"@type":"EntryPoint","urlTemplate":"https:\/\/moldearte.com\/?s={search_term_string}"},"query-input":{"@type":"PropertyValueSpecification","valueRequired":true,"valueName":"search_term_string"}}],"inLanguage":"en-US"},{"@type":"Organization","@id":"https:\/\/moldearte.com\/#organization","name":"MoldeArte | L\u00edderes en Medicina Est\u00e9tica en Tijuana y Rosarito","url":"https:\/\/moldearte.com\/","logo":{"@type":"ImageObject","inLanguage":"en-US","@id":"https:\/\/moldearte.com\/#\/schema\/logo\/image\/","url":"https:\/\/moldearte.com\/wp-content\/uploads\/2023\/01\/cropped-cropped-rejuvenecimiento-facial-sin-cirugia-tijuana.png","contentUrl":"https:\/\/moldearte.com\/wp-content\/uploads\/2023\/01\/cropped-cropped-rejuvenecimiento-facial-sin-cirugia-tijuana.png","width":3255,"height":1059,"caption":"MoldeArte | L\u00edderes en Medicina Est\u00e9tica en Tijuana y Rosarito"},"image":{"@id":"https:\/\/moldearte.com\/#\/schema\/logo\/image\/"}}]},"product_price_amount":"1600.00","product_price_currency":"MXN","og_availability":"instock","product_availability":"instock","product_condition":"new"},"_links":{"self":[{"href":"https:\/\/moldearte.com\/en\/wp-json\/wp\/v2\/product\/12981","targetHints":{"allow":["GET"]}}],"collection":[{"href":"https:\/\/moldearte.com\/en\/wp-json\/wp\/v2\/product"}],"about":[{"href":"https:\/\/moldearte.com\/en\/wp-json\/wp\/v2\/types\/product"}],"wp:featuredmedia":[{"embeddable":true,"href":"https:\/\/moldearte.com\/en\/wp-json\/wp\/v2\/media\/8053"}],"wp:attachment":[{"href":"https:\/\/moldearte.com\/en\/wp-json\/wp\/v2\/media?parent=12981"}],"wp:term":[{"taxonomy":"product_brand","embeddable":true,"href":"https:\/\/moldearte.com\/en\/wp-json\/wp\/v2\/product_brand?post=12981"},{"taxonomy":"product_cat","embeddable":true,"href":"https:\/\/moldearte.com\/en\/wp-json\/wp\/v2\/product_cat?post=12981"},{"taxonomy":"product_tag","embeddable":true,"href":"https:\/\/moldearte.com\/en\/wp-json\/wp\/v2\/product_tag?post=12981"},{"taxonomy":"giftcard-category","embeddable":true,"href":"https:\/\/moldearte.com\/en\/wp-json\/wp\/v2\/giftcard-category?post=12981"}],"curies":[{"name":"wp","href":"https:\/\/api.w.org\/{rel}","templated":true}]}}