{"id":10899,"date":"2025-04-29T16:20:24","date_gmt":"2025-04-29T23:20:24","guid":{"rendered":"https:\/\/moldearte.com\/?post_type=product&#038;p=10899"},"modified":"2025-05-21T16:28:23","modified_gmt":"2025-05-21T23:28:23","slug":"anticipo-a","status":"publish","type":"product","link":"https:\/\/moldearte.com\/en\/tratamiento\/anticipo-a\/","title":{"rendered":"Anticipo (A)"},"content":{"rendered":"<h4>\u00bfC\u00f3mo funciona?<\/h4>\n<ol>\n<li>Realiza el pago de anticipo m\u00ednimo correspondiente al servicio de tu inter\u00e9s, en este caso compras de $200 a $1,500 pesos.<\/li>\n<li>Recibir\u00e1s una confirmaci\u00f3n de tu pago por WhatsApp y correo electr\u00f3nico.<\/li>\n<li>Nuestro equipo podr\u00e1 agendar tu cita en el horario y fecha de tu elecci\u00f3n no mayor a 15 d\u00edas tras tu pago<\/li>\n<\/ol>\n<h4>\ud83d\udccc Importante saber:<\/h4>\n<ul>\n<li>El anticipo no es un cargo adicional, se descuenta del monto total del tratamiento.<\/li>\n<li>No disponible a cancelaci\u00f3n o cambio de fecha, tras agendar tu cita.<\/li>\n<li>Los anticipos tienen una vigencia de 15 d\u00edas a partir de la fecha de pago.<\/li>\n<li>El pago de anticipo no extiende la vigencia de las promociones.<\/li>\n<\/ul>","protected":false},"excerpt":{"rendered":"<p>Para brindarte una atenci\u00f3n personalizada y garantizar tu espacio en agenda, en nuestra cl\u00ednica solicitamos un anticipo previo para agendar tu cita.<\/p>\n<p>Este anticipo forma parte del costo total del tratamiento y nos permite asegurar la disponibilidad del equipo m\u00e9dico, producto y cabina asignada para ti.<\/p>\n<h5><strong>\ud83d\udd12 Tu lugar queda 100% reservado una vez realizado el pago.<\/strong><\/h5>","protected":false},"featured_media":10902,"template":"","meta":[],"product_brand":[],"product_cat":[277],"product_tag":[],"giftcard-category":[],"class_list":{"0":"post-10899","1":"product","2":"type-product","3":"status-publish","4":"has-post-thumbnail","6":"product_cat-anticipo","8":"first","9":"instock","10":"virtual","11":"purchasable","12":"product-type-simple"},"yoast_head":"<!-- This site is optimized with the Yoast SEO Premium plugin v27.2 (Yoast SEO v27.3) - https:\/\/yoast.com\/product\/yoast-seo-premium-wordpress\/ -->\n<title>Anticipo (A) - MoldeArte | L\u00edderes en Medicina Est\u00e9tica en Tijuana y Rosarito<\/title>\n<meta name=\"robots\" content=\"index, follow, max-snippet:-1, max-image-preview:large, max-video-preview:-1\" \/>\n<link rel=\"canonical\" href=\"https:\/\/moldearte.com\/en\/tratamiento\/anticipo-a\/\" \/>\n<meta property=\"og:locale\" content=\"en_US\" \/>\n<meta property=\"og:type\" content=\"article\" \/>\n<meta property=\"og:title\" content=\"Anticipo (A)\" \/>\n<meta property=\"og:description\" content=\"Para brindarte una atenci\u00f3n personalizada y garantizar tu espacio en agenda, en nuestra cl\u00ednica solicitamos un anticipo previo para agendar tu cita.  Este anticipo forma parte del costo total del tratamiento y nos permite asegurar la disponibilidad del equipo m\u00e9dico, producto y cabina asignada para ti. \ud83d\udd12 Tu lugar queda 100% reservado una vez realizado el pago.\" \/>\n<meta property=\"og:url\" content=\"https:\/\/moldearte.com\/en\/tratamiento\/anticipo-a\/\" \/>\n<meta property=\"og:site_name\" content=\"MoldeArte | L\u00edderes en Medicina Est\u00e9tica en Tijuana y Rosarito\" \/>\n<meta property=\"article:modified_time\" content=\"2025-05-21T23:28:23+00:00\" \/>\n<meta property=\"og:image\" content=\"https:\/\/moldearte.com\/wp-content\/uploads\/2025\/04\/anticipo.png\" \/>\n\t<meta property=\"og:image:width\" content=\"1080\" \/>\n\t<meta property=\"og:image:height\" content=\"1080\" \/>\n\t<meta property=\"og:image:type\" content=\"image\/png\" \/>\n<meta name=\"twitter:card\" content=\"summary_large_image\" \/>\n<meta name=\"twitter:label1\" content=\"Price\" \/>\n\t<meta name=\"twitter:data1\" content=\"&#036;200.00\" \/>\n\t<meta name=\"twitter:label2\" content=\"Availability\" \/>\n\t<meta name=\"twitter:data2\" content=\"In stock\" \/>\n<script type=\"application\/ld+json\" class=\"yoast-schema-graph\">{\"@context\":\"https:\\\/\\\/schema.org\",\"@graph\":[{\"@type\":\"WebPage\",\"@id\":\"https:\\\/\\\/moldearte.com\\\/tratamiento\\\/anticipo-a\\\/\",\"url\":\"https:\\\/\\\/moldearte.com\\\/tratamiento\\\/anticipo-a\\\/\",\"name\":\"Anticipo (A) - MoldeArte | L\u00edderes en Medicina Est\u00e9tica en Tijuana y Rosarito\",\"isPartOf\":{\"@id\":\"https:\\\/\\\/moldearte.com\\\/#website\"},\"primaryImageOfPage\":{\"@id\":\"https:\\\/\\\/moldearte.com\\\/tratamiento\\\/anticipo-a\\\/#primaryimage\"},\"image\":{\"@id\":\"https:\\\/\\\/moldearte.com\\\/tratamiento\\\/anticipo-a\\\/#primaryimage\"},\"thumbnailUrl\":\"https:\\\/\\\/moldearte.com\\\/wp-content\\\/uploads\\\/2025\\\/04\\\/anticipo.png\",\"datePublished\":\"2025-04-29T23:20:24+00:00\",\"dateModified\":\"2025-05-21T23:28:23+00:00\",\"breadcrumb\":{\"@id\":\"https:\\\/\\\/moldearte.com\\\/tratamiento\\\/anticipo-a\\\/#breadcrumb\"},\"inLanguage\":\"en-US\",\"potentialAction\":[{\"@type\":\"ReadAction\",\"target\":[\"https:\\\/\\\/moldearte.com\\\/tratamiento\\\/anticipo-a\\\/\"]}]},{\"@type\":\"ImageObject\",\"inLanguage\":\"en-US\",\"@id\":\"https:\\\/\\\/moldearte.com\\\/tratamiento\\\/anticipo-a\\\/#primaryimage\",\"url\":\"https:\\\/\\\/moldearte.com\\\/wp-content\\\/uploads\\\/2025\\\/04\\\/anticipo.png\",\"contentUrl\":\"https:\\\/\\\/moldearte.com\\\/wp-content\\\/uploads\\\/2025\\\/04\\\/anticipo.png\",\"width\":1080,\"height\":1080},{\"@type\":\"BreadcrumbList\",\"@id\":\"https:\\\/\\\/moldearte.com\\\/tratamiento\\\/anticipo-a\\\/#breadcrumb\",\"itemListElement\":[{\"@type\":\"ListItem\",\"position\":1,\"name\":\"Portada\",\"item\":\"https:\\\/\\\/moldearte.com\\\/\"},{\"@type\":\"ListItem\",\"position\":2,\"name\":\"Tienda\",\"item\":\"https:\\\/\\\/moldearte.com\\\/en\\\/tienda\\\/\"},{\"@type\":\"ListItem\",\"position\":3,\"name\":\"Anticipo (A)\"}]},{\"@type\":\"WebSite\",\"@id\":\"https:\\\/\\\/moldearte.com\\\/#website\",\"url\":\"https:\\\/\\\/moldearte.com\\\/\",\"name\":\"MoldeArte | L\u00edderes en Medicina Est\u00e9tica en Tijuana y Rosarito\",\"description\":\"Rejuvenecimiento Facial y corporal sin cirug\u00eda\",\"publisher\":{\"@id\":\"https:\\\/\\\/moldearte.com\\\/#organization\"},\"potentialAction\":[{\"@type\":\"SearchAction\",\"target\":{\"@type\":\"EntryPoint\",\"urlTemplate\":\"https:\\\/\\\/moldearte.com\\\/?s={search_term_string}\"},\"query-input\":{\"@type\":\"PropertyValueSpecification\",\"valueRequired\":true,\"valueName\":\"search_term_string\"}}],\"inLanguage\":\"en-US\"},{\"@type\":\"Organization\",\"@id\":\"https:\\\/\\\/moldearte.com\\\/#organization\",\"name\":\"MoldeArte | L\u00edderes en Medicina Est\u00e9tica en Tijuana y Rosarito\",\"url\":\"https:\\\/\\\/moldearte.com\\\/\",\"logo\":{\"@type\":\"ImageObject\",\"inLanguage\":\"en-US\",\"@id\":\"https:\\\/\\\/moldearte.com\\\/#\\\/schema\\\/logo\\\/image\\\/\",\"url\":\"https:\\\/\\\/moldearte.com\\\/wp-content\\\/uploads\\\/2023\\\/01\\\/cropped-cropped-rejuvenecimiento-facial-sin-cirugia-tijuana.png\",\"contentUrl\":\"https:\\\/\\\/moldearte.com\\\/wp-content\\\/uploads\\\/2023\\\/01\\\/cropped-cropped-rejuvenecimiento-facial-sin-cirugia-tijuana.png\",\"width\":3255,\"height\":1059,\"caption\":\"MoldeArte | L\u00edderes en Medicina Est\u00e9tica en Tijuana y Rosarito\"},\"image\":{\"@id\":\"https:\\\/\\\/moldearte.com\\\/#\\\/schema\\\/logo\\\/image\\\/\"}}]}<\/script>\n<meta property=\"product:price:amount\" content=\"200.00\" \/>\n<meta property=\"product:price:currency\" content=\"MXN\" \/>\n<meta property=\"og:availability\" content=\"instock\" \/>\n<meta property=\"product:availability\" content=\"instock\" \/>\n<meta property=\"product:condition\" content=\"new\" \/>\n<!-- \/ Yoast SEO Premium plugin. -->","yoast_head_json":{"title":"Anticipo (A) - MoldeArte | L\u00edderes en Medicina Est\u00e9tica en Tijuana y Rosarito","robots":{"index":"index","follow":"follow","max-snippet":"max-snippet:-1","max-image-preview":"max-image-preview:large","max-video-preview":"max-video-preview:-1"},"canonical":"https:\/\/moldearte.com\/en\/tratamiento\/anticipo-a\/","og_locale":"en_US","og_type":"article","og_title":"Anticipo (A)","og_description":"Para brindarte una atenci\u00f3n personalizada y garantizar tu espacio en agenda, en nuestra cl\u00ednica solicitamos un anticipo previo para agendar tu cita.  Este anticipo forma parte del costo total del tratamiento y nos permite asegurar la disponibilidad del equipo m\u00e9dico, producto y cabina asignada para ti. \ud83d\udd12 Tu lugar queda 100% reservado una vez realizado el pago.","og_url":"https:\/\/moldearte.com\/en\/tratamiento\/anticipo-a\/","og_site_name":"MoldeArte | L\u00edderes en Medicina Est\u00e9tica en Tijuana y Rosarito","article_modified_time":"2025-05-21T23:28:23+00:00","og_image":[{"width":1080,"height":1080,"url":"https:\/\/moldearte.com\/wp-content\/uploads\/2025\/04\/anticipo.png","type":"image\/png"}],"twitter_card":"summary_large_image","twitter_misc":{"Price":"&#36;200.00","Availability":"In stock"},"schema":{"@context":"https:\/\/schema.org","@graph":[{"@type":"WebPage","@id":"https:\/\/moldearte.com\/tratamiento\/anticipo-a\/","url":"https:\/\/moldearte.com\/tratamiento\/anticipo-a\/","name":"Anticipo (A) - MoldeArte | L\u00edderes en Medicina Est\u00e9tica en Tijuana y Rosarito","isPartOf":{"@id":"https:\/\/moldearte.com\/#website"},"primaryImageOfPage":{"@id":"https:\/\/moldearte.com\/tratamiento\/anticipo-a\/#primaryimage"},"image":{"@id":"https:\/\/moldearte.com\/tratamiento\/anticipo-a\/#primaryimage"},"thumbnailUrl":"https:\/\/moldearte.com\/wp-content\/uploads\/2025\/04\/anticipo.png","datePublished":"2025-04-29T23:20:24+00:00","dateModified":"2025-05-21T23:28:23+00:00","breadcrumb":{"@id":"https:\/\/moldearte.com\/tratamiento\/anticipo-a\/#breadcrumb"},"inLanguage":"en-US","potentialAction":[{"@type":"ReadAction","target":["https:\/\/moldearte.com\/tratamiento\/anticipo-a\/"]}]},{"@type":"ImageObject","inLanguage":"en-US","@id":"https:\/\/moldearte.com\/tratamiento\/anticipo-a\/#primaryimage","url":"https:\/\/moldearte.com\/wp-content\/uploads\/2025\/04\/anticipo.png","contentUrl":"https:\/\/moldearte.com\/wp-content\/uploads\/2025\/04\/anticipo.png","width":1080,"height":1080},{"@type":"BreadcrumbList","@id":"https:\/\/moldearte.com\/tratamiento\/anticipo-a\/#breadcrumb","itemListElement":[{"@type":"ListItem","position":1,"name":"Portada","item":"https:\/\/moldearte.com\/"},{"@type":"ListItem","position":2,"name":"Tienda","item":"https:\/\/moldearte.com\/en\/tienda\/"},{"@type":"ListItem","position":3,"name":"Anticipo (A)"}]},{"@type":"WebSite","@id":"https:\/\/moldearte.com\/#website","url":"https:\/\/moldearte.com\/","name":"MoldeArte | L\u00edderes en Medicina Est\u00e9tica en Tijuana y Rosarito","description":"Rejuvenecimiento Facial y corporal sin cirug\u00eda","publisher":{"@id":"https:\/\/moldearte.com\/#organization"},"potentialAction":[{"@type":"SearchAction","target":{"@type":"EntryPoint","urlTemplate":"https:\/\/moldearte.com\/?s={search_term_string}"},"query-input":{"@type":"PropertyValueSpecification","valueRequired":true,"valueName":"search_term_string"}}],"inLanguage":"en-US"},{"@type":"Organization","@id":"https:\/\/moldearte.com\/#organization","name":"MoldeArte | L\u00edderes en Medicina Est\u00e9tica en Tijuana y Rosarito","url":"https:\/\/moldearte.com\/","logo":{"@type":"ImageObject","inLanguage":"en-US","@id":"https:\/\/moldearte.com\/#\/schema\/logo\/image\/","url":"https:\/\/moldearte.com\/wp-content\/uploads\/2023\/01\/cropped-cropped-rejuvenecimiento-facial-sin-cirugia-tijuana.png","contentUrl":"https:\/\/moldearte.com\/wp-content\/uploads\/2023\/01\/cropped-cropped-rejuvenecimiento-facial-sin-cirugia-tijuana.png","width":3255,"height":1059,"caption":"MoldeArte | L\u00edderes en Medicina Est\u00e9tica en Tijuana y Rosarito"},"image":{"@id":"https:\/\/moldearte.com\/#\/schema\/logo\/image\/"}}]},"product_price_amount":"200.00","product_price_currency":"MXN","og_availability":"instock","product_availability":"instock","product_condition":"new"},"_links":{"self":[{"href":"https:\/\/moldearte.com\/en\/wp-json\/wp\/v2\/product\/10899","targetHints":{"allow":["GET"]}}],"collection":[{"href":"https:\/\/moldearte.com\/en\/wp-json\/wp\/v2\/product"}],"about":[{"href":"https:\/\/moldearte.com\/en\/wp-json\/wp\/v2\/types\/product"}],"wp:featuredmedia":[{"embeddable":true,"href":"https:\/\/moldearte.com\/en\/wp-json\/wp\/v2\/media\/10902"}],"wp:attachment":[{"href":"https:\/\/moldearte.com\/en\/wp-json\/wp\/v2\/media?parent=10899"}],"wp:term":[{"taxonomy":"product_brand","embeddable":true,"href":"https:\/\/moldearte.com\/en\/wp-json\/wp\/v2\/product_brand?post=10899"},{"taxonomy":"product_cat","embeddable":true,"href":"https:\/\/moldearte.com\/en\/wp-json\/wp\/v2\/product_cat?post=10899"},{"taxonomy":"product_tag","embeddable":true,"href":"https:\/\/moldearte.com\/en\/wp-json\/wp\/v2\/product_tag?post=10899"},{"taxonomy":"giftcard-category","embeddable":true,"href":"https:\/\/moldearte.com\/en\/wp-json\/wp\/v2\/giftcard-category?post=10899"}],"curies":[{"name":"wp","href":"https:\/\/api.w.org\/{rel}","templated":true}]}}