{"id":10136,"date":"2025-02-24T15:17:15","date_gmt":"2025-02-24T23:17:15","guid":{"rendered":"https:\/\/moldearte.com\/?post_type=product&#038;p=10136"},"modified":"2025-05-21T20:27:24","modified_gmt":"2025-05-22T03:27:24","slug":"facial-acne-free-glow","status":"publish","type":"product","link":"https:\/\/moldearte.com\/en\/tratamiento\/facial-acne-free-glow\/","title":{"rendered":"FACIAL ACNE-FREE GLOW"},"content":{"rendered":"<p><span style=\"color: #ff914d;\"><strong><span style=\"color: #ff0000;\">Tratamiento exclusivo en MoldeArte VIP en zona rio<\/span><\/strong><\/span><\/p>\n<p class=\"p1\"><b>Facial Acn\u00e9-Free Glow <\/b>incluye:<br \/>\n&#8211; Aromaterapia<br \/>\n&#8211; Doble limpieza para eliminar residuos de maquillaje<br \/>\n&#8211; Exfoliaci\u00f3n y Tonificaci\u00f3n Cosmeceutica<br \/>\n&#8211; Aplicaci\u00f3n de vapor para abrir los poros y extracci\u00f3n de puntos negros<br \/>\n&#8211; Aplicaci\u00f3n de Alta Frecuencia, Martillo frio o caliente para bajar inflamaci\u00f3n<br \/>\n&#8211; Aplicaci\u00f3n de Mascarilla a elegir entre efecto Lifting, despigmentante o control graso<br \/>\n&#8211; Aplicaci\u00f3n de Fototerapia Led Azul Antibacteriana para tratar el acn\u00e9 y procesos inflamatorios en la piel<br \/>\n- Application of Treatment Cream and Sunscreen<br \/>\n<span style=\"color: #ff914d;\"><strong>*Cuenta con 60 d\u00edas para realizarse el tratamiento a partir de su compra<\/strong><\/span><\/p>","protected":false},"excerpt":{"rendered":"<p>El facial fototerap\u00e9utico con luz LED es un tratamiento avanzado que utiliza luces de diferentes longitudes de onda para revitalizar, calmar e iluminar la piel. Cada color tiene propiedades espec\u00edficas que ayudan a mejorar diversas condiciones cut\u00e1neas, desde el acn\u00e9 hasta las l\u00edneas de expresi\u00f3n. Este facial es ideal para quienes buscan un rejuvenecimiento natural y efectivo sin necesidad de procedimientos invasivos. \ud83d\udc86\u200d\u2640\ufe0f\ud83d\udc96<\/p>\n<h4>\u00bfQu\u00e9 incluye el tratamiento? \ud83d\udc96<\/h4>\n<p class=\"p1\">Facial Acn\u00e9-Free Glow<b><br \/>\n<\/b><span class=\"fontstyle0\"><span style=\"color: #ff914d;\"><strong>*Cuenta con 60 d\u00edas para realizarse el tratamiento a partir de su compra en sucursal MoldeArte VIP en zona r\u00edo.<\/strong><\/span><\/span><\/p>","protected":false},"featured_media":6246,"template":"","meta":[],"product_brand":[],"product_cat":[235,27],"product_tag":[],"giftcard-category":[],"class_list":{"0":"post-10136","1":"product","2":"type-product","3":"status-publish","4":"has-post-thumbnail","6":"product_cat-faciales","7":"product_cat-txcosmetologicos","9":"first","10":"instock","11":"virtual","12":"purchasable","13":"product-type-simple"},"yoast_head":"<!-- This site is optimized with the Yoast SEO Premium plugin v27.2 (Yoast SEO v27.3) - https:\/\/yoast.com\/product\/yoast-seo-premium-wordpress\/ -->\n<title>FACIAL ACNE-FREE GLOW - MoldeArte | L\u00edderes en Medicina Est\u00e9tica en Tijuana y Rosarito<\/title>\n<meta name=\"robots\" content=\"index, follow, max-snippet:-1, max-image-preview:large, max-video-preview:-1\" \/>\n<link rel=\"canonical\" href=\"https:\/\/moldearte.com\/en\/tratamiento\/facial-acne-free-glow\/\" \/>\n<meta property=\"og:locale\" content=\"en_US\" \/>\n<meta property=\"og:type\" content=\"article\" \/>\n<meta property=\"og:title\" content=\"FACIAL ACNE-FREE GLOW\" \/>\n<meta property=\"og:description\" content=\"El facial fototerap\u00e9utico con luz LED es un tratamiento avanzado que utiliza luces de diferentes longitudes de onda para revitalizar, calmar e iluminar la piel. Cada color tiene propiedades espec\u00edficas que ayudan a mejorar diversas condiciones cut\u00e1neas, desde el acn\u00e9 hasta las l\u00edneas de expresi\u00f3n. Este facial es ideal para quienes buscan un rejuvenecimiento natural y efectivo sin necesidad de procedimientos invasivos. \ud83d\udc86\u200d\u2640\ufe0f\ud83d\udc96 \u00bfQu\u00e9 incluye el tratamiento? \ud83d\udc96 Facial Acn\u00e9-Free Glow *Cuenta con 60 d\u00edas para realizarse el tratamiento a partir de su compra en sucursal MoldeArte VIP en zona r\u00edo.\" \/>\n<meta property=\"og:url\" content=\"https:\/\/moldearte.com\/en\/tratamiento\/facial-acne-free-glow\/\" \/>\n<meta property=\"og:site_name\" content=\"MoldeArte | L\u00edderes en Medicina Est\u00e9tica en Tijuana y Rosarito\" \/>\n<meta property=\"article:modified_time\" content=\"2025-05-22T03:27:24+00:00\" \/>\n<meta property=\"og:image\" content=\"https:\/\/moldearte.com\/wp-content\/uploads\/2024\/09\/Facial-Acne-Free-Glow-1.png\" \/>\n\t<meta property=\"og:image:width\" content=\"1080\" \/>\n\t<meta property=\"og:image:height\" content=\"1080\" \/>\n\t<meta property=\"og:image:type\" content=\"image\/png\" \/>\n<meta name=\"twitter:card\" content=\"summary_large_image\" \/>\n<meta name=\"twitter:label1\" content=\"Price\" \/>\n\t<meta name=\"twitter:data1\" content=\"&#036;1,200.00\" \/>\n\t<meta name=\"twitter:label2\" content=\"Availability\" \/>\n\t<meta name=\"twitter:data2\" content=\"In stock\" \/>\n<script type=\"application\/ld+json\" class=\"yoast-schema-graph\">{\"@context\":\"https:\\\/\\\/schema.org\",\"@graph\":[{\"@type\":\"WebPage\",\"@id\":\"https:\\\/\\\/moldearte.com\\\/en\\\/tratamiento\\\/facial-acne-free-glow\\\/\",\"url\":\"https:\\\/\\\/moldearte.com\\\/en\\\/tratamiento\\\/facial-acne-free-glow\\\/\",\"name\":\"FACIAL ACNE-FREE GLOW - MoldeArte | L\u00edderes en Medicina Est\u00e9tica en Tijuana y Rosarito\",\"isPartOf\":{\"@id\":\"https:\\\/\\\/moldearte.com\\\/#website\"},\"primaryImageOfPage\":{\"@id\":\"https:\\\/\\\/moldearte.com\\\/en\\\/tratamiento\\\/facial-acne-free-glow\\\/#primaryimage\"},\"image\":{\"@id\":\"https:\\\/\\\/moldearte.com\\\/en\\\/tratamiento\\\/facial-acne-free-glow\\\/#primaryimage\"},\"thumbnailUrl\":\"https:\\\/\\\/moldearte.com\\\/wp-content\\\/uploads\\\/2024\\\/09\\\/Facial-Acne-Free-Glow-1.png\",\"datePublished\":\"2025-02-24T23:17:15+00:00\",\"dateModified\":\"2025-05-22T03:27:24+00:00\",\"breadcrumb\":{\"@id\":\"https:\\\/\\\/moldearte.com\\\/en\\\/tratamiento\\\/facial-acne-free-glow\\\/#breadcrumb\"},\"inLanguage\":\"en-US\",\"potentialAction\":[{\"@type\":\"ReadAction\",\"target\":[\"https:\\\/\\\/moldearte.com\\\/en\\\/tratamiento\\\/facial-acne-free-glow\\\/\"]}]},{\"@type\":\"ImageObject\",\"inLanguage\":\"en-US\",\"@id\":\"https:\\\/\\\/moldearte.com\\\/en\\\/tratamiento\\\/facial-acne-free-glow\\\/#primaryimage\",\"url\":\"https:\\\/\\\/moldearte.com\\\/wp-content\\\/uploads\\\/2024\\\/09\\\/Facial-Acne-Free-Glow-1.png\",\"contentUrl\":\"https:\\\/\\\/moldearte.com\\\/wp-content\\\/uploads\\\/2024\\\/09\\\/Facial-Acne-Free-Glow-1.png\",\"width\":1080,\"height\":1080},{\"@type\":\"BreadcrumbList\",\"@id\":\"https:\\\/\\\/moldearte.com\\\/en\\\/tratamiento\\\/facial-acne-free-glow\\\/#breadcrumb\",\"itemListElement\":[{\"@type\":\"ListItem\",\"position\":1,\"name\":\"Portada\",\"item\":\"https:\\\/\\\/moldearte.com\\\/\"},{\"@type\":\"ListItem\",\"position\":2,\"name\":\"Tienda\",\"item\":\"https:\\\/\\\/moldearte.com\\\/en\\\/tienda\\\/\"},{\"@type\":\"ListItem\",\"position\":3,\"name\":\"FACIAL ACNE-FREE GLOW\"}]},{\"@type\":\"WebSite\",\"@id\":\"https:\\\/\\\/moldearte.com\\\/#website\",\"url\":\"https:\\\/\\\/moldearte.com\\\/\",\"name\":\"MoldeArte | L\u00edderes en Medicina Est\u00e9tica en Tijuana y Rosarito\",\"description\":\"Rejuvenecimiento Facial y corporal sin cirug\u00eda\",\"publisher\":{\"@id\":\"https:\\\/\\\/moldearte.com\\\/#organization\"},\"potentialAction\":[{\"@type\":\"SearchAction\",\"target\":{\"@type\":\"EntryPoint\",\"urlTemplate\":\"https:\\\/\\\/moldearte.com\\\/?s={search_term_string}\"},\"query-input\":{\"@type\":\"PropertyValueSpecification\",\"valueRequired\":true,\"valueName\":\"search_term_string\"}}],\"inLanguage\":\"en-US\"},{\"@type\":\"Organization\",\"@id\":\"https:\\\/\\\/moldearte.com\\\/#organization\",\"name\":\"MoldeArte | L\u00edderes en Medicina Est\u00e9tica en Tijuana y Rosarito\",\"url\":\"https:\\\/\\\/moldearte.com\\\/\",\"logo\":{\"@type\":\"ImageObject\",\"inLanguage\":\"en-US\",\"@id\":\"https:\\\/\\\/moldearte.com\\\/#\\\/schema\\\/logo\\\/image\\\/\",\"url\":\"https:\\\/\\\/moldearte.com\\\/wp-content\\\/uploads\\\/2023\\\/01\\\/cropped-cropped-rejuvenecimiento-facial-sin-cirugia-tijuana.png\",\"contentUrl\":\"https:\\\/\\\/moldearte.com\\\/wp-content\\\/uploads\\\/2023\\\/01\\\/cropped-cropped-rejuvenecimiento-facial-sin-cirugia-tijuana.png\",\"width\":3255,\"height\":1059,\"caption\":\"MoldeArte | L\u00edderes en Medicina Est\u00e9tica en Tijuana y Rosarito\"},\"image\":{\"@id\":\"https:\\\/\\\/moldearte.com\\\/#\\\/schema\\\/logo\\\/image\\\/\"}}]}<\/script>\n<meta property=\"product:price:amount\" content=\"1200.00\" \/>\n<meta property=\"product:price:currency\" content=\"MXN\" \/>\n<meta property=\"og:availability\" content=\"instock\" \/>\n<meta property=\"product:availability\" content=\"instock\" \/>\n<meta property=\"product:condition\" content=\"new\" \/>\n<!-- \/ Yoast SEO Premium plugin. -->","yoast_head_json":{"title":"FACIAL ACNE-FREE GLOW - MoldeArte | L\u00edderes en Medicina Est\u00e9tica en Tijuana y Rosarito","robots":{"index":"index","follow":"follow","max-snippet":"max-snippet:-1","max-image-preview":"max-image-preview:large","max-video-preview":"max-video-preview:-1"},"canonical":"https:\/\/moldearte.com\/en\/tratamiento\/facial-acne-free-glow\/","og_locale":"en_US","og_type":"article","og_title":"FACIAL ACNE-FREE GLOW","og_description":"El facial fototerap\u00e9utico con luz LED es un tratamiento avanzado que utiliza luces de diferentes longitudes de onda para revitalizar, calmar e iluminar la piel. Cada color tiene propiedades espec\u00edficas que ayudan a mejorar diversas condiciones cut\u00e1neas, desde el acn\u00e9 hasta las l\u00edneas de expresi\u00f3n. Este facial es ideal para quienes buscan un rejuvenecimiento natural y efectivo sin necesidad de procedimientos invasivos. \ud83d\udc86\u200d\u2640\ufe0f\ud83d\udc96 \u00bfQu\u00e9 incluye el tratamiento? \ud83d\udc96 Facial Acn\u00e9-Free Glow *Cuenta con 60 d\u00edas para realizarse el tratamiento a partir de su compra en sucursal MoldeArte VIP en zona r\u00edo.","og_url":"https:\/\/moldearte.com\/en\/tratamiento\/facial-acne-free-glow\/","og_site_name":"MoldeArte | L\u00edderes en Medicina Est\u00e9tica en Tijuana y Rosarito","article_modified_time":"2025-05-22T03:27:24+00:00","og_image":[{"width":1080,"height":1080,"url":"https:\/\/moldearte.com\/wp-content\/uploads\/2024\/09\/Facial-Acne-Free-Glow-1.png","type":"image\/png"}],"twitter_card":"summary_large_image","twitter_misc":{"Price":"&#36;1,200.00","Availability":"In stock"},"schema":{"@context":"https:\/\/schema.org","@graph":[{"@type":"WebPage","@id":"https:\/\/moldearte.com\/en\/tratamiento\/facial-acne-free-glow\/","url":"https:\/\/moldearte.com\/en\/tratamiento\/facial-acne-free-glow\/","name":"FACIAL ACNE-FREE GLOW - MoldeArte | L\u00edderes en Medicina Est\u00e9tica en Tijuana y Rosarito","isPartOf":{"@id":"https:\/\/moldearte.com\/#website"},"primaryImageOfPage":{"@id":"https:\/\/moldearte.com\/en\/tratamiento\/facial-acne-free-glow\/#primaryimage"},"image":{"@id":"https:\/\/moldearte.com\/en\/tratamiento\/facial-acne-free-glow\/#primaryimage"},"thumbnailUrl":"https:\/\/moldearte.com\/wp-content\/uploads\/2024\/09\/Facial-Acne-Free-Glow-1.png","datePublished":"2025-02-24T23:17:15+00:00","dateModified":"2025-05-22T03:27:24+00:00","breadcrumb":{"@id":"https:\/\/moldearte.com\/en\/tratamiento\/facial-acne-free-glow\/#breadcrumb"},"inLanguage":"en-US","potentialAction":[{"@type":"ReadAction","target":["https:\/\/moldearte.com\/en\/tratamiento\/facial-acne-free-glow\/"]}]},{"@type":"ImageObject","inLanguage":"en-US","@id":"https:\/\/moldearte.com\/en\/tratamiento\/facial-acne-free-glow\/#primaryimage","url":"https:\/\/moldearte.com\/wp-content\/uploads\/2024\/09\/Facial-Acne-Free-Glow-1.png","contentUrl":"https:\/\/moldearte.com\/wp-content\/uploads\/2024\/09\/Facial-Acne-Free-Glow-1.png","width":1080,"height":1080},{"@type":"BreadcrumbList","@id":"https:\/\/moldearte.com\/en\/tratamiento\/facial-acne-free-glow\/#breadcrumb","itemListElement":[{"@type":"ListItem","position":1,"name":"Portada","item":"https:\/\/moldearte.com\/"},{"@type":"ListItem","position":2,"name":"Tienda","item":"https:\/\/moldearte.com\/en\/tienda\/"},{"@type":"ListItem","position":3,"name":"FACIAL ACNE-FREE GLOW"}]},{"@type":"WebSite","@id":"https:\/\/moldearte.com\/#website","url":"https:\/\/moldearte.com\/","name":"MoldeArte | L\u00edderes en Medicina Est\u00e9tica en Tijuana y Rosarito","description":"Rejuvenecimiento Facial y corporal sin cirug\u00eda","publisher":{"@id":"https:\/\/moldearte.com\/#organization"},"potentialAction":[{"@type":"SearchAction","target":{"@type":"EntryPoint","urlTemplate":"https:\/\/moldearte.com\/?s={search_term_string}"},"query-input":{"@type":"PropertyValueSpecification","valueRequired":true,"valueName":"search_term_string"}}],"inLanguage":"en-US"},{"@type":"Organization","@id":"https:\/\/moldearte.com\/#organization","name":"MoldeArte | L\u00edderes en Medicina Est\u00e9tica en Tijuana y Rosarito","url":"https:\/\/moldearte.com\/","logo":{"@type":"ImageObject","inLanguage":"en-US","@id":"https:\/\/moldearte.com\/#\/schema\/logo\/image\/","url":"https:\/\/moldearte.com\/wp-content\/uploads\/2023\/01\/cropped-cropped-rejuvenecimiento-facial-sin-cirugia-tijuana.png","contentUrl":"https:\/\/moldearte.com\/wp-content\/uploads\/2023\/01\/cropped-cropped-rejuvenecimiento-facial-sin-cirugia-tijuana.png","width":3255,"height":1059,"caption":"MoldeArte | L\u00edderes en Medicina Est\u00e9tica en Tijuana y Rosarito"},"image":{"@id":"https:\/\/moldearte.com\/#\/schema\/logo\/image\/"}}]},"product_price_amount":"1200.00","product_price_currency":"MXN","og_availability":"instock","product_availability":"instock","product_condition":"new"},"_links":{"self":[{"href":"https:\/\/moldearte.com\/en\/wp-json\/wp\/v2\/product\/10136","targetHints":{"allow":["GET"]}}],"collection":[{"href":"https:\/\/moldearte.com\/en\/wp-json\/wp\/v2\/product"}],"about":[{"href":"https:\/\/moldearte.com\/en\/wp-json\/wp\/v2\/types\/product"}],"wp:featuredmedia":[{"embeddable":true,"href":"https:\/\/moldearte.com\/en\/wp-json\/wp\/v2\/media\/6246"}],"wp:attachment":[{"href":"https:\/\/moldearte.com\/en\/wp-json\/wp\/v2\/media?parent=10136"}],"wp:term":[{"taxonomy":"product_brand","embeddable":true,"href":"https:\/\/moldearte.com\/en\/wp-json\/wp\/v2\/product_brand?post=10136"},{"taxonomy":"product_cat","embeddable":true,"href":"https:\/\/moldearte.com\/en\/wp-json\/wp\/v2\/product_cat?post=10136"},{"taxonomy":"product_tag","embeddable":true,"href":"https:\/\/moldearte.com\/en\/wp-json\/wp\/v2\/product_tag?post=10136"},{"taxonomy":"giftcard-category","embeddable":true,"href":"https:\/\/moldearte.com\/en\/wp-json\/wp\/v2\/giftcard-category?post=10136"}],"curies":[{"name":"wp","href":"https:\/\/api.w.org\/{rel}","templated":true}]}}