{"id":670,"date":"2023-02-01T13:21:24","date_gmt":"2023-02-01T21:21:24","guid":{"rendered":"https:\/\/moldearte.com\/?page_id=670"},"modified":"2025-05-20T21:17:04","modified_gmt":"2025-05-21T04:17:04","slug":"gracias-por-responder-nuestra-encuesta","status":"publish","type":"page","link":"https:\/\/moldearte.com\/en\/gracias-por-responder-nuestra-encuesta\/","title":{"rendered":"Gracias por responder nuestra encuesta"},"content":{"rendered":"<div data-elementor-type=\"wp-page\" data-elementor-id=\"670\" class=\"elementor elementor-670\" data-elementor-settings=\"{&quot;ha_cmc_init_switcher&quot;:&quot;no&quot;}\">\n\t\t\t\t<div class=\"elementor-element elementor-element-c354c64 e-flex e-con-boxed e-con e-parent\" data-id=\"c354c64\" data-element_type=\"container\" data-e-type=\"container\" data-settings=\"{&quot;_ha_eqh_enable&quot;:false}\">\n\t\t\t\t\t<div class=\"e-con-inner\">\n\t\t\t\t<div class=\"elementor-element elementor-element-c12dbb3 elementor-widget elementor-widget-image\" data-id=\"c12dbb3\" data-element_type=\"widget\" data-e-type=\"widget\" data-widget_type=\"image.default\">\n\t\t\t\t<div class=\"elementor-widget-container\">\n\t\t\t\t\t\t\t\t\t\t\t\t\t\t\t<img decoding=\"async\" width=\"300\" height=\"102\" src=\"https:\/\/moldearte.com\/wp-content\/uploads\/2025\/05\/logo-Moldearte-300x102.png\" class=\"attachment-medium size-medium wp-image-11639\" alt=\"\" srcset=\"https:\/\/moldearte.com\/wp-content\/uploads\/2025\/05\/logo-Moldearte-300x102.png 300w, https:\/\/moldearte.com\/wp-content\/uploads\/2025\/05\/logo-Moldearte-18x6.png 18w, https:\/\/moldearte.com\/wp-content\/uploads\/2025\/05\/logo-Moldearte-510x174.png 510w, https:\/\/moldearte.com\/wp-content\/uploads\/2025\/05\/logo-Moldearte-150x51.png 150w, https:\/\/moldearte.com\/wp-content\/uploads\/2025\/05\/logo-Moldearte.png 612w\" sizes=\"(max-width: 300px) 100vw, 300px\" \/>\t\t\t\t\t\t\t\t\t\t\t\t\t\t\t<\/div>\n\t\t\t\t<\/div>\n\t\t\t\t\t<\/div>\n\t\t\t\t<\/div>\n\t\t<div class=\"elementor-element elementor-element-467cb26 e-flex e-con-boxed e-con e-parent\" data-id=\"467cb26\" data-element_type=\"container\" data-e-type=\"container\" data-settings=\"{&quot;_ha_eqh_enable&quot;:false}\">\n\t\t\t\t\t<div class=\"e-con-inner\">\n\t\t<div class=\"elementor-element elementor-element-977d399 e-con-full e-flex e-con e-child\" data-id=\"977d399\" data-element_type=\"container\" data-e-type=\"container\" data-settings=\"{&quot;_ha_eqh_enable&quot;:false}\">\n\t\t\t\t<div class=\"elementor-element elementor-element-d625742 elementor-widget elementor-widget-heading\" data-id=\"d625742\" data-element_type=\"widget\" data-e-type=\"widget\" data-widget_type=\"heading.default\">\n\t\t\t\t<div class=\"elementor-widget-container\">\n\t\t\t\t\t<h2 class=\"elementor-heading-title elementor-size-default\">\u00a1Muchas gracias!<\/h2>\t\t\t\t<\/div>\n\t\t\t\t<\/div>\n\t\t\t\t<div class=\"elementor-element elementor-element-9ee26b3 elementor-widget elementor-widget-text-editor\" data-id=\"9ee26b3\" data-element_type=\"widget\" data-e-type=\"widget\" data-widget_type=\"text-editor.default\">\n\t\t\t\t<div class=\"elementor-widget-container\">\n\t\t\t\t\t\t\t\t\t<p style=\"text-align: center;\">Tu encuesta ha sido enviada con \u00e9xito, con ello buscamos mantener una excelencia en nuestra atenci\u00f3n.<\/p><p style=\"text-align: center;\">Le recordamos que nuestros n\u00fameros de Atenci\u00f3n al cliente son <strong>664 435 4627<\/strong> y <strong>664 576 8665 <\/strong>disponibles de lunes a viernes de 9:00 am a 6:00 pm y s\u00e1bados de 8:00 am a 2:00 pm, domingos solo atenci\u00f3n escrita por WhatsApp en ambos n\u00fameros de 9:00 am a 5:00 pm.<\/p>\t\t\t\t\t\t\t\t<\/div>\n\t\t\t\t<\/div>\n\t\t\t\t<\/div>\n\t\t<div class=\"elementor-element elementor-element-f8e6005 e-con-full e-flex e-con e-child\" data-id=\"f8e6005\" data-element_type=\"container\" data-e-type=\"container\" data-settings=\"{&quot;_ha_eqh_enable&quot;:false}\">\n\t\t\t\t<div class=\"elementor-element elementor-element-d89b404 elementor-widget elementor-widget-image\" data-id=\"d89b404\" data-element_type=\"widget\" data-e-type=\"widget\" data-widget_type=\"image.default\">\n\t\t\t\t<div class=\"elementor-widget-container\">\n\t\t\t\t\t\t\t\t\t\t\t\t\t\t\t<img decoding=\"async\" src=\"https:\/\/moldearte.com\/wp-content\/uploads\/2023\/02\/giphy-gracias.gif\" title=\"\" alt=\"\" loading=\"lazy\" \/>\t\t\t\t\t\t\t\t\t\t\t\t\t\t\t<\/div>\n\t\t\t\t<\/div>\n\t\t\t\t<div class=\"elementor-element elementor-element-4427f9f elementor-align-center elementor-widget elementor-widget-button\" data-id=\"4427f9f\" data-element_type=\"widget\" data-e-type=\"widget\" data-widget_type=\"button.default\">\n\t\t\t\t<div class=\"elementor-widget-container\">\n\t\t\t\t\t\t\t\t\t<div class=\"elementor-button-wrapper\">\n\t\t\t\t\t<a class=\"elementor-button elementor-button-link elementor-size-sm\" href=\"#\">\n\t\t\t\t\t\t<span class=\"elementor-button-content-wrapper\">\n\t\t\t\t\t\t\t\t\t<span class=\"elementor-button-text\">VER PROMOCIONES<\/span>\n\t\t\t\t\t<\/span>\n\t\t\t\t\t<\/a>\n\t\t\t\t<\/div>\n\t\t\t\t\t\t\t\t<\/div>\n\t\t\t\t<\/div>\n\t\t\t\t<\/div>\n\t\t\t\t\t<\/div>\n\t\t\t\t<\/div>\n\t\t<div class=\"elementor-element elementor-element-70371fd e-flex e-con-boxed e-con e-parent\" data-id=\"70371fd\" data-element_type=\"container\" data-e-type=\"container\" data-settings=\"{&quot;_ha_eqh_enable&quot;:false}\">\n\t\t\t\t\t<div class=\"e-con-inner\">\n\t\t\t\t<div class=\"elementor-element elementor-element-07c98b3 elementor-widget elementor-widget-text-editor\" data-id=\"07c98b3\" data-element_type=\"widget\" data-e-type=\"widget\" data-widget_type=\"text-editor.default\">\n\t\t\t\t<div class=\"elementor-widget-container\">\n\t\t\t\t\t\t\t\t\t<p style=\"text-align: center;\">Somos una franquicia de Medicina Est\u00e9tica n\u00famero 1 en la regi\u00f3n de Tijuana y Rosarito. Te ayudamos a vivir tu Belleza en su m\u00e1ximo potencial sin cambiar tus rasgos naturales.<\/p>\t\t\t\t\t\t\t\t<\/div>\n\t\t\t\t<\/div>\n\t\t\t\t\t<\/div>\n\t\t\t\t<\/div>\n\t\t\t\t<\/div>","protected":false},"excerpt":{"rendered":"<p>\u00a1Muchas gracias! Tu encuesta ha sido enviada con \u00e9xito, con ello buscamos mantener una excelencia en nuestra atenci\u00f3n. Le recordamos que nuestros n\u00fameros de Atenci\u00f3n al cliente son 664 435 4627 y 664 576 8665 disponibles de lunes a viernes de 9:00 am a 6:00 pm y s\u00e1bados de 8:00 am a 2:00 pm, domingos solo atenci\u00f3n escrita por WhatsApp en ambos n\u00fameros de 9:00 am a 5:00 pm. VER PROMOCIONES Somos una franquicia de Medicina Est\u00e9tica n\u00famero 1 en la regi\u00f3n de Tijuana y Rosarito. Te ayudamos a vivir tu Belleza en su m\u00e1ximo potencial sin cambiar tus rasgos naturales.<\/p>","protected":false},"author":1,"featured_media":0,"parent":0,"menu_order":0,"comment_status":"closed","ping_status":"closed","template":"elementor_canvas","meta":{"footnotes":""},"class_list":["post-670","page","type-page","status-publish","hentry","post-no-thumbnail"],"yoast_head":"<!-- This site is optimized with the Yoast SEO Premium plugin v27.2 (Yoast SEO v27.4) - https:\/\/yoast.com\/product\/yoast-seo-premium-wordpress\/ -->\n<title>Gracias por responder nuestra encuesta - MoldeArte | L\u00edderes en Medicina Est\u00e9tica en Tijuana y Rosarito<\/title>\n<meta name=\"robots\" content=\"index, follow, max-snippet:-1, max-image-preview:large, max-video-preview:-1\" \/>\n<link rel=\"canonical\" href=\"https:\/\/moldearte.com\/en\/gracias-por-responder-nuestra-encuesta\/\" \/>\n<meta property=\"og:locale\" content=\"en_US\" \/>\n<meta property=\"og:type\" content=\"article\" \/>\n<meta property=\"og:title\" content=\"Gracias por responder nuestra encuesta\" \/>\n<meta property=\"og:description\" content=\"\u00a1Muchas gracias! Tu encuesta ha sido enviada con \u00e9xito, con ello buscamos mantener una excelencia en nuestra atenci\u00f3n. Le recordamos que nuestros n\u00fameros de Atenci\u00f3n al cliente son 664 435 4627 y 664 576 8665 disponibles de lunes a viernes de 9:00 am a 6:00 pm y s\u00e1bados de 8:00 am a 2:00 pm, domingos solo atenci\u00f3n escrita por WhatsApp en ambos n\u00fameros de 9:00 am a 5:00 pm. VER PROMOCIONES Somos una franquicia de Medicina Est\u00e9tica n\u00famero 1 en la regi\u00f3n de Tijuana y Rosarito. Te ayudamos a vivir tu Belleza en su m\u00e1ximo potencial sin cambiar tus rasgos naturales.\" \/>\n<meta property=\"og:url\" content=\"https:\/\/moldearte.com\/en\/gracias-por-responder-nuestra-encuesta\/\" \/>\n<meta property=\"og:site_name\" content=\"MoldeArte | L\u00edderes en Medicina Est\u00e9tica en Tijuana y Rosarito\" \/>\n<meta property=\"article:modified_time\" content=\"2025-05-21T04:17:04+00:00\" \/>\n<meta property=\"og:image\" content=\"https:\/\/moldearte.com\/wp-content\/uploads\/2025\/05\/logo-Moldearte.png\" \/>\n\t<meta property=\"og:image:width\" content=\"612\" \/>\n\t<meta property=\"og:image:height\" content=\"209\" \/>\n\t<meta property=\"og:image:type\" content=\"image\/png\" \/>\n<meta name=\"twitter:card\" content=\"summary_large_image\" \/>\n<script type=\"application\/ld+json\" class=\"yoast-schema-graph\">{\"@context\":\"https:\\\/\\\/schema.org\",\"@graph\":[{\"@type\":\"WebPage\",\"@id\":\"https:\\\/\\\/moldearte.com\\\/gracias-por-responder-nuestra-encuesta\\\/\",\"url\":\"https:\\\/\\\/moldearte.com\\\/gracias-por-responder-nuestra-encuesta\\\/\",\"name\":\"Gracias por responder nuestra encuesta - MoldeArte | L\u00edderes en Medicina Est\u00e9tica en Tijuana y Rosarito\",\"isPartOf\":{\"@id\":\"https:\\\/\\\/moldearte.com\\\/#website\"},\"primaryImageOfPage\":{\"@id\":\"https:\\\/\\\/moldearte.com\\\/gracias-por-responder-nuestra-encuesta\\\/#primaryimage\"},\"image\":{\"@id\":\"https:\\\/\\\/moldearte.com\\\/gracias-por-responder-nuestra-encuesta\\\/#primaryimage\"},\"thumbnailUrl\":\"https:\\\/\\\/moldearte.com\\\/wp-content\\\/uploads\\\/2025\\\/05\\\/logo-Moldearte-300x102.png\",\"datePublished\":\"2023-02-01T21:21:24+00:00\",\"dateModified\":\"2025-05-21T04:17:04+00:00\",\"breadcrumb\":{\"@id\":\"https:\\\/\\\/moldearte.com\\\/gracias-por-responder-nuestra-encuesta\\\/#breadcrumb\"},\"inLanguage\":\"en-US\",\"potentialAction\":[{\"@type\":\"ReadAction\",\"target\":[\"https:\\\/\\\/moldearte.com\\\/gracias-por-responder-nuestra-encuesta\\\/\"]}]},{\"@type\":\"ImageObject\",\"inLanguage\":\"en-US\",\"@id\":\"https:\\\/\\\/moldearte.com\\\/gracias-por-responder-nuestra-encuesta\\\/#primaryimage\",\"url\":\"https:\\\/\\\/moldearte.com\\\/wp-content\\\/uploads\\\/2025\\\/05\\\/logo-Moldearte-300x102.png\",\"contentUrl\":\"https:\\\/\\\/moldearte.com\\\/wp-content\\\/uploads\\\/2025\\\/05\\\/logo-Moldearte-300x102.png\"},{\"@type\":\"BreadcrumbList\",\"@id\":\"https:\\\/\\\/moldearte.com\\\/gracias-por-responder-nuestra-encuesta\\\/#breadcrumb\",\"itemListElement\":[{\"@type\":\"ListItem\",\"position\":1,\"name\":\"Portada\",\"item\":\"https:\\\/\\\/moldearte.com\\\/\"},{\"@type\":\"ListItem\",\"position\":2,\"name\":\"Gracias por responder nuestra encuesta\"}]},{\"@type\":\"WebSite\",\"@id\":\"https:\\\/\\\/moldearte.com\\\/#website\",\"url\":\"https:\\\/\\\/moldearte.com\\\/\",\"name\":\"MoldeArte | L\u00edderes en Medicina Est\u00e9tica en Tijuana y Rosarito\",\"description\":\"Rejuvenecimiento Facial y corporal sin cirug\u00eda\",\"publisher\":{\"@id\":\"https:\\\/\\\/moldearte.com\\\/#organization\"},\"potentialAction\":[{\"@type\":\"SearchAction\",\"target\":{\"@type\":\"EntryPoint\",\"urlTemplate\":\"https:\\\/\\\/moldearte.com\\\/?s={search_term_string}\"},\"query-input\":{\"@type\":\"PropertyValueSpecification\",\"valueRequired\":true,\"valueName\":\"search_term_string\"}}],\"inLanguage\":\"en-US\"},{\"@type\":\"Organization\",\"@id\":\"https:\\\/\\\/moldearte.com\\\/#organization\",\"name\":\"MoldeArte | L\u00edderes en Medicina Est\u00e9tica en Tijuana y Rosarito\",\"url\":\"https:\\\/\\\/moldearte.com\\\/\",\"logo\":{\"@type\":\"ImageObject\",\"inLanguage\":\"en-US\",\"@id\":\"https:\\\/\\\/moldearte.com\\\/#\\\/schema\\\/logo\\\/image\\\/\",\"url\":\"https:\\\/\\\/moldearte.com\\\/wp-content\\\/uploads\\\/2023\\\/01\\\/cropped-cropped-rejuvenecimiento-facial-sin-cirugia-tijuana.png\",\"contentUrl\":\"https:\\\/\\\/moldearte.com\\\/wp-content\\\/uploads\\\/2023\\\/01\\\/cropped-cropped-rejuvenecimiento-facial-sin-cirugia-tijuana.png\",\"width\":3255,\"height\":1059,\"caption\":\"MoldeArte | L\u00edderes en Medicina Est\u00e9tica en Tijuana y Rosarito\"},\"image\":{\"@id\":\"https:\\\/\\\/moldearte.com\\\/#\\\/schema\\\/logo\\\/image\\\/\"}}]}<\/script>\n<!-- \/ Yoast SEO Premium plugin. -->","yoast_head_json":{"title":"Gracias por responder nuestra encuesta - MoldeArte | L\u00edderes en Medicina Est\u00e9tica en Tijuana y Rosarito","robots":{"index":"index","follow":"follow","max-snippet":"max-snippet:-1","max-image-preview":"max-image-preview:large","max-video-preview":"max-video-preview:-1"},"canonical":"https:\/\/moldearte.com\/en\/gracias-por-responder-nuestra-encuesta\/","og_locale":"en_US","og_type":"article","og_title":"Gracias por responder nuestra encuesta","og_description":"\u00a1Muchas gracias! Tu encuesta ha sido enviada con \u00e9xito, con ello buscamos mantener una excelencia en nuestra atenci\u00f3n. Le recordamos que nuestros n\u00fameros de Atenci\u00f3n al cliente son 664 435 4627 y 664 576 8665 disponibles de lunes a viernes de 9:00 am a 6:00 pm y s\u00e1bados de 8:00 am a 2:00 pm, domingos solo atenci\u00f3n escrita por WhatsApp en ambos n\u00fameros de 9:00 am a 5:00 pm. VER PROMOCIONES Somos una franquicia de Medicina Est\u00e9tica n\u00famero 1 en la regi\u00f3n de Tijuana y Rosarito. Te ayudamos a vivir tu Belleza en su m\u00e1ximo potencial sin cambiar tus rasgos naturales.","og_url":"https:\/\/moldearte.com\/en\/gracias-por-responder-nuestra-encuesta\/","og_site_name":"MoldeArte | L\u00edderes en Medicina Est\u00e9tica en Tijuana y Rosarito","article_modified_time":"2025-05-21T04:17:04+00:00","og_image":[{"width":612,"height":209,"url":"https:\/\/moldearte.com\/wp-content\/uploads\/2025\/05\/logo-Moldearte.png","type":"image\/png"}],"twitter_card":"summary_large_image","schema":{"@context":"https:\/\/schema.org","@graph":[{"@type":"WebPage","@id":"https:\/\/moldearte.com\/gracias-por-responder-nuestra-encuesta\/","url":"https:\/\/moldearte.com\/gracias-por-responder-nuestra-encuesta\/","name":"Gracias por responder nuestra encuesta - MoldeArte | L\u00edderes en Medicina Est\u00e9tica en Tijuana y Rosarito","isPartOf":{"@id":"https:\/\/moldearte.com\/#website"},"primaryImageOfPage":{"@id":"https:\/\/moldearte.com\/gracias-por-responder-nuestra-encuesta\/#primaryimage"},"image":{"@id":"https:\/\/moldearte.com\/gracias-por-responder-nuestra-encuesta\/#primaryimage"},"thumbnailUrl":"https:\/\/moldearte.com\/wp-content\/uploads\/2025\/05\/logo-Moldearte-300x102.png","datePublished":"2023-02-01T21:21:24+00:00","dateModified":"2025-05-21T04:17:04+00:00","breadcrumb":{"@id":"https:\/\/moldearte.com\/gracias-por-responder-nuestra-encuesta\/#breadcrumb"},"inLanguage":"en-US","potentialAction":[{"@type":"ReadAction","target":["https:\/\/moldearte.com\/gracias-por-responder-nuestra-encuesta\/"]}]},{"@type":"ImageObject","inLanguage":"en-US","@id":"https:\/\/moldearte.com\/gracias-por-responder-nuestra-encuesta\/#primaryimage","url":"https:\/\/moldearte.com\/wp-content\/uploads\/2025\/05\/logo-Moldearte-300x102.png","contentUrl":"https:\/\/moldearte.com\/wp-content\/uploads\/2025\/05\/logo-Moldearte-300x102.png"},{"@type":"BreadcrumbList","@id":"https:\/\/moldearte.com\/gracias-por-responder-nuestra-encuesta\/#breadcrumb","itemListElement":[{"@type":"ListItem","position":1,"name":"Portada","item":"https:\/\/moldearte.com\/"},{"@type":"ListItem","position":2,"name":"Gracias por responder nuestra encuesta"}]},{"@type":"WebSite","@id":"https:\/\/moldearte.com\/#website","url":"https:\/\/moldearte.com\/","name":"MoldeArte | L\u00edderes en Medicina Est\u00e9tica en Tijuana y Rosarito","description":"Rejuvenecimiento Facial y corporal sin cirug\u00eda","publisher":{"@id":"https:\/\/moldearte.com\/#organization"},"potentialAction":[{"@type":"SearchAction","target":{"@type":"EntryPoint","urlTemplate":"https:\/\/moldearte.com\/?s={search_term_string}"},"query-input":{"@type":"PropertyValueSpecification","valueRequired":true,"valueName":"search_term_string"}}],"inLanguage":"en-US"},{"@type":"Organization","@id":"https:\/\/moldearte.com\/#organization","name":"MoldeArte | L\u00edderes en Medicina Est\u00e9tica en Tijuana y Rosarito","url":"https:\/\/moldearte.com\/","logo":{"@type":"ImageObject","inLanguage":"en-US","@id":"https:\/\/moldearte.com\/#\/schema\/logo\/image\/","url":"https:\/\/moldearte.com\/wp-content\/uploads\/2023\/01\/cropped-cropped-rejuvenecimiento-facial-sin-cirugia-tijuana.png","contentUrl":"https:\/\/moldearte.com\/wp-content\/uploads\/2023\/01\/cropped-cropped-rejuvenecimiento-facial-sin-cirugia-tijuana.png","width":3255,"height":1059,"caption":"MoldeArte | L\u00edderes en Medicina Est\u00e9tica en Tijuana y Rosarito"},"image":{"@id":"https:\/\/moldearte.com\/#\/schema\/logo\/image\/"}}]}},"_links":{"self":[{"href":"https:\/\/moldearte.com\/en\/wp-json\/wp\/v2\/pages\/670","targetHints":{"allow":["GET"]}}],"collection":[{"href":"https:\/\/moldearte.com\/en\/wp-json\/wp\/v2\/pages"}],"about":[{"href":"https:\/\/moldearte.com\/en\/wp-json\/wp\/v2\/types\/page"}],"author":[{"embeddable":true,"href":"https:\/\/moldearte.com\/en\/wp-json\/wp\/v2\/users\/1"}],"replies":[{"embeddable":true,"href":"https:\/\/moldearte.com\/en\/wp-json\/wp\/v2\/comments?post=670"}],"version-history":[{"count":0,"href":"https:\/\/moldearte.com\/en\/wp-json\/wp\/v2\/pages\/670\/revisions"}],"wp:attachment":[{"href":"https:\/\/moldearte.com\/en\/wp-json\/wp\/v2\/media?parent=670"}],"curies":[{"name":"wp","href":"https:\/\/api.w.org\/{rel}","templated":true}]}}