{"id":6342,"date":"2024-09-27T13:07:43","date_gmt":"2024-09-27T20:07:43","guid":{"rendered":"https:\/\/moldearte.com\/?page_id=6342"},"modified":"2025-05-21T09:34:11","modified_gmt":"2025-05-21T16:34:11","slug":"franquicias-moldearte","status":"publish","type":"page","link":"https:\/\/moldearte.com\/en\/franquicias-moldearte\/","title":{"rendered":"Franquicias MoldeArte"},"content":{"rendered":"\t\t<div data-elementor-type=\"wp-page\" data-elementor-id=\"6342\" class=\"elementor elementor-6342\">\n\t\t\t\t<div class=\"elementor-element elementor-element-4e3a532 e-flex e-con-boxed e-con e-parent\" data-id=\"4e3a532\" data-element_type=\"container\" data-e-type=\"container\">\n\t\t\t\t\t<div class=\"e-con-inner\">\n\t\t\t\t<div class=\"elementor-element elementor-element-c8a0626 elementor-widget elementor-widget-image\" data-id=\"c8a0626\" data-element_type=\"widget\" data-e-type=\"widget\" data-widget_type=\"image.default\">\n\t\t\t\t<div class=\"elementor-widget-container\">\n\t\t\t\t\t\t\t\t\t\t\t\t\t\t\t<img fetchpriority=\"high\" decoding=\"async\" width=\"612\" height=\"209\" src=\"https:\/\/moldearte.com\/wp-content\/uploads\/2025\/05\/logo-Moldearte.png\" class=\"attachment-large size-large wp-image-11639\" alt=\"\" srcset=\"https:\/\/moldearte.com\/wp-content\/uploads\/2025\/05\/logo-Moldearte.png 612w, https:\/\/moldearte.com\/wp-content\/uploads\/2025\/05\/logo-Moldearte-300x102.png 300w, https:\/\/moldearte.com\/wp-content\/uploads\/2025\/05\/logo-Moldearte-18x6.png 18w, https:\/\/moldearte.com\/wp-content\/uploads\/2025\/05\/logo-Moldearte-510x174.png 510w, https:\/\/moldearte.com\/wp-content\/uploads\/2025\/05\/logo-Moldearte-150x51.png 150w\" sizes=\"(max-width: 612px) 100vw, 612px\" \/>\t\t\t\t\t\t\t\t\t\t\t\t\t\t\t<\/div>\n\t\t\t\t<\/div>\n\t\t\t\t<div class=\"elementor-element elementor-element-cf7fea3 elementor-widget elementor-widget-heading\" data-id=\"cf7fea3\" data-element_type=\"widget\" data-e-type=\"widget\" data-widget_type=\"heading.default\">\n\t\t\t\t<div class=\"elementor-widget-container\">\n\t\t\t\t\t<h2 class=\"elementor-heading-title elementor-size-default\">Franquicia en Medicina Est\u00e9tica y SPA<\/h2>\t\t\t\t<\/div>\n\t\t\t\t<\/div>\n\t\t\t\t<div class=\"elementor-element elementor-element-983684e elementor-widget elementor-widget-heading\" data-id=\"983684e\" data-element_type=\"widget\" data-e-type=\"widget\" data-widget_type=\"heading.default\">\n\t\t\t\t<div class=\"elementor-widget-container\">\n\t\t\t\t\t<h2 class=\"elementor-heading-title elementor-size-default\">Contamos con 2 modelos de Franquicias<\/h2>\t\t\t\t<\/div>\n\t\t\t\t<\/div>\n\t\t\t\t\t<\/div>\n\t\t\t\t<\/div>\n\t\t<div class=\"elementor-element elementor-element-fdc32c5 e-flex e-con-boxed e-con e-parent\" data-id=\"fdc32c5\" data-element_type=\"container\" data-e-type=\"container\">\n\t\t\t\t\t<div class=\"e-con-inner\">\n\t\t\t\t<div class=\"elementor-element elementor-element-bd3f509 elementor-widget elementor-widget-text-editor\" data-id=\"bd3f509\" data-element_type=\"widget\" data-e-type=\"widget\" data-widget_type=\"text-editor.default\">\n\t\t\t\t<div class=\"elementor-widget-container\">\n\t\t\t\t\t\t\t\t\t<p style=\"text-align: center;\">\u00a1Emprende con MoldeArte y haz realidad tu sue\u00f1o de tener tu propia cl\u00ednica de Medicina Est\u00e9tica! \ud83e\udd13\u2063 Favor de llenar el siguiente formulario para hacerte llegar toda la informaci\u00f3n necesaria.<\/p>\t\t\t\t\t\t\t\t<\/div>\n\t\t\t\t<\/div>\n\t\t\t\t\t<\/div>\n\t\t\t\t<\/div>\n\t\t<div class=\"elementor-element elementor-element-11ec4cd e-flex e-con-boxed e-con e-parent\" data-id=\"11ec4cd\" data-element_type=\"container\" data-e-type=\"container\">\n\t\t\t\t\t<div class=\"e-con-inner\">\n\t\t<div class=\"elementor-element elementor-element-ce91dec e-con-full e-flex e-con e-child\" data-id=\"ce91dec\" data-element_type=\"container\" data-e-type=\"container\">\n\t\t\t\t<div class=\"elementor-element elementor-element-30c3d41 elementor-widget elementor-widget-heading\" data-id=\"30c3d41\" data-element_type=\"widget\" data-e-type=\"widget\" data-widget_type=\"heading.default\">\n\t\t\t\t<div class=\"elementor-widget-container\">\n\t\t\t\t\t<h3 class=\"elementor-heading-title elementor-size-default\">Franquicia por Licenciamiento<\/h3>\t\t\t\t<\/div>\n\t\t\t\t<\/div>\n\t\t\t\t<div class=\"elementor-element elementor-element-983229b elementor-widget elementor-widget-text-editor\" data-id=\"983229b\" data-element_type=\"widget\" data-e-type=\"widget\" data-widget_type=\"text-editor.default\">\n\t\t\t\t<div class=\"elementor-widget-container\">\n\t\t\t\t\t\t\t\t\t<ul><li>Retorno de Inversi\u00f3n (ROI) de 18 a 24 meses.<\/li><li>Costo de la Franquicia: $400,000 M.N. + IVA.<\/li><li>Regal\u00edas: 1 mil d\u00f3lares mensuales<\/li><\/ul>\t\t\t\t\t\t\t\t<\/div>\n\t\t\t\t<\/div>\n\t\t\t\t<\/div>\n\t\t<div class=\"elementor-element elementor-element-93cd729 e-con-full e-flex e-con e-child\" data-id=\"93cd729\" data-element_type=\"container\" data-e-type=\"container\">\n\t\t\t\t<div class=\"elementor-element elementor-element-3b191cf elementor-widget elementor-widget-heading\" data-id=\"3b191cf\" data-element_type=\"widget\" data-e-type=\"widget\" data-widget_type=\"heading.default\">\n\t\t\t\t<div class=\"elementor-widget-container\">\n\t\t\t\t\t<h3 class=\"elementor-heading-title elementor-size-default\">Franquicia Llave en Mano<\/h3>\t\t\t\t<\/div>\n\t\t\t\t<\/div>\n\t\t\t\t<div class=\"elementor-element elementor-element-2e5259e elementor-widget elementor-widget-text-editor\" data-id=\"2e5259e\" data-element_type=\"widget\" data-e-type=\"widget\" data-widget_type=\"text-editor.default\">\n\t\t\t\t<div class=\"elementor-widget-container\">\n\t\t\t\t\t\t\t\t\t<ul><li>Retorno de Inversi\u00f3n (ROI) de 18 a 24 meses.<\/li><li>Regal\u00edas: 1 mil d\u00f3lares mensuales<\/li><\/ul>\t\t\t\t\t\t\t\t<\/div>\n\t\t\t\t<\/div>\n\t\t\t\t<\/div>\n\t\t\t\t\t<\/div>\n\t\t\t\t<\/div>\n\t\t<div class=\"elementor-element elementor-element-4c0fbe5e e-flex e-con-boxed e-con e-parent\" data-id=\"4c0fbe5e\" data-element_type=\"container\" data-e-type=\"container\">\n\t\t\t\t\t<div class=\"e-con-inner\">\n\t\t\t\t<div class=\"elementor-element elementor-element-33b1482 elementor-widget elementor-widget-heading\" data-id=\"33b1482\" data-element_type=\"widget\" data-e-type=\"widget\" data-widget_type=\"heading.default\">\n\t\t\t\t<div class=\"elementor-widget-container\">\n\t\t\t\t\t<h4 class=\"elementor-heading-title elementor-size-default\">CARACTER\u00cdSTICAS DE LA FRANQUICIA<\/h4>\t\t\t\t<\/div>\n\t\t\t\t<\/div>\n\t\t\t\t<div class=\"elementor-element elementor-element-d2c68e0 elementor-widget elementor-widget-text-editor\" data-id=\"d2c68e0\" data-element_type=\"widget\" data-e-type=\"widget\" data-widget_type=\"text-editor.default\">\n\t\t\t\t<div class=\"elementor-widget-container\">\n\t\t\t\t\t\t\t\t\t<ul><li><strong>Capacitaci\u00f3n Continua<\/strong>: Formaci\u00f3n constante para todo el equipo de trabajo, asegurando el mantenimiento de altos est\u00e1ndares de calidad.<\/li><li><strong>Innovaci\u00f3n en Tratamientos<\/strong>: Acceso a los \u00faltimos avances y tecnolog\u00edas en medicina est\u00e9tica.<\/li><li><strong>Publicidad y Mercadotecnia<\/strong>: Estrategias de marketing efectivas para atraer y retener clientes.<\/li><li><strong>Ventas Mensuales Estimadas<\/strong>: Proyecci\u00f3n de ventas mensuales de $250,000 M.N.<\/li><li><strong>Apoyo Integral<\/strong>: Asesor\u00eda y supervisi\u00f3n en todo el proceso de la franquicia, desde la implementaci\u00f3n hasta la operaci\u00f3n diaria.<\/li><\/ul>\t\t\t\t\t\t\t\t<\/div>\n\t\t\t\t<\/div>\n\t\t\t\t\t<\/div>\n\t\t\t\t<\/div>\n\t\t<div class=\"elementor-element elementor-element-b007112 e-flex e-con-boxed e-con e-parent\" data-id=\"b007112\" data-element_type=\"container\" data-e-type=\"container\">\n\t\t\t\t\t<div class=\"e-con-inner\">\n\t\t\t\t<div class=\"elementor-element elementor-element-8e281d7 elementor-widget elementor-widget-heading\" data-id=\"8e281d7\" data-element_type=\"widget\" data-e-type=\"widget\" data-widget_type=\"heading.default\">\n\t\t\t\t<div class=\"elementor-widget-container\">\n\t\t\t\t\t<h5 class=\"elementor-heading-title elementor-size-default\">Se parte de este crecimiento, para m\u00e1s detalles favor de llenar el siguiente formulario:<\/h5>\t\t\t\t<\/div>\n\t\t\t\t<\/div>\n\t\t\t\t<div class=\"elementor-element elementor-element-bfd9cb1 minimog-wpforms-newsletter--yes minimog-wpforms-style-00 minimog-wpforms-dark elementor-widget elementor-widget-wpforms\" data-id=\"bfd9cb1\" data-element_type=\"widget\" data-e-type=\"widget\" data-widget_type=\"wpforms.default\">\n\t\t\t\t<div class=\"elementor-widget-container\">\n\t\t\t\t\t<div class=\"wpforms-container wpforms-container-full\" id=\"wpforms-6341\"><form id=\"wpforms-form-6341\" class=\"wpforms-validate wpforms-form wpforms-ajax-form\" data-formid=\"6341\" method=\"post\" enctype=\"multipart\/form-data\" action=\"\/en\/wp-json\/wp\/v2\/pages\/6342\" data-token=\"5bc9626cb3c8eb99f25a67d79a2d9835\" data-token-time=\"1775392454\"><noscript class=\"wpforms-error-noscript\">Please enable JavaScript in your browser to complete this form.<\/noscript><div class=\"wpforms-field-container\">\t\t<div class=\"newsletter-icon\"><i class=\"far fa-envelope\"><\/i><\/div>\n\t\t<div id=\"wpforms-6341-field_2-container\" class=\"wpforms-field wpforms-field-name\" data-field-id=\"2\"><label class=\"wpforms-field-label\">Nombre <span class=\"wpforms-required-label\">*<\/span><\/label><div class=\"wpforms-field-row wpforms-field-medium\"><div class=\"wpforms-field-row-block wpforms-first wpforms-one-half\"><input type=\"text\" id=\"wpforms-6341-field_2\" class=\"wpforms-field-name-first wpforms-field-required\" name=\"wpforms[fields][2][first]\" required><label for=\"wpforms-6341-field_2\" class=\"wpforms-field-sublabel after\">First<\/label><\/div><div class=\"wpforms-field-row-block wpforms-one-half\"><input type=\"text\" id=\"wpforms-6341-field_2-last\" class=\"wpforms-field-name-last wpforms-field-required\" name=\"wpforms[fields][2][last]\" required><label for=\"wpforms-6341-field_2-last\" class=\"wpforms-field-sublabel after\">Last<\/label><\/div><\/div><\/div><div id=\"wpforms-6341-field_1-container\" class=\"wpforms-field wpforms-field-phone\" data-field-id=\"1\"><label class=\"wpforms-field-label\" for=\"wpforms-6341-field_1\">Tel\u00e9fono<\/label><input type=\"tel\" id=\"wpforms-6341-field_1\" class=\"wpforms-field-medium wpforms-smart-phone-field\" data-rule-smart-phone-field=\"true\" name=\"wpforms[fields][1]\" aria-label=\"Tel\u00e9fono\" ><\/div><div id=\"wpforms-6341-field_3-container\" class=\"wpforms-field wpforms-field-email\" data-field-id=\"3\"><label class=\"wpforms-field-label\" for=\"wpforms-6341-field_3\">Correo electr\u00f3nico <span class=\"wpforms-required-label\">*<\/span><\/label><input type=\"email\" id=\"wpforms-6341-field_3\" class=\"wpforms-field-medium wpforms-field-required\" name=\"wpforms[fields][3]\" spellcheck=\"false\" required><\/div><div id=\"wpforms-6341-field_4-container\" class=\"wpforms-field wpforms-field-text\" data-field-id=\"4\"><label class=\"wpforms-field-label\" for=\"wpforms-6341-field_4\">\u00bfEn cual horario nos podemos comunicar?<\/label><input type=\"text\" id=\"wpforms-6341-field_4\" class=\"wpforms-field-medium\" name=\"wpforms[fields][4]\" ><\/div><\/div><!-- .wpforms-field-container --><div class=\"wpforms-submit-container\" ><input type=\"hidden\" name=\"wpforms[id]\" value=\"6341\"><input type=\"hidden\" name=\"page_title\" value=\"\"><input type=\"hidden\" name=\"page_url\" value=\"https:\/\/moldearte.com\/en\/wp-json\/wp\/v2\/pages\/6342\"><input type=\"hidden\" name=\"url_referer\" value=\"\"><button type=\"submit\" name=\"wpforms[submit]\" id=\"wpforms-submit-6341\" class=\"wpforms-submit\" data-alt-text=\"Enviando...\" data-submit-text=\"Enviar\" aria-live=\"assertive\" value=\"wpforms-submit\">Enviar<\/button><img decoding=\"async\" src=\"https:\/\/moldearte.com\/wp-content\/plugins\/wpforms\/assets\/images\/submit-spin.svg\" class=\"wpforms-submit-spinner\" style=\"display: none;\" width=\"26\" height=\"26\" alt=\"Loading\"><\/div><\/form><\/div>  <!-- .wpforms-container -->\t\t\t\t<\/div>\n\t\t\t\t<\/div>\n\t\t\t\t\t<\/div>\n\t\t\t\t<\/div>\n\t\t\t\t<\/div>\n\t\t","protected":false},"excerpt":{"rendered":"<p>Franquicia en Medicina Est\u00e9tica y SPA Contamos con 2 modelos de Franquicias \u00a1Emprende con MoldeArte y haz realidad tu sue\u00f1o de tener tu propia cl\u00ednica de Medicina Est\u00e9tica! \ud83e\udd13\u2063 Favor de llenar el siguiente formulario para hacerte llegar toda la informaci\u00f3n necesaria. Franquicia por Licenciamiento Retorno de Inversi\u00f3n (ROI) de 18 a 24 meses. Costo de la Franquicia: $400,000 M.N. + IVA. Regal\u00edas: 1 mil d\u00f3lares mensuales Franquicia Llave en Mano Retorno de Inversi\u00f3n (ROI) de 18 a 24 meses. Regal\u00edas: 1 mil d\u00f3lares mensuales CARACTER\u00cdSTICAS DE LA FRANQUICIA Capacitaci\u00f3n Continua: Formaci\u00f3n constante para todo el equipo de trabajo, asegurando el mantenimiento de altos est\u00e1ndares de calidad. Innovaci\u00f3n en Tratamientos: Acceso a los \u00faltimos avances y tecnolog\u00edas en medicina est\u00e9tica. Publicidad y Mercadotecnia: Estrategias de marketing efectivas para atraer y retener clientes. Ventas Mensuales Estimadas: Proyecci\u00f3n de ventas mensuales de $250,000 M.N. Apoyo Integral: Asesor\u00eda y supervisi\u00f3n en todo el proceso de la franquicia, desde la implementaci\u00f3n hasta la operaci\u00f3n diaria. Se parte de este crecimiento, para m\u00e1s detalles favor de llenar el siguiente formulario: Por favor, activa JavaScript en tu navegador para completar este formulario. Nombre *NombreApellidosTel\u00e9fonoCorreo electr\u00f3nico *\u00bfEn cual horario nos podemos comunicar? Enviar<\/p>","protected":false},"author":1,"featured_media":0,"parent":0,"menu_order":0,"comment_status":"closed","ping_status":"closed","template":"elementor_canvas","meta":{"footnotes":""},"class_list":["post-6342","page","type-page","status-publish","hentry","post-no-thumbnail"],"yoast_head":"<!-- This site is optimized with the Yoast SEO Premium plugin v27.2 (Yoast SEO v27.3) - https:\/\/yoast.com\/product\/yoast-seo-premium-wordpress\/ -->\n<title>Franquicias MoldeArte - MoldeArte | L\u00edderes en Medicina Est\u00e9tica en Tijuana y Rosarito<\/title>\n<meta name=\"robots\" content=\"index, follow, max-snippet:-1, max-image-preview:large, max-video-preview:-1\" \/>\n<link rel=\"canonical\" href=\"https:\/\/moldearte.com\/en\/franquicias-moldearte\/\" \/>\n<meta property=\"og:locale\" content=\"en_US\" \/>\n<meta property=\"og:type\" content=\"article\" \/>\n<meta property=\"og:title\" content=\"Franquicias MoldeArte\" \/>\n<meta property=\"og:description\" content=\"Franquicia en Medicina Est\u00e9tica y SPA Contamos con 2 modelos de Franquicias \u00a1Emprende con MoldeArte y haz realidad tu sue\u00f1o de tener tu propia cl\u00ednica de Medicina Est\u00e9tica! \ud83e\udd13\u2063 Favor de llenar el siguiente formulario para hacerte llegar toda la informaci\u00f3n necesaria. Franquicia por Licenciamiento Retorno de Inversi\u00f3n (ROI) de 18 a 24 meses. Costo de la Franquicia: $400,000 M.N. + IVA. Regal\u00edas: 1 mil d\u00f3lares mensuales Franquicia Llave en Mano Retorno de Inversi\u00f3n (ROI) de 18 a 24 meses. Regal\u00edas: 1 mil d\u00f3lares mensuales CARACTER\u00cdSTICAS DE LA FRANQUICIA Capacitaci\u00f3n Continua: Formaci\u00f3n constante para todo el equipo de trabajo, asegurando el mantenimiento de altos est\u00e1ndares de calidad. Innovaci\u00f3n en Tratamientos: Acceso a los \u00faltimos avances y tecnolog\u00edas en medicina est\u00e9tica. Publicidad y Mercadotecnia: Estrategias de marketing efectivas para atraer y retener clientes. Ventas Mensuales Estimadas: Proyecci\u00f3n de ventas mensuales de $250,000 M.N. Apoyo Integral: Asesor\u00eda y supervisi\u00f3n en todo el proceso de la franquicia, desde la implementaci\u00f3n hasta la operaci\u00f3n diaria. Se parte de este crecimiento, para m\u00e1s detalles favor de llenar el siguiente formulario: Por favor, activa JavaScript en tu navegador para completar este formulario. Nombre *NombreApellidosTel\u00e9fonoCorreo electr\u00f3nico *\u00bfEn cual horario nos podemos comunicar? Enviar\" \/>\n<meta property=\"og:url\" content=\"https:\/\/moldearte.com\/en\/franquicias-moldearte\/\" \/>\n<meta property=\"og:site_name\" content=\"MoldeArte | L\u00edderes en Medicina Est\u00e9tica en Tijuana y Rosarito\" \/>\n<meta property=\"article:modified_time\" content=\"2025-05-21T16:34:11+00:00\" \/>\n<meta property=\"og:image\" content=\"https:\/\/moldearte.com\/wp-content\/uploads\/2025\/05\/logo-Moldearte.png\" \/>\n\t<meta property=\"og:image:width\" content=\"612\" \/>\n\t<meta property=\"og:image:height\" content=\"209\" \/>\n\t<meta property=\"og:image:type\" content=\"image\/png\" \/>\n<meta name=\"twitter:card\" content=\"summary_large_image\" \/>\n<meta name=\"twitter:label1\" content=\"Est. reading time\" \/>\n\t<meta name=\"twitter:data1\" content=\"1 minute\" \/>\n<script type=\"application\/ld+json\" class=\"yoast-schema-graph\">{\"@context\":\"https:\\\/\\\/schema.org\",\"@graph\":[{\"@type\":\"WebPage\",\"@id\":\"https:\\\/\\\/moldearte.com\\\/franquicias-moldearte\\\/\",\"url\":\"https:\\\/\\\/moldearte.com\\\/franquicias-moldearte\\\/\",\"name\":\"Franquicias MoldeArte - MoldeArte | L\u00edderes en Medicina Est\u00e9tica en Tijuana y Rosarito\",\"isPartOf\":{\"@id\":\"https:\\\/\\\/moldearte.com\\\/#website\"},\"primaryImageOfPage\":{\"@id\":\"https:\\\/\\\/moldearte.com\\\/franquicias-moldearte\\\/#primaryimage\"},\"image\":{\"@id\":\"https:\\\/\\\/moldearte.com\\\/franquicias-moldearte\\\/#primaryimage\"},\"thumbnailUrl\":\"https:\\\/\\\/moldearte.com\\\/wp-content\\\/uploads\\\/2025\\\/05\\\/logo-Moldearte.png\",\"datePublished\":\"2024-09-27T20:07:43+00:00\",\"dateModified\":\"2025-05-21T16:34:11+00:00\",\"breadcrumb\":{\"@id\":\"https:\\\/\\\/moldearte.com\\\/franquicias-moldearte\\\/#breadcrumb\"},\"inLanguage\":\"en-US\",\"potentialAction\":[{\"@type\":\"ReadAction\",\"target\":[\"https:\\\/\\\/moldearte.com\\\/franquicias-moldearte\\\/\"]}]},{\"@type\":\"ImageObject\",\"inLanguage\":\"en-US\",\"@id\":\"https:\\\/\\\/moldearte.com\\\/franquicias-moldearte\\\/#primaryimage\",\"url\":\"https:\\\/\\\/moldearte.com\\\/wp-content\\\/uploads\\\/2025\\\/05\\\/logo-Moldearte.png\",\"contentUrl\":\"https:\\\/\\\/moldearte.com\\\/wp-content\\\/uploads\\\/2025\\\/05\\\/logo-Moldearte.png\"},{\"@type\":\"BreadcrumbList\",\"@id\":\"https:\\\/\\\/moldearte.com\\\/franquicias-moldearte\\\/#breadcrumb\",\"itemListElement\":[{\"@type\":\"ListItem\",\"position\":1,\"name\":\"Portada\",\"item\":\"https:\\\/\\\/moldearte.com\\\/\"},{\"@type\":\"ListItem\",\"position\":2,\"name\":\"Franquicias MoldeArte\"}]},{\"@type\":\"WebSite\",\"@id\":\"https:\\\/\\\/moldearte.com\\\/#website\",\"url\":\"https:\\\/\\\/moldearte.com\\\/\",\"name\":\"MoldeArte | L\u00edderes en Medicina Est\u00e9tica en Tijuana y Rosarito\",\"description\":\"Rejuvenecimiento Facial y corporal sin cirug\u00eda\",\"publisher\":{\"@id\":\"https:\\\/\\\/moldearte.com\\\/#organization\"},\"potentialAction\":[{\"@type\":\"SearchAction\",\"target\":{\"@type\":\"EntryPoint\",\"urlTemplate\":\"https:\\\/\\\/moldearte.com\\\/?s={search_term_string}\"},\"query-input\":{\"@type\":\"PropertyValueSpecification\",\"valueRequired\":true,\"valueName\":\"search_term_string\"}}],\"inLanguage\":\"en-US\"},{\"@type\":\"Organization\",\"@id\":\"https:\\\/\\\/moldearte.com\\\/#organization\",\"name\":\"MoldeArte | L\u00edderes en Medicina Est\u00e9tica en Tijuana y Rosarito\",\"url\":\"https:\\\/\\\/moldearte.com\\\/\",\"logo\":{\"@type\":\"ImageObject\",\"inLanguage\":\"en-US\",\"@id\":\"https:\\\/\\\/moldearte.com\\\/#\\\/schema\\\/logo\\\/image\\\/\",\"url\":\"https:\\\/\\\/moldearte.com\\\/wp-content\\\/uploads\\\/2023\\\/01\\\/cropped-cropped-rejuvenecimiento-facial-sin-cirugia-tijuana.png\",\"contentUrl\":\"https:\\\/\\\/moldearte.com\\\/wp-content\\\/uploads\\\/2023\\\/01\\\/cropped-cropped-rejuvenecimiento-facial-sin-cirugia-tijuana.png\",\"width\":3255,\"height\":1059,\"caption\":\"MoldeArte | L\u00edderes en Medicina Est\u00e9tica en Tijuana y Rosarito\"},\"image\":{\"@id\":\"https:\\\/\\\/moldearte.com\\\/#\\\/schema\\\/logo\\\/image\\\/\"}}]}<\/script>\n<!-- \/ Yoast SEO Premium plugin. -->","yoast_head_json":{"title":"Franquicias MoldeArte - MoldeArte | L\u00edderes en Medicina Est\u00e9tica en Tijuana y Rosarito","robots":{"index":"index","follow":"follow","max-snippet":"max-snippet:-1","max-image-preview":"max-image-preview:large","max-video-preview":"max-video-preview:-1"},"canonical":"https:\/\/moldearte.com\/en\/franquicias-moldearte\/","og_locale":"en_US","og_type":"article","og_title":"Franquicias MoldeArte","og_description":"Franquicia en Medicina Est\u00e9tica y SPA Contamos con 2 modelos de Franquicias \u00a1Emprende con MoldeArte y haz realidad tu sue\u00f1o de tener tu propia cl\u00ednica de Medicina Est\u00e9tica! \ud83e\udd13\u2063 Favor de llenar el siguiente formulario para hacerte llegar toda la informaci\u00f3n necesaria. Franquicia por Licenciamiento Retorno de Inversi\u00f3n (ROI) de 18 a 24 meses. Costo de la Franquicia: $400,000 M.N. + IVA. Regal\u00edas: 1 mil d\u00f3lares mensuales Franquicia Llave en Mano Retorno de Inversi\u00f3n (ROI) de 18 a 24 meses. Regal\u00edas: 1 mil d\u00f3lares mensuales CARACTER\u00cdSTICAS DE LA FRANQUICIA Capacitaci\u00f3n Continua: Formaci\u00f3n constante para todo el equipo de trabajo, asegurando el mantenimiento de altos est\u00e1ndares de calidad. Innovaci\u00f3n en Tratamientos: Acceso a los \u00faltimos avances y tecnolog\u00edas en medicina est\u00e9tica. Publicidad y Mercadotecnia: Estrategias de marketing efectivas para atraer y retener clientes. Ventas Mensuales Estimadas: Proyecci\u00f3n de ventas mensuales de $250,000 M.N. Apoyo Integral: Asesor\u00eda y supervisi\u00f3n en todo el proceso de la franquicia, desde la implementaci\u00f3n hasta la operaci\u00f3n diaria. Se parte de este crecimiento, para m\u00e1s detalles favor de llenar el siguiente formulario: Por favor, activa JavaScript en tu navegador para completar este formulario. Nombre *NombreApellidosTel\u00e9fonoCorreo electr\u00f3nico *\u00bfEn cual horario nos podemos comunicar? Enviar","og_url":"https:\/\/moldearte.com\/en\/franquicias-moldearte\/","og_site_name":"MoldeArte | L\u00edderes en Medicina Est\u00e9tica en Tijuana y Rosarito","article_modified_time":"2025-05-21T16:34:11+00:00","og_image":[{"width":612,"height":209,"url":"https:\/\/moldearte.com\/wp-content\/uploads\/2025\/05\/logo-Moldearte.png","type":"image\/png"}],"twitter_card":"summary_large_image","twitter_misc":{"Est. reading time":"1 minute"},"schema":{"@context":"https:\/\/schema.org","@graph":[{"@type":"WebPage","@id":"https:\/\/moldearte.com\/franquicias-moldearte\/","url":"https:\/\/moldearte.com\/franquicias-moldearte\/","name":"Franquicias MoldeArte - MoldeArte | L\u00edderes en Medicina Est\u00e9tica en Tijuana y Rosarito","isPartOf":{"@id":"https:\/\/moldearte.com\/#website"},"primaryImageOfPage":{"@id":"https:\/\/moldearte.com\/franquicias-moldearte\/#primaryimage"},"image":{"@id":"https:\/\/moldearte.com\/franquicias-moldearte\/#primaryimage"},"thumbnailUrl":"https:\/\/moldearte.com\/wp-content\/uploads\/2025\/05\/logo-Moldearte.png","datePublished":"2024-09-27T20:07:43+00:00","dateModified":"2025-05-21T16:34:11+00:00","breadcrumb":{"@id":"https:\/\/moldearte.com\/franquicias-moldearte\/#breadcrumb"},"inLanguage":"en-US","potentialAction":[{"@type":"ReadAction","target":["https:\/\/moldearte.com\/franquicias-moldearte\/"]}]},{"@type":"ImageObject","inLanguage":"en-US","@id":"https:\/\/moldearte.com\/franquicias-moldearte\/#primaryimage","url":"https:\/\/moldearte.com\/wp-content\/uploads\/2025\/05\/logo-Moldearte.png","contentUrl":"https:\/\/moldearte.com\/wp-content\/uploads\/2025\/05\/logo-Moldearte.png"},{"@type":"BreadcrumbList","@id":"https:\/\/moldearte.com\/franquicias-moldearte\/#breadcrumb","itemListElement":[{"@type":"ListItem","position":1,"name":"Portada","item":"https:\/\/moldearte.com\/"},{"@type":"ListItem","position":2,"name":"Franquicias MoldeArte"}]},{"@type":"WebSite","@id":"https:\/\/moldearte.com\/#website","url":"https:\/\/moldearte.com\/","name":"MoldeArte | L\u00edderes en Medicina Est\u00e9tica en Tijuana y Rosarito","description":"Rejuvenecimiento Facial y corporal sin cirug\u00eda","publisher":{"@id":"https:\/\/moldearte.com\/#organization"},"potentialAction":[{"@type":"SearchAction","target":{"@type":"EntryPoint","urlTemplate":"https:\/\/moldearte.com\/?s={search_term_string}"},"query-input":{"@type":"PropertyValueSpecification","valueRequired":true,"valueName":"search_term_string"}}],"inLanguage":"en-US"},{"@type":"Organization","@id":"https:\/\/moldearte.com\/#organization","name":"MoldeArte | L\u00edderes en Medicina Est\u00e9tica en Tijuana y Rosarito","url":"https:\/\/moldearte.com\/","logo":{"@type":"ImageObject","inLanguage":"en-US","@id":"https:\/\/moldearte.com\/#\/schema\/logo\/image\/","url":"https:\/\/moldearte.com\/wp-content\/uploads\/2023\/01\/cropped-cropped-rejuvenecimiento-facial-sin-cirugia-tijuana.png","contentUrl":"https:\/\/moldearte.com\/wp-content\/uploads\/2023\/01\/cropped-cropped-rejuvenecimiento-facial-sin-cirugia-tijuana.png","width":3255,"height":1059,"caption":"MoldeArte | L\u00edderes en Medicina Est\u00e9tica en Tijuana y Rosarito"},"image":{"@id":"https:\/\/moldearte.com\/#\/schema\/logo\/image\/"}}]}},"_links":{"self":[{"href":"https:\/\/moldearte.com\/en\/wp-json\/wp\/v2\/pages\/6342","targetHints":{"allow":["GET"]}}],"collection":[{"href":"https:\/\/moldearte.com\/en\/wp-json\/wp\/v2\/pages"}],"about":[{"href":"https:\/\/moldearte.com\/en\/wp-json\/wp\/v2\/types\/page"}],"author":[{"embeddable":true,"href":"https:\/\/moldearte.com\/en\/wp-json\/wp\/v2\/users\/1"}],"replies":[{"embeddable":true,"href":"https:\/\/moldearte.com\/en\/wp-json\/wp\/v2\/comments?post=6342"}],"version-history":[{"count":0,"href":"https:\/\/moldearte.com\/en\/wp-json\/wp\/v2\/pages\/6342\/revisions"}],"wp:attachment":[{"href":"https:\/\/moldearte.com\/en\/wp-json\/wp\/v2\/media?parent=6342"}],"curies":[{"name":"wp","href":"https:\/\/api.w.org\/{rel}","templated":true}]}}