{"id":607,"date":"2023-01-31T15:34:50","date_gmt":"2023-01-31T23:34:50","guid":{"rendered":"https:\/\/moldearte.com\/?page_id=607"},"modified":"2025-05-20T20:16:42","modified_gmt":"2025-05-21T03:16:42","slug":"encuesta-de-satisfaccion-ie","status":"publish","type":"page","link":"https:\/\/moldearte.com\/en\/encuesta-de-satisfaccion-ie\/","title":{"rendered":"Encuesta de Satisfacci\u00f3n &#8211; IE"},"content":{"rendered":"\t\t<div data-elementor-type=\"wp-page\" data-elementor-id=\"607\" class=\"elementor elementor-607\">\n\t\t\t\t<div class=\"elementor-element elementor-element-5ffaaec e-flex e-con-boxed e-con e-parent\" data-id=\"5ffaaec\" data-element_type=\"container\" data-e-type=\"container\">\n\t\t\t\t\t<div class=\"e-con-inner\">\n\t\t\t\t<div class=\"elementor-element elementor-element-5d4f976 elementor-widget elementor-widget-heading\" data-id=\"5d4f976\" data-element_type=\"widget\" data-e-type=\"widget\" data-widget_type=\"heading.default\">\n\t\t\t\t<div class=\"elementor-widget-container\">\n\t\t\t\t\t<h2 class=\"elementor-heading-title elementor-size-default\">Agradecemos su tiempo en responder esta breve encuesta<\/h2>\t\t\t\t<\/div>\n\t\t\t\t<\/div>\n\t\t\t\t\t<\/div>\n\t\t\t\t<\/div>\n\t\t<div class=\"elementor-element elementor-element-4371bdb4 e-flex e-con-boxed e-con e-parent\" data-id=\"4371bdb4\" data-element_type=\"container\" data-e-type=\"container\">\n\t\t\t\t\t<div class=\"e-con-inner\">\n\t\t\t\t<div class=\"elementor-element elementor-element-7665426f elementor-widget elementor-widget-text-editor\" data-id=\"7665426f\" data-element_type=\"widget\" data-e-type=\"widget\" data-widget_type=\"text-editor.default\">\n\t\t\t\t<div class=\"elementor-widget-container\">\n\t\t\t\t\t\t\t\t\t<p style=\"text-align: center;\">Le recordamos que nuestros n\u00fameros de atenci\u00f3n al cliente son<br \/>664 435 4627, 664 576 8665 y 664 169 0351<\/p>\t\t\t\t\t\t\t\t<\/div>\n\t\t\t\t<\/div>\n\t\t\t\t\t<\/div>\n\t\t\t\t<\/div>\n\t\t<div class=\"elementor-element elementor-element-221587a e-flex e-con-boxed e-con e-parent\" data-id=\"221587a\" data-element_type=\"container\" data-e-type=\"container\">\n\t\t\t\t\t<div class=\"e-con-inner\">\n\t\t\t\t<div class=\"elementor-element elementor-element-789aa20 elementor-widget elementor-widget-shortcode\" data-id=\"789aa20\" data-element_type=\"widget\" data-e-type=\"widget\" data-widget_type=\"shortcode.default\">\n\t\t\t\t<div class=\"elementor-widget-container\">\n\t\t\t\t\t\t\t<div class=\"elementor-shortcode\"><div class=\"wpforms-container wpforms-container-full\" id=\"wpforms-9326\"><form id=\"wpforms-form-9326\" class=\"wpforms-validate wpforms-form wpforms-ajax-form\" data-formid=\"9326\" method=\"post\" enctype=\"multipart\/form-data\" action=\"\/en\/wp-json\/wp\/v2\/pages\/607\" data-token=\"8430c863bc8c66417120816355d87a1f\" data-token-time=\"1775264420\"><noscript class=\"wpforms-error-noscript\">Please enable JavaScript in your browser to complete this form.<\/noscript><div class=\"wpforms-field-container\">\t\t<div class=\"newsletter-icon\"><i class=\"far fa-envelope\"><\/i><\/div>\n\t\t<div id=\"wpforms-9326-field_1-container\" class=\"wpforms-field wpforms-field-rating wpforms-conditional-trigger\" data-field-id=\"1\"><label class=\"wpforms-field-label\">\u00bfC\u00f3mo considera el trato del asesor que le atendi\u00f3? <span class=\"wpforms-required-label\">*<\/span><\/label><div class=\"wpforms-field-rating-wrapper wpforms-field-rating-labels-position-below\"><div class=\"wpforms-field-rating-items\"><label class=\"wpforms-field-rating-item choice-1\" for=\"wpforms-9326-field_1_1\"><span class=\"wpforms-screen-reader-element\">Rate 1 out of 5<\/span><input type=\"radio\" id=\"wpforms-9326-field_1_1\" class=\"wpforms-field-required wpforms-screen-reader-element\" name=\"wpforms[fields][1]\" value=\"1\" required><svg width=\"28\" height=\"28\" style=\"height:28px;width:28px;\" fill=\"currentColor\" color=\"#e54686\" viewBox=\"0 0 1792 1792\" xmlns=\"http:\/\/www.w3.org\/2000\/svg\"><path d=\"M896 1664q-26 0-44-18l-624-602q-10-8-27.5-26t-55.5-65.5-68-97.5-53.5-121-23.5-138q0-220 127-344t351-124q62 0 126.5 21.5t120 58 95.5 68.5 76 68q36-36 76-68t95.5-68.5 120-58 126.5-21.5q224 0 351 124t127 344q0 221-229 450l-623 600q-18 18-44 18z\"\/><\/svg><\/label><label class=\"wpforms-field-rating-item choice-2\" for=\"wpforms-9326-field_1_2\"><span class=\"wpforms-screen-reader-element\">Rate 2 out of 5<\/span><input type=\"radio\" id=\"wpforms-9326-field_1_2\" class=\"wpforms-field-required wpforms-screen-reader-element\" name=\"wpforms[fields][1]\" value=\"2\" required><svg width=\"28\" height=\"28\" style=\"height:28px;width:28px;\" fill=\"currentColor\" color=\"#e54686\" viewBox=\"0 0 1792 1792\" xmlns=\"http:\/\/www.w3.org\/2000\/svg\"><path d=\"M896 1664q-26 0-44-18l-624-602q-10-8-27.5-26t-55.5-65.5-68-97.5-53.5-121-23.5-138q0-220 127-344t351-124q62 0 126.5 21.5t120 58 95.5 68.5 76 68q36-36 76-68t95.5-68.5 120-58 126.5-21.5q224 0 351 124t127 344q0 221-229 450l-623 600q-18 18-44 18z\"\/><\/svg><\/label><label class=\"wpforms-field-rating-item choice-3\" for=\"wpforms-9326-field_1_3\"><span class=\"wpforms-screen-reader-element\">Rate 3 out of 5<\/span><input type=\"radio\" id=\"wpforms-9326-field_1_3\" class=\"wpforms-field-required wpforms-screen-reader-element\" name=\"wpforms[fields][1]\" value=\"3\" required><svg width=\"28\" height=\"28\" style=\"height:28px;width:28px;\" fill=\"currentColor\" color=\"#e54686\" viewBox=\"0 0 1792 1792\" xmlns=\"http:\/\/www.w3.org\/2000\/svg\"><path d=\"M896 1664q-26 0-44-18l-624-602q-10-8-27.5-26t-55.5-65.5-68-97.5-53.5-121-23.5-138q0-220 127-344t351-124q62 0 126.5 21.5t120 58 95.5 68.5 76 68q36-36 76-68t95.5-68.5 120-58 126.5-21.5q224 0 351 124t127 344q0 221-229 450l-623 600q-18 18-44 18z\"\/><\/svg><\/label><label class=\"wpforms-field-rating-item choice-4\" for=\"wpforms-9326-field_1_4\"><span class=\"wpforms-screen-reader-element\">Rate 4 out of 5<\/span><input type=\"radio\" id=\"wpforms-9326-field_1_4\" class=\"wpforms-field-required wpforms-screen-reader-element\" name=\"wpforms[fields][1]\" value=\"4\" required><svg width=\"28\" height=\"28\" style=\"height:28px;width:28px;\" fill=\"currentColor\" color=\"#e54686\" viewBox=\"0 0 1792 1792\" xmlns=\"http:\/\/www.w3.org\/2000\/svg\"><path d=\"M896 1664q-26 0-44-18l-624-602q-10-8-27.5-26t-55.5-65.5-68-97.5-53.5-121-23.5-138q0-220 127-344t351-124q62 0 126.5 21.5t120 58 95.5 68.5 76 68q36-36 76-68t95.5-68.5 120-58 126.5-21.5q224 0 351 124t127 344q0 221-229 450l-623 600q-18 18-44 18z\"\/><\/svg><\/label><label class=\"wpforms-field-rating-item choice-5\" for=\"wpforms-9326-field_1_5\"><span class=\"wpforms-screen-reader-element\">Rate 5 out of 5<\/span><input type=\"radio\" id=\"wpforms-9326-field_1_5\" class=\"wpforms-field-required wpforms-screen-reader-element\" name=\"wpforms[fields][1]\" value=\"5\" required><svg width=\"28\" height=\"28\" style=\"height:28px;width:28px;\" fill=\"currentColor\" color=\"#e54686\" viewBox=\"0 0 1792 1792\" xmlns=\"http:\/\/www.w3.org\/2000\/svg\"><path d=\"M896 1664q-26 0-44-18l-624-602q-10-8-27.5-26t-55.5-65.5-68-97.5-53.5-121-23.5-138q0-220 127-344t351-124q62 0 126.5 21.5t120 58 95.5 68.5 76 68q36-36 76-68t95.5-68.5 120-58 126.5-21.5q224 0 351 124t127 344q0 221-229 450l-623 600q-18 18-44 18z\"\/><\/svg><\/label><\/div><\/div><\/div><div id=\"wpforms-9326-field_2-container\" class=\"wpforms-field wpforms-field-rating wpforms-conditional-trigger\" data-field-id=\"2\"><label class=\"wpforms-field-label\">\u00bfC\u00f3mo considera el tiempo de atenci\u00f3n del asesor? <span class=\"wpforms-required-label\">*<\/span><\/label><div class=\"wpforms-field-rating-wrapper wpforms-field-rating-labels-position-below\"><div class=\"wpforms-field-rating-items\"><label class=\"wpforms-field-rating-item choice-1\" for=\"wpforms-9326-field_2_1\"><span class=\"wpforms-screen-reader-element\">Rate 1 out of 5<\/span><input type=\"radio\" id=\"wpforms-9326-field_2_1\" class=\"wpforms-field-required wpforms-screen-reader-element\" name=\"wpforms[fields][2]\" value=\"1\" required><svg width=\"28\" height=\"28\" style=\"height:28px;width:28px;\" fill=\"currentColor\" color=\"#ffcf00\" viewBox=\"0 0 1792 1792\" xmlns=\"http:\/\/www.w3.org\/2000\/svg\"><path d=\"M320 1344q0-26-19-45t-45-19q-27 0-45.5 19t-18.5 45q0 27 18.5 45.5t45.5 18.5q26 0 45-18.5t19-45.5zm160-512v640q0 26-19 45t-45 19h-288q-26 0-45-19t-19-45v-640q0-26 19-45t45-19h288q26 0 45 19t19 45zm1184 0q0 86-55 149 15 44 15 76 3 76-43 137 17 56 0 117-15 57-54 94 9 112-49 181-64 76-197 78h-129q-66 0-144-15.5t-121.5-29-120.5-39.5q-123-43-158-44-26-1-45-19.5t-19-44.5v-641q0-25 18-43.5t43-20.5q24-2 76-59t101-121q68-87 101-120 18-18 31-48t17.5-48.5 13.5-60.5q7-39 12.5-61t19.5-52 34-50q19-19 45-19 46 0 82.5 10.5t60 26 40 40.5 24 45 12 50 5 45 .5 39q0 38-9.5 76t-19 60-27.5 56q-3 6-10 18t-11 22-8 24h277q78 0 135 57t57 135z\"\/><\/svg><\/label><label class=\"wpforms-field-rating-item choice-2\" for=\"wpforms-9326-field_2_2\"><span class=\"wpforms-screen-reader-element\">Rate 2 out of 5<\/span><input type=\"radio\" id=\"wpforms-9326-field_2_2\" class=\"wpforms-field-required wpforms-screen-reader-element\" name=\"wpforms[fields][2]\" value=\"2\" required><svg width=\"28\" height=\"28\" style=\"height:28px;width:28px;\" fill=\"currentColor\" color=\"#ffcf00\" viewBox=\"0 0 1792 1792\" xmlns=\"http:\/\/www.w3.org\/2000\/svg\"><path d=\"M320 1344q0-26-19-45t-45-19q-27 0-45.5 19t-18.5 45q0 27 18.5 45.5t45.5 18.5q26 0 45-18.5t19-45.5zm160-512v640q0 26-19 45t-45 19h-288q-26 0-45-19t-19-45v-640q0-26 19-45t45-19h288q26 0 45 19t19 45zm1184 0q0 86-55 149 15 44 15 76 3 76-43 137 17 56 0 117-15 57-54 94 9 112-49 181-64 76-197 78h-129q-66 0-144-15.5t-121.5-29-120.5-39.5q-123-43-158-44-26-1-45-19.5t-19-44.5v-641q0-25 18-43.5t43-20.5q24-2 76-59t101-121q68-87 101-120 18-18 31-48t17.5-48.5 13.5-60.5q7-39 12.5-61t19.5-52 34-50q19-19 45-19 46 0 82.5 10.5t60 26 40 40.5 24 45 12 50 5 45 .5 39q0 38-9.5 76t-19 60-27.5 56q-3 6-10 18t-11 22-8 24h277q78 0 135 57t57 135z\"\/><\/svg><\/label><label class=\"wpforms-field-rating-item choice-3\" for=\"wpforms-9326-field_2_3\"><span class=\"wpforms-screen-reader-element\">Rate 3 out of 5<\/span><input type=\"radio\" id=\"wpforms-9326-field_2_3\" class=\"wpforms-field-required wpforms-screen-reader-element\" name=\"wpforms[fields][2]\" value=\"3\" required><svg width=\"28\" height=\"28\" style=\"height:28px;width:28px;\" fill=\"currentColor\" color=\"#ffcf00\" viewBox=\"0 0 1792 1792\" xmlns=\"http:\/\/www.w3.org\/2000\/svg\"><path d=\"M320 1344q0-26-19-45t-45-19q-27 0-45.5 19t-18.5 45q0 27 18.5 45.5t45.5 18.5q26 0 45-18.5t19-45.5zm160-512v640q0 26-19 45t-45 19h-288q-26 0-45-19t-19-45v-640q0-26 19-45t45-19h288q26 0 45 19t19 45zm1184 0q0 86-55 149 15 44 15 76 3 76-43 137 17 56 0 117-15 57-54 94 9 112-49 181-64 76-197 78h-129q-66 0-144-15.5t-121.5-29-120.5-39.5q-123-43-158-44-26-1-45-19.5t-19-44.5v-641q0-25 18-43.5t43-20.5q24-2 76-59t101-121q68-87 101-120 18-18 31-48t17.5-48.5 13.5-60.5q7-39 12.5-61t19.5-52 34-50q19-19 45-19 46 0 82.5 10.5t60 26 40 40.5 24 45 12 50 5 45 .5 39q0 38-9.5 76t-19 60-27.5 56q-3 6-10 18t-11 22-8 24h277q78 0 135 57t57 135z\"\/><\/svg><\/label><label class=\"wpforms-field-rating-item choice-4\" for=\"wpforms-9326-field_2_4\"><span class=\"wpforms-screen-reader-element\">Rate 4 out of 5<\/span><input type=\"radio\" id=\"wpforms-9326-field_2_4\" class=\"wpforms-field-required wpforms-screen-reader-element\" name=\"wpforms[fields][2]\" value=\"4\" required><svg width=\"28\" height=\"28\" style=\"height:28px;width:28px;\" fill=\"currentColor\" color=\"#ffcf00\" viewBox=\"0 0 1792 1792\" xmlns=\"http:\/\/www.w3.org\/2000\/svg\"><path d=\"M320 1344q0-26-19-45t-45-19q-27 0-45.5 19t-18.5 45q0 27 18.5 45.5t45.5 18.5q26 0 45-18.5t19-45.5zm160-512v640q0 26-19 45t-45 19h-288q-26 0-45-19t-19-45v-640q0-26 19-45t45-19h288q26 0 45 19t19 45zm1184 0q0 86-55 149 15 44 15 76 3 76-43 137 17 56 0 117-15 57-54 94 9 112-49 181-64 76-197 78h-129q-66 0-144-15.5t-121.5-29-120.5-39.5q-123-43-158-44-26-1-45-19.5t-19-44.5v-641q0-25 18-43.5t43-20.5q24-2 76-59t101-121q68-87 101-120 18-18 31-48t17.5-48.5 13.5-60.5q7-39 12.5-61t19.5-52 34-50q19-19 45-19 46 0 82.5 10.5t60 26 40 40.5 24 45 12 50 5 45 .5 39q0 38-9.5 76t-19 60-27.5 56q-3 6-10 18t-11 22-8 24h277q78 0 135 57t57 135z\"\/><\/svg><\/label><label class=\"wpforms-field-rating-item choice-5\" for=\"wpforms-9326-field_2_5\"><span class=\"wpforms-screen-reader-element\">Rate 5 out of 5<\/span><input type=\"radio\" id=\"wpforms-9326-field_2_5\" class=\"wpforms-field-required wpforms-screen-reader-element\" name=\"wpforms[fields][2]\" value=\"5\" required><svg width=\"28\" height=\"28\" style=\"height:28px;width:28px;\" fill=\"currentColor\" color=\"#ffcf00\" viewBox=\"0 0 1792 1792\" xmlns=\"http:\/\/www.w3.org\/2000\/svg\"><path d=\"M320 1344q0-26-19-45t-45-19q-27 0-45.5 19t-18.5 45q0 27 18.5 45.5t45.5 18.5q26 0 45-18.5t19-45.5zm160-512v640q0 26-19 45t-45 19h-288q-26 0-45-19t-19-45v-640q0-26 19-45t45-19h288q26 0 45 19t19 45zm1184 0q0 86-55 149 15 44 15 76 3 76-43 137 17 56 0 117-15 57-54 94 9 112-49 181-64 76-197 78h-129q-66 0-144-15.5t-121.5-29-120.5-39.5q-123-43-158-44-26-1-45-19.5t-19-44.5v-641q0-25 18-43.5t43-20.5q24-2 76-59t101-121q68-87 101-120 18-18 31-48t17.5-48.5 13.5-60.5q7-39 12.5-61t19.5-52 34-50q19-19 45-19 46 0 82.5 10.5t60 26 40 40.5 24 45 12 50 5 45 .5 39q0 38-9.5 76t-19 60-27.5 56q-3 6-10 18t-11 22-8 24h277q78 0 135 57t57 135z\"\/><\/svg><\/label><\/div><\/div><\/div><div id=\"wpforms-9326-field_3-container\" class=\"wpforms-field wpforms-field-radio wpforms-conditional-trigger\" data-field-id=\"3\"><label class=\"wpforms-field-label\">\u00bfLa informaci\u00f3n brindada resolvi\u00f3 todas sus dudas? <span class=\"wpforms-required-label\">*<\/span><\/label><ul id=\"wpforms-9326-field_3\" class=\"wpforms-field-required\"><li class=\"choice-1 depth-1\"><input type=\"radio\" id=\"wpforms-9326-field_3_1\" name=\"wpforms[fields][3]\" value=\"Si\" required ><label class=\"wpforms-field-label-inline\" for=\"wpforms-9326-field_3_1\">Si<\/label><\/li><li class=\"choice-3 depth-1\"><input type=\"radio\" id=\"wpforms-9326-field_3_3\" name=\"wpforms[fields][3]\" value=\"No\" required ><label class=\"wpforms-field-label-inline\" for=\"wpforms-9326-field_3_3\">No<\/label><\/li><\/ul><\/div>\t\t<div id=\"wpforms-9326-field_8-container\"\n\t\t\tclass=\"wpforms-field wpforms-field-text\"\n\t\t\tdata-field-type=\"text\"\n\t\t\tdata-field-id=\"8\"\n\t\t\t>\n\t\t\t<label class=\"wpforms-field-label\" for=\"wpforms-9326-field_8\" >\u00bfDesea de su<\/label>\n\t\t\t<input type=\"text\" id=\"wpforms-9326-field_8\" class=\"wpforms-field-medium\" name=\"wpforms[fields][8]\" >\n\t\t<\/div>\n\t\t<div id=\"wpforms-9326-field_4-container\" class=\"wpforms-field wpforms-field-textarea wpforms-conditional-field wpforms-conditional-show wpforms-conditional-trigger\" data-field-id=\"4\" style=\"display:none;\"><label class=\"wpforms-field-label\" for=\"wpforms-9326-field_4\">Agradecer\u00edamos nos de una retroalimentaci\u00f3n de c\u00f3mo mejorar<\/label><textarea id=\"wpforms-9326-field_4\" class=\"wpforms-field-medium\" name=\"wpforms[fields][4]\" ><\/textarea><\/div><div id=\"wpforms-9326-field_5-container\" class=\"wpforms-field wpforms-field-radio wpforms-conditional-field wpforms-conditional-show wpforms-conditional-trigger\" data-field-id=\"5\" style=\"display:none;\"><label class=\"wpforms-field-label\">\u00bfDesea que demos seguimiento a su retroalimentaci\u00f3n?<\/label><ul id=\"wpforms-9326-field_5\"><li class=\"choice-1 depth-1\"><input type=\"radio\" id=\"wpforms-9326-field_5_1\" name=\"wpforms[fields][5]\" value=\"Si\"  ><label class=\"wpforms-field-label-inline\" for=\"wpforms-9326-field_5_1\">Si<\/label><\/li><li class=\"choice-2 depth-1\"><input type=\"radio\" id=\"wpforms-9326-field_5_2\" name=\"wpforms[fields][5]\" value=\"No\"  ><label class=\"wpforms-field-label-inline\" for=\"wpforms-9326-field_5_2\">No<\/label><\/li><\/ul><\/div><div id=\"wpforms-9326-field_6-container\" class=\"wpforms-field wpforms-field-name wpforms-conditional-field wpforms-conditional-show\" data-field-id=\"6\" style=\"display:none;\"><label class=\"wpforms-field-label\">Nombre <span class=\"wpforms-required-label\">*<\/span><\/label><div class=\"wpforms-field-row wpforms-field-medium\"><div class=\"wpforms-field-row-block wpforms-first wpforms-one-half\"><input type=\"text\" id=\"wpforms-9326-field_6\" class=\"wpforms-field-name-first wpforms-field-required\" name=\"wpforms[fields][6][first]\" required><label for=\"wpforms-9326-field_6\" class=\"wpforms-field-sublabel after\">First<\/label><\/div><div class=\"wpforms-field-row-block wpforms-one-half\"><input type=\"text\" id=\"wpforms-9326-field_6-last\" class=\"wpforms-field-name-last wpforms-field-required\" name=\"wpforms[fields][6][last]\" required><label for=\"wpforms-9326-field_6-last\" class=\"wpforms-field-sublabel after\">Last<\/label><\/div><\/div><\/div><div id=\"wpforms-9326-field_7-container\" class=\"wpforms-field wpforms-field-phone wpforms-conditional-field wpforms-conditional-show\" data-field-id=\"7\" style=\"display:none;\"><label class=\"wpforms-field-label\" for=\"wpforms-9326-field_7\">Tel\u00e9fono <span class=\"wpforms-required-label\">*<\/span><\/label><input type=\"tel\" id=\"wpforms-9326-field_7\" class=\"wpforms-field-medium wpforms-field-required wpforms-smart-phone-field\" data-rule-smart-phone-field=\"true\" name=\"wpforms[fields][7]\" aria-label=\"Tel\u00e9fono\" required><\/div><script>\n\t\t\t\t( function() {\n\t\t\t\t\tconst style = document.createElement( 'style' );\n\t\t\t\t\tstyle.appendChild( document.createTextNode( '#wpforms-9326-field_8-container { position: absolute !important; overflow: hidden !important; display: inline !important; height: 1px !important; width: 1px !important; z-index: -1000 !important; padding: 0 !important; } #wpforms-9326-field_8-container input { visibility: hidden; } #wpforms-conversational-form-page #wpforms-9326-field_8-container label { counter-increment: none; }' ) );\n\t\t\t\t\tdocument.head.appendChild( style );\n\t\t\t\t\tdocument.currentScript?.remove();\n\t\t\t\t} )();\n\t\t\t<\/script><\/div><!-- .wpforms-field-container --><div class=\"wpforms-submit-container\" ><input type=\"hidden\" name=\"wpforms[id]\" value=\"9326\"><input type=\"hidden\" name=\"page_title\" value=\"\"><input type=\"hidden\" name=\"page_url\" value=\"https:\/\/moldearte.com\/en\/wp-json\/wp\/v2\/pages\/607\"><input type=\"hidden\" name=\"url_referer\" value=\"\"><button type=\"submit\" name=\"wpforms[submit]\" id=\"wpforms-submit-9326\" class=\"wpforms-submit\" data-alt-text=\"Enviando...\" data-submit-text=\"Enviar\" aria-live=\"assertive\" value=\"wpforms-submit\">Enviar<\/button><img decoding=\"async\" src=\"https:\/\/moldearte.com\/wp-content\/plugins\/wpforms\/assets\/images\/submit-spin.svg\" class=\"wpforms-submit-spinner\" style=\"display: none;\" width=\"26\" height=\"26\" alt=\"Loading\"><\/div><\/form><\/div>  <!-- .wpforms-container --><\/div>\n\t\t\t\t\t\t<\/div>\n\t\t\t\t<\/div>\n\t\t\t\t\t<\/div>\n\t\t\t\t<\/div>\n\t\t\t\t<\/div>\n\t\t","protected":false},"excerpt":{"rendered":"<p>Agradecemos su tiempo en responder esta breve encuesta Le recordamos que nuestros n\u00fameros de atenci\u00f3n al cliente son664 435 4627, 664 576 8665 y 664 169 0351<\/p>","protected":false},"author":1,"featured_media":0,"parent":0,"menu_order":0,"comment_status":"closed","ping_status":"closed","template":"elementor_canvas","meta":{"footnotes":""},"class_list":["post-607","page","type-page","status-publish","hentry","post-no-thumbnail"],"yoast_head":"<!-- This site is optimized with the Yoast SEO Premium plugin v27.2 (Yoast SEO v27.3) - https:\/\/yoast.com\/product\/yoast-seo-premium-wordpress\/ -->\n<title>Encuesta de Satisfacci\u00f3n - IE - MoldeArte | L\u00edderes en Medicina Est\u00e9tica en Tijuana y Rosarito<\/title>\n<meta name=\"robots\" content=\"index, follow, max-snippet:-1, max-image-preview:large, max-video-preview:-1\" \/>\n<link rel=\"canonical\" href=\"https:\/\/moldearte.com\/en\/encuesta-de-satisfaccion-ie\/\" \/>\n<meta property=\"og:locale\" content=\"en_US\" \/>\n<meta property=\"og:type\" content=\"article\" \/>\n<meta property=\"og:title\" content=\"Encuesta de Satisfacci\u00f3n - IE\" \/>\n<meta property=\"og:description\" content=\"Agradecemos su tiempo en responder esta breve encuesta Le recordamos que nuestros n\u00fameros de atenci\u00f3n al cliente son664 435 4627, 664 576 8665 y 664 169 0351\" \/>\n<meta property=\"og:url\" content=\"https:\/\/moldearte.com\/en\/encuesta-de-satisfaccion-ie\/\" \/>\n<meta property=\"og:site_name\" content=\"MoldeArte | L\u00edderes en Medicina Est\u00e9tica en Tijuana y Rosarito\" \/>\n<meta property=\"article:modified_time\" content=\"2025-05-21T03:16:42+00:00\" \/>\n<meta name=\"twitter:card\" content=\"summary_large_image\" \/>\n<script type=\"application\/ld+json\" class=\"yoast-schema-graph\">{\"@context\":\"https:\\\/\\\/schema.org\",\"@graph\":[{\"@type\":\"WebPage\",\"@id\":\"https:\\\/\\\/moldearte.com\\\/encuesta-de-satisfaccion-ie\\\/\",\"url\":\"https:\\\/\\\/moldearte.com\\\/encuesta-de-satisfaccion-ie\\\/\",\"name\":\"Encuesta de Satisfacci\u00f3n - IE - MoldeArte | L\u00edderes en Medicina Est\u00e9tica en Tijuana y Rosarito\",\"isPartOf\":{\"@id\":\"https:\\\/\\\/moldearte.com\\\/#website\"},\"datePublished\":\"2023-01-31T23:34:50+00:00\",\"dateModified\":\"2025-05-21T03:16:42+00:00\",\"breadcrumb\":{\"@id\":\"https:\\\/\\\/moldearte.com\\\/encuesta-de-satisfaccion-ie\\\/#breadcrumb\"},\"inLanguage\":\"en-US\",\"potentialAction\":[{\"@type\":\"ReadAction\",\"target\":[\"https:\\\/\\\/moldearte.com\\\/encuesta-de-satisfaccion-ie\\\/\"]}]},{\"@type\":\"BreadcrumbList\",\"@id\":\"https:\\\/\\\/moldearte.com\\\/encuesta-de-satisfaccion-ie\\\/#breadcrumb\",\"itemListElement\":[{\"@type\":\"ListItem\",\"position\":1,\"name\":\"Portada\",\"item\":\"https:\\\/\\\/moldearte.com\\\/\"},{\"@type\":\"ListItem\",\"position\":2,\"name\":\"Encuesta de Satisfacci\u00f3n &#8211; IE\"}]},{\"@type\":\"WebSite\",\"@id\":\"https:\\\/\\\/moldearte.com\\\/#website\",\"url\":\"https:\\\/\\\/moldearte.com\\\/\",\"name\":\"MoldeArte | L\u00edderes en Medicina Est\u00e9tica en Tijuana y Rosarito\",\"description\":\"Rejuvenecimiento Facial y corporal sin cirug\u00eda\",\"publisher\":{\"@id\":\"https:\\\/\\\/moldearte.com\\\/#organization\"},\"potentialAction\":[{\"@type\":\"SearchAction\",\"target\":{\"@type\":\"EntryPoint\",\"urlTemplate\":\"https:\\\/\\\/moldearte.com\\\/?s={search_term_string}\"},\"query-input\":{\"@type\":\"PropertyValueSpecification\",\"valueRequired\":true,\"valueName\":\"search_term_string\"}}],\"inLanguage\":\"en-US\"},{\"@type\":\"Organization\",\"@id\":\"https:\\\/\\\/moldearte.com\\\/#organization\",\"name\":\"MoldeArte | L\u00edderes en Medicina Est\u00e9tica en Tijuana y Rosarito\",\"url\":\"https:\\\/\\\/moldearte.com\\\/\",\"logo\":{\"@type\":\"ImageObject\",\"inLanguage\":\"en-US\",\"@id\":\"https:\\\/\\\/moldearte.com\\\/#\\\/schema\\\/logo\\\/image\\\/\",\"url\":\"https:\\\/\\\/moldearte.com\\\/wp-content\\\/uploads\\\/2023\\\/01\\\/cropped-cropped-rejuvenecimiento-facial-sin-cirugia-tijuana.png\",\"contentUrl\":\"https:\\\/\\\/moldearte.com\\\/wp-content\\\/uploads\\\/2023\\\/01\\\/cropped-cropped-rejuvenecimiento-facial-sin-cirugia-tijuana.png\",\"width\":3255,\"height\":1059,\"caption\":\"MoldeArte | L\u00edderes en Medicina Est\u00e9tica en Tijuana y Rosarito\"},\"image\":{\"@id\":\"https:\\\/\\\/moldearte.com\\\/#\\\/schema\\\/logo\\\/image\\\/\"}}]}<\/script>\n<!-- \/ Yoast SEO Premium plugin. -->","yoast_head_json":{"title":"Encuesta de Satisfacci\u00f3n - IE - MoldeArte | L\u00edderes en Medicina Est\u00e9tica en Tijuana y Rosarito","robots":{"index":"index","follow":"follow","max-snippet":"max-snippet:-1","max-image-preview":"max-image-preview:large","max-video-preview":"max-video-preview:-1"},"canonical":"https:\/\/moldearte.com\/en\/encuesta-de-satisfaccion-ie\/","og_locale":"en_US","og_type":"article","og_title":"Encuesta de Satisfacci\u00f3n - IE","og_description":"Agradecemos su tiempo en responder esta breve encuesta Le recordamos que nuestros n\u00fameros de atenci\u00f3n al cliente son664 435 4627, 664 576 8665 y 664 169 0351","og_url":"https:\/\/moldearte.com\/en\/encuesta-de-satisfaccion-ie\/","og_site_name":"MoldeArte | L\u00edderes en Medicina Est\u00e9tica en Tijuana y Rosarito","article_modified_time":"2025-05-21T03:16:42+00:00","twitter_card":"summary_large_image","schema":{"@context":"https:\/\/schema.org","@graph":[{"@type":"WebPage","@id":"https:\/\/moldearte.com\/encuesta-de-satisfaccion-ie\/","url":"https:\/\/moldearte.com\/encuesta-de-satisfaccion-ie\/","name":"Encuesta de Satisfacci\u00f3n - IE - MoldeArte | L\u00edderes en Medicina Est\u00e9tica en Tijuana y Rosarito","isPartOf":{"@id":"https:\/\/moldearte.com\/#website"},"datePublished":"2023-01-31T23:34:50+00:00","dateModified":"2025-05-21T03:16:42+00:00","breadcrumb":{"@id":"https:\/\/moldearte.com\/encuesta-de-satisfaccion-ie\/#breadcrumb"},"inLanguage":"en-US","potentialAction":[{"@type":"ReadAction","target":["https:\/\/moldearte.com\/encuesta-de-satisfaccion-ie\/"]}]},{"@type":"BreadcrumbList","@id":"https:\/\/moldearte.com\/encuesta-de-satisfaccion-ie\/#breadcrumb","itemListElement":[{"@type":"ListItem","position":1,"name":"Portada","item":"https:\/\/moldearte.com\/"},{"@type":"ListItem","position":2,"name":"Encuesta de Satisfacci\u00f3n &#8211; IE"}]},{"@type":"WebSite","@id":"https:\/\/moldearte.com\/#website","url":"https:\/\/moldearte.com\/","name":"MoldeArte | L\u00edderes en Medicina Est\u00e9tica en Tijuana y Rosarito","description":"Rejuvenecimiento Facial y corporal sin cirug\u00eda","publisher":{"@id":"https:\/\/moldearte.com\/#organization"},"potentialAction":[{"@type":"SearchAction","target":{"@type":"EntryPoint","urlTemplate":"https:\/\/moldearte.com\/?s={search_term_string}"},"query-input":{"@type":"PropertyValueSpecification","valueRequired":true,"valueName":"search_term_string"}}],"inLanguage":"en-US"},{"@type":"Organization","@id":"https:\/\/moldearte.com\/#organization","name":"MoldeArte | L\u00edderes en Medicina Est\u00e9tica en Tijuana y Rosarito","url":"https:\/\/moldearte.com\/","logo":{"@type":"ImageObject","inLanguage":"en-US","@id":"https:\/\/moldearte.com\/#\/schema\/logo\/image\/","url":"https:\/\/moldearte.com\/wp-content\/uploads\/2023\/01\/cropped-cropped-rejuvenecimiento-facial-sin-cirugia-tijuana.png","contentUrl":"https:\/\/moldearte.com\/wp-content\/uploads\/2023\/01\/cropped-cropped-rejuvenecimiento-facial-sin-cirugia-tijuana.png","width":3255,"height":1059,"caption":"MoldeArte | L\u00edderes en Medicina Est\u00e9tica en Tijuana y Rosarito"},"image":{"@id":"https:\/\/moldearte.com\/#\/schema\/logo\/image\/"}}]}},"_links":{"self":[{"href":"https:\/\/moldearte.com\/en\/wp-json\/wp\/v2\/pages\/607","targetHints":{"allow":["GET"]}}],"collection":[{"href":"https:\/\/moldearte.com\/en\/wp-json\/wp\/v2\/pages"}],"about":[{"href":"https:\/\/moldearte.com\/en\/wp-json\/wp\/v2\/types\/page"}],"author":[{"embeddable":true,"href":"https:\/\/moldearte.com\/en\/wp-json\/wp\/v2\/users\/1"}],"replies":[{"embeddable":true,"href":"https:\/\/moldearte.com\/en\/wp-json\/wp\/v2\/comments?post=607"}],"version-history":[{"count":0,"href":"https:\/\/moldearte.com\/en\/wp-json\/wp\/v2\/pages\/607\/revisions"}],"wp:attachment":[{"href":"https:\/\/moldearte.com\/en\/wp-json\/wp\/v2\/media?parent=607"}],"curies":[{"name":"wp","href":"https:\/\/api.w.org\/{rel}","templated":true}]}}