{"id":3157,"date":"2023-10-03T17:23:33","date_gmt":"2023-10-04T00:23:33","guid":{"rendered":"https:\/\/moldearte.com\/?page_id=3157"},"modified":"2025-05-21T06:12:54","modified_gmt":"2025-05-21T13:12:54","slug":"gracias-compra-atc","status":"publish","type":"page","link":"https:\/\/moldearte.com\/en\/gracias-compra-atc\/","title":{"rendered":"Gracias por su compra con enlace personalizado"},"content":{"rendered":"<div data-elementor-type=\"wp-page\" data-elementor-id=\"3157\" class=\"elementor elementor-3157\">\n\t\t\t\t<div class=\"elementor-element elementor-element-9d06595 e-flex e-con-boxed e-con e-parent\" data-id=\"9d06595\" data-element_type=\"container\" data-e-type=\"container\">\n\t\t\t\t\t<div class=\"e-con-inner\">\n\t\t\t\t<div class=\"elementor-element elementor-element-da1582a elementor-widget elementor-widget-image\" data-id=\"da1582a\" data-element_type=\"widget\" data-e-type=\"widget\" data-widget_type=\"image.default\">\n\t\t\t\t<div class=\"elementor-widget-container\">\n\t\t\t\t\t\t\t\t\t\t\t\t\t\t\t<img decoding=\"async\" width=\"300\" height=\"102\" src=\"https:\/\/moldearte.com\/wp-content\/uploads\/2025\/05\/logo-Moldearte-300x102.png\" class=\"attachment-medium size-medium wp-image-11639\" alt=\"\" srcset=\"https:\/\/moldearte.com\/wp-content\/uploads\/2025\/05\/logo-Moldearte-300x102.png 300w, https:\/\/moldearte.com\/wp-content\/uploads\/2025\/05\/logo-Moldearte-18x6.png 18w, https:\/\/moldearte.com\/wp-content\/uploads\/2025\/05\/logo-Moldearte-510x174.png 510w, https:\/\/moldearte.com\/wp-content\/uploads\/2025\/05\/logo-Moldearte-150x51.png 150w, https:\/\/moldearte.com\/wp-content\/uploads\/2025\/05\/logo-Moldearte.png 612w\" sizes=\"(max-width: 300px) 100vw, 300px\" \/>\t\t\t\t\t\t\t\t\t\t\t\t\t\t\t<\/div>\n\t\t\t\t<\/div>\n\t\t\t\t\t<\/div>\n\t\t\t\t<\/div>\n\t\t<div class=\"elementor-element elementor-element-659f963b e-flex e-con-boxed e-con e-parent\" data-id=\"659f963b\" data-element_type=\"container\" data-e-type=\"container\">\n\t\t\t\t\t<div class=\"e-con-inner\">\n\t\t\t\t<div class=\"elementor-element elementor-element-3e4b386 elementor-widget elementor-widget-heading\" data-id=\"3e4b386\" data-element_type=\"widget\" data-e-type=\"widget\" data-widget_type=\"heading.default\">\n\t\t\t\t<div class=\"elementor-widget-container\">\n\t\t\t\t\t<h3 class=\"elementor-heading-title elementor-size-default\">\u00a1Much\u00edsimas gracias por tu compra \u2728!<\/h3>\t\t\t\t<\/div>\n\t\t\t\t<\/div>\n\t\t\t\t<div class=\"elementor-element elementor-element-4b4fe80 elementor-widget elementor-widget-heading\" data-id=\"4b4fe80\" data-element_type=\"widget\" data-e-type=\"widget\" data-widget_type=\"heading.default\">\n\t\t\t\t<div class=\"elementor-widget-container\">\n\t\t\t\t\t<h5 class=\"elementor-heading-title elementor-size-default\">Te platicamos como es el proceso a partir de este momento:<\/h5>\t\t\t\t<\/div>\n\t\t\t\t<\/div>\n\t\t\t\t\t<\/div>\n\t\t\t\t<\/div>\n\t\t<div class=\"elementor-element elementor-element-440739a e-flex e-con-boxed e-con e-parent\" data-id=\"440739a\" data-element_type=\"container\" data-e-type=\"container\">\n\t\t\t\t\t<div class=\"e-con-inner\">\n\t\t<div class=\"elementor-element elementor-element-25bd49f e-con-full e-flex e-con e-child\" data-id=\"25bd49f\" data-element_type=\"container\" data-e-type=\"container\">\n\t\t\t\t<div class=\"elementor-element elementor-element-8f133c0 minimog-view-default elementor-widget elementor-widget-tm-icon\" data-id=\"8f133c0\" data-element_type=\"widget\" data-e-type=\"widget\" data-widget_type=\"tm-icon.default\">\n\t\t\t\t<div class=\"elementor-widget-container\">\n\t\t\t\t\t\t\t<div class=\"tm-icon\">\t\t\t\t<div class=\"minimog-icon-wrap\">\n\t\t\t<div class=\"minimog-icon-view first\">\n\t\t\t\t<div class=\"minimog-icon icon minimog-solid-icon\">\n\t\t\t\t\t<svg aria-hidden=\"true\" class=\"e-font-icon-svg e-fas-shopping-cart\" viewbox=\"0 0 576 512\" xmlns=\"http:\/\/www.w3.org\/2000\/svg\"><path d=\"M528.12 301.319l47.273-208C578.806 78.301 567.391 64 551.99 64H159.208l-9.166-44.81C147.758 8.021 137.93 0 126.529 0H24C10.745 0 0 10.745 0 24v16c0 13.255 10.745 24 24 24h69.883l70.248 343.435C147.325 417.1 136 435.222 136 456c0 30.928 25.072 56 56 56s56-25.072 56-56c0-15.674-6.447-29.835-16.824-40h209.647C430.447 426.165 424 440.326 424 456c0 30.928 25.072 56 56 56s56-25.072 56-56c0-22.172-12.888-41.332-31.579-50.405l5.517-24.276c3.413-15.018-8.002-29.319-23.403-29.319H218.117l-6.545-32h293.145c11.206 0 20.92-7.754 23.403-18.681z\"><\/path><\/svg>\t\t\t\t<\/div>\n\t\t\t<\/div>\n\n\t\t\t\t\t<\/div>\n\t\t\t\t<\/div>\t\t\t\t\t\t<\/div>\n\t\t\t\t<\/div>\n\t\t\t\t<div class=\"elementor-element elementor-element-ab290fe elementor-widget elementor-widget-text-editor\" data-id=\"ab290fe\" data-element_type=\"widget\" data-e-type=\"widget\" data-widget_type=\"text-editor.default\">\n\t\t\t\t<div class=\"elementor-widget-container\">\n\t\t\t\t\t\t\t\t\t<p><strong>1. Recepci\u00f3n del pago<\/strong>\u00a0y validaci\u00f3n del mismo<\/p>\t\t\t\t\t\t\t\t<\/div>\n\t\t\t\t<\/div>\n\t\t\t\t<\/div>\n\t\t<div class=\"elementor-element elementor-element-8fee8dd e-con-full e-flex e-con e-child\" data-id=\"8fee8dd\" data-element_type=\"container\" data-e-type=\"container\">\n\t\t\t\t<div class=\"elementor-element elementor-element-f4fdd73 minimog-view-default elementor-widget elementor-widget-tm-icon\" data-id=\"f4fdd73\" data-element_type=\"widget\" data-e-type=\"widget\" data-widget_type=\"tm-icon.default\">\n\t\t\t\t<div class=\"elementor-widget-container\">\n\t\t\t\t\t\t\t<div class=\"tm-icon\">\t\t\t\t<div class=\"minimog-icon-wrap\">\n\t\t\t<div class=\"minimog-icon-view first\">\n\t\t\t\t<div class=\"minimog-icon icon minimog-solid-icon\">\n\t\t\t\t\t<svg aria-hidden=\"true\" class=\"e-font-icon-svg e-fas-file-pdf\" viewbox=\"0 0 384 512\" xmlns=\"http:\/\/www.w3.org\/2000\/svg\"><path d=\"M181.9 256.1c-5-16-4.9-46.9-2-46.9 8.4 0 7.6 36.9 2 46.9zm-1.7 47.2c-7.7 20.2-17.3 43.3-28.4 62.7 18.3-7 39-17.2 62.9-21.9-12.7-9.6-24.9-23.4-34.5-40.8zM86.1 428.1c0 .8 13.2-5.4 34.9-40.2-6.7 6.3-29.1 24.5-34.9 40.2zM248 160h136v328c0 13.3-10.7 24-24 24H24c-13.3 0-24-10.7-24-24V24C0 10.7 10.7 0 24 0h200v136c0 13.2 10.8 24 24 24zm-8 171.8c-20-12.2-33.3-29-42.7-53.8 4.5-18.5 11.6-46.6 6.2-64.2-4.7-29.4-42.4-26.5-47.8-6.8-5 18.3-.4 44.1 8.1 77-11.6 27.6-28.7 64.6-40.8 85.8-.1 0-.1.1-.2.1-27.1 13.9-73.6 44.5-54.5 68 5.6 6.9 16 10 21.5 10 17.9 0 35.7-18 61.1-61.8 25.8-8.5 54.1-19.1 79-23.2 21.7 11.8 47.1 19.5 64 19.5 29.2 0 31.2-32 19.7-43.4-13.9-13.6-54.3-9.7-73.6-7.2zM377 105L279 7c-4.5-4.5-10.6-7-17-7h-6v128h128v-6.1c0-6.3-2.5-12.4-7-16.9zm-74.1 255.3c4.1-2.7-2.5-11.9-42.8-9 37.1 15.8 42.8 9 42.8 9z\"><\/path><\/svg>\t\t\t\t<\/div>\n\t\t\t<\/div>\n\n\t\t\t\t\t<\/div>\n\t\t\t\t<\/div>\t\t\t\t\t\t<\/div>\n\t\t\t\t<\/div>\n\t\t\t\t<div class=\"elementor-element elementor-element-fe3fc2e elementor-widget elementor-widget-text-editor\" data-id=\"fe3fc2e\" data-element_type=\"widget\" data-e-type=\"widget\" data-widget_type=\"text-editor.default\">\n\t\t\t\t<div class=\"elementor-widget-container\">\n\t\t\t\t\t\t\t\t\t<p><strong>2. Env\u00edo de su comprobante de pago<\/strong> por la red social que nos contact\u00f3<\/p>\t\t\t\t\t\t\t\t<\/div>\n\t\t\t\t<\/div>\n\t\t\t\t<\/div>\n\t\t<div class=\"elementor-element elementor-element-0e08154 e-con-full e-flex e-con e-child\" data-id=\"0e08154\" data-element_type=\"container\" data-e-type=\"container\">\n\t\t\t\t<div class=\"elementor-element elementor-element-d376366 minimog-view-default elementor-widget elementor-widget-tm-icon\" data-id=\"d376366\" data-element_type=\"widget\" data-e-type=\"widget\" data-widget_type=\"tm-icon.default\">\n\t\t\t\t<div class=\"elementor-widget-container\">\n\t\t\t\t\t\t\t<div class=\"tm-icon\">\t\t\t\t<div class=\"minimog-icon-wrap\">\n\t\t\t<div class=\"minimog-icon-view first\">\n\t\t\t\t<div class=\"minimog-icon icon minimog-solid-icon\">\n\t\t\t\t\t<svg aria-hidden=\"true\" class=\"e-font-icon-svg e-far-calendar-plus\" viewbox=\"0 0 448 512\" xmlns=\"http:\/\/www.w3.org\/2000\/svg\"><path d=\"M336 292v24c0 6.6-5.4 12-12 12h-76v76c0 6.6-5.4 12-12 12h-24c-6.6 0-12-5.4-12-12v-76h-76c-6.6 0-12-5.4-12-12v-24c0-6.6 5.4-12 12-12h76v-76c0-6.6 5.4-12 12-12h24c6.6 0 12 5.4 12 12v76h76c6.6 0 12 5.4 12 12zm112-180v352c0 26.5-21.5 48-48 48H48c-26.5 0-48-21.5-48-48V112c0-26.5 21.5-48 48-48h48V12c0-6.6 5.4-12 12-12h40c6.6 0 12 5.4 12 12v52h128V12c0-6.6 5.4-12 12-12h40c6.6 0 12 5.4 12 12v52h48c26.5 0 48 21.5 48 48zm-48 346V160H48v298c0 3.3 2.7 6 6 6h340c3.3 0 6-2.7 6-6z\"><\/path><\/svg>\t\t\t\t<\/div>\n\t\t\t<\/div>\n\n\t\t\t\t\t<\/div>\n\t\t\t\t<\/div>\t\t\t\t\t\t<\/div>\n\t\t\t\t<\/div>\n\t\t\t\t<div class=\"elementor-element elementor-element-10ae69e elementor-widget elementor-widget-text-editor\" data-id=\"10ae69e\" data-element_type=\"widget\" data-e-type=\"widget\" data-widget_type=\"text-editor.default\">\n\t\t\t\t<div class=\"elementor-widget-container\">\n\t\t\t\t\t\t\t\t\t<p>3. <strong>Agendamos tu cita<\/strong>, por la red social que nos contact\u00f3<\/p>\t\t\t\t\t\t\t\t<\/div>\n\t\t\t\t<\/div>\n\t\t\t\t<\/div>\n\t\t<div class=\"elementor-element elementor-element-e4d1cac e-con-full e-flex e-con e-child\" data-id=\"e4d1cac\" data-element_type=\"container\" data-e-type=\"container\">\n\t\t\t\t<div class=\"elementor-element elementor-element-b876a1d minimog-view-default elementor-widget elementor-widget-tm-icon\" data-id=\"b876a1d\" data-element_type=\"widget\" data-e-type=\"widget\" data-widget_type=\"tm-icon.default\">\n\t\t\t\t<div class=\"elementor-widget-container\">\n\t\t\t\t\t\t\t<div class=\"tm-icon\">\t\t\t\t<div class=\"minimog-icon-wrap\">\n\t\t\t<div class=\"minimog-icon-view first\">\n\t\t\t\t<div class=\"minimog-icon icon minimog-solid-icon\">\n\t\t\t\t\t<svg aria-hidden=\"true\" class=\"e-font-icon-svg e-fas-spa\" viewbox=\"0 0 576 512\" xmlns=\"http:\/\/www.w3.org\/2000\/svg\"><path d=\"M568.25 192c-29.04.13-135.01 6.16-213.84 83-33.12 29.63-53.36 63.3-66.41 94.86-13.05-31.56-33.29-65.23-66.41-94.86-78.83-76.84-184.8-82.87-213.84-83-4.41-.02-7.79 3.4-7.75 7.82.23 27.92 7.14 126.14 88.77 199.3C172.79 480.94 256 480 288 480s115.19.95 199.23-80.88c81.64-73.17 88.54-171.38 88.77-199.3.04-4.42-3.34-7.84-7.75-7.82zM287.98 302.6c12.82-18.85 27.6-35.78 44.09-50.52 19.09-18.61 39.58-33.3 60.26-45.18-16.44-70.5-51.72-133.05-96.73-172.22-4.11-3.58-11.02-3.58-15.14 0-44.99 39.14-80.27 101.63-96.74 172.07 20.37 11.7 40.5 26.14 59.22 44.39a282.768 282.768 0 0 1 45.04 51.46z\"><\/path><\/svg>\t\t\t\t<\/div>\n\t\t\t<\/div>\n\n\t\t\t\t\t<\/div>\n\t\t\t\t<\/div>\t\t\t\t\t\t<\/div>\n\t\t\t\t<\/div>\n\t\t\t\t<div class=\"elementor-element elementor-element-816800f elementor-widget elementor-widget-text-editor\" data-id=\"816800f\" data-element_type=\"widget\" data-e-type=\"widget\" data-widget_type=\"text-editor.default\">\n\t\t\t\t<div class=\"elementor-widget-container\">\n\t\t\t\t\t\t\t\t\t<p>Acude a tu cita 10 minutos antes, sin ni\u00f1os o acompa\u00f1antes <em>(si requieres asistencia por temas de movilidad, favor de indicarlo antes de agendar tu cita)<\/em> y est\u00e1s listo para disfrutar de la #ExperienciaMoldeArte<\/p>\t\t\t\t\t\t\t\t<\/div>\n\t\t\t\t<\/div>\n\t\t\t\t<\/div>\n\t\t\t\t\t<\/div>\n\t\t\t\t<\/div>\n\t\t<div class=\"elementor-element elementor-element-bb76032 e-flex e-con-boxed e-con e-parent\" data-id=\"bb76032\" data-element_type=\"container\" data-e-type=\"container\">\n\t\t\t\t\t<div class=\"e-con-inner\">\n\t\t\t\t<div class=\"elementor-element elementor-element-a08f579 elementor-widget elementor-widget-text-editor\" data-id=\"a08f579\" data-element_type=\"widget\" data-e-type=\"widget\" data-widget_type=\"text-editor.default\">\n\t\t\t\t<div class=\"elementor-widget-container\">\n\t\t\t\t\t\t\t\t\t<p>Estamos aqu\u00ed para ayudarte, con gusto podemos agendar su cita o resolverle cualquier duda al WhatsApp al 664 435 4627 o 664 576 8665 \u2728\ud83d\udc99<\/p>\t\t\t\t\t\t\t\t<\/div>\n\t\t\t\t<\/div>\n\t\t\t\t\t<\/div>\n\t\t\t\t<\/div>\n\t\t\t\t<\/div>","protected":false},"excerpt":{"rendered":"<p>\u00a1Much\u00edsimas gracias por tu compra \u2728! Te platicamos como es el proceso a partir de este momento: 1. Recepci\u00f3n del pago\u00a0y validaci\u00f3n del mismo 2. Env\u00edo de su comprobante de pago por la red social que nos contact\u00f3 3. Agendamos tu cita, por la red social que nos contact\u00f3 Acude a tu cita 10 minutos antes, sin ni\u00f1os o acompa\u00f1antes (si requieres asistencia por temas de movilidad, favor de indicarlo antes de agendar tu cita) y est\u00e1s listo para disfrutar de la #ExperienciaMoldeArte Estamos aqu\u00ed para ayudarte, con gusto podemos agendar su cita o resolverle cualquier duda al WhatsApp al 664 435 4627 o 664 576 8665 \u2728\ud83d\udc99<\/p>","protected":false},"author":1,"featured_media":0,"parent":0,"menu_order":0,"comment_status":"closed","ping_status":"closed","template":"elementor_canvas","meta":{"footnotes":""},"class_list":["post-3157","page","type-page","status-publish","hentry","post-no-thumbnail"],"yoast_head":"<!-- This site is optimized with the Yoast SEO Premium plugin v27.2 (Yoast SEO v27.3) - https:\/\/yoast.com\/product\/yoast-seo-premium-wordpress\/ -->\n<title>Gracias por su compra con enlace personalizado - MoldeArte | L\u00edderes en Medicina Est\u00e9tica en Tijuana y Rosarito<\/title>\n<meta name=\"robots\" content=\"index, follow, max-snippet:-1, max-image-preview:large, max-video-preview:-1\" \/>\n<link rel=\"canonical\" href=\"https:\/\/moldearte.com\/en\/gracias-compra-atc\/\" \/>\n<meta property=\"og:locale\" content=\"en_US\" \/>\n<meta property=\"og:type\" content=\"article\" \/>\n<meta property=\"og:title\" content=\"Gracias por su compra con enlace personalizado\" \/>\n<meta property=\"og:description\" content=\"\u00a1Much\u00edsimas gracias por tu compra \u2728! Te platicamos como es el proceso a partir de este momento: 1. Recepci\u00f3n del pago\u00a0y validaci\u00f3n del mismo 2. Env\u00edo de su comprobante de pago por la red social que nos contact\u00f3 3. Agendamos tu cita, por la red social que nos contact\u00f3 Acude a tu cita 10 minutos antes, sin ni\u00f1os o acompa\u00f1antes (si requieres asistencia por temas de movilidad, favor de indicarlo antes de agendar tu cita) y est\u00e1s listo para disfrutar de la #ExperienciaMoldeArte Estamos aqu\u00ed para ayudarte, con gusto podemos agendar su cita o resolverle cualquier duda al WhatsApp al 664 435 4627 o 664 576 8665 \u2728\ud83d\udc99\" \/>\n<meta property=\"og:url\" content=\"https:\/\/moldearte.com\/en\/gracias-compra-atc\/\" \/>\n<meta property=\"og:site_name\" content=\"MoldeArte | L\u00edderes en Medicina Est\u00e9tica en Tijuana y Rosarito\" \/>\n<meta property=\"article:modified_time\" content=\"2025-05-21T13:12:54+00:00\" \/>\n<meta property=\"og:image\" content=\"https:\/\/moldearte.com\/wp-content\/uploads\/2025\/05\/logo-Moldearte.png\" \/>\n\t<meta property=\"og:image:width\" content=\"612\" \/>\n\t<meta property=\"og:image:height\" content=\"209\" \/>\n\t<meta property=\"og:image:type\" content=\"image\/png\" \/>\n<meta name=\"twitter:card\" content=\"summary_large_image\" \/>\n<meta name=\"twitter:label1\" content=\"Est. reading time\" \/>\n\t<meta name=\"twitter:data1\" content=\"1 minute\" \/>\n<script type=\"application\/ld+json\" class=\"yoast-schema-graph\">{\"@context\":\"https:\\\/\\\/schema.org\",\"@graph\":[{\"@type\":\"WebPage\",\"@id\":\"https:\\\/\\\/moldearte.com\\\/gracias-compra-atc\\\/\",\"url\":\"https:\\\/\\\/moldearte.com\\\/gracias-compra-atc\\\/\",\"name\":\"Gracias por su compra con enlace personalizado - MoldeArte | L\u00edderes en Medicina Est\u00e9tica en Tijuana y Rosarito\",\"isPartOf\":{\"@id\":\"https:\\\/\\\/moldearte.com\\\/#website\"},\"primaryImageOfPage\":{\"@id\":\"https:\\\/\\\/moldearte.com\\\/gracias-compra-atc\\\/#primaryimage\"},\"image\":{\"@id\":\"https:\\\/\\\/moldearte.com\\\/gracias-compra-atc\\\/#primaryimage\"},\"thumbnailUrl\":\"https:\\\/\\\/moldearte.com\\\/wp-content\\\/uploads\\\/2025\\\/05\\\/logo-Moldearte-300x102.png\",\"datePublished\":\"2023-10-04T00:23:33+00:00\",\"dateModified\":\"2025-05-21T13:12:54+00:00\",\"breadcrumb\":{\"@id\":\"https:\\\/\\\/moldearte.com\\\/gracias-compra-atc\\\/#breadcrumb\"},\"inLanguage\":\"en-US\",\"potentialAction\":[{\"@type\":\"ReadAction\",\"target\":[\"https:\\\/\\\/moldearte.com\\\/gracias-compra-atc\\\/\"]}]},{\"@type\":\"ImageObject\",\"inLanguage\":\"en-US\",\"@id\":\"https:\\\/\\\/moldearte.com\\\/gracias-compra-atc\\\/#primaryimage\",\"url\":\"https:\\\/\\\/moldearte.com\\\/wp-content\\\/uploads\\\/2025\\\/05\\\/logo-Moldearte-300x102.png\",\"contentUrl\":\"https:\\\/\\\/moldearte.com\\\/wp-content\\\/uploads\\\/2025\\\/05\\\/logo-Moldearte-300x102.png\"},{\"@type\":\"BreadcrumbList\",\"@id\":\"https:\\\/\\\/moldearte.com\\\/gracias-compra-atc\\\/#breadcrumb\",\"itemListElement\":[{\"@type\":\"ListItem\",\"position\":1,\"name\":\"Portada\",\"item\":\"https:\\\/\\\/moldearte.com\\\/\"},{\"@type\":\"ListItem\",\"position\":2,\"name\":\"Gracias por su compra con enlace personalizado\"}]},{\"@type\":\"WebSite\",\"@id\":\"https:\\\/\\\/moldearte.com\\\/#website\",\"url\":\"https:\\\/\\\/moldearte.com\\\/\",\"name\":\"MoldeArte | L\u00edderes en Medicina Est\u00e9tica en Tijuana y Rosarito\",\"description\":\"Rejuvenecimiento Facial y corporal sin cirug\u00eda\",\"publisher\":{\"@id\":\"https:\\\/\\\/moldearte.com\\\/#organization\"},\"potentialAction\":[{\"@type\":\"SearchAction\",\"target\":{\"@type\":\"EntryPoint\",\"urlTemplate\":\"https:\\\/\\\/moldearte.com\\\/?s={search_term_string}\"},\"query-input\":{\"@type\":\"PropertyValueSpecification\",\"valueRequired\":true,\"valueName\":\"search_term_string\"}}],\"inLanguage\":\"en-US\"},{\"@type\":\"Organization\",\"@id\":\"https:\\\/\\\/moldearte.com\\\/#organization\",\"name\":\"MoldeArte | L\u00edderes en Medicina Est\u00e9tica en Tijuana y Rosarito\",\"url\":\"https:\\\/\\\/moldearte.com\\\/\",\"logo\":{\"@type\":\"ImageObject\",\"inLanguage\":\"en-US\",\"@id\":\"https:\\\/\\\/moldearte.com\\\/#\\\/schema\\\/logo\\\/image\\\/\",\"url\":\"https:\\\/\\\/moldearte.com\\\/wp-content\\\/uploads\\\/2023\\\/01\\\/cropped-cropped-rejuvenecimiento-facial-sin-cirugia-tijuana.png\",\"contentUrl\":\"https:\\\/\\\/moldearte.com\\\/wp-content\\\/uploads\\\/2023\\\/01\\\/cropped-cropped-rejuvenecimiento-facial-sin-cirugia-tijuana.png\",\"width\":3255,\"height\":1059,\"caption\":\"MoldeArte | L\u00edderes en Medicina Est\u00e9tica en Tijuana y Rosarito\"},\"image\":{\"@id\":\"https:\\\/\\\/moldearte.com\\\/#\\\/schema\\\/logo\\\/image\\\/\"}}]}<\/script>\n<!-- \/ Yoast SEO Premium plugin. -->","yoast_head_json":{"title":"Gracias por su compra con enlace personalizado - MoldeArte | L\u00edderes en Medicina Est\u00e9tica en Tijuana y Rosarito","robots":{"index":"index","follow":"follow","max-snippet":"max-snippet:-1","max-image-preview":"max-image-preview:large","max-video-preview":"max-video-preview:-1"},"canonical":"https:\/\/moldearte.com\/en\/gracias-compra-atc\/","og_locale":"en_US","og_type":"article","og_title":"Gracias por su compra con enlace personalizado","og_description":"\u00a1Much\u00edsimas gracias por tu compra \u2728! Te platicamos como es el proceso a partir de este momento: 1. Recepci\u00f3n del pago\u00a0y validaci\u00f3n del mismo 2. Env\u00edo de su comprobante de pago por la red social que nos contact\u00f3 3. Agendamos tu cita, por la red social que nos contact\u00f3 Acude a tu cita 10 minutos antes, sin ni\u00f1os o acompa\u00f1antes (si requieres asistencia por temas de movilidad, favor de indicarlo antes de agendar tu cita) y est\u00e1s listo para disfrutar de la #ExperienciaMoldeArte Estamos aqu\u00ed para ayudarte, con gusto podemos agendar su cita o resolverle cualquier duda al WhatsApp al 664 435 4627 o 664 576 8665 \u2728\ud83d\udc99","og_url":"https:\/\/moldearte.com\/en\/gracias-compra-atc\/","og_site_name":"MoldeArte | L\u00edderes en Medicina Est\u00e9tica en Tijuana y Rosarito","article_modified_time":"2025-05-21T13:12:54+00:00","og_image":[{"width":612,"height":209,"url":"https:\/\/moldearte.com\/wp-content\/uploads\/2025\/05\/logo-Moldearte.png","type":"image\/png"}],"twitter_card":"summary_large_image","twitter_misc":{"Est. reading time":"1 minute"},"schema":{"@context":"https:\/\/schema.org","@graph":[{"@type":"WebPage","@id":"https:\/\/moldearte.com\/gracias-compra-atc\/","url":"https:\/\/moldearte.com\/gracias-compra-atc\/","name":"Gracias por su compra con enlace personalizado - MoldeArte | L\u00edderes en Medicina Est\u00e9tica en Tijuana y Rosarito","isPartOf":{"@id":"https:\/\/moldearte.com\/#website"},"primaryImageOfPage":{"@id":"https:\/\/moldearte.com\/gracias-compra-atc\/#primaryimage"},"image":{"@id":"https:\/\/moldearte.com\/gracias-compra-atc\/#primaryimage"},"thumbnailUrl":"https:\/\/moldearte.com\/wp-content\/uploads\/2025\/05\/logo-Moldearte-300x102.png","datePublished":"2023-10-04T00:23:33+00:00","dateModified":"2025-05-21T13:12:54+00:00","breadcrumb":{"@id":"https:\/\/moldearte.com\/gracias-compra-atc\/#breadcrumb"},"inLanguage":"en-US","potentialAction":[{"@type":"ReadAction","target":["https:\/\/moldearte.com\/gracias-compra-atc\/"]}]},{"@type":"ImageObject","inLanguage":"en-US","@id":"https:\/\/moldearte.com\/gracias-compra-atc\/#primaryimage","url":"https:\/\/moldearte.com\/wp-content\/uploads\/2025\/05\/logo-Moldearte-300x102.png","contentUrl":"https:\/\/moldearte.com\/wp-content\/uploads\/2025\/05\/logo-Moldearte-300x102.png"},{"@type":"BreadcrumbList","@id":"https:\/\/moldearte.com\/gracias-compra-atc\/#breadcrumb","itemListElement":[{"@type":"ListItem","position":1,"name":"Portada","item":"https:\/\/moldearte.com\/"},{"@type":"ListItem","position":2,"name":"Gracias por su compra con enlace personalizado"}]},{"@type":"WebSite","@id":"https:\/\/moldearte.com\/#website","url":"https:\/\/moldearte.com\/","name":"MoldeArte | L\u00edderes en Medicina Est\u00e9tica en Tijuana y Rosarito","description":"Rejuvenecimiento Facial y corporal sin cirug\u00eda","publisher":{"@id":"https:\/\/moldearte.com\/#organization"},"potentialAction":[{"@type":"SearchAction","target":{"@type":"EntryPoint","urlTemplate":"https:\/\/moldearte.com\/?s={search_term_string}"},"query-input":{"@type":"PropertyValueSpecification","valueRequired":true,"valueName":"search_term_string"}}],"inLanguage":"en-US"},{"@type":"Organization","@id":"https:\/\/moldearte.com\/#organization","name":"MoldeArte | L\u00edderes en Medicina Est\u00e9tica en Tijuana y Rosarito","url":"https:\/\/moldearte.com\/","logo":{"@type":"ImageObject","inLanguage":"en-US","@id":"https:\/\/moldearte.com\/#\/schema\/logo\/image\/","url":"https:\/\/moldearte.com\/wp-content\/uploads\/2023\/01\/cropped-cropped-rejuvenecimiento-facial-sin-cirugia-tijuana.png","contentUrl":"https:\/\/moldearte.com\/wp-content\/uploads\/2023\/01\/cropped-cropped-rejuvenecimiento-facial-sin-cirugia-tijuana.png","width":3255,"height":1059,"caption":"MoldeArte | L\u00edderes en Medicina Est\u00e9tica en Tijuana y Rosarito"},"image":{"@id":"https:\/\/moldearte.com\/#\/schema\/logo\/image\/"}}]}},"_links":{"self":[{"href":"https:\/\/moldearte.com\/en\/wp-json\/wp\/v2\/pages\/3157","targetHints":{"allow":["GET"]}}],"collection":[{"href":"https:\/\/moldearte.com\/en\/wp-json\/wp\/v2\/pages"}],"about":[{"href":"https:\/\/moldearte.com\/en\/wp-json\/wp\/v2\/types\/page"}],"author":[{"embeddable":true,"href":"https:\/\/moldearte.com\/en\/wp-json\/wp\/v2\/users\/1"}],"replies":[{"embeddable":true,"href":"https:\/\/moldearte.com\/en\/wp-json\/wp\/v2\/comments?post=3157"}],"version-history":[{"count":0,"href":"https:\/\/moldearte.com\/en\/wp-json\/wp\/v2\/pages\/3157\/revisions"}],"wp:attachment":[{"href":"https:\/\/moldearte.com\/en\/wp-json\/wp\/v2\/media?parent=3157"}],"curies":[{"name":"wp","href":"https:\/\/api.w.org\/{rel}","templated":true}]}}